{"id":985,"date":"2018-06-07T14:14:46","date_gmt":"2018-06-07T13:14:46","guid":{"rendered":"https:\/\/divertarte.com\/index.php\/produto\/citrino\/"},"modified":"2025-11-06T13:47:26","modified_gmt":"2025-11-06T13:47:26","slug":"citrino","status":"publish","type":"product","link":"https:\/\/divertarte.com\/index.php\/produto\/citrino\/","title":{"rendered":"CITRINO"},"content":{"rendered":"<p>Pedra semi preciosa &#8211; pendente para fio &#8211; signo BALAN\u00c7A<br \/>\n23\/09  A  22\/10<br \/>\nA energia positiva &#8211; pedra n\u00e3o precisa de limpeza. Dissipa energia negativa. Calor, alegria, optimismo. \u00c9 tamb\u00e9m chamada de &#8220;Cuddle quartzo&#8221; \u00e9 bom para os rins, c\u00f3lon, f\u00edgado, ves\u00edcula, \u00f3rg\u00e3os digestivos, cora\u00e7\u00e3o, a regenera\u00e7\u00e3o dos tecidos.<br \/>\nImpede tend\u00eancias auto-destrutiva, auxiliando no aumento da sua auto-estima, introduzindo-lhe a si mesmo e, geralmente, \u00e9 bom para o ego, levando alegria, descontrac\u00e7\u00e3o, luz, esperan\u00e7a, calor e energia. Al\u00e9m disso, como se isso n\u00e3o fosse suficiente, atrai a abund\u00e2ncia.<\/p>\n","protected":false},"excerpt":{"rendered":"<p>Pedra semi preciosa &#8211; pendente para fio &#8211; signo BALAN\u00c7A<br \/>\n23\/09  A  22\/10<br \/>\nA energia positiva &#8211; pedra n\u00e3o precisa de limpeza. Dissipa energia negativa. Calor, alegria, optimismo. \u00c9 tamb\u00e9m chamada de &#8220;Cuddle quartzo&#8221; \u00e9 bom para os rins, c\u00f3lon, f\u00edgado, ves\u00edcula, \u00f3rg\u00e3os digestivos, cora\u00e7\u00e3o, a regenera\u00e7\u00e3o dos tecidos.<br \/>\nImpede tend\u00eancias auto-destrutiva, auxiliando no aumento da sua auto-estima, introduzindo-lhe a si mesmo e, geralmente, \u00e9 bom para o ego, levando alegria, descontrac\u00e7\u00e3o, luz, esperan\u00e7a, calor e energia. Al\u00e9m disso, como se isso n\u00e3o fosse suficiente, atrai a abund\u00e2ncia.<\/p>\n","protected":false},"featured_media":5046,"comment_status":"closed","ping_status":"open","template":"","meta":{"_exactmetrics_skip_tracking":false,"_exactmetrics_sitenote_active":false,"_exactmetrics_sitenote_note":"","_exactmetrics_sitenote_category":0},"product_brand":[],"product_cat":[15],"product_tag":[],"class_list":{"0":"post-985","1":"product","2":"type-product","3":"status-publish","4":"has-post-thumbnail","6":"product_cat-ver-todos-os-produtos","8":"first","9":"instock","10":"taxable","11":"shipping-taxable","12":"purchasable","13":"product-type-simple"},"yoast_head":"<!-- This site is optimized with the Yoast SEO plugin v27.4 - https:\/\/yoast.com\/product\/yoast-seo-wordpress\/ -->\n<title>CITRINO -<\/title>\n<meta name=\"robots\" content=\"index, follow, max-snippet:-1, max-image-preview:large, max-video-preview:-1\" \/>\n<link rel=\"canonical\" href=\"https:\/\/divertarte.com\/index.php\/produto\/citrino\/\" \/>\n<meta property=\"og:locale\" content=\"pt_PT\" \/>\n<meta property=\"og:type\" content=\"article\" \/>\n<meta property=\"og:title\" content=\"CITRINO -\" \/>\n<meta property=\"og:description\" content=\"Pedra semi preciosa - pendente para fio - signo BALAN\u00c7A 23\/09 A 22\/10 A energia positiva - pedra n\u00e3o precisa de limpeza. Dissipa energia negativa. Calor, alegria, optimismo. \u00c9 tamb\u00e9m chamada de &quot;Cuddle quartzo&quot; \u00e9 bom para os rins, c\u00f3lon, f\u00edgado, ves\u00edcula, \u00f3rg\u00e3os digestivos, cora\u00e7\u00e3o, a regenera\u00e7\u00e3o dos tecidos. Impede tend\u00eancias auto-destrutiva, auxiliando no aumento da sua auto-estima, introduzindo-lhe a si mesmo e, geralmente, \u00e9 bom para o ego, levando alegria, descontrac\u00e7\u00e3o, luz, esperan\u00e7a, calor e energia. Al\u00e9m disso, como se isso n\u00e3o fosse suficiente, atrai a abund\u00e2ncia.\" \/>\n<meta property=\"og:url\" content=\"https:\/\/divertarte.com\/index.php\/produto\/citrino\/\" \/>\n<meta property=\"article:modified_time\" content=\"2025-11-06T13:47:26+00:00\" \/>\n<meta property=\"og:image\" content=\"https:\/\/divertarte.com\/wp-content\/uploads\/2018\/05\/citrino_balanca.jpg\" \/>\n\t<meta property=\"og:image:width\" content=\"558\" \/>\n\t<meta property=\"og:image:height\" content=\"558\" \/>\n\t<meta property=\"og:image:type\" content=\"image\/jpeg\" \/>\n<meta name=\"twitter:card\" content=\"summary_large_image\" \/>\n<script type=\"application\/ld+json\" class=\"yoast-schema-graph\">{\"@context\":\"https:\\\/\\\/schema.org\",\"@graph\":[{\"@type\":\"WebPage\",\"@id\":\"https:\\\/\\\/divertarte.com\\\/index.php\\\/produto\\\/citrino\\\/\",\"url\":\"https:\\\/\\\/divertarte.com\\\/index.php\\\/produto\\\/citrino\\\/\",\"name\":\"CITRINO -\",\"isPartOf\":{\"@id\":\"https:\\\/\\\/divertarte.com\\\/#website\"},\"primaryImageOfPage\":{\"@id\":\"https:\\\/\\\/divertarte.com\\\/index.php\\\/produto\\\/citrino\\\/#primaryimage\"},\"image\":{\"@id\":\"https:\\\/\\\/divertarte.com\\\/index.php\\\/produto\\\/citrino\\\/#primaryimage\"},\"thumbnailUrl\":\"https:\\\/\\\/divertarte.com\\\/wp-content\\\/uploads\\\/2018\\\/05\\\/citrino_balanca.jpg\",\"datePublished\":\"2018-06-07T13:14:46+00:00\",\"dateModified\":\"2025-11-06T13:47:26+00:00\",\"breadcrumb\":{\"@id\":\"https:\\\/\\\/divertarte.com\\\/index.php\\\/produto\\\/citrino\\\/#breadcrumb\"},\"inLanguage\":\"pt-PT\",\"potentialAction\":[{\"@type\":\"ReadAction\",\"target\":[\"https:\\\/\\\/divertarte.com\\\/index.php\\\/produto\\\/citrino\\\/\"]}]},{\"@type\":\"ImageObject\",\"inLanguage\":\"pt-PT\",\"@id\":\"https:\\\/\\\/divertarte.com\\\/index.php\\\/produto\\\/citrino\\\/#primaryimage\",\"url\":\"https:\\\/\\\/divertarte.com\\\/wp-content\\\/uploads\\\/2018\\\/05\\\/citrino_balanca.jpg\",\"contentUrl\":\"https:\\\/\\\/divertarte.com\\\/wp-content\\\/uploads\\\/2018\\\/05\\\/citrino_balanca.jpg\",\"width\":558,\"height\":558},{\"@type\":\"BreadcrumbList\",\"@id\":\"https:\\\/\\\/divertarte.com\\\/index.php\\\/produto\\\/citrino\\\/#breadcrumb\",\"itemListElement\":[{\"@type\":\"ListItem\",\"position\":1,\"name\":\"In\u00edcio\",\"item\":\"https:\\\/\\\/divertarte.com\\\/\"},{\"@type\":\"ListItem\",\"position\":2,\"name\":\"Loja\",\"item\":\"https:\\\/\\\/divertarte.com\\\/index.php\\\/divertarte-produtos\\\/\"},{\"@type\":\"ListItem\",\"position\":3,\"name\":\"CITRINO\"}]},{\"@type\":\"WebSite\",\"@id\":\"https:\\\/\\\/divertarte.com\\\/#website\",\"url\":\"https:\\\/\\\/divertarte.com\\\/\",\"name\":\"Divertarte\",\"description\":\"\",\"publisher\":{\"@id\":\"https:\\\/\\\/divertarte.com\\\/#organization\"},\"potentialAction\":[{\"@type\":\"SearchAction\",\"target\":{\"@type\":\"EntryPoint\",\"urlTemplate\":\"https:\\\/\\\/divertarte.com\\\/?s={search_term_string}\"},\"query-input\":{\"@type\":\"PropertyValueSpecification\",\"valueRequired\":true,\"valueName\":\"search_term_string\"}}],\"inLanguage\":\"pt-PT\"},{\"@type\":\"Organization\",\"@id\":\"https:\\\/\\\/divertarte.com\\\/#organization\",\"name\":\"Divertarte\",\"url\":\"https:\\\/\\\/divertarte.com\\\/\",\"logo\":{\"@type\":\"ImageObject\",\"inLanguage\":\"pt-PT\",\"@id\":\"https:\\\/\\\/divertarte.com\\\/#\\\/schema\\\/logo\\\/image\\\/\",\"url\":\"https:\\\/\\\/divertarte.com\\\/wp-content\\\/uploads\\\/2018\\\/07\\\/logo-div.jpg\",\"contentUrl\":\"https:\\\/\\\/divertarte.com\\\/wp-content\\\/uploads\\\/2018\\\/07\\\/logo-div.jpg\",\"width\":295,\"height\":123,\"caption\":\"Divertarte\"},\"image\":{\"@id\":\"https:\\\/\\\/divertarte.com\\\/#\\\/schema\\\/logo\\\/image\\\/\"}}]}<\/script>\n<!-- \/ Yoast SEO plugin. -->","yoast_head_json":{"title":"CITRINO -","robots":{"index":"index","follow":"follow","max-snippet":"max-snippet:-1","max-image-preview":"max-image-preview:large","max-video-preview":"max-video-preview:-1"},"canonical":"https:\/\/divertarte.com\/index.php\/produto\/citrino\/","og_locale":"pt_PT","og_type":"article","og_title":"CITRINO -","og_description":"Pedra semi preciosa - pendente para fio - signo BALAN\u00c7A 23\/09 A 22\/10 A energia positiva - pedra n\u00e3o precisa de limpeza. Dissipa energia negativa. Calor, alegria, optimismo. \u00c9 tamb\u00e9m chamada de \"Cuddle quartzo\" \u00e9 bom para os rins, c\u00f3lon, f\u00edgado, ves\u00edcula, \u00f3rg\u00e3os digestivos, cora\u00e7\u00e3o, a regenera\u00e7\u00e3o dos tecidos. Impede tend\u00eancias auto-destrutiva, auxiliando no aumento da sua auto-estima, introduzindo-lhe a si mesmo e, geralmente, \u00e9 bom para o ego, levando alegria, descontrac\u00e7\u00e3o, luz, esperan\u00e7a, calor e energia. Al\u00e9m disso, como se isso n\u00e3o fosse suficiente, atrai a abund\u00e2ncia.","og_url":"https:\/\/divertarte.com\/index.php\/produto\/citrino\/","article_modified_time":"2025-11-06T13:47:26+00:00","og_image":[{"width":558,"height":558,"url":"https:\/\/divertarte.com\/wp-content\/uploads\/2018\/05\/citrino_balanca.jpg","type":"image\/jpeg"}],"twitter_card":"summary_large_image","schema":{"@context":"https:\/\/schema.org","@graph":[{"@type":"WebPage","@id":"https:\/\/divertarte.com\/index.php\/produto\/citrino\/","url":"https:\/\/divertarte.com\/index.php\/produto\/citrino\/","name":"CITRINO -","isPartOf":{"@id":"https:\/\/divertarte.com\/#website"},"primaryImageOfPage":{"@id":"https:\/\/divertarte.com\/index.php\/produto\/citrino\/#primaryimage"},"image":{"@id":"https:\/\/divertarte.com\/index.php\/produto\/citrino\/#primaryimage"},"thumbnailUrl":"https:\/\/divertarte.com\/wp-content\/uploads\/2018\/05\/citrino_balanca.jpg","datePublished":"2018-06-07T13:14:46+00:00","dateModified":"2025-11-06T13:47:26+00:00","breadcrumb":{"@id":"https:\/\/divertarte.com\/index.php\/produto\/citrino\/#breadcrumb"},"inLanguage":"pt-PT","potentialAction":[{"@type":"ReadAction","target":["https:\/\/divertarte.com\/index.php\/produto\/citrino\/"]}]},{"@type":"ImageObject","inLanguage":"pt-PT","@id":"https:\/\/divertarte.com\/index.php\/produto\/citrino\/#primaryimage","url":"https:\/\/divertarte.com\/wp-content\/uploads\/2018\/05\/citrino_balanca.jpg","contentUrl":"https:\/\/divertarte.com\/wp-content\/uploads\/2018\/05\/citrino_balanca.jpg","width":558,"height":558},{"@type":"BreadcrumbList","@id":"https:\/\/divertarte.com\/index.php\/produto\/citrino\/#breadcrumb","itemListElement":[{"@type":"ListItem","position":1,"name":"In\u00edcio","item":"https:\/\/divertarte.com\/"},{"@type":"ListItem","position":2,"name":"Loja","item":"https:\/\/divertarte.com\/index.php\/divertarte-produtos\/"},{"@type":"ListItem","position":3,"name":"CITRINO"}]},{"@type":"WebSite","@id":"https:\/\/divertarte.com\/#website","url":"https:\/\/divertarte.com\/","name":"Divertarte","description":"","publisher":{"@id":"https:\/\/divertarte.com\/#organization"},"potentialAction":[{"@type":"SearchAction","target":{"@type":"EntryPoint","urlTemplate":"https:\/\/divertarte.com\/?s={search_term_string}"},"query-input":{"@type":"PropertyValueSpecification","valueRequired":true,"valueName":"search_term_string"}}],"inLanguage":"pt-PT"},{"@type":"Organization","@id":"https:\/\/divertarte.com\/#organization","name":"Divertarte","url":"https:\/\/divertarte.com\/","logo":{"@type":"ImageObject","inLanguage":"pt-PT","@id":"https:\/\/divertarte.com\/#\/schema\/logo\/image\/","url":"https:\/\/divertarte.com\/wp-content\/uploads\/2018\/07\/logo-div.jpg","contentUrl":"https:\/\/divertarte.com\/wp-content\/uploads\/2018\/07\/logo-div.jpg","width":295,"height":123,"caption":"Divertarte"},"image":{"@id":"https:\/\/divertarte.com\/#\/schema\/logo\/image\/"}}]}},"_links":{"self":[{"href":"https:\/\/divertarte.com\/index.php\/wp-json\/wp\/v2\/product\/985","targetHints":{"allow":["GET"]}}],"collection":[{"href":"https:\/\/divertarte.com\/index.php\/wp-json\/wp\/v2\/product"}],"about":[{"href":"https:\/\/divertarte.com\/index.php\/wp-json\/wp\/v2\/types\/product"}],"replies":[{"embeddable":true,"href":"https:\/\/divertarte.com\/index.php\/wp-json\/wp\/v2\/comments?post=985"}],"wp:featuredmedia":[{"embeddable":true,"href":"https:\/\/divertarte.com\/index.php\/wp-json\/wp\/v2\/media\/5046"}],"wp:attachment":[{"href":"https:\/\/divertarte.com\/index.php\/wp-json\/wp\/v2\/media?parent=985"}],"wp:term":[{"taxonomy":"product_brand","embeddable":true,"href":"https:\/\/divertarte.com\/index.php\/wp-json\/wp\/v2\/product_brand?post=985"},{"taxonomy":"product_cat","embeddable":true,"href":"https:\/\/divertarte.com\/index.php\/wp-json\/wp\/v2\/product_cat?post=985"},{"taxonomy":"product_tag","embeddable":true,"href":"https:\/\/divertarte.com\/index.php\/wp-json\/wp\/v2\/product_tag?post=985"}],"curies":[{"name":"wp","href":"https:\/\/api.w.org\/{rel}","templated":true}]}}