{"id":983,"date":"2018-06-07T14:14:46","date_gmt":"2018-06-07T13:14:46","guid":{"rendered":"https:\/\/divertarte.com\/index.php\/produto\/cristal-de-quartzo\/"},"modified":"2025-11-06T13:47:26","modified_gmt":"2025-11-06T13:47:26","slug":"cristal-de-quartzo","status":"publish","type":"product","link":"https:\/\/divertarte.com\/index.php\/produto\/cristal-de-quartzo\/","title":{"rendered":"CRISTAL DE QUARTZO"},"content":{"rendered":"<p>Pedra semi preciosa &#8211; pendente para fio &#8211; signo LE\u00c3O<br \/>\n22\/07  A  22\/08<br \/>\nQuartzo transparente (tamb\u00e9m conhecido como cristal de quartzo ou cristal de rocha) \u00e9 conhecido como o curandeiro mestre &#8220;e amplificar a energia e pensamento, bem como o efeito de outros cristais. Ela absorve, armazena e regula libera energia.  cristal de quartzo puxa a energia negativa de todos os tipos, neutralizando radia\u00e7\u00e3o de fundo, incluindo smog emana\u00e7\u00f5es eletromagn\u00e9ticas ou petroqu\u00edmica. Equilibra e revitaliza o f\u00edsico, os planos mental, emocional e espiritual. Limpa e melhora a \u00f3rg\u00e3os e corpos subtis e age como um limpador da alma profunda, que liga a dimens\u00e3o f\u00edsica com \u00c3\u00a0 mente.  cristal de quartzo aumenta a capacidade ps\u00edquica. Ela ajuda a concentra\u00e7\u00e3o e libera mem\u00f3ria. Estimula o sistema imunol\u00f3gico e traz o corpo em equil\u00edbrio.  cristal de quartzo harmoniza todos os chacras<\/p>\n","protected":false},"excerpt":{"rendered":"<p>Pedra semi preciosa &#8211; pendente para fio &#8211; signo LE\u00c3O<br \/>\n22\/07  A  22\/08<br \/>\nQuartzo transparente (tamb\u00e9m conhecido como cristal de quartzo ou cristal de rocha) \u00e9 conhecido como o curandeiro mestre &#8220;e amplificar a energia e pensamento, bem como o efeito de outros cristais. Ela absorve, armazena e regula libera energia.  cristal de quartzo puxa a energia negativa de todos os tipos, neutralizando radia\u00e7\u00e3o de fundo, incluindo smog emana\u00e7\u00f5es eletromagn\u00e9ticas ou petroqu\u00edmica. Equilibra e revitaliza o f\u00edsico, os planos mental, emocional e espiritual. Limpa e melhora a \u00f3rg\u00e3os e corpos subtis e age como um limpador da alma profunda, que liga a dimens\u00e3o f\u00edsica com \u00c3\u00a0 mente.  cristal de quartzo aumenta a capacidade ps\u00edquica. Ela ajuda a concentra\u00e7\u00e3o e libera mem\u00f3ria. Estimula o sistema imunol\u00f3gico e traz o corpo em equil\u00edbrio.  cristal de quartzo harmoniza todos os chacras<\/p>\n","protected":false},"featured_media":5044,"comment_status":"closed","ping_status":"open","template":"","meta":{"_exactmetrics_skip_tracking":false,"_exactmetrics_sitenote_active":false,"_exactmetrics_sitenote_note":"","_exactmetrics_sitenote_category":0},"product_brand":[],"product_cat":[15],"product_tag":[],"class_list":{"0":"post-983","1":"product","2":"type-product","3":"status-publish","4":"has-post-thumbnail","6":"product_cat-ver-todos-os-produtos","8":"first","9":"instock","10":"taxable","11":"shipping-taxable","12":"purchasable","13":"product-type-simple"},"yoast_head":"<!-- This site is optimized with the Yoast SEO plugin v27.4 - https:\/\/yoast.com\/product\/yoast-seo-wordpress\/ -->\n<title>CRISTAL DE QUARTZO -<\/title>\n<meta name=\"robots\" content=\"index, follow, max-snippet:-1, max-image-preview:large, max-video-preview:-1\" \/>\n<link rel=\"canonical\" href=\"https:\/\/divertarte.com\/index.php\/produto\/cristal-de-quartzo\/\" \/>\n<meta property=\"og:locale\" content=\"pt_PT\" \/>\n<meta property=\"og:type\" content=\"article\" \/>\n<meta property=\"og:title\" content=\"CRISTAL DE QUARTZO -\" \/>\n<meta property=\"og:description\" content=\"Pedra semi preciosa - pendente para fio - signo LE\u00c3O 22\/07 A 22\/08 Quartzo transparente (tamb\u00e9m conhecido como cristal de quartzo ou cristal de rocha) \u00e9 conhecido como o curandeiro mestre &quot;e amplificar a energia e pensamento, bem como o efeito de outros cristais. Ela absorve, armazena e regula libera energia. cristal de quartzo puxa a energia negativa de todos os tipos, neutralizando radia\u00e7\u00e3o de fundo, incluindo smog emana\u00e7\u00f5es eletromagn\u00e9ticas ou petroqu\u00edmica. Equilibra e revitaliza o f\u00edsico, os planos mental, emocional e espiritual. Limpa e melhora a \u00f3rg\u00e3os e corpos subtis e age como um limpador da alma profunda, que liga a dimens\u00e3o f\u00edsica com \u00c3\u00a0 mente. cristal de quartzo aumenta a capacidade ps\u00edquica. Ela ajuda a concentra\u00e7\u00e3o e libera mem\u00f3ria. Estimula o sistema imunol\u00f3gico e traz o corpo em equil\u00edbrio. cristal de quartzo harmoniza todos os chacras\" \/>\n<meta property=\"og:url\" content=\"https:\/\/divertarte.com\/index.php\/produto\/cristal-de-quartzo\/\" \/>\n<meta property=\"article:modified_time\" content=\"2025-11-06T13:47:26+00:00\" \/>\n<meta property=\"og:image\" content=\"https:\/\/divertarte.com\/wp-content\/uploads\/2018\/05\/Cristal_quartzo_leao.jpg\" \/>\n\t<meta property=\"og:image:width\" content=\"558\" \/>\n\t<meta property=\"og:image:height\" content=\"558\" \/>\n\t<meta property=\"og:image:type\" content=\"image\/jpeg\" \/>\n<meta name=\"twitter:card\" content=\"summary_large_image\" \/>\n<meta name=\"twitter:label1\" content=\"Tempo estimado de leitura\" \/>\n\t<meta name=\"twitter:data1\" content=\"1 minuto\" \/>\n<script type=\"application\/ld+json\" class=\"yoast-schema-graph\">{\"@context\":\"https:\\\/\\\/schema.org\",\"@graph\":[{\"@type\":\"WebPage\",\"@id\":\"https:\\\/\\\/divertarte.com\\\/index.php\\\/produto\\\/cristal-de-quartzo\\\/\",\"url\":\"https:\\\/\\\/divertarte.com\\\/index.php\\\/produto\\\/cristal-de-quartzo\\\/\",\"name\":\"CRISTAL DE QUARTZO -\",\"isPartOf\":{\"@id\":\"https:\\\/\\\/divertarte.com\\\/#website\"},\"primaryImageOfPage\":{\"@id\":\"https:\\\/\\\/divertarte.com\\\/index.php\\\/produto\\\/cristal-de-quartzo\\\/#primaryimage\"},\"image\":{\"@id\":\"https:\\\/\\\/divertarte.com\\\/index.php\\\/produto\\\/cristal-de-quartzo\\\/#primaryimage\"},\"thumbnailUrl\":\"https:\\\/\\\/divertarte.com\\\/wp-content\\\/uploads\\\/2018\\\/05\\\/Cristal_quartzo_leao.jpg\",\"datePublished\":\"2018-06-07T13:14:46+00:00\",\"dateModified\":\"2025-11-06T13:47:26+00:00\",\"breadcrumb\":{\"@id\":\"https:\\\/\\\/divertarte.com\\\/index.php\\\/produto\\\/cristal-de-quartzo\\\/#breadcrumb\"},\"inLanguage\":\"pt-PT\",\"potentialAction\":[{\"@type\":\"ReadAction\",\"target\":[\"https:\\\/\\\/divertarte.com\\\/index.php\\\/produto\\\/cristal-de-quartzo\\\/\"]}]},{\"@type\":\"ImageObject\",\"inLanguage\":\"pt-PT\",\"@id\":\"https:\\\/\\\/divertarte.com\\\/index.php\\\/produto\\\/cristal-de-quartzo\\\/#primaryimage\",\"url\":\"https:\\\/\\\/divertarte.com\\\/wp-content\\\/uploads\\\/2018\\\/05\\\/Cristal_quartzo_leao.jpg\",\"contentUrl\":\"https:\\\/\\\/divertarte.com\\\/wp-content\\\/uploads\\\/2018\\\/05\\\/Cristal_quartzo_leao.jpg\",\"width\":558,\"height\":558},{\"@type\":\"BreadcrumbList\",\"@id\":\"https:\\\/\\\/divertarte.com\\\/index.php\\\/produto\\\/cristal-de-quartzo\\\/#breadcrumb\",\"itemListElement\":[{\"@type\":\"ListItem\",\"position\":1,\"name\":\"In\u00edcio\",\"item\":\"https:\\\/\\\/divertarte.com\\\/\"},{\"@type\":\"ListItem\",\"position\":2,\"name\":\"Loja\",\"item\":\"https:\\\/\\\/divertarte.com\\\/index.php\\\/divertarte-produtos\\\/\"},{\"@type\":\"ListItem\",\"position\":3,\"name\":\"CRISTAL DE QUARTZO\"}]},{\"@type\":\"WebSite\",\"@id\":\"https:\\\/\\\/divertarte.com\\\/#website\",\"url\":\"https:\\\/\\\/divertarte.com\\\/\",\"name\":\"Divertarte\",\"description\":\"\",\"publisher\":{\"@id\":\"https:\\\/\\\/divertarte.com\\\/#organization\"},\"potentialAction\":[{\"@type\":\"SearchAction\",\"target\":{\"@type\":\"EntryPoint\",\"urlTemplate\":\"https:\\\/\\\/divertarte.com\\\/?s={search_term_string}\"},\"query-input\":{\"@type\":\"PropertyValueSpecification\",\"valueRequired\":true,\"valueName\":\"search_term_string\"}}],\"inLanguage\":\"pt-PT\"},{\"@type\":\"Organization\",\"@id\":\"https:\\\/\\\/divertarte.com\\\/#organization\",\"name\":\"Divertarte\",\"url\":\"https:\\\/\\\/divertarte.com\\\/\",\"logo\":{\"@type\":\"ImageObject\",\"inLanguage\":\"pt-PT\",\"@id\":\"https:\\\/\\\/divertarte.com\\\/#\\\/schema\\\/logo\\\/image\\\/\",\"url\":\"https:\\\/\\\/divertarte.com\\\/wp-content\\\/uploads\\\/2018\\\/07\\\/logo-div.jpg\",\"contentUrl\":\"https:\\\/\\\/divertarte.com\\\/wp-content\\\/uploads\\\/2018\\\/07\\\/logo-div.jpg\",\"width\":295,\"height\":123,\"caption\":\"Divertarte\"},\"image\":{\"@id\":\"https:\\\/\\\/divertarte.com\\\/#\\\/schema\\\/logo\\\/image\\\/\"}}]}<\/script>\n<!-- \/ Yoast SEO plugin. -->","yoast_head_json":{"title":"CRISTAL DE QUARTZO -","robots":{"index":"index","follow":"follow","max-snippet":"max-snippet:-1","max-image-preview":"max-image-preview:large","max-video-preview":"max-video-preview:-1"},"canonical":"https:\/\/divertarte.com\/index.php\/produto\/cristal-de-quartzo\/","og_locale":"pt_PT","og_type":"article","og_title":"CRISTAL DE QUARTZO -","og_description":"Pedra semi preciosa - pendente para fio - signo LE\u00c3O 22\/07 A 22\/08 Quartzo transparente (tamb\u00e9m conhecido como cristal de quartzo ou cristal de rocha) \u00e9 conhecido como o curandeiro mestre \"e amplificar a energia e pensamento, bem como o efeito de outros cristais. Ela absorve, armazena e regula libera energia. cristal de quartzo puxa a energia negativa de todos os tipos, neutralizando radia\u00e7\u00e3o de fundo, incluindo smog emana\u00e7\u00f5es eletromagn\u00e9ticas ou petroqu\u00edmica. Equilibra e revitaliza o f\u00edsico, os planos mental, emocional e espiritual. Limpa e melhora a \u00f3rg\u00e3os e corpos subtis e age como um limpador da alma profunda, que liga a dimens\u00e3o f\u00edsica com \u00c3\u00a0 mente. cristal de quartzo aumenta a capacidade ps\u00edquica. Ela ajuda a concentra\u00e7\u00e3o e libera mem\u00f3ria. Estimula o sistema imunol\u00f3gico e traz o corpo em equil\u00edbrio. cristal de quartzo harmoniza todos os chacras","og_url":"https:\/\/divertarte.com\/index.php\/produto\/cristal-de-quartzo\/","article_modified_time":"2025-11-06T13:47:26+00:00","og_image":[{"width":558,"height":558,"url":"https:\/\/divertarte.com\/wp-content\/uploads\/2018\/05\/Cristal_quartzo_leao.jpg","type":"image\/jpeg"}],"twitter_card":"summary_large_image","twitter_misc":{"Tempo estimado de leitura":"1 minuto"},"schema":{"@context":"https:\/\/schema.org","@graph":[{"@type":"WebPage","@id":"https:\/\/divertarte.com\/index.php\/produto\/cristal-de-quartzo\/","url":"https:\/\/divertarte.com\/index.php\/produto\/cristal-de-quartzo\/","name":"CRISTAL DE QUARTZO -","isPartOf":{"@id":"https:\/\/divertarte.com\/#website"},"primaryImageOfPage":{"@id":"https:\/\/divertarte.com\/index.php\/produto\/cristal-de-quartzo\/#primaryimage"},"image":{"@id":"https:\/\/divertarte.com\/index.php\/produto\/cristal-de-quartzo\/#primaryimage"},"thumbnailUrl":"https:\/\/divertarte.com\/wp-content\/uploads\/2018\/05\/Cristal_quartzo_leao.jpg","datePublished":"2018-06-07T13:14:46+00:00","dateModified":"2025-11-06T13:47:26+00:00","breadcrumb":{"@id":"https:\/\/divertarte.com\/index.php\/produto\/cristal-de-quartzo\/#breadcrumb"},"inLanguage":"pt-PT","potentialAction":[{"@type":"ReadAction","target":["https:\/\/divertarte.com\/index.php\/produto\/cristal-de-quartzo\/"]}]},{"@type":"ImageObject","inLanguage":"pt-PT","@id":"https:\/\/divertarte.com\/index.php\/produto\/cristal-de-quartzo\/#primaryimage","url":"https:\/\/divertarte.com\/wp-content\/uploads\/2018\/05\/Cristal_quartzo_leao.jpg","contentUrl":"https:\/\/divertarte.com\/wp-content\/uploads\/2018\/05\/Cristal_quartzo_leao.jpg","width":558,"height":558},{"@type":"BreadcrumbList","@id":"https:\/\/divertarte.com\/index.php\/produto\/cristal-de-quartzo\/#breadcrumb","itemListElement":[{"@type":"ListItem","position":1,"name":"In\u00edcio","item":"https:\/\/divertarte.com\/"},{"@type":"ListItem","position":2,"name":"Loja","item":"https:\/\/divertarte.com\/index.php\/divertarte-produtos\/"},{"@type":"ListItem","position":3,"name":"CRISTAL DE QUARTZO"}]},{"@type":"WebSite","@id":"https:\/\/divertarte.com\/#website","url":"https:\/\/divertarte.com\/","name":"Divertarte","description":"","publisher":{"@id":"https:\/\/divertarte.com\/#organization"},"potentialAction":[{"@type":"SearchAction","target":{"@type":"EntryPoint","urlTemplate":"https:\/\/divertarte.com\/?s={search_term_string}"},"query-input":{"@type":"PropertyValueSpecification","valueRequired":true,"valueName":"search_term_string"}}],"inLanguage":"pt-PT"},{"@type":"Organization","@id":"https:\/\/divertarte.com\/#organization","name":"Divertarte","url":"https:\/\/divertarte.com\/","logo":{"@type":"ImageObject","inLanguage":"pt-PT","@id":"https:\/\/divertarte.com\/#\/schema\/logo\/image\/","url":"https:\/\/divertarte.com\/wp-content\/uploads\/2018\/07\/logo-div.jpg","contentUrl":"https:\/\/divertarte.com\/wp-content\/uploads\/2018\/07\/logo-div.jpg","width":295,"height":123,"caption":"Divertarte"},"image":{"@id":"https:\/\/divertarte.com\/#\/schema\/logo\/image\/"}}]}},"_links":{"self":[{"href":"https:\/\/divertarte.com\/index.php\/wp-json\/wp\/v2\/product\/983","targetHints":{"allow":["GET"]}}],"collection":[{"href":"https:\/\/divertarte.com\/index.php\/wp-json\/wp\/v2\/product"}],"about":[{"href":"https:\/\/divertarte.com\/index.php\/wp-json\/wp\/v2\/types\/product"}],"replies":[{"embeddable":true,"href":"https:\/\/divertarte.com\/index.php\/wp-json\/wp\/v2\/comments?post=983"}],"wp:featuredmedia":[{"embeddable":true,"href":"https:\/\/divertarte.com\/index.php\/wp-json\/wp\/v2\/media\/5044"}],"wp:attachment":[{"href":"https:\/\/divertarte.com\/index.php\/wp-json\/wp\/v2\/media?parent=983"}],"wp:term":[{"taxonomy":"product_brand","embeddable":true,"href":"https:\/\/divertarte.com\/index.php\/wp-json\/wp\/v2\/product_brand?post=983"},{"taxonomy":"product_cat","embeddable":true,"href":"https:\/\/divertarte.com\/index.php\/wp-json\/wp\/v2\/product_cat?post=983"},{"taxonomy":"product_tag","embeddable":true,"href":"https:\/\/divertarte.com\/index.php\/wp-json\/wp\/v2\/product_tag?post=983"}],"curies":[{"name":"wp","href":"https:\/\/api.w.org\/{rel}","templated":true}]}}