{"id":980,"date":"2018-06-07T14:14:46","date_gmt":"2018-06-07T13:14:46","guid":{"rendered":"https:\/\/divertarte.com\/index.php\/produto\/quartzo-rosa\/"},"modified":"2025-11-06T13:47:26","modified_gmt":"2025-11-06T13:47:26","slug":"quartzo-rosa","status":"publish","type":"product","link":"https:\/\/divertarte.com\/index.php\/produto\/quartzo-rosa\/","title":{"rendered":"QUARTZO ROSA"},"content":{"rendered":"<p>Pedra semi preciosa &#8211; pendente para fio &#8211; signo TOURO<br \/>\n21\/04  A  20\/05<br \/>\nQuartzo Rosa: Quartzo Rosa \u00e9 a pedra do amor, acalmando o cora\u00e7\u00e3o em compaix\u00e3o e perd\u00e3o, liberando a raiva armazenada, culpa, medo, ressentimento e ci\u00fame e restaura\u00e7\u00e3o de desequil\u00edbrio emocional. Embora ela tamb\u00e9m facilita o desequil\u00edbrio sexual, ela aumenta a fertilidade. Quartzo rosa trabalhar forte na auto emocional leva a uma acentuada melhoria na fadiga muscular, pesco\u00e7o e dores nas costas e outros sintomas de stress emocional.<\/p>\n","protected":false},"excerpt":{"rendered":"<p>Pedra semi preciosa &#8211; pendente para fio &#8211; signo TOURO<br \/>\n21\/04  A  20\/05<br \/>\nQuartzo Rosa: Quartzo Rosa \u00e9 a pedra do amor, acalmando o cora\u00e7\u00e3o em compaix\u00e3o e perd\u00e3o, liberando a raiva armazenada, culpa, medo, ressentimento e ci\u00fame e restaura\u00e7\u00e3o de desequil\u00edbrio emocional. Embora ela tamb\u00e9m facilita o desequil\u00edbrio sexual, ela aumenta a fertilidade. Quartzo rosa trabalhar forte na auto emocional leva a uma acentuada melhoria na fadiga muscular, pesco\u00e7o e dores nas costas e outros sintomas de stress emocional.<\/p>\n","protected":false},"featured_media":6591,"comment_status":"closed","ping_status":"open","template":"","meta":{"_exactmetrics_skip_tracking":false,"_exactmetrics_sitenote_active":false,"_exactmetrics_sitenote_note":"","_exactmetrics_sitenote_category":0},"product_brand":[],"product_cat":[15],"product_tag":[],"class_list":{"0":"post-980","1":"product","2":"type-product","3":"status-publish","4":"has-post-thumbnail","6":"product_cat-ver-todos-os-produtos","8":"first","9":"instock","10":"taxable","11":"shipping-taxable","12":"purchasable","13":"product-type-simple"},"yoast_head":"<!-- This site is optimized with the Yoast SEO plugin v27.4 - https:\/\/yoast.com\/product\/yoast-seo-wordpress\/ -->\n<title>QUARTZO ROSA -<\/title>\n<meta name=\"robots\" content=\"index, follow, max-snippet:-1, max-image-preview:large, max-video-preview:-1\" \/>\n<link rel=\"canonical\" href=\"https:\/\/divertarte.com\/index.php\/produto\/quartzo-rosa\/\" \/>\n<meta property=\"og:locale\" content=\"pt_PT\" \/>\n<meta property=\"og:type\" content=\"article\" \/>\n<meta property=\"og:title\" content=\"QUARTZO ROSA -\" \/>\n<meta property=\"og:description\" content=\"Pedra semi preciosa - pendente para fio - signo TOURO 21\/04 A 20\/05 Quartzo Rosa: Quartzo Rosa \u00e9 a pedra do amor, acalmando o cora\u00e7\u00e3o em compaix\u00e3o e perd\u00e3o, liberando a raiva armazenada, culpa, medo, ressentimento e ci\u00fame e restaura\u00e7\u00e3o de desequil\u00edbrio emocional. Embora ela tamb\u00e9m facilita o desequil\u00edbrio sexual, ela aumenta a fertilidade. Quartzo rosa trabalhar forte na auto emocional leva a uma acentuada melhoria na fadiga muscular, pesco\u00e7o e dores nas costas e outros sintomas de stress emocional.\" \/>\n<meta property=\"og:url\" content=\"https:\/\/divertarte.com\/index.php\/produto\/quartzo-rosa\/\" \/>\n<meta property=\"article:modified_time\" content=\"2025-11-06T13:47:26+00:00\" \/>\n<meta property=\"og:image\" content=\"https:\/\/divertarte.com\/wp-content\/uploads\/2018\/05\/I.jpg\" \/>\n\t<meta property=\"og:image:width\" content=\"558\" \/>\n\t<meta property=\"og:image:height\" content=\"558\" \/>\n\t<meta property=\"og:image:type\" content=\"image\/jpeg\" \/>\n<meta name=\"twitter:card\" content=\"summary_large_image\" \/>\n<script type=\"application\/ld+json\" class=\"yoast-schema-graph\">{\"@context\":\"https:\\\/\\\/schema.org\",\"@graph\":[{\"@type\":\"WebPage\",\"@id\":\"https:\\\/\\\/divertarte.com\\\/index.php\\\/produto\\\/quartzo-rosa\\\/\",\"url\":\"https:\\\/\\\/divertarte.com\\\/index.php\\\/produto\\\/quartzo-rosa\\\/\",\"name\":\"QUARTZO ROSA -\",\"isPartOf\":{\"@id\":\"https:\\\/\\\/divertarte.com\\\/#website\"},\"primaryImageOfPage\":{\"@id\":\"https:\\\/\\\/divertarte.com\\\/index.php\\\/produto\\\/quartzo-rosa\\\/#primaryimage\"},\"image\":{\"@id\":\"https:\\\/\\\/divertarte.com\\\/index.php\\\/produto\\\/quartzo-rosa\\\/#primaryimage\"},\"thumbnailUrl\":\"https:\\\/\\\/divertarte.com\\\/wp-content\\\/uploads\\\/2018\\\/05\\\/I.jpg\",\"datePublished\":\"2018-06-07T13:14:46+00:00\",\"dateModified\":\"2025-11-06T13:47:26+00:00\",\"breadcrumb\":{\"@id\":\"https:\\\/\\\/divertarte.com\\\/index.php\\\/produto\\\/quartzo-rosa\\\/#breadcrumb\"},\"inLanguage\":\"pt-PT\",\"potentialAction\":[{\"@type\":\"ReadAction\",\"target\":[\"https:\\\/\\\/divertarte.com\\\/index.php\\\/produto\\\/quartzo-rosa\\\/\"]}]},{\"@type\":\"ImageObject\",\"inLanguage\":\"pt-PT\",\"@id\":\"https:\\\/\\\/divertarte.com\\\/index.php\\\/produto\\\/quartzo-rosa\\\/#primaryimage\",\"url\":\"https:\\\/\\\/divertarte.com\\\/wp-content\\\/uploads\\\/2018\\\/05\\\/I.jpg\",\"contentUrl\":\"https:\\\/\\\/divertarte.com\\\/wp-content\\\/uploads\\\/2018\\\/05\\\/I.jpg\",\"width\":558,\"height\":558},{\"@type\":\"BreadcrumbList\",\"@id\":\"https:\\\/\\\/divertarte.com\\\/index.php\\\/produto\\\/quartzo-rosa\\\/#breadcrumb\",\"itemListElement\":[{\"@type\":\"ListItem\",\"position\":1,\"name\":\"In\u00edcio\",\"item\":\"https:\\\/\\\/divertarte.com\\\/\"},{\"@type\":\"ListItem\",\"position\":2,\"name\":\"Loja\",\"item\":\"https:\\\/\\\/divertarte.com\\\/index.php\\\/divertarte-produtos\\\/\"},{\"@type\":\"ListItem\",\"position\":3,\"name\":\"QUARTZO ROSA\"}]},{\"@type\":\"WebSite\",\"@id\":\"https:\\\/\\\/divertarte.com\\\/#website\",\"url\":\"https:\\\/\\\/divertarte.com\\\/\",\"name\":\"Divertarte\",\"description\":\"\",\"publisher\":{\"@id\":\"https:\\\/\\\/divertarte.com\\\/#organization\"},\"potentialAction\":[{\"@type\":\"SearchAction\",\"target\":{\"@type\":\"EntryPoint\",\"urlTemplate\":\"https:\\\/\\\/divertarte.com\\\/?s={search_term_string}\"},\"query-input\":{\"@type\":\"PropertyValueSpecification\",\"valueRequired\":true,\"valueName\":\"search_term_string\"}}],\"inLanguage\":\"pt-PT\"},{\"@type\":\"Organization\",\"@id\":\"https:\\\/\\\/divertarte.com\\\/#organization\",\"name\":\"Divertarte\",\"url\":\"https:\\\/\\\/divertarte.com\\\/\",\"logo\":{\"@type\":\"ImageObject\",\"inLanguage\":\"pt-PT\",\"@id\":\"https:\\\/\\\/divertarte.com\\\/#\\\/schema\\\/logo\\\/image\\\/\",\"url\":\"https:\\\/\\\/divertarte.com\\\/wp-content\\\/uploads\\\/2018\\\/07\\\/logo-div.jpg\",\"contentUrl\":\"https:\\\/\\\/divertarte.com\\\/wp-content\\\/uploads\\\/2018\\\/07\\\/logo-div.jpg\",\"width\":295,\"height\":123,\"caption\":\"Divertarte\"},\"image\":{\"@id\":\"https:\\\/\\\/divertarte.com\\\/#\\\/schema\\\/logo\\\/image\\\/\"}}]}<\/script>\n<!-- \/ Yoast SEO plugin. -->","yoast_head_json":{"title":"QUARTZO ROSA -","robots":{"index":"index","follow":"follow","max-snippet":"max-snippet:-1","max-image-preview":"max-image-preview:large","max-video-preview":"max-video-preview:-1"},"canonical":"https:\/\/divertarte.com\/index.php\/produto\/quartzo-rosa\/","og_locale":"pt_PT","og_type":"article","og_title":"QUARTZO ROSA -","og_description":"Pedra semi preciosa - pendente para fio - signo TOURO 21\/04 A 20\/05 Quartzo Rosa: Quartzo Rosa \u00e9 a pedra do amor, acalmando o cora\u00e7\u00e3o em compaix\u00e3o e perd\u00e3o, liberando a raiva armazenada, culpa, medo, ressentimento e ci\u00fame e restaura\u00e7\u00e3o de desequil\u00edbrio emocional. Embora ela tamb\u00e9m facilita o desequil\u00edbrio sexual, ela aumenta a fertilidade. Quartzo rosa trabalhar forte na auto emocional leva a uma acentuada melhoria na fadiga muscular, pesco\u00e7o e dores nas costas e outros sintomas de stress emocional.","og_url":"https:\/\/divertarte.com\/index.php\/produto\/quartzo-rosa\/","article_modified_time":"2025-11-06T13:47:26+00:00","og_image":[{"width":558,"height":558,"url":"https:\/\/divertarte.com\/wp-content\/uploads\/2018\/05\/I.jpg","type":"image\/jpeg"}],"twitter_card":"summary_large_image","schema":{"@context":"https:\/\/schema.org","@graph":[{"@type":"WebPage","@id":"https:\/\/divertarte.com\/index.php\/produto\/quartzo-rosa\/","url":"https:\/\/divertarte.com\/index.php\/produto\/quartzo-rosa\/","name":"QUARTZO ROSA -","isPartOf":{"@id":"https:\/\/divertarte.com\/#website"},"primaryImageOfPage":{"@id":"https:\/\/divertarte.com\/index.php\/produto\/quartzo-rosa\/#primaryimage"},"image":{"@id":"https:\/\/divertarte.com\/index.php\/produto\/quartzo-rosa\/#primaryimage"},"thumbnailUrl":"https:\/\/divertarte.com\/wp-content\/uploads\/2018\/05\/I.jpg","datePublished":"2018-06-07T13:14:46+00:00","dateModified":"2025-11-06T13:47:26+00:00","breadcrumb":{"@id":"https:\/\/divertarte.com\/index.php\/produto\/quartzo-rosa\/#breadcrumb"},"inLanguage":"pt-PT","potentialAction":[{"@type":"ReadAction","target":["https:\/\/divertarte.com\/index.php\/produto\/quartzo-rosa\/"]}]},{"@type":"ImageObject","inLanguage":"pt-PT","@id":"https:\/\/divertarte.com\/index.php\/produto\/quartzo-rosa\/#primaryimage","url":"https:\/\/divertarte.com\/wp-content\/uploads\/2018\/05\/I.jpg","contentUrl":"https:\/\/divertarte.com\/wp-content\/uploads\/2018\/05\/I.jpg","width":558,"height":558},{"@type":"BreadcrumbList","@id":"https:\/\/divertarte.com\/index.php\/produto\/quartzo-rosa\/#breadcrumb","itemListElement":[{"@type":"ListItem","position":1,"name":"In\u00edcio","item":"https:\/\/divertarte.com\/"},{"@type":"ListItem","position":2,"name":"Loja","item":"https:\/\/divertarte.com\/index.php\/divertarte-produtos\/"},{"@type":"ListItem","position":3,"name":"QUARTZO ROSA"}]},{"@type":"WebSite","@id":"https:\/\/divertarte.com\/#website","url":"https:\/\/divertarte.com\/","name":"Divertarte","description":"","publisher":{"@id":"https:\/\/divertarte.com\/#organization"},"potentialAction":[{"@type":"SearchAction","target":{"@type":"EntryPoint","urlTemplate":"https:\/\/divertarte.com\/?s={search_term_string}"},"query-input":{"@type":"PropertyValueSpecification","valueRequired":true,"valueName":"search_term_string"}}],"inLanguage":"pt-PT"},{"@type":"Organization","@id":"https:\/\/divertarte.com\/#organization","name":"Divertarte","url":"https:\/\/divertarte.com\/","logo":{"@type":"ImageObject","inLanguage":"pt-PT","@id":"https:\/\/divertarte.com\/#\/schema\/logo\/image\/","url":"https:\/\/divertarte.com\/wp-content\/uploads\/2018\/07\/logo-div.jpg","contentUrl":"https:\/\/divertarte.com\/wp-content\/uploads\/2018\/07\/logo-div.jpg","width":295,"height":123,"caption":"Divertarte"},"image":{"@id":"https:\/\/divertarte.com\/#\/schema\/logo\/image\/"}}]}},"_links":{"self":[{"href":"https:\/\/divertarte.com\/index.php\/wp-json\/wp\/v2\/product\/980","targetHints":{"allow":["GET"]}}],"collection":[{"href":"https:\/\/divertarte.com\/index.php\/wp-json\/wp\/v2\/product"}],"about":[{"href":"https:\/\/divertarte.com\/index.php\/wp-json\/wp\/v2\/types\/product"}],"replies":[{"embeddable":true,"href":"https:\/\/divertarte.com\/index.php\/wp-json\/wp\/v2\/comments?post=980"}],"wp:featuredmedia":[{"embeddable":true,"href":"https:\/\/divertarte.com\/index.php\/wp-json\/wp\/v2\/media\/6591"}],"wp:attachment":[{"href":"https:\/\/divertarte.com\/index.php\/wp-json\/wp\/v2\/media?parent=980"}],"wp:term":[{"taxonomy":"product_brand","embeddable":true,"href":"https:\/\/divertarte.com\/index.php\/wp-json\/wp\/v2\/product_brand?post=980"},{"taxonomy":"product_cat","embeddable":true,"href":"https:\/\/divertarte.com\/index.php\/wp-json\/wp\/v2\/product_cat?post=980"},{"taxonomy":"product_tag","embeddable":true,"href":"https:\/\/divertarte.com\/index.php\/wp-json\/wp\/v2\/product_tag?post=980"}],"curies":[{"name":"wp","href":"https:\/\/api.w.org\/{rel}","templated":true}]}}