{"id":9618,"date":"2019-10-06T19:26:32","date_gmt":"2019-10-06T18:26:32","guid":{"rendered":"https:\/\/divertarte.com\/?post_type=product&#038;p=9618"},"modified":"2025-11-06T13:35:15","modified_gmt":"2025-11-06T13:35:15","slug":"coracao-grande-aromatizador-de-gesso-2","status":"publish","type":"product","link":"https:\/\/divertarte.com\/index.php\/produto\/coracao-grande-aromatizador-de-gesso-2\/","title":{"rendered":"Cora\u00e7\u00e3o Grande Aromatizador de gesso"},"content":{"rendered":"<p>Cora\u00e7\u00e3o Grande Aromatizador de gesso<\/p>\n<p>Cora\u00e7\u00e3o com concha gesso perfumado com fragr\u00e2ncia de Flores Frescas. Embalado em celofane. Al\u00e9m disso o cora\u00e7\u00e3o vem com uma fita por detr\u00e1s, que serve para pendurar em qualquer lugar da casa que deseje perfumar.<br \/>\nportanto trata-se de uma prendinha de casamento original ou para o dia dos Namorados. (S\u00e3o Valentim) 9x8x3 cm.<\/p>\n<p>&nbsp;<\/p>\n","protected":false},"excerpt":{"rendered":"<p>Cora\u00e7\u00e3o Grande Aromatizador de gesso<\/p>\n<p>Cora\u00e7\u00e3o com concha gesso perfumado com fragr\u00e2ncia de Flores Frescas. Embalado em celofane. Al\u00e9m disso o cora\u00e7\u00e3o vem com uma fita por detr\u00e1s, que serve para pendurar em qualquer lugar da casa que deseje perfumar.<br \/>\nportanto trata-se de uma prendinha de casamento original ou para o dia dos Namorados. (S\u00e3o Valentim) 9x8x3 cm.<\/p>\n<p>Quando perceber que o gesso est\u00e1 a perder parte de seu aroma, basta borrif\u00e1-lo com essencia para gesso perfumado.<\/p>\n<p><a href=\"https:\/\/divertarte.com\/index.php\/categoria-produto\/essencias-para-gesso-perfumado\/\">https:\/\/divertarte.com\/index.php\/categoria-produto\/essencias-para-gesso-perfumado\/<\/a><\/p>\n","protected":false},"featured_media":14758,"comment_status":"closed","ping_status":"closed","template":"","meta":{"_exactmetrics_skip_tracking":false,"_exactmetrics_sitenote_active":false,"_exactmetrics_sitenote_note":"","_exactmetrics_sitenote_category":0},"product_brand":[],"product_cat":[249,373,286,336,487],"product_tag":[],"class_list":{"0":"post-9618","1":"product","2":"type-product","3":"status-publish","4":"has-post-thumbnail","6":"product_cat-brindes-casamento","7":"product_cat-casamento","8":"product_cat-dia-dos-namorados-s-valentim","9":"product_cat-gesso-perfumado-figuras","10":"product_cat-pecas-em-gesso","12":"first","13":"instock","14":"taxable","15":"shipping-taxable","16":"purchasable","17":"product-type-simple"},"yoast_head":"<!-- This site is optimized with the Yoast SEO plugin v27.4 - https:\/\/yoast.com\/product\/yoast-seo-wordpress\/ -->\n<title>Cora\u00e7\u00e3o Grande Aromatizador de gesso -<\/title>\n<meta name=\"description\" content=\"Cora\u00e7\u00e3o com concha gesso perfumado com fragr\u00e2ncia de Flores Frescas. trata-se de uma prendinha de casamento original ou para o dia dos Namorados.\" \/>\n<meta name=\"robots\" content=\"index, follow, max-snippet:-1, max-image-preview:large, max-video-preview:-1\" \/>\n<link rel=\"canonical\" href=\"https:\/\/divertarte.com\/index.php\/produto\/coracao-grande-aromatizador-de-gesso-2\/\" \/>\n<meta property=\"og:locale\" content=\"pt_PT\" \/>\n<meta property=\"og:type\" content=\"article\" \/>\n<meta property=\"og:title\" content=\"Cora\u00e7\u00e3o Grande Aromatizador de gesso -\" \/>\n<meta property=\"og:description\" content=\"Cora\u00e7\u00e3o com concha gesso perfumado com fragr\u00e2ncia de Flores Frescas. trata-se de uma prendinha de casamento original ou para o dia dos Namorados.\" \/>\n<meta property=\"og:url\" content=\"https:\/\/divertarte.com\/index.php\/produto\/coracao-grande-aromatizador-de-gesso-2\/\" \/>\n<meta property=\"article:modified_time\" content=\"2025-11-06T13:35:15+00:00\" \/>\n<meta property=\"og:image\" content=\"https:\/\/divertarte.com\/wp-content\/uploads\/2019\/10\/coracao-grande-aromatizador-gesso.jpg\" \/>\n\t<meta property=\"og:image:width\" content=\"324\" \/>\n\t<meta property=\"og:image:height\" content=\"324\" \/>\n\t<meta property=\"og:image:type\" content=\"image\/jpeg\" \/>\n<meta name=\"twitter:card\" content=\"summary_large_image\" \/>\n<meta name=\"twitter:label1\" content=\"Tempo estimado de leitura\" \/>\n\t<meta name=\"twitter:data1\" content=\"1 minuto\" \/>\n<script type=\"application\/ld+json\" class=\"yoast-schema-graph\">{\"@context\":\"https:\\\/\\\/schema.org\",\"@graph\":[{\"@type\":\"WebPage\",\"@id\":\"https:\\\/\\\/divertarte.com\\\/index.php\\\/produto\\\/coracao-grande-aromatizador-de-gesso-2\\\/\",\"url\":\"https:\\\/\\\/divertarte.com\\\/index.php\\\/produto\\\/coracao-grande-aromatizador-de-gesso-2\\\/\",\"name\":\"Cora\u00e7\u00e3o Grande Aromatizador de gesso -\",\"isPartOf\":{\"@id\":\"https:\\\/\\\/divertarte.com\\\/#website\"},\"primaryImageOfPage\":{\"@id\":\"https:\\\/\\\/divertarte.com\\\/index.php\\\/produto\\\/coracao-grande-aromatizador-de-gesso-2\\\/#primaryimage\"},\"image\":{\"@id\":\"https:\\\/\\\/divertarte.com\\\/index.php\\\/produto\\\/coracao-grande-aromatizador-de-gesso-2\\\/#primaryimage\"},\"thumbnailUrl\":\"https:\\\/\\\/divertarte.com\\\/wp-content\\\/uploads\\\/2019\\\/10\\\/coracao-grande-aromatizador-gesso.jpg\",\"datePublished\":\"2019-10-06T18:26:32+00:00\",\"dateModified\":\"2025-11-06T13:35:15+00:00\",\"description\":\"Cora\u00e7\u00e3o com concha gesso perfumado com fragr\u00e2ncia de Flores Frescas. trata-se de uma prendinha de casamento original ou para o dia dos Namorados.\",\"breadcrumb\":{\"@id\":\"https:\\\/\\\/divertarte.com\\\/index.php\\\/produto\\\/coracao-grande-aromatizador-de-gesso-2\\\/#breadcrumb\"},\"inLanguage\":\"pt-PT\",\"potentialAction\":[{\"@type\":\"ReadAction\",\"target\":[\"https:\\\/\\\/divertarte.com\\\/index.php\\\/produto\\\/coracao-grande-aromatizador-de-gesso-2\\\/\"]}]},{\"@type\":\"ImageObject\",\"inLanguage\":\"pt-PT\",\"@id\":\"https:\\\/\\\/divertarte.com\\\/index.php\\\/produto\\\/coracao-grande-aromatizador-de-gesso-2\\\/#primaryimage\",\"url\":\"https:\\\/\\\/divertarte.com\\\/wp-content\\\/uploads\\\/2019\\\/10\\\/coracao-grande-aromatizador-gesso.jpg\",\"contentUrl\":\"https:\\\/\\\/divertarte.com\\\/wp-content\\\/uploads\\\/2019\\\/10\\\/coracao-grande-aromatizador-gesso.jpg\",\"width\":324,\"height\":324},{\"@type\":\"BreadcrumbList\",\"@id\":\"https:\\\/\\\/divertarte.com\\\/index.php\\\/produto\\\/coracao-grande-aromatizador-de-gesso-2\\\/#breadcrumb\",\"itemListElement\":[{\"@type\":\"ListItem\",\"position\":1,\"name\":\"In\u00edcio\",\"item\":\"https:\\\/\\\/divertarte.com\\\/\"},{\"@type\":\"ListItem\",\"position\":2,\"name\":\"Loja\",\"item\":\"https:\\\/\\\/divertarte.com\\\/index.php\\\/divertarte-produtos\\\/\"},{\"@type\":\"ListItem\",\"position\":3,\"name\":\"Cora\u00e7\u00e3o Grande Aromatizador de gesso\"}]},{\"@type\":\"WebSite\",\"@id\":\"https:\\\/\\\/divertarte.com\\\/#website\",\"url\":\"https:\\\/\\\/divertarte.com\\\/\",\"name\":\"Divertarte\",\"description\":\"\",\"publisher\":{\"@id\":\"https:\\\/\\\/divertarte.com\\\/#organization\"},\"potentialAction\":[{\"@type\":\"SearchAction\",\"target\":{\"@type\":\"EntryPoint\",\"urlTemplate\":\"https:\\\/\\\/divertarte.com\\\/?s={search_term_string}\"},\"query-input\":{\"@type\":\"PropertyValueSpecification\",\"valueRequired\":true,\"valueName\":\"search_term_string\"}}],\"inLanguage\":\"pt-PT\"},{\"@type\":\"Organization\",\"@id\":\"https:\\\/\\\/divertarte.com\\\/#organization\",\"name\":\"Divertarte\",\"url\":\"https:\\\/\\\/divertarte.com\\\/\",\"logo\":{\"@type\":\"ImageObject\",\"inLanguage\":\"pt-PT\",\"@id\":\"https:\\\/\\\/divertarte.com\\\/#\\\/schema\\\/logo\\\/image\\\/\",\"url\":\"https:\\\/\\\/divertarte.com\\\/wp-content\\\/uploads\\\/2018\\\/07\\\/logo-div.jpg\",\"contentUrl\":\"https:\\\/\\\/divertarte.com\\\/wp-content\\\/uploads\\\/2018\\\/07\\\/logo-div.jpg\",\"width\":295,\"height\":123,\"caption\":\"Divertarte\"},\"image\":{\"@id\":\"https:\\\/\\\/divertarte.com\\\/#\\\/schema\\\/logo\\\/image\\\/\"}}]}<\/script>\n<!-- \/ Yoast SEO plugin. -->","yoast_head_json":{"title":"Cora\u00e7\u00e3o Grande Aromatizador de gesso -","description":"Cora\u00e7\u00e3o com concha gesso perfumado com fragr\u00e2ncia de Flores Frescas. trata-se de uma prendinha de casamento original ou para o dia dos Namorados.","robots":{"index":"index","follow":"follow","max-snippet":"max-snippet:-1","max-image-preview":"max-image-preview:large","max-video-preview":"max-video-preview:-1"},"canonical":"https:\/\/divertarte.com\/index.php\/produto\/coracao-grande-aromatizador-de-gesso-2\/","og_locale":"pt_PT","og_type":"article","og_title":"Cora\u00e7\u00e3o Grande Aromatizador de gesso -","og_description":"Cora\u00e7\u00e3o com concha gesso perfumado com fragr\u00e2ncia de Flores Frescas. trata-se de uma prendinha de casamento original ou para o dia dos Namorados.","og_url":"https:\/\/divertarte.com\/index.php\/produto\/coracao-grande-aromatizador-de-gesso-2\/","article_modified_time":"2025-11-06T13:35:15+00:00","og_image":[{"width":324,"height":324,"url":"https:\/\/divertarte.com\/wp-content\/uploads\/2019\/10\/coracao-grande-aromatizador-gesso.jpg","type":"image\/jpeg"}],"twitter_card":"summary_large_image","twitter_misc":{"Tempo estimado de leitura":"1 minuto"},"schema":{"@context":"https:\/\/schema.org","@graph":[{"@type":"WebPage","@id":"https:\/\/divertarte.com\/index.php\/produto\/coracao-grande-aromatizador-de-gesso-2\/","url":"https:\/\/divertarte.com\/index.php\/produto\/coracao-grande-aromatizador-de-gesso-2\/","name":"Cora\u00e7\u00e3o Grande Aromatizador de gesso -","isPartOf":{"@id":"https:\/\/divertarte.com\/#website"},"primaryImageOfPage":{"@id":"https:\/\/divertarte.com\/index.php\/produto\/coracao-grande-aromatizador-de-gesso-2\/#primaryimage"},"image":{"@id":"https:\/\/divertarte.com\/index.php\/produto\/coracao-grande-aromatizador-de-gesso-2\/#primaryimage"},"thumbnailUrl":"https:\/\/divertarte.com\/wp-content\/uploads\/2019\/10\/coracao-grande-aromatizador-gesso.jpg","datePublished":"2019-10-06T18:26:32+00:00","dateModified":"2025-11-06T13:35:15+00:00","description":"Cora\u00e7\u00e3o com concha gesso perfumado com fragr\u00e2ncia de Flores Frescas. trata-se de uma prendinha de casamento original ou para o dia dos Namorados.","breadcrumb":{"@id":"https:\/\/divertarte.com\/index.php\/produto\/coracao-grande-aromatizador-de-gesso-2\/#breadcrumb"},"inLanguage":"pt-PT","potentialAction":[{"@type":"ReadAction","target":["https:\/\/divertarte.com\/index.php\/produto\/coracao-grande-aromatizador-de-gesso-2\/"]}]},{"@type":"ImageObject","inLanguage":"pt-PT","@id":"https:\/\/divertarte.com\/index.php\/produto\/coracao-grande-aromatizador-de-gesso-2\/#primaryimage","url":"https:\/\/divertarte.com\/wp-content\/uploads\/2019\/10\/coracao-grande-aromatizador-gesso.jpg","contentUrl":"https:\/\/divertarte.com\/wp-content\/uploads\/2019\/10\/coracao-grande-aromatizador-gesso.jpg","width":324,"height":324},{"@type":"BreadcrumbList","@id":"https:\/\/divertarte.com\/index.php\/produto\/coracao-grande-aromatizador-de-gesso-2\/#breadcrumb","itemListElement":[{"@type":"ListItem","position":1,"name":"In\u00edcio","item":"https:\/\/divertarte.com\/"},{"@type":"ListItem","position":2,"name":"Loja","item":"https:\/\/divertarte.com\/index.php\/divertarte-produtos\/"},{"@type":"ListItem","position":3,"name":"Cora\u00e7\u00e3o Grande Aromatizador de gesso"}]},{"@type":"WebSite","@id":"https:\/\/divertarte.com\/#website","url":"https:\/\/divertarte.com\/","name":"Divertarte","description":"","publisher":{"@id":"https:\/\/divertarte.com\/#organization"},"potentialAction":[{"@type":"SearchAction","target":{"@type":"EntryPoint","urlTemplate":"https:\/\/divertarte.com\/?s={search_term_string}"},"query-input":{"@type":"PropertyValueSpecification","valueRequired":true,"valueName":"search_term_string"}}],"inLanguage":"pt-PT"},{"@type":"Organization","@id":"https:\/\/divertarte.com\/#organization","name":"Divertarte","url":"https:\/\/divertarte.com\/","logo":{"@type":"ImageObject","inLanguage":"pt-PT","@id":"https:\/\/divertarte.com\/#\/schema\/logo\/image\/","url":"https:\/\/divertarte.com\/wp-content\/uploads\/2018\/07\/logo-div.jpg","contentUrl":"https:\/\/divertarte.com\/wp-content\/uploads\/2018\/07\/logo-div.jpg","width":295,"height":123,"caption":"Divertarte"},"image":{"@id":"https:\/\/divertarte.com\/#\/schema\/logo\/image\/"}}]}},"_links":{"self":[{"href":"https:\/\/divertarte.com\/index.php\/wp-json\/wp\/v2\/product\/9618","targetHints":{"allow":["GET"]}}],"collection":[{"href":"https:\/\/divertarte.com\/index.php\/wp-json\/wp\/v2\/product"}],"about":[{"href":"https:\/\/divertarte.com\/index.php\/wp-json\/wp\/v2\/types\/product"}],"replies":[{"embeddable":true,"href":"https:\/\/divertarte.com\/index.php\/wp-json\/wp\/v2\/comments?post=9618"}],"wp:featuredmedia":[{"embeddable":true,"href":"https:\/\/divertarte.com\/index.php\/wp-json\/wp\/v2\/media\/14758"}],"wp:attachment":[{"href":"https:\/\/divertarte.com\/index.php\/wp-json\/wp\/v2\/media?parent=9618"}],"wp:term":[{"taxonomy":"product_brand","embeddable":true,"href":"https:\/\/divertarte.com\/index.php\/wp-json\/wp\/v2\/product_brand?post=9618"},{"taxonomy":"product_cat","embeddable":true,"href":"https:\/\/divertarte.com\/index.php\/wp-json\/wp\/v2\/product_cat?post=9618"},{"taxonomy":"product_tag","embeddable":true,"href":"https:\/\/divertarte.com\/index.php\/wp-json\/wp\/v2\/product_tag?post=9618"}],"curies":[{"name":"wp","href":"https:\/\/api.w.org\/{rel}","templated":true}]}}