{"id":9444,"date":"2019-08-06T21:51:25","date_gmt":"2019-08-06T20:51:25","guid":{"rendered":"https:\/\/divertarte.com\/?post_type=product&#038;p=9444"},"modified":"2025-11-06T13:35:22","modified_gmt":"2025-11-06T13:35:22","slug":"cabeca-de-cavalo-gesso-perfumado","status":"publish","type":"product","link":"https:\/\/divertarte.com\/index.php\/produto\/cabeca-de-cavalo-gesso-perfumado\/","title":{"rendered":"Cabe\u00e7a de Cavalo gesso perfumado"},"content":{"rendered":"<p>Cabe\u00e7a de Cavalo gesso perfumado 7&#215;8.5&#215;1 cm, embalado em celofane.<br \/>\nPortanto o gesso perfumado vem com um pequeno cord\u00e3o, que serve para pendurar em qualquer lugar da casa que se deseje perfumar. Roupeiro, gaveta. Um detalhe original para amantes de cavalos, prendinhas de casamento<\/p>\n","protected":false},"excerpt":{"rendered":"<p>Gesso aromatizador Cabe\u00e7a de Cavalo 7&#215;8.5&#215;1 cm, embalado em celofane.<br \/>\nPortanto o gesso perfumado vem com um pequeno cord\u00e3o, que serve para pendurar em qualquer lugar da casa que se deseje perfumar. Roupeiro, gaveta. Um detalhe original para amantes de cavalos, prendinhas de casamento.<\/p>\n<p>Quando perceber que o gesso est\u00e1 a perder parte de seu aroma, basta borrif\u00e1-lo com essencia para gesso perfumado.<\/p>\n<p><a href=\"https:\/\/divertarte.com\/index.php\/categoria-produto\/essencias-para-gesso-perfumado\/\">https:\/\/divertarte.com\/index.php\/categoria-produto\/essencias-para-gesso-perfumado\/<\/a><\/p>\n<p>Pode escolher<\/p>\n<p>Pe\u00e7a completa (com aroma, com fita e com saquinho)<\/p>\n<p>Pe\u00e7a simples (sem aroma, sem fita e sem saquinho)<\/p>\n<p>50 pe\u00e7as simples melhor pre\u00e7o (5 dias \u00fateis)<\/p>\n","protected":false},"featured_media":14639,"comment_status":"open","ping_status":"closed","template":"","meta":{"_exactmetrics_skip_tracking":false,"_exactmetrics_sitenote_active":false,"_exactmetrics_sitenote_note":"","_exactmetrics_sitenote_category":0},"product_brand":[],"product_cat":[323,249,1157,336,487],"product_tag":[1162],"class_list":{"0":"post-9444","1":"product","2":"type-product","3":"status-publish","4":"has-post-thumbnail","6":"product_cat-brindes-aniversario","7":"product_cat-brindes-casamento","8":"product_cat-ceramica-perfumada","9":"product_cat-gesso-perfumado-figuras","10":"product_cat-pecas-em-gesso","11":"product_tag-pecas-em-gesso-perfumado","13":"first","14":"instock","15":"taxable","16":"shipping-taxable","17":"purchasable","18":"product-type-variable"},"yoast_head":"<!-- This site is optimized with the Yoast SEO plugin v27.4 - https:\/\/yoast.com\/product\/yoast-seo-wordpress\/ -->\n<title>Cabe\u00e7a de Cavalo gesso perfumado -<\/title>\n<meta name=\"description\" content=\"Cabe\u00e7a de Cavalo gesso perfumado 7x8.5x1 cm, pendurar em qualquer lugar da casa que se deseje perfumar. Roupeiro, gaveta. Um detalhe original para amantes de cavalos, prendinhas de casamento\" \/>\n<meta name=\"robots\" content=\"index, follow, max-snippet:-1, max-image-preview:large, max-video-preview:-1\" \/>\n<link rel=\"canonical\" href=\"https:\/\/divertarte.com\/index.php\/produto\/cabeca-de-cavalo-gesso-perfumado\/\" \/>\n<meta property=\"og:locale\" content=\"pt_PT\" \/>\n<meta property=\"og:type\" content=\"article\" \/>\n<meta property=\"og:title\" content=\"Cabe\u00e7a de Cavalo gesso perfumado -\" \/>\n<meta property=\"og:description\" content=\"Cabe\u00e7a de Cavalo gesso perfumado 7x8.5x1 cm, pendurar em qualquer lugar da casa que se deseje perfumar. Roupeiro, gaveta. Um detalhe original para amantes de cavalos, prendinhas de casamento\" \/>\n<meta property=\"og:url\" content=\"https:\/\/divertarte.com\/index.php\/produto\/cabeca-de-cavalo-gesso-perfumado\/\" \/>\n<meta property=\"article:modified_time\" content=\"2025-11-06T13:35:22+00:00\" \/>\n<meta property=\"og:image\" content=\"https:\/\/divertarte.com\/wp-content\/uploads\/2019\/08\/cabeca-de-cavalo-gesso-perfumado.jpg\" \/>\n\t<meta property=\"og:image:width\" content=\"300\" \/>\n\t<meta property=\"og:image:height\" content=\"301\" \/>\n\t<meta property=\"og:image:type\" content=\"image\/jpeg\" \/>\n<meta name=\"twitter:card\" content=\"summary_large_image\" \/>\n<script type=\"application\/ld+json\" class=\"yoast-schema-graph\">{\"@context\":\"https:\\\/\\\/schema.org\",\"@graph\":[{\"@type\":\"WebPage\",\"@id\":\"https:\\\/\\\/divertarte.com\\\/index.php\\\/produto\\\/cabeca-de-cavalo-gesso-perfumado\\\/\",\"url\":\"https:\\\/\\\/divertarte.com\\\/index.php\\\/produto\\\/cabeca-de-cavalo-gesso-perfumado\\\/\",\"name\":\"Cabe\u00e7a de Cavalo gesso perfumado -\",\"isPartOf\":{\"@id\":\"https:\\\/\\\/divertarte.com\\\/#website\"},\"primaryImageOfPage\":{\"@id\":\"https:\\\/\\\/divertarte.com\\\/index.php\\\/produto\\\/cabeca-de-cavalo-gesso-perfumado\\\/#primaryimage\"},\"image\":{\"@id\":\"https:\\\/\\\/divertarte.com\\\/index.php\\\/produto\\\/cabeca-de-cavalo-gesso-perfumado\\\/#primaryimage\"},\"thumbnailUrl\":\"https:\\\/\\\/divertarte.com\\\/wp-content\\\/uploads\\\/2019\\\/08\\\/cabeca-de-cavalo-gesso-perfumado.jpg\",\"datePublished\":\"2019-08-06T20:51:25+00:00\",\"dateModified\":\"2025-11-06T13:35:22+00:00\",\"description\":\"Cabe\u00e7a de Cavalo gesso perfumado 7x8.5x1 cm, pendurar em qualquer lugar da casa que se deseje perfumar. Roupeiro, gaveta. Um detalhe original para amantes de cavalos, prendinhas de casamento\",\"breadcrumb\":{\"@id\":\"https:\\\/\\\/divertarte.com\\\/index.php\\\/produto\\\/cabeca-de-cavalo-gesso-perfumado\\\/#breadcrumb\"},\"inLanguage\":\"pt-PT\",\"potentialAction\":[{\"@type\":\"ReadAction\",\"target\":[\"https:\\\/\\\/divertarte.com\\\/index.php\\\/produto\\\/cabeca-de-cavalo-gesso-perfumado\\\/\"]}]},{\"@type\":\"ImageObject\",\"inLanguage\":\"pt-PT\",\"@id\":\"https:\\\/\\\/divertarte.com\\\/index.php\\\/produto\\\/cabeca-de-cavalo-gesso-perfumado\\\/#primaryimage\",\"url\":\"https:\\\/\\\/divertarte.com\\\/wp-content\\\/uploads\\\/2019\\\/08\\\/cabeca-de-cavalo-gesso-perfumado.jpg\",\"contentUrl\":\"https:\\\/\\\/divertarte.com\\\/wp-content\\\/uploads\\\/2019\\\/08\\\/cabeca-de-cavalo-gesso-perfumado.jpg\",\"width\":300,\"height\":301},{\"@type\":\"BreadcrumbList\",\"@id\":\"https:\\\/\\\/divertarte.com\\\/index.php\\\/produto\\\/cabeca-de-cavalo-gesso-perfumado\\\/#breadcrumb\",\"itemListElement\":[{\"@type\":\"ListItem\",\"position\":1,\"name\":\"In\u00edcio\",\"item\":\"https:\\\/\\\/divertarte.com\\\/\"},{\"@type\":\"ListItem\",\"position\":2,\"name\":\"Loja\",\"item\":\"https:\\\/\\\/divertarte.com\\\/index.php\\\/divertarte-produtos\\\/\"},{\"@type\":\"ListItem\",\"position\":3,\"name\":\"Cabe\u00e7a de Cavalo gesso perfumado\"}]},{\"@type\":\"WebSite\",\"@id\":\"https:\\\/\\\/divertarte.com\\\/#website\",\"url\":\"https:\\\/\\\/divertarte.com\\\/\",\"name\":\"Divertarte\",\"description\":\"\",\"publisher\":{\"@id\":\"https:\\\/\\\/divertarte.com\\\/#organization\"},\"potentialAction\":[{\"@type\":\"SearchAction\",\"target\":{\"@type\":\"EntryPoint\",\"urlTemplate\":\"https:\\\/\\\/divertarte.com\\\/?s={search_term_string}\"},\"query-input\":{\"@type\":\"PropertyValueSpecification\",\"valueRequired\":true,\"valueName\":\"search_term_string\"}}],\"inLanguage\":\"pt-PT\"},{\"@type\":\"Organization\",\"@id\":\"https:\\\/\\\/divertarte.com\\\/#organization\",\"name\":\"Divertarte\",\"url\":\"https:\\\/\\\/divertarte.com\\\/\",\"logo\":{\"@type\":\"ImageObject\",\"inLanguage\":\"pt-PT\",\"@id\":\"https:\\\/\\\/divertarte.com\\\/#\\\/schema\\\/logo\\\/image\\\/\",\"url\":\"https:\\\/\\\/divertarte.com\\\/wp-content\\\/uploads\\\/2018\\\/07\\\/logo-div.jpg\",\"contentUrl\":\"https:\\\/\\\/divertarte.com\\\/wp-content\\\/uploads\\\/2018\\\/07\\\/logo-div.jpg\",\"width\":295,\"height\":123,\"caption\":\"Divertarte\"},\"image\":{\"@id\":\"https:\\\/\\\/divertarte.com\\\/#\\\/schema\\\/logo\\\/image\\\/\"}}]}<\/script>\n<!-- \/ Yoast SEO plugin. -->","yoast_head_json":{"title":"Cabe\u00e7a de Cavalo gesso perfumado -","description":"Cabe\u00e7a de Cavalo gesso perfumado 7x8.5x1 cm, pendurar em qualquer lugar da casa que se deseje perfumar. Roupeiro, gaveta. Um detalhe original para amantes de cavalos, prendinhas de casamento","robots":{"index":"index","follow":"follow","max-snippet":"max-snippet:-1","max-image-preview":"max-image-preview:large","max-video-preview":"max-video-preview:-1"},"canonical":"https:\/\/divertarte.com\/index.php\/produto\/cabeca-de-cavalo-gesso-perfumado\/","og_locale":"pt_PT","og_type":"article","og_title":"Cabe\u00e7a de Cavalo gesso perfumado -","og_description":"Cabe\u00e7a de Cavalo gesso perfumado 7x8.5x1 cm, pendurar em qualquer lugar da casa que se deseje perfumar. Roupeiro, gaveta. Um detalhe original para amantes de cavalos, prendinhas de casamento","og_url":"https:\/\/divertarte.com\/index.php\/produto\/cabeca-de-cavalo-gesso-perfumado\/","article_modified_time":"2025-11-06T13:35:22+00:00","og_image":[{"width":300,"height":301,"url":"https:\/\/divertarte.com\/wp-content\/uploads\/2019\/08\/cabeca-de-cavalo-gesso-perfumado.jpg","type":"image\/jpeg"}],"twitter_card":"summary_large_image","schema":{"@context":"https:\/\/schema.org","@graph":[{"@type":"WebPage","@id":"https:\/\/divertarte.com\/index.php\/produto\/cabeca-de-cavalo-gesso-perfumado\/","url":"https:\/\/divertarte.com\/index.php\/produto\/cabeca-de-cavalo-gesso-perfumado\/","name":"Cabe\u00e7a de Cavalo gesso perfumado -","isPartOf":{"@id":"https:\/\/divertarte.com\/#website"},"primaryImageOfPage":{"@id":"https:\/\/divertarte.com\/index.php\/produto\/cabeca-de-cavalo-gesso-perfumado\/#primaryimage"},"image":{"@id":"https:\/\/divertarte.com\/index.php\/produto\/cabeca-de-cavalo-gesso-perfumado\/#primaryimage"},"thumbnailUrl":"https:\/\/divertarte.com\/wp-content\/uploads\/2019\/08\/cabeca-de-cavalo-gesso-perfumado.jpg","datePublished":"2019-08-06T20:51:25+00:00","dateModified":"2025-11-06T13:35:22+00:00","description":"Cabe\u00e7a de Cavalo gesso perfumado 7x8.5x1 cm, pendurar em qualquer lugar da casa que se deseje perfumar. Roupeiro, gaveta. Um detalhe original para amantes de cavalos, prendinhas de casamento","breadcrumb":{"@id":"https:\/\/divertarte.com\/index.php\/produto\/cabeca-de-cavalo-gesso-perfumado\/#breadcrumb"},"inLanguage":"pt-PT","potentialAction":[{"@type":"ReadAction","target":["https:\/\/divertarte.com\/index.php\/produto\/cabeca-de-cavalo-gesso-perfumado\/"]}]},{"@type":"ImageObject","inLanguage":"pt-PT","@id":"https:\/\/divertarte.com\/index.php\/produto\/cabeca-de-cavalo-gesso-perfumado\/#primaryimage","url":"https:\/\/divertarte.com\/wp-content\/uploads\/2019\/08\/cabeca-de-cavalo-gesso-perfumado.jpg","contentUrl":"https:\/\/divertarte.com\/wp-content\/uploads\/2019\/08\/cabeca-de-cavalo-gesso-perfumado.jpg","width":300,"height":301},{"@type":"BreadcrumbList","@id":"https:\/\/divertarte.com\/index.php\/produto\/cabeca-de-cavalo-gesso-perfumado\/#breadcrumb","itemListElement":[{"@type":"ListItem","position":1,"name":"In\u00edcio","item":"https:\/\/divertarte.com\/"},{"@type":"ListItem","position":2,"name":"Loja","item":"https:\/\/divertarte.com\/index.php\/divertarte-produtos\/"},{"@type":"ListItem","position":3,"name":"Cabe\u00e7a de Cavalo gesso perfumado"}]},{"@type":"WebSite","@id":"https:\/\/divertarte.com\/#website","url":"https:\/\/divertarte.com\/","name":"Divertarte","description":"","publisher":{"@id":"https:\/\/divertarte.com\/#organization"},"potentialAction":[{"@type":"SearchAction","target":{"@type":"EntryPoint","urlTemplate":"https:\/\/divertarte.com\/?s={search_term_string}"},"query-input":{"@type":"PropertyValueSpecification","valueRequired":true,"valueName":"search_term_string"}}],"inLanguage":"pt-PT"},{"@type":"Organization","@id":"https:\/\/divertarte.com\/#organization","name":"Divertarte","url":"https:\/\/divertarte.com\/","logo":{"@type":"ImageObject","inLanguage":"pt-PT","@id":"https:\/\/divertarte.com\/#\/schema\/logo\/image\/","url":"https:\/\/divertarte.com\/wp-content\/uploads\/2018\/07\/logo-div.jpg","contentUrl":"https:\/\/divertarte.com\/wp-content\/uploads\/2018\/07\/logo-div.jpg","width":295,"height":123,"caption":"Divertarte"},"image":{"@id":"https:\/\/divertarte.com\/#\/schema\/logo\/image\/"}}]}},"_links":{"self":[{"href":"https:\/\/divertarte.com\/index.php\/wp-json\/wp\/v2\/product\/9444","targetHints":{"allow":["GET"]}}],"collection":[{"href":"https:\/\/divertarte.com\/index.php\/wp-json\/wp\/v2\/product"}],"about":[{"href":"https:\/\/divertarte.com\/index.php\/wp-json\/wp\/v2\/types\/product"}],"replies":[{"embeddable":true,"href":"https:\/\/divertarte.com\/index.php\/wp-json\/wp\/v2\/comments?post=9444"}],"wp:featuredmedia":[{"embeddable":true,"href":"https:\/\/divertarte.com\/index.php\/wp-json\/wp\/v2\/media\/14639"}],"wp:attachment":[{"href":"https:\/\/divertarte.com\/index.php\/wp-json\/wp\/v2\/media?parent=9444"}],"wp:term":[{"taxonomy":"product_brand","embeddable":true,"href":"https:\/\/divertarte.com\/index.php\/wp-json\/wp\/v2\/product_brand?post=9444"},{"taxonomy":"product_cat","embeddable":true,"href":"https:\/\/divertarte.com\/index.php\/wp-json\/wp\/v2\/product_cat?post=9444"},{"taxonomy":"product_tag","embeddable":true,"href":"https:\/\/divertarte.com\/index.php\/wp-json\/wp\/v2\/product_tag?post=9444"}],"curies":[{"name":"wp","href":"https:\/\/api.w.org\/{rel}","templated":true}]}}