{"id":9441,"date":"2019-08-06T21:28:21","date_gmt":"2019-08-06T20:28:21","guid":{"rendered":"https:\/\/divertarte.com\/?post_type=product&#038;p=9441"},"modified":"2025-11-06T13:35:24","modified_gmt":"2025-11-06T13:35:24","slug":"carro-eletrico-antigo-no-terreiro-do-paco-molde-de-silicone","status":"publish","type":"product","link":"https:\/\/divertarte.com\/index.php\/produto\/carro-eletrico-antigo-no-terreiro-do-paco-molde-de-silicone\/","title":{"rendered":"Carro El\u00e9trico antigo no Terreiro do Pa\u00e7o &#8211; molde de silicone"},"content":{"rendered":"<p>Carro El\u00e9trico antigo no Terreiro do Pa\u00e7o &#8211; molde de silicone &#8211; 6.5x5x1cm.<br \/>\nIdeal para ofertas, Turistas, Souvenirs. N\u00e3o utilizar com alimentos, porque este silicone n\u00e3o \u00e9 alimentar<br \/>\nMolde feito por encomenda<\/p>\n","protected":false},"excerpt":{"rendered":"<p>Molde de silicone &#8211; 6.5x5x1cm Carro El\u00e9trico antigo no Terreiro do Pa\u00e7o<br \/>\nIdeal para ofertas, Turistas, Souvenirs. N\u00e3o utilizar com alimentos, porque este silicone n\u00e3o \u00e9 alimentar<br \/>\nMolde feito por encomenda<\/p>\n","protected":false},"featured_media":9499,"comment_status":"open","ping_status":"closed","template":"","meta":{"_exactmetrics_skip_tracking":false,"_exactmetrics_sitenote_active":false,"_exactmetrics_sitenote_note":"","_exactmetrics_sitenote_category":0},"product_brand":[],"product_cat":[334,313],"product_tag":[],"class_list":{"0":"post-9441","1":"product","2":"type-product","3":"status-publish","4":"has-post-thumbnail","6":"product_cat-moldes-biscuit-porcelana-fria","7":"product_cat-moldes-tourist-souvenirs","9":"first","10":"instock","11":"taxable","12":"shipping-taxable","13":"purchasable","14":"product-type-simple"},"yoast_head":"<!-- This site is optimized with the Yoast SEO plugin v27.4 - https:\/\/yoast.com\/product\/yoast-seo-wordpress\/ -->\n<title>Carro El\u00e9trico antigo no Terreiro do Pa\u00e7o - molde de silicone -<\/title>\n<meta name=\"description\" content=\"Carro El\u00e9trico antigo no Terreiro do Pa\u00e7o - molde de silicone - 6.5x5x1cm.Ideal para ofertas, Turistas, Souvenirs. N\u00e3o utilizar com alimentos\" \/>\n<meta name=\"robots\" content=\"index, follow, max-snippet:-1, max-image-preview:large, max-video-preview:-1\" \/>\n<link rel=\"canonical\" href=\"https:\/\/divertarte.com\/index.php\/produto\/carro-eletrico-antigo-no-terreiro-do-paco-molde-de-silicone\/\" \/>\n<meta property=\"og:locale\" content=\"pt_PT\" \/>\n<meta property=\"og:type\" content=\"article\" \/>\n<meta property=\"og:title\" content=\"Carro El\u00e9trico antigo no Terreiro do Pa\u00e7o - molde de silicone -\" \/>\n<meta property=\"og:description\" content=\"Carro El\u00e9trico antigo no Terreiro do Pa\u00e7o - molde de silicone - 6.5x5x1cm.Ideal para ofertas, Turistas, Souvenirs. N\u00e3o utilizar com alimentos\" \/>\n<meta property=\"og:url\" content=\"https:\/\/divertarte.com\/index.php\/produto\/carro-eletrico-antigo-no-terreiro-do-paco-molde-de-silicone\/\" \/>\n<meta property=\"article:modified_time\" content=\"2025-11-06T13:35:24+00:00\" \/>\n<meta property=\"og:image\" content=\"https:\/\/divertarte.com\/wp-content\/uploads\/2019\/08\/eletrico-terreiro-do-paco-lisboa-6.5x5x1.jpg\" \/>\n\t<meta property=\"og:image:width\" content=\"500\" \/>\n\t<meta property=\"og:image:height\" content=\"500\" \/>\n\t<meta property=\"og:image:type\" content=\"image\/jpeg\" \/>\n<meta name=\"twitter:card\" content=\"summary_large_image\" \/>\n<script type=\"application\/ld+json\" class=\"yoast-schema-graph\">{\"@context\":\"https:\\\/\\\/schema.org\",\"@graph\":[{\"@type\":\"WebPage\",\"@id\":\"https:\\\/\\\/divertarte.com\\\/index.php\\\/produto\\\/carro-eletrico-antigo-no-terreiro-do-paco-molde-de-silicone\\\/\",\"url\":\"https:\\\/\\\/divertarte.com\\\/index.php\\\/produto\\\/carro-eletrico-antigo-no-terreiro-do-paco-molde-de-silicone\\\/\",\"name\":\"Carro El\u00e9trico antigo no Terreiro do Pa\u00e7o - molde de silicone -\",\"isPartOf\":{\"@id\":\"https:\\\/\\\/divertarte.com\\\/#website\"},\"primaryImageOfPage\":{\"@id\":\"https:\\\/\\\/divertarte.com\\\/index.php\\\/produto\\\/carro-eletrico-antigo-no-terreiro-do-paco-molde-de-silicone\\\/#primaryimage\"},\"image\":{\"@id\":\"https:\\\/\\\/divertarte.com\\\/index.php\\\/produto\\\/carro-eletrico-antigo-no-terreiro-do-paco-molde-de-silicone\\\/#primaryimage\"},\"thumbnailUrl\":\"https:\\\/\\\/divertarte.com\\\/wp-content\\\/uploads\\\/2019\\\/08\\\/eletrico-terreiro-do-paco-lisboa-6.5x5x1.jpg\",\"datePublished\":\"2019-08-06T20:28:21+00:00\",\"dateModified\":\"2025-11-06T13:35:24+00:00\",\"description\":\"Carro El\u00e9trico antigo no Terreiro do Pa\u00e7o - molde de silicone - 6.5x5x1cm.Ideal para ofertas, Turistas, Souvenirs. N\u00e3o utilizar com alimentos\",\"breadcrumb\":{\"@id\":\"https:\\\/\\\/divertarte.com\\\/index.php\\\/produto\\\/carro-eletrico-antigo-no-terreiro-do-paco-molde-de-silicone\\\/#breadcrumb\"},\"inLanguage\":\"pt-PT\",\"potentialAction\":[{\"@type\":\"ReadAction\",\"target\":[\"https:\\\/\\\/divertarte.com\\\/index.php\\\/produto\\\/carro-eletrico-antigo-no-terreiro-do-paco-molde-de-silicone\\\/\"]}]},{\"@type\":\"ImageObject\",\"inLanguage\":\"pt-PT\",\"@id\":\"https:\\\/\\\/divertarte.com\\\/index.php\\\/produto\\\/carro-eletrico-antigo-no-terreiro-do-paco-molde-de-silicone\\\/#primaryimage\",\"url\":\"https:\\\/\\\/divertarte.com\\\/wp-content\\\/uploads\\\/2019\\\/08\\\/eletrico-terreiro-do-paco-lisboa-6.5x5x1.jpg\",\"contentUrl\":\"https:\\\/\\\/divertarte.com\\\/wp-content\\\/uploads\\\/2019\\\/08\\\/eletrico-terreiro-do-paco-lisboa-6.5x5x1.jpg\",\"width\":500,\"height\":500},{\"@type\":\"BreadcrumbList\",\"@id\":\"https:\\\/\\\/divertarte.com\\\/index.php\\\/produto\\\/carro-eletrico-antigo-no-terreiro-do-paco-molde-de-silicone\\\/#breadcrumb\",\"itemListElement\":[{\"@type\":\"ListItem\",\"position\":1,\"name\":\"In\u00edcio\",\"item\":\"https:\\\/\\\/divertarte.com\\\/\"},{\"@type\":\"ListItem\",\"position\":2,\"name\":\"Loja\",\"item\":\"https:\\\/\\\/divertarte.com\\\/index.php\\\/divertarte-produtos\\\/\"},{\"@type\":\"ListItem\",\"position\":3,\"name\":\"Carro El\u00e9trico antigo no Terreiro do Pa\u00e7o &#8211; molde de silicone\"}]},{\"@type\":\"WebSite\",\"@id\":\"https:\\\/\\\/divertarte.com\\\/#website\",\"url\":\"https:\\\/\\\/divertarte.com\\\/\",\"name\":\"Divertarte\",\"description\":\"\",\"publisher\":{\"@id\":\"https:\\\/\\\/divertarte.com\\\/#organization\"},\"potentialAction\":[{\"@type\":\"SearchAction\",\"target\":{\"@type\":\"EntryPoint\",\"urlTemplate\":\"https:\\\/\\\/divertarte.com\\\/?s={search_term_string}\"},\"query-input\":{\"@type\":\"PropertyValueSpecification\",\"valueRequired\":true,\"valueName\":\"search_term_string\"}}],\"inLanguage\":\"pt-PT\"},{\"@type\":\"Organization\",\"@id\":\"https:\\\/\\\/divertarte.com\\\/#organization\",\"name\":\"Divertarte\",\"url\":\"https:\\\/\\\/divertarte.com\\\/\",\"logo\":{\"@type\":\"ImageObject\",\"inLanguage\":\"pt-PT\",\"@id\":\"https:\\\/\\\/divertarte.com\\\/#\\\/schema\\\/logo\\\/image\\\/\",\"url\":\"https:\\\/\\\/divertarte.com\\\/wp-content\\\/uploads\\\/2018\\\/07\\\/logo-div.jpg\",\"contentUrl\":\"https:\\\/\\\/divertarte.com\\\/wp-content\\\/uploads\\\/2018\\\/07\\\/logo-div.jpg\",\"width\":295,\"height\":123,\"caption\":\"Divertarte\"},\"image\":{\"@id\":\"https:\\\/\\\/divertarte.com\\\/#\\\/schema\\\/logo\\\/image\\\/\"}}]}<\/script>\n<!-- \/ Yoast SEO plugin. -->","yoast_head_json":{"title":"Carro El\u00e9trico antigo no Terreiro do Pa\u00e7o - molde de silicone -","description":"Carro El\u00e9trico antigo no Terreiro do Pa\u00e7o - molde de silicone - 6.5x5x1cm.Ideal para ofertas, Turistas, Souvenirs. N\u00e3o utilizar com alimentos","robots":{"index":"index","follow":"follow","max-snippet":"max-snippet:-1","max-image-preview":"max-image-preview:large","max-video-preview":"max-video-preview:-1"},"canonical":"https:\/\/divertarte.com\/index.php\/produto\/carro-eletrico-antigo-no-terreiro-do-paco-molde-de-silicone\/","og_locale":"pt_PT","og_type":"article","og_title":"Carro El\u00e9trico antigo no Terreiro do Pa\u00e7o - molde de silicone -","og_description":"Carro El\u00e9trico antigo no Terreiro do Pa\u00e7o - molde de silicone - 6.5x5x1cm.Ideal para ofertas, Turistas, Souvenirs. N\u00e3o utilizar com alimentos","og_url":"https:\/\/divertarte.com\/index.php\/produto\/carro-eletrico-antigo-no-terreiro-do-paco-molde-de-silicone\/","article_modified_time":"2025-11-06T13:35:24+00:00","og_image":[{"width":500,"height":500,"url":"https:\/\/divertarte.com\/wp-content\/uploads\/2019\/08\/eletrico-terreiro-do-paco-lisboa-6.5x5x1.jpg","type":"image\/jpeg"}],"twitter_card":"summary_large_image","schema":{"@context":"https:\/\/schema.org","@graph":[{"@type":"WebPage","@id":"https:\/\/divertarte.com\/index.php\/produto\/carro-eletrico-antigo-no-terreiro-do-paco-molde-de-silicone\/","url":"https:\/\/divertarte.com\/index.php\/produto\/carro-eletrico-antigo-no-terreiro-do-paco-molde-de-silicone\/","name":"Carro El\u00e9trico antigo no Terreiro do Pa\u00e7o - molde de silicone -","isPartOf":{"@id":"https:\/\/divertarte.com\/#website"},"primaryImageOfPage":{"@id":"https:\/\/divertarte.com\/index.php\/produto\/carro-eletrico-antigo-no-terreiro-do-paco-molde-de-silicone\/#primaryimage"},"image":{"@id":"https:\/\/divertarte.com\/index.php\/produto\/carro-eletrico-antigo-no-terreiro-do-paco-molde-de-silicone\/#primaryimage"},"thumbnailUrl":"https:\/\/divertarte.com\/wp-content\/uploads\/2019\/08\/eletrico-terreiro-do-paco-lisboa-6.5x5x1.jpg","datePublished":"2019-08-06T20:28:21+00:00","dateModified":"2025-11-06T13:35:24+00:00","description":"Carro El\u00e9trico antigo no Terreiro do Pa\u00e7o - molde de silicone - 6.5x5x1cm.Ideal para ofertas, Turistas, Souvenirs. N\u00e3o utilizar com alimentos","breadcrumb":{"@id":"https:\/\/divertarte.com\/index.php\/produto\/carro-eletrico-antigo-no-terreiro-do-paco-molde-de-silicone\/#breadcrumb"},"inLanguage":"pt-PT","potentialAction":[{"@type":"ReadAction","target":["https:\/\/divertarte.com\/index.php\/produto\/carro-eletrico-antigo-no-terreiro-do-paco-molde-de-silicone\/"]}]},{"@type":"ImageObject","inLanguage":"pt-PT","@id":"https:\/\/divertarte.com\/index.php\/produto\/carro-eletrico-antigo-no-terreiro-do-paco-molde-de-silicone\/#primaryimage","url":"https:\/\/divertarte.com\/wp-content\/uploads\/2019\/08\/eletrico-terreiro-do-paco-lisboa-6.5x5x1.jpg","contentUrl":"https:\/\/divertarte.com\/wp-content\/uploads\/2019\/08\/eletrico-terreiro-do-paco-lisboa-6.5x5x1.jpg","width":500,"height":500},{"@type":"BreadcrumbList","@id":"https:\/\/divertarte.com\/index.php\/produto\/carro-eletrico-antigo-no-terreiro-do-paco-molde-de-silicone\/#breadcrumb","itemListElement":[{"@type":"ListItem","position":1,"name":"In\u00edcio","item":"https:\/\/divertarte.com\/"},{"@type":"ListItem","position":2,"name":"Loja","item":"https:\/\/divertarte.com\/index.php\/divertarte-produtos\/"},{"@type":"ListItem","position":3,"name":"Carro El\u00e9trico antigo no Terreiro do Pa\u00e7o &#8211; molde de silicone"}]},{"@type":"WebSite","@id":"https:\/\/divertarte.com\/#website","url":"https:\/\/divertarte.com\/","name":"Divertarte","description":"","publisher":{"@id":"https:\/\/divertarte.com\/#organization"},"potentialAction":[{"@type":"SearchAction","target":{"@type":"EntryPoint","urlTemplate":"https:\/\/divertarte.com\/?s={search_term_string}"},"query-input":{"@type":"PropertyValueSpecification","valueRequired":true,"valueName":"search_term_string"}}],"inLanguage":"pt-PT"},{"@type":"Organization","@id":"https:\/\/divertarte.com\/#organization","name":"Divertarte","url":"https:\/\/divertarte.com\/","logo":{"@type":"ImageObject","inLanguage":"pt-PT","@id":"https:\/\/divertarte.com\/#\/schema\/logo\/image\/","url":"https:\/\/divertarte.com\/wp-content\/uploads\/2018\/07\/logo-div.jpg","contentUrl":"https:\/\/divertarte.com\/wp-content\/uploads\/2018\/07\/logo-div.jpg","width":295,"height":123,"caption":"Divertarte"},"image":{"@id":"https:\/\/divertarte.com\/#\/schema\/logo\/image\/"}}]}},"_links":{"self":[{"href":"https:\/\/divertarte.com\/index.php\/wp-json\/wp\/v2\/product\/9441","targetHints":{"allow":["GET"]}}],"collection":[{"href":"https:\/\/divertarte.com\/index.php\/wp-json\/wp\/v2\/product"}],"about":[{"href":"https:\/\/divertarte.com\/index.php\/wp-json\/wp\/v2\/types\/product"}],"replies":[{"embeddable":true,"href":"https:\/\/divertarte.com\/index.php\/wp-json\/wp\/v2\/comments?post=9441"}],"wp:featuredmedia":[{"embeddable":true,"href":"https:\/\/divertarte.com\/index.php\/wp-json\/wp\/v2\/media\/9499"}],"wp:attachment":[{"href":"https:\/\/divertarte.com\/index.php\/wp-json\/wp\/v2\/media?parent=9441"}],"wp:term":[{"taxonomy":"product_brand","embeddable":true,"href":"https:\/\/divertarte.com\/index.php\/wp-json\/wp\/v2\/product_brand?post=9441"},{"taxonomy":"product_cat","embeddable":true,"href":"https:\/\/divertarte.com\/index.php\/wp-json\/wp\/v2\/product_cat?post=9441"},{"taxonomy":"product_tag","embeddable":true,"href":"https:\/\/divertarte.com\/index.php\/wp-json\/wp\/v2\/product_tag?post=9441"}],"curies":[{"name":"wp","href":"https:\/\/api.w.org\/{rel}","templated":true}]}}