{"id":932,"date":"2018-05-08T16:28:39","date_gmt":"2018-05-08T15:28:39","guid":{"rendered":"https:\/\/divertarte.com\/index.php\/produto\/tule-branco-com-rendinha\/"},"modified":"2025-11-06T14:29:05","modified_gmt":"2025-11-06T14:29:05","slug":"tule-branco-com-rendinha","status":"publish","type":"product","link":"https:\/\/divertarte.com\/index.php\/produto\/tule-branco-com-rendinha\/","title":{"rendered":"TULE BRANCO COM RENDINHA"},"content":{"rendered":"<p>TULE BRANCO COM RENDINHA.<\/p>\n<p>Cores: branco e rosa; branco e azul.<\/p>\n<p>ACONSELHADO PARA : CONFEC\u00c7\u00c3O DE LEMBRAN\u00c7AS DE CASAMENTOS ; BAPTIZADOS ; COMUNH\u00d5ES ; FINAL DE CURSO ; E.T.C.<\/p>\n","protected":false},"excerpt":{"rendered":"<p>TULE BRANCO COM RENDINHA.<\/p>\n<p>Cores: branco e rosa; branco e azul.<\/p>\n<p>ACONSELHADO PARA : CONFEC\u00c7\u00c3O DE LEMBRAN\u00c7AS DE CASAMENTOS ; BAPTIZADOS ; COMUNH\u00d5ES ; FINAL DE CURSO ; E.T.C.<\/p>\n","protected":false},"featured_media":4994,"comment_status":"open","ping_status":"open","template":"","meta":{"_exactmetrics_skip_tracking":false,"_exactmetrics_sitenote_active":false,"_exactmetrics_sitenote_note":"","_exactmetrics_sitenote_category":0},"product_brand":[],"product_cat":[15],"product_tag":[],"class_list":{"0":"post-932","1":"product","2":"type-product","3":"status-publish","4":"has-post-thumbnail","6":"product_cat-ver-todos-os-produtos","8":"first","9":"outofstock","10":"taxable","11":"shipping-taxable","12":"purchasable","13":"product-type-simple"},"yoast_head":"<!-- This site is optimized with the Yoast SEO plugin v27.4 - https:\/\/yoast.com\/product\/yoast-seo-wordpress\/ -->\n<title>TULE BRANCO COM RENDINHA -<\/title>\n<meta name=\"robots\" content=\"index, follow, max-snippet:-1, max-image-preview:large, max-video-preview:-1\" \/>\n<link rel=\"canonical\" href=\"https:\/\/divertarte.com\/index.php\/produto\/tule-branco-com-rendinha\/\" \/>\n<meta property=\"og:locale\" content=\"pt_PT\" \/>\n<meta property=\"og:type\" content=\"article\" \/>\n<meta property=\"og:title\" content=\"TULE BRANCO COM RENDINHA -\" \/>\n<meta property=\"og:description\" content=\"TULE BRANCO COM RENDINHA. Cores: branco e rosa; branco e azul. ACONSELHADO PARA : CONFEC\u00c7\u00c3O DE LEMBRAN\u00c7AS DE CASAMENTOS ; BAPTIZADOS ; COMUNH\u00d5ES ; FINAL DE CURSO ; E.T.C.\" \/>\n<meta property=\"og:url\" content=\"https:\/\/divertarte.com\/index.php\/produto\/tule-branco-com-rendinha\/\" \/>\n<meta property=\"article:modified_time\" content=\"2025-11-06T14:29:05+00:00\" \/>\n<meta property=\"og:image\" content=\"https:\/\/divertarte.com\/wp-content\/uploads\/2018\/05\/tule_renda_porm.jpg\" \/>\n\t<meta property=\"og:image:width\" content=\"451\" \/>\n\t<meta property=\"og:image:height\" content=\"558\" \/>\n\t<meta property=\"og:image:type\" content=\"image\/jpeg\" \/>\n<meta name=\"twitter:card\" content=\"summary_large_image\" \/>\n<script type=\"application\/ld+json\" class=\"yoast-schema-graph\">{\"@context\":\"https:\\\/\\\/schema.org\",\"@graph\":[{\"@type\":\"WebPage\",\"@id\":\"https:\\\/\\\/divertarte.com\\\/index.php\\\/produto\\\/tule-branco-com-rendinha\\\/\",\"url\":\"https:\\\/\\\/divertarte.com\\\/index.php\\\/produto\\\/tule-branco-com-rendinha\\\/\",\"name\":\"TULE BRANCO COM RENDINHA -\",\"isPartOf\":{\"@id\":\"https:\\\/\\\/divertarte.com\\\/#website\"},\"primaryImageOfPage\":{\"@id\":\"https:\\\/\\\/divertarte.com\\\/index.php\\\/produto\\\/tule-branco-com-rendinha\\\/#primaryimage\"},\"image\":{\"@id\":\"https:\\\/\\\/divertarte.com\\\/index.php\\\/produto\\\/tule-branco-com-rendinha\\\/#primaryimage\"},\"thumbnailUrl\":\"https:\\\/\\\/divertarte.com\\\/wp-content\\\/uploads\\\/2018\\\/05\\\/tule_renda_porm.jpg\",\"datePublished\":\"2018-05-08T15:28:39+00:00\",\"dateModified\":\"2025-11-06T14:29:05+00:00\",\"breadcrumb\":{\"@id\":\"https:\\\/\\\/divertarte.com\\\/index.php\\\/produto\\\/tule-branco-com-rendinha\\\/#breadcrumb\"},\"inLanguage\":\"pt-PT\",\"potentialAction\":[{\"@type\":\"ReadAction\",\"target\":[\"https:\\\/\\\/divertarte.com\\\/index.php\\\/produto\\\/tule-branco-com-rendinha\\\/\"]}]},{\"@type\":\"ImageObject\",\"inLanguage\":\"pt-PT\",\"@id\":\"https:\\\/\\\/divertarte.com\\\/index.php\\\/produto\\\/tule-branco-com-rendinha\\\/#primaryimage\",\"url\":\"https:\\\/\\\/divertarte.com\\\/wp-content\\\/uploads\\\/2018\\\/05\\\/tule_renda_porm.jpg\",\"contentUrl\":\"https:\\\/\\\/divertarte.com\\\/wp-content\\\/uploads\\\/2018\\\/05\\\/tule_renda_porm.jpg\",\"width\":451,\"height\":558},{\"@type\":\"BreadcrumbList\",\"@id\":\"https:\\\/\\\/divertarte.com\\\/index.php\\\/produto\\\/tule-branco-com-rendinha\\\/#breadcrumb\",\"itemListElement\":[{\"@type\":\"ListItem\",\"position\":1,\"name\":\"In\u00edcio\",\"item\":\"https:\\\/\\\/divertarte.com\\\/\"},{\"@type\":\"ListItem\",\"position\":2,\"name\":\"Loja\",\"item\":\"https:\\\/\\\/divertarte.com\\\/index.php\\\/divertarte-produtos\\\/\"},{\"@type\":\"ListItem\",\"position\":3,\"name\":\"TULE BRANCO COM RENDINHA\"}]},{\"@type\":\"WebSite\",\"@id\":\"https:\\\/\\\/divertarte.com\\\/#website\",\"url\":\"https:\\\/\\\/divertarte.com\\\/\",\"name\":\"Divertarte\",\"description\":\"\",\"publisher\":{\"@id\":\"https:\\\/\\\/divertarte.com\\\/#organization\"},\"potentialAction\":[{\"@type\":\"SearchAction\",\"target\":{\"@type\":\"EntryPoint\",\"urlTemplate\":\"https:\\\/\\\/divertarte.com\\\/?s={search_term_string}\"},\"query-input\":{\"@type\":\"PropertyValueSpecification\",\"valueRequired\":true,\"valueName\":\"search_term_string\"}}],\"inLanguage\":\"pt-PT\"},{\"@type\":\"Organization\",\"@id\":\"https:\\\/\\\/divertarte.com\\\/#organization\",\"name\":\"Divertarte\",\"url\":\"https:\\\/\\\/divertarte.com\\\/\",\"logo\":{\"@type\":\"ImageObject\",\"inLanguage\":\"pt-PT\",\"@id\":\"https:\\\/\\\/divertarte.com\\\/#\\\/schema\\\/logo\\\/image\\\/\",\"url\":\"https:\\\/\\\/divertarte.com\\\/wp-content\\\/uploads\\\/2018\\\/07\\\/logo-div.jpg\",\"contentUrl\":\"https:\\\/\\\/divertarte.com\\\/wp-content\\\/uploads\\\/2018\\\/07\\\/logo-div.jpg\",\"width\":295,\"height\":123,\"caption\":\"Divertarte\"},\"image\":{\"@id\":\"https:\\\/\\\/divertarte.com\\\/#\\\/schema\\\/logo\\\/image\\\/\"}}]}<\/script>\n<!-- \/ Yoast SEO plugin. -->","yoast_head_json":{"title":"TULE BRANCO COM RENDINHA -","robots":{"index":"index","follow":"follow","max-snippet":"max-snippet:-1","max-image-preview":"max-image-preview:large","max-video-preview":"max-video-preview:-1"},"canonical":"https:\/\/divertarte.com\/index.php\/produto\/tule-branco-com-rendinha\/","og_locale":"pt_PT","og_type":"article","og_title":"TULE BRANCO COM RENDINHA -","og_description":"TULE BRANCO COM RENDINHA. Cores: branco e rosa; branco e azul. ACONSELHADO PARA : CONFEC\u00c7\u00c3O DE LEMBRAN\u00c7AS DE CASAMENTOS ; BAPTIZADOS ; COMUNH\u00d5ES ; FINAL DE CURSO ; E.T.C.","og_url":"https:\/\/divertarte.com\/index.php\/produto\/tule-branco-com-rendinha\/","article_modified_time":"2025-11-06T14:29:05+00:00","og_image":[{"width":451,"height":558,"url":"https:\/\/divertarte.com\/wp-content\/uploads\/2018\/05\/tule_renda_porm.jpg","type":"image\/jpeg"}],"twitter_card":"summary_large_image","schema":{"@context":"https:\/\/schema.org","@graph":[{"@type":"WebPage","@id":"https:\/\/divertarte.com\/index.php\/produto\/tule-branco-com-rendinha\/","url":"https:\/\/divertarte.com\/index.php\/produto\/tule-branco-com-rendinha\/","name":"TULE BRANCO COM RENDINHA -","isPartOf":{"@id":"https:\/\/divertarte.com\/#website"},"primaryImageOfPage":{"@id":"https:\/\/divertarte.com\/index.php\/produto\/tule-branco-com-rendinha\/#primaryimage"},"image":{"@id":"https:\/\/divertarte.com\/index.php\/produto\/tule-branco-com-rendinha\/#primaryimage"},"thumbnailUrl":"https:\/\/divertarte.com\/wp-content\/uploads\/2018\/05\/tule_renda_porm.jpg","datePublished":"2018-05-08T15:28:39+00:00","dateModified":"2025-11-06T14:29:05+00:00","breadcrumb":{"@id":"https:\/\/divertarte.com\/index.php\/produto\/tule-branco-com-rendinha\/#breadcrumb"},"inLanguage":"pt-PT","potentialAction":[{"@type":"ReadAction","target":["https:\/\/divertarte.com\/index.php\/produto\/tule-branco-com-rendinha\/"]}]},{"@type":"ImageObject","inLanguage":"pt-PT","@id":"https:\/\/divertarte.com\/index.php\/produto\/tule-branco-com-rendinha\/#primaryimage","url":"https:\/\/divertarte.com\/wp-content\/uploads\/2018\/05\/tule_renda_porm.jpg","contentUrl":"https:\/\/divertarte.com\/wp-content\/uploads\/2018\/05\/tule_renda_porm.jpg","width":451,"height":558},{"@type":"BreadcrumbList","@id":"https:\/\/divertarte.com\/index.php\/produto\/tule-branco-com-rendinha\/#breadcrumb","itemListElement":[{"@type":"ListItem","position":1,"name":"In\u00edcio","item":"https:\/\/divertarte.com\/"},{"@type":"ListItem","position":2,"name":"Loja","item":"https:\/\/divertarte.com\/index.php\/divertarte-produtos\/"},{"@type":"ListItem","position":3,"name":"TULE BRANCO COM RENDINHA"}]},{"@type":"WebSite","@id":"https:\/\/divertarte.com\/#website","url":"https:\/\/divertarte.com\/","name":"Divertarte","description":"","publisher":{"@id":"https:\/\/divertarte.com\/#organization"},"potentialAction":[{"@type":"SearchAction","target":{"@type":"EntryPoint","urlTemplate":"https:\/\/divertarte.com\/?s={search_term_string}"},"query-input":{"@type":"PropertyValueSpecification","valueRequired":true,"valueName":"search_term_string"}}],"inLanguage":"pt-PT"},{"@type":"Organization","@id":"https:\/\/divertarte.com\/#organization","name":"Divertarte","url":"https:\/\/divertarte.com\/","logo":{"@type":"ImageObject","inLanguage":"pt-PT","@id":"https:\/\/divertarte.com\/#\/schema\/logo\/image\/","url":"https:\/\/divertarte.com\/wp-content\/uploads\/2018\/07\/logo-div.jpg","contentUrl":"https:\/\/divertarte.com\/wp-content\/uploads\/2018\/07\/logo-div.jpg","width":295,"height":123,"caption":"Divertarte"},"image":{"@id":"https:\/\/divertarte.com\/#\/schema\/logo\/image\/"}}]}},"_links":{"self":[{"href":"https:\/\/divertarte.com\/index.php\/wp-json\/wp\/v2\/product\/932","targetHints":{"allow":["GET"]}}],"collection":[{"href":"https:\/\/divertarte.com\/index.php\/wp-json\/wp\/v2\/product"}],"about":[{"href":"https:\/\/divertarte.com\/index.php\/wp-json\/wp\/v2\/types\/product"}],"replies":[{"embeddable":true,"href":"https:\/\/divertarte.com\/index.php\/wp-json\/wp\/v2\/comments?post=932"}],"wp:featuredmedia":[{"embeddable":true,"href":"https:\/\/divertarte.com\/index.php\/wp-json\/wp\/v2\/media\/4994"}],"wp:attachment":[{"href":"https:\/\/divertarte.com\/index.php\/wp-json\/wp\/v2\/media?parent=932"}],"wp:term":[{"taxonomy":"product_brand","embeddable":true,"href":"https:\/\/divertarte.com\/index.php\/wp-json\/wp\/v2\/product_brand?post=932"},{"taxonomy":"product_cat","embeddable":true,"href":"https:\/\/divertarte.com\/index.php\/wp-json\/wp\/v2\/product_cat?post=932"},{"taxonomy":"product_tag","embeddable":true,"href":"https:\/\/divertarte.com\/index.php\/wp-json\/wp\/v2\/product_tag?post=932"}],"curies":[{"name":"wp","href":"https:\/\/api.w.org\/{rel}","templated":true}]}}