{"id":9193,"date":"2019-01-26T19:07:49","date_gmt":"2019-01-26T19:07:49","guid":{"rendered":"https:\/\/divertarte.com\/?post_type=product&#038;p=9193"},"modified":"2025-11-06T13:35:30","modified_gmt":"2025-11-06T13:35:30","slug":"carimbo-personalizado-4-5cm","status":"publish","type":"product","link":"https:\/\/divertarte.com\/index.php\/produto\/carimbo-personalizado-4-5cm\/","title":{"rendered":"Carimbo Personalizado 4.5cm"},"content":{"rendered":"<p>Carimbos personalizados com as tuas palavras favoritas, Tamanho 45X45mm<\/p>\n<p>nomes, nome de empresa, dedicat\u00f3rias, desenhos. Log\u00f3tipos Alem disso o carimbo pode ser a cores. O carimbo leva tinta para cerca de 40 carimbadelas.<br \/>\nTemos a tinta pr\u00f3pria que podes adquirir.<\/p>\n<p>A imagem serve apenas de exemplo.<\/p>\n<p>Manda-nos um email com o teu desenho para<br \/>\n<a href=\"mailto:divertarte.loja@gmail.com\">divertarte.loja@gmail.com<\/a><\/p>\n","protected":false},"excerpt":{"rendered":"<p>Carimbos personalizados com as tuas palavras favoritas, Tamanho do carimbo 45X45mm.<\/p>\n<p>nomes, nome de empresa, dedicat\u00f3rias, desenhos. Log\u00f3tipos Alem disso o carimbo pode ser a cores.<\/p>\n<p>Carimbo completo com caixa, ou s\u00f3 o carimbo. Podes usar v\u00e1rios carimbos com a mesma caixa. V\u00ea as imagens da galeria com a explica\u00e7\u00e3o.<\/p>\n<p>O carimbo leva tinta para cerca de 40 carimbadelas.<br \/>\nTemos a tinta pr\u00f3pria que podes adquirir. <a href=\"https:\/\/divertarte.com\/index.php\/produto\/tinta-para-carimbo-personalizado\/\">https:\/\/divertarte.com\/index.php\/produto\/tinta-para-carimbo-personalizado\/<\/a><\/p>\n<p>A imagem serve apenas de exemplo.<\/p>\n<p>Manda-nos um email com o teu desenho para<br \/>\n<a href=\"mailto:divertarte.loja@gmail.com\">divertarte.loja@gmail.com<\/a><\/p>\n","protected":false},"featured_media":9194,"comment_status":"open","ping_status":"closed","template":"","meta":{"_exactmetrics_skip_tracking":false,"_exactmetrics_sitenote_active":false,"_exactmetrics_sitenote_note":"","_exactmetrics_sitenote_category":0},"product_brand":[],"product_cat":[15],"product_tag":[718,719],"class_list":{"0":"post-9193","1":"product","2":"type-product","3":"status-publish","4":"has-post-thumbnail","6":"product_cat-ver-todos-os-produtos","7":"product_tag-carimbos-personalizados","8":"product_tag-carimbos-portugal","10":"first","11":"instock","12":"taxable","13":"shipping-taxable","14":"purchasable","15":"product-type-variable"},"yoast_head":"<!-- This site is optimized with the Yoast SEO plugin v27.5 - https:\/\/yoast.com\/product\/yoast-seo-wordpress\/ -->\n<title>Carimbo Personalizado 4.5cm -<\/title>\n<meta name=\"description\" content=\"Carimbos personalizados com as suas palavras favoritas, nomes, nome de empresa, dedicat\u00f3rias, desenhos. Logotipos. 45X45mm. o carimbo pode ser a cores\" \/>\n<meta name=\"robots\" content=\"index, follow, max-snippet:-1, max-image-preview:large, max-video-preview:-1\" \/>\n<link rel=\"canonical\" href=\"https:\/\/divertarte.com\/index.php\/produto\/carimbo-personalizado-4-5cm\/\" \/>\n<meta property=\"og:locale\" content=\"pt_PT\" \/>\n<meta property=\"og:type\" content=\"article\" \/>\n<meta property=\"og:title\" content=\"Carimbo Personalizado 4.5cm -\" \/>\n<meta property=\"og:description\" content=\"Carimbos personalizados com as suas palavras favoritas, nomes, nome de empresa, dedicat\u00f3rias, desenhos. Logotipos. 45X45mm. o carimbo pode ser a cores\" \/>\n<meta property=\"og:url\" content=\"https:\/\/divertarte.com\/index.php\/produto\/carimbo-personalizado-4-5cm\/\" \/>\n<meta property=\"article:modified_time\" content=\"2025-11-06T13:35:30+00:00\" \/>\n<meta property=\"og:image\" content=\"https:\/\/divertarte.com\/wp-content\/uploads\/2019\/01\/Carimbo-amo-te-Exemplo-4.5x4.5cm.jpg\" \/>\n\t<meta property=\"og:image:width\" content=\"350\" \/>\n\t<meta property=\"og:image:height\" content=\"350\" \/>\n\t<meta property=\"og:image:type\" content=\"image\/jpeg\" \/>\n<meta name=\"twitter:card\" content=\"summary_large_image\" \/>\n<meta name=\"twitter:label1\" content=\"Tempo estimado de leitura\" \/>\n\t<meta name=\"twitter:data1\" content=\"1 minuto\" \/>\n<script type=\"application\/ld+json\" class=\"yoast-schema-graph\">{\"@context\":\"https:\\\/\\\/schema.org\",\"@graph\":[{\"@type\":\"WebPage\",\"@id\":\"https:\\\/\\\/divertarte.com\\\/index.php\\\/produto\\\/carimbo-personalizado-4-5cm\\\/\",\"url\":\"https:\\\/\\\/divertarte.com\\\/index.php\\\/produto\\\/carimbo-personalizado-4-5cm\\\/\",\"name\":\"Carimbo Personalizado 4.5cm -\",\"isPartOf\":{\"@id\":\"https:\\\/\\\/divertarte.com\\\/#website\"},\"primaryImageOfPage\":{\"@id\":\"https:\\\/\\\/divertarte.com\\\/index.php\\\/produto\\\/carimbo-personalizado-4-5cm\\\/#primaryimage\"},\"image\":{\"@id\":\"https:\\\/\\\/divertarte.com\\\/index.php\\\/produto\\\/carimbo-personalizado-4-5cm\\\/#primaryimage\"},\"thumbnailUrl\":\"https:\\\/\\\/divertarte.com\\\/wp-content\\\/uploads\\\/2019\\\/01\\\/Carimbo-amo-te-Exemplo-4.5x4.5cm.jpg\",\"datePublished\":\"2019-01-26T19:07:49+00:00\",\"dateModified\":\"2025-11-06T13:35:30+00:00\",\"description\":\"Carimbos personalizados com as suas palavras favoritas, nomes, nome de empresa, dedicat\u00f3rias, desenhos. Logotipos. 45X45mm. o carimbo pode ser a cores\",\"breadcrumb\":{\"@id\":\"https:\\\/\\\/divertarte.com\\\/index.php\\\/produto\\\/carimbo-personalizado-4-5cm\\\/#breadcrumb\"},\"inLanguage\":\"pt-PT\",\"potentialAction\":[{\"@type\":\"ReadAction\",\"target\":[\"https:\\\/\\\/divertarte.com\\\/index.php\\\/produto\\\/carimbo-personalizado-4-5cm\\\/\"]}]},{\"@type\":\"ImageObject\",\"inLanguage\":\"pt-PT\",\"@id\":\"https:\\\/\\\/divertarte.com\\\/index.php\\\/produto\\\/carimbo-personalizado-4-5cm\\\/#primaryimage\",\"url\":\"https:\\\/\\\/divertarte.com\\\/wp-content\\\/uploads\\\/2019\\\/01\\\/Carimbo-amo-te-Exemplo-4.5x4.5cm.jpg\",\"contentUrl\":\"https:\\\/\\\/divertarte.com\\\/wp-content\\\/uploads\\\/2019\\\/01\\\/Carimbo-amo-te-Exemplo-4.5x4.5cm.jpg\",\"width\":350,\"height\":350},{\"@type\":\"BreadcrumbList\",\"@id\":\"https:\\\/\\\/divertarte.com\\\/index.php\\\/produto\\\/carimbo-personalizado-4-5cm\\\/#breadcrumb\",\"itemListElement\":[{\"@type\":\"ListItem\",\"position\":1,\"name\":\"In\u00edcio\",\"item\":\"https:\\\/\\\/divertarte.com\\\/\"},{\"@type\":\"ListItem\",\"position\":2,\"name\":\"Loja\",\"item\":\"https:\\\/\\\/divertarte.com\\\/index.php\\\/divertarte-produtos\\\/\"},{\"@type\":\"ListItem\",\"position\":3,\"name\":\"Carimbo Personalizado 4.5cm\"}]},{\"@type\":\"WebSite\",\"@id\":\"https:\\\/\\\/divertarte.com\\\/#website\",\"url\":\"https:\\\/\\\/divertarte.com\\\/\",\"name\":\"Divertarte\",\"description\":\"\",\"publisher\":{\"@id\":\"https:\\\/\\\/divertarte.com\\\/#organization\"},\"potentialAction\":[{\"@type\":\"SearchAction\",\"target\":{\"@type\":\"EntryPoint\",\"urlTemplate\":\"https:\\\/\\\/divertarte.com\\\/?s={search_term_string}\"},\"query-input\":{\"@type\":\"PropertyValueSpecification\",\"valueRequired\":true,\"valueName\":\"search_term_string\"}}],\"inLanguage\":\"pt-PT\"},{\"@type\":\"Organization\",\"@id\":\"https:\\\/\\\/divertarte.com\\\/#organization\",\"name\":\"Divertarte\",\"url\":\"https:\\\/\\\/divertarte.com\\\/\",\"logo\":{\"@type\":\"ImageObject\",\"inLanguage\":\"pt-PT\",\"@id\":\"https:\\\/\\\/divertarte.com\\\/#\\\/schema\\\/logo\\\/image\\\/\",\"url\":\"https:\\\/\\\/divertarte.com\\\/wp-content\\\/uploads\\\/2018\\\/07\\\/logo-div.jpg\",\"contentUrl\":\"https:\\\/\\\/divertarte.com\\\/wp-content\\\/uploads\\\/2018\\\/07\\\/logo-div.jpg\",\"width\":295,\"height\":123,\"caption\":\"Divertarte\"},\"image\":{\"@id\":\"https:\\\/\\\/divertarte.com\\\/#\\\/schema\\\/logo\\\/image\\\/\"}}]}<\/script>\n<!-- \/ Yoast SEO plugin. -->","yoast_head_json":{"title":"Carimbo Personalizado 4.5cm -","description":"Carimbos personalizados com as suas palavras favoritas, nomes, nome de empresa, dedicat\u00f3rias, desenhos. Logotipos. 45X45mm. o carimbo pode ser a cores","robots":{"index":"index","follow":"follow","max-snippet":"max-snippet:-1","max-image-preview":"max-image-preview:large","max-video-preview":"max-video-preview:-1"},"canonical":"https:\/\/divertarte.com\/index.php\/produto\/carimbo-personalizado-4-5cm\/","og_locale":"pt_PT","og_type":"article","og_title":"Carimbo Personalizado 4.5cm -","og_description":"Carimbos personalizados com as suas palavras favoritas, nomes, nome de empresa, dedicat\u00f3rias, desenhos. Logotipos. 45X45mm. o carimbo pode ser a cores","og_url":"https:\/\/divertarte.com\/index.php\/produto\/carimbo-personalizado-4-5cm\/","article_modified_time":"2025-11-06T13:35:30+00:00","og_image":[{"width":350,"height":350,"url":"https:\/\/divertarte.com\/wp-content\/uploads\/2019\/01\/Carimbo-amo-te-Exemplo-4.5x4.5cm.jpg","type":"image\/jpeg"}],"twitter_card":"summary_large_image","twitter_misc":{"Tempo estimado de leitura":"1 minuto"},"schema":{"@context":"https:\/\/schema.org","@graph":[{"@type":"WebPage","@id":"https:\/\/divertarte.com\/index.php\/produto\/carimbo-personalizado-4-5cm\/","url":"https:\/\/divertarte.com\/index.php\/produto\/carimbo-personalizado-4-5cm\/","name":"Carimbo Personalizado 4.5cm -","isPartOf":{"@id":"https:\/\/divertarte.com\/#website"},"primaryImageOfPage":{"@id":"https:\/\/divertarte.com\/index.php\/produto\/carimbo-personalizado-4-5cm\/#primaryimage"},"image":{"@id":"https:\/\/divertarte.com\/index.php\/produto\/carimbo-personalizado-4-5cm\/#primaryimage"},"thumbnailUrl":"https:\/\/divertarte.com\/wp-content\/uploads\/2019\/01\/Carimbo-amo-te-Exemplo-4.5x4.5cm.jpg","datePublished":"2019-01-26T19:07:49+00:00","dateModified":"2025-11-06T13:35:30+00:00","description":"Carimbos personalizados com as suas palavras favoritas, nomes, nome de empresa, dedicat\u00f3rias, desenhos. Logotipos. 45X45mm. o carimbo pode ser a cores","breadcrumb":{"@id":"https:\/\/divertarte.com\/index.php\/produto\/carimbo-personalizado-4-5cm\/#breadcrumb"},"inLanguage":"pt-PT","potentialAction":[{"@type":"ReadAction","target":["https:\/\/divertarte.com\/index.php\/produto\/carimbo-personalizado-4-5cm\/"]}]},{"@type":"ImageObject","inLanguage":"pt-PT","@id":"https:\/\/divertarte.com\/index.php\/produto\/carimbo-personalizado-4-5cm\/#primaryimage","url":"https:\/\/divertarte.com\/wp-content\/uploads\/2019\/01\/Carimbo-amo-te-Exemplo-4.5x4.5cm.jpg","contentUrl":"https:\/\/divertarte.com\/wp-content\/uploads\/2019\/01\/Carimbo-amo-te-Exemplo-4.5x4.5cm.jpg","width":350,"height":350},{"@type":"BreadcrumbList","@id":"https:\/\/divertarte.com\/index.php\/produto\/carimbo-personalizado-4-5cm\/#breadcrumb","itemListElement":[{"@type":"ListItem","position":1,"name":"In\u00edcio","item":"https:\/\/divertarte.com\/"},{"@type":"ListItem","position":2,"name":"Loja","item":"https:\/\/divertarte.com\/index.php\/divertarte-produtos\/"},{"@type":"ListItem","position":3,"name":"Carimbo Personalizado 4.5cm"}]},{"@type":"WebSite","@id":"https:\/\/divertarte.com\/#website","url":"https:\/\/divertarte.com\/","name":"Divertarte","description":"","publisher":{"@id":"https:\/\/divertarte.com\/#organization"},"potentialAction":[{"@type":"SearchAction","target":{"@type":"EntryPoint","urlTemplate":"https:\/\/divertarte.com\/?s={search_term_string}"},"query-input":{"@type":"PropertyValueSpecification","valueRequired":true,"valueName":"search_term_string"}}],"inLanguage":"pt-PT"},{"@type":"Organization","@id":"https:\/\/divertarte.com\/#organization","name":"Divertarte","url":"https:\/\/divertarte.com\/","logo":{"@type":"ImageObject","inLanguage":"pt-PT","@id":"https:\/\/divertarte.com\/#\/schema\/logo\/image\/","url":"https:\/\/divertarte.com\/wp-content\/uploads\/2018\/07\/logo-div.jpg","contentUrl":"https:\/\/divertarte.com\/wp-content\/uploads\/2018\/07\/logo-div.jpg","width":295,"height":123,"caption":"Divertarte"},"image":{"@id":"https:\/\/divertarte.com\/#\/schema\/logo\/image\/"}}]}},"_links":{"self":[{"href":"https:\/\/divertarte.com\/index.php\/wp-json\/wp\/v2\/product\/9193","targetHints":{"allow":["GET"]}}],"collection":[{"href":"https:\/\/divertarte.com\/index.php\/wp-json\/wp\/v2\/product"}],"about":[{"href":"https:\/\/divertarte.com\/index.php\/wp-json\/wp\/v2\/types\/product"}],"replies":[{"embeddable":true,"href":"https:\/\/divertarte.com\/index.php\/wp-json\/wp\/v2\/comments?post=9193"}],"wp:featuredmedia":[{"embeddable":true,"href":"https:\/\/divertarte.com\/index.php\/wp-json\/wp\/v2\/media\/9194"}],"wp:attachment":[{"href":"https:\/\/divertarte.com\/index.php\/wp-json\/wp\/v2\/media?parent=9193"}],"wp:term":[{"taxonomy":"product_brand","embeddable":true,"href":"https:\/\/divertarte.com\/index.php\/wp-json\/wp\/v2\/product_brand?post=9193"},{"taxonomy":"product_cat","embeddable":true,"href":"https:\/\/divertarte.com\/index.php\/wp-json\/wp\/v2\/product_cat?post=9193"},{"taxonomy":"product_tag","embeddable":true,"href":"https:\/\/divertarte.com\/index.php\/wp-json\/wp\/v2\/product_tag?post=9193"}],"curies":[{"name":"wp","href":"https:\/\/api.w.org\/{rel}","templated":true}]}}