{"id":914,"date":"2018-06-07T14:01:55","date_gmt":"2018-06-07T13:01:55","guid":{"rendered":"https:\/\/divertarte.com\/index.php\/produto\/lauril-espuma-250-ml\/"},"modified":"2025-11-06T14:10:12","modified_gmt":"2025-11-06T14:10:12","slug":"lauril-espuma-250-ml","status":"publish","type":"product","link":"https:\/\/divertarte.com\/index.php\/produto\/lauril-espuma-250-ml\/","title":{"rendered":"Lauril &#8211; espuma 250 ml"},"content":{"rendered":"<p>Frasco com 250 ml. Lauril Eter Sulfato de Sodio Tensioactivo,<\/p>\n<p>Espumante L\u00edquido aconselhado para dar espuma a sabonetes s\u00f3lidos artesanais, sabonete liquido, champo, sais de banho<br \/>\n\u00f3timo comportamento em termos de incremento de viscosidade, boa compatibilidade com a pele. \u00c9 indicado para fabrica\u00e7\u00e3o de shampos, banhos de espuma e sabonetes l\u00edquidos e s\u00f3lidos.<br \/>\nPerfumaria, Sabonetes, Cosm\u00e9ticos e Artesanato em geral<\/p>\n","protected":false},"excerpt":{"rendered":"<p>Frasco com 250 ml. Lauril Eter Sulfato de Sodio Tensioactivo,<\/p>\n<p>Espumante L\u00edquido aconselhado para dar espuma a sabonetes s\u00f3lidos artesanais, sabonete liquido, champo, sais de banho<br \/>\n\u00f3timo comportamento em termos de incremento de viscosidade, boa compatibilidade com a pele. \u00c9 indicado para fabrica\u00e7\u00e3o de shampos, banhos de espuma e sabonetes l\u00edquidos e s\u00f3lidos.<br \/>\nPerfumaria, Sabonetes, Cosm\u00e9ticos e Artesanato em geral<\/p>\n","protected":false},"featured_media":4979,"comment_status":"closed","ping_status":"closed","template":"","meta":{"_exactmetrics_skip_tracking":false,"_exactmetrics_sitenote_active":false,"_exactmetrics_sitenote_note":"","_exactmetrics_sitenote_category":0},"product_brand":[],"product_cat":[285,384,15],"product_tag":[],"class_list":{"0":"post-914","1":"product","2":"type-product","3":"status-publish","4":"has-post-thumbnail","6":"product_cat-aditivos-espuma-sabonete-liquido","7":"product_cat-lauril-liquido","8":"product_cat-ver-todos-os-produtos","10":"first","11":"instock","12":"taxable","13":"shipping-taxable","14":"purchasable","15":"product-type-simple"},"yoast_head":"<!-- This site is optimized with the Yoast SEO plugin v27.4 - https:\/\/yoast.com\/product\/yoast-seo-wordpress\/ -->\n<title>Lauril - espuma 250 ml -<\/title>\n<meta name=\"description\" content=\"Frasco com 250 ml. Lauril Eter Sulfato de Sodio Tensioactivo,Espumante L\u00edquido aconselhado para dar espuma a sabonetes s\u00f3lidos artesanais, sabonete liquido, champo, sais de banho \u00f3timo comportamento em termos de incremento de viscosidade, boa compatibilidade com a pele. \u00c9 indicado para fabrica\u00e7\u00e3o de shampos, banhos de espuma e sabonetes l\u00edquidos e s\u00f3lidos.Perfumaria, Sabonetes, Cosm\u00e9ticos e Artesanato em geral\" \/>\n<meta name=\"robots\" content=\"index, follow, max-snippet:-1, max-image-preview:large, max-video-preview:-1\" \/>\n<link rel=\"canonical\" href=\"https:\/\/divertarte.com\/index.php\/produto\/lauril-espuma-250-ml\/\" \/>\n<meta property=\"og:locale\" content=\"pt_PT\" \/>\n<meta property=\"og:type\" content=\"article\" \/>\n<meta property=\"og:title\" content=\"Lauril - espuma 250 ml -\" \/>\n<meta property=\"og:description\" content=\"Frasco com 250 ml. Lauril Eter Sulfato de Sodio Tensioactivo,Espumante L\u00edquido aconselhado para dar espuma a sabonetes s\u00f3lidos artesanais, sabonete liquido, champo, sais de banho \u00f3timo comportamento em termos de incremento de viscosidade, boa compatibilidade com a pele. \u00c9 indicado para fabrica\u00e7\u00e3o de shampos, banhos de espuma e sabonetes l\u00edquidos e s\u00f3lidos.Perfumaria, Sabonetes, Cosm\u00e9ticos e Artesanato em geral\" \/>\n<meta property=\"og:url\" content=\"https:\/\/divertarte.com\/index.php\/produto\/lauril-espuma-250-ml\/\" \/>\n<meta property=\"article:modified_time\" content=\"2025-11-06T14:10:12+00:00\" \/>\n<meta property=\"og:image\" content=\"https:\/\/divertarte.com\/wp-content\/uploads\/2018\/05\/Lauril_250_ml.jpg\" \/>\n\t<meta property=\"og:image:width\" content=\"558\" \/>\n\t<meta property=\"og:image:height\" content=\"558\" \/>\n\t<meta property=\"og:image:type\" content=\"image\/jpeg\" \/>\n<meta name=\"twitter:card\" content=\"summary_large_image\" \/>\n<script type=\"application\/ld+json\" class=\"yoast-schema-graph\">{\"@context\":\"https:\\\/\\\/schema.org\",\"@graph\":[{\"@type\":\"WebPage\",\"@id\":\"https:\\\/\\\/divertarte.com\\\/index.php\\\/produto\\\/lauril-espuma-250-ml\\\/\",\"url\":\"https:\\\/\\\/divertarte.com\\\/index.php\\\/produto\\\/lauril-espuma-250-ml\\\/\",\"name\":\"Lauril - espuma 250 ml -\",\"isPartOf\":{\"@id\":\"https:\\\/\\\/divertarte.com\\\/#website\"},\"primaryImageOfPage\":{\"@id\":\"https:\\\/\\\/divertarte.com\\\/index.php\\\/produto\\\/lauril-espuma-250-ml\\\/#primaryimage\"},\"image\":{\"@id\":\"https:\\\/\\\/divertarte.com\\\/index.php\\\/produto\\\/lauril-espuma-250-ml\\\/#primaryimage\"},\"thumbnailUrl\":\"https:\\\/\\\/divertarte.com\\\/wp-content\\\/uploads\\\/2018\\\/05\\\/Lauril_250_ml.jpg\",\"datePublished\":\"2018-06-07T13:01:55+00:00\",\"dateModified\":\"2025-11-06T14:10:12+00:00\",\"description\":\"Frasco com 250 ml. Lauril Eter Sulfato de Sodio Tensioactivo,Espumante L\u00edquido aconselhado para dar espuma a sabonetes s\u00f3lidos artesanais, sabonete liquido, champo, sais de banho \u00f3timo comportamento em termos de incremento de viscosidade, boa compatibilidade com a pele. \u00c9 indicado para fabrica\u00e7\u00e3o de shampos, banhos de espuma e sabonetes l\u00edquidos e s\u00f3lidos.Perfumaria, Sabonetes, Cosm\u00e9ticos e Artesanato em geral\",\"breadcrumb\":{\"@id\":\"https:\\\/\\\/divertarte.com\\\/index.php\\\/produto\\\/lauril-espuma-250-ml\\\/#breadcrumb\"},\"inLanguage\":\"pt-PT\",\"potentialAction\":[{\"@type\":\"ReadAction\",\"target\":[\"https:\\\/\\\/divertarte.com\\\/index.php\\\/produto\\\/lauril-espuma-250-ml\\\/\"]}]},{\"@type\":\"ImageObject\",\"inLanguage\":\"pt-PT\",\"@id\":\"https:\\\/\\\/divertarte.com\\\/index.php\\\/produto\\\/lauril-espuma-250-ml\\\/#primaryimage\",\"url\":\"https:\\\/\\\/divertarte.com\\\/wp-content\\\/uploads\\\/2018\\\/05\\\/Lauril_250_ml.jpg\",\"contentUrl\":\"https:\\\/\\\/divertarte.com\\\/wp-content\\\/uploads\\\/2018\\\/05\\\/Lauril_250_ml.jpg\",\"width\":558,\"height\":558},{\"@type\":\"BreadcrumbList\",\"@id\":\"https:\\\/\\\/divertarte.com\\\/index.php\\\/produto\\\/lauril-espuma-250-ml\\\/#breadcrumb\",\"itemListElement\":[{\"@type\":\"ListItem\",\"position\":1,\"name\":\"In\u00edcio\",\"item\":\"https:\\\/\\\/divertarte.com\\\/\"},{\"@type\":\"ListItem\",\"position\":2,\"name\":\"Loja\",\"item\":\"https:\\\/\\\/divertarte.com\\\/index.php\\\/divertarte-produtos\\\/\"},{\"@type\":\"ListItem\",\"position\":3,\"name\":\"Lauril &#8211; espuma 250 ml\"}]},{\"@type\":\"WebSite\",\"@id\":\"https:\\\/\\\/divertarte.com\\\/#website\",\"url\":\"https:\\\/\\\/divertarte.com\\\/\",\"name\":\"Divertarte\",\"description\":\"\",\"publisher\":{\"@id\":\"https:\\\/\\\/divertarte.com\\\/#organization\"},\"potentialAction\":[{\"@type\":\"SearchAction\",\"target\":{\"@type\":\"EntryPoint\",\"urlTemplate\":\"https:\\\/\\\/divertarte.com\\\/?s={search_term_string}\"},\"query-input\":{\"@type\":\"PropertyValueSpecification\",\"valueRequired\":true,\"valueName\":\"search_term_string\"}}],\"inLanguage\":\"pt-PT\"},{\"@type\":\"Organization\",\"@id\":\"https:\\\/\\\/divertarte.com\\\/#organization\",\"name\":\"Divertarte\",\"url\":\"https:\\\/\\\/divertarte.com\\\/\",\"logo\":{\"@type\":\"ImageObject\",\"inLanguage\":\"pt-PT\",\"@id\":\"https:\\\/\\\/divertarte.com\\\/#\\\/schema\\\/logo\\\/image\\\/\",\"url\":\"https:\\\/\\\/divertarte.com\\\/wp-content\\\/uploads\\\/2018\\\/07\\\/logo-div.jpg\",\"contentUrl\":\"https:\\\/\\\/divertarte.com\\\/wp-content\\\/uploads\\\/2018\\\/07\\\/logo-div.jpg\",\"width\":295,\"height\":123,\"caption\":\"Divertarte\"},\"image\":{\"@id\":\"https:\\\/\\\/divertarte.com\\\/#\\\/schema\\\/logo\\\/image\\\/\"}}]}<\/script>\n<!-- \/ Yoast SEO plugin. -->","yoast_head_json":{"title":"Lauril - espuma 250 ml -","description":"Frasco com 250 ml. Lauril Eter Sulfato de Sodio Tensioactivo,Espumante L\u00edquido aconselhado para dar espuma a sabonetes s\u00f3lidos artesanais, sabonete liquido, champo, sais de banho \u00f3timo comportamento em termos de incremento de viscosidade, boa compatibilidade com a pele. \u00c9 indicado para fabrica\u00e7\u00e3o de shampos, banhos de espuma e sabonetes l\u00edquidos e s\u00f3lidos.Perfumaria, Sabonetes, Cosm\u00e9ticos e Artesanato em geral","robots":{"index":"index","follow":"follow","max-snippet":"max-snippet:-1","max-image-preview":"max-image-preview:large","max-video-preview":"max-video-preview:-1"},"canonical":"https:\/\/divertarte.com\/index.php\/produto\/lauril-espuma-250-ml\/","og_locale":"pt_PT","og_type":"article","og_title":"Lauril - espuma 250 ml -","og_description":"Frasco com 250 ml. Lauril Eter Sulfato de Sodio Tensioactivo,Espumante L\u00edquido aconselhado para dar espuma a sabonetes s\u00f3lidos artesanais, sabonete liquido, champo, sais de banho \u00f3timo comportamento em termos de incremento de viscosidade, boa compatibilidade com a pele. \u00c9 indicado para fabrica\u00e7\u00e3o de shampos, banhos de espuma e sabonetes l\u00edquidos e s\u00f3lidos.Perfumaria, Sabonetes, Cosm\u00e9ticos e Artesanato em geral","og_url":"https:\/\/divertarte.com\/index.php\/produto\/lauril-espuma-250-ml\/","article_modified_time":"2025-11-06T14:10:12+00:00","og_image":[{"width":558,"height":558,"url":"https:\/\/divertarte.com\/wp-content\/uploads\/2018\/05\/Lauril_250_ml.jpg","type":"image\/jpeg"}],"twitter_card":"summary_large_image","schema":{"@context":"https:\/\/schema.org","@graph":[{"@type":"WebPage","@id":"https:\/\/divertarte.com\/index.php\/produto\/lauril-espuma-250-ml\/","url":"https:\/\/divertarte.com\/index.php\/produto\/lauril-espuma-250-ml\/","name":"Lauril - espuma 250 ml -","isPartOf":{"@id":"https:\/\/divertarte.com\/#website"},"primaryImageOfPage":{"@id":"https:\/\/divertarte.com\/index.php\/produto\/lauril-espuma-250-ml\/#primaryimage"},"image":{"@id":"https:\/\/divertarte.com\/index.php\/produto\/lauril-espuma-250-ml\/#primaryimage"},"thumbnailUrl":"https:\/\/divertarte.com\/wp-content\/uploads\/2018\/05\/Lauril_250_ml.jpg","datePublished":"2018-06-07T13:01:55+00:00","dateModified":"2025-11-06T14:10:12+00:00","description":"Frasco com 250 ml. Lauril Eter Sulfato de Sodio Tensioactivo,Espumante L\u00edquido aconselhado para dar espuma a sabonetes s\u00f3lidos artesanais, sabonete liquido, champo, sais de banho \u00f3timo comportamento em termos de incremento de viscosidade, boa compatibilidade com a pele. \u00c9 indicado para fabrica\u00e7\u00e3o de shampos, banhos de espuma e sabonetes l\u00edquidos e s\u00f3lidos.Perfumaria, Sabonetes, Cosm\u00e9ticos e Artesanato em geral","breadcrumb":{"@id":"https:\/\/divertarte.com\/index.php\/produto\/lauril-espuma-250-ml\/#breadcrumb"},"inLanguage":"pt-PT","potentialAction":[{"@type":"ReadAction","target":["https:\/\/divertarte.com\/index.php\/produto\/lauril-espuma-250-ml\/"]}]},{"@type":"ImageObject","inLanguage":"pt-PT","@id":"https:\/\/divertarte.com\/index.php\/produto\/lauril-espuma-250-ml\/#primaryimage","url":"https:\/\/divertarte.com\/wp-content\/uploads\/2018\/05\/Lauril_250_ml.jpg","contentUrl":"https:\/\/divertarte.com\/wp-content\/uploads\/2018\/05\/Lauril_250_ml.jpg","width":558,"height":558},{"@type":"BreadcrumbList","@id":"https:\/\/divertarte.com\/index.php\/produto\/lauril-espuma-250-ml\/#breadcrumb","itemListElement":[{"@type":"ListItem","position":1,"name":"In\u00edcio","item":"https:\/\/divertarte.com\/"},{"@type":"ListItem","position":2,"name":"Loja","item":"https:\/\/divertarte.com\/index.php\/divertarte-produtos\/"},{"@type":"ListItem","position":3,"name":"Lauril &#8211; espuma 250 ml"}]},{"@type":"WebSite","@id":"https:\/\/divertarte.com\/#website","url":"https:\/\/divertarte.com\/","name":"Divertarte","description":"","publisher":{"@id":"https:\/\/divertarte.com\/#organization"},"potentialAction":[{"@type":"SearchAction","target":{"@type":"EntryPoint","urlTemplate":"https:\/\/divertarte.com\/?s={search_term_string}"},"query-input":{"@type":"PropertyValueSpecification","valueRequired":true,"valueName":"search_term_string"}}],"inLanguage":"pt-PT"},{"@type":"Organization","@id":"https:\/\/divertarte.com\/#organization","name":"Divertarte","url":"https:\/\/divertarte.com\/","logo":{"@type":"ImageObject","inLanguage":"pt-PT","@id":"https:\/\/divertarte.com\/#\/schema\/logo\/image\/","url":"https:\/\/divertarte.com\/wp-content\/uploads\/2018\/07\/logo-div.jpg","contentUrl":"https:\/\/divertarte.com\/wp-content\/uploads\/2018\/07\/logo-div.jpg","width":295,"height":123,"caption":"Divertarte"},"image":{"@id":"https:\/\/divertarte.com\/#\/schema\/logo\/image\/"}}]}},"_links":{"self":[{"href":"https:\/\/divertarte.com\/index.php\/wp-json\/wp\/v2\/product\/914","targetHints":{"allow":["GET"]}}],"collection":[{"href":"https:\/\/divertarte.com\/index.php\/wp-json\/wp\/v2\/product"}],"about":[{"href":"https:\/\/divertarte.com\/index.php\/wp-json\/wp\/v2\/types\/product"}],"replies":[{"embeddable":true,"href":"https:\/\/divertarte.com\/index.php\/wp-json\/wp\/v2\/comments?post=914"}],"wp:featuredmedia":[{"embeddable":true,"href":"https:\/\/divertarte.com\/index.php\/wp-json\/wp\/v2\/media\/4979"}],"wp:attachment":[{"href":"https:\/\/divertarte.com\/index.php\/wp-json\/wp\/v2\/media?parent=914"}],"wp:term":[{"taxonomy":"product_brand","embeddable":true,"href":"https:\/\/divertarte.com\/index.php\/wp-json\/wp\/v2\/product_brand?post=914"},{"taxonomy":"product_cat","embeddable":true,"href":"https:\/\/divertarte.com\/index.php\/wp-json\/wp\/v2\/product_cat?post=914"},{"taxonomy":"product_tag","embeddable":true,"href":"https:\/\/divertarte.com\/index.php\/wp-json\/wp\/v2\/product_tag?post=914"}],"curies":[{"name":"wp","href":"https:\/\/api.w.org\/{rel}","templated":true}]}}