{"id":9039,"date":"2018-10-22T00:09:04","date_gmt":"2018-10-21T23:09:04","guid":{"rendered":"https:\/\/divertarte.com\/?post_type=product&#038;p=9039"},"modified":"2025-11-06T13:35:35","modified_gmt":"2025-11-06T13:35:35","slug":"corante-para-sabonete-marrom-20-ml","status":"publish","type":"product","link":"https:\/\/divertarte.com\/index.php\/produto\/corante-para-sabonete-marrom-20-ml\/","title":{"rendered":"Corante para Sabonete Marrom 20 ml"},"content":{"rendered":"<p>Corante para Sabonete Marrom 20 ml &#8211; Concentrado<\/p>\n<p>Aconselhado para colorir Base de Glicerina transparente, Base de Sab\u00e3o liquido, Sais de banho, cremes. As cores s\u00e3o misc\u00edveis entre si.<\/p>\n<p>Se trabalhar com glicerina branca \u00e9 prefer\u00edvel usar os \u201cpigmentos\u201d que mant\u00eam a cor por mais tempo. H\u00e1 muitas op\u00e7\u00f5es quando se trata de colorir os seus sabonetes com ingredientes naturais. Embora geralmente n\u00e3o t\u00e3o vibrantes como os corantes sint\u00e9ticos, os corantes naturais t\u00eam tons encantadores. Corantes para sab\u00e3o derivados de plantas, frutas ou legumes que possuem cores bastante profundas. Podem ser usados: cenoura ralada (faz amarelo alaranjado) canela (faz bege ou marrom). Al\u00e9m disso raiz de beterraba (faz do rosa ao vermelho) o pepino (faz verde)<\/p>\n","protected":false},"excerpt":{"rendered":"<p>Corante para Sabonete Marrom 20 ml &#8211; Concentrado<\/p>\n<p>Aconselhado para colorir Base de Glicerina transparente, Base de Sab\u00e3o liquido, Sais de banho, cremes. As cores s\u00e3o misc\u00edveis entre si.<\/p>\n<p>Se trabalhar com glicerina branca \u00e9 prefer\u00edvel usar os \u201cpigmentos\u201d que mant\u00eam a cor por mais tempo. H\u00e1 muitas op\u00e7\u00f5es quando se trata de colorir os seus sabonetes com ingredientes naturais. Embora geralmente n\u00e3o t\u00e3o vibrantes como os corantes sint\u00e9ticos, os corantes naturais t\u00eam tons encantadores. Corantes para sab\u00e3o derivados de plantas, frutas ou legumes que possuem cores bastante profundas. Podem ser usados: cenoura ralada (faz amarelo alaranjado) canela (faz bege ou marrom). Al\u00e9m disso raiz de beterraba (faz do rosa ao vermelho) o pepino (faz verde)<\/p>\n","protected":false},"featured_media":14509,"comment_status":"open","ping_status":"closed","template":"","meta":{"_exactmetrics_skip_tracking":false,"_exactmetrics_sitenote_active":false,"_exactmetrics_sitenote_note":"","_exactmetrics_sitenote_category":0},"product_brand":[],"product_cat":[417,125],"product_tag":[531],"class_list":{"0":"post-9039","1":"product","2":"type-product","3":"status-publish","4":"has-post-thumbnail","6":"product_cat-corantes-20-ml","7":"product_cat-corantes-para-sabonetes","8":"product_tag-corante-sabonetes","10":"first","11":"instock","12":"taxable","13":"shipping-taxable","14":"purchasable","15":"product-type-simple"},"yoast_head":"<!-- This site is optimized with the Yoast SEO plugin v27.4 - https:\/\/yoast.com\/product\/yoast-seo-wordpress\/ -->\n<title>Corante para Sabonete Marrom 20 ml -<\/title>\n<meta name=\"description\" content=\"Corante para Sabonete Marrom 20 ml - Concentrado. Colorir Base de Glicerina transparente, Base de Sab\u00e3o liquido, Sais de banho\" \/>\n<meta name=\"robots\" content=\"index, follow, max-snippet:-1, max-image-preview:large, max-video-preview:-1\" \/>\n<link rel=\"canonical\" href=\"https:\/\/divertarte.com\/index.php\/produto\/corante-para-sabonete-marrom-20-ml\/\" \/>\n<meta property=\"og:locale\" content=\"pt_PT\" \/>\n<meta property=\"og:type\" content=\"article\" \/>\n<meta property=\"og:title\" content=\"Corante para Sabonete Marrom 20 ml -\" \/>\n<meta property=\"og:description\" content=\"Corante para Sabonete Marrom 20 ml - Concentrado. Colorir Base de Glicerina transparente, Base de Sab\u00e3o liquido, Sais de banho\" \/>\n<meta property=\"og:url\" content=\"https:\/\/divertarte.com\/index.php\/produto\/corante-para-sabonete-marrom-20-ml\/\" \/>\n<meta property=\"article:modified_time\" content=\"2025-11-06T13:35:35+00:00\" \/>\n<meta property=\"og:image\" content=\"https:\/\/divertarte.com\/wp-content\/uploads\/2018\/10\/corante-marrom-castanho.jpg\" \/>\n\t<meta property=\"og:image:width\" content=\"300\" \/>\n\t<meta property=\"og:image:height\" content=\"300\" \/>\n\t<meta property=\"og:image:type\" content=\"image\/jpeg\" \/>\n<meta name=\"twitter:card\" content=\"summary_large_image\" \/>\n<meta name=\"twitter:label1\" content=\"Tempo estimado de leitura\" \/>\n\t<meta name=\"twitter:data1\" content=\"1 minuto\" \/>\n<script type=\"application\/ld+json\" class=\"yoast-schema-graph\">{\"@context\":\"https:\\\/\\\/schema.org\",\"@graph\":[{\"@type\":\"WebPage\",\"@id\":\"https:\\\/\\\/divertarte.com\\\/index.php\\\/produto\\\/corante-para-sabonete-marrom-20-ml\\\/\",\"url\":\"https:\\\/\\\/divertarte.com\\\/index.php\\\/produto\\\/corante-para-sabonete-marrom-20-ml\\\/\",\"name\":\"Corante para Sabonete Marrom 20 ml -\",\"isPartOf\":{\"@id\":\"https:\\\/\\\/divertarte.com\\\/#website\"},\"primaryImageOfPage\":{\"@id\":\"https:\\\/\\\/divertarte.com\\\/index.php\\\/produto\\\/corante-para-sabonete-marrom-20-ml\\\/#primaryimage\"},\"image\":{\"@id\":\"https:\\\/\\\/divertarte.com\\\/index.php\\\/produto\\\/corante-para-sabonete-marrom-20-ml\\\/#primaryimage\"},\"thumbnailUrl\":\"https:\\\/\\\/divertarte.com\\\/wp-content\\\/uploads\\\/2018\\\/10\\\/corante-marrom-castanho.jpg\",\"datePublished\":\"2018-10-21T23:09:04+00:00\",\"dateModified\":\"2025-11-06T13:35:35+00:00\",\"description\":\"Corante para Sabonete Marrom 20 ml - Concentrado. Colorir Base de Glicerina transparente, Base de Sab\u00e3o liquido, Sais de banho\",\"breadcrumb\":{\"@id\":\"https:\\\/\\\/divertarte.com\\\/index.php\\\/produto\\\/corante-para-sabonete-marrom-20-ml\\\/#breadcrumb\"},\"inLanguage\":\"pt-PT\",\"potentialAction\":[{\"@type\":\"ReadAction\",\"target\":[\"https:\\\/\\\/divertarte.com\\\/index.php\\\/produto\\\/corante-para-sabonete-marrom-20-ml\\\/\"]}]},{\"@type\":\"ImageObject\",\"inLanguage\":\"pt-PT\",\"@id\":\"https:\\\/\\\/divertarte.com\\\/index.php\\\/produto\\\/corante-para-sabonete-marrom-20-ml\\\/#primaryimage\",\"url\":\"https:\\\/\\\/divertarte.com\\\/wp-content\\\/uploads\\\/2018\\\/10\\\/corante-marrom-castanho.jpg\",\"contentUrl\":\"https:\\\/\\\/divertarte.com\\\/wp-content\\\/uploads\\\/2018\\\/10\\\/corante-marrom-castanho.jpg\",\"width\":300,\"height\":300},{\"@type\":\"BreadcrumbList\",\"@id\":\"https:\\\/\\\/divertarte.com\\\/index.php\\\/produto\\\/corante-para-sabonete-marrom-20-ml\\\/#breadcrumb\",\"itemListElement\":[{\"@type\":\"ListItem\",\"position\":1,\"name\":\"In\u00edcio\",\"item\":\"https:\\\/\\\/divertarte.com\\\/\"},{\"@type\":\"ListItem\",\"position\":2,\"name\":\"Loja\",\"item\":\"https:\\\/\\\/divertarte.com\\\/index.php\\\/divertarte-produtos\\\/\"},{\"@type\":\"ListItem\",\"position\":3,\"name\":\"Corante para Sabonete Marrom 20 ml\"}]},{\"@type\":\"WebSite\",\"@id\":\"https:\\\/\\\/divertarte.com\\\/#website\",\"url\":\"https:\\\/\\\/divertarte.com\\\/\",\"name\":\"Divertarte\",\"description\":\"\",\"publisher\":{\"@id\":\"https:\\\/\\\/divertarte.com\\\/#organization\"},\"potentialAction\":[{\"@type\":\"SearchAction\",\"target\":{\"@type\":\"EntryPoint\",\"urlTemplate\":\"https:\\\/\\\/divertarte.com\\\/?s={search_term_string}\"},\"query-input\":{\"@type\":\"PropertyValueSpecification\",\"valueRequired\":true,\"valueName\":\"search_term_string\"}}],\"inLanguage\":\"pt-PT\"},{\"@type\":\"Organization\",\"@id\":\"https:\\\/\\\/divertarte.com\\\/#organization\",\"name\":\"Divertarte\",\"url\":\"https:\\\/\\\/divertarte.com\\\/\",\"logo\":{\"@type\":\"ImageObject\",\"inLanguage\":\"pt-PT\",\"@id\":\"https:\\\/\\\/divertarte.com\\\/#\\\/schema\\\/logo\\\/image\\\/\",\"url\":\"https:\\\/\\\/divertarte.com\\\/wp-content\\\/uploads\\\/2018\\\/07\\\/logo-div.jpg\",\"contentUrl\":\"https:\\\/\\\/divertarte.com\\\/wp-content\\\/uploads\\\/2018\\\/07\\\/logo-div.jpg\",\"width\":295,\"height\":123,\"caption\":\"Divertarte\"},\"image\":{\"@id\":\"https:\\\/\\\/divertarte.com\\\/#\\\/schema\\\/logo\\\/image\\\/\"}}]}<\/script>\n<!-- \/ Yoast SEO plugin. -->","yoast_head_json":{"title":"Corante para Sabonete Marrom 20 ml -","description":"Corante para Sabonete Marrom 20 ml - Concentrado. Colorir Base de Glicerina transparente, Base de Sab\u00e3o liquido, Sais de banho","robots":{"index":"index","follow":"follow","max-snippet":"max-snippet:-1","max-image-preview":"max-image-preview:large","max-video-preview":"max-video-preview:-1"},"canonical":"https:\/\/divertarte.com\/index.php\/produto\/corante-para-sabonete-marrom-20-ml\/","og_locale":"pt_PT","og_type":"article","og_title":"Corante para Sabonete Marrom 20 ml -","og_description":"Corante para Sabonete Marrom 20 ml - Concentrado. Colorir Base de Glicerina transparente, Base de Sab\u00e3o liquido, Sais de banho","og_url":"https:\/\/divertarte.com\/index.php\/produto\/corante-para-sabonete-marrom-20-ml\/","article_modified_time":"2025-11-06T13:35:35+00:00","og_image":[{"width":300,"height":300,"url":"https:\/\/divertarte.com\/wp-content\/uploads\/2018\/10\/corante-marrom-castanho.jpg","type":"image\/jpeg"}],"twitter_card":"summary_large_image","twitter_misc":{"Tempo estimado de leitura":"1 minuto"},"schema":{"@context":"https:\/\/schema.org","@graph":[{"@type":"WebPage","@id":"https:\/\/divertarte.com\/index.php\/produto\/corante-para-sabonete-marrom-20-ml\/","url":"https:\/\/divertarte.com\/index.php\/produto\/corante-para-sabonete-marrom-20-ml\/","name":"Corante para Sabonete Marrom 20 ml -","isPartOf":{"@id":"https:\/\/divertarte.com\/#website"},"primaryImageOfPage":{"@id":"https:\/\/divertarte.com\/index.php\/produto\/corante-para-sabonete-marrom-20-ml\/#primaryimage"},"image":{"@id":"https:\/\/divertarte.com\/index.php\/produto\/corante-para-sabonete-marrom-20-ml\/#primaryimage"},"thumbnailUrl":"https:\/\/divertarte.com\/wp-content\/uploads\/2018\/10\/corante-marrom-castanho.jpg","datePublished":"2018-10-21T23:09:04+00:00","dateModified":"2025-11-06T13:35:35+00:00","description":"Corante para Sabonete Marrom 20 ml - Concentrado. Colorir Base de Glicerina transparente, Base de Sab\u00e3o liquido, Sais de banho","breadcrumb":{"@id":"https:\/\/divertarte.com\/index.php\/produto\/corante-para-sabonete-marrom-20-ml\/#breadcrumb"},"inLanguage":"pt-PT","potentialAction":[{"@type":"ReadAction","target":["https:\/\/divertarte.com\/index.php\/produto\/corante-para-sabonete-marrom-20-ml\/"]}]},{"@type":"ImageObject","inLanguage":"pt-PT","@id":"https:\/\/divertarte.com\/index.php\/produto\/corante-para-sabonete-marrom-20-ml\/#primaryimage","url":"https:\/\/divertarte.com\/wp-content\/uploads\/2018\/10\/corante-marrom-castanho.jpg","contentUrl":"https:\/\/divertarte.com\/wp-content\/uploads\/2018\/10\/corante-marrom-castanho.jpg","width":300,"height":300},{"@type":"BreadcrumbList","@id":"https:\/\/divertarte.com\/index.php\/produto\/corante-para-sabonete-marrom-20-ml\/#breadcrumb","itemListElement":[{"@type":"ListItem","position":1,"name":"In\u00edcio","item":"https:\/\/divertarte.com\/"},{"@type":"ListItem","position":2,"name":"Loja","item":"https:\/\/divertarte.com\/index.php\/divertarte-produtos\/"},{"@type":"ListItem","position":3,"name":"Corante para Sabonete Marrom 20 ml"}]},{"@type":"WebSite","@id":"https:\/\/divertarte.com\/#website","url":"https:\/\/divertarte.com\/","name":"Divertarte","description":"","publisher":{"@id":"https:\/\/divertarte.com\/#organization"},"potentialAction":[{"@type":"SearchAction","target":{"@type":"EntryPoint","urlTemplate":"https:\/\/divertarte.com\/?s={search_term_string}"},"query-input":{"@type":"PropertyValueSpecification","valueRequired":true,"valueName":"search_term_string"}}],"inLanguage":"pt-PT"},{"@type":"Organization","@id":"https:\/\/divertarte.com\/#organization","name":"Divertarte","url":"https:\/\/divertarte.com\/","logo":{"@type":"ImageObject","inLanguage":"pt-PT","@id":"https:\/\/divertarte.com\/#\/schema\/logo\/image\/","url":"https:\/\/divertarte.com\/wp-content\/uploads\/2018\/07\/logo-div.jpg","contentUrl":"https:\/\/divertarte.com\/wp-content\/uploads\/2018\/07\/logo-div.jpg","width":295,"height":123,"caption":"Divertarte"},"image":{"@id":"https:\/\/divertarte.com\/#\/schema\/logo\/image\/"}}]}},"_links":{"self":[{"href":"https:\/\/divertarte.com\/index.php\/wp-json\/wp\/v2\/product\/9039","targetHints":{"allow":["GET"]}}],"collection":[{"href":"https:\/\/divertarte.com\/index.php\/wp-json\/wp\/v2\/product"}],"about":[{"href":"https:\/\/divertarte.com\/index.php\/wp-json\/wp\/v2\/types\/product"}],"replies":[{"embeddable":true,"href":"https:\/\/divertarte.com\/index.php\/wp-json\/wp\/v2\/comments?post=9039"}],"wp:featuredmedia":[{"embeddable":true,"href":"https:\/\/divertarte.com\/index.php\/wp-json\/wp\/v2\/media\/14509"}],"wp:attachment":[{"href":"https:\/\/divertarte.com\/index.php\/wp-json\/wp\/v2\/media?parent=9039"}],"wp:term":[{"taxonomy":"product_brand","embeddable":true,"href":"https:\/\/divertarte.com\/index.php\/wp-json\/wp\/v2\/product_brand?post=9039"},{"taxonomy":"product_cat","embeddable":true,"href":"https:\/\/divertarte.com\/index.php\/wp-json\/wp\/v2\/product_cat?post=9039"},{"taxonomy":"product_tag","embeddable":true,"href":"https:\/\/divertarte.com\/index.php\/wp-json\/wp\/v2\/product_tag?post=9039"}],"curies":[{"name":"wp","href":"https:\/\/api.w.org\/{rel}","templated":true}]}}