{"id":8979,"date":"2018-10-13T18:29:31","date_gmt":"2018-10-13T17:29:31","guid":{"rendered":"https:\/\/divertarte.com\/?post_type=product&#038;p=8979"},"modified":"2025-11-06T13:35:37","modified_gmt":"2025-11-06T13:35:37","slug":"renas-a-saltar-molde-silicone-alimentar","status":"publish","type":"product","link":"https:\/\/divertarte.com\/index.php\/produto\/renas-a-saltar-molde-silicone-alimentar\/","title":{"rendered":"Renas a saltar &#8211; molde silicone alimentar"},"content":{"rendered":"<p>Renas a saltar &#8211; molde silicone alimentar<\/p>\n<p>Molde de silicone para chocolate e pasta de a\u00e7\u00facar, bolachas.<br \/>\nAl\u00e9m disso tamb\u00e9m d\u00e1 para biscuit, gesso, resina.<br \/>\nRena maior 7 cm, Rena Menor 4,6 cm, Estrela neve 2cm. Ideal para Natal<\/p>\n","protected":false},"excerpt":{"rendered":"<p>Renas a saltar &#8211; molde silicone alimentar<\/p>\n<p>Molde de silicone para chocolate e pasta de a\u00e7\u00facar, bolachas.<br \/>\nAl\u00e9m disso tamb\u00e9m d\u00e1 para biscuit, gesso, resina.<br \/>\nRena maior 7 cm, Rena Menor 4,6 cm, Estrela neve 2cm. Ideal para Natal<\/p>\n","protected":false},"featured_media":8980,"comment_status":"open","ping_status":"closed","template":"","meta":{"_exactmetrics_skip_tracking":false,"_exactmetrics_sitenote_active":false,"_exactmetrics_sitenote_note":"","_exactmetrics_sitenote_category":0},"product_brand":[],"product_cat":[298,334,115,297,15],"product_tag":[],"class_list":{"0":"post-8979","1":"product","2":"type-product","3":"status-publish","4":"has-post-thumbnail","6":"product_cat-moldes-silicone-alimentar-e-pastelaria","7":"product_cat-moldes-biscuit-porcelana-fria","8":"product_cat-moldes-bolachas-e-bolos","9":"product_cat-moldes-de-silicone-pastelaria-chocolates-e-bolos","10":"product_cat-ver-todos-os-produtos","12":"first","13":"instock","14":"taxable","15":"shipping-taxable","16":"purchasable","17":"product-type-simple"},"yoast_head":"<!-- This site is optimized with the Yoast SEO plugin v27.5 - https:\/\/yoast.com\/product\/yoast-seo-wordpress\/ -->\n<title>Renas a saltar - molde silicone alimentar -<\/title>\n<meta name=\"description\" content=\"Renas a saltar - molde silicone alimentarMolde de silicone para chocolate e pasta de a\u00e7\u00facar, bolachas.Al\u00e9m disso tamb\u00e9m d\u00e1 para biscuit, gesso, resina.\" \/>\n<meta name=\"robots\" content=\"index, follow, max-snippet:-1, max-image-preview:large, max-video-preview:-1\" \/>\n<link rel=\"canonical\" href=\"https:\/\/divertarte.com\/index.php\/produto\/renas-a-saltar-molde-silicone-alimentar\/\" \/>\n<meta property=\"og:locale\" content=\"pt_PT\" \/>\n<meta property=\"og:type\" content=\"article\" \/>\n<meta property=\"og:title\" content=\"Renas a saltar - molde silicone alimentar -\" \/>\n<meta property=\"og:description\" content=\"Renas a saltar - molde silicone alimentarMolde de silicone para chocolate e pasta de a\u00e7\u00facar, bolachas.Al\u00e9m disso tamb\u00e9m d\u00e1 para biscuit, gesso, resina.\" \/>\n<meta property=\"og:url\" content=\"https:\/\/divertarte.com\/index.php\/produto\/renas-a-saltar-molde-silicone-alimentar\/\" \/>\n<meta property=\"article:modified_time\" content=\"2025-11-06T13:35:37+00:00\" \/>\n<meta property=\"og:image\" content=\"https:\/\/divertarte.com\/wp-content\/uploads\/2018\/10\/renas-saltar.jpg\" \/>\n\t<meta property=\"og:image:width\" content=\"640\" \/>\n\t<meta property=\"og:image:height\" content=\"640\" \/>\n\t<meta property=\"og:image:type\" content=\"image\/jpeg\" \/>\n<meta name=\"twitter:card\" content=\"summary_large_image\" \/>\n<script type=\"application\/ld+json\" class=\"yoast-schema-graph\">{\"@context\":\"https:\\\/\\\/schema.org\",\"@graph\":[{\"@type\":\"WebPage\",\"@id\":\"https:\\\/\\\/divertarte.com\\\/index.php\\\/produto\\\/renas-a-saltar-molde-silicone-alimentar\\\/\",\"url\":\"https:\\\/\\\/divertarte.com\\\/index.php\\\/produto\\\/renas-a-saltar-molde-silicone-alimentar\\\/\",\"name\":\"Renas a saltar - molde silicone alimentar -\",\"isPartOf\":{\"@id\":\"https:\\\/\\\/divertarte.com\\\/#website\"},\"primaryImageOfPage\":{\"@id\":\"https:\\\/\\\/divertarte.com\\\/index.php\\\/produto\\\/renas-a-saltar-molde-silicone-alimentar\\\/#primaryimage\"},\"image\":{\"@id\":\"https:\\\/\\\/divertarte.com\\\/index.php\\\/produto\\\/renas-a-saltar-molde-silicone-alimentar\\\/#primaryimage\"},\"thumbnailUrl\":\"https:\\\/\\\/divertarte.com\\\/wp-content\\\/uploads\\\/2018\\\/10\\\/renas-saltar.jpg\",\"datePublished\":\"2018-10-13T17:29:31+00:00\",\"dateModified\":\"2025-11-06T13:35:37+00:00\",\"description\":\"Renas a saltar - molde silicone alimentarMolde de silicone para chocolate e pasta de a\u00e7\u00facar, bolachas.Al\u00e9m disso tamb\u00e9m d\u00e1 para biscuit, gesso, resina.\",\"breadcrumb\":{\"@id\":\"https:\\\/\\\/divertarte.com\\\/index.php\\\/produto\\\/renas-a-saltar-molde-silicone-alimentar\\\/#breadcrumb\"},\"inLanguage\":\"pt-PT\",\"potentialAction\":[{\"@type\":\"ReadAction\",\"target\":[\"https:\\\/\\\/divertarte.com\\\/index.php\\\/produto\\\/renas-a-saltar-molde-silicone-alimentar\\\/\"]}]},{\"@type\":\"ImageObject\",\"inLanguage\":\"pt-PT\",\"@id\":\"https:\\\/\\\/divertarte.com\\\/index.php\\\/produto\\\/renas-a-saltar-molde-silicone-alimentar\\\/#primaryimage\",\"url\":\"https:\\\/\\\/divertarte.com\\\/wp-content\\\/uploads\\\/2018\\\/10\\\/renas-saltar.jpg\",\"contentUrl\":\"https:\\\/\\\/divertarte.com\\\/wp-content\\\/uploads\\\/2018\\\/10\\\/renas-saltar.jpg\",\"width\":640,\"height\":640},{\"@type\":\"BreadcrumbList\",\"@id\":\"https:\\\/\\\/divertarte.com\\\/index.php\\\/produto\\\/renas-a-saltar-molde-silicone-alimentar\\\/#breadcrumb\",\"itemListElement\":[{\"@type\":\"ListItem\",\"position\":1,\"name\":\"In\u00edcio\",\"item\":\"https:\\\/\\\/divertarte.com\\\/\"},{\"@type\":\"ListItem\",\"position\":2,\"name\":\"Loja\",\"item\":\"https:\\\/\\\/divertarte.com\\\/index.php\\\/divertarte-produtos\\\/\"},{\"@type\":\"ListItem\",\"position\":3,\"name\":\"Renas a saltar &#8211; molde silicone alimentar\"}]},{\"@type\":\"WebSite\",\"@id\":\"https:\\\/\\\/divertarte.com\\\/#website\",\"url\":\"https:\\\/\\\/divertarte.com\\\/\",\"name\":\"Divertarte\",\"description\":\"\",\"publisher\":{\"@id\":\"https:\\\/\\\/divertarte.com\\\/#organization\"},\"potentialAction\":[{\"@type\":\"SearchAction\",\"target\":{\"@type\":\"EntryPoint\",\"urlTemplate\":\"https:\\\/\\\/divertarte.com\\\/?s={search_term_string}\"},\"query-input\":{\"@type\":\"PropertyValueSpecification\",\"valueRequired\":true,\"valueName\":\"search_term_string\"}}],\"inLanguage\":\"pt-PT\"},{\"@type\":\"Organization\",\"@id\":\"https:\\\/\\\/divertarte.com\\\/#organization\",\"name\":\"Divertarte\",\"url\":\"https:\\\/\\\/divertarte.com\\\/\",\"logo\":{\"@type\":\"ImageObject\",\"inLanguage\":\"pt-PT\",\"@id\":\"https:\\\/\\\/divertarte.com\\\/#\\\/schema\\\/logo\\\/image\\\/\",\"url\":\"https:\\\/\\\/divertarte.com\\\/wp-content\\\/uploads\\\/2018\\\/07\\\/logo-div.jpg\",\"contentUrl\":\"https:\\\/\\\/divertarte.com\\\/wp-content\\\/uploads\\\/2018\\\/07\\\/logo-div.jpg\",\"width\":295,\"height\":123,\"caption\":\"Divertarte\"},\"image\":{\"@id\":\"https:\\\/\\\/divertarte.com\\\/#\\\/schema\\\/logo\\\/image\\\/\"}}]}<\/script>\n<!-- \/ Yoast SEO plugin. -->","yoast_head_json":{"title":"Renas a saltar - molde silicone alimentar -","description":"Renas a saltar - molde silicone alimentarMolde de silicone para chocolate e pasta de a\u00e7\u00facar, bolachas.Al\u00e9m disso tamb\u00e9m d\u00e1 para biscuit, gesso, resina.","robots":{"index":"index","follow":"follow","max-snippet":"max-snippet:-1","max-image-preview":"max-image-preview:large","max-video-preview":"max-video-preview:-1"},"canonical":"https:\/\/divertarte.com\/index.php\/produto\/renas-a-saltar-molde-silicone-alimentar\/","og_locale":"pt_PT","og_type":"article","og_title":"Renas a saltar - molde silicone alimentar -","og_description":"Renas a saltar - molde silicone alimentarMolde de silicone para chocolate e pasta de a\u00e7\u00facar, bolachas.Al\u00e9m disso tamb\u00e9m d\u00e1 para biscuit, gesso, resina.","og_url":"https:\/\/divertarte.com\/index.php\/produto\/renas-a-saltar-molde-silicone-alimentar\/","article_modified_time":"2025-11-06T13:35:37+00:00","og_image":[{"width":640,"height":640,"url":"https:\/\/divertarte.com\/wp-content\/uploads\/2018\/10\/renas-saltar.jpg","type":"image\/jpeg"}],"twitter_card":"summary_large_image","schema":{"@context":"https:\/\/schema.org","@graph":[{"@type":"WebPage","@id":"https:\/\/divertarte.com\/index.php\/produto\/renas-a-saltar-molde-silicone-alimentar\/","url":"https:\/\/divertarte.com\/index.php\/produto\/renas-a-saltar-molde-silicone-alimentar\/","name":"Renas a saltar - molde silicone alimentar -","isPartOf":{"@id":"https:\/\/divertarte.com\/#website"},"primaryImageOfPage":{"@id":"https:\/\/divertarte.com\/index.php\/produto\/renas-a-saltar-molde-silicone-alimentar\/#primaryimage"},"image":{"@id":"https:\/\/divertarte.com\/index.php\/produto\/renas-a-saltar-molde-silicone-alimentar\/#primaryimage"},"thumbnailUrl":"https:\/\/divertarte.com\/wp-content\/uploads\/2018\/10\/renas-saltar.jpg","datePublished":"2018-10-13T17:29:31+00:00","dateModified":"2025-11-06T13:35:37+00:00","description":"Renas a saltar - molde silicone alimentarMolde de silicone para chocolate e pasta de a\u00e7\u00facar, bolachas.Al\u00e9m disso tamb\u00e9m d\u00e1 para biscuit, gesso, resina.","breadcrumb":{"@id":"https:\/\/divertarte.com\/index.php\/produto\/renas-a-saltar-molde-silicone-alimentar\/#breadcrumb"},"inLanguage":"pt-PT","potentialAction":[{"@type":"ReadAction","target":["https:\/\/divertarte.com\/index.php\/produto\/renas-a-saltar-molde-silicone-alimentar\/"]}]},{"@type":"ImageObject","inLanguage":"pt-PT","@id":"https:\/\/divertarte.com\/index.php\/produto\/renas-a-saltar-molde-silicone-alimentar\/#primaryimage","url":"https:\/\/divertarte.com\/wp-content\/uploads\/2018\/10\/renas-saltar.jpg","contentUrl":"https:\/\/divertarte.com\/wp-content\/uploads\/2018\/10\/renas-saltar.jpg","width":640,"height":640},{"@type":"BreadcrumbList","@id":"https:\/\/divertarte.com\/index.php\/produto\/renas-a-saltar-molde-silicone-alimentar\/#breadcrumb","itemListElement":[{"@type":"ListItem","position":1,"name":"In\u00edcio","item":"https:\/\/divertarte.com\/"},{"@type":"ListItem","position":2,"name":"Loja","item":"https:\/\/divertarte.com\/index.php\/divertarte-produtos\/"},{"@type":"ListItem","position":3,"name":"Renas a saltar &#8211; molde silicone alimentar"}]},{"@type":"WebSite","@id":"https:\/\/divertarte.com\/#website","url":"https:\/\/divertarte.com\/","name":"Divertarte","description":"","publisher":{"@id":"https:\/\/divertarte.com\/#organization"},"potentialAction":[{"@type":"SearchAction","target":{"@type":"EntryPoint","urlTemplate":"https:\/\/divertarte.com\/?s={search_term_string}"},"query-input":{"@type":"PropertyValueSpecification","valueRequired":true,"valueName":"search_term_string"}}],"inLanguage":"pt-PT"},{"@type":"Organization","@id":"https:\/\/divertarte.com\/#organization","name":"Divertarte","url":"https:\/\/divertarte.com\/","logo":{"@type":"ImageObject","inLanguage":"pt-PT","@id":"https:\/\/divertarte.com\/#\/schema\/logo\/image\/","url":"https:\/\/divertarte.com\/wp-content\/uploads\/2018\/07\/logo-div.jpg","contentUrl":"https:\/\/divertarte.com\/wp-content\/uploads\/2018\/07\/logo-div.jpg","width":295,"height":123,"caption":"Divertarte"},"image":{"@id":"https:\/\/divertarte.com\/#\/schema\/logo\/image\/"}}]}},"_links":{"self":[{"href":"https:\/\/divertarte.com\/index.php\/wp-json\/wp\/v2\/product\/8979","targetHints":{"allow":["GET"]}}],"collection":[{"href":"https:\/\/divertarte.com\/index.php\/wp-json\/wp\/v2\/product"}],"about":[{"href":"https:\/\/divertarte.com\/index.php\/wp-json\/wp\/v2\/types\/product"}],"replies":[{"embeddable":true,"href":"https:\/\/divertarte.com\/index.php\/wp-json\/wp\/v2\/comments?post=8979"}],"wp:featuredmedia":[{"embeddable":true,"href":"https:\/\/divertarte.com\/index.php\/wp-json\/wp\/v2\/media\/8980"}],"wp:attachment":[{"href":"https:\/\/divertarte.com\/index.php\/wp-json\/wp\/v2\/media?parent=8979"}],"wp:term":[{"taxonomy":"product_brand","embeddable":true,"href":"https:\/\/divertarte.com\/index.php\/wp-json\/wp\/v2\/product_brand?post=8979"},{"taxonomy":"product_cat","embeddable":true,"href":"https:\/\/divertarte.com\/index.php\/wp-json\/wp\/v2\/product_cat?post=8979"},{"taxonomy":"product_tag","embeddable":true,"href":"https:\/\/divertarte.com\/index.php\/wp-json\/wp\/v2\/product_tag?post=8979"}],"curies":[{"name":"wp","href":"https:\/\/api.w.org\/{rel}","templated":true}]}}