{"id":8811,"date":"2018-09-14T15:55:45","date_gmt":"2018-09-14T14:55:45","guid":{"rendered":"https:\/\/divertarte.com\/?post_type=product&#038;p=8811"},"modified":"2026-04-28T09:24:50","modified_gmt":"2026-04-28T08:24:50","slug":"po-ceramico-extra-fote-1kg","status":"publish","type":"product","link":"https:\/\/divertarte.com\/index.php\/produto\/po-ceramico-extra-fote-1kg\/","title":{"rendered":"P\u00f3 Cer\u00e2mico extra forte &#8211; 1kg"},"content":{"rendered":"<p>P\u00f3 Cer\u00e2mico extra forte &#8211; 1kg \u00e9 um gesso semihidratado aditivado. Cor branca ou marfim claro especialmente concebido para confec\u00e7\u00e3o de pe\u00e7as de gesso para pintar e em moldagem, estatuetas. A sua apurada formula\u00e7\u00e3o, garante excelentes presta\u00e7\u00f5es em termos de resist\u00eancia e porosidade. Al\u00e9m disso a prepara\u00e7\u00e3o\/utiliza\u00e7\u00e3o \u00e9 simples e universal<br \/>\nESPECIFICA\u00c7\u00d5ES T\u00c9CNICAS: Rela\u00e7\u00e3o Gesso\/\u00c1gua: 1,25 kg\/l &#8211; 1,40 kg\/l,<br \/>\ntempo de In\u00edcio de Presa 12min \u00b1 3min Tempo de Fim de Presa: 28min \u00b1 5min.<br \/>\nFluidez (anel de Vicat): 220 mm \u00b1 20 mm, Expans\u00e3o linear (1 hora): m\u00e1x. 0,20%.<\/p>\n<p>Al\u00e9m disso resist\u00eancia \u00e0 Flex\u00e3o (seco): 48 kg\/cm2, Capacidade de Abs. \u00c1gua: 40 \u00b1 2 %<\/p>\n","protected":false},"excerpt":{"rendered":"<p>P\u00f3 Cer\u00e2mico extra forte \u00e9 um gesso ceramico que tem adicionado na sua composi\u00e7\u00e3o substancias resinosas que o tornam mais resistente e com acabamento mais perfeito a nivel do detalhe. 1 Kg<\/p>\n<p>Cor branca ou marfim claro, especialmente concebido para a confec\u00e7\u00e3o de pe\u00e7as de gesso para pintar e al\u00e9m disso em moldagem, estatuetas, garante excelentes presta\u00e7\u00f5es<\/p>\n<p>&nbsp;<\/p>\n","protected":false},"featured_media":21256,"comment_status":"open","ping_status":"closed","template":"","meta":{"_exactmetrics_skip_tracking":false,"_exactmetrics_sitenote_active":false,"_exactmetrics_sitenote_note":"","_exactmetrics_sitenote_category":0},"product_brand":[],"product_cat":[326],"product_tag":[644,1048,1047],"class_list":{"0":"post-8811","1":"product","2":"type-product","3":"status-publish","4":"has-post-thumbnail","6":"product_cat-gessos-e-alginatos","7":"product_tag-gesso","8":"product_tag-gesso-ceramico-extra-forte","9":"product_tag-po-ceramico","11":"first","12":"instock","13":"taxable","14":"shipping-taxable","15":"purchasable","16":"product-type-simple"},"yoast_head":"<!-- This site is optimized with the Yoast SEO plugin v27.5 - https:\/\/yoast.com\/product\/yoast-seo-wordpress\/ -->\n<title>P\u00f3 Cer\u00e2mico extra forte - 1kg -<\/title>\n<meta name=\"description\" content=\"Especialmente concebido para a confec\u00e7\u00e3o de pe\u00e7as em moldes, para pintar e al\u00e9m disso em moldagem, estatuetas, garante excelentes presta\u00e7\u00f5es\" \/>\n<meta name=\"robots\" content=\"index, follow, max-snippet:-1, max-image-preview:large, max-video-preview:-1\" \/>\n<link rel=\"canonical\" href=\"https:\/\/divertarte.com\/index.php\/produto\/po-ceramico-extra-fote-1kg\/\" \/>\n<meta property=\"og:locale\" content=\"pt_PT\" \/>\n<meta property=\"og:type\" content=\"article\" \/>\n<meta property=\"og:title\" content=\"P\u00f3 Cer\u00e2mico extra forte - 1kg -\" \/>\n<meta property=\"og:description\" content=\"Especialmente concebido para a confec\u00e7\u00e3o de pe\u00e7as em moldes, para pintar e al\u00e9m disso em moldagem, estatuetas, garante excelentes presta\u00e7\u00f5es\" \/>\n<meta property=\"og:url\" content=\"https:\/\/divertarte.com\/index.php\/produto\/po-ceramico-extra-fote-1kg\/\" \/>\n<meta property=\"article:modified_time\" content=\"2026-04-28T08:24:50+00:00\" \/>\n<meta property=\"og:image\" content=\"https:\/\/divertarte.com\/wp-content\/uploads\/2018\/09\/Po-ceramico-extra-forte.jpg\" \/>\n\t<meta property=\"og:image:width\" content=\"400\" \/>\n\t<meta property=\"og:image:height\" content=\"404\" \/>\n\t<meta property=\"og:image:type\" content=\"image\/jpeg\" \/>\n<meta name=\"twitter:card\" content=\"summary_large_image\" \/>\n<meta name=\"twitter:label1\" content=\"Tempo estimado de leitura\" \/>\n\t<meta name=\"twitter:data1\" content=\"1 minuto\" \/>\n<script type=\"application\/ld+json\" class=\"yoast-schema-graph\">{\"@context\":\"https:\\\/\\\/schema.org\",\"@graph\":[{\"@type\":\"WebPage\",\"@id\":\"https:\\\/\\\/divertarte.com\\\/index.php\\\/produto\\\/po-ceramico-extra-fote-1kg\\\/\",\"url\":\"https:\\\/\\\/divertarte.com\\\/index.php\\\/produto\\\/po-ceramico-extra-fote-1kg\\\/\",\"name\":\"P\u00f3 Cer\u00e2mico extra forte - 1kg -\",\"isPartOf\":{\"@id\":\"https:\\\/\\\/divertarte.com\\\/#website\"},\"primaryImageOfPage\":{\"@id\":\"https:\\\/\\\/divertarte.com\\\/index.php\\\/produto\\\/po-ceramico-extra-fote-1kg\\\/#primaryimage\"},\"image\":{\"@id\":\"https:\\\/\\\/divertarte.com\\\/index.php\\\/produto\\\/po-ceramico-extra-fote-1kg\\\/#primaryimage\"},\"thumbnailUrl\":\"https:\\\/\\\/divertarte.com\\\/wp-content\\\/uploads\\\/2018\\\/09\\\/Po-ceramico-extra-forte.jpg\",\"datePublished\":\"2018-09-14T14:55:45+00:00\",\"dateModified\":\"2026-04-28T08:24:50+00:00\",\"description\":\"Especialmente concebido para a confec\u00e7\u00e3o de pe\u00e7as em moldes, para pintar e al\u00e9m disso em moldagem, estatuetas, garante excelentes presta\u00e7\u00f5es\",\"breadcrumb\":{\"@id\":\"https:\\\/\\\/divertarte.com\\\/index.php\\\/produto\\\/po-ceramico-extra-fote-1kg\\\/#breadcrumb\"},\"inLanguage\":\"pt-PT\",\"potentialAction\":[{\"@type\":\"ReadAction\",\"target\":[\"https:\\\/\\\/divertarte.com\\\/index.php\\\/produto\\\/po-ceramico-extra-fote-1kg\\\/\"]}]},{\"@type\":\"ImageObject\",\"inLanguage\":\"pt-PT\",\"@id\":\"https:\\\/\\\/divertarte.com\\\/index.php\\\/produto\\\/po-ceramico-extra-fote-1kg\\\/#primaryimage\",\"url\":\"https:\\\/\\\/divertarte.com\\\/wp-content\\\/uploads\\\/2018\\\/09\\\/Po-ceramico-extra-forte.jpg\",\"contentUrl\":\"https:\\\/\\\/divertarte.com\\\/wp-content\\\/uploads\\\/2018\\\/09\\\/Po-ceramico-extra-forte.jpg\",\"width\":400,\"height\":404},{\"@type\":\"BreadcrumbList\",\"@id\":\"https:\\\/\\\/divertarte.com\\\/index.php\\\/produto\\\/po-ceramico-extra-fote-1kg\\\/#breadcrumb\",\"itemListElement\":[{\"@type\":\"ListItem\",\"position\":1,\"name\":\"In\u00edcio\",\"item\":\"https:\\\/\\\/divertarte.com\\\/\"},{\"@type\":\"ListItem\",\"position\":2,\"name\":\"Loja\",\"item\":\"https:\\\/\\\/divertarte.com\\\/index.php\\\/divertarte-produtos\\\/\"},{\"@type\":\"ListItem\",\"position\":3,\"name\":\"P\u00f3 Cer\u00e2mico extra forte &#8211; 1kg\"}]},{\"@type\":\"WebSite\",\"@id\":\"https:\\\/\\\/divertarte.com\\\/#website\",\"url\":\"https:\\\/\\\/divertarte.com\\\/\",\"name\":\"Divertarte\",\"description\":\"\",\"publisher\":{\"@id\":\"https:\\\/\\\/divertarte.com\\\/#organization\"},\"potentialAction\":[{\"@type\":\"SearchAction\",\"target\":{\"@type\":\"EntryPoint\",\"urlTemplate\":\"https:\\\/\\\/divertarte.com\\\/?s={search_term_string}\"},\"query-input\":{\"@type\":\"PropertyValueSpecification\",\"valueRequired\":true,\"valueName\":\"search_term_string\"}}],\"inLanguage\":\"pt-PT\"},{\"@type\":\"Organization\",\"@id\":\"https:\\\/\\\/divertarte.com\\\/#organization\",\"name\":\"Divertarte\",\"url\":\"https:\\\/\\\/divertarte.com\\\/\",\"logo\":{\"@type\":\"ImageObject\",\"inLanguage\":\"pt-PT\",\"@id\":\"https:\\\/\\\/divertarte.com\\\/#\\\/schema\\\/logo\\\/image\\\/\",\"url\":\"https:\\\/\\\/divertarte.com\\\/wp-content\\\/uploads\\\/2018\\\/07\\\/logo-div.jpg\",\"contentUrl\":\"https:\\\/\\\/divertarte.com\\\/wp-content\\\/uploads\\\/2018\\\/07\\\/logo-div.jpg\",\"width\":295,\"height\":123,\"caption\":\"Divertarte\"},\"image\":{\"@id\":\"https:\\\/\\\/divertarte.com\\\/#\\\/schema\\\/logo\\\/image\\\/\"}}]}<\/script>\n<!-- \/ Yoast SEO plugin. -->","yoast_head_json":{"title":"P\u00f3 Cer\u00e2mico extra forte - 1kg -","description":"Especialmente concebido para a confec\u00e7\u00e3o de pe\u00e7as em moldes, para pintar e al\u00e9m disso em moldagem, estatuetas, garante excelentes presta\u00e7\u00f5es","robots":{"index":"index","follow":"follow","max-snippet":"max-snippet:-1","max-image-preview":"max-image-preview:large","max-video-preview":"max-video-preview:-1"},"canonical":"https:\/\/divertarte.com\/index.php\/produto\/po-ceramico-extra-fote-1kg\/","og_locale":"pt_PT","og_type":"article","og_title":"P\u00f3 Cer\u00e2mico extra forte - 1kg -","og_description":"Especialmente concebido para a confec\u00e7\u00e3o de pe\u00e7as em moldes, para pintar e al\u00e9m disso em moldagem, estatuetas, garante excelentes presta\u00e7\u00f5es","og_url":"https:\/\/divertarte.com\/index.php\/produto\/po-ceramico-extra-fote-1kg\/","article_modified_time":"2026-04-28T08:24:50+00:00","og_image":[{"width":400,"height":404,"url":"https:\/\/divertarte.com\/wp-content\/uploads\/2018\/09\/Po-ceramico-extra-forte.jpg","type":"image\/jpeg"}],"twitter_card":"summary_large_image","twitter_misc":{"Tempo estimado de leitura":"1 minuto"},"schema":{"@context":"https:\/\/schema.org","@graph":[{"@type":"WebPage","@id":"https:\/\/divertarte.com\/index.php\/produto\/po-ceramico-extra-fote-1kg\/","url":"https:\/\/divertarte.com\/index.php\/produto\/po-ceramico-extra-fote-1kg\/","name":"P\u00f3 Cer\u00e2mico extra forte - 1kg -","isPartOf":{"@id":"https:\/\/divertarte.com\/#website"},"primaryImageOfPage":{"@id":"https:\/\/divertarte.com\/index.php\/produto\/po-ceramico-extra-fote-1kg\/#primaryimage"},"image":{"@id":"https:\/\/divertarte.com\/index.php\/produto\/po-ceramico-extra-fote-1kg\/#primaryimage"},"thumbnailUrl":"https:\/\/divertarte.com\/wp-content\/uploads\/2018\/09\/Po-ceramico-extra-forte.jpg","datePublished":"2018-09-14T14:55:45+00:00","dateModified":"2026-04-28T08:24:50+00:00","description":"Especialmente concebido para a confec\u00e7\u00e3o de pe\u00e7as em moldes, para pintar e al\u00e9m disso em moldagem, estatuetas, garante excelentes presta\u00e7\u00f5es","breadcrumb":{"@id":"https:\/\/divertarte.com\/index.php\/produto\/po-ceramico-extra-fote-1kg\/#breadcrumb"},"inLanguage":"pt-PT","potentialAction":[{"@type":"ReadAction","target":["https:\/\/divertarte.com\/index.php\/produto\/po-ceramico-extra-fote-1kg\/"]}]},{"@type":"ImageObject","inLanguage":"pt-PT","@id":"https:\/\/divertarte.com\/index.php\/produto\/po-ceramico-extra-fote-1kg\/#primaryimage","url":"https:\/\/divertarte.com\/wp-content\/uploads\/2018\/09\/Po-ceramico-extra-forte.jpg","contentUrl":"https:\/\/divertarte.com\/wp-content\/uploads\/2018\/09\/Po-ceramico-extra-forte.jpg","width":400,"height":404},{"@type":"BreadcrumbList","@id":"https:\/\/divertarte.com\/index.php\/produto\/po-ceramico-extra-fote-1kg\/#breadcrumb","itemListElement":[{"@type":"ListItem","position":1,"name":"In\u00edcio","item":"https:\/\/divertarte.com\/"},{"@type":"ListItem","position":2,"name":"Loja","item":"https:\/\/divertarte.com\/index.php\/divertarte-produtos\/"},{"@type":"ListItem","position":3,"name":"P\u00f3 Cer\u00e2mico extra forte &#8211; 1kg"}]},{"@type":"WebSite","@id":"https:\/\/divertarte.com\/#website","url":"https:\/\/divertarte.com\/","name":"Divertarte","description":"","publisher":{"@id":"https:\/\/divertarte.com\/#organization"},"potentialAction":[{"@type":"SearchAction","target":{"@type":"EntryPoint","urlTemplate":"https:\/\/divertarte.com\/?s={search_term_string}"},"query-input":{"@type":"PropertyValueSpecification","valueRequired":true,"valueName":"search_term_string"}}],"inLanguage":"pt-PT"},{"@type":"Organization","@id":"https:\/\/divertarte.com\/#organization","name":"Divertarte","url":"https:\/\/divertarte.com\/","logo":{"@type":"ImageObject","inLanguage":"pt-PT","@id":"https:\/\/divertarte.com\/#\/schema\/logo\/image\/","url":"https:\/\/divertarte.com\/wp-content\/uploads\/2018\/07\/logo-div.jpg","contentUrl":"https:\/\/divertarte.com\/wp-content\/uploads\/2018\/07\/logo-div.jpg","width":295,"height":123,"caption":"Divertarte"},"image":{"@id":"https:\/\/divertarte.com\/#\/schema\/logo\/image\/"}}]}},"_links":{"self":[{"href":"https:\/\/divertarte.com\/index.php\/wp-json\/wp\/v2\/product\/8811","targetHints":{"allow":["GET"]}}],"collection":[{"href":"https:\/\/divertarte.com\/index.php\/wp-json\/wp\/v2\/product"}],"about":[{"href":"https:\/\/divertarte.com\/index.php\/wp-json\/wp\/v2\/types\/product"}],"replies":[{"embeddable":true,"href":"https:\/\/divertarte.com\/index.php\/wp-json\/wp\/v2\/comments?post=8811"}],"wp:featuredmedia":[{"embeddable":true,"href":"https:\/\/divertarte.com\/index.php\/wp-json\/wp\/v2\/media\/21256"}],"wp:attachment":[{"href":"https:\/\/divertarte.com\/index.php\/wp-json\/wp\/v2\/media?parent=8811"}],"wp:term":[{"taxonomy":"product_brand","embeddable":true,"href":"https:\/\/divertarte.com\/index.php\/wp-json\/wp\/v2\/product_brand?post=8811"},{"taxonomy":"product_cat","embeddable":true,"href":"https:\/\/divertarte.com\/index.php\/wp-json\/wp\/v2\/product_cat?post=8811"},{"taxonomy":"product_tag","embeddable":true,"href":"https:\/\/divertarte.com\/index.php\/wp-json\/wp\/v2\/product_tag?post=8811"}],"curies":[{"name":"wp","href":"https:\/\/api.w.org\/{rel}","templated":true}]}}