{"id":8560,"date":"2018-08-15T14:00:08","date_gmt":"2018-08-15T13:00:08","guid":{"rendered":"https:\/\/divertarte.com\/?post_type=product&#038;p=8560"},"modified":"2025-11-06T13:35:42","modified_gmt":"2025-11-06T13:35:42","slug":"garrafinha-alta-50ml-rolha-de-cortica","status":"publish","type":"product","link":"https:\/\/divertarte.com\/index.php\/produto\/garrafinha-alta-50ml-rolha-de-cortica\/","title":{"rendered":"Garrafinha alta 50ML Rolha de Corti\u00e7a"},"content":{"rendered":"<p>Garrafinha alta 50ML Rolha de Corti\u00e7a. Garrafinha miniatura 50 ml com rolha de corti\u00e7a.\u00a0Medida \u00d8 3 cm altura 15 cm &#8211; peso 90 gr.<\/p>\n<p>Aconselhada portanto para licores, vinhos, vinagres bals\u00e2micos, picante, piri-piri, molhos, azeites arom\u00e1ticos, aguardentes, amostras.<\/p>\n<p>Alem disso podem servir para colocar agua benta, aguas santificadas nas prendinhas para casamentos, batizados e outros eventos.<\/p>\n","protected":false},"excerpt":{"rendered":"<p>Garrafinha alta 50ML Rolha de Corti\u00e7a. Garrafinha miniatura 50 ml com rolha de corti\u00e7a.\u00a0Medida \u00d8 3 cm altura 15 cm &#8211; peso 90 gr.<\/p>\n<p>Aconselhada para licores, vinhos, vinagres bals\u00e2micos, picante, piri-piri, molhos, azeites arom\u00e1ticos, aguardentes, amostras.<\/p>\n<p>Alem disso podem servir para colocar agua benta, aguas santificadas nas prendinhas para casamentos, batizados e outros eventos.<\/p>\n","protected":false},"featured_media":9565,"comment_status":"open","ping_status":"closed","template":"","meta":{"_exactmetrics_skip_tracking":false,"_exactmetrics_sitenote_active":false,"_exactmetrics_sitenote_note":"","_exactmetrics_sitenote_category":0},"product_brand":[],"product_cat":[193,15],"product_tag":[],"class_list":{"0":"post-8560","1":"product","2":"type-product","3":"status-publish","4":"has-post-thumbnail","6":"product_cat-garrafinhas-miniatura","7":"product_cat-ver-todos-os-produtos","9":"first","10":"instock","11":"taxable","12":"shipping-taxable","13":"purchasable","14":"product-type-simple"},"yoast_head":"<!-- This site is optimized with the Yoast SEO plugin v27.4 - https:\/\/yoast.com\/product\/yoast-seo-wordpress\/ -->\n<title>Garrafinha alta 50ML Rolha de Corti\u00e7a -<\/title>\n<meta name=\"description\" content=\"Garrafinha alta 50ML Rolha de Corti\u00e7a. Garrafinha miniatura 50 ml com rolha de corti\u00e7a.\u00a0Medida \u00d8 3 cm altura 15 cm - peso 90 gr.\" \/>\n<meta name=\"robots\" content=\"index, follow, max-snippet:-1, max-image-preview:large, max-video-preview:-1\" \/>\n<link rel=\"canonical\" href=\"https:\/\/divertarte.com\/index.php\/produto\/garrafinha-alta-50ml-rolha-de-cortica\/\" \/>\n<meta property=\"og:locale\" content=\"pt_PT\" \/>\n<meta property=\"og:type\" content=\"article\" \/>\n<meta property=\"og:title\" content=\"Garrafinha alta 50ML Rolha de Corti\u00e7a -\" \/>\n<meta property=\"og:description\" content=\"Garrafinha alta 50ML Rolha de Corti\u00e7a. Garrafinha miniatura 50 ml com rolha de corti\u00e7a.\u00a0Medida \u00d8 3 cm altura 15 cm - peso 90 gr.\" \/>\n<meta property=\"og:url\" content=\"https:\/\/divertarte.com\/index.php\/produto\/garrafinha-alta-50ml-rolha-de-cortica\/\" \/>\n<meta property=\"article:modified_time\" content=\"2025-11-06T13:35:42+00:00\" \/>\n<meta property=\"og:image\" content=\"https:\/\/divertarte.com\/wp-content\/uploads\/2018\/08\/Garrafinha-alta-50ML-rolha-corti\u00e7a.jpg\" \/>\n\t<meta property=\"og:image:width\" content=\"400\" \/>\n\t<meta property=\"og:image:height\" content=\"400\" \/>\n\t<meta property=\"og:image:type\" content=\"image\/jpeg\" \/>\n<meta name=\"twitter:card\" content=\"summary_large_image\" \/>\n<script type=\"application\/ld+json\" class=\"yoast-schema-graph\">{\"@context\":\"https:\\\/\\\/schema.org\",\"@graph\":[{\"@type\":\"WebPage\",\"@id\":\"https:\\\/\\\/divertarte.com\\\/index.php\\\/produto\\\/garrafinha-alta-50ml-rolha-de-cortica\\\/\",\"url\":\"https:\\\/\\\/divertarte.com\\\/index.php\\\/produto\\\/garrafinha-alta-50ml-rolha-de-cortica\\\/\",\"name\":\"Garrafinha alta 50ML Rolha de Corti\u00e7a -\",\"isPartOf\":{\"@id\":\"https:\\\/\\\/divertarte.com\\\/#website\"},\"primaryImageOfPage\":{\"@id\":\"https:\\\/\\\/divertarte.com\\\/index.php\\\/produto\\\/garrafinha-alta-50ml-rolha-de-cortica\\\/#primaryimage\"},\"image\":{\"@id\":\"https:\\\/\\\/divertarte.com\\\/index.php\\\/produto\\\/garrafinha-alta-50ml-rolha-de-cortica\\\/#primaryimage\"},\"thumbnailUrl\":\"https:\\\/\\\/divertarte.com\\\/wp-content\\\/uploads\\\/2018\\\/08\\\/Garrafinha-alta-50ML-rolha-corti\u00e7a.jpg\",\"datePublished\":\"2018-08-15T13:00:08+00:00\",\"dateModified\":\"2025-11-06T13:35:42+00:00\",\"description\":\"Garrafinha alta 50ML Rolha de Corti\u00e7a. Garrafinha miniatura 50 ml com rolha de corti\u00e7a.\u00a0Medida \u00d8 3 cm altura 15 cm - peso 90 gr.\",\"breadcrumb\":{\"@id\":\"https:\\\/\\\/divertarte.com\\\/index.php\\\/produto\\\/garrafinha-alta-50ml-rolha-de-cortica\\\/#breadcrumb\"},\"inLanguage\":\"pt-PT\",\"potentialAction\":[{\"@type\":\"ReadAction\",\"target\":[\"https:\\\/\\\/divertarte.com\\\/index.php\\\/produto\\\/garrafinha-alta-50ml-rolha-de-cortica\\\/\"]}]},{\"@type\":\"ImageObject\",\"inLanguage\":\"pt-PT\",\"@id\":\"https:\\\/\\\/divertarte.com\\\/index.php\\\/produto\\\/garrafinha-alta-50ml-rolha-de-cortica\\\/#primaryimage\",\"url\":\"https:\\\/\\\/divertarte.com\\\/wp-content\\\/uploads\\\/2018\\\/08\\\/Garrafinha-alta-50ML-rolha-corti\u00e7a.jpg\",\"contentUrl\":\"https:\\\/\\\/divertarte.com\\\/wp-content\\\/uploads\\\/2018\\\/08\\\/Garrafinha-alta-50ML-rolha-corti\u00e7a.jpg\",\"width\":400,\"height\":400},{\"@type\":\"BreadcrumbList\",\"@id\":\"https:\\\/\\\/divertarte.com\\\/index.php\\\/produto\\\/garrafinha-alta-50ml-rolha-de-cortica\\\/#breadcrumb\",\"itemListElement\":[{\"@type\":\"ListItem\",\"position\":1,\"name\":\"In\u00edcio\",\"item\":\"https:\\\/\\\/divertarte.com\\\/\"},{\"@type\":\"ListItem\",\"position\":2,\"name\":\"Loja\",\"item\":\"https:\\\/\\\/divertarte.com\\\/index.php\\\/divertarte-produtos\\\/\"},{\"@type\":\"ListItem\",\"position\":3,\"name\":\"Garrafinha alta 50ML Rolha de Corti\u00e7a\"}]},{\"@type\":\"WebSite\",\"@id\":\"https:\\\/\\\/divertarte.com\\\/#website\",\"url\":\"https:\\\/\\\/divertarte.com\\\/\",\"name\":\"Divertarte\",\"description\":\"\",\"publisher\":{\"@id\":\"https:\\\/\\\/divertarte.com\\\/#organization\"},\"potentialAction\":[{\"@type\":\"SearchAction\",\"target\":{\"@type\":\"EntryPoint\",\"urlTemplate\":\"https:\\\/\\\/divertarte.com\\\/?s={search_term_string}\"},\"query-input\":{\"@type\":\"PropertyValueSpecification\",\"valueRequired\":true,\"valueName\":\"search_term_string\"}}],\"inLanguage\":\"pt-PT\"},{\"@type\":\"Organization\",\"@id\":\"https:\\\/\\\/divertarte.com\\\/#organization\",\"name\":\"Divertarte\",\"url\":\"https:\\\/\\\/divertarte.com\\\/\",\"logo\":{\"@type\":\"ImageObject\",\"inLanguage\":\"pt-PT\",\"@id\":\"https:\\\/\\\/divertarte.com\\\/#\\\/schema\\\/logo\\\/image\\\/\",\"url\":\"https:\\\/\\\/divertarte.com\\\/wp-content\\\/uploads\\\/2018\\\/07\\\/logo-div.jpg\",\"contentUrl\":\"https:\\\/\\\/divertarte.com\\\/wp-content\\\/uploads\\\/2018\\\/07\\\/logo-div.jpg\",\"width\":295,\"height\":123,\"caption\":\"Divertarte\"},\"image\":{\"@id\":\"https:\\\/\\\/divertarte.com\\\/#\\\/schema\\\/logo\\\/image\\\/\"}}]}<\/script>\n<!-- \/ Yoast SEO plugin. -->","yoast_head_json":{"title":"Garrafinha alta 50ML Rolha de Corti\u00e7a -","description":"Garrafinha alta 50ML Rolha de Corti\u00e7a. Garrafinha miniatura 50 ml com rolha de corti\u00e7a.\u00a0Medida \u00d8 3 cm altura 15 cm - peso 90 gr.","robots":{"index":"index","follow":"follow","max-snippet":"max-snippet:-1","max-image-preview":"max-image-preview:large","max-video-preview":"max-video-preview:-1"},"canonical":"https:\/\/divertarte.com\/index.php\/produto\/garrafinha-alta-50ml-rolha-de-cortica\/","og_locale":"pt_PT","og_type":"article","og_title":"Garrafinha alta 50ML Rolha de Corti\u00e7a -","og_description":"Garrafinha alta 50ML Rolha de Corti\u00e7a. Garrafinha miniatura 50 ml com rolha de corti\u00e7a.\u00a0Medida \u00d8 3 cm altura 15 cm - peso 90 gr.","og_url":"https:\/\/divertarte.com\/index.php\/produto\/garrafinha-alta-50ml-rolha-de-cortica\/","article_modified_time":"2025-11-06T13:35:42+00:00","og_image":[{"width":400,"height":400,"url":"https:\/\/divertarte.com\/wp-content\/uploads\/2018\/08\/Garrafinha-alta-50ML-rolha-corti\u00e7a.jpg","type":"image\/jpeg"}],"twitter_card":"summary_large_image","schema":{"@context":"https:\/\/schema.org","@graph":[{"@type":"WebPage","@id":"https:\/\/divertarte.com\/index.php\/produto\/garrafinha-alta-50ml-rolha-de-cortica\/","url":"https:\/\/divertarte.com\/index.php\/produto\/garrafinha-alta-50ml-rolha-de-cortica\/","name":"Garrafinha alta 50ML Rolha de Corti\u00e7a -","isPartOf":{"@id":"https:\/\/divertarte.com\/#website"},"primaryImageOfPage":{"@id":"https:\/\/divertarte.com\/index.php\/produto\/garrafinha-alta-50ml-rolha-de-cortica\/#primaryimage"},"image":{"@id":"https:\/\/divertarte.com\/index.php\/produto\/garrafinha-alta-50ml-rolha-de-cortica\/#primaryimage"},"thumbnailUrl":"https:\/\/divertarte.com\/wp-content\/uploads\/2018\/08\/Garrafinha-alta-50ML-rolha-corti\u00e7a.jpg","datePublished":"2018-08-15T13:00:08+00:00","dateModified":"2025-11-06T13:35:42+00:00","description":"Garrafinha alta 50ML Rolha de Corti\u00e7a. Garrafinha miniatura 50 ml com rolha de corti\u00e7a.\u00a0Medida \u00d8 3 cm altura 15 cm - peso 90 gr.","breadcrumb":{"@id":"https:\/\/divertarte.com\/index.php\/produto\/garrafinha-alta-50ml-rolha-de-cortica\/#breadcrumb"},"inLanguage":"pt-PT","potentialAction":[{"@type":"ReadAction","target":["https:\/\/divertarte.com\/index.php\/produto\/garrafinha-alta-50ml-rolha-de-cortica\/"]}]},{"@type":"ImageObject","inLanguage":"pt-PT","@id":"https:\/\/divertarte.com\/index.php\/produto\/garrafinha-alta-50ml-rolha-de-cortica\/#primaryimage","url":"https:\/\/divertarte.com\/wp-content\/uploads\/2018\/08\/Garrafinha-alta-50ML-rolha-corti\u00e7a.jpg","contentUrl":"https:\/\/divertarte.com\/wp-content\/uploads\/2018\/08\/Garrafinha-alta-50ML-rolha-corti\u00e7a.jpg","width":400,"height":400},{"@type":"BreadcrumbList","@id":"https:\/\/divertarte.com\/index.php\/produto\/garrafinha-alta-50ml-rolha-de-cortica\/#breadcrumb","itemListElement":[{"@type":"ListItem","position":1,"name":"In\u00edcio","item":"https:\/\/divertarte.com\/"},{"@type":"ListItem","position":2,"name":"Loja","item":"https:\/\/divertarte.com\/index.php\/divertarte-produtos\/"},{"@type":"ListItem","position":3,"name":"Garrafinha alta 50ML Rolha de Corti\u00e7a"}]},{"@type":"WebSite","@id":"https:\/\/divertarte.com\/#website","url":"https:\/\/divertarte.com\/","name":"Divertarte","description":"","publisher":{"@id":"https:\/\/divertarte.com\/#organization"},"potentialAction":[{"@type":"SearchAction","target":{"@type":"EntryPoint","urlTemplate":"https:\/\/divertarte.com\/?s={search_term_string}"},"query-input":{"@type":"PropertyValueSpecification","valueRequired":true,"valueName":"search_term_string"}}],"inLanguage":"pt-PT"},{"@type":"Organization","@id":"https:\/\/divertarte.com\/#organization","name":"Divertarte","url":"https:\/\/divertarte.com\/","logo":{"@type":"ImageObject","inLanguage":"pt-PT","@id":"https:\/\/divertarte.com\/#\/schema\/logo\/image\/","url":"https:\/\/divertarte.com\/wp-content\/uploads\/2018\/07\/logo-div.jpg","contentUrl":"https:\/\/divertarte.com\/wp-content\/uploads\/2018\/07\/logo-div.jpg","width":295,"height":123,"caption":"Divertarte"},"image":{"@id":"https:\/\/divertarte.com\/#\/schema\/logo\/image\/"}}]}},"_links":{"self":[{"href":"https:\/\/divertarte.com\/index.php\/wp-json\/wp\/v2\/product\/8560","targetHints":{"allow":["GET"]}}],"collection":[{"href":"https:\/\/divertarte.com\/index.php\/wp-json\/wp\/v2\/product"}],"about":[{"href":"https:\/\/divertarte.com\/index.php\/wp-json\/wp\/v2\/types\/product"}],"replies":[{"embeddable":true,"href":"https:\/\/divertarte.com\/index.php\/wp-json\/wp\/v2\/comments?post=8560"}],"wp:featuredmedia":[{"embeddable":true,"href":"https:\/\/divertarte.com\/index.php\/wp-json\/wp\/v2\/media\/9565"}],"wp:attachment":[{"href":"https:\/\/divertarte.com\/index.php\/wp-json\/wp\/v2\/media?parent=8560"}],"wp:term":[{"taxonomy":"product_brand","embeddable":true,"href":"https:\/\/divertarte.com\/index.php\/wp-json\/wp\/v2\/product_brand?post=8560"},{"taxonomy":"product_cat","embeddable":true,"href":"https:\/\/divertarte.com\/index.php\/wp-json\/wp\/v2\/product_cat?post=8560"},{"taxonomy":"product_tag","embeddable":true,"href":"https:\/\/divertarte.com\/index.php\/wp-json\/wp\/v2\/product_tag?post=8560"}],"curies":[{"name":"wp","href":"https:\/\/api.w.org\/{rel}","templated":true}]}}