{"id":8461,"date":"2018-07-21T16:10:05","date_gmt":"2018-07-21T15:10:05","guid":{"rendered":"https:\/\/divertarte.com\/?post_type=product&#038;p=8461"},"modified":"2025-11-06T13:35:42","modified_gmt":"2025-11-06T13:35:42","slug":"sais-de-banho-de-alfazema","status":"publish","type":"product","link":"https:\/\/divertarte.com\/index.php\/produto\/sais-de-banho-de-alfazema\/","title":{"rendered":"Sais de Banho de Alfazema"},"content":{"rendered":"<p>Sais de banho\u00a0 de\u00a0 Alfazema s\u00e3o sal marinho grosso com aditivo. Ideal para fazer como ofertas de casamento personalizado. Aroma Alfazema 1 kg<br \/>\nTomar banho de imers\u00e3o com sais \u00e9 muito relaxante, ajuda a recuperar o bem estar f\u00edsico e mental, proporcionando o equil\u00edbrio para o corpo e a mente . Os sais de banho podem ser usados conforme a necessidade de cada um. Para quem tem a pele mais sens\u00edvel, uma vez por semana, para quem tem a pele normal usar de 2 em 2 dias.<br \/>\nAtuam sobre o organismo eliminando as impurezas, as tens\u00f5es do dia a dia, deixando o banho relaxante purificando a mente e o corpo.<\/p>\n","protected":false},"excerpt":{"rendered":"<p>Sais de banho\u00a0 de\u00a0 Alfazema s\u00e3o sal marinho grosso com aditivo. Ideal para fazer como ofertas de casamento personalizado. Aroma Alfazema 1 kg<br \/>\nTomar banho de imers\u00e3o com sais \u00e9 muito relaxante, ajuda a recuperar o bem estar f\u00edsico e mental, proporcionando o equil\u00edbrio para o corpo e a mente . Os sais de banho podem ser usados conforme a necessidade de cada um. Para quem tem a pele mais sens\u00edvel, uma vez por semana, para quem tem a pele normal usar de 2 em 2 dias.<br \/>\nAtuam sobre o organismo eliminando as impurezas, as tens\u00f5es do dia a dia, deixando o banho relaxante purificando a mente e o corpo<\/p>\n","protected":false},"featured_media":8462,"comment_status":"closed","ping_status":"closed","template":"","meta":{"_exactmetrics_skip_tracking":false,"_exactmetrics_sitenote_active":false,"_exactmetrics_sitenote_note":"","_exactmetrics_sitenote_category":0},"product_brand":[],"product_cat":[383,466,381,486],"product_tag":[616],"class_list":{"0":"post-8461","1":"product","2":"type-product","3":"status-publish","4":"has-post-thumbnail","6":"product_cat-additivos-em-po","7":"product_cat-banho","8":"product_cat-materiais-para-sabonetes","9":"product_cat-sais-de-banho","10":"product_tag-sais-de-banho","12":"first","13":"instock","14":"taxable","15":"shipping-taxable","16":"purchasable","17":"product-type-simple"},"yoast_head":"<!-- This site is optimized with the Yoast SEO plugin v27.5 - https:\/\/yoast.com\/product\/yoast-seo-wordpress\/ -->\n<title>Sais de Banho de Alfazema -<\/title>\n<meta name=\"description\" content=\"Sais de banho de Alfazema s\u00e3o sal marinho grosso com aditivo. Ideal para fazer como ofertas de casamento personalizado. Aroma Alfazema 1 kgTomar banho de imers\u00e3o com sais \u00e9 muito relaxante, ajuda a recuperar o bem estar f\u00edsico e mental, proporcionando o equil\u00edbrio para o corpo e a mente . Os sais de banho podem ser usados conforme a necessidade de cada um. Para quem tem a pele mais sens\u00edvel, uma vez por semana, para quem tem a pele normal usar de 2 em 2 dias.Atuam sobre o organismo eliminando as impurezas, as tens\u00f5es do dia a dia, deixando o banho relaxante purificando a mente e o corpo\" \/>\n<meta name=\"robots\" content=\"index, follow, max-snippet:-1, max-image-preview:large, max-video-preview:-1\" \/>\n<link rel=\"canonical\" href=\"https:\/\/divertarte.com\/index.php\/produto\/sais-de-banho-de-alfazema\/\" \/>\n<meta property=\"og:locale\" content=\"pt_PT\" \/>\n<meta property=\"og:type\" content=\"article\" \/>\n<meta property=\"og:title\" content=\"Sais de Banho de Alfazema -\" \/>\n<meta property=\"og:description\" content=\"Sais de banho de Alfazema s\u00e3o sal marinho grosso com aditivo. Ideal para fazer como ofertas de casamento personalizado. Aroma Alfazema 1 kgTomar banho de imers\u00e3o com sais \u00e9 muito relaxante, ajuda a recuperar o bem estar f\u00edsico e mental, proporcionando o equil\u00edbrio para o corpo e a mente . Os sais de banho podem ser usados conforme a necessidade de cada um. Para quem tem a pele mais sens\u00edvel, uma vez por semana, para quem tem a pele normal usar de 2 em 2 dias.Atuam sobre o organismo eliminando as impurezas, as tens\u00f5es do dia a dia, deixando o banho relaxante purificando a mente e o corpo\" \/>\n<meta property=\"og:url\" content=\"https:\/\/divertarte.com\/index.php\/produto\/sais-de-banho-de-alfazema\/\" \/>\n<meta property=\"article:modified_time\" content=\"2025-11-06T13:35:42+00:00\" \/>\n<meta property=\"og:image\" content=\"https:\/\/divertarte.com\/wp-content\/uploads\/2018\/07\/sais_de_banho_alfazema.jpg\" \/>\n\t<meta property=\"og:image:width\" content=\"254\" \/>\n\t<meta property=\"og:image:height\" content=\"250\" \/>\n\t<meta property=\"og:image:type\" content=\"image\/jpeg\" \/>\n<meta name=\"twitter:card\" content=\"summary_large_image\" \/>\n<meta name=\"twitter:label1\" content=\"Tempo estimado de leitura\" \/>\n\t<meta name=\"twitter:data1\" content=\"1 minuto\" \/>\n<script type=\"application\/ld+json\" class=\"yoast-schema-graph\">{\"@context\":\"https:\\\/\\\/schema.org\",\"@graph\":[{\"@type\":\"WebPage\",\"@id\":\"https:\\\/\\\/divertarte.com\\\/index.php\\\/produto\\\/sais-de-banho-de-alfazema\\\/\",\"url\":\"https:\\\/\\\/divertarte.com\\\/index.php\\\/produto\\\/sais-de-banho-de-alfazema\\\/\",\"name\":\"Sais de Banho de Alfazema -\",\"isPartOf\":{\"@id\":\"https:\\\/\\\/divertarte.com\\\/#website\"},\"primaryImageOfPage\":{\"@id\":\"https:\\\/\\\/divertarte.com\\\/index.php\\\/produto\\\/sais-de-banho-de-alfazema\\\/#primaryimage\"},\"image\":{\"@id\":\"https:\\\/\\\/divertarte.com\\\/index.php\\\/produto\\\/sais-de-banho-de-alfazema\\\/#primaryimage\"},\"thumbnailUrl\":\"https:\\\/\\\/divertarte.com\\\/wp-content\\\/uploads\\\/2018\\\/07\\\/sais_de_banho_alfazema.jpg\",\"datePublished\":\"2018-07-21T15:10:05+00:00\",\"dateModified\":\"2025-11-06T13:35:42+00:00\",\"description\":\"Sais de banho de Alfazema s\u00e3o sal marinho grosso com aditivo. Ideal para fazer como ofertas de casamento personalizado. Aroma Alfazema 1 kgTomar banho de imers\u00e3o com sais \u00e9 muito relaxante, ajuda a recuperar o bem estar f\u00edsico e mental, proporcionando o equil\u00edbrio para o corpo e a mente . Os sais de banho podem ser usados conforme a necessidade de cada um. Para quem tem a pele mais sens\u00edvel, uma vez por semana, para quem tem a pele normal usar de 2 em 2 dias.Atuam sobre o organismo eliminando as impurezas, as tens\u00f5es do dia a dia, deixando o banho relaxante purificando a mente e o corpo\",\"breadcrumb\":{\"@id\":\"https:\\\/\\\/divertarte.com\\\/index.php\\\/produto\\\/sais-de-banho-de-alfazema\\\/#breadcrumb\"},\"inLanguage\":\"pt-PT\",\"potentialAction\":[{\"@type\":\"ReadAction\",\"target\":[\"https:\\\/\\\/divertarte.com\\\/index.php\\\/produto\\\/sais-de-banho-de-alfazema\\\/\"]}]},{\"@type\":\"ImageObject\",\"inLanguage\":\"pt-PT\",\"@id\":\"https:\\\/\\\/divertarte.com\\\/index.php\\\/produto\\\/sais-de-banho-de-alfazema\\\/#primaryimage\",\"url\":\"https:\\\/\\\/divertarte.com\\\/wp-content\\\/uploads\\\/2018\\\/07\\\/sais_de_banho_alfazema.jpg\",\"contentUrl\":\"https:\\\/\\\/divertarte.com\\\/wp-content\\\/uploads\\\/2018\\\/07\\\/sais_de_banho_alfazema.jpg\",\"width\":254,\"height\":250},{\"@type\":\"BreadcrumbList\",\"@id\":\"https:\\\/\\\/divertarte.com\\\/index.php\\\/produto\\\/sais-de-banho-de-alfazema\\\/#breadcrumb\",\"itemListElement\":[{\"@type\":\"ListItem\",\"position\":1,\"name\":\"In\u00edcio\",\"item\":\"https:\\\/\\\/divertarte.com\\\/\"},{\"@type\":\"ListItem\",\"position\":2,\"name\":\"Loja\",\"item\":\"https:\\\/\\\/divertarte.com\\\/index.php\\\/divertarte-produtos\\\/\"},{\"@type\":\"ListItem\",\"position\":3,\"name\":\"Sais de Banho de Alfazema\"}]},{\"@type\":\"WebSite\",\"@id\":\"https:\\\/\\\/divertarte.com\\\/#website\",\"url\":\"https:\\\/\\\/divertarte.com\\\/\",\"name\":\"Divertarte\",\"description\":\"\",\"publisher\":{\"@id\":\"https:\\\/\\\/divertarte.com\\\/#organization\"},\"potentialAction\":[{\"@type\":\"SearchAction\",\"target\":{\"@type\":\"EntryPoint\",\"urlTemplate\":\"https:\\\/\\\/divertarte.com\\\/?s={search_term_string}\"},\"query-input\":{\"@type\":\"PropertyValueSpecification\",\"valueRequired\":true,\"valueName\":\"search_term_string\"}}],\"inLanguage\":\"pt-PT\"},{\"@type\":\"Organization\",\"@id\":\"https:\\\/\\\/divertarte.com\\\/#organization\",\"name\":\"Divertarte\",\"url\":\"https:\\\/\\\/divertarte.com\\\/\",\"logo\":{\"@type\":\"ImageObject\",\"inLanguage\":\"pt-PT\",\"@id\":\"https:\\\/\\\/divertarte.com\\\/#\\\/schema\\\/logo\\\/image\\\/\",\"url\":\"https:\\\/\\\/divertarte.com\\\/wp-content\\\/uploads\\\/2018\\\/07\\\/logo-div.jpg\",\"contentUrl\":\"https:\\\/\\\/divertarte.com\\\/wp-content\\\/uploads\\\/2018\\\/07\\\/logo-div.jpg\",\"width\":295,\"height\":123,\"caption\":\"Divertarte\"},\"image\":{\"@id\":\"https:\\\/\\\/divertarte.com\\\/#\\\/schema\\\/logo\\\/image\\\/\"}}]}<\/script>\n<!-- \/ Yoast SEO plugin. -->","yoast_head_json":{"title":"Sais de Banho de Alfazema -","description":"Sais de banho de Alfazema s\u00e3o sal marinho grosso com aditivo. Ideal para fazer como ofertas de casamento personalizado. Aroma Alfazema 1 kgTomar banho de imers\u00e3o com sais \u00e9 muito relaxante, ajuda a recuperar o bem estar f\u00edsico e mental, proporcionando o equil\u00edbrio para o corpo e a mente . Os sais de banho podem ser usados conforme a necessidade de cada um. Para quem tem a pele mais sens\u00edvel, uma vez por semana, para quem tem a pele normal usar de 2 em 2 dias.Atuam sobre o organismo eliminando as impurezas, as tens\u00f5es do dia a dia, deixando o banho relaxante purificando a mente e o corpo","robots":{"index":"index","follow":"follow","max-snippet":"max-snippet:-1","max-image-preview":"max-image-preview:large","max-video-preview":"max-video-preview:-1"},"canonical":"https:\/\/divertarte.com\/index.php\/produto\/sais-de-banho-de-alfazema\/","og_locale":"pt_PT","og_type":"article","og_title":"Sais de Banho de Alfazema -","og_description":"Sais de banho de Alfazema s\u00e3o sal marinho grosso com aditivo. Ideal para fazer como ofertas de casamento personalizado. Aroma Alfazema 1 kgTomar banho de imers\u00e3o com sais \u00e9 muito relaxante, ajuda a recuperar o bem estar f\u00edsico e mental, proporcionando o equil\u00edbrio para o corpo e a mente . Os sais de banho podem ser usados conforme a necessidade de cada um. Para quem tem a pele mais sens\u00edvel, uma vez por semana, para quem tem a pele normal usar de 2 em 2 dias.Atuam sobre o organismo eliminando as impurezas, as tens\u00f5es do dia a dia, deixando o banho relaxante purificando a mente e o corpo","og_url":"https:\/\/divertarte.com\/index.php\/produto\/sais-de-banho-de-alfazema\/","article_modified_time":"2025-11-06T13:35:42+00:00","og_image":[{"width":254,"height":250,"url":"https:\/\/divertarte.com\/wp-content\/uploads\/2018\/07\/sais_de_banho_alfazema.jpg","type":"image\/jpeg"}],"twitter_card":"summary_large_image","twitter_misc":{"Tempo estimado de leitura":"1 minuto"},"schema":{"@context":"https:\/\/schema.org","@graph":[{"@type":"WebPage","@id":"https:\/\/divertarte.com\/index.php\/produto\/sais-de-banho-de-alfazema\/","url":"https:\/\/divertarte.com\/index.php\/produto\/sais-de-banho-de-alfazema\/","name":"Sais de Banho de Alfazema -","isPartOf":{"@id":"https:\/\/divertarte.com\/#website"},"primaryImageOfPage":{"@id":"https:\/\/divertarte.com\/index.php\/produto\/sais-de-banho-de-alfazema\/#primaryimage"},"image":{"@id":"https:\/\/divertarte.com\/index.php\/produto\/sais-de-banho-de-alfazema\/#primaryimage"},"thumbnailUrl":"https:\/\/divertarte.com\/wp-content\/uploads\/2018\/07\/sais_de_banho_alfazema.jpg","datePublished":"2018-07-21T15:10:05+00:00","dateModified":"2025-11-06T13:35:42+00:00","description":"Sais de banho de Alfazema s\u00e3o sal marinho grosso com aditivo. Ideal para fazer como ofertas de casamento personalizado. Aroma Alfazema 1 kgTomar banho de imers\u00e3o com sais \u00e9 muito relaxante, ajuda a recuperar o bem estar f\u00edsico e mental, proporcionando o equil\u00edbrio para o corpo e a mente . Os sais de banho podem ser usados conforme a necessidade de cada um. Para quem tem a pele mais sens\u00edvel, uma vez por semana, para quem tem a pele normal usar de 2 em 2 dias.Atuam sobre o organismo eliminando as impurezas, as tens\u00f5es do dia a dia, deixando o banho relaxante purificando a mente e o corpo","breadcrumb":{"@id":"https:\/\/divertarte.com\/index.php\/produto\/sais-de-banho-de-alfazema\/#breadcrumb"},"inLanguage":"pt-PT","potentialAction":[{"@type":"ReadAction","target":["https:\/\/divertarte.com\/index.php\/produto\/sais-de-banho-de-alfazema\/"]}]},{"@type":"ImageObject","inLanguage":"pt-PT","@id":"https:\/\/divertarte.com\/index.php\/produto\/sais-de-banho-de-alfazema\/#primaryimage","url":"https:\/\/divertarte.com\/wp-content\/uploads\/2018\/07\/sais_de_banho_alfazema.jpg","contentUrl":"https:\/\/divertarte.com\/wp-content\/uploads\/2018\/07\/sais_de_banho_alfazema.jpg","width":254,"height":250},{"@type":"BreadcrumbList","@id":"https:\/\/divertarte.com\/index.php\/produto\/sais-de-banho-de-alfazema\/#breadcrumb","itemListElement":[{"@type":"ListItem","position":1,"name":"In\u00edcio","item":"https:\/\/divertarte.com\/"},{"@type":"ListItem","position":2,"name":"Loja","item":"https:\/\/divertarte.com\/index.php\/divertarte-produtos\/"},{"@type":"ListItem","position":3,"name":"Sais de Banho de Alfazema"}]},{"@type":"WebSite","@id":"https:\/\/divertarte.com\/#website","url":"https:\/\/divertarte.com\/","name":"Divertarte","description":"","publisher":{"@id":"https:\/\/divertarte.com\/#organization"},"potentialAction":[{"@type":"SearchAction","target":{"@type":"EntryPoint","urlTemplate":"https:\/\/divertarte.com\/?s={search_term_string}"},"query-input":{"@type":"PropertyValueSpecification","valueRequired":true,"valueName":"search_term_string"}}],"inLanguage":"pt-PT"},{"@type":"Organization","@id":"https:\/\/divertarte.com\/#organization","name":"Divertarte","url":"https:\/\/divertarte.com\/","logo":{"@type":"ImageObject","inLanguage":"pt-PT","@id":"https:\/\/divertarte.com\/#\/schema\/logo\/image\/","url":"https:\/\/divertarte.com\/wp-content\/uploads\/2018\/07\/logo-div.jpg","contentUrl":"https:\/\/divertarte.com\/wp-content\/uploads\/2018\/07\/logo-div.jpg","width":295,"height":123,"caption":"Divertarte"},"image":{"@id":"https:\/\/divertarte.com\/#\/schema\/logo\/image\/"}}]}},"_links":{"self":[{"href":"https:\/\/divertarte.com\/index.php\/wp-json\/wp\/v2\/product\/8461","targetHints":{"allow":["GET"]}}],"collection":[{"href":"https:\/\/divertarte.com\/index.php\/wp-json\/wp\/v2\/product"}],"about":[{"href":"https:\/\/divertarte.com\/index.php\/wp-json\/wp\/v2\/types\/product"}],"replies":[{"embeddable":true,"href":"https:\/\/divertarte.com\/index.php\/wp-json\/wp\/v2\/comments?post=8461"}],"wp:featuredmedia":[{"embeddable":true,"href":"https:\/\/divertarte.com\/index.php\/wp-json\/wp\/v2\/media\/8462"}],"wp:attachment":[{"href":"https:\/\/divertarte.com\/index.php\/wp-json\/wp\/v2\/media?parent=8461"}],"wp:term":[{"taxonomy":"product_brand","embeddable":true,"href":"https:\/\/divertarte.com\/index.php\/wp-json\/wp\/v2\/product_brand?post=8461"},{"taxonomy":"product_cat","embeddable":true,"href":"https:\/\/divertarte.com\/index.php\/wp-json\/wp\/v2\/product_cat?post=8461"},{"taxonomy":"product_tag","embeddable":true,"href":"https:\/\/divertarte.com\/index.php\/wp-json\/wp\/v2\/product_tag?post=8461"}],"curies":[{"name":"wp","href":"https:\/\/api.w.org\/{rel}","templated":true}]}}