{"id":4661,"date":"2018-06-07T14:17:04","date_gmt":"2018-06-07T13:17:04","guid":{"rendered":"https:\/\/divertarte.com\/index.php\/produto\/pavios-de-madeira-13cm\/"},"modified":"2026-01-20T22:34:31","modified_gmt":"2026-01-20T22:34:31","slug":"pavios-de-madeira-13cm","status":"publish","type":"product","link":"https:\/\/divertarte.com\/index.php\/produto\/pavios-de-madeira-13cm\/","title":{"rendered":"Pavios de Madeira 13cm &#8211; 4"},"content":{"rendered":"<p>Pavios de madeira 13cm s\u00e3o f\u00e1ceis de acender e s\u00e3o conhecidos pela sua qualidade natural para queimar, al\u00e9m disso pela versatilidade para uso com diferentes tipos de cera.<\/p>\n<p>Os 4 pavios v\u00eam com 2 guias pr\u00f3prias.<\/p>\n<p>Alem disso os pavios v\u00eam com as guias pr\u00f3prias. Dever\u00e1 parafinar os pavios previamente. Derreta a cera e despeje no recipiente.Estes pavios de madeira s\u00e3o muito f\u00e1ceis de usar e realmente melhorar\u00e3o sua linha de velas.<br \/>\nPac de 4 unidades<\/p>\n<p>Tamanho: 13cm<\/p>\n","protected":false},"excerpt":{"rendered":"<p>Pavios de madeira 13cm s\u00e3o f\u00e1ceis de acender e s\u00e3o conhecidos pela sua qualidade natural para queimar, al\u00e9m disso pela versatilidade para uso com diferentes tipos de cera, incluindo cera de soja.<\/p>\n<p>Os 4 pavios v\u00eam com 2 guias pr\u00f3prias.<\/p>\n<p>Al\u00e9m disso os pavios v\u00eam com as guias pr\u00f3prias. Dever\u00e1 parafinar os pavios previamente. Derreta a cera e despeje no recipiente. Muito f\u00e1ceis de usar e realmente melhorar\u00e3o sua linha de velas.<br \/>\nPac de 4 unidades<\/p>\n<p>Tamanho: 13cm<\/p>\n<p>tamanho: 13cmx1,2cm<\/p>\n","protected":false},"featured_media":8167,"comment_status":"closed","ping_status":"closed","template":"","meta":{"_exactmetrics_skip_tracking":false,"_exactmetrics_sitenote_active":false,"_exactmetrics_sitenote_note":"","_exactmetrics_sitenote_category":0},"product_brand":[],"product_cat":[30,15],"product_tag":[1044,1045],"class_list":{"0":"post-4661","1":"product","2":"type-product","3":"status-publish","4":"has-post-thumbnail","6":"product_cat-pavios-para-velas","7":"product_cat-ver-todos-os-produtos","8":"product_tag-pavios-de-madeira-para-velas","9":"product_tag-pavios-madeira","11":"first","12":"outofstock","13":"taxable","14":"shipping-taxable","15":"purchasable","16":"product-type-simple"},"yoast_head":"<!-- This site is optimized with the Yoast SEO plugin v27.5 - https:\/\/yoast.com\/product\/yoast-seo-wordpress\/ -->\n<title>Pavios de Madeira 13cm - 4 - velas cera de soja<\/title>\n<meta name=\"description\" content=\"Pavios de madeira 13cm,f\u00e1ceis de acender e conhecidos pela sua qualidade natural para queimar,versatilidade uso com diferentes tipos de cera.\" \/>\n<meta name=\"robots\" content=\"index, follow, max-snippet:-1, max-image-preview:large, max-video-preview:-1\" \/>\n<link rel=\"canonical\" href=\"https:\/\/divertarte.com\/index.php\/produto\/pavios-de-madeira-13cm\/\" \/>\n<meta property=\"og:locale\" content=\"pt_PT\" \/>\n<meta property=\"og:type\" content=\"article\" \/>\n<meta property=\"og:title\" content=\"Pavios de Madeira 13cm - 4 - velas cera de soja\" \/>\n<meta property=\"og:description\" content=\"Pavios de madeira 13cm,f\u00e1ceis de acender e conhecidos pela sua qualidade natural para queimar,versatilidade uso com diferentes tipos de cera.\" \/>\n<meta property=\"og:url\" content=\"https:\/\/divertarte.com\/index.php\/produto\/pavios-de-madeira-13cm\/\" \/>\n<meta property=\"article:modified_time\" content=\"2026-01-20T22:34:31+00:00\" \/>\n<meta property=\"og:image\" content=\"https:\/\/divertarte.com\/wp-content\/uploads\/2018\/05\/pavio_de_madeira.jpg\" \/>\n\t<meta property=\"og:image:width\" content=\"558\" \/>\n\t<meta property=\"og:image:height\" content=\"558\" \/>\n\t<meta property=\"og:image:type\" content=\"image\/jpeg\" \/>\n<meta name=\"twitter:card\" content=\"summary_large_image\" \/>\n<meta name=\"twitter:label1\" content=\"Tempo estimado de leitura\" \/>\n\t<meta name=\"twitter:data1\" content=\"1 minuto\" \/>\n<script type=\"application\/ld+json\" class=\"yoast-schema-graph\">{\"@context\":\"https:\\\/\\\/schema.org\",\"@graph\":[{\"@type\":\"WebPage\",\"@id\":\"https:\\\/\\\/divertarte.com\\\/index.php\\\/produto\\\/pavios-de-madeira-13cm\\\/\",\"url\":\"https:\\\/\\\/divertarte.com\\\/index.php\\\/produto\\\/pavios-de-madeira-13cm\\\/\",\"name\":\"Pavios de Madeira 13cm - 4 - velas cera de soja\",\"isPartOf\":{\"@id\":\"https:\\\/\\\/divertarte.com\\\/#website\"},\"primaryImageOfPage\":{\"@id\":\"https:\\\/\\\/divertarte.com\\\/index.php\\\/produto\\\/pavios-de-madeira-13cm\\\/#primaryimage\"},\"image\":{\"@id\":\"https:\\\/\\\/divertarte.com\\\/index.php\\\/produto\\\/pavios-de-madeira-13cm\\\/#primaryimage\"},\"thumbnailUrl\":\"https:\\\/\\\/divertarte.com\\\/wp-content\\\/uploads\\\/2018\\\/05\\\/pavio_de_madeira.jpg\",\"datePublished\":\"2018-06-07T13:17:04+00:00\",\"dateModified\":\"2026-01-20T22:34:31+00:00\",\"description\":\"Pavios de madeira 13cm,f\u00e1ceis de acender e conhecidos pela sua qualidade natural para queimar,versatilidade uso com diferentes tipos de cera.\",\"breadcrumb\":{\"@id\":\"https:\\\/\\\/divertarte.com\\\/index.php\\\/produto\\\/pavios-de-madeira-13cm\\\/#breadcrumb\"},\"inLanguage\":\"pt-PT\",\"potentialAction\":[{\"@type\":\"ReadAction\",\"target\":[\"https:\\\/\\\/divertarte.com\\\/index.php\\\/produto\\\/pavios-de-madeira-13cm\\\/\"]}]},{\"@type\":\"ImageObject\",\"inLanguage\":\"pt-PT\",\"@id\":\"https:\\\/\\\/divertarte.com\\\/index.php\\\/produto\\\/pavios-de-madeira-13cm\\\/#primaryimage\",\"url\":\"https:\\\/\\\/divertarte.com\\\/wp-content\\\/uploads\\\/2018\\\/05\\\/pavio_de_madeira.jpg\",\"contentUrl\":\"https:\\\/\\\/divertarte.com\\\/wp-content\\\/uploads\\\/2018\\\/05\\\/pavio_de_madeira.jpg\",\"width\":558,\"height\":558},{\"@type\":\"BreadcrumbList\",\"@id\":\"https:\\\/\\\/divertarte.com\\\/index.php\\\/produto\\\/pavios-de-madeira-13cm\\\/#breadcrumb\",\"itemListElement\":[{\"@type\":\"ListItem\",\"position\":1,\"name\":\"In\u00edcio\",\"item\":\"https:\\\/\\\/divertarte.com\\\/\"},{\"@type\":\"ListItem\",\"position\":2,\"name\":\"Loja\",\"item\":\"https:\\\/\\\/divertarte.com\\\/index.php\\\/divertarte-produtos\\\/\"},{\"@type\":\"ListItem\",\"position\":3,\"name\":\"Pavios de Madeira 13cm &#8211; 4\"}]},{\"@type\":\"WebSite\",\"@id\":\"https:\\\/\\\/divertarte.com\\\/#website\",\"url\":\"https:\\\/\\\/divertarte.com\\\/\",\"name\":\"Divertarte\",\"description\":\"\",\"publisher\":{\"@id\":\"https:\\\/\\\/divertarte.com\\\/#organization\"},\"potentialAction\":[{\"@type\":\"SearchAction\",\"target\":{\"@type\":\"EntryPoint\",\"urlTemplate\":\"https:\\\/\\\/divertarte.com\\\/?s={search_term_string}\"},\"query-input\":{\"@type\":\"PropertyValueSpecification\",\"valueRequired\":true,\"valueName\":\"search_term_string\"}}],\"inLanguage\":\"pt-PT\"},{\"@type\":\"Organization\",\"@id\":\"https:\\\/\\\/divertarte.com\\\/#organization\",\"name\":\"Divertarte\",\"url\":\"https:\\\/\\\/divertarte.com\\\/\",\"logo\":{\"@type\":\"ImageObject\",\"inLanguage\":\"pt-PT\",\"@id\":\"https:\\\/\\\/divertarte.com\\\/#\\\/schema\\\/logo\\\/image\\\/\",\"url\":\"https:\\\/\\\/divertarte.com\\\/wp-content\\\/uploads\\\/2018\\\/07\\\/logo-div.jpg\",\"contentUrl\":\"https:\\\/\\\/divertarte.com\\\/wp-content\\\/uploads\\\/2018\\\/07\\\/logo-div.jpg\",\"width\":295,\"height\":123,\"caption\":\"Divertarte\"},\"image\":{\"@id\":\"https:\\\/\\\/divertarte.com\\\/#\\\/schema\\\/logo\\\/image\\\/\"}}]}<\/script>\n<!-- \/ Yoast SEO plugin. -->","yoast_head_json":{"title":"Pavios de Madeira 13cm - 4 - velas cera de soja","description":"Pavios de madeira 13cm,f\u00e1ceis de acender e conhecidos pela sua qualidade natural para queimar,versatilidade uso com diferentes tipos de cera.","robots":{"index":"index","follow":"follow","max-snippet":"max-snippet:-1","max-image-preview":"max-image-preview:large","max-video-preview":"max-video-preview:-1"},"canonical":"https:\/\/divertarte.com\/index.php\/produto\/pavios-de-madeira-13cm\/","og_locale":"pt_PT","og_type":"article","og_title":"Pavios de Madeira 13cm - 4 - velas cera de soja","og_description":"Pavios de madeira 13cm,f\u00e1ceis de acender e conhecidos pela sua qualidade natural para queimar,versatilidade uso com diferentes tipos de cera.","og_url":"https:\/\/divertarte.com\/index.php\/produto\/pavios-de-madeira-13cm\/","article_modified_time":"2026-01-20T22:34:31+00:00","og_image":[{"width":558,"height":558,"url":"https:\/\/divertarte.com\/wp-content\/uploads\/2018\/05\/pavio_de_madeira.jpg","type":"image\/jpeg"}],"twitter_card":"summary_large_image","twitter_misc":{"Tempo estimado de leitura":"1 minuto"},"schema":{"@context":"https:\/\/schema.org","@graph":[{"@type":"WebPage","@id":"https:\/\/divertarte.com\/index.php\/produto\/pavios-de-madeira-13cm\/","url":"https:\/\/divertarte.com\/index.php\/produto\/pavios-de-madeira-13cm\/","name":"Pavios de Madeira 13cm - 4 - velas cera de soja","isPartOf":{"@id":"https:\/\/divertarte.com\/#website"},"primaryImageOfPage":{"@id":"https:\/\/divertarte.com\/index.php\/produto\/pavios-de-madeira-13cm\/#primaryimage"},"image":{"@id":"https:\/\/divertarte.com\/index.php\/produto\/pavios-de-madeira-13cm\/#primaryimage"},"thumbnailUrl":"https:\/\/divertarte.com\/wp-content\/uploads\/2018\/05\/pavio_de_madeira.jpg","datePublished":"2018-06-07T13:17:04+00:00","dateModified":"2026-01-20T22:34:31+00:00","description":"Pavios de madeira 13cm,f\u00e1ceis de acender e conhecidos pela sua qualidade natural para queimar,versatilidade uso com diferentes tipos de cera.","breadcrumb":{"@id":"https:\/\/divertarte.com\/index.php\/produto\/pavios-de-madeira-13cm\/#breadcrumb"},"inLanguage":"pt-PT","potentialAction":[{"@type":"ReadAction","target":["https:\/\/divertarte.com\/index.php\/produto\/pavios-de-madeira-13cm\/"]}]},{"@type":"ImageObject","inLanguage":"pt-PT","@id":"https:\/\/divertarte.com\/index.php\/produto\/pavios-de-madeira-13cm\/#primaryimage","url":"https:\/\/divertarte.com\/wp-content\/uploads\/2018\/05\/pavio_de_madeira.jpg","contentUrl":"https:\/\/divertarte.com\/wp-content\/uploads\/2018\/05\/pavio_de_madeira.jpg","width":558,"height":558},{"@type":"BreadcrumbList","@id":"https:\/\/divertarte.com\/index.php\/produto\/pavios-de-madeira-13cm\/#breadcrumb","itemListElement":[{"@type":"ListItem","position":1,"name":"In\u00edcio","item":"https:\/\/divertarte.com\/"},{"@type":"ListItem","position":2,"name":"Loja","item":"https:\/\/divertarte.com\/index.php\/divertarte-produtos\/"},{"@type":"ListItem","position":3,"name":"Pavios de Madeira 13cm &#8211; 4"}]},{"@type":"WebSite","@id":"https:\/\/divertarte.com\/#website","url":"https:\/\/divertarte.com\/","name":"Divertarte","description":"","publisher":{"@id":"https:\/\/divertarte.com\/#organization"},"potentialAction":[{"@type":"SearchAction","target":{"@type":"EntryPoint","urlTemplate":"https:\/\/divertarte.com\/?s={search_term_string}"},"query-input":{"@type":"PropertyValueSpecification","valueRequired":true,"valueName":"search_term_string"}}],"inLanguage":"pt-PT"},{"@type":"Organization","@id":"https:\/\/divertarte.com\/#organization","name":"Divertarte","url":"https:\/\/divertarte.com\/","logo":{"@type":"ImageObject","inLanguage":"pt-PT","@id":"https:\/\/divertarte.com\/#\/schema\/logo\/image\/","url":"https:\/\/divertarte.com\/wp-content\/uploads\/2018\/07\/logo-div.jpg","contentUrl":"https:\/\/divertarte.com\/wp-content\/uploads\/2018\/07\/logo-div.jpg","width":295,"height":123,"caption":"Divertarte"},"image":{"@id":"https:\/\/divertarte.com\/#\/schema\/logo\/image\/"}}]}},"_links":{"self":[{"href":"https:\/\/divertarte.com\/index.php\/wp-json\/wp\/v2\/product\/4661","targetHints":{"allow":["GET"]}}],"collection":[{"href":"https:\/\/divertarte.com\/index.php\/wp-json\/wp\/v2\/product"}],"about":[{"href":"https:\/\/divertarte.com\/index.php\/wp-json\/wp\/v2\/types\/product"}],"replies":[{"embeddable":true,"href":"https:\/\/divertarte.com\/index.php\/wp-json\/wp\/v2\/comments?post=4661"}],"wp:featuredmedia":[{"embeddable":true,"href":"https:\/\/divertarte.com\/index.php\/wp-json\/wp\/v2\/media\/8167"}],"wp:attachment":[{"href":"https:\/\/divertarte.com\/index.php\/wp-json\/wp\/v2\/media?parent=4661"}],"wp:term":[{"taxonomy":"product_brand","embeddable":true,"href":"https:\/\/divertarte.com\/index.php\/wp-json\/wp\/v2\/product_brand?post=4661"},{"taxonomy":"product_cat","embeddable":true,"href":"https:\/\/divertarte.com\/index.php\/wp-json\/wp\/v2\/product_cat?post=4661"},{"taxonomy":"product_tag","embeddable":true,"href":"https:\/\/divertarte.com\/index.php\/wp-json\/wp\/v2\/product_tag?post=4661"}],"curies":[{"name":"wp","href":"https:\/\/api.w.org\/{rel}","templated":true}]}}