{"id":4600,"date":"2018-06-07T14:04:51","date_gmt":"2018-06-07T13:04:51","guid":{"rendered":"https:\/\/divertarte.com\/index.php\/produto\/suporte-10-tubos-15x15cm\/"},"modified":"2025-11-06T14:04:59","modified_gmt":"2025-11-06T14:04:59","slug":"suporte-10-tubos-de-ensaio-15x1-5cm","status":"publish","type":"product","link":"https:\/\/divertarte.com\/index.php\/produto\/suporte-10-tubos-de-ensaio-15x1-5cm\/","title":{"rendered":"Suporte 10 tubos de ensaio 15&#215;1.5cm"},"content":{"rendered":"<p>Suporte formato estante 15.5&#215;13.5x6cm, para 10 Tubos de ensaio com 15&#215;1,5 cm<br \/>\nPe\u00e7a decorativa em madeira natural.<br \/>\nBonito, simples e elegante vaso, decorado com flor. Artesanal, pr\u00f3prio para decorar a sua casa ou oferecer como presente.<br \/>\nPode colocar flores secas, plantas suculentas, plantas aqu\u00e1ticas e plantas de ar, especiarias, ch\u00e1s, ele ajuda a embelezar e purificar a sua casa ou escrit\u00f3rio.<\/p>\n","protected":false},"excerpt":{"rendered":"<p>Suporte formato estante 15.5&#215;13.5x6cm\u00a0 para 10 Tubos de ensaio com 15&#215;1,5 cm<br \/>\nPe\u00e7a decorativa em madeira natural.<br \/>\nBonito, simples e elegante vaso, decorado com flor. Artesanal, pr\u00f3prio para decorar a sua casa ou oferecer como presente.<br \/>\nPode colocar flores secas, plantas suculentas, plantas aqu\u00e1ticas e plantas de ar, especiarias, ch\u00e1s, ele ajuda a embelezar e purificar a sua casa ou escrit\u00f3rio.<\/p>\n<p>Combine connosco o prazo de entrega\u00a0<strong>967964683<\/strong><\/p>\n","protected":false},"featured_media":16452,"comment_status":"closed","ping_status":"closed","template":"","meta":{"_exactmetrics_skip_tracking":false,"_exactmetrics_sitenote_active":false,"_exactmetrics_sitenote_note":"","_exactmetrics_sitenote_category":0},"product_brand":[],"product_cat":[648,410,15],"product_tag":[650,649],"class_list":{"0":"post-4600","1":"product","2":"type-product","3":"status-publish","4":"has-post-thumbnail","6":"product_cat-suportes-tubos-de-ensaio","7":"product_cat-tubos-de-ensaio","8":"product_cat-ver-todos-os-produtos","9":"product_tag-bases-para-tubos-de-ensaio","10":"product_tag-suportes-para-tubos-de-ensaio","12":"first","13":"onbackorder","14":"taxable","15":"shipping-taxable","16":"purchasable","17":"product-type-simple"},"yoast_head":"<!-- This site is optimized with the Yoast SEO plugin v27.5 - https:\/\/yoast.com\/product\/yoast-seo-wordpress\/ -->\n<title>Suporte 10 tubos de ensaio 15x1.5cm - tubos de ensaio<\/title>\n<meta name=\"description\" content=\"Suporte formato estante 13.5x13.5x6cm para 10 Tubos de ensaio com 15x1,5cm. Pe\u00e7a decorativa em madeira natural. Brinde, Prendinha\" \/>\n<meta name=\"robots\" content=\"index, follow, max-snippet:-1, max-image-preview:large, max-video-preview:-1\" \/>\n<link rel=\"canonical\" href=\"https:\/\/divertarte.com\/index.php\/produto\/suporte-10-tubos-de-ensaio-15x1-5cm\/\" \/>\n<meta property=\"og:locale\" content=\"pt_PT\" \/>\n<meta property=\"og:type\" content=\"article\" \/>\n<meta property=\"og:title\" content=\"Suporte 10 tubos de ensaio 15x1.5cm - tubos de ensaio\" \/>\n<meta property=\"og:description\" content=\"Suporte formato estante 13.5x13.5x6cm para 10 Tubos de ensaio com 15x1,5cm. Pe\u00e7a decorativa em madeira natural. Brinde, Prendinha\" \/>\n<meta property=\"og:url\" content=\"https:\/\/divertarte.com\/index.php\/produto\/suporte-10-tubos-de-ensaio-15x1-5cm\/\" \/>\n<meta property=\"article:modified_time\" content=\"2025-11-06T14:04:59+00:00\" \/>\n<meta property=\"og:image\" content=\"https:\/\/divertarte.com\/wp-content\/uploads\/2018\/06\/suporte-tubo-ensaio-15x1.5cm..jpg\" \/>\n\t<meta property=\"og:image:width\" content=\"324\" \/>\n\t<meta property=\"og:image:height\" content=\"324\" \/>\n\t<meta property=\"og:image:type\" content=\"image\/jpeg\" \/>\n<meta name=\"twitter:card\" content=\"summary_large_image\" \/>\n<meta name=\"twitter:label1\" content=\"Tempo estimado de leitura\" \/>\n\t<meta name=\"twitter:data1\" content=\"1 minuto\" \/>\n<script type=\"application\/ld+json\" class=\"yoast-schema-graph\">{\"@context\":\"https:\\\/\\\/schema.org\",\"@graph\":[{\"@type\":\"WebPage\",\"@id\":\"https:\\\/\\\/divertarte.com\\\/index.php\\\/produto\\\/suporte-10-tubos-de-ensaio-15x1-5cm\\\/\",\"url\":\"https:\\\/\\\/divertarte.com\\\/index.php\\\/produto\\\/suporte-10-tubos-de-ensaio-15x1-5cm\\\/\",\"name\":\"Suporte 10 tubos de ensaio 15x1.5cm - tubos de ensaio\",\"isPartOf\":{\"@id\":\"https:\\\/\\\/divertarte.com\\\/#website\"},\"primaryImageOfPage\":{\"@id\":\"https:\\\/\\\/divertarte.com\\\/index.php\\\/produto\\\/suporte-10-tubos-de-ensaio-15x1-5cm\\\/#primaryimage\"},\"image\":{\"@id\":\"https:\\\/\\\/divertarte.com\\\/index.php\\\/produto\\\/suporte-10-tubos-de-ensaio-15x1-5cm\\\/#primaryimage\"},\"thumbnailUrl\":\"https:\\\/\\\/divertarte.com\\\/wp-content\\\/uploads\\\/2018\\\/06\\\/suporte-tubo-ensaio-15x1.5cm..jpg\",\"datePublished\":\"2018-06-07T13:04:51+00:00\",\"dateModified\":\"2025-11-06T14:04:59+00:00\",\"description\":\"Suporte formato estante 13.5x13.5x6cm para 10 Tubos de ensaio com 15x1,5cm. Pe\u00e7a decorativa em madeira natural. Brinde, Prendinha\",\"breadcrumb\":{\"@id\":\"https:\\\/\\\/divertarte.com\\\/index.php\\\/produto\\\/suporte-10-tubos-de-ensaio-15x1-5cm\\\/#breadcrumb\"},\"inLanguage\":\"pt-PT\",\"potentialAction\":[{\"@type\":\"ReadAction\",\"target\":[\"https:\\\/\\\/divertarte.com\\\/index.php\\\/produto\\\/suporte-10-tubos-de-ensaio-15x1-5cm\\\/\"]}]},{\"@type\":\"ImageObject\",\"inLanguage\":\"pt-PT\",\"@id\":\"https:\\\/\\\/divertarte.com\\\/index.php\\\/produto\\\/suporte-10-tubos-de-ensaio-15x1-5cm\\\/#primaryimage\",\"url\":\"https:\\\/\\\/divertarte.com\\\/wp-content\\\/uploads\\\/2018\\\/06\\\/suporte-tubo-ensaio-15x1.5cm..jpg\",\"contentUrl\":\"https:\\\/\\\/divertarte.com\\\/wp-content\\\/uploads\\\/2018\\\/06\\\/suporte-tubo-ensaio-15x1.5cm..jpg\",\"width\":324,\"height\":324},{\"@type\":\"BreadcrumbList\",\"@id\":\"https:\\\/\\\/divertarte.com\\\/index.php\\\/produto\\\/suporte-10-tubos-de-ensaio-15x1-5cm\\\/#breadcrumb\",\"itemListElement\":[{\"@type\":\"ListItem\",\"position\":1,\"name\":\"In\u00edcio\",\"item\":\"https:\\\/\\\/divertarte.com\\\/\"},{\"@type\":\"ListItem\",\"position\":2,\"name\":\"Loja\",\"item\":\"https:\\\/\\\/divertarte.com\\\/index.php\\\/divertarte-produtos\\\/\"},{\"@type\":\"ListItem\",\"position\":3,\"name\":\"Suporte 10 tubos de ensaio 15&#215;1.5cm\"}]},{\"@type\":\"WebSite\",\"@id\":\"https:\\\/\\\/divertarte.com\\\/#website\",\"url\":\"https:\\\/\\\/divertarte.com\\\/\",\"name\":\"Divertarte\",\"description\":\"\",\"publisher\":{\"@id\":\"https:\\\/\\\/divertarte.com\\\/#organization\"},\"potentialAction\":[{\"@type\":\"SearchAction\",\"target\":{\"@type\":\"EntryPoint\",\"urlTemplate\":\"https:\\\/\\\/divertarte.com\\\/?s={search_term_string}\"},\"query-input\":{\"@type\":\"PropertyValueSpecification\",\"valueRequired\":true,\"valueName\":\"search_term_string\"}}],\"inLanguage\":\"pt-PT\"},{\"@type\":\"Organization\",\"@id\":\"https:\\\/\\\/divertarte.com\\\/#organization\",\"name\":\"Divertarte\",\"url\":\"https:\\\/\\\/divertarte.com\\\/\",\"logo\":{\"@type\":\"ImageObject\",\"inLanguage\":\"pt-PT\",\"@id\":\"https:\\\/\\\/divertarte.com\\\/#\\\/schema\\\/logo\\\/image\\\/\",\"url\":\"https:\\\/\\\/divertarte.com\\\/wp-content\\\/uploads\\\/2018\\\/07\\\/logo-div.jpg\",\"contentUrl\":\"https:\\\/\\\/divertarte.com\\\/wp-content\\\/uploads\\\/2018\\\/07\\\/logo-div.jpg\",\"width\":295,\"height\":123,\"caption\":\"Divertarte\"},\"image\":{\"@id\":\"https:\\\/\\\/divertarte.com\\\/#\\\/schema\\\/logo\\\/image\\\/\"}}]}<\/script>\n<!-- \/ Yoast SEO plugin. -->","yoast_head_json":{"title":"Suporte 10 tubos de ensaio 15x1.5cm - tubos de ensaio","description":"Suporte formato estante 13.5x13.5x6cm para 10 Tubos de ensaio com 15x1,5cm. Pe\u00e7a decorativa em madeira natural. Brinde, Prendinha","robots":{"index":"index","follow":"follow","max-snippet":"max-snippet:-1","max-image-preview":"max-image-preview:large","max-video-preview":"max-video-preview:-1"},"canonical":"https:\/\/divertarte.com\/index.php\/produto\/suporte-10-tubos-de-ensaio-15x1-5cm\/","og_locale":"pt_PT","og_type":"article","og_title":"Suporte 10 tubos de ensaio 15x1.5cm - tubos de ensaio","og_description":"Suporte formato estante 13.5x13.5x6cm para 10 Tubos de ensaio com 15x1,5cm. Pe\u00e7a decorativa em madeira natural. Brinde, Prendinha","og_url":"https:\/\/divertarte.com\/index.php\/produto\/suporte-10-tubos-de-ensaio-15x1-5cm\/","article_modified_time":"2025-11-06T14:04:59+00:00","og_image":[{"width":324,"height":324,"url":"https:\/\/divertarte.com\/wp-content\/uploads\/2018\/06\/suporte-tubo-ensaio-15x1.5cm..jpg","type":"image\/jpeg"}],"twitter_card":"summary_large_image","twitter_misc":{"Tempo estimado de leitura":"1 minuto"},"schema":{"@context":"https:\/\/schema.org","@graph":[{"@type":"WebPage","@id":"https:\/\/divertarte.com\/index.php\/produto\/suporte-10-tubos-de-ensaio-15x1-5cm\/","url":"https:\/\/divertarte.com\/index.php\/produto\/suporte-10-tubos-de-ensaio-15x1-5cm\/","name":"Suporte 10 tubos de ensaio 15x1.5cm - tubos de ensaio","isPartOf":{"@id":"https:\/\/divertarte.com\/#website"},"primaryImageOfPage":{"@id":"https:\/\/divertarte.com\/index.php\/produto\/suporte-10-tubos-de-ensaio-15x1-5cm\/#primaryimage"},"image":{"@id":"https:\/\/divertarte.com\/index.php\/produto\/suporte-10-tubos-de-ensaio-15x1-5cm\/#primaryimage"},"thumbnailUrl":"https:\/\/divertarte.com\/wp-content\/uploads\/2018\/06\/suporte-tubo-ensaio-15x1.5cm..jpg","datePublished":"2018-06-07T13:04:51+00:00","dateModified":"2025-11-06T14:04:59+00:00","description":"Suporte formato estante 13.5x13.5x6cm para 10 Tubos de ensaio com 15x1,5cm. Pe\u00e7a decorativa em madeira natural. Brinde, Prendinha","breadcrumb":{"@id":"https:\/\/divertarte.com\/index.php\/produto\/suporte-10-tubos-de-ensaio-15x1-5cm\/#breadcrumb"},"inLanguage":"pt-PT","potentialAction":[{"@type":"ReadAction","target":["https:\/\/divertarte.com\/index.php\/produto\/suporte-10-tubos-de-ensaio-15x1-5cm\/"]}]},{"@type":"ImageObject","inLanguage":"pt-PT","@id":"https:\/\/divertarte.com\/index.php\/produto\/suporte-10-tubos-de-ensaio-15x1-5cm\/#primaryimage","url":"https:\/\/divertarte.com\/wp-content\/uploads\/2018\/06\/suporte-tubo-ensaio-15x1.5cm..jpg","contentUrl":"https:\/\/divertarte.com\/wp-content\/uploads\/2018\/06\/suporte-tubo-ensaio-15x1.5cm..jpg","width":324,"height":324},{"@type":"BreadcrumbList","@id":"https:\/\/divertarte.com\/index.php\/produto\/suporte-10-tubos-de-ensaio-15x1-5cm\/#breadcrumb","itemListElement":[{"@type":"ListItem","position":1,"name":"In\u00edcio","item":"https:\/\/divertarte.com\/"},{"@type":"ListItem","position":2,"name":"Loja","item":"https:\/\/divertarte.com\/index.php\/divertarte-produtos\/"},{"@type":"ListItem","position":3,"name":"Suporte 10 tubos de ensaio 15&#215;1.5cm"}]},{"@type":"WebSite","@id":"https:\/\/divertarte.com\/#website","url":"https:\/\/divertarte.com\/","name":"Divertarte","description":"","publisher":{"@id":"https:\/\/divertarte.com\/#organization"},"potentialAction":[{"@type":"SearchAction","target":{"@type":"EntryPoint","urlTemplate":"https:\/\/divertarte.com\/?s={search_term_string}"},"query-input":{"@type":"PropertyValueSpecification","valueRequired":true,"valueName":"search_term_string"}}],"inLanguage":"pt-PT"},{"@type":"Organization","@id":"https:\/\/divertarte.com\/#organization","name":"Divertarte","url":"https:\/\/divertarte.com\/","logo":{"@type":"ImageObject","inLanguage":"pt-PT","@id":"https:\/\/divertarte.com\/#\/schema\/logo\/image\/","url":"https:\/\/divertarte.com\/wp-content\/uploads\/2018\/07\/logo-div.jpg","contentUrl":"https:\/\/divertarte.com\/wp-content\/uploads\/2018\/07\/logo-div.jpg","width":295,"height":123,"caption":"Divertarte"},"image":{"@id":"https:\/\/divertarte.com\/#\/schema\/logo\/image\/"}}]}},"_links":{"self":[{"href":"https:\/\/divertarte.com\/index.php\/wp-json\/wp\/v2\/product\/4600","targetHints":{"allow":["GET"]}}],"collection":[{"href":"https:\/\/divertarte.com\/index.php\/wp-json\/wp\/v2\/product"}],"about":[{"href":"https:\/\/divertarte.com\/index.php\/wp-json\/wp\/v2\/types\/product"}],"replies":[{"embeddable":true,"href":"https:\/\/divertarte.com\/index.php\/wp-json\/wp\/v2\/comments?post=4600"}],"wp:featuredmedia":[{"embeddable":true,"href":"https:\/\/divertarte.com\/index.php\/wp-json\/wp\/v2\/media\/16452"}],"wp:attachment":[{"href":"https:\/\/divertarte.com\/index.php\/wp-json\/wp\/v2\/media?parent=4600"}],"wp:term":[{"taxonomy":"product_brand","embeddable":true,"href":"https:\/\/divertarte.com\/index.php\/wp-json\/wp\/v2\/product_brand?post=4600"},{"taxonomy":"product_cat","embeddable":true,"href":"https:\/\/divertarte.com\/index.php\/wp-json\/wp\/v2\/product_cat?post=4600"},{"taxonomy":"product_tag","embeddable":true,"href":"https:\/\/divertarte.com\/index.php\/wp-json\/wp\/v2\/product_tag?post=4600"}],"curies":[{"name":"wp","href":"https:\/\/api.w.org\/{rel}","templated":true}]}}