{"id":4598,"date":"2018-06-07T14:04:51","date_gmt":"2018-06-07T13:04:51","guid":{"rendered":"https:\/\/divertarte.com\/index.php\/produto\/suporte-16-tubos-ensaio-fundo-raso\/"},"modified":"2025-11-06T14:04:59","modified_gmt":"2025-11-06T14:04:59","slug":"suporte-16-tubos-ensaio-fundo-raso","status":"publish","type":"product","link":"https:\/\/divertarte.com\/index.php\/produto\/suporte-16-tubos-ensaio-fundo-raso\/","title":{"rendered":"Suporte 16 tubos ensaio fundo raso"},"content":{"rendered":"<p>Suporte 16 tubos ensaio fundo raso<\/p>\n<p>Base de madeira para Suporte de Tubos de Ensaio com 2,5cm de di\u00e2metro, com fundo plano. Medida 30x10x3cm<br \/>\nPe\u00e7a decorativa em madeira natural.<br \/>\nBonito, simples e elegante, artesanal, pr\u00f3prio para decorar a sua casa ou oferecer como presente.<br \/>\nPode colocar tubos de 2,5cm de di\u00e2metro com flores secas, plantas aqu\u00e1ticas, ervas secas, ch\u00e1s, especiaias.\u00a0 Use como base para tubos de especiarias na conzinha ou como pe\u00e7a decorativa com plantas frescas ou secas.<\/p>\n","protected":false},"excerpt":{"rendered":"<p>Base de madeira para Suporte de Tubos de Ensaio com 2,5cm de di\u00e2metro, com fundo plano. Medida 30x10x3cm<br \/>\nPe\u00e7a decorativa em madeira natural.<br \/>\nBonito, simples e elegante, artesanal, pr\u00f3prio para decorar a sua casa ou oferecer como presente.<br \/>\nPode colocar tubos de 2,5cm de di\u00e2metro com flores secas, plantas aqu\u00e1ticas, ervas secas, ch\u00e1s, especiaias.\u00a0 Use como base para tubos de especiarias na conzinha ou como pe\u00e7a decorativa com plantas frescas ou secas.<\/p>\n<p>Combine connosco o prazo de entrega\u00a0<strong>967964683<\/strong><\/p>\n","protected":false},"featured_media":17534,"comment_status":"closed","ping_status":"closed","template":"","meta":{"_exactmetrics_skip_tracking":false,"_exactmetrics_sitenote_active":false,"_exactmetrics_sitenote_note":"","_exactmetrics_sitenote_category":0},"product_brand":[],"product_cat":[394,323,249,648,410,15],"product_tag":[650,649,687],"class_list":{"0":"post-4598","1":"product","2":"type-product","3":"status-publish","4":"has-post-thumbnail","6":"product_cat-brindes","7":"product_cat-brindes-aniversario","8":"product_cat-brindes-casamento","9":"product_cat-suportes-tubos-de-ensaio","10":"product_cat-tubos-de-ensaio","11":"product_cat-ver-todos-os-produtos","12":"product_tag-bases-para-tubos-de-ensaio","13":"product_tag-suportes-para-tubos-de-ensaio","14":"product_tag-tubos-de-ensaio","16":"first","17":"onbackorder","18":"taxable","19":"shipping-taxable","20":"purchasable","21":"product-type-simple"},"yoast_head":"<!-- This site is optimized with the Yoast SEO plugin v27.5 - https:\/\/yoast.com\/product\/yoast-seo-wordpress\/ -->\n<title>Suporte 16 tubos ensaio fundo raso -<\/title>\n<meta name=\"description\" content=\"Base de madeira para Suporte de Tubos de Ensaio com 2,5cm de di\u00e2metro, com fundo plano. Medida 30x10x3cm. Pe\u00e7a decorativa feita \u00e0 m\u00e3o em madeira natural\" \/>\n<meta name=\"robots\" content=\"index, follow, max-snippet:-1, max-image-preview:large, max-video-preview:-1\" \/>\n<link rel=\"canonical\" href=\"https:\/\/divertarte.com\/index.php\/produto\/suporte-16-tubos-ensaio-fundo-raso\/\" \/>\n<meta property=\"og:locale\" content=\"pt_PT\" \/>\n<meta property=\"og:type\" content=\"article\" \/>\n<meta property=\"og:title\" content=\"Suporte 16 tubos ensaio fundo raso -\" \/>\n<meta property=\"og:description\" content=\"Base de madeira para Suporte de Tubos de Ensaio com 2,5cm de di\u00e2metro, com fundo plano. Medida 30x10x3cm. Pe\u00e7a decorativa feita \u00e0 m\u00e3o em madeira natural\" \/>\n<meta property=\"og:url\" content=\"https:\/\/divertarte.com\/index.php\/produto\/suporte-16-tubos-ensaio-fundo-raso\/\" \/>\n<meta property=\"article:modified_time\" content=\"2025-11-06T14:04:59+00:00\" \/>\n<meta property=\"og:image\" content=\"https:\/\/divertarte.com\/wp-content\/uploads\/2018\/06\/Suporte-16-tubos-ensaio-fundo-raso.jpg\" \/>\n\t<meta property=\"og:image:width\" content=\"300\" \/>\n\t<meta property=\"og:image:height\" content=\"301\" \/>\n\t<meta property=\"og:image:type\" content=\"image\/jpeg\" \/>\n<meta name=\"twitter:card\" content=\"summary_large_image\" \/>\n<meta name=\"twitter:label1\" content=\"Tempo estimado de leitura\" \/>\n\t<meta name=\"twitter:data1\" content=\"1 minuto\" \/>\n<script type=\"application\/ld+json\" class=\"yoast-schema-graph\">{\"@context\":\"https:\\\/\\\/schema.org\",\"@graph\":[{\"@type\":\"WebPage\",\"@id\":\"https:\\\/\\\/divertarte.com\\\/index.php\\\/produto\\\/suporte-16-tubos-ensaio-fundo-raso\\\/\",\"url\":\"https:\\\/\\\/divertarte.com\\\/index.php\\\/produto\\\/suporte-16-tubos-ensaio-fundo-raso\\\/\",\"name\":\"Suporte 16 tubos ensaio fundo raso -\",\"isPartOf\":{\"@id\":\"https:\\\/\\\/divertarte.com\\\/#website\"},\"primaryImageOfPage\":{\"@id\":\"https:\\\/\\\/divertarte.com\\\/index.php\\\/produto\\\/suporte-16-tubos-ensaio-fundo-raso\\\/#primaryimage\"},\"image\":{\"@id\":\"https:\\\/\\\/divertarte.com\\\/index.php\\\/produto\\\/suporte-16-tubos-ensaio-fundo-raso\\\/#primaryimage\"},\"thumbnailUrl\":\"https:\\\/\\\/divertarte.com\\\/wp-content\\\/uploads\\\/2018\\\/06\\\/Suporte-16-tubos-ensaio-fundo-raso.jpg\",\"datePublished\":\"2018-06-07T13:04:51+00:00\",\"dateModified\":\"2025-11-06T14:04:59+00:00\",\"description\":\"Base de madeira para Suporte de Tubos de Ensaio com 2,5cm de di\u00e2metro, com fundo plano. Medida 30x10x3cm. Pe\u00e7a decorativa feita \u00e0 m\u00e3o em madeira natural\",\"breadcrumb\":{\"@id\":\"https:\\\/\\\/divertarte.com\\\/index.php\\\/produto\\\/suporte-16-tubos-ensaio-fundo-raso\\\/#breadcrumb\"},\"inLanguage\":\"pt-PT\",\"potentialAction\":[{\"@type\":\"ReadAction\",\"target\":[\"https:\\\/\\\/divertarte.com\\\/index.php\\\/produto\\\/suporte-16-tubos-ensaio-fundo-raso\\\/\"]}]},{\"@type\":\"ImageObject\",\"inLanguage\":\"pt-PT\",\"@id\":\"https:\\\/\\\/divertarte.com\\\/index.php\\\/produto\\\/suporte-16-tubos-ensaio-fundo-raso\\\/#primaryimage\",\"url\":\"https:\\\/\\\/divertarte.com\\\/wp-content\\\/uploads\\\/2018\\\/06\\\/Suporte-16-tubos-ensaio-fundo-raso.jpg\",\"contentUrl\":\"https:\\\/\\\/divertarte.com\\\/wp-content\\\/uploads\\\/2018\\\/06\\\/Suporte-16-tubos-ensaio-fundo-raso.jpg\",\"width\":300,\"height\":301},{\"@type\":\"BreadcrumbList\",\"@id\":\"https:\\\/\\\/divertarte.com\\\/index.php\\\/produto\\\/suporte-16-tubos-ensaio-fundo-raso\\\/#breadcrumb\",\"itemListElement\":[{\"@type\":\"ListItem\",\"position\":1,\"name\":\"In\u00edcio\",\"item\":\"https:\\\/\\\/divertarte.com\\\/\"},{\"@type\":\"ListItem\",\"position\":2,\"name\":\"Loja\",\"item\":\"https:\\\/\\\/divertarte.com\\\/index.php\\\/divertarte-produtos\\\/\"},{\"@type\":\"ListItem\",\"position\":3,\"name\":\"Suporte 16 tubos ensaio fundo raso\"}]},{\"@type\":\"WebSite\",\"@id\":\"https:\\\/\\\/divertarte.com\\\/#website\",\"url\":\"https:\\\/\\\/divertarte.com\\\/\",\"name\":\"Divertarte\",\"description\":\"\",\"publisher\":{\"@id\":\"https:\\\/\\\/divertarte.com\\\/#organization\"},\"potentialAction\":[{\"@type\":\"SearchAction\",\"target\":{\"@type\":\"EntryPoint\",\"urlTemplate\":\"https:\\\/\\\/divertarte.com\\\/?s={search_term_string}\"},\"query-input\":{\"@type\":\"PropertyValueSpecification\",\"valueRequired\":true,\"valueName\":\"search_term_string\"}}],\"inLanguage\":\"pt-PT\"},{\"@type\":\"Organization\",\"@id\":\"https:\\\/\\\/divertarte.com\\\/#organization\",\"name\":\"Divertarte\",\"url\":\"https:\\\/\\\/divertarte.com\\\/\",\"logo\":{\"@type\":\"ImageObject\",\"inLanguage\":\"pt-PT\",\"@id\":\"https:\\\/\\\/divertarte.com\\\/#\\\/schema\\\/logo\\\/image\\\/\",\"url\":\"https:\\\/\\\/divertarte.com\\\/wp-content\\\/uploads\\\/2018\\\/07\\\/logo-div.jpg\",\"contentUrl\":\"https:\\\/\\\/divertarte.com\\\/wp-content\\\/uploads\\\/2018\\\/07\\\/logo-div.jpg\",\"width\":295,\"height\":123,\"caption\":\"Divertarte\"},\"image\":{\"@id\":\"https:\\\/\\\/divertarte.com\\\/#\\\/schema\\\/logo\\\/image\\\/\"}}]}<\/script>\n<!-- \/ Yoast SEO plugin. -->","yoast_head_json":{"title":"Suporte 16 tubos ensaio fundo raso -","description":"Base de madeira para Suporte de Tubos de Ensaio com 2,5cm de di\u00e2metro, com fundo plano. Medida 30x10x3cm. Pe\u00e7a decorativa feita \u00e0 m\u00e3o em madeira natural","robots":{"index":"index","follow":"follow","max-snippet":"max-snippet:-1","max-image-preview":"max-image-preview:large","max-video-preview":"max-video-preview:-1"},"canonical":"https:\/\/divertarte.com\/index.php\/produto\/suporte-16-tubos-ensaio-fundo-raso\/","og_locale":"pt_PT","og_type":"article","og_title":"Suporte 16 tubos ensaio fundo raso -","og_description":"Base de madeira para Suporte de Tubos de Ensaio com 2,5cm de di\u00e2metro, com fundo plano. Medida 30x10x3cm. Pe\u00e7a decorativa feita \u00e0 m\u00e3o em madeira natural","og_url":"https:\/\/divertarte.com\/index.php\/produto\/suporte-16-tubos-ensaio-fundo-raso\/","article_modified_time":"2025-11-06T14:04:59+00:00","og_image":[{"width":300,"height":301,"url":"https:\/\/divertarte.com\/wp-content\/uploads\/2018\/06\/Suporte-16-tubos-ensaio-fundo-raso.jpg","type":"image\/jpeg"}],"twitter_card":"summary_large_image","twitter_misc":{"Tempo estimado de leitura":"1 minuto"},"schema":{"@context":"https:\/\/schema.org","@graph":[{"@type":"WebPage","@id":"https:\/\/divertarte.com\/index.php\/produto\/suporte-16-tubos-ensaio-fundo-raso\/","url":"https:\/\/divertarte.com\/index.php\/produto\/suporte-16-tubos-ensaio-fundo-raso\/","name":"Suporte 16 tubos ensaio fundo raso -","isPartOf":{"@id":"https:\/\/divertarte.com\/#website"},"primaryImageOfPage":{"@id":"https:\/\/divertarte.com\/index.php\/produto\/suporte-16-tubos-ensaio-fundo-raso\/#primaryimage"},"image":{"@id":"https:\/\/divertarte.com\/index.php\/produto\/suporte-16-tubos-ensaio-fundo-raso\/#primaryimage"},"thumbnailUrl":"https:\/\/divertarte.com\/wp-content\/uploads\/2018\/06\/Suporte-16-tubos-ensaio-fundo-raso.jpg","datePublished":"2018-06-07T13:04:51+00:00","dateModified":"2025-11-06T14:04:59+00:00","description":"Base de madeira para Suporte de Tubos de Ensaio com 2,5cm de di\u00e2metro, com fundo plano. Medida 30x10x3cm. Pe\u00e7a decorativa feita \u00e0 m\u00e3o em madeira natural","breadcrumb":{"@id":"https:\/\/divertarte.com\/index.php\/produto\/suporte-16-tubos-ensaio-fundo-raso\/#breadcrumb"},"inLanguage":"pt-PT","potentialAction":[{"@type":"ReadAction","target":["https:\/\/divertarte.com\/index.php\/produto\/suporte-16-tubos-ensaio-fundo-raso\/"]}]},{"@type":"ImageObject","inLanguage":"pt-PT","@id":"https:\/\/divertarte.com\/index.php\/produto\/suporte-16-tubos-ensaio-fundo-raso\/#primaryimage","url":"https:\/\/divertarte.com\/wp-content\/uploads\/2018\/06\/Suporte-16-tubos-ensaio-fundo-raso.jpg","contentUrl":"https:\/\/divertarte.com\/wp-content\/uploads\/2018\/06\/Suporte-16-tubos-ensaio-fundo-raso.jpg","width":300,"height":301},{"@type":"BreadcrumbList","@id":"https:\/\/divertarte.com\/index.php\/produto\/suporte-16-tubos-ensaio-fundo-raso\/#breadcrumb","itemListElement":[{"@type":"ListItem","position":1,"name":"In\u00edcio","item":"https:\/\/divertarte.com\/"},{"@type":"ListItem","position":2,"name":"Loja","item":"https:\/\/divertarte.com\/index.php\/divertarte-produtos\/"},{"@type":"ListItem","position":3,"name":"Suporte 16 tubos ensaio fundo raso"}]},{"@type":"WebSite","@id":"https:\/\/divertarte.com\/#website","url":"https:\/\/divertarte.com\/","name":"Divertarte","description":"","publisher":{"@id":"https:\/\/divertarte.com\/#organization"},"potentialAction":[{"@type":"SearchAction","target":{"@type":"EntryPoint","urlTemplate":"https:\/\/divertarte.com\/?s={search_term_string}"},"query-input":{"@type":"PropertyValueSpecification","valueRequired":true,"valueName":"search_term_string"}}],"inLanguage":"pt-PT"},{"@type":"Organization","@id":"https:\/\/divertarte.com\/#organization","name":"Divertarte","url":"https:\/\/divertarte.com\/","logo":{"@type":"ImageObject","inLanguage":"pt-PT","@id":"https:\/\/divertarte.com\/#\/schema\/logo\/image\/","url":"https:\/\/divertarte.com\/wp-content\/uploads\/2018\/07\/logo-div.jpg","contentUrl":"https:\/\/divertarte.com\/wp-content\/uploads\/2018\/07\/logo-div.jpg","width":295,"height":123,"caption":"Divertarte"},"image":{"@id":"https:\/\/divertarte.com\/#\/schema\/logo\/image\/"}}]}},"_links":{"self":[{"href":"https:\/\/divertarte.com\/index.php\/wp-json\/wp\/v2\/product\/4598","targetHints":{"allow":["GET"]}}],"collection":[{"href":"https:\/\/divertarte.com\/index.php\/wp-json\/wp\/v2\/product"}],"about":[{"href":"https:\/\/divertarte.com\/index.php\/wp-json\/wp\/v2\/types\/product"}],"replies":[{"embeddable":true,"href":"https:\/\/divertarte.com\/index.php\/wp-json\/wp\/v2\/comments?post=4598"}],"wp:featuredmedia":[{"embeddable":true,"href":"https:\/\/divertarte.com\/index.php\/wp-json\/wp\/v2\/media\/17534"}],"wp:attachment":[{"href":"https:\/\/divertarte.com\/index.php\/wp-json\/wp\/v2\/media?parent=4598"}],"wp:term":[{"taxonomy":"product_brand","embeddable":true,"href":"https:\/\/divertarte.com\/index.php\/wp-json\/wp\/v2\/product_brand?post=4598"},{"taxonomy":"product_cat","embeddable":true,"href":"https:\/\/divertarte.com\/index.php\/wp-json\/wp\/v2\/product_cat?post=4598"},{"taxonomy":"product_tag","embeddable":true,"href":"https:\/\/divertarte.com\/index.php\/wp-json\/wp\/v2\/product_tag?post=4598"}],"curies":[{"name":"wp","href":"https:\/\/api.w.org\/{rel}","templated":true}]}}