{"id":4579,"date":"2018-06-07T14:16:36","date_gmt":"2018-06-07T13:16:36","guid":{"rendered":"https:\/\/divertarte.com\/index.php\/produto\/meia-de-seda-verde-bandeira-054bandeira\/"},"modified":"2025-11-06T13:38:59","modified_gmt":"2025-11-06T13:38:59","slug":"meia-de-seda-verde-bandeira","status":"publish","type":"product","link":"https:\/\/divertarte.com\/index.php\/produto\/meia-de-seda-verde-bandeira\/","title":{"rendered":"Meia de Seda Verde Bandeira 54"},"content":{"rendered":"<p>Meia de Seda Verde Bandeira &#8211; MEIAS DE SEDA &#8211; Arte em meia de seda<\/p>\n<p>Meia de Seda Lisa com m\u00e9dia de 6,5 gramas cerca de 80 cm.<\/p>\n<p>Produzida com fio de poliamida, cores firmes.<\/p>\n<p>Usa-se para fazer flores de Meia. Bouquets para noivas. Brindes de casamento. Prendas dia da m\u00e3e. Pequenos bonecos para prendinhas de batizado. Meia de seda.<br \/>\nAs cores apresentadas s\u00e3o ilustrativas e o mais semelhantes ao original.<br \/>\nSendo um produto natural podem ter pequenissimas varia\u00e7\u00f5es n\u00e3o sendo as mesmas da nossa responsabilidade.<\/p>\n<p>&nbsp;<\/p>\n<p>&nbsp;<\/p>\n","protected":false},"excerpt":{"rendered":"<p>MEIAS DE SEDA &#8211; Arte em meia de seda<\/p>\n<p>Meia de Seda Lisa com m\u00e9dia de 6,5 gramas cerca de 80 cm.<\/p>\n<p>Produzida com fio de poliamida, cores firmes.<\/p>\n<p>Usa-se para fazer flores de Meia. Bouquets para noivas. Brindes de casamento. Prendas dia da m\u00e3e. Pequenos bonecos para prendinhas de batizado. Meia de seda.<br \/>\nAs cores apresentadas s\u00e3o ilustrativas e o mais semelhantes ao original.<br \/>\nSendo um produto natural podem ter pequenissimas varia\u00e7\u00f5es n\u00e3o sendo as mesmas da nossa responsabilidade.<\/p>\n","protected":false},"featured_media":11331,"comment_status":"closed","ping_status":"closed","template":"","meta":{"_exactmetrics_skip_tracking":false,"_exactmetrics_sitenote_active":false,"_exactmetrics_sitenote_note":"","_exactmetrics_sitenote_category":0},"product_brand":[],"product_cat":[229,219,15],"product_tag":[],"class_list":{"0":"post-4579","1":"product","2":"type-product","3":"status-publish","4":"has-post-thumbnail","6":"product_cat-meia-de-seda-flor-de-meia","7":"product_cat-meia-de-seda-lisa","8":"product_cat-ver-todos-os-produtos","10":"first","11":"instock","12":"taxable","13":"shipping-taxable","14":"purchasable","15":"product-type-simple"},"yoast_head":"<!-- This site is optimized with the Yoast SEO plugin v27.4 - https:\/\/yoast.com\/product\/yoast-seo-wordpress\/ -->\n<title>Meia de Seda Verde Bandeira 54 -<\/title>\n<meta name=\"description\" content=\"Meia de Seda Verde Bandeira - MEIAS DE SEDA - Arte em meia de sedaMeia de Seda Lisa com m\u00e9dia de 6,5 gramas cerca de 80 cm.Produzida com fio de poliamida, cores firmes.Usa-se para fazer flores de Meia. Bouquets para noivas. Brindes de casamento. Prendas dia da m\u00e3e. Pequenos bonecos para prendinhas de batizado. Meia de seda.As cores apresentadas s\u00e3o ilustrativas e o mais semelhantes ao original.Sendo um produto natural podem ter pequenissimas varia\u00e7\u00f5es n\u00e3o sendo as mesmas da nossa responsabilidade.\" \/>\n<meta name=\"robots\" content=\"index, follow, max-snippet:-1, max-image-preview:large, max-video-preview:-1\" \/>\n<link rel=\"canonical\" href=\"https:\/\/divertarte.com\/index.php\/produto\/meia-de-seda-verde-bandeira\/\" \/>\n<meta property=\"og:locale\" content=\"pt_PT\" \/>\n<meta property=\"og:type\" content=\"article\" \/>\n<meta property=\"og:title\" content=\"Meia de Seda Verde Bandeira 54 -\" \/>\n<meta property=\"og:description\" content=\"Meia de Seda Verde Bandeira - MEIAS DE SEDA - Arte em meia de sedaMeia de Seda Lisa com m\u00e9dia de 6,5 gramas cerca de 80 cm.Produzida com fio de poliamida, cores firmes.Usa-se para fazer flores de Meia. Bouquets para noivas. Brindes de casamento. Prendas dia da m\u00e3e. Pequenos bonecos para prendinhas de batizado. Meia de seda.As cores apresentadas s\u00e3o ilustrativas e o mais semelhantes ao original.Sendo um produto natural podem ter pequenissimas varia\u00e7\u00f5es n\u00e3o sendo as mesmas da nossa responsabilidade.\" \/>\n<meta property=\"og:url\" content=\"https:\/\/divertarte.com\/index.php\/produto\/meia-de-seda-verde-bandeira\/\" \/>\n<meta property=\"article:modified_time\" content=\"2025-11-06T13:38:59+00:00\" \/>\n<meta property=\"og:image\" content=\"https:\/\/divertarte.com\/wp-content\/uploads\/2018\/06\/meia-de-seda-lisa-verde-bandeira-1-1.jpg\" \/>\n\t<meta property=\"og:image:width\" content=\"300\" \/>\n\t<meta property=\"og:image:height\" content=\"300\" \/>\n\t<meta property=\"og:image:type\" content=\"image\/jpeg\" \/>\n<meta name=\"twitter:card\" content=\"summary_large_image\" \/>\n<script type=\"application\/ld+json\" class=\"yoast-schema-graph\">{\"@context\":\"https:\\\/\\\/schema.org\",\"@graph\":[{\"@type\":\"WebPage\",\"@id\":\"https:\\\/\\\/divertarte.com\\\/index.php\\\/produto\\\/meia-de-seda-verde-bandeira\\\/\",\"url\":\"https:\\\/\\\/divertarte.com\\\/index.php\\\/produto\\\/meia-de-seda-verde-bandeira\\\/\",\"name\":\"Meia de Seda Verde Bandeira 54 -\",\"isPartOf\":{\"@id\":\"https:\\\/\\\/divertarte.com\\\/#website\"},\"primaryImageOfPage\":{\"@id\":\"https:\\\/\\\/divertarte.com\\\/index.php\\\/produto\\\/meia-de-seda-verde-bandeira\\\/#primaryimage\"},\"image\":{\"@id\":\"https:\\\/\\\/divertarte.com\\\/index.php\\\/produto\\\/meia-de-seda-verde-bandeira\\\/#primaryimage\"},\"thumbnailUrl\":\"https:\\\/\\\/divertarte.com\\\/wp-content\\\/uploads\\\/2018\\\/06\\\/meia-de-seda-lisa-verde-bandeira-1-1.jpg\",\"datePublished\":\"2018-06-07T13:16:36+00:00\",\"dateModified\":\"2025-11-06T13:38:59+00:00\",\"description\":\"Meia de Seda Verde Bandeira - MEIAS DE SEDA - Arte em meia de sedaMeia de Seda Lisa com m\u00e9dia de 6,5 gramas cerca de 80 cm.Produzida com fio de poliamida, cores firmes.Usa-se para fazer flores de Meia. Bouquets para noivas. Brindes de casamento. Prendas dia da m\u00e3e. Pequenos bonecos para prendinhas de batizado. Meia de seda.As cores apresentadas s\u00e3o ilustrativas e o mais semelhantes ao original.Sendo um produto natural podem ter pequenissimas varia\u00e7\u00f5es n\u00e3o sendo as mesmas da nossa responsabilidade.\",\"breadcrumb\":{\"@id\":\"https:\\\/\\\/divertarte.com\\\/index.php\\\/produto\\\/meia-de-seda-verde-bandeira\\\/#breadcrumb\"},\"inLanguage\":\"pt-PT\",\"potentialAction\":[{\"@type\":\"ReadAction\",\"target\":[\"https:\\\/\\\/divertarte.com\\\/index.php\\\/produto\\\/meia-de-seda-verde-bandeira\\\/\"]}]},{\"@type\":\"ImageObject\",\"inLanguage\":\"pt-PT\",\"@id\":\"https:\\\/\\\/divertarte.com\\\/index.php\\\/produto\\\/meia-de-seda-verde-bandeira\\\/#primaryimage\",\"url\":\"https:\\\/\\\/divertarte.com\\\/wp-content\\\/uploads\\\/2018\\\/06\\\/meia-de-seda-lisa-verde-bandeira-1-1.jpg\",\"contentUrl\":\"https:\\\/\\\/divertarte.com\\\/wp-content\\\/uploads\\\/2018\\\/06\\\/meia-de-seda-lisa-verde-bandeira-1-1.jpg\",\"width\":300,\"height\":300},{\"@type\":\"BreadcrumbList\",\"@id\":\"https:\\\/\\\/divertarte.com\\\/index.php\\\/produto\\\/meia-de-seda-verde-bandeira\\\/#breadcrumb\",\"itemListElement\":[{\"@type\":\"ListItem\",\"position\":1,\"name\":\"In\u00edcio\",\"item\":\"https:\\\/\\\/divertarte.com\\\/\"},{\"@type\":\"ListItem\",\"position\":2,\"name\":\"Loja\",\"item\":\"https:\\\/\\\/divertarte.com\\\/index.php\\\/divertarte-produtos\\\/\"},{\"@type\":\"ListItem\",\"position\":3,\"name\":\"Meia de Seda Verde Bandeira 54\"}]},{\"@type\":\"WebSite\",\"@id\":\"https:\\\/\\\/divertarte.com\\\/#website\",\"url\":\"https:\\\/\\\/divertarte.com\\\/\",\"name\":\"Divertarte\",\"description\":\"\",\"publisher\":{\"@id\":\"https:\\\/\\\/divertarte.com\\\/#organization\"},\"potentialAction\":[{\"@type\":\"SearchAction\",\"target\":{\"@type\":\"EntryPoint\",\"urlTemplate\":\"https:\\\/\\\/divertarte.com\\\/?s={search_term_string}\"},\"query-input\":{\"@type\":\"PropertyValueSpecification\",\"valueRequired\":true,\"valueName\":\"search_term_string\"}}],\"inLanguage\":\"pt-PT\"},{\"@type\":\"Organization\",\"@id\":\"https:\\\/\\\/divertarte.com\\\/#organization\",\"name\":\"Divertarte\",\"url\":\"https:\\\/\\\/divertarte.com\\\/\",\"logo\":{\"@type\":\"ImageObject\",\"inLanguage\":\"pt-PT\",\"@id\":\"https:\\\/\\\/divertarte.com\\\/#\\\/schema\\\/logo\\\/image\\\/\",\"url\":\"https:\\\/\\\/divertarte.com\\\/wp-content\\\/uploads\\\/2018\\\/07\\\/logo-div.jpg\",\"contentUrl\":\"https:\\\/\\\/divertarte.com\\\/wp-content\\\/uploads\\\/2018\\\/07\\\/logo-div.jpg\",\"width\":295,\"height\":123,\"caption\":\"Divertarte\"},\"image\":{\"@id\":\"https:\\\/\\\/divertarte.com\\\/#\\\/schema\\\/logo\\\/image\\\/\"}}]}<\/script>\n<!-- \/ Yoast SEO plugin. -->","yoast_head_json":{"title":"Meia de Seda Verde Bandeira 54 -","description":"Meia de Seda Verde Bandeira - MEIAS DE SEDA - Arte em meia de sedaMeia de Seda Lisa com m\u00e9dia de 6,5 gramas cerca de 80 cm.Produzida com fio de poliamida, cores firmes.Usa-se para fazer flores de Meia. Bouquets para noivas. Brindes de casamento. Prendas dia da m\u00e3e. Pequenos bonecos para prendinhas de batizado. Meia de seda.As cores apresentadas s\u00e3o ilustrativas e o mais semelhantes ao original.Sendo um produto natural podem ter pequenissimas varia\u00e7\u00f5es n\u00e3o sendo as mesmas da nossa responsabilidade.","robots":{"index":"index","follow":"follow","max-snippet":"max-snippet:-1","max-image-preview":"max-image-preview:large","max-video-preview":"max-video-preview:-1"},"canonical":"https:\/\/divertarte.com\/index.php\/produto\/meia-de-seda-verde-bandeira\/","og_locale":"pt_PT","og_type":"article","og_title":"Meia de Seda Verde Bandeira 54 -","og_description":"Meia de Seda Verde Bandeira - MEIAS DE SEDA - Arte em meia de sedaMeia de Seda Lisa com m\u00e9dia de 6,5 gramas cerca de 80 cm.Produzida com fio de poliamida, cores firmes.Usa-se para fazer flores de Meia. Bouquets para noivas. Brindes de casamento. Prendas dia da m\u00e3e. Pequenos bonecos para prendinhas de batizado. Meia de seda.As cores apresentadas s\u00e3o ilustrativas e o mais semelhantes ao original.Sendo um produto natural podem ter pequenissimas varia\u00e7\u00f5es n\u00e3o sendo as mesmas da nossa responsabilidade.","og_url":"https:\/\/divertarte.com\/index.php\/produto\/meia-de-seda-verde-bandeira\/","article_modified_time":"2025-11-06T13:38:59+00:00","og_image":[{"width":300,"height":300,"url":"https:\/\/divertarte.com\/wp-content\/uploads\/2018\/06\/meia-de-seda-lisa-verde-bandeira-1-1.jpg","type":"image\/jpeg"}],"twitter_card":"summary_large_image","schema":{"@context":"https:\/\/schema.org","@graph":[{"@type":"WebPage","@id":"https:\/\/divertarte.com\/index.php\/produto\/meia-de-seda-verde-bandeira\/","url":"https:\/\/divertarte.com\/index.php\/produto\/meia-de-seda-verde-bandeira\/","name":"Meia de Seda Verde Bandeira 54 -","isPartOf":{"@id":"https:\/\/divertarte.com\/#website"},"primaryImageOfPage":{"@id":"https:\/\/divertarte.com\/index.php\/produto\/meia-de-seda-verde-bandeira\/#primaryimage"},"image":{"@id":"https:\/\/divertarte.com\/index.php\/produto\/meia-de-seda-verde-bandeira\/#primaryimage"},"thumbnailUrl":"https:\/\/divertarte.com\/wp-content\/uploads\/2018\/06\/meia-de-seda-lisa-verde-bandeira-1-1.jpg","datePublished":"2018-06-07T13:16:36+00:00","dateModified":"2025-11-06T13:38:59+00:00","description":"Meia de Seda Verde Bandeira - MEIAS DE SEDA - Arte em meia de sedaMeia de Seda Lisa com m\u00e9dia de 6,5 gramas cerca de 80 cm.Produzida com fio de poliamida, cores firmes.Usa-se para fazer flores de Meia. Bouquets para noivas. Brindes de casamento. Prendas dia da m\u00e3e. Pequenos bonecos para prendinhas de batizado. Meia de seda.As cores apresentadas s\u00e3o ilustrativas e o mais semelhantes ao original.Sendo um produto natural podem ter pequenissimas varia\u00e7\u00f5es n\u00e3o sendo as mesmas da nossa responsabilidade.","breadcrumb":{"@id":"https:\/\/divertarte.com\/index.php\/produto\/meia-de-seda-verde-bandeira\/#breadcrumb"},"inLanguage":"pt-PT","potentialAction":[{"@type":"ReadAction","target":["https:\/\/divertarte.com\/index.php\/produto\/meia-de-seda-verde-bandeira\/"]}]},{"@type":"ImageObject","inLanguage":"pt-PT","@id":"https:\/\/divertarte.com\/index.php\/produto\/meia-de-seda-verde-bandeira\/#primaryimage","url":"https:\/\/divertarte.com\/wp-content\/uploads\/2018\/06\/meia-de-seda-lisa-verde-bandeira-1-1.jpg","contentUrl":"https:\/\/divertarte.com\/wp-content\/uploads\/2018\/06\/meia-de-seda-lisa-verde-bandeira-1-1.jpg","width":300,"height":300},{"@type":"BreadcrumbList","@id":"https:\/\/divertarte.com\/index.php\/produto\/meia-de-seda-verde-bandeira\/#breadcrumb","itemListElement":[{"@type":"ListItem","position":1,"name":"In\u00edcio","item":"https:\/\/divertarte.com\/"},{"@type":"ListItem","position":2,"name":"Loja","item":"https:\/\/divertarte.com\/index.php\/divertarte-produtos\/"},{"@type":"ListItem","position":3,"name":"Meia de Seda Verde Bandeira 54"}]},{"@type":"WebSite","@id":"https:\/\/divertarte.com\/#website","url":"https:\/\/divertarte.com\/","name":"Divertarte","description":"","publisher":{"@id":"https:\/\/divertarte.com\/#organization"},"potentialAction":[{"@type":"SearchAction","target":{"@type":"EntryPoint","urlTemplate":"https:\/\/divertarte.com\/?s={search_term_string}"},"query-input":{"@type":"PropertyValueSpecification","valueRequired":true,"valueName":"search_term_string"}}],"inLanguage":"pt-PT"},{"@type":"Organization","@id":"https:\/\/divertarte.com\/#organization","name":"Divertarte","url":"https:\/\/divertarte.com\/","logo":{"@type":"ImageObject","inLanguage":"pt-PT","@id":"https:\/\/divertarte.com\/#\/schema\/logo\/image\/","url":"https:\/\/divertarte.com\/wp-content\/uploads\/2018\/07\/logo-div.jpg","contentUrl":"https:\/\/divertarte.com\/wp-content\/uploads\/2018\/07\/logo-div.jpg","width":295,"height":123,"caption":"Divertarte"},"image":{"@id":"https:\/\/divertarte.com\/#\/schema\/logo\/image\/"}}]}},"_links":{"self":[{"href":"https:\/\/divertarte.com\/index.php\/wp-json\/wp\/v2\/product\/4579","targetHints":{"allow":["GET"]}}],"collection":[{"href":"https:\/\/divertarte.com\/index.php\/wp-json\/wp\/v2\/product"}],"about":[{"href":"https:\/\/divertarte.com\/index.php\/wp-json\/wp\/v2\/types\/product"}],"replies":[{"embeddable":true,"href":"https:\/\/divertarte.com\/index.php\/wp-json\/wp\/v2\/comments?post=4579"}],"wp:featuredmedia":[{"embeddable":true,"href":"https:\/\/divertarte.com\/index.php\/wp-json\/wp\/v2\/media\/11331"}],"wp:attachment":[{"href":"https:\/\/divertarte.com\/index.php\/wp-json\/wp\/v2\/media?parent=4579"}],"wp:term":[{"taxonomy":"product_brand","embeddable":true,"href":"https:\/\/divertarte.com\/index.php\/wp-json\/wp\/v2\/product_brand?post=4579"},{"taxonomy":"product_cat","embeddable":true,"href":"https:\/\/divertarte.com\/index.php\/wp-json\/wp\/v2\/product_cat?post=4579"},{"taxonomy":"product_tag","embeddable":true,"href":"https:\/\/divertarte.com\/index.php\/wp-json\/wp\/v2\/product_tag?post=4579"}],"curies":[{"name":"wp","href":"https:\/\/api.w.org\/{rel}","templated":true}]}}