{"id":4569,"date":"2018-06-07T14:08:33","date_gmt":"2018-06-07T13:08:33","guid":{"rendered":"https:\/\/divertarte.com\/index.php\/produto\/furador-estrela-2-3cm\/"},"modified":"2025-11-06T13:54:14","modified_gmt":"2025-11-06T13:54:14","slug":"furador-estrela-2-3cm","status":"publish","type":"product","link":"https:\/\/divertarte.com\/index.php\/produto\/furador-estrela-2-3cm\/","title":{"rendered":"Furador Estrela 2.3cm"},"content":{"rendered":"<p>Furador Estrela<BR><br \/>\nDecore seus projetos scrapbooking com este divertimento perfurador orboleta! \u00c9 a maneira perfeita de adicionar facilmente detalhes a seus projetos.<BR><\/p>\n<p>Com cada corte preciso consegue uma fant\u00e1stica forma de estrela, para card-making e scrapbooking, para aquelas decora\u00e7\u00f5es originais, caseiras, para projetos emocionantes crian\u00e7as e muito mais! \u00c9 f\u00e1cil de usar e permite que voc\u00ea facilmente crie as estrelas que desejar.<BR><\/p>\n<p>Basta colocar o papel sob o soco e pressione a alavanca para baixo para criar suas formas! Coloque as suas estrelas para criar um efeito 3D, ou coloque no meio do seu projeto para uma pe\u00e7a central elegante. Voc\u00ea pode criar um efeito modelado sobre toda a sua p\u00e1gina, ou criar projetos com todas as combina\u00e7\u00f5es de cor voc\u00ea deseja! As possibilidades s\u00e3o infinitas!<BR><\/p>\n<p>     Projeto da borboleta<BR><br \/>\n     Tamanho da forma perfurada: 2,3cm <BR><br \/>\n     Perfeito para criar enfeites de papercraft e scrapbooking<BR><\/p>\n","protected":false},"excerpt":{"rendered":"<p>Furador Estrela<BR><br \/>\nDecore seus projetos scrapbooking com este divertimento perfurador orboleta! \u00c9 a maneira perfeita de adicionar facilmente detalhes a seus projetos.<BR><\/p>\n<p>Com cada corte preciso consegue uma fant\u00e1stica forma de estrela, para card-making e scrapbooking, para aquelas decora\u00e7\u00f5es originais, caseiras, para projetos emocionantes crian\u00e7as e muito mais! \u00c9 f\u00e1cil de usar e permite que voc\u00ea facilmente crie as estrelas que desejar.<BR><\/p>\n<p>Basta colocar o papel sob o soco e pressione a alavanca para baixo para criar suas formas! Coloque as suas estrelas para criar um efeito 3D, ou coloque no meio do seu projeto para uma pe\u00e7a central elegante. Voc\u00ea pode criar um efeito modelado sobre toda a sua p\u00e1gina, ou criar projetos com todas as combina\u00e7\u00f5es de cor voc\u00ea deseja! As possibilidades s\u00e3o infinitas!<BR><\/p>\n<p>     Projeto da borboleta<BR><br \/>\n     Tamanho da forma perfurada: 2,3cm <BR><br \/>\n     Perfeito para criar enfeites de papercraft e scrapbooking<BR><\/p>\n","protected":false},"featured_media":0,"comment_status":"closed","ping_status":"open","template":"","meta":{"_exactmetrics_skip_tracking":false,"_exactmetrics_sitenote_active":false,"_exactmetrics_sitenote_note":"","_exactmetrics_sitenote_category":0},"product_brand":[],"product_cat":[15],"product_tag":[],"class_list":{"0":"post-4569","1":"product","2":"type-product","3":"status-publish","5":"product_cat-ver-todos-os-produtos","7":"first","8":"instock","9":"taxable","10":"shipping-taxable","11":"purchasable","12":"product-type-simple"},"yoast_head":"<!-- This site is optimized with the Yoast SEO plugin v27.4 - https:\/\/yoast.com\/product\/yoast-seo-wordpress\/ -->\n<title>Furador Estrela 2.3cm -<\/title>\n<meta name=\"robots\" content=\"index, follow, max-snippet:-1, max-image-preview:large, max-video-preview:-1\" \/>\n<link rel=\"canonical\" href=\"https:\/\/divertarte.com\/index.php\/produto\/furador-estrela-2-3cm\/\" \/>\n<meta property=\"og:locale\" content=\"pt_PT\" \/>\n<meta property=\"og:type\" content=\"article\" \/>\n<meta property=\"og:title\" content=\"Furador Estrela 2.3cm -\" \/>\n<meta property=\"og:description\" content=\"Furador Estrela Decore seus projetos scrapbooking com este divertimento perfurador orboleta! \u00c9 a maneira perfeita de adicionar facilmente detalhes a seus projetos. Com cada corte preciso consegue uma fant\u00e1stica forma de estrela, para card-making e scrapbooking, para aquelas decora\u00e7\u00f5es originais, caseiras, para projetos emocionantes crian\u00e7as e muito mais! \u00c9 f\u00e1cil de usar e permite que voc\u00ea facilmente crie as estrelas que desejar. Basta colocar o papel sob o soco e pressione a alavanca para baixo para criar suas formas! Coloque as suas estrelas para criar um efeito 3D, ou coloque no meio do seu projeto para uma pe\u00e7a central elegante. Voc\u00ea pode criar um efeito modelado sobre toda a sua p\u00e1gina, ou criar projetos com todas as combina\u00e7\u00f5es de cor voc\u00ea deseja! As possibilidades s\u00e3o infinitas!    Projeto da borboleta   Tamanho da forma perfurada: 2,3cm    Perfeito para criar enfeites de papercraft e scrapbooking\" \/>\n<meta property=\"og:url\" content=\"https:\/\/divertarte.com\/index.php\/produto\/furador-estrela-2-3cm\/\" \/>\n<meta property=\"article:modified_time\" content=\"2025-11-06T13:54:14+00:00\" \/>\n<meta name=\"twitter:card\" content=\"summary_large_image\" \/>\n<meta name=\"twitter:label1\" content=\"Tempo estimado de leitura\" \/>\n\t<meta name=\"twitter:data1\" content=\"1 minuto\" \/>\n<script type=\"application\/ld+json\" class=\"yoast-schema-graph\">{\"@context\":\"https:\\\/\\\/schema.org\",\"@graph\":[{\"@type\":\"WebPage\",\"@id\":\"https:\\\/\\\/divertarte.com\\\/index.php\\\/produto\\\/furador-estrela-2-3cm\\\/\",\"url\":\"https:\\\/\\\/divertarte.com\\\/index.php\\\/produto\\\/furador-estrela-2-3cm\\\/\",\"name\":\"Furador Estrela 2.3cm -\",\"isPartOf\":{\"@id\":\"https:\\\/\\\/divertarte.com\\\/#website\"},\"datePublished\":\"2018-06-07T13:08:33+00:00\",\"dateModified\":\"2025-11-06T13:54:14+00:00\",\"breadcrumb\":{\"@id\":\"https:\\\/\\\/divertarte.com\\\/index.php\\\/produto\\\/furador-estrela-2-3cm\\\/#breadcrumb\"},\"inLanguage\":\"pt-PT\",\"potentialAction\":[{\"@type\":\"ReadAction\",\"target\":[\"https:\\\/\\\/divertarte.com\\\/index.php\\\/produto\\\/furador-estrela-2-3cm\\\/\"]}]},{\"@type\":\"BreadcrumbList\",\"@id\":\"https:\\\/\\\/divertarte.com\\\/index.php\\\/produto\\\/furador-estrela-2-3cm\\\/#breadcrumb\",\"itemListElement\":[{\"@type\":\"ListItem\",\"position\":1,\"name\":\"In\u00edcio\",\"item\":\"https:\\\/\\\/divertarte.com\\\/\"},{\"@type\":\"ListItem\",\"position\":2,\"name\":\"Loja\",\"item\":\"https:\\\/\\\/divertarte.com\\\/index.php\\\/divertarte-produtos\\\/\"},{\"@type\":\"ListItem\",\"position\":3,\"name\":\"Furador Estrela 2.3cm\"}]},{\"@type\":\"WebSite\",\"@id\":\"https:\\\/\\\/divertarte.com\\\/#website\",\"url\":\"https:\\\/\\\/divertarte.com\\\/\",\"name\":\"Divertarte\",\"description\":\"\",\"publisher\":{\"@id\":\"https:\\\/\\\/divertarte.com\\\/#organization\"},\"potentialAction\":[{\"@type\":\"SearchAction\",\"target\":{\"@type\":\"EntryPoint\",\"urlTemplate\":\"https:\\\/\\\/divertarte.com\\\/?s={search_term_string}\"},\"query-input\":{\"@type\":\"PropertyValueSpecification\",\"valueRequired\":true,\"valueName\":\"search_term_string\"}}],\"inLanguage\":\"pt-PT\"},{\"@type\":\"Organization\",\"@id\":\"https:\\\/\\\/divertarte.com\\\/#organization\",\"name\":\"Divertarte\",\"url\":\"https:\\\/\\\/divertarte.com\\\/\",\"logo\":{\"@type\":\"ImageObject\",\"inLanguage\":\"pt-PT\",\"@id\":\"https:\\\/\\\/divertarte.com\\\/#\\\/schema\\\/logo\\\/image\\\/\",\"url\":\"https:\\\/\\\/divertarte.com\\\/wp-content\\\/uploads\\\/2018\\\/07\\\/logo-div.jpg\",\"contentUrl\":\"https:\\\/\\\/divertarte.com\\\/wp-content\\\/uploads\\\/2018\\\/07\\\/logo-div.jpg\",\"width\":295,\"height\":123,\"caption\":\"Divertarte\"},\"image\":{\"@id\":\"https:\\\/\\\/divertarte.com\\\/#\\\/schema\\\/logo\\\/image\\\/\"}}]}<\/script>\n<!-- \/ Yoast SEO plugin. -->","yoast_head_json":{"title":"Furador Estrela 2.3cm -","robots":{"index":"index","follow":"follow","max-snippet":"max-snippet:-1","max-image-preview":"max-image-preview:large","max-video-preview":"max-video-preview:-1"},"canonical":"https:\/\/divertarte.com\/index.php\/produto\/furador-estrela-2-3cm\/","og_locale":"pt_PT","og_type":"article","og_title":"Furador Estrela 2.3cm -","og_description":"Furador Estrela Decore seus projetos scrapbooking com este divertimento perfurador orboleta! \u00c9 a maneira perfeita de adicionar facilmente detalhes a seus projetos. Com cada corte preciso consegue uma fant\u00e1stica forma de estrela, para card-making e scrapbooking, para aquelas decora\u00e7\u00f5es originais, caseiras, para projetos emocionantes crian\u00e7as e muito mais! \u00c9 f\u00e1cil de usar e permite que voc\u00ea facilmente crie as estrelas que desejar. Basta colocar o papel sob o soco e pressione a alavanca para baixo para criar suas formas! Coloque as suas estrelas para criar um efeito 3D, ou coloque no meio do seu projeto para uma pe\u00e7a central elegante. Voc\u00ea pode criar um efeito modelado sobre toda a sua p\u00e1gina, ou criar projetos com todas as combina\u00e7\u00f5es de cor voc\u00ea deseja! As possibilidades s\u00e3o infinitas!    Projeto da borboleta   Tamanho da forma perfurada: 2,3cm    Perfeito para criar enfeites de papercraft e scrapbooking","og_url":"https:\/\/divertarte.com\/index.php\/produto\/furador-estrela-2-3cm\/","article_modified_time":"2025-11-06T13:54:14+00:00","twitter_card":"summary_large_image","twitter_misc":{"Tempo estimado de leitura":"1 minuto"},"schema":{"@context":"https:\/\/schema.org","@graph":[{"@type":"WebPage","@id":"https:\/\/divertarte.com\/index.php\/produto\/furador-estrela-2-3cm\/","url":"https:\/\/divertarte.com\/index.php\/produto\/furador-estrela-2-3cm\/","name":"Furador Estrela 2.3cm -","isPartOf":{"@id":"https:\/\/divertarte.com\/#website"},"datePublished":"2018-06-07T13:08:33+00:00","dateModified":"2025-11-06T13:54:14+00:00","breadcrumb":{"@id":"https:\/\/divertarte.com\/index.php\/produto\/furador-estrela-2-3cm\/#breadcrumb"},"inLanguage":"pt-PT","potentialAction":[{"@type":"ReadAction","target":["https:\/\/divertarte.com\/index.php\/produto\/furador-estrela-2-3cm\/"]}]},{"@type":"BreadcrumbList","@id":"https:\/\/divertarte.com\/index.php\/produto\/furador-estrela-2-3cm\/#breadcrumb","itemListElement":[{"@type":"ListItem","position":1,"name":"In\u00edcio","item":"https:\/\/divertarte.com\/"},{"@type":"ListItem","position":2,"name":"Loja","item":"https:\/\/divertarte.com\/index.php\/divertarte-produtos\/"},{"@type":"ListItem","position":3,"name":"Furador Estrela 2.3cm"}]},{"@type":"WebSite","@id":"https:\/\/divertarte.com\/#website","url":"https:\/\/divertarte.com\/","name":"Divertarte","description":"","publisher":{"@id":"https:\/\/divertarte.com\/#organization"},"potentialAction":[{"@type":"SearchAction","target":{"@type":"EntryPoint","urlTemplate":"https:\/\/divertarte.com\/?s={search_term_string}"},"query-input":{"@type":"PropertyValueSpecification","valueRequired":true,"valueName":"search_term_string"}}],"inLanguage":"pt-PT"},{"@type":"Organization","@id":"https:\/\/divertarte.com\/#organization","name":"Divertarte","url":"https:\/\/divertarte.com\/","logo":{"@type":"ImageObject","inLanguage":"pt-PT","@id":"https:\/\/divertarte.com\/#\/schema\/logo\/image\/","url":"https:\/\/divertarte.com\/wp-content\/uploads\/2018\/07\/logo-div.jpg","contentUrl":"https:\/\/divertarte.com\/wp-content\/uploads\/2018\/07\/logo-div.jpg","width":295,"height":123,"caption":"Divertarte"},"image":{"@id":"https:\/\/divertarte.com\/#\/schema\/logo\/image\/"}}]}},"_links":{"self":[{"href":"https:\/\/divertarte.com\/index.php\/wp-json\/wp\/v2\/product\/4569","targetHints":{"allow":["GET"]}}],"collection":[{"href":"https:\/\/divertarte.com\/index.php\/wp-json\/wp\/v2\/product"}],"about":[{"href":"https:\/\/divertarte.com\/index.php\/wp-json\/wp\/v2\/types\/product"}],"replies":[{"embeddable":true,"href":"https:\/\/divertarte.com\/index.php\/wp-json\/wp\/v2\/comments?post=4569"}],"wp:attachment":[{"href":"https:\/\/divertarte.com\/index.php\/wp-json\/wp\/v2\/media?parent=4569"}],"wp:term":[{"taxonomy":"product_brand","embeddable":true,"href":"https:\/\/divertarte.com\/index.php\/wp-json\/wp\/v2\/product_brand?post=4569"},{"taxonomy":"product_cat","embeddable":true,"href":"https:\/\/divertarte.com\/index.php\/wp-json\/wp\/v2\/product_cat?post=4569"},{"taxonomy":"product_tag","embeddable":true,"href":"https:\/\/divertarte.com\/index.php\/wp-json\/wp\/v2\/product_tag?post=4569"}],"curies":[{"name":"wp","href":"https:\/\/api.w.org\/{rel}","templated":true}]}}