{"id":4494,"date":"2018-06-07T14:06:13","date_gmt":"2018-06-07T13:06:13","guid":{"rendered":"https:\/\/divertarte.com\/index.php\/produto\/doce-ginja-40-gr-12-unidades\/"},"modified":"2025-11-06T13:59:49","modified_gmt":"2025-11-06T13:59:49","slug":"doce-ginja-40-gr-12-unidades","status":"publish","type":"product","link":"https:\/\/divertarte.com\/index.php\/produto\/doce-ginja-40-gr-12-unidades\/","title":{"rendered":"Doce Ginja 40 gr 12 unidades"},"content":{"rendered":"<p>Doces, Compotas e Geleias. ideais para prendinhas, ofertas de noivos, casamentos, hot\u00e9is.<br \/> PAC 12 UNIDADES. <br \/>\nPreparados de acordo com uma receita herdada de fam\u00edlia com mais de 100 anos, as nossas compotas de frutas s\u00e3o cozidas muito lentamente pelos m\u00e9todos tradicionais. Os frutos que utilizamos s\u00e3o da mais alta qualidade e s\u00e3o cuidadosamente selecionados, de modo que o resultado final \u00e9 um sabor fresco, distinto, natural e um produto que cont\u00e9m uma quantidade m\u00ednima de a\u00e7\u00facar. <br \/>\nRecomendamos que experimente as nossas compotas com uma fatia de p\u00e3o caseiro.<br \/>\nSem corantes nem conservantes. Guardar em lugar fresco, seco.<br \/>\nPotes de 40 gr<BR><br \/>\nApresenta\u00e7\u00e3o para levar \u00c3\u00a0 mesa, ideal para restaura\u00e7\u00e3o e hotelaria.<br \/>\nPerfeitos para eventos, cabazes, brindes e ofertas<BR><br \/>\nPara quantidades superiores a 100 unidades tem desconto de 20%<BR><BR><br \/>\nPersonalizamos os seus r\u00f3tulos. Fa\u00e7a-nos uma consulta<BR><\/p>\n","protected":false},"excerpt":{"rendered":"<p>Doces, Compotas e Geleias. ideais para prendinhas, ofertas de noivos, casamentos, hot\u00e9is.<br \/> PAC 12 UNIDADES. <br \/>\nPreparados de acordo com uma receita herdada de fam\u00edlia com mais de 100 anos, as nossas compotas de frutas s\u00e3o cozidas muito lentamente pelos m\u00e9todos tradicionais. Os frutos que utilizamos s\u00e3o da mais alta qualidade e s\u00e3o cuidadosamente selecionados, de modo que o resultado final \u00e9 um sabor fresco, distinto, natural e um produto que cont\u00e9m uma quantidade m\u00ednima de a\u00e7\u00facar. <br \/>\nRecomendamos que experimente as nossas compotas com uma fatia de p\u00e3o caseiro.<br \/>\nSem corantes nem conservantes. Guardar em lugar fresco, seco.<br \/>\nPotes de 40 gr<BR><br \/>\nApresenta\u00e7\u00e3o para levar \u00c3\u00a0 mesa, ideal para restaura\u00e7\u00e3o e hotelaria.<br \/>\nPerfeitos para eventos, cabazes, brindes e ofertas<BR><br \/>\nPara quantidades superiores a 100 unidades tem desconto de 20%<BR><BR><br \/>\nPersonalizamos os seus r\u00f3tulos. Fa\u00e7a-nos uma consulta<BR><\/p>\n","protected":false},"featured_media":8020,"comment_status":"closed","ping_status":"open","template":"","meta":{"_exactmetrics_skip_tracking":false,"_exactmetrics_sitenote_active":false,"_exactmetrics_sitenote_note":"","_exactmetrics_sitenote_category":0},"product_brand":[],"product_cat":[15],"product_tag":[],"class_list":{"0":"post-4494","1":"product","2":"type-product","3":"status-publish","4":"has-post-thumbnail","6":"product_cat-ver-todos-os-produtos","8":"first","9":"instock","10":"taxable","11":"shipping-taxable","12":"purchasable","13":"product-type-simple"},"yoast_head":"<!-- This site is optimized with the Yoast SEO plugin v27.4 - https:\/\/yoast.com\/product\/yoast-seo-wordpress\/ -->\n<title>Doce Ginja 40 gr 12 unidades -<\/title>\n<meta name=\"robots\" content=\"index, follow, max-snippet:-1, max-image-preview:large, max-video-preview:-1\" \/>\n<link rel=\"canonical\" href=\"https:\/\/divertarte.com\/index.php\/produto\/doce-ginja-40-gr-12-unidades\/\" \/>\n<meta property=\"og:locale\" content=\"pt_PT\" \/>\n<meta property=\"og:type\" content=\"article\" \/>\n<meta property=\"og:title\" content=\"Doce Ginja 40 gr 12 unidades -\" \/>\n<meta property=\"og:description\" content=\"Doces, Compotas e Geleias. ideais para prendinhas, ofertas de noivos, casamentos, hot\u00e9is. PAC 12 UNIDADES. Preparados de acordo com uma receita herdada de fam\u00edlia com mais de 100 anos, as nossas compotas de frutas s\u00e3o cozidas muito lentamente pelos m\u00e9todos tradicionais. Os frutos que utilizamos s\u00e3o da mais alta qualidade e s\u00e3o cuidadosamente selecionados, de modo que o resultado final \u00e9 um sabor fresco, distinto, natural e um produto que cont\u00e9m uma quantidade m\u00ednima de a\u00e7\u00facar. Recomendamos que experimente as nossas compotas com uma fatia de p\u00e3o caseiro. Sem corantes nem conservantes. Guardar em lugar fresco, seco. Potes de 40 gr Apresenta\u00e7\u00e3o para levar \u00c3\u00a0 mesa, ideal para restaura\u00e7\u00e3o e hotelaria. Perfeitos para eventos, cabazes, brindes e ofertas Para quantidades superiores a 100 unidades tem desconto de 20% Personalizamos os seus r\u00f3tulos. Fa\u00e7a-nos uma consulta\" \/>\n<meta property=\"og:url\" content=\"https:\/\/divertarte.com\/index.php\/produto\/doce-ginja-40-gr-12-unidades\/\" \/>\n<meta property=\"article:modified_time\" content=\"2025-11-06T13:59:49+00:00\" \/>\n<meta property=\"og:image\" content=\"https:\/\/divertarte.com\/wp-content\/uploads\/2018\/05\/doce_ginja_40gr.jpg\" \/>\n\t<meta property=\"og:image:width\" content=\"558\" \/>\n\t<meta property=\"og:image:height\" content=\"558\" \/>\n\t<meta property=\"og:image:type\" content=\"image\/jpeg\" \/>\n<meta name=\"twitter:card\" content=\"summary_large_image\" \/>\n<meta name=\"twitter:label1\" content=\"Tempo estimado de leitura\" \/>\n\t<meta name=\"twitter:data1\" content=\"1 minuto\" \/>\n<script type=\"application\/ld+json\" class=\"yoast-schema-graph\">{\"@context\":\"https:\\\/\\\/schema.org\",\"@graph\":[{\"@type\":\"WebPage\",\"@id\":\"https:\\\/\\\/divertarte.com\\\/index.php\\\/produto\\\/doce-ginja-40-gr-12-unidades\\\/\",\"url\":\"https:\\\/\\\/divertarte.com\\\/index.php\\\/produto\\\/doce-ginja-40-gr-12-unidades\\\/\",\"name\":\"Doce Ginja 40 gr 12 unidades -\",\"isPartOf\":{\"@id\":\"https:\\\/\\\/divertarte.com\\\/#website\"},\"primaryImageOfPage\":{\"@id\":\"https:\\\/\\\/divertarte.com\\\/index.php\\\/produto\\\/doce-ginja-40-gr-12-unidades\\\/#primaryimage\"},\"image\":{\"@id\":\"https:\\\/\\\/divertarte.com\\\/index.php\\\/produto\\\/doce-ginja-40-gr-12-unidades\\\/#primaryimage\"},\"thumbnailUrl\":\"https:\\\/\\\/divertarte.com\\\/wp-content\\\/uploads\\\/2018\\\/05\\\/doce_ginja_40gr.jpg\",\"datePublished\":\"2018-06-07T13:06:13+00:00\",\"dateModified\":\"2025-11-06T13:59:49+00:00\",\"breadcrumb\":{\"@id\":\"https:\\\/\\\/divertarte.com\\\/index.php\\\/produto\\\/doce-ginja-40-gr-12-unidades\\\/#breadcrumb\"},\"inLanguage\":\"pt-PT\",\"potentialAction\":[{\"@type\":\"ReadAction\",\"target\":[\"https:\\\/\\\/divertarte.com\\\/index.php\\\/produto\\\/doce-ginja-40-gr-12-unidades\\\/\"]}]},{\"@type\":\"ImageObject\",\"inLanguage\":\"pt-PT\",\"@id\":\"https:\\\/\\\/divertarte.com\\\/index.php\\\/produto\\\/doce-ginja-40-gr-12-unidades\\\/#primaryimage\",\"url\":\"https:\\\/\\\/divertarte.com\\\/wp-content\\\/uploads\\\/2018\\\/05\\\/doce_ginja_40gr.jpg\",\"contentUrl\":\"https:\\\/\\\/divertarte.com\\\/wp-content\\\/uploads\\\/2018\\\/05\\\/doce_ginja_40gr.jpg\",\"width\":558,\"height\":558},{\"@type\":\"BreadcrumbList\",\"@id\":\"https:\\\/\\\/divertarte.com\\\/index.php\\\/produto\\\/doce-ginja-40-gr-12-unidades\\\/#breadcrumb\",\"itemListElement\":[{\"@type\":\"ListItem\",\"position\":1,\"name\":\"In\u00edcio\",\"item\":\"https:\\\/\\\/divertarte.com\\\/\"},{\"@type\":\"ListItem\",\"position\":2,\"name\":\"Loja\",\"item\":\"https:\\\/\\\/divertarte.com\\\/index.php\\\/divertarte-produtos\\\/\"},{\"@type\":\"ListItem\",\"position\":3,\"name\":\"Doce Ginja 40 gr 12 unidades\"}]},{\"@type\":\"WebSite\",\"@id\":\"https:\\\/\\\/divertarte.com\\\/#website\",\"url\":\"https:\\\/\\\/divertarte.com\\\/\",\"name\":\"Divertarte\",\"description\":\"\",\"publisher\":{\"@id\":\"https:\\\/\\\/divertarte.com\\\/#organization\"},\"potentialAction\":[{\"@type\":\"SearchAction\",\"target\":{\"@type\":\"EntryPoint\",\"urlTemplate\":\"https:\\\/\\\/divertarte.com\\\/?s={search_term_string}\"},\"query-input\":{\"@type\":\"PropertyValueSpecification\",\"valueRequired\":true,\"valueName\":\"search_term_string\"}}],\"inLanguage\":\"pt-PT\"},{\"@type\":\"Organization\",\"@id\":\"https:\\\/\\\/divertarte.com\\\/#organization\",\"name\":\"Divertarte\",\"url\":\"https:\\\/\\\/divertarte.com\\\/\",\"logo\":{\"@type\":\"ImageObject\",\"inLanguage\":\"pt-PT\",\"@id\":\"https:\\\/\\\/divertarte.com\\\/#\\\/schema\\\/logo\\\/image\\\/\",\"url\":\"https:\\\/\\\/divertarte.com\\\/wp-content\\\/uploads\\\/2018\\\/07\\\/logo-div.jpg\",\"contentUrl\":\"https:\\\/\\\/divertarte.com\\\/wp-content\\\/uploads\\\/2018\\\/07\\\/logo-div.jpg\",\"width\":295,\"height\":123,\"caption\":\"Divertarte\"},\"image\":{\"@id\":\"https:\\\/\\\/divertarte.com\\\/#\\\/schema\\\/logo\\\/image\\\/\"}}]}<\/script>\n<!-- \/ Yoast SEO plugin. -->","yoast_head_json":{"title":"Doce Ginja 40 gr 12 unidades -","robots":{"index":"index","follow":"follow","max-snippet":"max-snippet:-1","max-image-preview":"max-image-preview:large","max-video-preview":"max-video-preview:-1"},"canonical":"https:\/\/divertarte.com\/index.php\/produto\/doce-ginja-40-gr-12-unidades\/","og_locale":"pt_PT","og_type":"article","og_title":"Doce Ginja 40 gr 12 unidades -","og_description":"Doces, Compotas e Geleias. ideais para prendinhas, ofertas de noivos, casamentos, hot\u00e9is. PAC 12 UNIDADES. Preparados de acordo com uma receita herdada de fam\u00edlia com mais de 100 anos, as nossas compotas de frutas s\u00e3o cozidas muito lentamente pelos m\u00e9todos tradicionais. Os frutos que utilizamos s\u00e3o da mais alta qualidade e s\u00e3o cuidadosamente selecionados, de modo que o resultado final \u00e9 um sabor fresco, distinto, natural e um produto que cont\u00e9m uma quantidade m\u00ednima de a\u00e7\u00facar. Recomendamos que experimente as nossas compotas com uma fatia de p\u00e3o caseiro. Sem corantes nem conservantes. Guardar em lugar fresco, seco. Potes de 40 gr Apresenta\u00e7\u00e3o para levar \u00c3\u00a0 mesa, ideal para restaura\u00e7\u00e3o e hotelaria. Perfeitos para eventos, cabazes, brindes e ofertas Para quantidades superiores a 100 unidades tem desconto de 20% Personalizamos os seus r\u00f3tulos. Fa\u00e7a-nos uma consulta","og_url":"https:\/\/divertarte.com\/index.php\/produto\/doce-ginja-40-gr-12-unidades\/","article_modified_time":"2025-11-06T13:59:49+00:00","og_image":[{"width":558,"height":558,"url":"https:\/\/divertarte.com\/wp-content\/uploads\/2018\/05\/doce_ginja_40gr.jpg","type":"image\/jpeg"}],"twitter_card":"summary_large_image","twitter_misc":{"Tempo estimado de leitura":"1 minuto"},"schema":{"@context":"https:\/\/schema.org","@graph":[{"@type":"WebPage","@id":"https:\/\/divertarte.com\/index.php\/produto\/doce-ginja-40-gr-12-unidades\/","url":"https:\/\/divertarte.com\/index.php\/produto\/doce-ginja-40-gr-12-unidades\/","name":"Doce Ginja 40 gr 12 unidades -","isPartOf":{"@id":"https:\/\/divertarte.com\/#website"},"primaryImageOfPage":{"@id":"https:\/\/divertarte.com\/index.php\/produto\/doce-ginja-40-gr-12-unidades\/#primaryimage"},"image":{"@id":"https:\/\/divertarte.com\/index.php\/produto\/doce-ginja-40-gr-12-unidades\/#primaryimage"},"thumbnailUrl":"https:\/\/divertarte.com\/wp-content\/uploads\/2018\/05\/doce_ginja_40gr.jpg","datePublished":"2018-06-07T13:06:13+00:00","dateModified":"2025-11-06T13:59:49+00:00","breadcrumb":{"@id":"https:\/\/divertarte.com\/index.php\/produto\/doce-ginja-40-gr-12-unidades\/#breadcrumb"},"inLanguage":"pt-PT","potentialAction":[{"@type":"ReadAction","target":["https:\/\/divertarte.com\/index.php\/produto\/doce-ginja-40-gr-12-unidades\/"]}]},{"@type":"ImageObject","inLanguage":"pt-PT","@id":"https:\/\/divertarte.com\/index.php\/produto\/doce-ginja-40-gr-12-unidades\/#primaryimage","url":"https:\/\/divertarte.com\/wp-content\/uploads\/2018\/05\/doce_ginja_40gr.jpg","contentUrl":"https:\/\/divertarte.com\/wp-content\/uploads\/2018\/05\/doce_ginja_40gr.jpg","width":558,"height":558},{"@type":"BreadcrumbList","@id":"https:\/\/divertarte.com\/index.php\/produto\/doce-ginja-40-gr-12-unidades\/#breadcrumb","itemListElement":[{"@type":"ListItem","position":1,"name":"In\u00edcio","item":"https:\/\/divertarte.com\/"},{"@type":"ListItem","position":2,"name":"Loja","item":"https:\/\/divertarte.com\/index.php\/divertarte-produtos\/"},{"@type":"ListItem","position":3,"name":"Doce Ginja 40 gr 12 unidades"}]},{"@type":"WebSite","@id":"https:\/\/divertarte.com\/#website","url":"https:\/\/divertarte.com\/","name":"Divertarte","description":"","publisher":{"@id":"https:\/\/divertarte.com\/#organization"},"potentialAction":[{"@type":"SearchAction","target":{"@type":"EntryPoint","urlTemplate":"https:\/\/divertarte.com\/?s={search_term_string}"},"query-input":{"@type":"PropertyValueSpecification","valueRequired":true,"valueName":"search_term_string"}}],"inLanguage":"pt-PT"},{"@type":"Organization","@id":"https:\/\/divertarte.com\/#organization","name":"Divertarte","url":"https:\/\/divertarte.com\/","logo":{"@type":"ImageObject","inLanguage":"pt-PT","@id":"https:\/\/divertarte.com\/#\/schema\/logo\/image\/","url":"https:\/\/divertarte.com\/wp-content\/uploads\/2018\/07\/logo-div.jpg","contentUrl":"https:\/\/divertarte.com\/wp-content\/uploads\/2018\/07\/logo-div.jpg","width":295,"height":123,"caption":"Divertarte"},"image":{"@id":"https:\/\/divertarte.com\/#\/schema\/logo\/image\/"}}]}},"_links":{"self":[{"href":"https:\/\/divertarte.com\/index.php\/wp-json\/wp\/v2\/product\/4494","targetHints":{"allow":["GET"]}}],"collection":[{"href":"https:\/\/divertarte.com\/index.php\/wp-json\/wp\/v2\/product"}],"about":[{"href":"https:\/\/divertarte.com\/index.php\/wp-json\/wp\/v2\/types\/product"}],"replies":[{"embeddable":true,"href":"https:\/\/divertarte.com\/index.php\/wp-json\/wp\/v2\/comments?post=4494"}],"wp:featuredmedia":[{"embeddable":true,"href":"https:\/\/divertarte.com\/index.php\/wp-json\/wp\/v2\/media\/8020"}],"wp:attachment":[{"href":"https:\/\/divertarte.com\/index.php\/wp-json\/wp\/v2\/media?parent=4494"}],"wp:term":[{"taxonomy":"product_brand","embeddable":true,"href":"https:\/\/divertarte.com\/index.php\/wp-json\/wp\/v2\/product_brand?post=4494"},{"taxonomy":"product_cat","embeddable":true,"href":"https:\/\/divertarte.com\/index.php\/wp-json\/wp\/v2\/product_cat?post=4494"},{"taxonomy":"product_tag","embeddable":true,"href":"https:\/\/divertarte.com\/index.php\/wp-json\/wp\/v2\/product_tag?post=4494"}],"curies":[{"name":"wp","href":"https:\/\/api.w.org\/{rel}","templated":true}]}}