{"id":4480,"date":"2018-06-07T14:15:52","date_gmt":"2018-06-07T13:15:52","guid":{"rendered":"https:\/\/divertarte.com\/index.php\/produto\/etiquetas-pes-menino-cartolina\/"},"modified":"2025-11-06T13:39:13","modified_gmt":"2025-11-06T13:39:13","slug":"etiquetas-pes-menino-cartolina","status":"publish","type":"product","link":"https:\/\/divertarte.com\/index.php\/produto\/etiquetas-pes-menino-cartolina\/","title":{"rendered":"Etiquetas P\u00e9s Menino cartolina"},"content":{"rendered":"<p>Etiquetas pendentes p\u00e9s de menino 3,8&#215;3,8 cm. Embalagem de 10 Etiquetas originais e divertidas.<br \/>\n<br \/>Etiquetas de cartolina Cor de Rosa elaboradas artesanalmente com materiais especialmente selecionados: cart\u00f5ezinhos de cart\u00e3o reciclado, cartolinas de alto gramagem, de cores s\u00f3lidas, r\u00fasticos, elegante e profissional. <br \/>Prendinhas de batizado<BR><br \/>\nDar a cada convidado um pequeno presente para recordar esse dia especial. Se voc\u00ea quiser fazer os seus presentes mais originais pode opte por decorar com as nossas etiquetas personalizadas de qualidade incompar\u00e1vel, onde pode escrever o nome da crian\u00e7a e a data do batizado ou nascimento. &#8220;feito \u00c3\u00a0 m\u00e3o&#8221; ou artesanal est\u00e1 na moda por isso crie os brindes para os seus convidados.<br \/>\n <br \/>Sabonetes, velas, purificadores de ar, frasquinhos de \u00e1gua benta, etc. D\u00ea asas \u00c3\u00a0 sua imagina\u00e7\u00e3o para decorar os brindes de uma maneira muito pessoal.<BR><br \/>\nEnt\u00e3o, se voc\u00ea tiver uma ocasi\u00e3o especial (anivers\u00e1rios, festas, nascimentos, batizados  &#8230;) e quer dar sabonetes, velas, purificadores de ar, cosm\u00e9ticos naturais, etc deve comprar estas belas etiquetas personalizadas e trazer um toque de classe para seus presentes!<BR><\/p>\n","protected":false},"excerpt":{"rendered":"<p>Etiquetas pendentes p\u00e9s de menino 3,8&#215;3,8 cm. Embalagem de 10 Etiquetas originais e divertidas.<br \/>\n<br \/>Etiquetas de cartolina Cor de Rosa elaboradas artesanalmente com materiais especialmente selecionados: cart\u00f5ezinhos de cart\u00e3o reciclado, cartolinas de alto gramagem, de cores s\u00f3lidas, r\u00fasticos, elegante e profissional. <br \/>Prendinhas de batizado<BR><br \/>\nDar a cada convidado um pequeno presente para recordar esse dia especial. Se voc\u00ea quiser fazer os seus presentes mais originais pode opte por decorar com as nossas etiquetas personalizadas de qualidade incompar\u00e1vel, onde pode escrever o nome da crian\u00e7a e a data do batizado ou nascimento. &#8220;feito \u00c3\u00a0 m\u00e3o&#8221; ou artesanal est\u00e1 na moda por isso crie os brindes para os seus convidados.<br \/>\n <br \/>Sabonetes, velas, purificadores de ar, frasquinhos de \u00e1gua benta, etc. D\u00ea asas \u00c3\u00a0 sua imagina\u00e7\u00e3o para decorar os brindes de uma maneira muito pessoal.<BR><br \/>\nEnt\u00e3o, se voc\u00ea tiver uma ocasi\u00e3o especial (anivers\u00e1rios, festas, nascimentos, batizados  &#8230;) e quer dar sabonetes, velas, purificadores de ar, cosm\u00e9ticos naturais, etc deve comprar estas belas etiquetas personalizadas e trazer um toque de classe para seus presentes!<BR><\/p>\n","protected":false},"featured_media":8008,"comment_status":"closed","ping_status":"open","template":"","meta":{"_exactmetrics_skip_tracking":false,"_exactmetrics_sitenote_active":false,"_exactmetrics_sitenote_note":"","_exactmetrics_sitenote_category":0},"product_brand":[],"product_cat":[15],"product_tag":[],"class_list":{"0":"post-4480","1":"product","2":"type-product","3":"status-publish","4":"has-post-thumbnail","6":"product_cat-ver-todos-os-produtos","8":"first","9":"instock","10":"taxable","11":"shipping-taxable","12":"purchasable","13":"product-type-simple"},"yoast_head":"<!-- This site is optimized with the Yoast SEO plugin v27.4 - https:\/\/yoast.com\/product\/yoast-seo-wordpress\/ -->\n<title>Etiquetas P\u00e9s Menino cartolina -<\/title>\n<meta name=\"robots\" content=\"index, follow, max-snippet:-1, max-image-preview:large, max-video-preview:-1\" \/>\n<link rel=\"canonical\" href=\"https:\/\/divertarte.com\/index.php\/produto\/etiquetas-pes-menino-cartolina\/\" \/>\n<meta property=\"og:locale\" content=\"pt_PT\" \/>\n<meta property=\"og:type\" content=\"article\" \/>\n<meta property=\"og:title\" content=\"Etiquetas P\u00e9s Menino cartolina -\" \/>\n<meta property=\"og:description\" content=\"Etiquetas pendentes p\u00e9s de menino 3,8x3,8 cm. Embalagem de 10 Etiquetas originais e divertidas. Etiquetas de cartolina Cor de Rosa elaboradas artesanalmente com materiais especialmente selecionados: cart\u00f5ezinhos de cart\u00e3o reciclado, cartolinas de alto gramagem, de cores s\u00f3lidas, r\u00fasticos, elegante e profissional. Prendinhas de batizado Dar a cada convidado um pequeno presente para recordar esse dia especial. Se voc\u00ea quiser fazer os seus presentes mais originais pode opte por decorar com as nossas etiquetas personalizadas de qualidade incompar\u00e1vel, onde pode escrever o nome da crian\u00e7a e a data do batizado ou nascimento. &quot;feito \u00c3\u00a0 m\u00e3o&quot; ou artesanal est\u00e1 na moda por isso crie os brindes para os seus convidados. Sabonetes, velas, purificadores de ar, frasquinhos de \u00e1gua benta, etc. D\u00ea asas \u00c3\u00a0 sua imagina\u00e7\u00e3o para decorar os brindes de uma maneira muito pessoal. Ent\u00e3o, se voc\u00ea tiver uma ocasi\u00e3o especial (anivers\u00e1rios, festas, nascimentos, batizados ...) e quer dar sabonetes, velas, purificadores de ar, cosm\u00e9ticos naturais, etc deve comprar estas belas etiquetas personalizadas e trazer um toque de classe para seus presentes!\" \/>\n<meta property=\"og:url\" content=\"https:\/\/divertarte.com\/index.php\/produto\/etiquetas-pes-menino-cartolina\/\" \/>\n<meta property=\"article:modified_time\" content=\"2025-11-06T13:39:13+00:00\" \/>\n<meta property=\"og:image\" content=\"https:\/\/divertarte.com\/wp-content\/uploads\/2018\/05\/cartao_pes_menino.jpg\" \/>\n\t<meta property=\"og:image:width\" content=\"558\" \/>\n\t<meta property=\"og:image:height\" content=\"555\" \/>\n\t<meta property=\"og:image:type\" content=\"image\/jpeg\" \/>\n<meta name=\"twitter:card\" content=\"summary_large_image\" \/>\n<meta name=\"twitter:label1\" content=\"Tempo estimado de leitura\" \/>\n\t<meta name=\"twitter:data1\" content=\"1 minuto\" \/>\n<script type=\"application\/ld+json\" class=\"yoast-schema-graph\">{\"@context\":\"https:\\\/\\\/schema.org\",\"@graph\":[{\"@type\":\"WebPage\",\"@id\":\"https:\\\/\\\/divertarte.com\\\/index.php\\\/produto\\\/etiquetas-pes-menino-cartolina\\\/\",\"url\":\"https:\\\/\\\/divertarte.com\\\/index.php\\\/produto\\\/etiquetas-pes-menino-cartolina\\\/\",\"name\":\"Etiquetas P\u00e9s Menino cartolina -\",\"isPartOf\":{\"@id\":\"https:\\\/\\\/divertarte.com\\\/#website\"},\"primaryImageOfPage\":{\"@id\":\"https:\\\/\\\/divertarte.com\\\/index.php\\\/produto\\\/etiquetas-pes-menino-cartolina\\\/#primaryimage\"},\"image\":{\"@id\":\"https:\\\/\\\/divertarte.com\\\/index.php\\\/produto\\\/etiquetas-pes-menino-cartolina\\\/#primaryimage\"},\"thumbnailUrl\":\"https:\\\/\\\/divertarte.com\\\/wp-content\\\/uploads\\\/2018\\\/05\\\/cartao_pes_menino.jpg\",\"datePublished\":\"2018-06-07T13:15:52+00:00\",\"dateModified\":\"2025-11-06T13:39:13+00:00\",\"breadcrumb\":{\"@id\":\"https:\\\/\\\/divertarte.com\\\/index.php\\\/produto\\\/etiquetas-pes-menino-cartolina\\\/#breadcrumb\"},\"inLanguage\":\"pt-PT\",\"potentialAction\":[{\"@type\":\"ReadAction\",\"target\":[\"https:\\\/\\\/divertarte.com\\\/index.php\\\/produto\\\/etiquetas-pes-menino-cartolina\\\/\"]}]},{\"@type\":\"ImageObject\",\"inLanguage\":\"pt-PT\",\"@id\":\"https:\\\/\\\/divertarte.com\\\/index.php\\\/produto\\\/etiquetas-pes-menino-cartolina\\\/#primaryimage\",\"url\":\"https:\\\/\\\/divertarte.com\\\/wp-content\\\/uploads\\\/2018\\\/05\\\/cartao_pes_menino.jpg\",\"contentUrl\":\"https:\\\/\\\/divertarte.com\\\/wp-content\\\/uploads\\\/2018\\\/05\\\/cartao_pes_menino.jpg\",\"width\":558,\"height\":555},{\"@type\":\"BreadcrumbList\",\"@id\":\"https:\\\/\\\/divertarte.com\\\/index.php\\\/produto\\\/etiquetas-pes-menino-cartolina\\\/#breadcrumb\",\"itemListElement\":[{\"@type\":\"ListItem\",\"position\":1,\"name\":\"In\u00edcio\",\"item\":\"https:\\\/\\\/divertarte.com\\\/\"},{\"@type\":\"ListItem\",\"position\":2,\"name\":\"Loja\",\"item\":\"https:\\\/\\\/divertarte.com\\\/index.php\\\/divertarte-produtos\\\/\"},{\"@type\":\"ListItem\",\"position\":3,\"name\":\"Etiquetas P\u00e9s Menino cartolina\"}]},{\"@type\":\"WebSite\",\"@id\":\"https:\\\/\\\/divertarte.com\\\/#website\",\"url\":\"https:\\\/\\\/divertarte.com\\\/\",\"name\":\"Divertarte\",\"description\":\"\",\"publisher\":{\"@id\":\"https:\\\/\\\/divertarte.com\\\/#organization\"},\"potentialAction\":[{\"@type\":\"SearchAction\",\"target\":{\"@type\":\"EntryPoint\",\"urlTemplate\":\"https:\\\/\\\/divertarte.com\\\/?s={search_term_string}\"},\"query-input\":{\"@type\":\"PropertyValueSpecification\",\"valueRequired\":true,\"valueName\":\"search_term_string\"}}],\"inLanguage\":\"pt-PT\"},{\"@type\":\"Organization\",\"@id\":\"https:\\\/\\\/divertarte.com\\\/#organization\",\"name\":\"Divertarte\",\"url\":\"https:\\\/\\\/divertarte.com\\\/\",\"logo\":{\"@type\":\"ImageObject\",\"inLanguage\":\"pt-PT\",\"@id\":\"https:\\\/\\\/divertarte.com\\\/#\\\/schema\\\/logo\\\/image\\\/\",\"url\":\"https:\\\/\\\/divertarte.com\\\/wp-content\\\/uploads\\\/2018\\\/07\\\/logo-div.jpg\",\"contentUrl\":\"https:\\\/\\\/divertarte.com\\\/wp-content\\\/uploads\\\/2018\\\/07\\\/logo-div.jpg\",\"width\":295,\"height\":123,\"caption\":\"Divertarte\"},\"image\":{\"@id\":\"https:\\\/\\\/divertarte.com\\\/#\\\/schema\\\/logo\\\/image\\\/\"}}]}<\/script>\n<!-- \/ Yoast SEO plugin. -->","yoast_head_json":{"title":"Etiquetas P\u00e9s Menino cartolina -","robots":{"index":"index","follow":"follow","max-snippet":"max-snippet:-1","max-image-preview":"max-image-preview:large","max-video-preview":"max-video-preview:-1"},"canonical":"https:\/\/divertarte.com\/index.php\/produto\/etiquetas-pes-menino-cartolina\/","og_locale":"pt_PT","og_type":"article","og_title":"Etiquetas P\u00e9s Menino cartolina -","og_description":"Etiquetas pendentes p\u00e9s de menino 3,8x3,8 cm. Embalagem de 10 Etiquetas originais e divertidas. Etiquetas de cartolina Cor de Rosa elaboradas artesanalmente com materiais especialmente selecionados: cart\u00f5ezinhos de cart\u00e3o reciclado, cartolinas de alto gramagem, de cores s\u00f3lidas, r\u00fasticos, elegante e profissional. Prendinhas de batizado Dar a cada convidado um pequeno presente para recordar esse dia especial. Se voc\u00ea quiser fazer os seus presentes mais originais pode opte por decorar com as nossas etiquetas personalizadas de qualidade incompar\u00e1vel, onde pode escrever o nome da crian\u00e7a e a data do batizado ou nascimento. \"feito \u00c3\u00a0 m\u00e3o\" ou artesanal est\u00e1 na moda por isso crie os brindes para os seus convidados. Sabonetes, velas, purificadores de ar, frasquinhos de \u00e1gua benta, etc. D\u00ea asas \u00c3\u00a0 sua imagina\u00e7\u00e3o para decorar os brindes de uma maneira muito pessoal. Ent\u00e3o, se voc\u00ea tiver uma ocasi\u00e3o especial (anivers\u00e1rios, festas, nascimentos, batizados ...) e quer dar sabonetes, velas, purificadores de ar, cosm\u00e9ticos naturais, etc deve comprar estas belas etiquetas personalizadas e trazer um toque de classe para seus presentes!","og_url":"https:\/\/divertarte.com\/index.php\/produto\/etiquetas-pes-menino-cartolina\/","article_modified_time":"2025-11-06T13:39:13+00:00","og_image":[{"width":558,"height":555,"url":"https:\/\/divertarte.com\/wp-content\/uploads\/2018\/05\/cartao_pes_menino.jpg","type":"image\/jpeg"}],"twitter_card":"summary_large_image","twitter_misc":{"Tempo estimado de leitura":"1 minuto"},"schema":{"@context":"https:\/\/schema.org","@graph":[{"@type":"WebPage","@id":"https:\/\/divertarte.com\/index.php\/produto\/etiquetas-pes-menino-cartolina\/","url":"https:\/\/divertarte.com\/index.php\/produto\/etiquetas-pes-menino-cartolina\/","name":"Etiquetas P\u00e9s Menino cartolina -","isPartOf":{"@id":"https:\/\/divertarte.com\/#website"},"primaryImageOfPage":{"@id":"https:\/\/divertarte.com\/index.php\/produto\/etiquetas-pes-menino-cartolina\/#primaryimage"},"image":{"@id":"https:\/\/divertarte.com\/index.php\/produto\/etiquetas-pes-menino-cartolina\/#primaryimage"},"thumbnailUrl":"https:\/\/divertarte.com\/wp-content\/uploads\/2018\/05\/cartao_pes_menino.jpg","datePublished":"2018-06-07T13:15:52+00:00","dateModified":"2025-11-06T13:39:13+00:00","breadcrumb":{"@id":"https:\/\/divertarte.com\/index.php\/produto\/etiquetas-pes-menino-cartolina\/#breadcrumb"},"inLanguage":"pt-PT","potentialAction":[{"@type":"ReadAction","target":["https:\/\/divertarte.com\/index.php\/produto\/etiquetas-pes-menino-cartolina\/"]}]},{"@type":"ImageObject","inLanguage":"pt-PT","@id":"https:\/\/divertarte.com\/index.php\/produto\/etiquetas-pes-menino-cartolina\/#primaryimage","url":"https:\/\/divertarte.com\/wp-content\/uploads\/2018\/05\/cartao_pes_menino.jpg","contentUrl":"https:\/\/divertarte.com\/wp-content\/uploads\/2018\/05\/cartao_pes_menino.jpg","width":558,"height":555},{"@type":"BreadcrumbList","@id":"https:\/\/divertarte.com\/index.php\/produto\/etiquetas-pes-menino-cartolina\/#breadcrumb","itemListElement":[{"@type":"ListItem","position":1,"name":"In\u00edcio","item":"https:\/\/divertarte.com\/"},{"@type":"ListItem","position":2,"name":"Loja","item":"https:\/\/divertarte.com\/index.php\/divertarte-produtos\/"},{"@type":"ListItem","position":3,"name":"Etiquetas P\u00e9s Menino cartolina"}]},{"@type":"WebSite","@id":"https:\/\/divertarte.com\/#website","url":"https:\/\/divertarte.com\/","name":"Divertarte","description":"","publisher":{"@id":"https:\/\/divertarte.com\/#organization"},"potentialAction":[{"@type":"SearchAction","target":{"@type":"EntryPoint","urlTemplate":"https:\/\/divertarte.com\/?s={search_term_string}"},"query-input":{"@type":"PropertyValueSpecification","valueRequired":true,"valueName":"search_term_string"}}],"inLanguage":"pt-PT"},{"@type":"Organization","@id":"https:\/\/divertarte.com\/#organization","name":"Divertarte","url":"https:\/\/divertarte.com\/","logo":{"@type":"ImageObject","inLanguage":"pt-PT","@id":"https:\/\/divertarte.com\/#\/schema\/logo\/image\/","url":"https:\/\/divertarte.com\/wp-content\/uploads\/2018\/07\/logo-div.jpg","contentUrl":"https:\/\/divertarte.com\/wp-content\/uploads\/2018\/07\/logo-div.jpg","width":295,"height":123,"caption":"Divertarte"},"image":{"@id":"https:\/\/divertarte.com\/#\/schema\/logo\/image\/"}}]}},"_links":{"self":[{"href":"https:\/\/divertarte.com\/index.php\/wp-json\/wp\/v2\/product\/4480","targetHints":{"allow":["GET"]}}],"collection":[{"href":"https:\/\/divertarte.com\/index.php\/wp-json\/wp\/v2\/product"}],"about":[{"href":"https:\/\/divertarte.com\/index.php\/wp-json\/wp\/v2\/types\/product"}],"replies":[{"embeddable":true,"href":"https:\/\/divertarte.com\/index.php\/wp-json\/wp\/v2\/comments?post=4480"}],"wp:featuredmedia":[{"embeddable":true,"href":"https:\/\/divertarte.com\/index.php\/wp-json\/wp\/v2\/media\/8008"}],"wp:attachment":[{"href":"https:\/\/divertarte.com\/index.php\/wp-json\/wp\/v2\/media?parent=4480"}],"wp:term":[{"taxonomy":"product_brand","embeddable":true,"href":"https:\/\/divertarte.com\/index.php\/wp-json\/wp\/v2\/product_brand?post=4480"},{"taxonomy":"product_cat","embeddable":true,"href":"https:\/\/divertarte.com\/index.php\/wp-json\/wp\/v2\/product_cat?post=4480"},{"taxonomy":"product_tag","embeddable":true,"href":"https:\/\/divertarte.com\/index.php\/wp-json\/wp\/v2\/product_tag?post=4480"}],"curies":[{"name":"wp","href":"https:\/\/api.w.org\/{rel}","templated":true}]}}