{"id":4461,"date":"2018-06-07T14:10:46","date_gmt":"2018-06-07T13:10:46","guid":{"rendered":"https:\/\/divertarte.com\/index.php\/produto\/pigmento-rosa\/"},"modified":"2025-11-06T13:51:08","modified_gmt":"2025-11-06T13:51:08","slug":"pigmento-rosa","status":"publish","type":"product","link":"https:\/\/divertarte.com\/index.php\/produto\/pigmento-rosa\/","title":{"rendered":"Pigmento Rosa Florescente"},"content":{"rendered":"<p>Pigmento Rosa Fluorescente &#8211; Embalagem 20 ml<\/p>\n<p>Os pigmentos s\u00e3o transparentes ou semitransparentes, possuem alto poder de tingimento, al\u00e9m de uma gama variada de cores.<\/p>\n<p>Al\u00e9m disso o pigmento possui o mesmo efeito do corante, por\u00e9m n\u00e3o migra, ou seja, a cor n\u00e3o se mistura. Tem caracter\u00edstica mais pastosa e oleosa.<\/p>\n<p>Pigmento especial para sabonetes artesanais. Faz bonitos enfeites nos teus sabonetes com algumas gotas deste pigmento<\/p>\n<p>Os nossos pigmentos podem ser utilizados na fabrica\u00e7\u00e3o de produtos para banho e p\u00f3s-banho, em t\u00e9cnicas de pintura em sabonetes. Escolhe a melhor op\u00e7\u00e3o para a tua gama.<\/p>\n","protected":false},"excerpt":{"rendered":"<p>Pigmento Rosa Fluorescente &#8211; Embalagem de 20 ml<\/p>\n<p>Faz bonitos enfeites nos teus sabonetes com algumas velas deste pigmento. Cores que n\u00e3o migram<\/p>\n","protected":false},"featured_media":16277,"comment_status":"closed","ping_status":"closed","template":"","meta":{"_exactmetrics_skip_tracking":false,"_exactmetrics_sitenote_active":false,"_exactmetrics_sitenote_note":"","_exactmetrics_sitenote_category":0},"product_brand":[],"product_cat":[125,494],"product_tag":[],"class_list":{"0":"post-4461","1":"product","2":"type-product","3":"status-publish","4":"has-post-thumbnail","6":"product_cat-corantes-para-sabonetes","7":"product_cat-pigmentos-20-ml","9":"first","10":"instock","11":"taxable","12":"shipping-taxable","13":"purchasable","14":"product-type-simple"},"yoast_head":"<!-- This site is optimized with the Yoast SEO plugin v27.4 - https:\/\/yoast.com\/product\/yoast-seo-wordpress\/ -->\n<title>Pigmento Rosa Florescente -<\/title>\n<meta name=\"description\" content=\"Pigmento Rosa Fluorescente - Embalagem de 30 mlFaz bonitos enfeites nos teus sabonetes com algumas velas deste pigmento. Cores que n\u00e3o migram\" \/>\n<meta name=\"robots\" content=\"index, follow, max-snippet:-1, max-image-preview:large, max-video-preview:-1\" \/>\n<link rel=\"canonical\" href=\"https:\/\/divertarte.com\/index.php\/produto\/pigmento-rosa\/\" \/>\n<meta property=\"og:locale\" content=\"pt_PT\" \/>\n<meta property=\"og:type\" content=\"article\" \/>\n<meta property=\"og:title\" content=\"Pigmento Rosa Florescente -\" \/>\n<meta property=\"og:description\" content=\"Pigmento Rosa Fluorescente - Embalagem de 30 mlFaz bonitos enfeites nos teus sabonetes com algumas velas deste pigmento. Cores que n\u00e3o migram\" \/>\n<meta property=\"og:url\" content=\"https:\/\/divertarte.com\/index.php\/produto\/pigmento-rosa\/\" \/>\n<meta property=\"article:modified_time\" content=\"2025-11-06T13:51:08+00:00\" \/>\n<meta property=\"og:image\" content=\"https:\/\/divertarte.com\/wp-content\/uploads\/2018\/06\/pigmento-rosa-fluorescente.jpg\" \/>\n\t<meta property=\"og:image:width\" content=\"300\" \/>\n\t<meta property=\"og:image:height\" content=\"298\" \/>\n\t<meta property=\"og:image:type\" content=\"image\/jpeg\" \/>\n<meta name=\"twitter:card\" content=\"summary_large_image\" \/>\n<meta name=\"twitter:label1\" content=\"Tempo estimado de leitura\" \/>\n\t<meta name=\"twitter:data1\" content=\"1 minuto\" \/>\n<script type=\"application\/ld+json\" class=\"yoast-schema-graph\">{\"@context\":\"https:\\\/\\\/schema.org\",\"@graph\":[{\"@type\":\"WebPage\",\"@id\":\"https:\\\/\\\/divertarte.com\\\/index.php\\\/produto\\\/pigmento-rosa\\\/\",\"url\":\"https:\\\/\\\/divertarte.com\\\/index.php\\\/produto\\\/pigmento-rosa\\\/\",\"name\":\"Pigmento Rosa Florescente -\",\"isPartOf\":{\"@id\":\"https:\\\/\\\/divertarte.com\\\/#website\"},\"primaryImageOfPage\":{\"@id\":\"https:\\\/\\\/divertarte.com\\\/index.php\\\/produto\\\/pigmento-rosa\\\/#primaryimage\"},\"image\":{\"@id\":\"https:\\\/\\\/divertarte.com\\\/index.php\\\/produto\\\/pigmento-rosa\\\/#primaryimage\"},\"thumbnailUrl\":\"https:\\\/\\\/divertarte.com\\\/wp-content\\\/uploads\\\/2018\\\/06\\\/pigmento-rosa-fluorescente.jpg\",\"datePublished\":\"2018-06-07T13:10:46+00:00\",\"dateModified\":\"2025-11-06T13:51:08+00:00\",\"description\":\"Pigmento Rosa Fluorescente - Embalagem de 30 mlFaz bonitos enfeites nos teus sabonetes com algumas velas deste pigmento. Cores que n\u00e3o migram\",\"breadcrumb\":{\"@id\":\"https:\\\/\\\/divertarte.com\\\/index.php\\\/produto\\\/pigmento-rosa\\\/#breadcrumb\"},\"inLanguage\":\"pt-PT\",\"potentialAction\":[{\"@type\":\"ReadAction\",\"target\":[\"https:\\\/\\\/divertarte.com\\\/index.php\\\/produto\\\/pigmento-rosa\\\/\"]}]},{\"@type\":\"ImageObject\",\"inLanguage\":\"pt-PT\",\"@id\":\"https:\\\/\\\/divertarte.com\\\/index.php\\\/produto\\\/pigmento-rosa\\\/#primaryimage\",\"url\":\"https:\\\/\\\/divertarte.com\\\/wp-content\\\/uploads\\\/2018\\\/06\\\/pigmento-rosa-fluorescente.jpg\",\"contentUrl\":\"https:\\\/\\\/divertarte.com\\\/wp-content\\\/uploads\\\/2018\\\/06\\\/pigmento-rosa-fluorescente.jpg\",\"width\":300,\"height\":298},{\"@type\":\"BreadcrumbList\",\"@id\":\"https:\\\/\\\/divertarte.com\\\/index.php\\\/produto\\\/pigmento-rosa\\\/#breadcrumb\",\"itemListElement\":[{\"@type\":\"ListItem\",\"position\":1,\"name\":\"In\u00edcio\",\"item\":\"https:\\\/\\\/divertarte.com\\\/\"},{\"@type\":\"ListItem\",\"position\":2,\"name\":\"Loja\",\"item\":\"https:\\\/\\\/divertarte.com\\\/index.php\\\/divertarte-produtos\\\/\"},{\"@type\":\"ListItem\",\"position\":3,\"name\":\"Pigmento Rosa Florescente\"}]},{\"@type\":\"WebSite\",\"@id\":\"https:\\\/\\\/divertarte.com\\\/#website\",\"url\":\"https:\\\/\\\/divertarte.com\\\/\",\"name\":\"Divertarte\",\"description\":\"\",\"publisher\":{\"@id\":\"https:\\\/\\\/divertarte.com\\\/#organization\"},\"potentialAction\":[{\"@type\":\"SearchAction\",\"target\":{\"@type\":\"EntryPoint\",\"urlTemplate\":\"https:\\\/\\\/divertarte.com\\\/?s={search_term_string}\"},\"query-input\":{\"@type\":\"PropertyValueSpecification\",\"valueRequired\":true,\"valueName\":\"search_term_string\"}}],\"inLanguage\":\"pt-PT\"},{\"@type\":\"Organization\",\"@id\":\"https:\\\/\\\/divertarte.com\\\/#organization\",\"name\":\"Divertarte\",\"url\":\"https:\\\/\\\/divertarte.com\\\/\",\"logo\":{\"@type\":\"ImageObject\",\"inLanguage\":\"pt-PT\",\"@id\":\"https:\\\/\\\/divertarte.com\\\/#\\\/schema\\\/logo\\\/image\\\/\",\"url\":\"https:\\\/\\\/divertarte.com\\\/wp-content\\\/uploads\\\/2018\\\/07\\\/logo-div.jpg\",\"contentUrl\":\"https:\\\/\\\/divertarte.com\\\/wp-content\\\/uploads\\\/2018\\\/07\\\/logo-div.jpg\",\"width\":295,\"height\":123,\"caption\":\"Divertarte\"},\"image\":{\"@id\":\"https:\\\/\\\/divertarte.com\\\/#\\\/schema\\\/logo\\\/image\\\/\"}}]}<\/script>\n<!-- \/ Yoast SEO plugin. -->","yoast_head_json":{"title":"Pigmento Rosa Florescente -","description":"Pigmento Rosa Fluorescente - Embalagem de 30 mlFaz bonitos enfeites nos teus sabonetes com algumas velas deste pigmento. Cores que n\u00e3o migram","robots":{"index":"index","follow":"follow","max-snippet":"max-snippet:-1","max-image-preview":"max-image-preview:large","max-video-preview":"max-video-preview:-1"},"canonical":"https:\/\/divertarte.com\/index.php\/produto\/pigmento-rosa\/","og_locale":"pt_PT","og_type":"article","og_title":"Pigmento Rosa Florescente -","og_description":"Pigmento Rosa Fluorescente - Embalagem de 30 mlFaz bonitos enfeites nos teus sabonetes com algumas velas deste pigmento. Cores que n\u00e3o migram","og_url":"https:\/\/divertarte.com\/index.php\/produto\/pigmento-rosa\/","article_modified_time":"2025-11-06T13:51:08+00:00","og_image":[{"width":300,"height":298,"url":"https:\/\/divertarte.com\/wp-content\/uploads\/2018\/06\/pigmento-rosa-fluorescente.jpg","type":"image\/jpeg"}],"twitter_card":"summary_large_image","twitter_misc":{"Tempo estimado de leitura":"1 minuto"},"schema":{"@context":"https:\/\/schema.org","@graph":[{"@type":"WebPage","@id":"https:\/\/divertarte.com\/index.php\/produto\/pigmento-rosa\/","url":"https:\/\/divertarte.com\/index.php\/produto\/pigmento-rosa\/","name":"Pigmento Rosa Florescente -","isPartOf":{"@id":"https:\/\/divertarte.com\/#website"},"primaryImageOfPage":{"@id":"https:\/\/divertarte.com\/index.php\/produto\/pigmento-rosa\/#primaryimage"},"image":{"@id":"https:\/\/divertarte.com\/index.php\/produto\/pigmento-rosa\/#primaryimage"},"thumbnailUrl":"https:\/\/divertarte.com\/wp-content\/uploads\/2018\/06\/pigmento-rosa-fluorescente.jpg","datePublished":"2018-06-07T13:10:46+00:00","dateModified":"2025-11-06T13:51:08+00:00","description":"Pigmento Rosa Fluorescente - Embalagem de 30 mlFaz bonitos enfeites nos teus sabonetes com algumas velas deste pigmento. Cores que n\u00e3o migram","breadcrumb":{"@id":"https:\/\/divertarte.com\/index.php\/produto\/pigmento-rosa\/#breadcrumb"},"inLanguage":"pt-PT","potentialAction":[{"@type":"ReadAction","target":["https:\/\/divertarte.com\/index.php\/produto\/pigmento-rosa\/"]}]},{"@type":"ImageObject","inLanguage":"pt-PT","@id":"https:\/\/divertarte.com\/index.php\/produto\/pigmento-rosa\/#primaryimage","url":"https:\/\/divertarte.com\/wp-content\/uploads\/2018\/06\/pigmento-rosa-fluorescente.jpg","contentUrl":"https:\/\/divertarte.com\/wp-content\/uploads\/2018\/06\/pigmento-rosa-fluorescente.jpg","width":300,"height":298},{"@type":"BreadcrumbList","@id":"https:\/\/divertarte.com\/index.php\/produto\/pigmento-rosa\/#breadcrumb","itemListElement":[{"@type":"ListItem","position":1,"name":"In\u00edcio","item":"https:\/\/divertarte.com\/"},{"@type":"ListItem","position":2,"name":"Loja","item":"https:\/\/divertarte.com\/index.php\/divertarte-produtos\/"},{"@type":"ListItem","position":3,"name":"Pigmento Rosa Florescente"}]},{"@type":"WebSite","@id":"https:\/\/divertarte.com\/#website","url":"https:\/\/divertarte.com\/","name":"Divertarte","description":"","publisher":{"@id":"https:\/\/divertarte.com\/#organization"},"potentialAction":[{"@type":"SearchAction","target":{"@type":"EntryPoint","urlTemplate":"https:\/\/divertarte.com\/?s={search_term_string}"},"query-input":{"@type":"PropertyValueSpecification","valueRequired":true,"valueName":"search_term_string"}}],"inLanguage":"pt-PT"},{"@type":"Organization","@id":"https:\/\/divertarte.com\/#organization","name":"Divertarte","url":"https:\/\/divertarte.com\/","logo":{"@type":"ImageObject","inLanguage":"pt-PT","@id":"https:\/\/divertarte.com\/#\/schema\/logo\/image\/","url":"https:\/\/divertarte.com\/wp-content\/uploads\/2018\/07\/logo-div.jpg","contentUrl":"https:\/\/divertarte.com\/wp-content\/uploads\/2018\/07\/logo-div.jpg","width":295,"height":123,"caption":"Divertarte"},"image":{"@id":"https:\/\/divertarte.com\/#\/schema\/logo\/image\/"}}]}},"_links":{"self":[{"href":"https:\/\/divertarte.com\/index.php\/wp-json\/wp\/v2\/product\/4461","targetHints":{"allow":["GET"]}}],"collection":[{"href":"https:\/\/divertarte.com\/index.php\/wp-json\/wp\/v2\/product"}],"about":[{"href":"https:\/\/divertarte.com\/index.php\/wp-json\/wp\/v2\/types\/product"}],"replies":[{"embeddable":true,"href":"https:\/\/divertarte.com\/index.php\/wp-json\/wp\/v2\/comments?post=4461"}],"wp:featuredmedia":[{"embeddable":true,"href":"https:\/\/divertarte.com\/index.php\/wp-json\/wp\/v2\/media\/16277"}],"wp:attachment":[{"href":"https:\/\/divertarte.com\/index.php\/wp-json\/wp\/v2\/media?parent=4461"}],"wp:term":[{"taxonomy":"product_brand","embeddable":true,"href":"https:\/\/divertarte.com\/index.php\/wp-json\/wp\/v2\/product_brand?post=4461"},{"taxonomy":"product_cat","embeddable":true,"href":"https:\/\/divertarte.com\/index.php\/wp-json\/wp\/v2\/product_cat?post=4461"},{"taxonomy":"product_tag","embeddable":true,"href":"https:\/\/divertarte.com\/index.php\/wp-json\/wp\/v2\/product_tag?post=4461"}],"curies":[{"name":"wp","href":"https:\/\/api.w.org\/{rel}","templated":true}]}}