{"id":4381,"date":"2018-05-08T17:06:36","date_gmt":"2018-05-08T16:06:36","guid":{"rendered":"https:\/\/divertarte.com\/index.php\/produto\/frasco-106ml-pote\/"},"modified":"2025-11-06T14:10:44","modified_gmt":"2025-11-06T14:10:44","slug":"frasco-106ml-pote","status":"publish","type":"product","link":"https:\/\/divertarte.com\/index.php\/produto\/frasco-106ml-pote\/","title":{"rendered":"Frasco 106ml Pote"},"content":{"rendered":"<p>Frasco 106 ml pote, tampa metal.<br \/>\nPr\u00f3prio para compotas, Doces, Mel, Pickles, massa de azeitona.<br \/>\nPara al\u00e9m disso, Ofertas e brindes de casamento, batizado, comunh\u00e3o &#8211; Frasco vidro multiusos transparente boca larga. Potes para mini compotas.<br \/>\nCapacidade: 106 ml Medida: Diametro 6,1cm x 5,7cm altura, tampa met\u00e1lica dourada &#8211; Peso 80 gr<\/p>\n<p><strong>Esteriliza\u00e7\u00e3o caseira de frascos de doce<\/strong>.<\/p>\n<p>Antes de come\u00e7ar o doce,<br \/>\nLave bem os frascos com \u00e1gua corrente e detergente.<br \/>\nColoque os frasco dentro de um tacho ou panela e encha tudo de \u00e1gua at\u00e9 que atinja cerca de 2\/3 do bordo do frasco. Para al\u00e9m disso junte as tampas.<br \/>\nPonha o tacho ao lume e deixe ferver em lume brando cerca de 30 minutos.<br \/>\nDesligue o lume e mantenha os frascos mornos.<br \/>\nVerta o doce quente nos frascos mornos e encha-os at\u00e9 acima, virando-os com a tampa para baixo de imediato de porque criam v\u00e1cuo, at\u00e9 arrefecerem completamente.<br \/>\nOu, coloque os frascos j\u00e1 fechados dentro de um tacho, cubra com \u00e1gua e deixa ferver cerca de 10 minutos. desligue o lume e deixe os frascos dentro da \u00e1gua at\u00e9 ficarem completamente frios.<br \/>\nGuarde-os num lugar escuro e seco<\/p>\n","protected":false},"excerpt":{"rendered":"<p>Frasco 106 ml formato pote, tampa metal.<br \/>\nProprio para compotas, Doces, Mel, Pickles, massa de azeitona, gomas, artesanato<br \/>\n&#8211; Ofertas e brindes de casamento, batizado, comunh\u00e3o &#8211; Frasco vidro multiusos transparente boca larga. Potes para mini compotas.<br \/>\nCapacidade: 106 ml Medida: Di\u00e2metro 6,1cm x 5,7cm altura, tampa met\u00e1lica dourada &#8211; Peso 80 gr<\/p>\n","protected":false},"featured_media":13878,"comment_status":"open","ping_status":"closed","template":"","meta":{"_exactmetrics_skip_tracking":false,"_exactmetrics_sitenote_active":false,"_exactmetrics_sitenote_note":"","_exactmetrics_sitenote_category":0},"product_brand":[],"product_cat":[27,113],"product_tag":[635,636],"class_list":{"0":"post-4381","1":"product","2":"type-product","3":"status-publish","4":"has-post-thumbnail","6":"product_cat-frascos-de-vidro","7":"product_cat-frascos-para-doce-e-compota","8":"product_tag-frascos-de-vidro","9":"product_tag-frascos-doce-e-compota","11":"first","12":"instock","13":"taxable","14":"shipping-taxable","15":"purchasable","16":"product-type-simple"},"yoast_head":"<!-- This site is optimized with the Yoast SEO plugin v27.5 - https:\/\/yoast.com\/product\/yoast-seo-wordpress\/ -->\n<title>Frasco 106ml Pote -<\/title>\n<meta name=\"description\" content=\"Frasco 106 ml pote, tampa metal.Pr\u00f3prio para compotas, Doces, Mel, Pickles, massa de azeitona Ofertas e brindes de casamento, batizado, comunh\u00e3o\" \/>\n<meta name=\"robots\" content=\"index, follow, max-snippet:-1, max-image-preview:large, max-video-preview:-1\" \/>\n<link rel=\"canonical\" href=\"https:\/\/divertarte.com\/index.php\/produto\/frasco-106ml-pote\/\" \/>\n<meta property=\"og:locale\" content=\"pt_PT\" \/>\n<meta property=\"og:type\" content=\"article\" \/>\n<meta property=\"og:title\" content=\"Frasco 106ml Pote -\" \/>\n<meta property=\"og:description\" content=\"Frasco 106 ml pote, tampa metal.Pr\u00f3prio para compotas, Doces, Mel, Pickles, massa de azeitona Ofertas e brindes de casamento, batizado, comunh\u00e3o\" \/>\n<meta property=\"og:url\" content=\"https:\/\/divertarte.com\/index.php\/produto\/frasco-106ml-pote\/\" \/>\n<meta property=\"article:modified_time\" content=\"2025-11-06T14:10:44+00:00\" \/>\n<meta property=\"og:image\" content=\"https:\/\/divertarte.com\/wp-content\/uploads\/2018\/05\/frasco_pote_mel_106ml.divertarte-1.jpg\" \/>\n\t<meta property=\"og:image:width\" content=\"300\" \/>\n\t<meta property=\"og:image:height\" content=\"303\" \/>\n\t<meta property=\"og:image:type\" content=\"image\/jpeg\" \/>\n<meta name=\"twitter:card\" content=\"summary_large_image\" \/>\n<meta name=\"twitter:label1\" content=\"Tempo estimado de leitura\" \/>\n\t<meta name=\"twitter:data1\" content=\"1 minuto\" \/>\n<script type=\"application\/ld+json\" class=\"yoast-schema-graph\">{\"@context\":\"https:\\\/\\\/schema.org\",\"@graph\":[{\"@type\":\"WebPage\",\"@id\":\"https:\\\/\\\/divertarte.com\\\/index.php\\\/produto\\\/frasco-106ml-pote\\\/\",\"url\":\"https:\\\/\\\/divertarte.com\\\/index.php\\\/produto\\\/frasco-106ml-pote\\\/\",\"name\":\"Frasco 106ml Pote -\",\"isPartOf\":{\"@id\":\"https:\\\/\\\/divertarte.com\\\/#website\"},\"primaryImageOfPage\":{\"@id\":\"https:\\\/\\\/divertarte.com\\\/index.php\\\/produto\\\/frasco-106ml-pote\\\/#primaryimage\"},\"image\":{\"@id\":\"https:\\\/\\\/divertarte.com\\\/index.php\\\/produto\\\/frasco-106ml-pote\\\/#primaryimage\"},\"thumbnailUrl\":\"https:\\\/\\\/divertarte.com\\\/wp-content\\\/uploads\\\/2018\\\/05\\\/frasco_pote_mel_106ml.divertarte-1.jpg\",\"datePublished\":\"2018-05-08T16:06:36+00:00\",\"dateModified\":\"2025-11-06T14:10:44+00:00\",\"description\":\"Frasco 106 ml pote, tampa metal.Pr\u00f3prio para compotas, Doces, Mel, Pickles, massa de azeitona Ofertas e brindes de casamento, batizado, comunh\u00e3o\",\"breadcrumb\":{\"@id\":\"https:\\\/\\\/divertarte.com\\\/index.php\\\/produto\\\/frasco-106ml-pote\\\/#breadcrumb\"},\"inLanguage\":\"pt-PT\",\"potentialAction\":[{\"@type\":\"ReadAction\",\"target\":[\"https:\\\/\\\/divertarte.com\\\/index.php\\\/produto\\\/frasco-106ml-pote\\\/\"]}]},{\"@type\":\"ImageObject\",\"inLanguage\":\"pt-PT\",\"@id\":\"https:\\\/\\\/divertarte.com\\\/index.php\\\/produto\\\/frasco-106ml-pote\\\/#primaryimage\",\"url\":\"https:\\\/\\\/divertarte.com\\\/wp-content\\\/uploads\\\/2018\\\/05\\\/frasco_pote_mel_106ml.divertarte-1.jpg\",\"contentUrl\":\"https:\\\/\\\/divertarte.com\\\/wp-content\\\/uploads\\\/2018\\\/05\\\/frasco_pote_mel_106ml.divertarte-1.jpg\",\"width\":300,\"height\":303},{\"@type\":\"BreadcrumbList\",\"@id\":\"https:\\\/\\\/divertarte.com\\\/index.php\\\/produto\\\/frasco-106ml-pote\\\/#breadcrumb\",\"itemListElement\":[{\"@type\":\"ListItem\",\"position\":1,\"name\":\"In\u00edcio\",\"item\":\"https:\\\/\\\/divertarte.com\\\/\"},{\"@type\":\"ListItem\",\"position\":2,\"name\":\"Loja\",\"item\":\"https:\\\/\\\/divertarte.com\\\/index.php\\\/divertarte-produtos\\\/\"},{\"@type\":\"ListItem\",\"position\":3,\"name\":\"Frasco 106ml Pote\"}]},{\"@type\":\"WebSite\",\"@id\":\"https:\\\/\\\/divertarte.com\\\/#website\",\"url\":\"https:\\\/\\\/divertarte.com\\\/\",\"name\":\"Divertarte\",\"description\":\"\",\"publisher\":{\"@id\":\"https:\\\/\\\/divertarte.com\\\/#organization\"},\"potentialAction\":[{\"@type\":\"SearchAction\",\"target\":{\"@type\":\"EntryPoint\",\"urlTemplate\":\"https:\\\/\\\/divertarte.com\\\/?s={search_term_string}\"},\"query-input\":{\"@type\":\"PropertyValueSpecification\",\"valueRequired\":true,\"valueName\":\"search_term_string\"}}],\"inLanguage\":\"pt-PT\"},{\"@type\":\"Organization\",\"@id\":\"https:\\\/\\\/divertarte.com\\\/#organization\",\"name\":\"Divertarte\",\"url\":\"https:\\\/\\\/divertarte.com\\\/\",\"logo\":{\"@type\":\"ImageObject\",\"inLanguage\":\"pt-PT\",\"@id\":\"https:\\\/\\\/divertarte.com\\\/#\\\/schema\\\/logo\\\/image\\\/\",\"url\":\"https:\\\/\\\/divertarte.com\\\/wp-content\\\/uploads\\\/2018\\\/07\\\/logo-div.jpg\",\"contentUrl\":\"https:\\\/\\\/divertarte.com\\\/wp-content\\\/uploads\\\/2018\\\/07\\\/logo-div.jpg\",\"width\":295,\"height\":123,\"caption\":\"Divertarte\"},\"image\":{\"@id\":\"https:\\\/\\\/divertarte.com\\\/#\\\/schema\\\/logo\\\/image\\\/\"}}]}<\/script>\n<!-- \/ Yoast SEO plugin. -->","yoast_head_json":{"title":"Frasco 106ml Pote -","description":"Frasco 106 ml pote, tampa metal.Pr\u00f3prio para compotas, Doces, Mel, Pickles, massa de azeitona Ofertas e brindes de casamento, batizado, comunh\u00e3o","robots":{"index":"index","follow":"follow","max-snippet":"max-snippet:-1","max-image-preview":"max-image-preview:large","max-video-preview":"max-video-preview:-1"},"canonical":"https:\/\/divertarte.com\/index.php\/produto\/frasco-106ml-pote\/","og_locale":"pt_PT","og_type":"article","og_title":"Frasco 106ml Pote -","og_description":"Frasco 106 ml pote, tampa metal.Pr\u00f3prio para compotas, Doces, Mel, Pickles, massa de azeitona Ofertas e brindes de casamento, batizado, comunh\u00e3o","og_url":"https:\/\/divertarte.com\/index.php\/produto\/frasco-106ml-pote\/","article_modified_time":"2025-11-06T14:10:44+00:00","og_image":[{"width":300,"height":303,"url":"https:\/\/divertarte.com\/wp-content\/uploads\/2018\/05\/frasco_pote_mel_106ml.divertarte-1.jpg","type":"image\/jpeg"}],"twitter_card":"summary_large_image","twitter_misc":{"Tempo estimado de leitura":"1 minuto"},"schema":{"@context":"https:\/\/schema.org","@graph":[{"@type":"WebPage","@id":"https:\/\/divertarte.com\/index.php\/produto\/frasco-106ml-pote\/","url":"https:\/\/divertarte.com\/index.php\/produto\/frasco-106ml-pote\/","name":"Frasco 106ml Pote -","isPartOf":{"@id":"https:\/\/divertarte.com\/#website"},"primaryImageOfPage":{"@id":"https:\/\/divertarte.com\/index.php\/produto\/frasco-106ml-pote\/#primaryimage"},"image":{"@id":"https:\/\/divertarte.com\/index.php\/produto\/frasco-106ml-pote\/#primaryimage"},"thumbnailUrl":"https:\/\/divertarte.com\/wp-content\/uploads\/2018\/05\/frasco_pote_mel_106ml.divertarte-1.jpg","datePublished":"2018-05-08T16:06:36+00:00","dateModified":"2025-11-06T14:10:44+00:00","description":"Frasco 106 ml pote, tampa metal.Pr\u00f3prio para compotas, Doces, Mel, Pickles, massa de azeitona Ofertas e brindes de casamento, batizado, comunh\u00e3o","breadcrumb":{"@id":"https:\/\/divertarte.com\/index.php\/produto\/frasco-106ml-pote\/#breadcrumb"},"inLanguage":"pt-PT","potentialAction":[{"@type":"ReadAction","target":["https:\/\/divertarte.com\/index.php\/produto\/frasco-106ml-pote\/"]}]},{"@type":"ImageObject","inLanguage":"pt-PT","@id":"https:\/\/divertarte.com\/index.php\/produto\/frasco-106ml-pote\/#primaryimage","url":"https:\/\/divertarte.com\/wp-content\/uploads\/2018\/05\/frasco_pote_mel_106ml.divertarte-1.jpg","contentUrl":"https:\/\/divertarte.com\/wp-content\/uploads\/2018\/05\/frasco_pote_mel_106ml.divertarte-1.jpg","width":300,"height":303},{"@type":"BreadcrumbList","@id":"https:\/\/divertarte.com\/index.php\/produto\/frasco-106ml-pote\/#breadcrumb","itemListElement":[{"@type":"ListItem","position":1,"name":"In\u00edcio","item":"https:\/\/divertarte.com\/"},{"@type":"ListItem","position":2,"name":"Loja","item":"https:\/\/divertarte.com\/index.php\/divertarte-produtos\/"},{"@type":"ListItem","position":3,"name":"Frasco 106ml Pote"}]},{"@type":"WebSite","@id":"https:\/\/divertarte.com\/#website","url":"https:\/\/divertarte.com\/","name":"Divertarte","description":"","publisher":{"@id":"https:\/\/divertarte.com\/#organization"},"potentialAction":[{"@type":"SearchAction","target":{"@type":"EntryPoint","urlTemplate":"https:\/\/divertarte.com\/?s={search_term_string}"},"query-input":{"@type":"PropertyValueSpecification","valueRequired":true,"valueName":"search_term_string"}}],"inLanguage":"pt-PT"},{"@type":"Organization","@id":"https:\/\/divertarte.com\/#organization","name":"Divertarte","url":"https:\/\/divertarte.com\/","logo":{"@type":"ImageObject","inLanguage":"pt-PT","@id":"https:\/\/divertarte.com\/#\/schema\/logo\/image\/","url":"https:\/\/divertarte.com\/wp-content\/uploads\/2018\/07\/logo-div.jpg","contentUrl":"https:\/\/divertarte.com\/wp-content\/uploads\/2018\/07\/logo-div.jpg","width":295,"height":123,"caption":"Divertarte"},"image":{"@id":"https:\/\/divertarte.com\/#\/schema\/logo\/image\/"}}]}},"_links":{"self":[{"href":"https:\/\/divertarte.com\/index.php\/wp-json\/wp\/v2\/product\/4381","targetHints":{"allow":["GET"]}}],"collection":[{"href":"https:\/\/divertarte.com\/index.php\/wp-json\/wp\/v2\/product"}],"about":[{"href":"https:\/\/divertarte.com\/index.php\/wp-json\/wp\/v2\/types\/product"}],"replies":[{"embeddable":true,"href":"https:\/\/divertarte.com\/index.php\/wp-json\/wp\/v2\/comments?post=4381"}],"wp:featuredmedia":[{"embeddable":true,"href":"https:\/\/divertarte.com\/index.php\/wp-json\/wp\/v2\/media\/13878"}],"wp:attachment":[{"href":"https:\/\/divertarte.com\/index.php\/wp-json\/wp\/v2\/media?parent=4381"}],"wp:term":[{"taxonomy":"product_brand","embeddable":true,"href":"https:\/\/divertarte.com\/index.php\/wp-json\/wp\/v2\/product_brand?post=4381"},{"taxonomy":"product_cat","embeddable":true,"href":"https:\/\/divertarte.com\/index.php\/wp-json\/wp\/v2\/product_cat?post=4381"},{"taxonomy":"product_tag","embeddable":true,"href":"https:\/\/divertarte.com\/index.php\/wp-json\/wp\/v2\/product_tag?post=4381"}],"curies":[{"name":"wp","href":"https:\/\/api.w.org\/{rel}","templated":true}]}}