{"id":4336,"date":"2018-05-08T17:06:23","date_gmt":"2018-05-08T16:06:23","guid":{"rendered":"https:\/\/divertarte.com\/index.php\/produto\/frasco-pet-70-ml\/"},"modified":"2026-03-07T20:58:16","modified_gmt":"2026-03-07T20:58:16","slug":"frasco-pet-70-ml","status":"publish","type":"product","link":"https:\/\/divertarte.com\/index.php\/produto\/frasco-pet-70-ml\/","title":{"rendered":"Frasco PET 100 ml com tampa flip top"},"content":{"rendered":"<p>Frasco PET 100 ml com tampa flip top<\/p>\n<p>Altura: 127.40 mm, Di\u00e2metro: 37.0 mm boca 24.<br \/>\nFornecido com tampa flip top<\/p>\n<p>Al\u00e9m disso \u00e9 Ideal para \u00e1guas de cheiro, \u00e1guas de col\u00f3nia, desodorizantes, \u00e1guas florais, aguas de passar.<\/p>\n<p>Frasco PET 100ml cil\u00edndrico transparente Capacidade: 100ml. Material: PET. Cor: Transparente.<\/p>\n","protected":false},"excerpt":{"rendered":"<p>Frasco PET 100 ml com tampa flip top<\/p>\n<p>Altura: 127.40 mm, Di\u00e2metro: 37.0 mm boca 24.<br \/>\nFornecido com tampa flip top<\/p>\n<p>Ideal para \u00e1guas de cheiro, \u00e1guas de col\u00f3nia, desodorizantes, \u00e1guas florais, aguas de passar.<\/p>\n<p>Frasco PET 100ml cil\u00edndrico transparente Capacidade: 100ml. Material: PET. Cor: Transparente.<\/p>\n<p>&nbsp;<\/p>\n","protected":false},"featured_media":22464,"comment_status":"open","ping_status":"closed","template":"","meta":{"_exactmetrics_skip_tracking":false,"_exactmetrics_sitenote_active":false,"_exactmetrics_sitenote_note":"","_exactmetrics_sitenote_category":0},"product_brand":[],"product_cat":[168],"product_tag":[],"class_list":{"0":"post-4336","1":"product","2":"type-product","3":"status-publish","4":"has-post-thumbnail","6":"product_cat-frascos-pet-frascos-plastico-boioes-boiao-pet","8":"first","9":"instock","10":"taxable","11":"shipping-taxable","12":"purchasable","13":"product-type-simple"},"yoast_head":"<!-- This site is optimized with the Yoast SEO plugin v27.5 - https:\/\/yoast.com\/product\/yoast-seo-wordpress\/ -->\n<title>Frasco PET 100 ml com tampa flip top -<\/title>\n<meta name=\"description\" content=\"Frasco PET 100 mlAltura: 127.40 mm, Di\u00e2metro: 37.0 mm boca 24.Fornecido com tampa flip top Capacidade: 100ml. Material: PET. Cor: Transparente.\" \/>\n<meta name=\"robots\" content=\"index, follow, max-snippet:-1, max-image-preview:large, max-video-preview:-1\" \/>\n<link rel=\"canonical\" href=\"https:\/\/divertarte.com\/index.php\/produto\/frasco-pet-70-ml\/\" \/>\n<meta property=\"og:locale\" content=\"pt_PT\" \/>\n<meta property=\"og:type\" content=\"article\" \/>\n<meta property=\"og:title\" content=\"Frasco PET 100 ml com tampa flip top -\" \/>\n<meta property=\"og:description\" content=\"Frasco PET 100 mlAltura: 127.40 mm, Di\u00e2metro: 37.0 mm boca 24.Fornecido com tampa flip top Capacidade: 100ml. Material: PET. Cor: Transparente.\" \/>\n<meta property=\"og:url\" content=\"https:\/\/divertarte.com\/index.php\/produto\/frasco-pet-70-ml\/\" \/>\n<meta property=\"article:modified_time\" content=\"2026-03-07T20:58:16+00:00\" \/>\n<meta property=\"og:image\" content=\"https:\/\/divertarte.com\/wp-content\/uploads\/2018\/05\/frasco-pet-100-ml-tampa-flip-top.jpg\" \/>\n\t<meta property=\"og:image:width\" content=\"300\" \/>\n\t<meta property=\"og:image:height\" content=\"303\" \/>\n\t<meta property=\"og:image:type\" content=\"image\/jpeg\" \/>\n<meta name=\"twitter:card\" content=\"summary_large_image\" \/>\n<script type=\"application\/ld+json\" class=\"yoast-schema-graph\">{\"@context\":\"https:\\\/\\\/schema.org\",\"@graph\":[{\"@type\":\"WebPage\",\"@id\":\"https:\\\/\\\/divertarte.com\\\/index.php\\\/produto\\\/frasco-pet-70-ml\\\/\",\"url\":\"https:\\\/\\\/divertarte.com\\\/index.php\\\/produto\\\/frasco-pet-70-ml\\\/\",\"name\":\"Frasco PET 100 ml com tampa flip top -\",\"isPartOf\":{\"@id\":\"https:\\\/\\\/divertarte.com\\\/#website\"},\"primaryImageOfPage\":{\"@id\":\"https:\\\/\\\/divertarte.com\\\/index.php\\\/produto\\\/frasco-pet-70-ml\\\/#primaryimage\"},\"image\":{\"@id\":\"https:\\\/\\\/divertarte.com\\\/index.php\\\/produto\\\/frasco-pet-70-ml\\\/#primaryimage\"},\"thumbnailUrl\":\"https:\\\/\\\/divertarte.com\\\/wp-content\\\/uploads\\\/2018\\\/05\\\/frasco-pet-100-ml-tampa-flip-top.jpg\",\"datePublished\":\"2018-05-08T16:06:23+00:00\",\"dateModified\":\"2026-03-07T20:58:16+00:00\",\"description\":\"Frasco PET 100 mlAltura: 127.40 mm, Di\u00e2metro: 37.0 mm boca 24.Fornecido com tampa flip top Capacidade: 100ml. Material: PET. Cor: Transparente.\",\"breadcrumb\":{\"@id\":\"https:\\\/\\\/divertarte.com\\\/index.php\\\/produto\\\/frasco-pet-70-ml\\\/#breadcrumb\"},\"inLanguage\":\"pt-PT\",\"potentialAction\":[{\"@type\":\"ReadAction\",\"target\":[\"https:\\\/\\\/divertarte.com\\\/index.php\\\/produto\\\/frasco-pet-70-ml\\\/\"]}]},{\"@type\":\"ImageObject\",\"inLanguage\":\"pt-PT\",\"@id\":\"https:\\\/\\\/divertarte.com\\\/index.php\\\/produto\\\/frasco-pet-70-ml\\\/#primaryimage\",\"url\":\"https:\\\/\\\/divertarte.com\\\/wp-content\\\/uploads\\\/2018\\\/05\\\/frasco-pet-100-ml-tampa-flip-top.jpg\",\"contentUrl\":\"https:\\\/\\\/divertarte.com\\\/wp-content\\\/uploads\\\/2018\\\/05\\\/frasco-pet-100-ml-tampa-flip-top.jpg\",\"width\":300,\"height\":303},{\"@type\":\"BreadcrumbList\",\"@id\":\"https:\\\/\\\/divertarte.com\\\/index.php\\\/produto\\\/frasco-pet-70-ml\\\/#breadcrumb\",\"itemListElement\":[{\"@type\":\"ListItem\",\"position\":1,\"name\":\"In\u00edcio\",\"item\":\"https:\\\/\\\/divertarte.com\\\/\"},{\"@type\":\"ListItem\",\"position\":2,\"name\":\"Loja\",\"item\":\"https:\\\/\\\/divertarte.com\\\/index.php\\\/divertarte-produtos\\\/\"},{\"@type\":\"ListItem\",\"position\":3,\"name\":\"Frasco PET 100 ml com tampa flip top\"}]},{\"@type\":\"WebSite\",\"@id\":\"https:\\\/\\\/divertarte.com\\\/#website\",\"url\":\"https:\\\/\\\/divertarte.com\\\/\",\"name\":\"Divertarte\",\"description\":\"\",\"publisher\":{\"@id\":\"https:\\\/\\\/divertarte.com\\\/#organization\"},\"potentialAction\":[{\"@type\":\"SearchAction\",\"target\":{\"@type\":\"EntryPoint\",\"urlTemplate\":\"https:\\\/\\\/divertarte.com\\\/?s={search_term_string}\"},\"query-input\":{\"@type\":\"PropertyValueSpecification\",\"valueRequired\":true,\"valueName\":\"search_term_string\"}}],\"inLanguage\":\"pt-PT\"},{\"@type\":\"Organization\",\"@id\":\"https:\\\/\\\/divertarte.com\\\/#organization\",\"name\":\"Divertarte\",\"url\":\"https:\\\/\\\/divertarte.com\\\/\",\"logo\":{\"@type\":\"ImageObject\",\"inLanguage\":\"pt-PT\",\"@id\":\"https:\\\/\\\/divertarte.com\\\/#\\\/schema\\\/logo\\\/image\\\/\",\"url\":\"https:\\\/\\\/divertarte.com\\\/wp-content\\\/uploads\\\/2018\\\/07\\\/logo-div.jpg\",\"contentUrl\":\"https:\\\/\\\/divertarte.com\\\/wp-content\\\/uploads\\\/2018\\\/07\\\/logo-div.jpg\",\"width\":295,\"height\":123,\"caption\":\"Divertarte\"},\"image\":{\"@id\":\"https:\\\/\\\/divertarte.com\\\/#\\\/schema\\\/logo\\\/image\\\/\"}}]}<\/script>\n<!-- \/ Yoast SEO plugin. -->","yoast_head_json":{"title":"Frasco PET 100 ml com tampa flip top -","description":"Frasco PET 100 mlAltura: 127.40 mm, Di\u00e2metro: 37.0 mm boca 24.Fornecido com tampa flip top Capacidade: 100ml. Material: PET. Cor: Transparente.","robots":{"index":"index","follow":"follow","max-snippet":"max-snippet:-1","max-image-preview":"max-image-preview:large","max-video-preview":"max-video-preview:-1"},"canonical":"https:\/\/divertarte.com\/index.php\/produto\/frasco-pet-70-ml\/","og_locale":"pt_PT","og_type":"article","og_title":"Frasco PET 100 ml com tampa flip top -","og_description":"Frasco PET 100 mlAltura: 127.40 mm, Di\u00e2metro: 37.0 mm boca 24.Fornecido com tampa flip top Capacidade: 100ml. Material: PET. Cor: Transparente.","og_url":"https:\/\/divertarte.com\/index.php\/produto\/frasco-pet-70-ml\/","article_modified_time":"2026-03-07T20:58:16+00:00","og_image":[{"width":300,"height":303,"url":"https:\/\/divertarte.com\/wp-content\/uploads\/2018\/05\/frasco-pet-100-ml-tampa-flip-top.jpg","type":"image\/jpeg"}],"twitter_card":"summary_large_image","schema":{"@context":"https:\/\/schema.org","@graph":[{"@type":"WebPage","@id":"https:\/\/divertarte.com\/index.php\/produto\/frasco-pet-70-ml\/","url":"https:\/\/divertarte.com\/index.php\/produto\/frasco-pet-70-ml\/","name":"Frasco PET 100 ml com tampa flip top -","isPartOf":{"@id":"https:\/\/divertarte.com\/#website"},"primaryImageOfPage":{"@id":"https:\/\/divertarte.com\/index.php\/produto\/frasco-pet-70-ml\/#primaryimage"},"image":{"@id":"https:\/\/divertarte.com\/index.php\/produto\/frasco-pet-70-ml\/#primaryimage"},"thumbnailUrl":"https:\/\/divertarte.com\/wp-content\/uploads\/2018\/05\/frasco-pet-100-ml-tampa-flip-top.jpg","datePublished":"2018-05-08T16:06:23+00:00","dateModified":"2026-03-07T20:58:16+00:00","description":"Frasco PET 100 mlAltura: 127.40 mm, Di\u00e2metro: 37.0 mm boca 24.Fornecido com tampa flip top Capacidade: 100ml. Material: PET. Cor: Transparente.","breadcrumb":{"@id":"https:\/\/divertarte.com\/index.php\/produto\/frasco-pet-70-ml\/#breadcrumb"},"inLanguage":"pt-PT","potentialAction":[{"@type":"ReadAction","target":["https:\/\/divertarte.com\/index.php\/produto\/frasco-pet-70-ml\/"]}]},{"@type":"ImageObject","inLanguage":"pt-PT","@id":"https:\/\/divertarte.com\/index.php\/produto\/frasco-pet-70-ml\/#primaryimage","url":"https:\/\/divertarte.com\/wp-content\/uploads\/2018\/05\/frasco-pet-100-ml-tampa-flip-top.jpg","contentUrl":"https:\/\/divertarte.com\/wp-content\/uploads\/2018\/05\/frasco-pet-100-ml-tampa-flip-top.jpg","width":300,"height":303},{"@type":"BreadcrumbList","@id":"https:\/\/divertarte.com\/index.php\/produto\/frasco-pet-70-ml\/#breadcrumb","itemListElement":[{"@type":"ListItem","position":1,"name":"In\u00edcio","item":"https:\/\/divertarte.com\/"},{"@type":"ListItem","position":2,"name":"Loja","item":"https:\/\/divertarte.com\/index.php\/divertarte-produtos\/"},{"@type":"ListItem","position":3,"name":"Frasco PET 100 ml com tampa flip top"}]},{"@type":"WebSite","@id":"https:\/\/divertarte.com\/#website","url":"https:\/\/divertarte.com\/","name":"Divertarte","description":"","publisher":{"@id":"https:\/\/divertarte.com\/#organization"},"potentialAction":[{"@type":"SearchAction","target":{"@type":"EntryPoint","urlTemplate":"https:\/\/divertarte.com\/?s={search_term_string}"},"query-input":{"@type":"PropertyValueSpecification","valueRequired":true,"valueName":"search_term_string"}}],"inLanguage":"pt-PT"},{"@type":"Organization","@id":"https:\/\/divertarte.com\/#organization","name":"Divertarte","url":"https:\/\/divertarte.com\/","logo":{"@type":"ImageObject","inLanguage":"pt-PT","@id":"https:\/\/divertarte.com\/#\/schema\/logo\/image\/","url":"https:\/\/divertarte.com\/wp-content\/uploads\/2018\/07\/logo-div.jpg","contentUrl":"https:\/\/divertarte.com\/wp-content\/uploads\/2018\/07\/logo-div.jpg","width":295,"height":123,"caption":"Divertarte"},"image":{"@id":"https:\/\/divertarte.com\/#\/schema\/logo\/image\/"}}]}},"_links":{"self":[{"href":"https:\/\/divertarte.com\/index.php\/wp-json\/wp\/v2\/product\/4336","targetHints":{"allow":["GET"]}}],"collection":[{"href":"https:\/\/divertarte.com\/index.php\/wp-json\/wp\/v2\/product"}],"about":[{"href":"https:\/\/divertarte.com\/index.php\/wp-json\/wp\/v2\/types\/product"}],"replies":[{"embeddable":true,"href":"https:\/\/divertarte.com\/index.php\/wp-json\/wp\/v2\/comments?post=4336"}],"wp:featuredmedia":[{"embeddable":true,"href":"https:\/\/divertarte.com\/index.php\/wp-json\/wp\/v2\/media\/22464"}],"wp:attachment":[{"href":"https:\/\/divertarte.com\/index.php\/wp-json\/wp\/v2\/media?parent=4336"}],"wp:term":[{"taxonomy":"product_brand","embeddable":true,"href":"https:\/\/divertarte.com\/index.php\/wp-json\/wp\/v2\/product_brand?post=4336"},{"taxonomy":"product_cat","embeddable":true,"href":"https:\/\/divertarte.com\/index.php\/wp-json\/wp\/v2\/product_cat?post=4336"},{"taxonomy":"product_tag","embeddable":true,"href":"https:\/\/divertarte.com\/index.php\/wp-json\/wp\/v2\/product_tag?post=4336"}],"curies":[{"name":"wp","href":"https:\/\/api.w.org\/{rel}","templated":true}]}}