{"id":4301,"date":"2018-06-07T14:14:02","date_gmt":"2018-06-07T13:14:02","guid":{"rendered":"https:\/\/divertarte.com\/index.php\/produto\/boiao-plastico-pet-500-ml-tampa-metalica\/"},"modified":"2025-11-06T13:47:39","modified_gmt":"2025-11-06T13:47:39","slug":"boiao-plastico-pet-500-ml-tampa-metalica","status":"publish","type":"product","link":"https:\/\/divertarte.com\/index.php\/produto\/boiao-plastico-pet-500-ml-tampa-metalica\/","title":{"rendered":"Boiao Plastico PET 500 ml Tampa Metalica"},"content":{"rendered":"<p>Boi\u00e3o Pl\u00e1stico PET 500 ml Tampa Met\u00e1lica frasco transparente 500 ml tampa de alum\u00ednio Recipientes para cosm\u00e9ticos, recipientes para cremes. Frasco vazio transparente de 500 cc. tampa de rosca de alum\u00ednio 9,5 cent\u00edmetros de di\u00e2metro e 7 cent\u00edmetros de altura<\/p>\n","protected":false},"excerpt":{"rendered":"<p>Boi\u00e3o Pl\u00e1stico PET 500 ml Tampa Met\u00e1lica frasco transparente 500 ml tampa de alum\u00ednio Recipientes para cosm\u00e9ticos, recipientes para cremes. Frasco vazio transparente de 500 cc. tampa de rosca de alum\u00ednio 9,5 cent\u00edmetros de di\u00e2metro e 7 cent\u00edmetros de altura<\/p>\n","protected":false},"featured_media":7850,"comment_status":"closed","ping_status":"closed","template":"","meta":{"_exactmetrics_skip_tracking":false,"_exactmetrics_sitenote_active":false,"_exactmetrics_sitenote_note":"","_exactmetrics_sitenote_category":0},"product_brand":[],"product_cat":[293,420,15],"product_tag":[],"class_list":{"0":"post-4301","1":"product","2":"type-product","3":"status-publish","4":"has-post-thumbnail","6":"product_cat-boioes-pet-cosmetica-brindes","7":"product_cat-boioes-pet-cosmetica-e-brindes","8":"product_cat-ver-todos-os-produtos","10":"first","11":"instock","12":"taxable","13":"shipping-taxable","14":"purchasable","15":"product-type-simple"},"yoast_head":"<!-- This site is optimized with the Yoast SEO plugin v27.4 - https:\/\/yoast.com\/product\/yoast-seo-wordpress\/ -->\n<title>Boiao Plastico PET 500 ml Tampa Metalica -<\/title>\n<meta name=\"description\" content=\"Boi\u00e3o Pl\u00e1stico PET 500 ml Tampa Met\u00e1lica frasco transparente 500 ml tampa de alum\u00ednio Recipientes para cosm\u00e9ticos, recipientes para cremes. Frasco vazio transparente de 500 cc. tampa de rosca de alum\u00ednio 9,5 cent\u00edmetros de di\u00e2metro e 7 cent\u00edmetros de altura\" \/>\n<meta name=\"robots\" content=\"index, follow, max-snippet:-1, max-image-preview:large, max-video-preview:-1\" \/>\n<link rel=\"canonical\" href=\"https:\/\/divertarte.com\/index.php\/produto\/boiao-plastico-pet-500-ml-tampa-metalica\/\" \/>\n<meta property=\"og:locale\" content=\"pt_PT\" \/>\n<meta property=\"og:type\" content=\"article\" \/>\n<meta property=\"og:title\" content=\"Boiao Plastico PET 500 ml Tampa Metalica -\" \/>\n<meta property=\"og:description\" content=\"Boi\u00e3o Pl\u00e1stico PET 500 ml Tampa Met\u00e1lica frasco transparente 500 ml tampa de alum\u00ednio Recipientes para cosm\u00e9ticos, recipientes para cremes. Frasco vazio transparente de 500 cc. tampa de rosca de alum\u00ednio 9,5 cent\u00edmetros de di\u00e2metro e 7 cent\u00edmetros de altura\" \/>\n<meta property=\"og:url\" content=\"https:\/\/divertarte.com\/index.php\/produto\/boiao-plastico-pet-500-ml-tampa-metalica\/\" \/>\n<meta property=\"article:modified_time\" content=\"2025-11-06T13:47:39+00:00\" \/>\n<meta property=\"og:image\" content=\"https:\/\/divertarte.com\/wp-content\/uploads\/2018\/05\/Boiao_pet_500ml_tampa_prata.jpg\" \/>\n\t<meta property=\"og:image:width\" content=\"558\" \/>\n\t<meta property=\"og:image:height\" content=\"558\" \/>\n\t<meta property=\"og:image:type\" content=\"image\/jpeg\" \/>\n<meta name=\"twitter:card\" content=\"summary_large_image\" \/>\n<script type=\"application\/ld+json\" class=\"yoast-schema-graph\">{\"@context\":\"https:\\\/\\\/schema.org\",\"@graph\":[{\"@type\":\"WebPage\",\"@id\":\"https:\\\/\\\/divertarte.com\\\/index.php\\\/produto\\\/boiao-plastico-pet-500-ml-tampa-metalica\\\/\",\"url\":\"https:\\\/\\\/divertarte.com\\\/index.php\\\/produto\\\/boiao-plastico-pet-500-ml-tampa-metalica\\\/\",\"name\":\"Boiao Plastico PET 500 ml Tampa Metalica -\",\"isPartOf\":{\"@id\":\"https:\\\/\\\/divertarte.com\\\/#website\"},\"primaryImageOfPage\":{\"@id\":\"https:\\\/\\\/divertarte.com\\\/index.php\\\/produto\\\/boiao-plastico-pet-500-ml-tampa-metalica\\\/#primaryimage\"},\"image\":{\"@id\":\"https:\\\/\\\/divertarte.com\\\/index.php\\\/produto\\\/boiao-plastico-pet-500-ml-tampa-metalica\\\/#primaryimage\"},\"thumbnailUrl\":\"https:\\\/\\\/divertarte.com\\\/wp-content\\\/uploads\\\/2018\\\/05\\\/Boiao_pet_500ml_tampa_prata.jpg\",\"datePublished\":\"2018-06-07T13:14:02+00:00\",\"dateModified\":\"2025-11-06T13:47:39+00:00\",\"description\":\"Boi\u00e3o Pl\u00e1stico PET 500 ml Tampa Met\u00e1lica frasco transparente 500 ml tampa de alum\u00ednio Recipientes para cosm\u00e9ticos, recipientes para cremes. Frasco vazio transparente de 500 cc. tampa de rosca de alum\u00ednio 9,5 cent\u00edmetros de di\u00e2metro e 7 cent\u00edmetros de altura\",\"breadcrumb\":{\"@id\":\"https:\\\/\\\/divertarte.com\\\/index.php\\\/produto\\\/boiao-plastico-pet-500-ml-tampa-metalica\\\/#breadcrumb\"},\"inLanguage\":\"pt-PT\",\"potentialAction\":[{\"@type\":\"ReadAction\",\"target\":[\"https:\\\/\\\/divertarte.com\\\/index.php\\\/produto\\\/boiao-plastico-pet-500-ml-tampa-metalica\\\/\"]}]},{\"@type\":\"ImageObject\",\"inLanguage\":\"pt-PT\",\"@id\":\"https:\\\/\\\/divertarte.com\\\/index.php\\\/produto\\\/boiao-plastico-pet-500-ml-tampa-metalica\\\/#primaryimage\",\"url\":\"https:\\\/\\\/divertarte.com\\\/wp-content\\\/uploads\\\/2018\\\/05\\\/Boiao_pet_500ml_tampa_prata.jpg\",\"contentUrl\":\"https:\\\/\\\/divertarte.com\\\/wp-content\\\/uploads\\\/2018\\\/05\\\/Boiao_pet_500ml_tampa_prata.jpg\",\"width\":558,\"height\":558},{\"@type\":\"BreadcrumbList\",\"@id\":\"https:\\\/\\\/divertarte.com\\\/index.php\\\/produto\\\/boiao-plastico-pet-500-ml-tampa-metalica\\\/#breadcrumb\",\"itemListElement\":[{\"@type\":\"ListItem\",\"position\":1,\"name\":\"In\u00edcio\",\"item\":\"https:\\\/\\\/divertarte.com\\\/\"},{\"@type\":\"ListItem\",\"position\":2,\"name\":\"Loja\",\"item\":\"https:\\\/\\\/divertarte.com\\\/index.php\\\/divertarte-produtos\\\/\"},{\"@type\":\"ListItem\",\"position\":3,\"name\":\"Boiao Plastico PET 500 ml Tampa Metalica\"}]},{\"@type\":\"WebSite\",\"@id\":\"https:\\\/\\\/divertarte.com\\\/#website\",\"url\":\"https:\\\/\\\/divertarte.com\\\/\",\"name\":\"Divertarte\",\"description\":\"\",\"publisher\":{\"@id\":\"https:\\\/\\\/divertarte.com\\\/#organization\"},\"potentialAction\":[{\"@type\":\"SearchAction\",\"target\":{\"@type\":\"EntryPoint\",\"urlTemplate\":\"https:\\\/\\\/divertarte.com\\\/?s={search_term_string}\"},\"query-input\":{\"@type\":\"PropertyValueSpecification\",\"valueRequired\":true,\"valueName\":\"search_term_string\"}}],\"inLanguage\":\"pt-PT\"},{\"@type\":\"Organization\",\"@id\":\"https:\\\/\\\/divertarte.com\\\/#organization\",\"name\":\"Divertarte\",\"url\":\"https:\\\/\\\/divertarte.com\\\/\",\"logo\":{\"@type\":\"ImageObject\",\"inLanguage\":\"pt-PT\",\"@id\":\"https:\\\/\\\/divertarte.com\\\/#\\\/schema\\\/logo\\\/image\\\/\",\"url\":\"https:\\\/\\\/divertarte.com\\\/wp-content\\\/uploads\\\/2018\\\/07\\\/logo-div.jpg\",\"contentUrl\":\"https:\\\/\\\/divertarte.com\\\/wp-content\\\/uploads\\\/2018\\\/07\\\/logo-div.jpg\",\"width\":295,\"height\":123,\"caption\":\"Divertarte\"},\"image\":{\"@id\":\"https:\\\/\\\/divertarte.com\\\/#\\\/schema\\\/logo\\\/image\\\/\"}}]}<\/script>\n<!-- \/ Yoast SEO plugin. -->","yoast_head_json":{"title":"Boiao Plastico PET 500 ml Tampa Metalica -","description":"Boi\u00e3o Pl\u00e1stico PET 500 ml Tampa Met\u00e1lica frasco transparente 500 ml tampa de alum\u00ednio Recipientes para cosm\u00e9ticos, recipientes para cremes. Frasco vazio transparente de 500 cc. tampa de rosca de alum\u00ednio 9,5 cent\u00edmetros de di\u00e2metro e 7 cent\u00edmetros de altura","robots":{"index":"index","follow":"follow","max-snippet":"max-snippet:-1","max-image-preview":"max-image-preview:large","max-video-preview":"max-video-preview:-1"},"canonical":"https:\/\/divertarte.com\/index.php\/produto\/boiao-plastico-pet-500-ml-tampa-metalica\/","og_locale":"pt_PT","og_type":"article","og_title":"Boiao Plastico PET 500 ml Tampa Metalica -","og_description":"Boi\u00e3o Pl\u00e1stico PET 500 ml Tampa Met\u00e1lica frasco transparente 500 ml tampa de alum\u00ednio Recipientes para cosm\u00e9ticos, recipientes para cremes. Frasco vazio transparente de 500 cc. tampa de rosca de alum\u00ednio 9,5 cent\u00edmetros de di\u00e2metro e 7 cent\u00edmetros de altura","og_url":"https:\/\/divertarte.com\/index.php\/produto\/boiao-plastico-pet-500-ml-tampa-metalica\/","article_modified_time":"2025-11-06T13:47:39+00:00","og_image":[{"width":558,"height":558,"url":"https:\/\/divertarte.com\/wp-content\/uploads\/2018\/05\/Boiao_pet_500ml_tampa_prata.jpg","type":"image\/jpeg"}],"twitter_card":"summary_large_image","schema":{"@context":"https:\/\/schema.org","@graph":[{"@type":"WebPage","@id":"https:\/\/divertarte.com\/index.php\/produto\/boiao-plastico-pet-500-ml-tampa-metalica\/","url":"https:\/\/divertarte.com\/index.php\/produto\/boiao-plastico-pet-500-ml-tampa-metalica\/","name":"Boiao Plastico PET 500 ml Tampa Metalica -","isPartOf":{"@id":"https:\/\/divertarte.com\/#website"},"primaryImageOfPage":{"@id":"https:\/\/divertarte.com\/index.php\/produto\/boiao-plastico-pet-500-ml-tampa-metalica\/#primaryimage"},"image":{"@id":"https:\/\/divertarte.com\/index.php\/produto\/boiao-plastico-pet-500-ml-tampa-metalica\/#primaryimage"},"thumbnailUrl":"https:\/\/divertarte.com\/wp-content\/uploads\/2018\/05\/Boiao_pet_500ml_tampa_prata.jpg","datePublished":"2018-06-07T13:14:02+00:00","dateModified":"2025-11-06T13:47:39+00:00","description":"Boi\u00e3o Pl\u00e1stico PET 500 ml Tampa Met\u00e1lica frasco transparente 500 ml tampa de alum\u00ednio Recipientes para cosm\u00e9ticos, recipientes para cremes. Frasco vazio transparente de 500 cc. tampa de rosca de alum\u00ednio 9,5 cent\u00edmetros de di\u00e2metro e 7 cent\u00edmetros de altura","breadcrumb":{"@id":"https:\/\/divertarte.com\/index.php\/produto\/boiao-plastico-pet-500-ml-tampa-metalica\/#breadcrumb"},"inLanguage":"pt-PT","potentialAction":[{"@type":"ReadAction","target":["https:\/\/divertarte.com\/index.php\/produto\/boiao-plastico-pet-500-ml-tampa-metalica\/"]}]},{"@type":"ImageObject","inLanguage":"pt-PT","@id":"https:\/\/divertarte.com\/index.php\/produto\/boiao-plastico-pet-500-ml-tampa-metalica\/#primaryimage","url":"https:\/\/divertarte.com\/wp-content\/uploads\/2018\/05\/Boiao_pet_500ml_tampa_prata.jpg","contentUrl":"https:\/\/divertarte.com\/wp-content\/uploads\/2018\/05\/Boiao_pet_500ml_tampa_prata.jpg","width":558,"height":558},{"@type":"BreadcrumbList","@id":"https:\/\/divertarte.com\/index.php\/produto\/boiao-plastico-pet-500-ml-tampa-metalica\/#breadcrumb","itemListElement":[{"@type":"ListItem","position":1,"name":"In\u00edcio","item":"https:\/\/divertarte.com\/"},{"@type":"ListItem","position":2,"name":"Loja","item":"https:\/\/divertarte.com\/index.php\/divertarte-produtos\/"},{"@type":"ListItem","position":3,"name":"Boiao Plastico PET 500 ml Tampa Metalica"}]},{"@type":"WebSite","@id":"https:\/\/divertarte.com\/#website","url":"https:\/\/divertarte.com\/","name":"Divertarte","description":"","publisher":{"@id":"https:\/\/divertarte.com\/#organization"},"potentialAction":[{"@type":"SearchAction","target":{"@type":"EntryPoint","urlTemplate":"https:\/\/divertarte.com\/?s={search_term_string}"},"query-input":{"@type":"PropertyValueSpecification","valueRequired":true,"valueName":"search_term_string"}}],"inLanguage":"pt-PT"},{"@type":"Organization","@id":"https:\/\/divertarte.com\/#organization","name":"Divertarte","url":"https:\/\/divertarte.com\/","logo":{"@type":"ImageObject","inLanguage":"pt-PT","@id":"https:\/\/divertarte.com\/#\/schema\/logo\/image\/","url":"https:\/\/divertarte.com\/wp-content\/uploads\/2018\/07\/logo-div.jpg","contentUrl":"https:\/\/divertarte.com\/wp-content\/uploads\/2018\/07\/logo-div.jpg","width":295,"height":123,"caption":"Divertarte"},"image":{"@id":"https:\/\/divertarte.com\/#\/schema\/logo\/image\/"}}]}},"_links":{"self":[{"href":"https:\/\/divertarte.com\/index.php\/wp-json\/wp\/v2\/product\/4301","targetHints":{"allow":["GET"]}}],"collection":[{"href":"https:\/\/divertarte.com\/index.php\/wp-json\/wp\/v2\/product"}],"about":[{"href":"https:\/\/divertarte.com\/index.php\/wp-json\/wp\/v2\/types\/product"}],"replies":[{"embeddable":true,"href":"https:\/\/divertarte.com\/index.php\/wp-json\/wp\/v2\/comments?post=4301"}],"wp:featuredmedia":[{"embeddable":true,"href":"https:\/\/divertarte.com\/index.php\/wp-json\/wp\/v2\/media\/7850"}],"wp:attachment":[{"href":"https:\/\/divertarte.com\/index.php\/wp-json\/wp\/v2\/media?parent=4301"}],"wp:term":[{"taxonomy":"product_brand","embeddable":true,"href":"https:\/\/divertarte.com\/index.php\/wp-json\/wp\/v2\/product_brand?post=4301"},{"taxonomy":"product_cat","embeddable":true,"href":"https:\/\/divertarte.com\/index.php\/wp-json\/wp\/v2\/product_cat?post=4301"},{"taxonomy":"product_tag","embeddable":true,"href":"https:\/\/divertarte.com\/index.php\/wp-json\/wp\/v2\/product_tag?post=4301"}],"curies":[{"name":"wp","href":"https:\/\/api.w.org\/{rel}","templated":true}]}}