{"id":4286,"date":"2018-06-07T14:18:02","date_gmt":"2018-06-07T13:18:02","guid":{"rendered":"https:\/\/divertarte.com\/index.php\/produto\/cola-uhu-com-glitter\/"},"modified":"2025-11-06T13:35:44","modified_gmt":"2025-11-06T13:35:44","slug":"cola-uhu-com-glitter","status":"publish","type":"product","link":"https:\/\/divertarte.com\/index.php\/produto\/cola-uhu-com-glitter\/","title":{"rendered":"Cola UHU com Glitter"},"content":{"rendered":"<p>Cola UHU com Glitter caneta 20 ml. Ideal para decorar diversos materiais. Cria\u00e7\u00f5es criativas de imagens, postais de boas festas, embrulhos de presentes, molduras de quadros e muito mais com efeitos glitter extra brilhantes. 20 ml 1 Unidade<\/p>\n<p>    Tubo extra suave com agulheta de precis\u00e3o<br \/>\n    N\u00e3o goteja<br \/>\n    Sem solventes<br \/>\n    Lav\u00e1vel com \u00e1gua<br \/>\n    Dermatologicamente testado<br \/>\n    Em conformidade com a norma CE<\/p>\n","protected":false},"excerpt":{"rendered":"<p>Cola UHU com Glitter caneta 20 ml. Ideal para decorar diversos materiais. Cria\u00e7\u00f5es criativas de imagens, postais de boas festas, embrulhos de presentes, molduras de quadros e muito mais com efeitos glitter extra brilhantes. 20 ml 1 Unidade<\/p>\n<p>    Tubo extra suave com agulheta de precis\u00e3o<br \/>\n    N\u00e3o goteja<br \/>\n    Sem solventes<br \/>\n    Lav\u00e1vel com \u00e1gua<br \/>\n    Dermatologicamente testado<br \/>\n    Em conformidade com a norma CE<\/p>\n","protected":false},"featured_media":7835,"comment_status":"closed","ping_status":"open","template":"","meta":{"_exactmetrics_skip_tracking":false,"_exactmetrics_sitenote_active":false,"_exactmetrics_sitenote_note":"","_exactmetrics_sitenote_category":0},"product_brand":[],"product_cat":[15],"product_tag":[],"class_list":{"0":"post-4286","1":"product","2":"type-product","3":"status-publish","4":"has-post-thumbnail","6":"product_cat-ver-todos-os-produtos","8":"first","9":"instock","10":"taxable","11":"shipping-taxable","12":"purchasable","13":"product-type-simple"},"yoast_head":"<!-- This site is optimized with the Yoast SEO plugin v27.4 - https:\/\/yoast.com\/product\/yoast-seo-wordpress\/ -->\n<title>Cola UHU com Glitter -<\/title>\n<meta name=\"robots\" content=\"index, follow, max-snippet:-1, max-image-preview:large, max-video-preview:-1\" \/>\n<link rel=\"canonical\" href=\"https:\/\/divertarte.com\/index.php\/produto\/cola-uhu-com-glitter\/\" \/>\n<meta property=\"og:locale\" content=\"pt_PT\" \/>\n<meta property=\"og:type\" content=\"article\" \/>\n<meta property=\"og:title\" content=\"Cola UHU com Glitter -\" \/>\n<meta property=\"og:description\" content=\"Cola UHU com Glitter caneta 20 ml. Ideal para decorar diversos materiais. Cria\u00e7\u00f5es criativas de imagens, postais de boas festas, embrulhos de presentes, molduras de quadros e muito mais com efeitos glitter extra brilhantes. 20 ml 1 Unidade    Tubo extra suave com agulheta de precis\u00e3o   N\u00e3o goteja   Sem solventes   Lav\u00e1vel com \u00e1gua   Dermatologicamente testado   Em conformidade com a norma CE\" \/>\n<meta property=\"og:url\" content=\"https:\/\/divertarte.com\/index.php\/produto\/cola-uhu-com-glitter\/\" \/>\n<meta property=\"article:modified_time\" content=\"2025-11-06T13:35:44+00:00\" \/>\n<meta property=\"og:image\" content=\"https:\/\/divertarte.com\/wp-content\/uploads\/2018\/05\/caneta_glitter_uhu.jpg\" \/>\n\t<meta property=\"og:image:width\" content=\"558\" \/>\n\t<meta property=\"og:image:height\" content=\"511\" \/>\n\t<meta property=\"og:image:type\" content=\"image\/jpeg\" \/>\n<meta name=\"twitter:card\" content=\"summary_large_image\" \/>\n<script type=\"application\/ld+json\" class=\"yoast-schema-graph\">{\"@context\":\"https:\\\/\\\/schema.org\",\"@graph\":[{\"@type\":\"WebPage\",\"@id\":\"https:\\\/\\\/divertarte.com\\\/index.php\\\/produto\\\/cola-uhu-com-glitter\\\/\",\"url\":\"https:\\\/\\\/divertarte.com\\\/index.php\\\/produto\\\/cola-uhu-com-glitter\\\/\",\"name\":\"Cola UHU com Glitter -\",\"isPartOf\":{\"@id\":\"https:\\\/\\\/divertarte.com\\\/#website\"},\"primaryImageOfPage\":{\"@id\":\"https:\\\/\\\/divertarte.com\\\/index.php\\\/produto\\\/cola-uhu-com-glitter\\\/#primaryimage\"},\"image\":{\"@id\":\"https:\\\/\\\/divertarte.com\\\/index.php\\\/produto\\\/cola-uhu-com-glitter\\\/#primaryimage\"},\"thumbnailUrl\":\"https:\\\/\\\/divertarte.com\\\/wp-content\\\/uploads\\\/2018\\\/05\\\/caneta_glitter_uhu.jpg\",\"datePublished\":\"2018-06-07T13:18:02+00:00\",\"dateModified\":\"2025-11-06T13:35:44+00:00\",\"breadcrumb\":{\"@id\":\"https:\\\/\\\/divertarte.com\\\/index.php\\\/produto\\\/cola-uhu-com-glitter\\\/#breadcrumb\"},\"inLanguage\":\"pt-PT\",\"potentialAction\":[{\"@type\":\"ReadAction\",\"target\":[\"https:\\\/\\\/divertarte.com\\\/index.php\\\/produto\\\/cola-uhu-com-glitter\\\/\"]}]},{\"@type\":\"ImageObject\",\"inLanguage\":\"pt-PT\",\"@id\":\"https:\\\/\\\/divertarte.com\\\/index.php\\\/produto\\\/cola-uhu-com-glitter\\\/#primaryimage\",\"url\":\"https:\\\/\\\/divertarte.com\\\/wp-content\\\/uploads\\\/2018\\\/05\\\/caneta_glitter_uhu.jpg\",\"contentUrl\":\"https:\\\/\\\/divertarte.com\\\/wp-content\\\/uploads\\\/2018\\\/05\\\/caneta_glitter_uhu.jpg\",\"width\":558,\"height\":511},{\"@type\":\"BreadcrumbList\",\"@id\":\"https:\\\/\\\/divertarte.com\\\/index.php\\\/produto\\\/cola-uhu-com-glitter\\\/#breadcrumb\",\"itemListElement\":[{\"@type\":\"ListItem\",\"position\":1,\"name\":\"In\u00edcio\",\"item\":\"https:\\\/\\\/divertarte.com\\\/\"},{\"@type\":\"ListItem\",\"position\":2,\"name\":\"Loja\",\"item\":\"https:\\\/\\\/divertarte.com\\\/index.php\\\/divertarte-produtos\\\/\"},{\"@type\":\"ListItem\",\"position\":3,\"name\":\"Cola UHU com Glitter\"}]},{\"@type\":\"WebSite\",\"@id\":\"https:\\\/\\\/divertarte.com\\\/#website\",\"url\":\"https:\\\/\\\/divertarte.com\\\/\",\"name\":\"Divertarte\",\"description\":\"\",\"publisher\":{\"@id\":\"https:\\\/\\\/divertarte.com\\\/#organization\"},\"potentialAction\":[{\"@type\":\"SearchAction\",\"target\":{\"@type\":\"EntryPoint\",\"urlTemplate\":\"https:\\\/\\\/divertarte.com\\\/?s={search_term_string}\"},\"query-input\":{\"@type\":\"PropertyValueSpecification\",\"valueRequired\":true,\"valueName\":\"search_term_string\"}}],\"inLanguage\":\"pt-PT\"},{\"@type\":\"Organization\",\"@id\":\"https:\\\/\\\/divertarte.com\\\/#organization\",\"name\":\"Divertarte\",\"url\":\"https:\\\/\\\/divertarte.com\\\/\",\"logo\":{\"@type\":\"ImageObject\",\"inLanguage\":\"pt-PT\",\"@id\":\"https:\\\/\\\/divertarte.com\\\/#\\\/schema\\\/logo\\\/image\\\/\",\"url\":\"https:\\\/\\\/divertarte.com\\\/wp-content\\\/uploads\\\/2018\\\/07\\\/logo-div.jpg\",\"contentUrl\":\"https:\\\/\\\/divertarte.com\\\/wp-content\\\/uploads\\\/2018\\\/07\\\/logo-div.jpg\",\"width\":295,\"height\":123,\"caption\":\"Divertarte\"},\"image\":{\"@id\":\"https:\\\/\\\/divertarte.com\\\/#\\\/schema\\\/logo\\\/image\\\/\"}}]}<\/script>\n<!-- \/ Yoast SEO plugin. -->","yoast_head_json":{"title":"Cola UHU com Glitter -","robots":{"index":"index","follow":"follow","max-snippet":"max-snippet:-1","max-image-preview":"max-image-preview:large","max-video-preview":"max-video-preview:-1"},"canonical":"https:\/\/divertarte.com\/index.php\/produto\/cola-uhu-com-glitter\/","og_locale":"pt_PT","og_type":"article","og_title":"Cola UHU com Glitter -","og_description":"Cola UHU com Glitter caneta 20 ml. Ideal para decorar diversos materiais. Cria\u00e7\u00f5es criativas de imagens, postais de boas festas, embrulhos de presentes, molduras de quadros e muito mais com efeitos glitter extra brilhantes. 20 ml 1 Unidade    Tubo extra suave com agulheta de precis\u00e3o   N\u00e3o goteja   Sem solventes   Lav\u00e1vel com \u00e1gua   Dermatologicamente testado   Em conformidade com a norma CE","og_url":"https:\/\/divertarte.com\/index.php\/produto\/cola-uhu-com-glitter\/","article_modified_time":"2025-11-06T13:35:44+00:00","og_image":[{"width":558,"height":511,"url":"https:\/\/divertarte.com\/wp-content\/uploads\/2018\/05\/caneta_glitter_uhu.jpg","type":"image\/jpeg"}],"twitter_card":"summary_large_image","schema":{"@context":"https:\/\/schema.org","@graph":[{"@type":"WebPage","@id":"https:\/\/divertarte.com\/index.php\/produto\/cola-uhu-com-glitter\/","url":"https:\/\/divertarte.com\/index.php\/produto\/cola-uhu-com-glitter\/","name":"Cola UHU com Glitter -","isPartOf":{"@id":"https:\/\/divertarte.com\/#website"},"primaryImageOfPage":{"@id":"https:\/\/divertarte.com\/index.php\/produto\/cola-uhu-com-glitter\/#primaryimage"},"image":{"@id":"https:\/\/divertarte.com\/index.php\/produto\/cola-uhu-com-glitter\/#primaryimage"},"thumbnailUrl":"https:\/\/divertarte.com\/wp-content\/uploads\/2018\/05\/caneta_glitter_uhu.jpg","datePublished":"2018-06-07T13:18:02+00:00","dateModified":"2025-11-06T13:35:44+00:00","breadcrumb":{"@id":"https:\/\/divertarte.com\/index.php\/produto\/cola-uhu-com-glitter\/#breadcrumb"},"inLanguage":"pt-PT","potentialAction":[{"@type":"ReadAction","target":["https:\/\/divertarte.com\/index.php\/produto\/cola-uhu-com-glitter\/"]}]},{"@type":"ImageObject","inLanguage":"pt-PT","@id":"https:\/\/divertarte.com\/index.php\/produto\/cola-uhu-com-glitter\/#primaryimage","url":"https:\/\/divertarte.com\/wp-content\/uploads\/2018\/05\/caneta_glitter_uhu.jpg","contentUrl":"https:\/\/divertarte.com\/wp-content\/uploads\/2018\/05\/caneta_glitter_uhu.jpg","width":558,"height":511},{"@type":"BreadcrumbList","@id":"https:\/\/divertarte.com\/index.php\/produto\/cola-uhu-com-glitter\/#breadcrumb","itemListElement":[{"@type":"ListItem","position":1,"name":"In\u00edcio","item":"https:\/\/divertarte.com\/"},{"@type":"ListItem","position":2,"name":"Loja","item":"https:\/\/divertarte.com\/index.php\/divertarte-produtos\/"},{"@type":"ListItem","position":3,"name":"Cola UHU com Glitter"}]},{"@type":"WebSite","@id":"https:\/\/divertarte.com\/#website","url":"https:\/\/divertarte.com\/","name":"Divertarte","description":"","publisher":{"@id":"https:\/\/divertarte.com\/#organization"},"potentialAction":[{"@type":"SearchAction","target":{"@type":"EntryPoint","urlTemplate":"https:\/\/divertarte.com\/?s={search_term_string}"},"query-input":{"@type":"PropertyValueSpecification","valueRequired":true,"valueName":"search_term_string"}}],"inLanguage":"pt-PT"},{"@type":"Organization","@id":"https:\/\/divertarte.com\/#organization","name":"Divertarte","url":"https:\/\/divertarte.com\/","logo":{"@type":"ImageObject","inLanguage":"pt-PT","@id":"https:\/\/divertarte.com\/#\/schema\/logo\/image\/","url":"https:\/\/divertarte.com\/wp-content\/uploads\/2018\/07\/logo-div.jpg","contentUrl":"https:\/\/divertarte.com\/wp-content\/uploads\/2018\/07\/logo-div.jpg","width":295,"height":123,"caption":"Divertarte"},"image":{"@id":"https:\/\/divertarte.com\/#\/schema\/logo\/image\/"}}]}},"_links":{"self":[{"href":"https:\/\/divertarte.com\/index.php\/wp-json\/wp\/v2\/product\/4286","targetHints":{"allow":["GET"]}}],"collection":[{"href":"https:\/\/divertarte.com\/index.php\/wp-json\/wp\/v2\/product"}],"about":[{"href":"https:\/\/divertarte.com\/index.php\/wp-json\/wp\/v2\/types\/product"}],"replies":[{"embeddable":true,"href":"https:\/\/divertarte.com\/index.php\/wp-json\/wp\/v2\/comments?post=4286"}],"wp:featuredmedia":[{"embeddable":true,"href":"https:\/\/divertarte.com\/index.php\/wp-json\/wp\/v2\/media\/7835"}],"wp:attachment":[{"href":"https:\/\/divertarte.com\/index.php\/wp-json\/wp\/v2\/media?parent=4286"}],"wp:term":[{"taxonomy":"product_brand","embeddable":true,"href":"https:\/\/divertarte.com\/index.php\/wp-json\/wp\/v2\/product_brand?post=4286"},{"taxonomy":"product_cat","embeddable":true,"href":"https:\/\/divertarte.com\/index.php\/wp-json\/wp\/v2\/product_cat?post=4286"},{"taxonomy":"product_tag","embeddable":true,"href":"https:\/\/divertarte.com\/index.php\/wp-json\/wp\/v2\/product_tag?post=4286"}],"curies":[{"name":"wp","href":"https:\/\/api.w.org\/{rel}","templated":true}]}}