{"id":4261,"date":"2018-06-07T14:02:33","date_gmt":"2018-06-07T13:02:33","guid":{"rendered":"https:\/\/divertarte.com\/index.php\/produto\/canela-pau-30-cm-1kg\/"},"modified":"2026-02-23T13:09:39","modified_gmt":"2026-02-23T13:09:39","slug":"canela-pau-30-cm-1kg","status":"publish","type":"product","link":"https:\/\/divertarte.com\/index.php\/produto\/canela-pau-30-cm-1kg\/","title":{"rendered":"CANELA PAU 30 CM -1KG"},"content":{"rendered":"<p>Paus de Canela 30 cm &#8211; 1kg Peso l\u00edquido. Cerca de 35 paus (vari\u00e1vel segundo a grossura dos paus)<\/p>\n<p>Destina-se a decora\u00e7\u00e3o de velas e sabonetes, enfeites em prendinhas de casamento, arranjos decorativos para bares e hot\u00e9is. Contudo n\u00e3o \u00e9 alimentar.<\/p>\n<p>Beneficios da canela:\u00a0 Limpa a aura, Prote\u00e7\u00e3o, Equil\u00edbrio mental, Afrodis\u00edaco, Sensualidade, Vontade e Determina\u00e7\u00e3o, Prosperidade e Riqueza, Desintoxica o organismo, Depress\u00e3o, Esgotamento F\u00edsico e Mental, Feng-Shui<\/p>\n","protected":false},"excerpt":{"rendered":"<p>Paus de Canela 30 cm &#8211; 1kg Peso l\u00edquido. Cerca de 35 paus (vari\u00e1vel segundo a grossura dos paus)<\/p>\n<p>Destina-se a decora\u00e7\u00e3o de velas e sabonetes, enfeites em prendinhas de casamento, arranjos decorativos para bares e hot\u00e9is. Contudo n\u00e3o \u00e9 alimentar.<\/p>\n<p>Beneficios da canela:\u00a0 Limpa a aura, Prote\u00e7\u00e3o, Equil\u00edbrio mental, Afrodis\u00edaco, Sensualidade, Vontade e Determina\u00e7\u00e3o, Prosperidade e Riqueza, Desintoxica o organismo, Depress\u00e3o, Esgotamento F\u00edsico e Mental, Feng-Shui<\/p>\n","protected":false},"featured_media":9848,"comment_status":"closed","ping_status":"closed","template":"","meta":{"_exactmetrics_skip_tracking":false,"_exactmetrics_sitenote_active":false,"_exactmetrics_sitenote_note":"","_exactmetrics_sitenote_category":0},"product_brand":[],"product_cat":[587,664,544,50],"product_tag":[1626,1627],"class_list":{"0":"post-4261","1":"product","2":"type-product","3":"status-publish","4":"has-post-thumbnail","6":"product_cat-canela-em-pau","7":"product_cat-canelas","8":"product_cat-feng-shui","9":"product_cat-plantas-secas-desidratadas","10":"product_tag-anela-em-pau-30cm","11":"product_tag-paus-de-canela","13":"first","14":"instock","15":"taxable","16":"shipping-taxable","17":"purchasable","18":"product-type-simple"},"yoast_head":"<!-- This site is optimized with the Yoast SEO plugin v27.4 - https:\/\/yoast.com\/product\/yoast-seo-wordpress\/ -->\n<title>CANELA PAU 30 CM -1KG -<\/title>\n<meta name=\"description\" content=\"Paus de Canela 30 cm1kg Cerca de 30 paus. decora\u00e7\u00e3o velas e sabonetes, enfeites prendinhas casamento, arranjos decorativos bares e hot\u00e9is. N\u00e3o \u00e9 alimentar.\" \/>\n<meta name=\"robots\" content=\"index, follow, max-snippet:-1, max-image-preview:large, max-video-preview:-1\" \/>\n<link rel=\"canonical\" href=\"https:\/\/divertarte.com\/index.php\/produto\/canela-pau-30-cm-1kg\/\" \/>\n<meta property=\"og:locale\" content=\"pt_PT\" \/>\n<meta property=\"og:type\" content=\"article\" \/>\n<meta property=\"og:title\" content=\"CANELA PAU 30 CM -1KG -\" \/>\n<meta property=\"og:description\" content=\"Paus de Canela 30 cm1kg Cerca de 30 paus. decora\u00e7\u00e3o velas e sabonetes, enfeites prendinhas casamento, arranjos decorativos bares e hot\u00e9is. N\u00e3o \u00e9 alimentar.\" \/>\n<meta property=\"og:url\" content=\"https:\/\/divertarte.com\/index.php\/produto\/canela-pau-30-cm-1kg\/\" \/>\n<meta property=\"article:modified_time\" content=\"2026-02-23T13:09:39+00:00\" \/>\n<meta property=\"og:image\" content=\"https:\/\/divertarte.com\/wp-content\/uploads\/2018\/06\/canela-em-pau-30cm-kg-divertarte.jpg\" \/>\n\t<meta property=\"og:image:width\" content=\"450\" \/>\n\t<meta property=\"og:image:height\" content=\"450\" \/>\n\t<meta property=\"og:image:type\" content=\"image\/jpeg\" \/>\n<meta name=\"twitter:card\" content=\"summary_large_image\" \/>\n<meta name=\"twitter:label1\" content=\"Tempo estimado de leitura\" \/>\n\t<meta name=\"twitter:data1\" content=\"1 minuto\" \/>\n<script type=\"application\/ld+json\" class=\"yoast-schema-graph\">{\"@context\":\"https:\\\/\\\/schema.org\",\"@graph\":[{\"@type\":\"WebPage\",\"@id\":\"https:\\\/\\\/divertarte.com\\\/index.php\\\/produto\\\/canela-pau-30-cm-1kg\\\/\",\"url\":\"https:\\\/\\\/divertarte.com\\\/index.php\\\/produto\\\/canela-pau-30-cm-1kg\\\/\",\"name\":\"CANELA PAU 30 CM -1KG -\",\"isPartOf\":{\"@id\":\"https:\\\/\\\/divertarte.com\\\/#website\"},\"primaryImageOfPage\":{\"@id\":\"https:\\\/\\\/divertarte.com\\\/index.php\\\/produto\\\/canela-pau-30-cm-1kg\\\/#primaryimage\"},\"image\":{\"@id\":\"https:\\\/\\\/divertarte.com\\\/index.php\\\/produto\\\/canela-pau-30-cm-1kg\\\/#primaryimage\"},\"thumbnailUrl\":\"https:\\\/\\\/divertarte.com\\\/wp-content\\\/uploads\\\/2018\\\/06\\\/canela-em-pau-30cm-kg-divertarte.jpg\",\"datePublished\":\"2018-06-07T13:02:33+00:00\",\"dateModified\":\"2026-02-23T13:09:39+00:00\",\"description\":\"Paus de Canela 30 cm1kg Cerca de 30 paus. decora\u00e7\u00e3o velas e sabonetes, enfeites prendinhas casamento, arranjos decorativos bares e hot\u00e9is. N\u00e3o \u00e9 alimentar.\",\"breadcrumb\":{\"@id\":\"https:\\\/\\\/divertarte.com\\\/index.php\\\/produto\\\/canela-pau-30-cm-1kg\\\/#breadcrumb\"},\"inLanguage\":\"pt-PT\",\"potentialAction\":[{\"@type\":\"ReadAction\",\"target\":[\"https:\\\/\\\/divertarte.com\\\/index.php\\\/produto\\\/canela-pau-30-cm-1kg\\\/\"]}]},{\"@type\":\"ImageObject\",\"inLanguage\":\"pt-PT\",\"@id\":\"https:\\\/\\\/divertarte.com\\\/index.php\\\/produto\\\/canela-pau-30-cm-1kg\\\/#primaryimage\",\"url\":\"https:\\\/\\\/divertarte.com\\\/wp-content\\\/uploads\\\/2018\\\/06\\\/canela-em-pau-30cm-kg-divertarte.jpg\",\"contentUrl\":\"https:\\\/\\\/divertarte.com\\\/wp-content\\\/uploads\\\/2018\\\/06\\\/canela-em-pau-30cm-kg-divertarte.jpg\",\"width\":450,\"height\":450,\"caption\":\"canela-em-pau-30cm-kg-divertarte\"},{\"@type\":\"BreadcrumbList\",\"@id\":\"https:\\\/\\\/divertarte.com\\\/index.php\\\/produto\\\/canela-pau-30-cm-1kg\\\/#breadcrumb\",\"itemListElement\":[{\"@type\":\"ListItem\",\"position\":1,\"name\":\"In\u00edcio\",\"item\":\"https:\\\/\\\/divertarte.com\\\/\"},{\"@type\":\"ListItem\",\"position\":2,\"name\":\"Loja\",\"item\":\"https:\\\/\\\/divertarte.com\\\/index.php\\\/divertarte-produtos\\\/\"},{\"@type\":\"ListItem\",\"position\":3,\"name\":\"CANELA PAU 30 CM -1KG\"}]},{\"@type\":\"WebSite\",\"@id\":\"https:\\\/\\\/divertarte.com\\\/#website\",\"url\":\"https:\\\/\\\/divertarte.com\\\/\",\"name\":\"Divertarte\",\"description\":\"\",\"publisher\":{\"@id\":\"https:\\\/\\\/divertarte.com\\\/#organization\"},\"potentialAction\":[{\"@type\":\"SearchAction\",\"target\":{\"@type\":\"EntryPoint\",\"urlTemplate\":\"https:\\\/\\\/divertarte.com\\\/?s={search_term_string}\"},\"query-input\":{\"@type\":\"PropertyValueSpecification\",\"valueRequired\":true,\"valueName\":\"search_term_string\"}}],\"inLanguage\":\"pt-PT\"},{\"@type\":\"Organization\",\"@id\":\"https:\\\/\\\/divertarte.com\\\/#organization\",\"name\":\"Divertarte\",\"url\":\"https:\\\/\\\/divertarte.com\\\/\",\"logo\":{\"@type\":\"ImageObject\",\"inLanguage\":\"pt-PT\",\"@id\":\"https:\\\/\\\/divertarte.com\\\/#\\\/schema\\\/logo\\\/image\\\/\",\"url\":\"https:\\\/\\\/divertarte.com\\\/wp-content\\\/uploads\\\/2018\\\/07\\\/logo-div.jpg\",\"contentUrl\":\"https:\\\/\\\/divertarte.com\\\/wp-content\\\/uploads\\\/2018\\\/07\\\/logo-div.jpg\",\"width\":295,\"height\":123,\"caption\":\"Divertarte\"},\"image\":{\"@id\":\"https:\\\/\\\/divertarte.com\\\/#\\\/schema\\\/logo\\\/image\\\/\"}}]}<\/script>\n<!-- \/ Yoast SEO plugin. -->","yoast_head_json":{"title":"CANELA PAU 30 CM -1KG -","description":"Paus de Canela 30 cm1kg Cerca de 30 paus. decora\u00e7\u00e3o velas e sabonetes, enfeites prendinhas casamento, arranjos decorativos bares e hot\u00e9is. N\u00e3o \u00e9 alimentar.","robots":{"index":"index","follow":"follow","max-snippet":"max-snippet:-1","max-image-preview":"max-image-preview:large","max-video-preview":"max-video-preview:-1"},"canonical":"https:\/\/divertarte.com\/index.php\/produto\/canela-pau-30-cm-1kg\/","og_locale":"pt_PT","og_type":"article","og_title":"CANELA PAU 30 CM -1KG -","og_description":"Paus de Canela 30 cm1kg Cerca de 30 paus. decora\u00e7\u00e3o velas e sabonetes, enfeites prendinhas casamento, arranjos decorativos bares e hot\u00e9is. N\u00e3o \u00e9 alimentar.","og_url":"https:\/\/divertarte.com\/index.php\/produto\/canela-pau-30-cm-1kg\/","article_modified_time":"2026-02-23T13:09:39+00:00","og_image":[{"width":450,"height":450,"url":"https:\/\/divertarte.com\/wp-content\/uploads\/2018\/06\/canela-em-pau-30cm-kg-divertarte.jpg","type":"image\/jpeg"}],"twitter_card":"summary_large_image","twitter_misc":{"Tempo estimado de leitura":"1 minuto"},"schema":{"@context":"https:\/\/schema.org","@graph":[{"@type":"WebPage","@id":"https:\/\/divertarte.com\/index.php\/produto\/canela-pau-30-cm-1kg\/","url":"https:\/\/divertarte.com\/index.php\/produto\/canela-pau-30-cm-1kg\/","name":"CANELA PAU 30 CM -1KG -","isPartOf":{"@id":"https:\/\/divertarte.com\/#website"},"primaryImageOfPage":{"@id":"https:\/\/divertarte.com\/index.php\/produto\/canela-pau-30-cm-1kg\/#primaryimage"},"image":{"@id":"https:\/\/divertarte.com\/index.php\/produto\/canela-pau-30-cm-1kg\/#primaryimage"},"thumbnailUrl":"https:\/\/divertarte.com\/wp-content\/uploads\/2018\/06\/canela-em-pau-30cm-kg-divertarte.jpg","datePublished":"2018-06-07T13:02:33+00:00","dateModified":"2026-02-23T13:09:39+00:00","description":"Paus de Canela 30 cm1kg Cerca de 30 paus. decora\u00e7\u00e3o velas e sabonetes, enfeites prendinhas casamento, arranjos decorativos bares e hot\u00e9is. N\u00e3o \u00e9 alimentar.","breadcrumb":{"@id":"https:\/\/divertarte.com\/index.php\/produto\/canela-pau-30-cm-1kg\/#breadcrumb"},"inLanguage":"pt-PT","potentialAction":[{"@type":"ReadAction","target":["https:\/\/divertarte.com\/index.php\/produto\/canela-pau-30-cm-1kg\/"]}]},{"@type":"ImageObject","inLanguage":"pt-PT","@id":"https:\/\/divertarte.com\/index.php\/produto\/canela-pau-30-cm-1kg\/#primaryimage","url":"https:\/\/divertarte.com\/wp-content\/uploads\/2018\/06\/canela-em-pau-30cm-kg-divertarte.jpg","contentUrl":"https:\/\/divertarte.com\/wp-content\/uploads\/2018\/06\/canela-em-pau-30cm-kg-divertarte.jpg","width":450,"height":450,"caption":"canela-em-pau-30cm-kg-divertarte"},{"@type":"BreadcrumbList","@id":"https:\/\/divertarte.com\/index.php\/produto\/canela-pau-30-cm-1kg\/#breadcrumb","itemListElement":[{"@type":"ListItem","position":1,"name":"In\u00edcio","item":"https:\/\/divertarte.com\/"},{"@type":"ListItem","position":2,"name":"Loja","item":"https:\/\/divertarte.com\/index.php\/divertarte-produtos\/"},{"@type":"ListItem","position":3,"name":"CANELA PAU 30 CM -1KG"}]},{"@type":"WebSite","@id":"https:\/\/divertarte.com\/#website","url":"https:\/\/divertarte.com\/","name":"Divertarte","description":"","publisher":{"@id":"https:\/\/divertarte.com\/#organization"},"potentialAction":[{"@type":"SearchAction","target":{"@type":"EntryPoint","urlTemplate":"https:\/\/divertarte.com\/?s={search_term_string}"},"query-input":{"@type":"PropertyValueSpecification","valueRequired":true,"valueName":"search_term_string"}}],"inLanguage":"pt-PT"},{"@type":"Organization","@id":"https:\/\/divertarte.com\/#organization","name":"Divertarte","url":"https:\/\/divertarte.com\/","logo":{"@type":"ImageObject","inLanguage":"pt-PT","@id":"https:\/\/divertarte.com\/#\/schema\/logo\/image\/","url":"https:\/\/divertarte.com\/wp-content\/uploads\/2018\/07\/logo-div.jpg","contentUrl":"https:\/\/divertarte.com\/wp-content\/uploads\/2018\/07\/logo-div.jpg","width":295,"height":123,"caption":"Divertarte"},"image":{"@id":"https:\/\/divertarte.com\/#\/schema\/logo\/image\/"}}]}},"_links":{"self":[{"href":"https:\/\/divertarte.com\/index.php\/wp-json\/wp\/v2\/product\/4261","targetHints":{"allow":["GET"]}}],"collection":[{"href":"https:\/\/divertarte.com\/index.php\/wp-json\/wp\/v2\/product"}],"about":[{"href":"https:\/\/divertarte.com\/index.php\/wp-json\/wp\/v2\/types\/product"}],"replies":[{"embeddable":true,"href":"https:\/\/divertarte.com\/index.php\/wp-json\/wp\/v2\/comments?post=4261"}],"wp:featuredmedia":[{"embeddable":true,"href":"https:\/\/divertarte.com\/index.php\/wp-json\/wp\/v2\/media\/9848"}],"wp:attachment":[{"href":"https:\/\/divertarte.com\/index.php\/wp-json\/wp\/v2\/media?parent=4261"}],"wp:term":[{"taxonomy":"product_brand","embeddable":true,"href":"https:\/\/divertarte.com\/index.php\/wp-json\/wp\/v2\/product_brand?post=4261"},{"taxonomy":"product_cat","embeddable":true,"href":"https:\/\/divertarte.com\/index.php\/wp-json\/wp\/v2\/product_cat?post=4261"},{"taxonomy":"product_tag","embeddable":true,"href":"https:\/\/divertarte.com\/index.php\/wp-json\/wp\/v2\/product_tag?post=4261"}],"curies":[{"name":"wp","href":"https:\/\/api.w.org\/{rel}","templated":true}]}}