{"id":4230,"date":"2018-06-07T14:05:28","date_gmt":"2018-06-07T13:05:28","guid":{"rendered":"https:\/\/divertarte.com\/index.php\/produto\/cera-de-abelha-pura-500-gr\/"},"modified":"2025-11-06T14:00:07","modified_gmt":"2025-11-06T14:00:07","slug":"cera-de-abelha-pura-500-gr","status":"publish","type":"product","link":"https:\/\/divertarte.com\/index.php\/produto\/cera-de-abelha-pura-500-gr\/","title":{"rendered":"Cera de Abelha Pura 500 gr"},"content":{"rendered":"<p>CERA DE ABELHA PURA 500 G<br \/>\nA Cera de abelha \u00e9 utilizada para o fabrico de cosm\u00e9ticos, como maquiagens, cremes e batons.<br \/>\n\u00c9 utilizada tamb\u00e9m para o fabrico de medicamentos, produtos m\u00e9dicos e cir\u00fargicos, refrat\u00e1rios, para denti\u00e7\u00e3o infantil, cera depilat\u00f3ria e muitas outras aplica\u00e7\u00f5es.<br \/>\nVelas artesanais<br \/>\nA cera \u00e9 produzida pelas abelhas na transforma\u00e7\u00e3o do mel. \u00e9 composta por \u00e1cido cer\u00f3tico e palm\u00edtico, \u00e9 isolante el\u00e9trico, funde a 63\/64 graus centigrados, amolece a partir dos 35 graus, e tem densidade pr\u00f3xima da \u00e1gua. \u00c9 sol\u00favel em gorduras, azeites, benzina, sulfeto de carbono, terebentina, \u00e9ter e clorof\u00f3rmio.<\/p>\n<p>\u00c9 muito male\u00e1vel e utilizada para lamina\u00e7\u00e3o de cera alveolada e utilizada para determinar a posi\u00e7\u00e3o em que as abelhas dever\u00e3o fundar os favos no interior da colmeia.<\/p>\n<p>A cera mascada pura destr\u00f3i o t\u00e1rtaro dent\u00e1rio e dep\u00f3sitos de nicotina. Mascada com mel purifica as vias nasofaringeas e \u00e9 muito eficiente nos casos de sinusite e febre dos fenos.<\/p>\n","protected":false},"excerpt":{"rendered":"<p>CERA DE ABELHA PURA 500 G<br \/>\nA Cera de abelha \u00e9 utilizada para o fabrico de cosm\u00e9ticos, como maquiagens, cremes e batons.<br \/>\n\u00c9 utilizada tamb\u00e9m para o fabrico de medicamentos, produtos m\u00e9dicos e cir\u00fargicos, refrat\u00e1rios, para denti\u00e7\u00e3o infantil, cera depilat\u00f3ria e muitas outras aplica\u00e7\u00f5es.<br \/>\nVelas artesanais<br \/>\nA cera \u00e9 produzida pelas abelhas na transforma\u00e7\u00e3o do mel. \u00e9 composta por \u00e1cido cer\u00f3tico e palm\u00edtico, \u00e9 isolante el\u00e9trico, funde a 63\/64 graus centigrados, amolece a partir dos 35 graus, e tem densidade pr\u00f3xima da \u00e1gua. \u00c9 sol\u00favel em gorduras, azeites, benzina, sulfeto de carbono, terebentina, \u00e9ter e clorof\u00f3rmio.<\/p>\n<p>\u00c9 muito male\u00e1vel e utilizada para lamina\u00e7\u00e3o de cera alveolada e utilizada para determinar a posi\u00e7\u00e3o em que as abelhas dever\u00e3o fundar os favos no interior da colmeia.<\/p>\n<p>A cera mascada pura destr\u00f3i o t\u00e1rtaro dent\u00e1rio e dep\u00f3sitos de nicotina. Mascada com mel purifica as vias nasofaringeas e \u00e9 muito eficiente nos casos de sinusite e febre dos fenos.<\/p>\n","protected":false},"featured_media":4887,"comment_status":"closed","ping_status":"closed","template":"","meta":{"_exactmetrics_skip_tracking":false,"_exactmetrics_sitenote_active":false,"_exactmetrics_sitenote_note":"","_exactmetrics_sitenote_category":0},"product_brand":[],"product_cat":[269,25,15],"product_tag":[],"class_list":{"0":"post-4230","1":"product","2":"type-product","3":"status-publish","4":"has-post-thumbnail","6":"product_cat-parafina-para-velas-e-ceras","7":"product_cat-ceras","8":"product_cat-ver-todos-os-produtos","10":"first","11":"instock","12":"taxable","13":"shipping-taxable","14":"purchasable","15":"product-type-simple"},"yoast_head":"<!-- This site is optimized with the Yoast SEO plugin v27.4 - https:\/\/yoast.com\/product\/yoast-seo-wordpress\/ -->\n<title>Cera de Abelha Pura 500 gr -<\/title>\n<meta name=\"description\" content=\"CERA DE ABELHA PURA 500 G. \u00c9 utilizada para o fabrico de cosm\u00e9ticos, como maquiagens, cremes e batons,medicamentos,Velas artesanais\" \/>\n<meta name=\"robots\" content=\"index, follow, max-snippet:-1, max-image-preview:large, max-video-preview:-1\" \/>\n<link rel=\"canonical\" href=\"https:\/\/divertarte.com\/index.php\/produto\/cera-de-abelha-pura-500-gr\/\" \/>\n<meta property=\"og:locale\" content=\"pt_PT\" \/>\n<meta property=\"og:type\" content=\"article\" \/>\n<meta property=\"og:title\" content=\"Cera de Abelha Pura 500 gr -\" \/>\n<meta property=\"og:description\" content=\"CERA DE ABELHA PURA 500 G. \u00c9 utilizada para o fabrico de cosm\u00e9ticos, como maquiagens, cremes e batons,medicamentos,Velas artesanais\" \/>\n<meta property=\"og:url\" content=\"https:\/\/divertarte.com\/index.php\/produto\/cera-de-abelha-pura-500-gr\/\" \/>\n<meta property=\"article:modified_time\" content=\"2025-11-06T14:00:07+00:00\" \/>\n<meta property=\"og:image\" content=\"https:\/\/divertarte.com\/wp-content\/uploads\/2018\/05\/Cera_abelha_pura.jpg\" \/>\n\t<meta property=\"og:image:width\" content=\"558\" \/>\n\t<meta property=\"og:image:height\" content=\"558\" \/>\n\t<meta property=\"og:image:type\" content=\"image\/jpeg\" \/>\n<meta name=\"twitter:card\" content=\"summary_large_image\" \/>\n<meta name=\"twitter:label1\" content=\"Tempo estimado de leitura\" \/>\n\t<meta name=\"twitter:data1\" content=\"1 minuto\" \/>\n<script type=\"application\/ld+json\" class=\"yoast-schema-graph\">{\"@context\":\"https:\\\/\\\/schema.org\",\"@graph\":[{\"@type\":\"WebPage\",\"@id\":\"https:\\\/\\\/divertarte.com\\\/index.php\\\/produto\\\/cera-de-abelha-pura-500-gr\\\/\",\"url\":\"https:\\\/\\\/divertarte.com\\\/index.php\\\/produto\\\/cera-de-abelha-pura-500-gr\\\/\",\"name\":\"Cera de Abelha Pura 500 gr -\",\"isPartOf\":{\"@id\":\"https:\\\/\\\/divertarte.com\\\/#website\"},\"primaryImageOfPage\":{\"@id\":\"https:\\\/\\\/divertarte.com\\\/index.php\\\/produto\\\/cera-de-abelha-pura-500-gr\\\/#primaryimage\"},\"image\":{\"@id\":\"https:\\\/\\\/divertarte.com\\\/index.php\\\/produto\\\/cera-de-abelha-pura-500-gr\\\/#primaryimage\"},\"thumbnailUrl\":\"https:\\\/\\\/divertarte.com\\\/wp-content\\\/uploads\\\/2018\\\/05\\\/Cera_abelha_pura.jpg\",\"datePublished\":\"2018-06-07T13:05:28+00:00\",\"dateModified\":\"2025-11-06T14:00:07+00:00\",\"description\":\"CERA DE ABELHA PURA 500 G. \u00c9 utilizada para o fabrico de cosm\u00e9ticos, como maquiagens, cremes e batons,medicamentos,Velas artesanais\",\"breadcrumb\":{\"@id\":\"https:\\\/\\\/divertarte.com\\\/index.php\\\/produto\\\/cera-de-abelha-pura-500-gr\\\/#breadcrumb\"},\"inLanguage\":\"pt-PT\",\"potentialAction\":[{\"@type\":\"ReadAction\",\"target\":[\"https:\\\/\\\/divertarte.com\\\/index.php\\\/produto\\\/cera-de-abelha-pura-500-gr\\\/\"]}]},{\"@type\":\"ImageObject\",\"inLanguage\":\"pt-PT\",\"@id\":\"https:\\\/\\\/divertarte.com\\\/index.php\\\/produto\\\/cera-de-abelha-pura-500-gr\\\/#primaryimage\",\"url\":\"https:\\\/\\\/divertarte.com\\\/wp-content\\\/uploads\\\/2018\\\/05\\\/Cera_abelha_pura.jpg\",\"contentUrl\":\"https:\\\/\\\/divertarte.com\\\/wp-content\\\/uploads\\\/2018\\\/05\\\/Cera_abelha_pura.jpg\",\"width\":558,\"height\":558},{\"@type\":\"BreadcrumbList\",\"@id\":\"https:\\\/\\\/divertarte.com\\\/index.php\\\/produto\\\/cera-de-abelha-pura-500-gr\\\/#breadcrumb\",\"itemListElement\":[{\"@type\":\"ListItem\",\"position\":1,\"name\":\"In\u00edcio\",\"item\":\"https:\\\/\\\/divertarte.com\\\/\"},{\"@type\":\"ListItem\",\"position\":2,\"name\":\"Loja\",\"item\":\"https:\\\/\\\/divertarte.com\\\/index.php\\\/divertarte-produtos\\\/\"},{\"@type\":\"ListItem\",\"position\":3,\"name\":\"Cera de Abelha Pura 500 gr\"}]},{\"@type\":\"WebSite\",\"@id\":\"https:\\\/\\\/divertarte.com\\\/#website\",\"url\":\"https:\\\/\\\/divertarte.com\\\/\",\"name\":\"Divertarte\",\"description\":\"\",\"publisher\":{\"@id\":\"https:\\\/\\\/divertarte.com\\\/#organization\"},\"potentialAction\":[{\"@type\":\"SearchAction\",\"target\":{\"@type\":\"EntryPoint\",\"urlTemplate\":\"https:\\\/\\\/divertarte.com\\\/?s={search_term_string}\"},\"query-input\":{\"@type\":\"PropertyValueSpecification\",\"valueRequired\":true,\"valueName\":\"search_term_string\"}}],\"inLanguage\":\"pt-PT\"},{\"@type\":\"Organization\",\"@id\":\"https:\\\/\\\/divertarte.com\\\/#organization\",\"name\":\"Divertarte\",\"url\":\"https:\\\/\\\/divertarte.com\\\/\",\"logo\":{\"@type\":\"ImageObject\",\"inLanguage\":\"pt-PT\",\"@id\":\"https:\\\/\\\/divertarte.com\\\/#\\\/schema\\\/logo\\\/image\\\/\",\"url\":\"https:\\\/\\\/divertarte.com\\\/wp-content\\\/uploads\\\/2018\\\/07\\\/logo-div.jpg\",\"contentUrl\":\"https:\\\/\\\/divertarte.com\\\/wp-content\\\/uploads\\\/2018\\\/07\\\/logo-div.jpg\",\"width\":295,\"height\":123,\"caption\":\"Divertarte\"},\"image\":{\"@id\":\"https:\\\/\\\/divertarte.com\\\/#\\\/schema\\\/logo\\\/image\\\/\"}}]}<\/script>\n<!-- \/ Yoast SEO plugin. -->","yoast_head_json":{"title":"Cera de Abelha Pura 500 gr -","description":"CERA DE ABELHA PURA 500 G. \u00c9 utilizada para o fabrico de cosm\u00e9ticos, como maquiagens, cremes e batons,medicamentos,Velas artesanais","robots":{"index":"index","follow":"follow","max-snippet":"max-snippet:-1","max-image-preview":"max-image-preview:large","max-video-preview":"max-video-preview:-1"},"canonical":"https:\/\/divertarte.com\/index.php\/produto\/cera-de-abelha-pura-500-gr\/","og_locale":"pt_PT","og_type":"article","og_title":"Cera de Abelha Pura 500 gr -","og_description":"CERA DE ABELHA PURA 500 G. \u00c9 utilizada para o fabrico de cosm\u00e9ticos, como maquiagens, cremes e batons,medicamentos,Velas artesanais","og_url":"https:\/\/divertarte.com\/index.php\/produto\/cera-de-abelha-pura-500-gr\/","article_modified_time":"2025-11-06T14:00:07+00:00","og_image":[{"width":558,"height":558,"url":"https:\/\/divertarte.com\/wp-content\/uploads\/2018\/05\/Cera_abelha_pura.jpg","type":"image\/jpeg"}],"twitter_card":"summary_large_image","twitter_misc":{"Tempo estimado de leitura":"1 minuto"},"schema":{"@context":"https:\/\/schema.org","@graph":[{"@type":"WebPage","@id":"https:\/\/divertarte.com\/index.php\/produto\/cera-de-abelha-pura-500-gr\/","url":"https:\/\/divertarte.com\/index.php\/produto\/cera-de-abelha-pura-500-gr\/","name":"Cera de Abelha Pura 500 gr -","isPartOf":{"@id":"https:\/\/divertarte.com\/#website"},"primaryImageOfPage":{"@id":"https:\/\/divertarte.com\/index.php\/produto\/cera-de-abelha-pura-500-gr\/#primaryimage"},"image":{"@id":"https:\/\/divertarte.com\/index.php\/produto\/cera-de-abelha-pura-500-gr\/#primaryimage"},"thumbnailUrl":"https:\/\/divertarte.com\/wp-content\/uploads\/2018\/05\/Cera_abelha_pura.jpg","datePublished":"2018-06-07T13:05:28+00:00","dateModified":"2025-11-06T14:00:07+00:00","description":"CERA DE ABELHA PURA 500 G. \u00c9 utilizada para o fabrico de cosm\u00e9ticos, como maquiagens, cremes e batons,medicamentos,Velas artesanais","breadcrumb":{"@id":"https:\/\/divertarte.com\/index.php\/produto\/cera-de-abelha-pura-500-gr\/#breadcrumb"},"inLanguage":"pt-PT","potentialAction":[{"@type":"ReadAction","target":["https:\/\/divertarte.com\/index.php\/produto\/cera-de-abelha-pura-500-gr\/"]}]},{"@type":"ImageObject","inLanguage":"pt-PT","@id":"https:\/\/divertarte.com\/index.php\/produto\/cera-de-abelha-pura-500-gr\/#primaryimage","url":"https:\/\/divertarte.com\/wp-content\/uploads\/2018\/05\/Cera_abelha_pura.jpg","contentUrl":"https:\/\/divertarte.com\/wp-content\/uploads\/2018\/05\/Cera_abelha_pura.jpg","width":558,"height":558},{"@type":"BreadcrumbList","@id":"https:\/\/divertarte.com\/index.php\/produto\/cera-de-abelha-pura-500-gr\/#breadcrumb","itemListElement":[{"@type":"ListItem","position":1,"name":"In\u00edcio","item":"https:\/\/divertarte.com\/"},{"@type":"ListItem","position":2,"name":"Loja","item":"https:\/\/divertarte.com\/index.php\/divertarte-produtos\/"},{"@type":"ListItem","position":3,"name":"Cera de Abelha Pura 500 gr"}]},{"@type":"WebSite","@id":"https:\/\/divertarte.com\/#website","url":"https:\/\/divertarte.com\/","name":"Divertarte","description":"","publisher":{"@id":"https:\/\/divertarte.com\/#organization"},"potentialAction":[{"@type":"SearchAction","target":{"@type":"EntryPoint","urlTemplate":"https:\/\/divertarte.com\/?s={search_term_string}"},"query-input":{"@type":"PropertyValueSpecification","valueRequired":true,"valueName":"search_term_string"}}],"inLanguage":"pt-PT"},{"@type":"Organization","@id":"https:\/\/divertarte.com\/#organization","name":"Divertarte","url":"https:\/\/divertarte.com\/","logo":{"@type":"ImageObject","inLanguage":"pt-PT","@id":"https:\/\/divertarte.com\/#\/schema\/logo\/image\/","url":"https:\/\/divertarte.com\/wp-content\/uploads\/2018\/07\/logo-div.jpg","contentUrl":"https:\/\/divertarte.com\/wp-content\/uploads\/2018\/07\/logo-div.jpg","width":295,"height":123,"caption":"Divertarte"},"image":{"@id":"https:\/\/divertarte.com\/#\/schema\/logo\/image\/"}}]}},"_links":{"self":[{"href":"https:\/\/divertarte.com\/index.php\/wp-json\/wp\/v2\/product\/4230","targetHints":{"allow":["GET"]}}],"collection":[{"href":"https:\/\/divertarte.com\/index.php\/wp-json\/wp\/v2\/product"}],"about":[{"href":"https:\/\/divertarte.com\/index.php\/wp-json\/wp\/v2\/types\/product"}],"replies":[{"embeddable":true,"href":"https:\/\/divertarte.com\/index.php\/wp-json\/wp\/v2\/comments?post=4230"}],"wp:featuredmedia":[{"embeddable":true,"href":"https:\/\/divertarte.com\/index.php\/wp-json\/wp\/v2\/media\/4887"}],"wp:attachment":[{"href":"https:\/\/divertarte.com\/index.php\/wp-json\/wp\/v2\/media?parent=4230"}],"wp:term":[{"taxonomy":"product_brand","embeddable":true,"href":"https:\/\/divertarte.com\/index.php\/wp-json\/wp\/v2\/product_brand?post=4230"},{"taxonomy":"product_cat","embeddable":true,"href":"https:\/\/divertarte.com\/index.php\/wp-json\/wp\/v2\/product_cat?post=4230"},{"taxonomy":"product_tag","embeddable":true,"href":"https:\/\/divertarte.com\/index.php\/wp-json\/wp\/v2\/product_tag?post=4230"}],"curies":[{"name":"wp","href":"https:\/\/api.w.org\/{rel}","templated":true}]}}