{"id":4227,"date":"2018-06-07T14:05:28","date_gmt":"2018-06-07T13:05:28","guid":{"rendered":"https:\/\/divertarte.com\/index.php\/produto\/extrato-glicolico-hera-200-ml\/"},"modified":"2025-11-06T14:00:07","modified_gmt":"2025-11-06T14:00:07","slug":"extrato-glicolico-de-hera","status":"publish","type":"product","link":"https:\/\/divertarte.com\/index.php\/produto\/extrato-glicolico-de-hera\/","title":{"rendered":"Extrato Glic\u00f3lico Hera"},"content":{"rendered":"<p>Extrato Glic\u00f3lico de Hera<\/p>\n<p>Propriedades medicinais: Analg\u00e9sica, antiespasm\u00f3dica, calmante, cicatrizante, estimulante, hidratante, lipol\u00edtica, vasodilatadora.<\/p>\n<p>Indica\u00e7\u00f5es: Celulite, \u00falceras, ferimentos, queimaduras, asma, bronquite, celulite, laringite, hipertens\u00e3o arterial, nevralgias, gota, escrofulose, ferimentos, reumatismo, neurites, feridas, \u00falceras e calos.<\/p>\n<p><span style=\"color: #ff0000;\"><strong>Contraindicada<\/strong> <span style=\"color: #000000;\">para <\/span><\/span>uso pedi\u00e1trico<\/p>\n<p><strong><span style=\"color: #ff0000;\">Contraindicado<\/span><\/strong> para uso na gesta\u00e7\u00e3o e na amamenta\u00e7\u00e3o<\/p>\n<p>Indicado somente para uso externo em concentra\u00e7\u00f5es de at\u00e9 10%.<br \/>\nAten\u00e7\u00e3o:deve ser adicionado no final da prepara\u00e7\u00e3o cosm\u00e9tica, com o produto em temperatura abaixo de 45\u00b0 C.<\/p>\n<p>Deve ser guardado hermeticamente fechado, ao abrigo da luz solar direta e do calor.<\/p>\n","protected":false},"excerpt":{"rendered":"<p>Extrato Glic\u00f3lico Hera<\/p>\n<p>Propriedades medicinais: Analg\u00e9sica, antiespasm\u00f3dica, calmante, cicatrizante, estimulante, hidratante, lipol\u00edtica, vasodilatadora.<\/p>\n<p>Indica\u00e7\u00f5es: Celulite, \u00falceras, ferimentos, queimaduras, asma, bronquite, celulite, laringite, hipertens\u00e3o arterial, nevralgias, gota, escrofulose, ferimentos, reumatismo, neurites, feridas, \u00falceras e calos.<\/p>\n<p><span style=\"color: #ff0000;\"><strong>Contraindicada<\/strong> <span style=\"color: #000000;\">para <\/span><\/span>uso pedi\u00e1trico<\/p>\n<p><strong><span style=\"color: #ff0000;\">Contraindicado<\/span><\/strong> para uso na gesta\u00e7\u00e3o e na amamenta\u00e7\u00e3o<\/p>\n<p>Indicado somente para uso externo em concentra\u00e7\u00f5es de at\u00e9 10%.<br \/>\nAten\u00e7\u00e3o:deve ser adicionado no final da prepara\u00e7\u00e3o cosm\u00e9tica, com o produto em temperatura abaixo de 45\u00b0 C.<\/p>\n<p>Deve ser guardado hermeticamente fechado, ao abrigo da luz solar direta e do calor.<\/p>\n","protected":false},"featured_media":13963,"comment_status":"closed","ping_status":"closed","template":"","meta":{"_exactmetrics_skip_tracking":false,"_exactmetrics_sitenote_active":false,"_exactmetrics_sitenote_note":"","_exactmetrics_sitenote_category":0},"product_brand":[],"product_cat":[386,303,381,15],"product_tag":[],"class_list":{"0":"post-4227","1":"product","2":"type-product","3":"status-publish","4":"has-post-thumbnail","6":"product_cat-estratos-glicolicos","7":"product_cat-extratos-glicolicos-de-plantas-e-frutas","8":"product_cat-materiais-para-sabonetes","9":"product_cat-ver-todos-os-produtos","11":"first","12":"instock","13":"taxable","14":"shipping-taxable","15":"purchasable","16":"product-type-variable"},"yoast_head":"<!-- This site is optimized with the Yoast SEO plugin v27.5 - https:\/\/yoast.com\/product\/yoast-seo-wordpress\/ -->\n<title>Extrato Glic\u00f3lico Hera - Celulite, reumatismo, gota, calos,\u00falceras<\/title>\n<meta name=\"description\" content=\"Celulite,\u00falceras,ferimentos,queimaduras,asma,bronquite, laringite,hipertens\u00e3o, nevralgias,gota,escrofulose,reumatismo,calos.\" \/>\n<meta name=\"robots\" content=\"index, follow, max-snippet:-1, max-image-preview:large, max-video-preview:-1\" \/>\n<link rel=\"canonical\" href=\"https:\/\/divertarte.com\/index.php\/produto\/extrato-glicolico-de-hera\/\" \/>\n<meta property=\"og:locale\" content=\"pt_PT\" \/>\n<meta property=\"og:type\" content=\"article\" \/>\n<meta property=\"og:title\" content=\"Extrato Glic\u00f3lico Hera - Celulite, reumatismo, gota, calos,\u00falceras\" \/>\n<meta property=\"og:description\" content=\"Celulite,\u00falceras,ferimentos,queimaduras,asma,bronquite, laringite,hipertens\u00e3o, nevralgias,gota,escrofulose,reumatismo,calos.\" \/>\n<meta property=\"og:url\" content=\"https:\/\/divertarte.com\/index.php\/produto\/extrato-glicolico-de-hera\/\" \/>\n<meta property=\"article:modified_time\" content=\"2025-11-06T14:00:07+00:00\" \/>\n<meta property=\"og:image\" content=\"https:\/\/divertarte.com\/wp-content\/uploads\/2018\/06\/extrato_glicolico_hera_300.png\" \/>\n\t<meta property=\"og:image:width\" content=\"300\" \/>\n\t<meta property=\"og:image:height\" content=\"300\" \/>\n\t<meta property=\"og:image:type\" content=\"image\/png\" \/>\n<meta name=\"twitter:card\" content=\"summary_large_image\" \/>\n<meta name=\"twitter:label1\" content=\"Tempo estimado de leitura\" \/>\n\t<meta name=\"twitter:data1\" content=\"1 minuto\" \/>\n<script type=\"application\/ld+json\" class=\"yoast-schema-graph\">{\"@context\":\"https:\\\/\\\/schema.org\",\"@graph\":[{\"@type\":\"WebPage\",\"@id\":\"https:\\\/\\\/divertarte.com\\\/index.php\\\/produto\\\/extrato-glicolico-de-hera\\\/\",\"url\":\"https:\\\/\\\/divertarte.com\\\/index.php\\\/produto\\\/extrato-glicolico-de-hera\\\/\",\"name\":\"Extrato Glic\u00f3lico Hera - Celulite, reumatismo, gota, calos,\u00falceras\",\"isPartOf\":{\"@id\":\"https:\\\/\\\/divertarte.com\\\/#website\"},\"primaryImageOfPage\":{\"@id\":\"https:\\\/\\\/divertarte.com\\\/index.php\\\/produto\\\/extrato-glicolico-de-hera\\\/#primaryimage\"},\"image\":{\"@id\":\"https:\\\/\\\/divertarte.com\\\/index.php\\\/produto\\\/extrato-glicolico-de-hera\\\/#primaryimage\"},\"thumbnailUrl\":\"https:\\\/\\\/divertarte.com\\\/wp-content\\\/uploads\\\/2018\\\/06\\\/extrato_glicolico_hera_300.png\",\"datePublished\":\"2018-06-07T13:05:28+00:00\",\"dateModified\":\"2025-11-06T14:00:07+00:00\",\"description\":\"Celulite,\u00falceras,ferimentos,queimaduras,asma,bronquite, laringite,hipertens\u00e3o, nevralgias,gota,escrofulose,reumatismo,calos.\",\"breadcrumb\":{\"@id\":\"https:\\\/\\\/divertarte.com\\\/index.php\\\/produto\\\/extrato-glicolico-de-hera\\\/#breadcrumb\"},\"inLanguage\":\"pt-PT\",\"potentialAction\":[{\"@type\":\"ReadAction\",\"target\":[\"https:\\\/\\\/divertarte.com\\\/index.php\\\/produto\\\/extrato-glicolico-de-hera\\\/\"]}]},{\"@type\":\"ImageObject\",\"inLanguage\":\"pt-PT\",\"@id\":\"https:\\\/\\\/divertarte.com\\\/index.php\\\/produto\\\/extrato-glicolico-de-hera\\\/#primaryimage\",\"url\":\"https:\\\/\\\/divertarte.com\\\/wp-content\\\/uploads\\\/2018\\\/06\\\/extrato_glicolico_hera_300.png\",\"contentUrl\":\"https:\\\/\\\/divertarte.com\\\/wp-content\\\/uploads\\\/2018\\\/06\\\/extrato_glicolico_hera_300.png\",\"width\":300,\"height\":300},{\"@type\":\"BreadcrumbList\",\"@id\":\"https:\\\/\\\/divertarte.com\\\/index.php\\\/produto\\\/extrato-glicolico-de-hera\\\/#breadcrumb\",\"itemListElement\":[{\"@type\":\"ListItem\",\"position\":1,\"name\":\"In\u00edcio\",\"item\":\"https:\\\/\\\/divertarte.com\\\/\"},{\"@type\":\"ListItem\",\"position\":2,\"name\":\"Loja\",\"item\":\"https:\\\/\\\/divertarte.com\\\/index.php\\\/divertarte-produtos\\\/\"},{\"@type\":\"ListItem\",\"position\":3,\"name\":\"Extrato Glic\u00f3lico Hera\"}]},{\"@type\":\"WebSite\",\"@id\":\"https:\\\/\\\/divertarte.com\\\/#website\",\"url\":\"https:\\\/\\\/divertarte.com\\\/\",\"name\":\"Divertarte\",\"description\":\"\",\"publisher\":{\"@id\":\"https:\\\/\\\/divertarte.com\\\/#organization\"},\"potentialAction\":[{\"@type\":\"SearchAction\",\"target\":{\"@type\":\"EntryPoint\",\"urlTemplate\":\"https:\\\/\\\/divertarte.com\\\/?s={search_term_string}\"},\"query-input\":{\"@type\":\"PropertyValueSpecification\",\"valueRequired\":true,\"valueName\":\"search_term_string\"}}],\"inLanguage\":\"pt-PT\"},{\"@type\":\"Organization\",\"@id\":\"https:\\\/\\\/divertarte.com\\\/#organization\",\"name\":\"Divertarte\",\"url\":\"https:\\\/\\\/divertarte.com\\\/\",\"logo\":{\"@type\":\"ImageObject\",\"inLanguage\":\"pt-PT\",\"@id\":\"https:\\\/\\\/divertarte.com\\\/#\\\/schema\\\/logo\\\/image\\\/\",\"url\":\"https:\\\/\\\/divertarte.com\\\/wp-content\\\/uploads\\\/2018\\\/07\\\/logo-div.jpg\",\"contentUrl\":\"https:\\\/\\\/divertarte.com\\\/wp-content\\\/uploads\\\/2018\\\/07\\\/logo-div.jpg\",\"width\":295,\"height\":123,\"caption\":\"Divertarte\"},\"image\":{\"@id\":\"https:\\\/\\\/divertarte.com\\\/#\\\/schema\\\/logo\\\/image\\\/\"}}]}<\/script>\n<!-- \/ Yoast SEO plugin. -->","yoast_head_json":{"title":"Extrato Glic\u00f3lico Hera - Celulite, reumatismo, gota, calos,\u00falceras","description":"Celulite,\u00falceras,ferimentos,queimaduras,asma,bronquite, laringite,hipertens\u00e3o, nevralgias,gota,escrofulose,reumatismo,calos.","robots":{"index":"index","follow":"follow","max-snippet":"max-snippet:-1","max-image-preview":"max-image-preview:large","max-video-preview":"max-video-preview:-1"},"canonical":"https:\/\/divertarte.com\/index.php\/produto\/extrato-glicolico-de-hera\/","og_locale":"pt_PT","og_type":"article","og_title":"Extrato Glic\u00f3lico Hera - Celulite, reumatismo, gota, calos,\u00falceras","og_description":"Celulite,\u00falceras,ferimentos,queimaduras,asma,bronquite, laringite,hipertens\u00e3o, nevralgias,gota,escrofulose,reumatismo,calos.","og_url":"https:\/\/divertarte.com\/index.php\/produto\/extrato-glicolico-de-hera\/","article_modified_time":"2025-11-06T14:00:07+00:00","og_image":[{"width":300,"height":300,"url":"https:\/\/divertarte.com\/wp-content\/uploads\/2018\/06\/extrato_glicolico_hera_300.png","type":"image\/png"}],"twitter_card":"summary_large_image","twitter_misc":{"Tempo estimado de leitura":"1 minuto"},"schema":{"@context":"https:\/\/schema.org","@graph":[{"@type":"WebPage","@id":"https:\/\/divertarte.com\/index.php\/produto\/extrato-glicolico-de-hera\/","url":"https:\/\/divertarte.com\/index.php\/produto\/extrato-glicolico-de-hera\/","name":"Extrato Glic\u00f3lico Hera - Celulite, reumatismo, gota, calos,\u00falceras","isPartOf":{"@id":"https:\/\/divertarte.com\/#website"},"primaryImageOfPage":{"@id":"https:\/\/divertarte.com\/index.php\/produto\/extrato-glicolico-de-hera\/#primaryimage"},"image":{"@id":"https:\/\/divertarte.com\/index.php\/produto\/extrato-glicolico-de-hera\/#primaryimage"},"thumbnailUrl":"https:\/\/divertarte.com\/wp-content\/uploads\/2018\/06\/extrato_glicolico_hera_300.png","datePublished":"2018-06-07T13:05:28+00:00","dateModified":"2025-11-06T14:00:07+00:00","description":"Celulite,\u00falceras,ferimentos,queimaduras,asma,bronquite, laringite,hipertens\u00e3o, nevralgias,gota,escrofulose,reumatismo,calos.","breadcrumb":{"@id":"https:\/\/divertarte.com\/index.php\/produto\/extrato-glicolico-de-hera\/#breadcrumb"},"inLanguage":"pt-PT","potentialAction":[{"@type":"ReadAction","target":["https:\/\/divertarte.com\/index.php\/produto\/extrato-glicolico-de-hera\/"]}]},{"@type":"ImageObject","inLanguage":"pt-PT","@id":"https:\/\/divertarte.com\/index.php\/produto\/extrato-glicolico-de-hera\/#primaryimage","url":"https:\/\/divertarte.com\/wp-content\/uploads\/2018\/06\/extrato_glicolico_hera_300.png","contentUrl":"https:\/\/divertarte.com\/wp-content\/uploads\/2018\/06\/extrato_glicolico_hera_300.png","width":300,"height":300},{"@type":"BreadcrumbList","@id":"https:\/\/divertarte.com\/index.php\/produto\/extrato-glicolico-de-hera\/#breadcrumb","itemListElement":[{"@type":"ListItem","position":1,"name":"In\u00edcio","item":"https:\/\/divertarte.com\/"},{"@type":"ListItem","position":2,"name":"Loja","item":"https:\/\/divertarte.com\/index.php\/divertarte-produtos\/"},{"@type":"ListItem","position":3,"name":"Extrato Glic\u00f3lico Hera"}]},{"@type":"WebSite","@id":"https:\/\/divertarte.com\/#website","url":"https:\/\/divertarte.com\/","name":"Divertarte","description":"","publisher":{"@id":"https:\/\/divertarte.com\/#organization"},"potentialAction":[{"@type":"SearchAction","target":{"@type":"EntryPoint","urlTemplate":"https:\/\/divertarte.com\/?s={search_term_string}"},"query-input":{"@type":"PropertyValueSpecification","valueRequired":true,"valueName":"search_term_string"}}],"inLanguage":"pt-PT"},{"@type":"Organization","@id":"https:\/\/divertarte.com\/#organization","name":"Divertarte","url":"https:\/\/divertarte.com\/","logo":{"@type":"ImageObject","inLanguage":"pt-PT","@id":"https:\/\/divertarte.com\/#\/schema\/logo\/image\/","url":"https:\/\/divertarte.com\/wp-content\/uploads\/2018\/07\/logo-div.jpg","contentUrl":"https:\/\/divertarte.com\/wp-content\/uploads\/2018\/07\/logo-div.jpg","width":295,"height":123,"caption":"Divertarte"},"image":{"@id":"https:\/\/divertarte.com\/#\/schema\/logo\/image\/"}}]}},"_links":{"self":[{"href":"https:\/\/divertarte.com\/index.php\/wp-json\/wp\/v2\/product\/4227","targetHints":{"allow":["GET"]}}],"collection":[{"href":"https:\/\/divertarte.com\/index.php\/wp-json\/wp\/v2\/product"}],"about":[{"href":"https:\/\/divertarte.com\/index.php\/wp-json\/wp\/v2\/types\/product"}],"replies":[{"embeddable":true,"href":"https:\/\/divertarte.com\/index.php\/wp-json\/wp\/v2\/comments?post=4227"}],"wp:featuredmedia":[{"embeddable":true,"href":"https:\/\/divertarte.com\/index.php\/wp-json\/wp\/v2\/media\/13963"}],"wp:attachment":[{"href":"https:\/\/divertarte.com\/index.php\/wp-json\/wp\/v2\/media?parent=4227"}],"wp:term":[{"taxonomy":"product_brand","embeddable":true,"href":"https:\/\/divertarte.com\/index.php\/wp-json\/wp\/v2\/product_brand?post=4227"},{"taxonomy":"product_cat","embeddable":true,"href":"https:\/\/divertarte.com\/index.php\/wp-json\/wp\/v2\/product_cat?post=4227"},{"taxonomy":"product_tag","embeddable":true,"href":"https:\/\/divertarte.com\/index.php\/wp-json\/wp\/v2\/product_tag?post=4227"}],"curies":[{"name":"wp","href":"https:\/\/api.w.org\/{rel}","templated":true}]}}