{"id":4224,"date":"2018-06-07T14:04:30","date_gmt":"2018-06-07T13:04:30","guid":{"rendered":"https:\/\/divertarte.com\/index.php\/produto\/extrato-glicolico-aveia-200ml\/"},"modified":"2026-03-13T10:56:30","modified_gmt":"2026-03-13T10:56:30","slug":"extrato-glicolico-aveia-200ml","status":"publish","type":"product","link":"https:\/\/divertarte.com\/index.php\/produto\/extrato-glicolico-aveia-200ml\/","title":{"rendered":"Extrato Glic\u00f3lico Aveia"},"content":{"rendered":"<p>Extrato Glic\u00f3lico de Aveia\u00a0cont\u00e9m os princ\u00edpios ativos constituintes da pr\u00f3pria planta, que incluem beta-glucanos (para melhorar a massa moscular) saponinas, polifen\u00f3is. Al\u00e9m disso \u00e9 rico em sais minerais, amino\u00e1cidos, vitaminas do grupo B, vitaminas K e E, pro-vitamina A, B1, prot\u00eddeos, albumina. E igualmente lip\u00eddos, lecitina, a\u00e7\u00facares, gomas, enzimas, alcal\u00f3ide trigoneline, pectina e \u00e1cido sil\u00edcico.<br \/>\n\u00c9 considerado muito ben\u00e9fico para a pele e as suas propriedades mais conhecidas s\u00e3o: emoliente, nutritivo, hidratante, suavizante e cicatrizante.<br \/>\nPROPRIEDADES E EMPREGOS TERAPEUTICOS<br \/>\nExtrato glic\u00f3lico de Aveia \u00e9 suavizante, remineralizante, restauradora de tecidos, nutritiva, hidratante, e emoliente.<br \/>\nAl\u00e9m disso o Extrato Glic\u00f3lico de Aveia tem a\u00e7\u00e3o: emoliente, nutritiva, hidratante, remineralizante, restauradora de tecidos, suavizante e amaciante.<br \/>\nPoder\u00e1 ser incorporado em cremes, lo\u00e7\u00f5es cremosas, hidroalco\u00f3licas ou t\u00e9cnicas, g\u00e9is, e produtos para banho. Igualmente para sabonetes, lo\u00e7\u00e3o de limpeza, m\u00e1scaras faciais, prepara\u00e7\u00f5es capilares, e tamb\u00e9m para produtos para pele sens\u00edvel e delicada, e cosm\u00e9ticos em geral.<br \/>\nIndicado somente para uso externo .<br \/>\nAplica\u00e7\u00f5es<br \/>\nHidratantes faciais e corporais, Hidratantes para peles sens\u00edveis e\/ou at\u00f3picas, Cremes para as m\u00e3os, Emuls\u00f5es nutritivas, Champoos e condicionadores para cabelos secos. Assim como em Sabonetes hidratantes, Lo\u00e7\u00f5es P\u00f3s-Sol, B\u00e1lsamos p\u00f3s-barba e p\u00f3s-depilat\u00f3rio<br \/>\nConcentra\u00e7\u00e3o de Uso: usualmente de 1 a 10%<br \/>\nAten\u00e7\u00e3o: O Extrato Glic\u00f3lico deve ser adicionado no final da prepara\u00e7\u00e3o cosm\u00e9tica, com o produto em temperatura abaixo de 45\u00ba C.<br \/>\nOBS: Extratos vegetais podem, durante o armazenamento, produzir uma sedimenta\u00e7\u00e3o leve, a qual \u00e9 aceit\u00e1vel desde que a composi\u00e7\u00e3o qu\u00edmica do extrato n\u00e3o mude significativamente.<\/p>\n","protected":false},"excerpt":{"rendered":"<p>Extrato Glic\u00f3lico de Aveia<\/p>\n<p>cont\u00e9m os princ\u00edpios ativos constituintes da pr\u00f3pria planta, que incluem beta-glucans, saponinas, polifen\u00f3is, sais minerais, amino\u00e1cidos, vitaminas do grupo B, vitaminas K e E, pro-vitamina A, B1, amino\u00e1cidos, prot\u00eddeos, albumina, lip\u00eddos, lecitina, a\u00e7\u00facares, gomas, enzimas, alcal\u00f3ide trigoneline, pectina e \u00e1cido sil\u00edcico.<br \/>\n\u00c9 considerado muito ben\u00e9fico para a pele e as suas propriedades mais conhecidas s\u00e3o: emoliente, nutritivo, hidratante, suavizante e cicatrizante.<\/p>\n","protected":false},"featured_media":13967,"comment_status":"closed","ping_status":"closed","template":"","meta":{"_exactmetrics_skip_tracking":false,"_exactmetrics_sitenote_active":false,"_exactmetrics_sitenote_note":"","_exactmetrics_sitenote_category":0},"product_brand":[],"product_cat":[386,303,381,15],"product_tag":[],"class_list":{"0":"post-4224","1":"product","2":"type-product","3":"status-publish","4":"has-post-thumbnail","6":"product_cat-estratos-glicolicos","7":"product_cat-extratos-glicolicos-de-plantas-e-frutas","8":"product_cat-materiais-para-sabonetes","9":"product_cat-ver-todos-os-produtos","11":"first","12":"instock","13":"taxable","14":"shipping-taxable","15":"purchasable","16":"product-type-variable"},"yoast_head":"<!-- This site is optimized with the Yoast SEO plugin v27.5 - https:\/\/yoast.com\/product\/yoast-seo-wordpress\/ -->\n<title>Extrato Glic\u00f3lico Aveia - suavizante, restaurador de tecidos<\/title>\n<meta name=\"description\" content=\"Extrato Glic\u00f3lico de Aveia,cont\u00e9m os princ\u00edpios ativos ideais para hidratantes faciais e corporais, Cremes para as m\u00e3os, Emuls\u00f5es nutritivas,\" \/>\n<meta name=\"robots\" content=\"index, follow, max-snippet:-1, max-image-preview:large, max-video-preview:-1\" \/>\n<link rel=\"canonical\" href=\"https:\/\/divertarte.com\/index.php\/produto\/extrato-glicolico-aveia-200ml\/\" \/>\n<meta property=\"og:locale\" content=\"pt_PT\" \/>\n<meta property=\"og:type\" content=\"article\" \/>\n<meta property=\"og:title\" content=\"Extrato Glic\u00f3lico Aveia - suavizante, restaurador de tecidos\" \/>\n<meta property=\"og:description\" content=\"Extrato Glic\u00f3lico de Aveia,cont\u00e9m os princ\u00edpios ativos ideais para hidratantes faciais e corporais, Cremes para as m\u00e3os, Emuls\u00f5es nutritivas,\" \/>\n<meta property=\"og:url\" content=\"https:\/\/divertarte.com\/index.php\/produto\/extrato-glicolico-aveia-200ml\/\" \/>\n<meta property=\"article:modified_time\" content=\"2026-03-13T10:56:30+00:00\" \/>\n<meta property=\"og:image\" content=\"https:\/\/divertarte.com\/wp-content\/uploads\/2018\/06\/extrato_glicolico_aveia_300.png\" \/>\n\t<meta property=\"og:image:width\" content=\"300\" \/>\n\t<meta property=\"og:image:height\" content=\"300\" \/>\n\t<meta property=\"og:image:type\" content=\"image\/png\" \/>\n<meta name=\"twitter:card\" content=\"summary_large_image\" \/>\n<meta name=\"twitter:label1\" content=\"Tempo estimado de leitura\" \/>\n\t<meta name=\"twitter:data1\" content=\"1 minuto\" \/>\n<script type=\"application\/ld+json\" class=\"yoast-schema-graph\">{\"@context\":\"https:\\\/\\\/schema.org\",\"@graph\":[{\"@type\":\"WebPage\",\"@id\":\"https:\\\/\\\/divertarte.com\\\/index.php\\\/produto\\\/extrato-glicolico-aveia-200ml\\\/\",\"url\":\"https:\\\/\\\/divertarte.com\\\/index.php\\\/produto\\\/extrato-glicolico-aveia-200ml\\\/\",\"name\":\"Extrato Glic\u00f3lico Aveia - suavizante, restaurador de tecidos\",\"isPartOf\":{\"@id\":\"https:\\\/\\\/divertarte.com\\\/#website\"},\"primaryImageOfPage\":{\"@id\":\"https:\\\/\\\/divertarte.com\\\/index.php\\\/produto\\\/extrato-glicolico-aveia-200ml\\\/#primaryimage\"},\"image\":{\"@id\":\"https:\\\/\\\/divertarte.com\\\/index.php\\\/produto\\\/extrato-glicolico-aveia-200ml\\\/#primaryimage\"},\"thumbnailUrl\":\"https:\\\/\\\/divertarte.com\\\/wp-content\\\/uploads\\\/2018\\\/06\\\/extrato_glicolico_aveia_300.png\",\"datePublished\":\"2018-06-07T13:04:30+00:00\",\"dateModified\":\"2026-03-13T10:56:30+00:00\",\"description\":\"Extrato Glic\u00f3lico de Aveia,cont\u00e9m os princ\u00edpios ativos ideais para hidratantes faciais e corporais, Cremes para as m\u00e3os, Emuls\u00f5es nutritivas,\",\"breadcrumb\":{\"@id\":\"https:\\\/\\\/divertarte.com\\\/index.php\\\/produto\\\/extrato-glicolico-aveia-200ml\\\/#breadcrumb\"},\"inLanguage\":\"pt-PT\",\"potentialAction\":[{\"@type\":\"ReadAction\",\"target\":[\"https:\\\/\\\/divertarte.com\\\/index.php\\\/produto\\\/extrato-glicolico-aveia-200ml\\\/\"]}]},{\"@type\":\"ImageObject\",\"inLanguage\":\"pt-PT\",\"@id\":\"https:\\\/\\\/divertarte.com\\\/index.php\\\/produto\\\/extrato-glicolico-aveia-200ml\\\/#primaryimage\",\"url\":\"https:\\\/\\\/divertarte.com\\\/wp-content\\\/uploads\\\/2018\\\/06\\\/extrato_glicolico_aveia_300.png\",\"contentUrl\":\"https:\\\/\\\/divertarte.com\\\/wp-content\\\/uploads\\\/2018\\\/06\\\/extrato_glicolico_aveia_300.png\",\"width\":300,\"height\":300},{\"@type\":\"BreadcrumbList\",\"@id\":\"https:\\\/\\\/divertarte.com\\\/index.php\\\/produto\\\/extrato-glicolico-aveia-200ml\\\/#breadcrumb\",\"itemListElement\":[{\"@type\":\"ListItem\",\"position\":1,\"name\":\"In\u00edcio\",\"item\":\"https:\\\/\\\/divertarte.com\\\/\"},{\"@type\":\"ListItem\",\"position\":2,\"name\":\"Loja\",\"item\":\"https:\\\/\\\/divertarte.com\\\/index.php\\\/divertarte-produtos\\\/\"},{\"@type\":\"ListItem\",\"position\":3,\"name\":\"Extrato Glic\u00f3lico Aveia\"}]},{\"@type\":\"WebSite\",\"@id\":\"https:\\\/\\\/divertarte.com\\\/#website\",\"url\":\"https:\\\/\\\/divertarte.com\\\/\",\"name\":\"Divertarte\",\"description\":\"\",\"publisher\":{\"@id\":\"https:\\\/\\\/divertarte.com\\\/#organization\"},\"potentialAction\":[{\"@type\":\"SearchAction\",\"target\":{\"@type\":\"EntryPoint\",\"urlTemplate\":\"https:\\\/\\\/divertarte.com\\\/?s={search_term_string}\"},\"query-input\":{\"@type\":\"PropertyValueSpecification\",\"valueRequired\":true,\"valueName\":\"search_term_string\"}}],\"inLanguage\":\"pt-PT\"},{\"@type\":\"Organization\",\"@id\":\"https:\\\/\\\/divertarte.com\\\/#organization\",\"name\":\"Divertarte\",\"url\":\"https:\\\/\\\/divertarte.com\\\/\",\"logo\":{\"@type\":\"ImageObject\",\"inLanguage\":\"pt-PT\",\"@id\":\"https:\\\/\\\/divertarte.com\\\/#\\\/schema\\\/logo\\\/image\\\/\",\"url\":\"https:\\\/\\\/divertarte.com\\\/wp-content\\\/uploads\\\/2018\\\/07\\\/logo-div.jpg\",\"contentUrl\":\"https:\\\/\\\/divertarte.com\\\/wp-content\\\/uploads\\\/2018\\\/07\\\/logo-div.jpg\",\"width\":295,\"height\":123,\"caption\":\"Divertarte\"},\"image\":{\"@id\":\"https:\\\/\\\/divertarte.com\\\/#\\\/schema\\\/logo\\\/image\\\/\"}}]}<\/script>\n<!-- \/ Yoast SEO plugin. -->","yoast_head_json":{"title":"Extrato Glic\u00f3lico Aveia - suavizante, restaurador de tecidos","description":"Extrato Glic\u00f3lico de Aveia,cont\u00e9m os princ\u00edpios ativos ideais para hidratantes faciais e corporais, Cremes para as m\u00e3os, Emuls\u00f5es nutritivas,","robots":{"index":"index","follow":"follow","max-snippet":"max-snippet:-1","max-image-preview":"max-image-preview:large","max-video-preview":"max-video-preview:-1"},"canonical":"https:\/\/divertarte.com\/index.php\/produto\/extrato-glicolico-aveia-200ml\/","og_locale":"pt_PT","og_type":"article","og_title":"Extrato Glic\u00f3lico Aveia - suavizante, restaurador de tecidos","og_description":"Extrato Glic\u00f3lico de Aveia,cont\u00e9m os princ\u00edpios ativos ideais para hidratantes faciais e corporais, Cremes para as m\u00e3os, Emuls\u00f5es nutritivas,","og_url":"https:\/\/divertarte.com\/index.php\/produto\/extrato-glicolico-aveia-200ml\/","article_modified_time":"2026-03-13T10:56:30+00:00","og_image":[{"width":300,"height":300,"url":"https:\/\/divertarte.com\/wp-content\/uploads\/2018\/06\/extrato_glicolico_aveia_300.png","type":"image\/png"}],"twitter_card":"summary_large_image","twitter_misc":{"Tempo estimado de leitura":"1 minuto"},"schema":{"@context":"https:\/\/schema.org","@graph":[{"@type":"WebPage","@id":"https:\/\/divertarte.com\/index.php\/produto\/extrato-glicolico-aveia-200ml\/","url":"https:\/\/divertarte.com\/index.php\/produto\/extrato-glicolico-aveia-200ml\/","name":"Extrato Glic\u00f3lico Aveia - suavizante, restaurador de tecidos","isPartOf":{"@id":"https:\/\/divertarte.com\/#website"},"primaryImageOfPage":{"@id":"https:\/\/divertarte.com\/index.php\/produto\/extrato-glicolico-aveia-200ml\/#primaryimage"},"image":{"@id":"https:\/\/divertarte.com\/index.php\/produto\/extrato-glicolico-aveia-200ml\/#primaryimage"},"thumbnailUrl":"https:\/\/divertarte.com\/wp-content\/uploads\/2018\/06\/extrato_glicolico_aveia_300.png","datePublished":"2018-06-07T13:04:30+00:00","dateModified":"2026-03-13T10:56:30+00:00","description":"Extrato Glic\u00f3lico de Aveia,cont\u00e9m os princ\u00edpios ativos ideais para hidratantes faciais e corporais, Cremes para as m\u00e3os, Emuls\u00f5es nutritivas,","breadcrumb":{"@id":"https:\/\/divertarte.com\/index.php\/produto\/extrato-glicolico-aveia-200ml\/#breadcrumb"},"inLanguage":"pt-PT","potentialAction":[{"@type":"ReadAction","target":["https:\/\/divertarte.com\/index.php\/produto\/extrato-glicolico-aveia-200ml\/"]}]},{"@type":"ImageObject","inLanguage":"pt-PT","@id":"https:\/\/divertarte.com\/index.php\/produto\/extrato-glicolico-aveia-200ml\/#primaryimage","url":"https:\/\/divertarte.com\/wp-content\/uploads\/2018\/06\/extrato_glicolico_aveia_300.png","contentUrl":"https:\/\/divertarte.com\/wp-content\/uploads\/2018\/06\/extrato_glicolico_aveia_300.png","width":300,"height":300},{"@type":"BreadcrumbList","@id":"https:\/\/divertarte.com\/index.php\/produto\/extrato-glicolico-aveia-200ml\/#breadcrumb","itemListElement":[{"@type":"ListItem","position":1,"name":"In\u00edcio","item":"https:\/\/divertarte.com\/"},{"@type":"ListItem","position":2,"name":"Loja","item":"https:\/\/divertarte.com\/index.php\/divertarte-produtos\/"},{"@type":"ListItem","position":3,"name":"Extrato Glic\u00f3lico Aveia"}]},{"@type":"WebSite","@id":"https:\/\/divertarte.com\/#website","url":"https:\/\/divertarte.com\/","name":"Divertarte","description":"","publisher":{"@id":"https:\/\/divertarte.com\/#organization"},"potentialAction":[{"@type":"SearchAction","target":{"@type":"EntryPoint","urlTemplate":"https:\/\/divertarte.com\/?s={search_term_string}"},"query-input":{"@type":"PropertyValueSpecification","valueRequired":true,"valueName":"search_term_string"}}],"inLanguage":"pt-PT"},{"@type":"Organization","@id":"https:\/\/divertarte.com\/#organization","name":"Divertarte","url":"https:\/\/divertarte.com\/","logo":{"@type":"ImageObject","inLanguage":"pt-PT","@id":"https:\/\/divertarte.com\/#\/schema\/logo\/image\/","url":"https:\/\/divertarte.com\/wp-content\/uploads\/2018\/07\/logo-div.jpg","contentUrl":"https:\/\/divertarte.com\/wp-content\/uploads\/2018\/07\/logo-div.jpg","width":295,"height":123,"caption":"Divertarte"},"image":{"@id":"https:\/\/divertarte.com\/#\/schema\/logo\/image\/"}}]}},"_links":{"self":[{"href":"https:\/\/divertarte.com\/index.php\/wp-json\/wp\/v2\/product\/4224","targetHints":{"allow":["GET"]}}],"collection":[{"href":"https:\/\/divertarte.com\/index.php\/wp-json\/wp\/v2\/product"}],"about":[{"href":"https:\/\/divertarte.com\/index.php\/wp-json\/wp\/v2\/types\/product"}],"replies":[{"embeddable":true,"href":"https:\/\/divertarte.com\/index.php\/wp-json\/wp\/v2\/comments?post=4224"}],"wp:featuredmedia":[{"embeddable":true,"href":"https:\/\/divertarte.com\/index.php\/wp-json\/wp\/v2\/media\/13967"}],"wp:attachment":[{"href":"https:\/\/divertarte.com\/index.php\/wp-json\/wp\/v2\/media?parent=4224"}],"wp:term":[{"taxonomy":"product_brand","embeddable":true,"href":"https:\/\/divertarte.com\/index.php\/wp-json\/wp\/v2\/product_brand?post=4224"},{"taxonomy":"product_cat","embeddable":true,"href":"https:\/\/divertarte.com\/index.php\/wp-json\/wp\/v2\/product_cat?post=4224"},{"taxonomy":"product_tag","embeddable":true,"href":"https:\/\/divertarte.com\/index.php\/wp-json\/wp\/v2\/product_tag?post=4224"}],"curies":[{"name":"wp","href":"https:\/\/api.w.org\/{rel}","templated":true}]}}