{"id":4216,"date":"2018-06-07T14:04:30","date_gmt":"2018-06-07T13:04:30","guid":{"rendered":"https:\/\/divertarte.com\/index.php\/produto\/extrato-glicolico-cha-verde-200ml\/"},"modified":"2026-02-20T10:35:55","modified_gmt":"2026-02-20T10:35:55","slug":"extrato-glicolico-cha-verde-200ml","status":"publish","type":"product","link":"https:\/\/divertarte.com\/index.php\/produto\/extrato-glicolico-cha-verde-200ml\/","title":{"rendered":"Extrato Glic\u00f3lico Ch\u00e1 Verde"},"content":{"rendered":"<p>Extrato Glic\u00f3lico Ch\u00e1 Verde , \u00e9 estimulante, adstringente<\/p>\n<p>PRINC\u00cdPIOS ATIVOS<br \/>\nO Ch\u00e1 Verde cont\u00e9m: bases xant\u00ednicas (cafe\u00edna e teofilina); proantocianidinas (procianidinas, teasinensinas e asamica\u00ednas); flavon\u00f3ides (flavanonas, epicatecol, epigalocatecol e seus \u00e9steres g\u00e1licos); taninos (\u00e1cido galot\u00e2nico); vitaminas do complexo B; sais minerais (F, Ca, K, Mg); \u00e1cidos fen\u00f3licos, clorog\u00eanico, caf\u00eaico e g\u00e1lico.<\/p>\n<p>PROPRIEDADES<br \/>\nEstimulante, adstringente, antioxidante, antilip\u00e9mico, adelga\u00e7ante, antibacteriano. Melhora a microcircula\u00e7\u00e3o perif\u00e9rica, normalizando a permeabilidade capilar.<br \/>\nAtua tamb\u00e9m como anti-radicais livres por diminuir os n\u00edveis de ferritina e de per\u00f3xidos lip\u00eddicos caracterizando um potente efeito antioxidante na pele e no organismo como um todo.<\/p>\n<p>APLICA\u00c7\u00c3O<br \/>\nConfere \u00e0 pele tonifica\u00e7\u00e3o e suavidade.<br \/>\nReduzir a adiposidade (gorduras) localizadas.<\/p>\n<p>DOSAGEM : de 1 a 3%<\/p>\n<p>Aten\u00e7\u00e3o: O Extrato Glic\u00f3lico de Ch\u00e1 Verde deve ser adicionado no final da prepara\u00e7\u00e3o cosm\u00e9tica, com o produto em temperatura abaixo de 45\u00ba C.<\/p>\n","protected":false},"excerpt":{"rendered":"<p>Extrato Glic\u00f3lico Ch\u00e1 Verde<\/p>\n<p>Estimulante, adstringente, antioxidante, antilip\u00e9mico, adelga\u00e7ante, antibacteriano. Melhora a microcircula\u00e7\u00e3o perif\u00e9rica, normalizando a permeabilidade capilar.<br \/>\nAtua tamb\u00e9m como anti-radicais livres por diminuir os n\u00edveis de ferritina e de per\u00f3xidos lip\u00eddicos caracterizando um potente efeito antioxidante na pele e no organismo como um todo. Confere \u00e0\u00a0 pele tonifica\u00e7\u00e3o e suavidade. Reduzir a adiposidade (gorduras) localizadas.<\/p>\n","protected":false},"featured_media":13965,"comment_status":"closed","ping_status":"closed","template":"","meta":{"_exactmetrics_skip_tracking":false,"_exactmetrics_sitenote_active":false,"_exactmetrics_sitenote_note":"","_exactmetrics_sitenote_category":0},"product_brand":[],"product_cat":[386,303,381,15],"product_tag":[535],"class_list":{"0":"post-4216","1":"product","2":"type-product","3":"status-publish","4":"has-post-thumbnail","6":"product_cat-estratos-glicolicos","7":"product_cat-extratos-glicolicos-de-plantas-e-frutas","8":"product_cat-materiais-para-sabonetes","9":"product_cat-ver-todos-os-produtos","10":"product_tag-extratos-glicolicos","12":"first","13":"instock","14":"taxable","15":"shipping-taxable","16":"purchasable","17":"product-type-variable","18":"has-default-attributes"},"yoast_head":"<!-- This site is optimized with the Yoast SEO plugin v27.5 - https:\/\/yoast.com\/product\/yoast-seo-wordpress\/ -->\n<title>Extrato Glic\u00f3lico Ch\u00e1 Verde - antioxidante, adelga\u00e7ante, antibacteriano<\/title>\n<meta name=\"description\" content=\"Estimulante, adstringente, antioxidante, antilip\u00e9mico, adelga\u00e7ante, antibacteriano. Melhora a microcircula\u00e7\u00e3o perif\u00e9rica\" \/>\n<meta name=\"robots\" content=\"index, follow, max-snippet:-1, max-image-preview:large, max-video-preview:-1\" \/>\n<link rel=\"canonical\" href=\"https:\/\/divertarte.com\/index.php\/produto\/extrato-glicolico-cha-verde-200ml\/\" \/>\n<meta property=\"og:locale\" content=\"pt_PT\" \/>\n<meta property=\"og:type\" content=\"article\" \/>\n<meta property=\"og:title\" content=\"Extrato Glic\u00f3lico Ch\u00e1 Verde - antioxidante, adelga\u00e7ante, antibacteriano\" \/>\n<meta property=\"og:description\" content=\"Estimulante, adstringente, antioxidante, antilip\u00e9mico, adelga\u00e7ante, antibacteriano. Melhora a microcircula\u00e7\u00e3o perif\u00e9rica\" \/>\n<meta property=\"og:url\" content=\"https:\/\/divertarte.com\/index.php\/produto\/extrato-glicolico-cha-verde-200ml\/\" \/>\n<meta property=\"article:modified_time\" content=\"2026-02-20T10:35:55+00:00\" \/>\n<meta property=\"og:image\" content=\"https:\/\/divertarte.com\/wp-content\/uploads\/2018\/06\/extrato_glicolico_cha_verde_300.png\" \/>\n\t<meta property=\"og:image:width\" content=\"300\" \/>\n\t<meta property=\"og:image:height\" content=\"300\" \/>\n\t<meta property=\"og:image:type\" content=\"image\/png\" \/>\n<meta name=\"twitter:card\" content=\"summary_large_image\" \/>\n<meta name=\"twitter:label1\" content=\"Tempo estimado de leitura\" \/>\n\t<meta name=\"twitter:data1\" content=\"1 minuto\" \/>\n<script type=\"application\/ld+json\" class=\"yoast-schema-graph\">{\"@context\":\"https:\\\/\\\/schema.org\",\"@graph\":[{\"@type\":\"WebPage\",\"@id\":\"https:\\\/\\\/divertarte.com\\\/index.php\\\/produto\\\/extrato-glicolico-cha-verde-200ml\\\/\",\"url\":\"https:\\\/\\\/divertarte.com\\\/index.php\\\/produto\\\/extrato-glicolico-cha-verde-200ml\\\/\",\"name\":\"Extrato Glic\u00f3lico Ch\u00e1 Verde - antioxidante, adelga\u00e7ante, antibacteriano\",\"isPartOf\":{\"@id\":\"https:\\\/\\\/divertarte.com\\\/#website\"},\"primaryImageOfPage\":{\"@id\":\"https:\\\/\\\/divertarte.com\\\/index.php\\\/produto\\\/extrato-glicolico-cha-verde-200ml\\\/#primaryimage\"},\"image\":{\"@id\":\"https:\\\/\\\/divertarte.com\\\/index.php\\\/produto\\\/extrato-glicolico-cha-verde-200ml\\\/#primaryimage\"},\"thumbnailUrl\":\"https:\\\/\\\/divertarte.com\\\/wp-content\\\/uploads\\\/2018\\\/06\\\/extrato_glicolico_cha_verde_300.png\",\"datePublished\":\"2018-06-07T13:04:30+00:00\",\"dateModified\":\"2026-02-20T10:35:55+00:00\",\"description\":\"Estimulante, adstringente, antioxidante, antilip\u00e9mico, adelga\u00e7ante, antibacteriano. Melhora a microcircula\u00e7\u00e3o perif\u00e9rica\",\"breadcrumb\":{\"@id\":\"https:\\\/\\\/divertarte.com\\\/index.php\\\/produto\\\/extrato-glicolico-cha-verde-200ml\\\/#breadcrumb\"},\"inLanguage\":\"pt-PT\",\"potentialAction\":[{\"@type\":\"ReadAction\",\"target\":[\"https:\\\/\\\/divertarte.com\\\/index.php\\\/produto\\\/extrato-glicolico-cha-verde-200ml\\\/\"]}]},{\"@type\":\"ImageObject\",\"inLanguage\":\"pt-PT\",\"@id\":\"https:\\\/\\\/divertarte.com\\\/index.php\\\/produto\\\/extrato-glicolico-cha-verde-200ml\\\/#primaryimage\",\"url\":\"https:\\\/\\\/divertarte.com\\\/wp-content\\\/uploads\\\/2018\\\/06\\\/extrato_glicolico_cha_verde_300.png\",\"contentUrl\":\"https:\\\/\\\/divertarte.com\\\/wp-content\\\/uploads\\\/2018\\\/06\\\/extrato_glicolico_cha_verde_300.png\",\"width\":300,\"height\":300},{\"@type\":\"BreadcrumbList\",\"@id\":\"https:\\\/\\\/divertarte.com\\\/index.php\\\/produto\\\/extrato-glicolico-cha-verde-200ml\\\/#breadcrumb\",\"itemListElement\":[{\"@type\":\"ListItem\",\"position\":1,\"name\":\"In\u00edcio\",\"item\":\"https:\\\/\\\/divertarte.com\\\/\"},{\"@type\":\"ListItem\",\"position\":2,\"name\":\"Loja\",\"item\":\"https:\\\/\\\/divertarte.com\\\/index.php\\\/divertarte-produtos\\\/\"},{\"@type\":\"ListItem\",\"position\":3,\"name\":\"Extrato Glic\u00f3lico Ch\u00e1 Verde\"}]},{\"@type\":\"WebSite\",\"@id\":\"https:\\\/\\\/divertarte.com\\\/#website\",\"url\":\"https:\\\/\\\/divertarte.com\\\/\",\"name\":\"Divertarte\",\"description\":\"\",\"publisher\":{\"@id\":\"https:\\\/\\\/divertarte.com\\\/#organization\"},\"potentialAction\":[{\"@type\":\"SearchAction\",\"target\":{\"@type\":\"EntryPoint\",\"urlTemplate\":\"https:\\\/\\\/divertarte.com\\\/?s={search_term_string}\"},\"query-input\":{\"@type\":\"PropertyValueSpecification\",\"valueRequired\":true,\"valueName\":\"search_term_string\"}}],\"inLanguage\":\"pt-PT\"},{\"@type\":\"Organization\",\"@id\":\"https:\\\/\\\/divertarte.com\\\/#organization\",\"name\":\"Divertarte\",\"url\":\"https:\\\/\\\/divertarte.com\\\/\",\"logo\":{\"@type\":\"ImageObject\",\"inLanguage\":\"pt-PT\",\"@id\":\"https:\\\/\\\/divertarte.com\\\/#\\\/schema\\\/logo\\\/image\\\/\",\"url\":\"https:\\\/\\\/divertarte.com\\\/wp-content\\\/uploads\\\/2018\\\/07\\\/logo-div.jpg\",\"contentUrl\":\"https:\\\/\\\/divertarte.com\\\/wp-content\\\/uploads\\\/2018\\\/07\\\/logo-div.jpg\",\"width\":295,\"height\":123,\"caption\":\"Divertarte\"},\"image\":{\"@id\":\"https:\\\/\\\/divertarte.com\\\/#\\\/schema\\\/logo\\\/image\\\/\"}}]}<\/script>\n<!-- \/ Yoast SEO plugin. -->","yoast_head_json":{"title":"Extrato Glic\u00f3lico Ch\u00e1 Verde - antioxidante, adelga\u00e7ante, antibacteriano","description":"Estimulante, adstringente, antioxidante, antilip\u00e9mico, adelga\u00e7ante, antibacteriano. Melhora a microcircula\u00e7\u00e3o perif\u00e9rica","robots":{"index":"index","follow":"follow","max-snippet":"max-snippet:-1","max-image-preview":"max-image-preview:large","max-video-preview":"max-video-preview:-1"},"canonical":"https:\/\/divertarte.com\/index.php\/produto\/extrato-glicolico-cha-verde-200ml\/","og_locale":"pt_PT","og_type":"article","og_title":"Extrato Glic\u00f3lico Ch\u00e1 Verde - antioxidante, adelga\u00e7ante, antibacteriano","og_description":"Estimulante, adstringente, antioxidante, antilip\u00e9mico, adelga\u00e7ante, antibacteriano. Melhora a microcircula\u00e7\u00e3o perif\u00e9rica","og_url":"https:\/\/divertarte.com\/index.php\/produto\/extrato-glicolico-cha-verde-200ml\/","article_modified_time":"2026-02-20T10:35:55+00:00","og_image":[{"width":300,"height":300,"url":"https:\/\/divertarte.com\/wp-content\/uploads\/2018\/06\/extrato_glicolico_cha_verde_300.png","type":"image\/png"}],"twitter_card":"summary_large_image","twitter_misc":{"Tempo estimado de leitura":"1 minuto"},"schema":{"@context":"https:\/\/schema.org","@graph":[{"@type":"WebPage","@id":"https:\/\/divertarte.com\/index.php\/produto\/extrato-glicolico-cha-verde-200ml\/","url":"https:\/\/divertarte.com\/index.php\/produto\/extrato-glicolico-cha-verde-200ml\/","name":"Extrato Glic\u00f3lico Ch\u00e1 Verde - antioxidante, adelga\u00e7ante, antibacteriano","isPartOf":{"@id":"https:\/\/divertarte.com\/#website"},"primaryImageOfPage":{"@id":"https:\/\/divertarte.com\/index.php\/produto\/extrato-glicolico-cha-verde-200ml\/#primaryimage"},"image":{"@id":"https:\/\/divertarte.com\/index.php\/produto\/extrato-glicolico-cha-verde-200ml\/#primaryimage"},"thumbnailUrl":"https:\/\/divertarte.com\/wp-content\/uploads\/2018\/06\/extrato_glicolico_cha_verde_300.png","datePublished":"2018-06-07T13:04:30+00:00","dateModified":"2026-02-20T10:35:55+00:00","description":"Estimulante, adstringente, antioxidante, antilip\u00e9mico, adelga\u00e7ante, antibacteriano. Melhora a microcircula\u00e7\u00e3o perif\u00e9rica","breadcrumb":{"@id":"https:\/\/divertarte.com\/index.php\/produto\/extrato-glicolico-cha-verde-200ml\/#breadcrumb"},"inLanguage":"pt-PT","potentialAction":[{"@type":"ReadAction","target":["https:\/\/divertarte.com\/index.php\/produto\/extrato-glicolico-cha-verde-200ml\/"]}]},{"@type":"ImageObject","inLanguage":"pt-PT","@id":"https:\/\/divertarte.com\/index.php\/produto\/extrato-glicolico-cha-verde-200ml\/#primaryimage","url":"https:\/\/divertarte.com\/wp-content\/uploads\/2018\/06\/extrato_glicolico_cha_verde_300.png","contentUrl":"https:\/\/divertarte.com\/wp-content\/uploads\/2018\/06\/extrato_glicolico_cha_verde_300.png","width":300,"height":300},{"@type":"BreadcrumbList","@id":"https:\/\/divertarte.com\/index.php\/produto\/extrato-glicolico-cha-verde-200ml\/#breadcrumb","itemListElement":[{"@type":"ListItem","position":1,"name":"In\u00edcio","item":"https:\/\/divertarte.com\/"},{"@type":"ListItem","position":2,"name":"Loja","item":"https:\/\/divertarte.com\/index.php\/divertarte-produtos\/"},{"@type":"ListItem","position":3,"name":"Extrato Glic\u00f3lico Ch\u00e1 Verde"}]},{"@type":"WebSite","@id":"https:\/\/divertarte.com\/#website","url":"https:\/\/divertarte.com\/","name":"Divertarte","description":"","publisher":{"@id":"https:\/\/divertarte.com\/#organization"},"potentialAction":[{"@type":"SearchAction","target":{"@type":"EntryPoint","urlTemplate":"https:\/\/divertarte.com\/?s={search_term_string}"},"query-input":{"@type":"PropertyValueSpecification","valueRequired":true,"valueName":"search_term_string"}}],"inLanguage":"pt-PT"},{"@type":"Organization","@id":"https:\/\/divertarte.com\/#organization","name":"Divertarte","url":"https:\/\/divertarte.com\/","logo":{"@type":"ImageObject","inLanguage":"pt-PT","@id":"https:\/\/divertarte.com\/#\/schema\/logo\/image\/","url":"https:\/\/divertarte.com\/wp-content\/uploads\/2018\/07\/logo-div.jpg","contentUrl":"https:\/\/divertarte.com\/wp-content\/uploads\/2018\/07\/logo-div.jpg","width":295,"height":123,"caption":"Divertarte"},"image":{"@id":"https:\/\/divertarte.com\/#\/schema\/logo\/image\/"}}]}},"_links":{"self":[{"href":"https:\/\/divertarte.com\/index.php\/wp-json\/wp\/v2\/product\/4216","targetHints":{"allow":["GET"]}}],"collection":[{"href":"https:\/\/divertarte.com\/index.php\/wp-json\/wp\/v2\/product"}],"about":[{"href":"https:\/\/divertarte.com\/index.php\/wp-json\/wp\/v2\/types\/product"}],"replies":[{"embeddable":true,"href":"https:\/\/divertarte.com\/index.php\/wp-json\/wp\/v2\/comments?post=4216"}],"wp:featuredmedia":[{"embeddable":true,"href":"https:\/\/divertarte.com\/index.php\/wp-json\/wp\/v2\/media\/13965"}],"wp:attachment":[{"href":"https:\/\/divertarte.com\/index.php\/wp-json\/wp\/v2\/media?parent=4216"}],"wp:term":[{"taxonomy":"product_brand","embeddable":true,"href":"https:\/\/divertarte.com\/index.php\/wp-json\/wp\/v2\/product_brand?post=4216"},{"taxonomy":"product_cat","embeddable":true,"href":"https:\/\/divertarte.com\/index.php\/wp-json\/wp\/v2\/product_cat?post=4216"},{"taxonomy":"product_tag","embeddable":true,"href":"https:\/\/divertarte.com\/index.php\/wp-json\/wp\/v2\/product_tag?post=4216"}],"curies":[{"name":"wp","href":"https:\/\/api.w.org\/{rel}","templated":true}]}}