{"id":4191,"date":"2018-05-08T17:05:39","date_gmt":"2018-05-08T16:05:39","guid":{"rendered":"https:\/\/divertarte.com\/index.php\/produto\/frasquinho-de-perfume-e-arroz\/"},"modified":"2025-11-06T14:10:56","modified_gmt":"2025-11-06T14:10:56","slug":"frasquinho-de-perfume-e-arroz","status":"publish","type":"product","link":"https:\/\/divertarte.com\/index.php\/produto\/frasquinho-de-perfume-e-arroz\/","title":{"rendered":"Frasquinho de Perfume e Arroz"},"content":{"rendered":"<p>Frasquinho de Perfume Miniatura para pendente &#8211; 1ml &#8211; 2,7 cm  &#8211; Unidade.<BR><br \/>\npequenos tubos de vidros que s\u00e3o usados para colocar gr\u00e3os de arroz com nomes, perfumes da sua preferencia, o perfume do seu namorado ou namorada, amoletos da sorte, primeiro dentinho do seu filho, plantas e pedras do seu signo, areia da praia daquele ver\u00e3o t\u00e3o bem passado.<BR><br \/>\ncoloque tambem oleos para afastar o mau olhado, dar sorte, atrair companheiro companheira e oleos fluorescente de v\u00e1rias cores.<br \/>\npossuem uma tampinha para manter o conte\u00fado protegido <BR>s\u00e3o usados como pingentes. <BR> o conte\u00fado que mostra a imagem n\u00e3o faz parte do produto sendo apenas demonstrativo<BR>Artigo pedido por encomenda.<br \/>\nDemora 60 dias<\/p>\n","protected":false},"excerpt":{"rendered":"<p>Frasquinho de Perfume Miniatura para pendente &#8211; 1ml &#8211; 2,7 cm  &#8211; Unidade.<BR><br \/>\npequenos tubos de vidros que s\u00e3o usados para colocar gr\u00e3os de arroz com nomes, perfumes da sua preferencia, o perfume do seu namorado ou namorada, amoletos da sorte, primeiro dentinho do seu filho, plantas e pedras do seu signo, areia da praia daquele ver\u00e3o t\u00e3o bem passado.<BR><br \/>\ncoloque tambem oleos para afastar o mau olhado, dar sorte, atrair companheiro companheira e oleos fluorescente de v\u00e1rias cores.<br \/>\npossuem uma tampinha para manter o conte\u00fado protegido <BR>s\u00e3o usados como pingentes. <BR> o conte\u00fado que mostra a imagem n\u00e3o faz parte do produto sendo apenas demonstrativo<BR>Artigo pedido por encomenda.<br \/>\nDemora 60 dias<\/p>\n","protected":false},"featured_media":7751,"comment_status":"open","ping_status":"open","template":"","meta":{"_exactmetrics_skip_tracking":false,"_exactmetrics_sitenote_active":false,"_exactmetrics_sitenote_note":"","_exactmetrics_sitenote_category":0},"product_brand":[],"product_cat":[15],"product_tag":[],"class_list":{"0":"post-4191","1":"product","2":"type-product","3":"status-publish","4":"has-post-thumbnail","6":"product_cat-ver-todos-os-produtos","8":"first","9":"instock","10":"taxable","11":"shipping-taxable","12":"purchasable","13":"product-type-simple"},"yoast_head":"<!-- This site is optimized with the Yoast SEO plugin v27.4 - https:\/\/yoast.com\/product\/yoast-seo-wordpress\/ -->\n<title>Frasquinho de Perfume e Arroz -<\/title>\n<meta name=\"robots\" content=\"index, follow, max-snippet:-1, max-image-preview:large, max-video-preview:-1\" \/>\n<link rel=\"canonical\" href=\"https:\/\/divertarte.com\/index.php\/produto\/frasquinho-de-perfume-e-arroz\/\" \/>\n<meta property=\"og:locale\" content=\"pt_PT\" \/>\n<meta property=\"og:type\" content=\"article\" \/>\n<meta property=\"og:title\" content=\"Frasquinho de Perfume e Arroz -\" \/>\n<meta property=\"og:description\" content=\"Frasquinho de Perfume Miniatura para pendente - 1ml - 2,7 cm - Unidade. pequenos tubos de vidros que s\u00e3o usados para colocar gr\u00e3os de arroz com nomes, perfumes da sua preferencia, o perfume do seu namorado ou namorada, amoletos da sorte, primeiro dentinho do seu filho, plantas e pedras do seu signo, areia da praia daquele ver\u00e3o t\u00e3o bem passado. coloque tambem oleos para afastar o mau olhado, dar sorte, atrair companheiro companheira e oleos fluorescente de v\u00e1rias cores. possuem uma tampinha para manter o conte\u00fado protegido s\u00e3o usados como pingentes. o conte\u00fado que mostra a imagem n\u00e3o faz parte do produto sendo apenas demonstrativoArtigo pedido por encomenda. Demora 60 dias\" \/>\n<meta property=\"og:url\" content=\"https:\/\/divertarte.com\/index.php\/produto\/frasquinho-de-perfume-e-arroz\/\" \/>\n<meta property=\"article:modified_time\" content=\"2025-11-06T14:10:56+00:00\" \/>\n<meta property=\"og:image\" content=\"https:\/\/divertarte.com\/wp-content\/uploads\/2018\/05\/Frasquinho_pendente_perf_arroz.jpg\" \/>\n\t<meta property=\"og:image:width\" content=\"558\" \/>\n\t<meta property=\"og:image:height\" content=\"558\" \/>\n\t<meta property=\"og:image:type\" content=\"image\/jpeg\" \/>\n<meta name=\"twitter:card\" content=\"summary_large_image\" \/>\n<meta name=\"twitter:label1\" content=\"Tempo estimado de leitura\" \/>\n\t<meta name=\"twitter:data1\" content=\"1 minuto\" \/>\n<script type=\"application\/ld+json\" class=\"yoast-schema-graph\">{\"@context\":\"https:\\\/\\\/schema.org\",\"@graph\":[{\"@type\":\"WebPage\",\"@id\":\"https:\\\/\\\/divertarte.com\\\/index.php\\\/produto\\\/frasquinho-de-perfume-e-arroz\\\/\",\"url\":\"https:\\\/\\\/divertarte.com\\\/index.php\\\/produto\\\/frasquinho-de-perfume-e-arroz\\\/\",\"name\":\"Frasquinho de Perfume e Arroz -\",\"isPartOf\":{\"@id\":\"https:\\\/\\\/divertarte.com\\\/#website\"},\"primaryImageOfPage\":{\"@id\":\"https:\\\/\\\/divertarte.com\\\/index.php\\\/produto\\\/frasquinho-de-perfume-e-arroz\\\/#primaryimage\"},\"image\":{\"@id\":\"https:\\\/\\\/divertarte.com\\\/index.php\\\/produto\\\/frasquinho-de-perfume-e-arroz\\\/#primaryimage\"},\"thumbnailUrl\":\"https:\\\/\\\/divertarte.com\\\/wp-content\\\/uploads\\\/2018\\\/05\\\/Frasquinho_pendente_perf_arroz.jpg\",\"datePublished\":\"2018-05-08T16:05:39+00:00\",\"dateModified\":\"2025-11-06T14:10:56+00:00\",\"breadcrumb\":{\"@id\":\"https:\\\/\\\/divertarte.com\\\/index.php\\\/produto\\\/frasquinho-de-perfume-e-arroz\\\/#breadcrumb\"},\"inLanguage\":\"pt-PT\",\"potentialAction\":[{\"@type\":\"ReadAction\",\"target\":[\"https:\\\/\\\/divertarte.com\\\/index.php\\\/produto\\\/frasquinho-de-perfume-e-arroz\\\/\"]}]},{\"@type\":\"ImageObject\",\"inLanguage\":\"pt-PT\",\"@id\":\"https:\\\/\\\/divertarte.com\\\/index.php\\\/produto\\\/frasquinho-de-perfume-e-arroz\\\/#primaryimage\",\"url\":\"https:\\\/\\\/divertarte.com\\\/wp-content\\\/uploads\\\/2018\\\/05\\\/Frasquinho_pendente_perf_arroz.jpg\",\"contentUrl\":\"https:\\\/\\\/divertarte.com\\\/wp-content\\\/uploads\\\/2018\\\/05\\\/Frasquinho_pendente_perf_arroz.jpg\",\"width\":558,\"height\":558},{\"@type\":\"BreadcrumbList\",\"@id\":\"https:\\\/\\\/divertarte.com\\\/index.php\\\/produto\\\/frasquinho-de-perfume-e-arroz\\\/#breadcrumb\",\"itemListElement\":[{\"@type\":\"ListItem\",\"position\":1,\"name\":\"In\u00edcio\",\"item\":\"https:\\\/\\\/divertarte.com\\\/\"},{\"@type\":\"ListItem\",\"position\":2,\"name\":\"Loja\",\"item\":\"https:\\\/\\\/divertarte.com\\\/index.php\\\/divertarte-produtos\\\/\"},{\"@type\":\"ListItem\",\"position\":3,\"name\":\"Frasquinho de Perfume e Arroz\"}]},{\"@type\":\"WebSite\",\"@id\":\"https:\\\/\\\/divertarte.com\\\/#website\",\"url\":\"https:\\\/\\\/divertarte.com\\\/\",\"name\":\"Divertarte\",\"description\":\"\",\"publisher\":{\"@id\":\"https:\\\/\\\/divertarte.com\\\/#organization\"},\"potentialAction\":[{\"@type\":\"SearchAction\",\"target\":{\"@type\":\"EntryPoint\",\"urlTemplate\":\"https:\\\/\\\/divertarte.com\\\/?s={search_term_string}\"},\"query-input\":{\"@type\":\"PropertyValueSpecification\",\"valueRequired\":true,\"valueName\":\"search_term_string\"}}],\"inLanguage\":\"pt-PT\"},{\"@type\":\"Organization\",\"@id\":\"https:\\\/\\\/divertarte.com\\\/#organization\",\"name\":\"Divertarte\",\"url\":\"https:\\\/\\\/divertarte.com\\\/\",\"logo\":{\"@type\":\"ImageObject\",\"inLanguage\":\"pt-PT\",\"@id\":\"https:\\\/\\\/divertarte.com\\\/#\\\/schema\\\/logo\\\/image\\\/\",\"url\":\"https:\\\/\\\/divertarte.com\\\/wp-content\\\/uploads\\\/2018\\\/07\\\/logo-div.jpg\",\"contentUrl\":\"https:\\\/\\\/divertarte.com\\\/wp-content\\\/uploads\\\/2018\\\/07\\\/logo-div.jpg\",\"width\":295,\"height\":123,\"caption\":\"Divertarte\"},\"image\":{\"@id\":\"https:\\\/\\\/divertarte.com\\\/#\\\/schema\\\/logo\\\/image\\\/\"}}]}<\/script>\n<!-- \/ Yoast SEO plugin. -->","yoast_head_json":{"title":"Frasquinho de Perfume e Arroz -","robots":{"index":"index","follow":"follow","max-snippet":"max-snippet:-1","max-image-preview":"max-image-preview:large","max-video-preview":"max-video-preview:-1"},"canonical":"https:\/\/divertarte.com\/index.php\/produto\/frasquinho-de-perfume-e-arroz\/","og_locale":"pt_PT","og_type":"article","og_title":"Frasquinho de Perfume e Arroz -","og_description":"Frasquinho de Perfume Miniatura para pendente - 1ml - 2,7 cm - Unidade. pequenos tubos de vidros que s\u00e3o usados para colocar gr\u00e3os de arroz com nomes, perfumes da sua preferencia, o perfume do seu namorado ou namorada, amoletos da sorte, primeiro dentinho do seu filho, plantas e pedras do seu signo, areia da praia daquele ver\u00e3o t\u00e3o bem passado. coloque tambem oleos para afastar o mau olhado, dar sorte, atrair companheiro companheira e oleos fluorescente de v\u00e1rias cores. possuem uma tampinha para manter o conte\u00fado protegido s\u00e3o usados como pingentes. o conte\u00fado que mostra a imagem n\u00e3o faz parte do produto sendo apenas demonstrativoArtigo pedido por encomenda. Demora 60 dias","og_url":"https:\/\/divertarte.com\/index.php\/produto\/frasquinho-de-perfume-e-arroz\/","article_modified_time":"2025-11-06T14:10:56+00:00","og_image":[{"width":558,"height":558,"url":"https:\/\/divertarte.com\/wp-content\/uploads\/2018\/05\/Frasquinho_pendente_perf_arroz.jpg","type":"image\/jpeg"}],"twitter_card":"summary_large_image","twitter_misc":{"Tempo estimado de leitura":"1 minuto"},"schema":{"@context":"https:\/\/schema.org","@graph":[{"@type":"WebPage","@id":"https:\/\/divertarte.com\/index.php\/produto\/frasquinho-de-perfume-e-arroz\/","url":"https:\/\/divertarte.com\/index.php\/produto\/frasquinho-de-perfume-e-arroz\/","name":"Frasquinho de Perfume e Arroz -","isPartOf":{"@id":"https:\/\/divertarte.com\/#website"},"primaryImageOfPage":{"@id":"https:\/\/divertarte.com\/index.php\/produto\/frasquinho-de-perfume-e-arroz\/#primaryimage"},"image":{"@id":"https:\/\/divertarte.com\/index.php\/produto\/frasquinho-de-perfume-e-arroz\/#primaryimage"},"thumbnailUrl":"https:\/\/divertarte.com\/wp-content\/uploads\/2018\/05\/Frasquinho_pendente_perf_arroz.jpg","datePublished":"2018-05-08T16:05:39+00:00","dateModified":"2025-11-06T14:10:56+00:00","breadcrumb":{"@id":"https:\/\/divertarte.com\/index.php\/produto\/frasquinho-de-perfume-e-arroz\/#breadcrumb"},"inLanguage":"pt-PT","potentialAction":[{"@type":"ReadAction","target":["https:\/\/divertarte.com\/index.php\/produto\/frasquinho-de-perfume-e-arroz\/"]}]},{"@type":"ImageObject","inLanguage":"pt-PT","@id":"https:\/\/divertarte.com\/index.php\/produto\/frasquinho-de-perfume-e-arroz\/#primaryimage","url":"https:\/\/divertarte.com\/wp-content\/uploads\/2018\/05\/Frasquinho_pendente_perf_arroz.jpg","contentUrl":"https:\/\/divertarte.com\/wp-content\/uploads\/2018\/05\/Frasquinho_pendente_perf_arroz.jpg","width":558,"height":558},{"@type":"BreadcrumbList","@id":"https:\/\/divertarte.com\/index.php\/produto\/frasquinho-de-perfume-e-arroz\/#breadcrumb","itemListElement":[{"@type":"ListItem","position":1,"name":"In\u00edcio","item":"https:\/\/divertarte.com\/"},{"@type":"ListItem","position":2,"name":"Loja","item":"https:\/\/divertarte.com\/index.php\/divertarte-produtos\/"},{"@type":"ListItem","position":3,"name":"Frasquinho de Perfume e Arroz"}]},{"@type":"WebSite","@id":"https:\/\/divertarte.com\/#website","url":"https:\/\/divertarte.com\/","name":"Divertarte","description":"","publisher":{"@id":"https:\/\/divertarte.com\/#organization"},"potentialAction":[{"@type":"SearchAction","target":{"@type":"EntryPoint","urlTemplate":"https:\/\/divertarte.com\/?s={search_term_string}"},"query-input":{"@type":"PropertyValueSpecification","valueRequired":true,"valueName":"search_term_string"}}],"inLanguage":"pt-PT"},{"@type":"Organization","@id":"https:\/\/divertarte.com\/#organization","name":"Divertarte","url":"https:\/\/divertarte.com\/","logo":{"@type":"ImageObject","inLanguage":"pt-PT","@id":"https:\/\/divertarte.com\/#\/schema\/logo\/image\/","url":"https:\/\/divertarte.com\/wp-content\/uploads\/2018\/07\/logo-div.jpg","contentUrl":"https:\/\/divertarte.com\/wp-content\/uploads\/2018\/07\/logo-div.jpg","width":295,"height":123,"caption":"Divertarte"},"image":{"@id":"https:\/\/divertarte.com\/#\/schema\/logo\/image\/"}}]}},"_links":{"self":[{"href":"https:\/\/divertarte.com\/index.php\/wp-json\/wp\/v2\/product\/4191","targetHints":{"allow":["GET"]}}],"collection":[{"href":"https:\/\/divertarte.com\/index.php\/wp-json\/wp\/v2\/product"}],"about":[{"href":"https:\/\/divertarte.com\/index.php\/wp-json\/wp\/v2\/types\/product"}],"replies":[{"embeddable":true,"href":"https:\/\/divertarte.com\/index.php\/wp-json\/wp\/v2\/comments?post=4191"}],"wp:featuredmedia":[{"embeddable":true,"href":"https:\/\/divertarte.com\/index.php\/wp-json\/wp\/v2\/media\/7751"}],"wp:attachment":[{"href":"https:\/\/divertarte.com\/index.php\/wp-json\/wp\/v2\/media?parent=4191"}],"wp:term":[{"taxonomy":"product_brand","embeddable":true,"href":"https:\/\/divertarte.com\/index.php\/wp-json\/wp\/v2\/product_brand?post=4191"},{"taxonomy":"product_cat","embeddable":true,"href":"https:\/\/divertarte.com\/index.php\/wp-json\/wp\/v2\/product_cat?post=4191"},{"taxonomy":"product_tag","embeddable":true,"href":"https:\/\/divertarte.com\/index.php\/wp-json\/wp\/v2\/product_tag?post=4191"}],"curies":[{"name":"wp","href":"https:\/\/api.w.org\/{rel}","templated":true}]}}