{"id":4174,"date":"2018-05-08T17:05:33","date_gmt":"2018-05-08T16:05:33","guid":{"rendered":"https:\/\/divertarte.com\/index.php\/produto\/laco-azul-com-chupetas\/"},"modified":"2025-11-06T14:10:56","modified_gmt":"2025-11-06T14:10:56","slug":"laco-azul-com-chupetas","status":"publish","type":"product","link":"https:\/\/divertarte.com\/index.php\/produto\/laco-azul-com-chupetas\/","title":{"rendered":"La\u00e7o Azul com Chupetas"},"content":{"rendered":"<p>Aplica\u00e7\u00e3o para convites de batizado e nascimentos.<\/p>\n<p>Lembrancinhas batizado<br \/>\nprendinhas<br \/>\nLacinho de cetim e lacinho de organza azul com pintinhas brancas, aplica\u00e7\u00e3o carrinho de beb\u00e9 brilhante azul e 2 chupetas azul<\/p>\n","protected":false},"excerpt":{"rendered":"<p>Aplica\u00e7\u00e3o para convites de batizado e nascimentos.<\/p>\n<p>Lembrancinhas batizado<br \/>\nprendinhas<br \/>\nLacinho de cetim e lacinho de organza azul com pintinhas brancas, aplica\u00e7\u00e3o carrinho de beb\u00e9 brilhante azul e 2 chupetas azul<\/p>\n","protected":false},"featured_media":7735,"comment_status":"open","ping_status":"closed","template":"","meta":{"_exactmetrics_skip_tracking":false,"_exactmetrics_sitenote_active":false,"_exactmetrics_sitenote_note":"","_exactmetrics_sitenote_category":0},"product_brand":[],"product_cat":[370,371,394,395,15],"product_tag":[],"class_list":{"0":"post-4174","1":"product","2":"type-product","3":"status-publish","4":"has-post-thumbnail","6":"product_cat-acessorios-para-convites-e-brindes-prendinhas","7":"product_cat-aplicacoes-para-batizado","8":"product_cat-brindes","9":"product_cat-brindes-batizado","10":"product_cat-ver-todos-os-produtos","12":"first","13":"instock","14":"taxable","15":"shipping-taxable","16":"purchasable","17":"product-type-simple"},"yoast_head":"<!-- This site is optimized with the Yoast SEO plugin v27.4 - https:\/\/yoast.com\/product\/yoast-seo-wordpress\/ -->\n<title>La\u00e7o Azul com Chupetas -<\/title>\n<meta name=\"description\" content=\"Aplica\u00e7\u00e3o para convites de batizado e nascimentos.Lembrancinhas batizadoprendinhasLacinho de cetim e lacinho de organza azul com pintinhas brancas, aplica\u00e7\u00e3o carrinho de beb\u00e9 brilhante azul e 2 chupetas azul\" \/>\n<meta name=\"robots\" content=\"index, follow, max-snippet:-1, max-image-preview:large, max-video-preview:-1\" \/>\n<link rel=\"canonical\" href=\"https:\/\/divertarte.com\/index.php\/produto\/laco-azul-com-chupetas\/\" \/>\n<meta property=\"og:locale\" content=\"pt_PT\" \/>\n<meta property=\"og:type\" content=\"article\" \/>\n<meta property=\"og:title\" content=\"La\u00e7o Azul com Chupetas -\" \/>\n<meta property=\"og:description\" content=\"Aplica\u00e7\u00e3o para convites de batizado e nascimentos.Lembrancinhas batizadoprendinhasLacinho de cetim e lacinho de organza azul com pintinhas brancas, aplica\u00e7\u00e3o carrinho de beb\u00e9 brilhante azul e 2 chupetas azul\" \/>\n<meta property=\"og:url\" content=\"https:\/\/divertarte.com\/index.php\/produto\/laco-azul-com-chupetas\/\" \/>\n<meta property=\"article:modified_time\" content=\"2025-11-06T14:10:56+00:00\" \/>\n<meta property=\"og:image\" content=\"https:\/\/divertarte.com\/wp-content\/uploads\/2018\/05\/laco_chupeta_azul_pintas.jpg\" \/>\n\t<meta property=\"og:image:width\" content=\"554\" \/>\n\t<meta property=\"og:image:height\" content=\"558\" \/>\n\t<meta property=\"og:image:type\" content=\"image\/jpeg\" \/>\n<meta name=\"twitter:card\" content=\"summary_large_image\" \/>\n<script type=\"application\/ld+json\" class=\"yoast-schema-graph\">{\"@context\":\"https:\\\/\\\/schema.org\",\"@graph\":[{\"@type\":\"WebPage\",\"@id\":\"https:\\\/\\\/divertarte.com\\\/index.php\\\/produto\\\/laco-azul-com-chupetas\\\/\",\"url\":\"https:\\\/\\\/divertarte.com\\\/index.php\\\/produto\\\/laco-azul-com-chupetas\\\/\",\"name\":\"La\u00e7o Azul com Chupetas -\",\"isPartOf\":{\"@id\":\"https:\\\/\\\/divertarte.com\\\/#website\"},\"primaryImageOfPage\":{\"@id\":\"https:\\\/\\\/divertarte.com\\\/index.php\\\/produto\\\/laco-azul-com-chupetas\\\/#primaryimage\"},\"image\":{\"@id\":\"https:\\\/\\\/divertarte.com\\\/index.php\\\/produto\\\/laco-azul-com-chupetas\\\/#primaryimage\"},\"thumbnailUrl\":\"https:\\\/\\\/divertarte.com\\\/wp-content\\\/uploads\\\/2018\\\/05\\\/laco_chupeta_azul_pintas.jpg\",\"datePublished\":\"2018-05-08T16:05:33+00:00\",\"dateModified\":\"2025-11-06T14:10:56+00:00\",\"description\":\"Aplica\u00e7\u00e3o para convites de batizado e nascimentos.Lembrancinhas batizadoprendinhasLacinho de cetim e lacinho de organza azul com pintinhas brancas, aplica\u00e7\u00e3o carrinho de beb\u00e9 brilhante azul e 2 chupetas azul\",\"breadcrumb\":{\"@id\":\"https:\\\/\\\/divertarte.com\\\/index.php\\\/produto\\\/laco-azul-com-chupetas\\\/#breadcrumb\"},\"inLanguage\":\"pt-PT\",\"potentialAction\":[{\"@type\":\"ReadAction\",\"target\":[\"https:\\\/\\\/divertarte.com\\\/index.php\\\/produto\\\/laco-azul-com-chupetas\\\/\"]}]},{\"@type\":\"ImageObject\",\"inLanguage\":\"pt-PT\",\"@id\":\"https:\\\/\\\/divertarte.com\\\/index.php\\\/produto\\\/laco-azul-com-chupetas\\\/#primaryimage\",\"url\":\"https:\\\/\\\/divertarte.com\\\/wp-content\\\/uploads\\\/2018\\\/05\\\/laco_chupeta_azul_pintas.jpg\",\"contentUrl\":\"https:\\\/\\\/divertarte.com\\\/wp-content\\\/uploads\\\/2018\\\/05\\\/laco_chupeta_azul_pintas.jpg\",\"width\":554,\"height\":558},{\"@type\":\"BreadcrumbList\",\"@id\":\"https:\\\/\\\/divertarte.com\\\/index.php\\\/produto\\\/laco-azul-com-chupetas\\\/#breadcrumb\",\"itemListElement\":[{\"@type\":\"ListItem\",\"position\":1,\"name\":\"In\u00edcio\",\"item\":\"https:\\\/\\\/divertarte.com\\\/\"},{\"@type\":\"ListItem\",\"position\":2,\"name\":\"Loja\",\"item\":\"https:\\\/\\\/divertarte.com\\\/index.php\\\/divertarte-produtos\\\/\"},{\"@type\":\"ListItem\",\"position\":3,\"name\":\"La\u00e7o Azul com Chupetas\"}]},{\"@type\":\"WebSite\",\"@id\":\"https:\\\/\\\/divertarte.com\\\/#website\",\"url\":\"https:\\\/\\\/divertarte.com\\\/\",\"name\":\"Divertarte\",\"description\":\"\",\"publisher\":{\"@id\":\"https:\\\/\\\/divertarte.com\\\/#organization\"},\"potentialAction\":[{\"@type\":\"SearchAction\",\"target\":{\"@type\":\"EntryPoint\",\"urlTemplate\":\"https:\\\/\\\/divertarte.com\\\/?s={search_term_string}\"},\"query-input\":{\"@type\":\"PropertyValueSpecification\",\"valueRequired\":true,\"valueName\":\"search_term_string\"}}],\"inLanguage\":\"pt-PT\"},{\"@type\":\"Organization\",\"@id\":\"https:\\\/\\\/divertarte.com\\\/#organization\",\"name\":\"Divertarte\",\"url\":\"https:\\\/\\\/divertarte.com\\\/\",\"logo\":{\"@type\":\"ImageObject\",\"inLanguage\":\"pt-PT\",\"@id\":\"https:\\\/\\\/divertarte.com\\\/#\\\/schema\\\/logo\\\/image\\\/\",\"url\":\"https:\\\/\\\/divertarte.com\\\/wp-content\\\/uploads\\\/2018\\\/07\\\/logo-div.jpg\",\"contentUrl\":\"https:\\\/\\\/divertarte.com\\\/wp-content\\\/uploads\\\/2018\\\/07\\\/logo-div.jpg\",\"width\":295,\"height\":123,\"caption\":\"Divertarte\"},\"image\":{\"@id\":\"https:\\\/\\\/divertarte.com\\\/#\\\/schema\\\/logo\\\/image\\\/\"}}]}<\/script>\n<!-- \/ Yoast SEO plugin. -->","yoast_head_json":{"title":"La\u00e7o Azul com Chupetas -","description":"Aplica\u00e7\u00e3o para convites de batizado e nascimentos.Lembrancinhas batizadoprendinhasLacinho de cetim e lacinho de organza azul com pintinhas brancas, aplica\u00e7\u00e3o carrinho de beb\u00e9 brilhante azul e 2 chupetas azul","robots":{"index":"index","follow":"follow","max-snippet":"max-snippet:-1","max-image-preview":"max-image-preview:large","max-video-preview":"max-video-preview:-1"},"canonical":"https:\/\/divertarte.com\/index.php\/produto\/laco-azul-com-chupetas\/","og_locale":"pt_PT","og_type":"article","og_title":"La\u00e7o Azul com Chupetas -","og_description":"Aplica\u00e7\u00e3o para convites de batizado e nascimentos.Lembrancinhas batizadoprendinhasLacinho de cetim e lacinho de organza azul com pintinhas brancas, aplica\u00e7\u00e3o carrinho de beb\u00e9 brilhante azul e 2 chupetas azul","og_url":"https:\/\/divertarte.com\/index.php\/produto\/laco-azul-com-chupetas\/","article_modified_time":"2025-11-06T14:10:56+00:00","og_image":[{"width":554,"height":558,"url":"https:\/\/divertarte.com\/wp-content\/uploads\/2018\/05\/laco_chupeta_azul_pintas.jpg","type":"image\/jpeg"}],"twitter_card":"summary_large_image","schema":{"@context":"https:\/\/schema.org","@graph":[{"@type":"WebPage","@id":"https:\/\/divertarte.com\/index.php\/produto\/laco-azul-com-chupetas\/","url":"https:\/\/divertarte.com\/index.php\/produto\/laco-azul-com-chupetas\/","name":"La\u00e7o Azul com Chupetas -","isPartOf":{"@id":"https:\/\/divertarte.com\/#website"},"primaryImageOfPage":{"@id":"https:\/\/divertarte.com\/index.php\/produto\/laco-azul-com-chupetas\/#primaryimage"},"image":{"@id":"https:\/\/divertarte.com\/index.php\/produto\/laco-azul-com-chupetas\/#primaryimage"},"thumbnailUrl":"https:\/\/divertarte.com\/wp-content\/uploads\/2018\/05\/laco_chupeta_azul_pintas.jpg","datePublished":"2018-05-08T16:05:33+00:00","dateModified":"2025-11-06T14:10:56+00:00","description":"Aplica\u00e7\u00e3o para convites de batizado e nascimentos.Lembrancinhas batizadoprendinhasLacinho de cetim e lacinho de organza azul com pintinhas brancas, aplica\u00e7\u00e3o carrinho de beb\u00e9 brilhante azul e 2 chupetas azul","breadcrumb":{"@id":"https:\/\/divertarte.com\/index.php\/produto\/laco-azul-com-chupetas\/#breadcrumb"},"inLanguage":"pt-PT","potentialAction":[{"@type":"ReadAction","target":["https:\/\/divertarte.com\/index.php\/produto\/laco-azul-com-chupetas\/"]}]},{"@type":"ImageObject","inLanguage":"pt-PT","@id":"https:\/\/divertarte.com\/index.php\/produto\/laco-azul-com-chupetas\/#primaryimage","url":"https:\/\/divertarte.com\/wp-content\/uploads\/2018\/05\/laco_chupeta_azul_pintas.jpg","contentUrl":"https:\/\/divertarte.com\/wp-content\/uploads\/2018\/05\/laco_chupeta_azul_pintas.jpg","width":554,"height":558},{"@type":"BreadcrumbList","@id":"https:\/\/divertarte.com\/index.php\/produto\/laco-azul-com-chupetas\/#breadcrumb","itemListElement":[{"@type":"ListItem","position":1,"name":"In\u00edcio","item":"https:\/\/divertarte.com\/"},{"@type":"ListItem","position":2,"name":"Loja","item":"https:\/\/divertarte.com\/index.php\/divertarte-produtos\/"},{"@type":"ListItem","position":3,"name":"La\u00e7o Azul com Chupetas"}]},{"@type":"WebSite","@id":"https:\/\/divertarte.com\/#website","url":"https:\/\/divertarte.com\/","name":"Divertarte","description":"","publisher":{"@id":"https:\/\/divertarte.com\/#organization"},"potentialAction":[{"@type":"SearchAction","target":{"@type":"EntryPoint","urlTemplate":"https:\/\/divertarte.com\/?s={search_term_string}"},"query-input":{"@type":"PropertyValueSpecification","valueRequired":true,"valueName":"search_term_string"}}],"inLanguage":"pt-PT"},{"@type":"Organization","@id":"https:\/\/divertarte.com\/#organization","name":"Divertarte","url":"https:\/\/divertarte.com\/","logo":{"@type":"ImageObject","inLanguage":"pt-PT","@id":"https:\/\/divertarte.com\/#\/schema\/logo\/image\/","url":"https:\/\/divertarte.com\/wp-content\/uploads\/2018\/07\/logo-div.jpg","contentUrl":"https:\/\/divertarte.com\/wp-content\/uploads\/2018\/07\/logo-div.jpg","width":295,"height":123,"caption":"Divertarte"},"image":{"@id":"https:\/\/divertarte.com\/#\/schema\/logo\/image\/"}}]}},"_links":{"self":[{"href":"https:\/\/divertarte.com\/index.php\/wp-json\/wp\/v2\/product\/4174","targetHints":{"allow":["GET"]}}],"collection":[{"href":"https:\/\/divertarte.com\/index.php\/wp-json\/wp\/v2\/product"}],"about":[{"href":"https:\/\/divertarte.com\/index.php\/wp-json\/wp\/v2\/types\/product"}],"replies":[{"embeddable":true,"href":"https:\/\/divertarte.com\/index.php\/wp-json\/wp\/v2\/comments?post=4174"}],"wp:featuredmedia":[{"embeddable":true,"href":"https:\/\/divertarte.com\/index.php\/wp-json\/wp\/v2\/media\/7735"}],"wp:attachment":[{"href":"https:\/\/divertarte.com\/index.php\/wp-json\/wp\/v2\/media?parent=4174"}],"wp:term":[{"taxonomy":"product_brand","embeddable":true,"href":"https:\/\/divertarte.com\/index.php\/wp-json\/wp\/v2\/product_brand?post=4174"},{"taxonomy":"product_cat","embeddable":true,"href":"https:\/\/divertarte.com\/index.php\/wp-json\/wp\/v2\/product_cat?post=4174"},{"taxonomy":"product_tag","embeddable":true,"href":"https:\/\/divertarte.com\/index.php\/wp-json\/wp\/v2\/product_tag?post=4174"}],"curies":[{"name":"wp","href":"https:\/\/api.w.org\/{rel}","templated":true}]}}