{"id":4164,"date":"2018-05-08T17:05:31","date_gmt":"2018-05-08T16:05:31","guid":{"rendered":"https:\/\/divertarte.com\/index.php\/produto\/calices-dourados-comunhao-hostia\/"},"modified":"2025-11-06T14:10:57","modified_gmt":"2025-11-06T14:10:57","slug":"calices-dourados-comunhao-hostia","status":"publish","type":"product","link":"https:\/\/divertarte.com\/index.php\/produto\/calices-dourados-comunhao-hostia\/","title":{"rendered":"Calices dourados Comunh\u00e3o Hostia"},"content":{"rendered":"<p>Calices dourados Comunh\u00e3o Hostia 3cm<\/p>\n<p>aplica\u00e7\u00f5es para velas de comunh\u00e3o, cart\u00f5es de comunh\u00e3o, convites, PAC 10 UNIDADES.<\/p>\n","protected":false},"excerpt":{"rendered":"<p>Calices dourados Comunh\u00e3o Hostia 3cm<\/p>\n<p>aplica\u00e7\u00f5es para velas de comunh\u00e3o, cart\u00f5es de comunh\u00e3o, convites, PAC 10 UNIDADES.<\/p>\n","protected":false},"featured_media":15228,"comment_status":"open","ping_status":"closed","template":"","meta":{"_exactmetrics_skip_tracking":false,"_exactmetrics_sitenote_active":false,"_exactmetrics_sitenote_note":"","_exactmetrics_sitenote_category":0},"product_brand":[],"product_cat":[370,374,15],"product_tag":[],"class_list":{"0":"post-4164","1":"product","2":"type-product","3":"status-publish","4":"has-post-thumbnail","6":"product_cat-acessorios-para-convites-e-brindes-prendinhas","7":"product_cat-comunhao-acessorios-para-convites-e-brindes","8":"product_cat-ver-todos-os-produtos","10":"first","11":"instock","12":"taxable","13":"shipping-taxable","14":"purchasable","15":"product-type-simple"},"yoast_head":"<!-- This site is optimized with the Yoast SEO plugin v27.4 - https:\/\/yoast.com\/product\/yoast-seo-wordpress\/ -->\n<title>Calices dourados Comunh\u00e3o Hostia -<\/title>\n<meta name=\"description\" content=\"c\u00e1lice com hostia, aplica\u00e7\u00f5es para velas de comunh\u00e3o, cart\u00f5es de comunh\u00e3o, convites, PAC 10 UNIDADES.\" \/>\n<meta name=\"robots\" content=\"index, follow, max-snippet:-1, max-image-preview:large, max-video-preview:-1\" \/>\n<link rel=\"canonical\" href=\"https:\/\/divertarte.com\/index.php\/produto\/calices-dourados-comunhao-hostia\/\" \/>\n<meta property=\"og:locale\" content=\"pt_PT\" \/>\n<meta property=\"og:type\" content=\"article\" \/>\n<meta property=\"og:title\" content=\"Calices dourados Comunh\u00e3o Hostia -\" \/>\n<meta property=\"og:description\" content=\"c\u00e1lice com hostia, aplica\u00e7\u00f5es para velas de comunh\u00e3o, cart\u00f5es de comunh\u00e3o, convites, PAC 10 UNIDADES.\" \/>\n<meta property=\"og:url\" content=\"https:\/\/divertarte.com\/index.php\/produto\/calices-dourados-comunhao-hostia\/\" \/>\n<meta property=\"article:modified_time\" content=\"2025-11-06T14:10:57+00:00\" \/>\n<meta property=\"og:image\" content=\"https:\/\/divertarte.com\/wp-content\/uploads\/2018\/05\/calices-dourados-comunhao-com-hostia.jpg\" \/>\n\t<meta property=\"og:image:width\" content=\"324\" \/>\n\t<meta property=\"og:image:height\" content=\"324\" \/>\n\t<meta property=\"og:image:type\" content=\"image\/jpeg\" \/>\n<meta name=\"twitter:card\" content=\"summary_large_image\" \/>\n<meta name=\"twitter:label1\" content=\"Tempo estimado de leitura\" \/>\n\t<meta name=\"twitter:data1\" content=\"1 minuto\" \/>\n<script type=\"application\/ld+json\" class=\"yoast-schema-graph\">{\"@context\":\"https:\\\/\\\/schema.org\",\"@graph\":[{\"@type\":\"WebPage\",\"@id\":\"https:\\\/\\\/divertarte.com\\\/index.php\\\/produto\\\/calices-dourados-comunhao-hostia\\\/\",\"url\":\"https:\\\/\\\/divertarte.com\\\/index.php\\\/produto\\\/calices-dourados-comunhao-hostia\\\/\",\"name\":\"Calices dourados Comunh\u00e3o Hostia -\",\"isPartOf\":{\"@id\":\"https:\\\/\\\/divertarte.com\\\/#website\"},\"primaryImageOfPage\":{\"@id\":\"https:\\\/\\\/divertarte.com\\\/index.php\\\/produto\\\/calices-dourados-comunhao-hostia\\\/#primaryimage\"},\"image\":{\"@id\":\"https:\\\/\\\/divertarte.com\\\/index.php\\\/produto\\\/calices-dourados-comunhao-hostia\\\/#primaryimage\"},\"thumbnailUrl\":\"https:\\\/\\\/divertarte.com\\\/wp-content\\\/uploads\\\/2018\\\/05\\\/calices-dourados-comunhao-com-hostia.jpg\",\"datePublished\":\"2018-05-08T16:05:31+00:00\",\"dateModified\":\"2025-11-06T14:10:57+00:00\",\"description\":\"c\u00e1lice com hostia, aplica\u00e7\u00f5es para velas de comunh\u00e3o, cart\u00f5es de comunh\u00e3o, convites, PAC 10 UNIDADES.\",\"breadcrumb\":{\"@id\":\"https:\\\/\\\/divertarte.com\\\/index.php\\\/produto\\\/calices-dourados-comunhao-hostia\\\/#breadcrumb\"},\"inLanguage\":\"pt-PT\",\"potentialAction\":[{\"@type\":\"ReadAction\",\"target\":[\"https:\\\/\\\/divertarte.com\\\/index.php\\\/produto\\\/calices-dourados-comunhao-hostia\\\/\"]}]},{\"@type\":\"ImageObject\",\"inLanguage\":\"pt-PT\",\"@id\":\"https:\\\/\\\/divertarte.com\\\/index.php\\\/produto\\\/calices-dourados-comunhao-hostia\\\/#primaryimage\",\"url\":\"https:\\\/\\\/divertarte.com\\\/wp-content\\\/uploads\\\/2018\\\/05\\\/calices-dourados-comunhao-com-hostia.jpg\",\"contentUrl\":\"https:\\\/\\\/divertarte.com\\\/wp-content\\\/uploads\\\/2018\\\/05\\\/calices-dourados-comunhao-com-hostia.jpg\",\"width\":324,\"height\":324},{\"@type\":\"BreadcrumbList\",\"@id\":\"https:\\\/\\\/divertarte.com\\\/index.php\\\/produto\\\/calices-dourados-comunhao-hostia\\\/#breadcrumb\",\"itemListElement\":[{\"@type\":\"ListItem\",\"position\":1,\"name\":\"In\u00edcio\",\"item\":\"https:\\\/\\\/divertarte.com\\\/\"},{\"@type\":\"ListItem\",\"position\":2,\"name\":\"Loja\",\"item\":\"https:\\\/\\\/divertarte.com\\\/index.php\\\/divertarte-produtos\\\/\"},{\"@type\":\"ListItem\",\"position\":3,\"name\":\"Calices dourados Comunh\u00e3o Hostia\"}]},{\"@type\":\"WebSite\",\"@id\":\"https:\\\/\\\/divertarte.com\\\/#website\",\"url\":\"https:\\\/\\\/divertarte.com\\\/\",\"name\":\"Divertarte\",\"description\":\"\",\"publisher\":{\"@id\":\"https:\\\/\\\/divertarte.com\\\/#organization\"},\"potentialAction\":[{\"@type\":\"SearchAction\",\"target\":{\"@type\":\"EntryPoint\",\"urlTemplate\":\"https:\\\/\\\/divertarte.com\\\/?s={search_term_string}\"},\"query-input\":{\"@type\":\"PropertyValueSpecification\",\"valueRequired\":true,\"valueName\":\"search_term_string\"}}],\"inLanguage\":\"pt-PT\"},{\"@type\":\"Organization\",\"@id\":\"https:\\\/\\\/divertarte.com\\\/#organization\",\"name\":\"Divertarte\",\"url\":\"https:\\\/\\\/divertarte.com\\\/\",\"logo\":{\"@type\":\"ImageObject\",\"inLanguage\":\"pt-PT\",\"@id\":\"https:\\\/\\\/divertarte.com\\\/#\\\/schema\\\/logo\\\/image\\\/\",\"url\":\"https:\\\/\\\/divertarte.com\\\/wp-content\\\/uploads\\\/2018\\\/07\\\/logo-div.jpg\",\"contentUrl\":\"https:\\\/\\\/divertarte.com\\\/wp-content\\\/uploads\\\/2018\\\/07\\\/logo-div.jpg\",\"width\":295,\"height\":123,\"caption\":\"Divertarte\"},\"image\":{\"@id\":\"https:\\\/\\\/divertarte.com\\\/#\\\/schema\\\/logo\\\/image\\\/\"}}]}<\/script>\n<!-- \/ Yoast SEO plugin. -->","yoast_head_json":{"title":"Calices dourados Comunh\u00e3o Hostia -","description":"c\u00e1lice com hostia, aplica\u00e7\u00f5es para velas de comunh\u00e3o, cart\u00f5es de comunh\u00e3o, convites, PAC 10 UNIDADES.","robots":{"index":"index","follow":"follow","max-snippet":"max-snippet:-1","max-image-preview":"max-image-preview:large","max-video-preview":"max-video-preview:-1"},"canonical":"https:\/\/divertarte.com\/index.php\/produto\/calices-dourados-comunhao-hostia\/","og_locale":"pt_PT","og_type":"article","og_title":"Calices dourados Comunh\u00e3o Hostia -","og_description":"c\u00e1lice com hostia, aplica\u00e7\u00f5es para velas de comunh\u00e3o, cart\u00f5es de comunh\u00e3o, convites, PAC 10 UNIDADES.","og_url":"https:\/\/divertarte.com\/index.php\/produto\/calices-dourados-comunhao-hostia\/","article_modified_time":"2025-11-06T14:10:57+00:00","og_image":[{"width":324,"height":324,"url":"https:\/\/divertarte.com\/wp-content\/uploads\/2018\/05\/calices-dourados-comunhao-com-hostia.jpg","type":"image\/jpeg"}],"twitter_card":"summary_large_image","twitter_misc":{"Tempo estimado de leitura":"1 minuto"},"schema":{"@context":"https:\/\/schema.org","@graph":[{"@type":"WebPage","@id":"https:\/\/divertarte.com\/index.php\/produto\/calices-dourados-comunhao-hostia\/","url":"https:\/\/divertarte.com\/index.php\/produto\/calices-dourados-comunhao-hostia\/","name":"Calices dourados Comunh\u00e3o Hostia -","isPartOf":{"@id":"https:\/\/divertarte.com\/#website"},"primaryImageOfPage":{"@id":"https:\/\/divertarte.com\/index.php\/produto\/calices-dourados-comunhao-hostia\/#primaryimage"},"image":{"@id":"https:\/\/divertarte.com\/index.php\/produto\/calices-dourados-comunhao-hostia\/#primaryimage"},"thumbnailUrl":"https:\/\/divertarte.com\/wp-content\/uploads\/2018\/05\/calices-dourados-comunhao-com-hostia.jpg","datePublished":"2018-05-08T16:05:31+00:00","dateModified":"2025-11-06T14:10:57+00:00","description":"c\u00e1lice com hostia, aplica\u00e7\u00f5es para velas de comunh\u00e3o, cart\u00f5es de comunh\u00e3o, convites, PAC 10 UNIDADES.","breadcrumb":{"@id":"https:\/\/divertarte.com\/index.php\/produto\/calices-dourados-comunhao-hostia\/#breadcrumb"},"inLanguage":"pt-PT","potentialAction":[{"@type":"ReadAction","target":["https:\/\/divertarte.com\/index.php\/produto\/calices-dourados-comunhao-hostia\/"]}]},{"@type":"ImageObject","inLanguage":"pt-PT","@id":"https:\/\/divertarte.com\/index.php\/produto\/calices-dourados-comunhao-hostia\/#primaryimage","url":"https:\/\/divertarte.com\/wp-content\/uploads\/2018\/05\/calices-dourados-comunhao-com-hostia.jpg","contentUrl":"https:\/\/divertarte.com\/wp-content\/uploads\/2018\/05\/calices-dourados-comunhao-com-hostia.jpg","width":324,"height":324},{"@type":"BreadcrumbList","@id":"https:\/\/divertarte.com\/index.php\/produto\/calices-dourados-comunhao-hostia\/#breadcrumb","itemListElement":[{"@type":"ListItem","position":1,"name":"In\u00edcio","item":"https:\/\/divertarte.com\/"},{"@type":"ListItem","position":2,"name":"Loja","item":"https:\/\/divertarte.com\/index.php\/divertarte-produtos\/"},{"@type":"ListItem","position":3,"name":"Calices dourados Comunh\u00e3o Hostia"}]},{"@type":"WebSite","@id":"https:\/\/divertarte.com\/#website","url":"https:\/\/divertarte.com\/","name":"Divertarte","description":"","publisher":{"@id":"https:\/\/divertarte.com\/#organization"},"potentialAction":[{"@type":"SearchAction","target":{"@type":"EntryPoint","urlTemplate":"https:\/\/divertarte.com\/?s={search_term_string}"},"query-input":{"@type":"PropertyValueSpecification","valueRequired":true,"valueName":"search_term_string"}}],"inLanguage":"pt-PT"},{"@type":"Organization","@id":"https:\/\/divertarte.com\/#organization","name":"Divertarte","url":"https:\/\/divertarte.com\/","logo":{"@type":"ImageObject","inLanguage":"pt-PT","@id":"https:\/\/divertarte.com\/#\/schema\/logo\/image\/","url":"https:\/\/divertarte.com\/wp-content\/uploads\/2018\/07\/logo-div.jpg","contentUrl":"https:\/\/divertarte.com\/wp-content\/uploads\/2018\/07\/logo-div.jpg","width":295,"height":123,"caption":"Divertarte"},"image":{"@id":"https:\/\/divertarte.com\/#\/schema\/logo\/image\/"}}]}},"_links":{"self":[{"href":"https:\/\/divertarte.com\/index.php\/wp-json\/wp\/v2\/product\/4164","targetHints":{"allow":["GET"]}}],"collection":[{"href":"https:\/\/divertarte.com\/index.php\/wp-json\/wp\/v2\/product"}],"about":[{"href":"https:\/\/divertarte.com\/index.php\/wp-json\/wp\/v2\/types\/product"}],"replies":[{"embeddable":true,"href":"https:\/\/divertarte.com\/index.php\/wp-json\/wp\/v2\/comments?post=4164"}],"wp:featuredmedia":[{"embeddable":true,"href":"https:\/\/divertarte.com\/index.php\/wp-json\/wp\/v2\/media\/15228"}],"wp:attachment":[{"href":"https:\/\/divertarte.com\/index.php\/wp-json\/wp\/v2\/media?parent=4164"}],"wp:term":[{"taxonomy":"product_brand","embeddable":true,"href":"https:\/\/divertarte.com\/index.php\/wp-json\/wp\/v2\/product_brand?post=4164"},{"taxonomy":"product_cat","embeddable":true,"href":"https:\/\/divertarte.com\/index.php\/wp-json\/wp\/v2\/product_cat?post=4164"},{"taxonomy":"product_tag","embeddable":true,"href":"https:\/\/divertarte.com\/index.php\/wp-json\/wp\/v2\/product_tag?post=4164"}],"curies":[{"name":"wp","href":"https:\/\/api.w.org\/{rel}","templated":true}]}}