{"id":4163,"date":"2018-06-07T14:11:07","date_gmt":"2018-06-07T13:11:07","guid":{"rendered":"https:\/\/divertarte.com\/index.php\/produto\/essencia-jasmim\/"},"modified":"2026-01-30T11:43:28","modified_gmt":"2026-01-30T11:43:28","slug":"essencia-jasmim","status":"publish","type":"product","link":"https:\/\/divertarte.com\/index.php\/produto\/essencia-jasmim\/","title":{"rendered":"Essencia Jasmim"},"content":{"rendered":"<p>Essencia Jasmim<\/p>\n<p>Essencia feita a base de \u00f3leo neutro, n\u00e3o t\u00f3xico e antial\u00e9rgico. Al\u00e9m disso tem fixador . Pr\u00f3prio para perfumar gel, parafina, ceras.\u00a0 Usa-se tamb\u00e9m em sabonetes, sais de banho, cosm\u00e9ticos, aromatizantes .<\/p>\n<p>Portanto, diluir a ess\u00eancia no produto em estado l\u00edquido aquecido, fora do fogo. Uso externo (n\u00e3o ingerir).<\/p>\n","protected":false},"excerpt":{"rendered":"<p>Essencia Jasmim<\/p>\n<p>Essencia feita a base de \u00f3leo neutro, n\u00e3o t\u00f3xico e antial\u00e9rgico. Al\u00e9m disso tem fixador . Pr\u00f3prio para perfumar gel, parafina, ceras, sabonetes, sais de banho, cosm\u00e9ticos, aromatizantes, gesso perfumado<\/p>\n<p>Como usar: Diluir a ess\u00eancia no produto em estado l\u00edquido aquecido, fora do fogo. Recomenda\u00e7\u00e3o: Uso externo (n\u00e3o ingerir).<\/p>\n","protected":false},"featured_media":17115,"comment_status":"closed","ping_status":"closed","template":"","meta":{"_exactmetrics_skip_tracking":false,"_exactmetrics_sitenote_active":false,"_exactmetrics_sitenote_note":"","_exactmetrics_sitenote_category":0},"product_brand":[],"product_cat":[55,1296],"product_tag":[1066,455,1137,1273],"class_list":{"0":"post-4163","1":"product","2":"type-product","3":"status-publish","4":"has-post-thumbnail","6":"product_cat-essencias-para-sabonetes","7":"product_cat-essencias-para-velas","8":"product_tag-essencia-jasmim","9":"product_tag-essencias","10":"product_tag-essencias-para-sabonetes","11":"product_tag-essencias-para-velas","13":"first","14":"instock","15":"taxable","16":"shipping-taxable","17":"purchasable","18":"product-type-variable"},"yoast_head":"<!-- This site is optimized with the Yoast SEO plugin v27.4 - https:\/\/yoast.com\/product\/yoast-seo-wordpress\/ -->\n<title>Essencia Jasmim -<\/title>\n<meta name=\"description\" content=\"Essencia Jasmim. Pr\u00f3prio para perfumar gel, parafina, ceras, sabonetes, sais de banho, cosm\u00e9ticos, aromatizantes, gesso perfumado\" \/>\n<meta name=\"robots\" content=\"index, follow, max-snippet:-1, max-image-preview:large, max-video-preview:-1\" \/>\n<link rel=\"canonical\" href=\"https:\/\/divertarte.com\/index.php\/produto\/essencia-jasmim\/\" \/>\n<meta property=\"og:locale\" content=\"pt_PT\" \/>\n<meta property=\"og:type\" content=\"article\" \/>\n<meta property=\"og:title\" content=\"Essencia Jasmim -\" \/>\n<meta property=\"og:description\" content=\"Essencia Jasmim. Pr\u00f3prio para perfumar gel, parafina, ceras, sabonetes, sais de banho, cosm\u00e9ticos, aromatizantes, gesso perfumado\" \/>\n<meta property=\"og:url\" content=\"https:\/\/divertarte.com\/index.php\/produto\/essencia-jasmim\/\" \/>\n<meta property=\"article:modified_time\" content=\"2026-01-30T11:43:28+00:00\" \/>\n<meta property=\"og:image\" content=\"https:\/\/divertarte.com\/wp-content\/uploads\/2018\/06\/essencia-jasmim.jpg\" \/>\n\t<meta property=\"og:image:width\" content=\"299\" \/>\n\t<meta property=\"og:image:height\" content=\"301\" \/>\n\t<meta property=\"og:image:type\" content=\"image\/jpeg\" \/>\n<meta name=\"twitter:card\" content=\"summary_large_image\" \/>\n<meta name=\"twitter:label1\" content=\"Tempo estimado de leitura\" \/>\n\t<meta name=\"twitter:data1\" content=\"1 minuto\" \/>\n<script type=\"application\/ld+json\" class=\"yoast-schema-graph\">{\"@context\":\"https:\\\/\\\/schema.org\",\"@graph\":[{\"@type\":\"WebPage\",\"@id\":\"https:\\\/\\\/divertarte.com\\\/index.php\\\/produto\\\/essencia-jasmim\\\/\",\"url\":\"https:\\\/\\\/divertarte.com\\\/index.php\\\/produto\\\/essencia-jasmim\\\/\",\"name\":\"Essencia Jasmim -\",\"isPartOf\":{\"@id\":\"https:\\\/\\\/divertarte.com\\\/#website\"},\"primaryImageOfPage\":{\"@id\":\"https:\\\/\\\/divertarte.com\\\/index.php\\\/produto\\\/essencia-jasmim\\\/#primaryimage\"},\"image\":{\"@id\":\"https:\\\/\\\/divertarte.com\\\/index.php\\\/produto\\\/essencia-jasmim\\\/#primaryimage\"},\"thumbnailUrl\":\"https:\\\/\\\/divertarte.com\\\/wp-content\\\/uploads\\\/2018\\\/06\\\/essencia-jasmim.jpg\",\"datePublished\":\"2018-06-07T13:11:07+00:00\",\"dateModified\":\"2026-01-30T11:43:28+00:00\",\"description\":\"Essencia Jasmim. Pr\u00f3prio para perfumar gel, parafina, ceras, sabonetes, sais de banho, cosm\u00e9ticos, aromatizantes, gesso perfumado\",\"breadcrumb\":{\"@id\":\"https:\\\/\\\/divertarte.com\\\/index.php\\\/produto\\\/essencia-jasmim\\\/#breadcrumb\"},\"inLanguage\":\"pt-PT\",\"potentialAction\":[{\"@type\":\"ReadAction\",\"target\":[\"https:\\\/\\\/divertarte.com\\\/index.php\\\/produto\\\/essencia-jasmim\\\/\"]}]},{\"@type\":\"ImageObject\",\"inLanguage\":\"pt-PT\",\"@id\":\"https:\\\/\\\/divertarte.com\\\/index.php\\\/produto\\\/essencia-jasmim\\\/#primaryimage\",\"url\":\"https:\\\/\\\/divertarte.com\\\/wp-content\\\/uploads\\\/2018\\\/06\\\/essencia-jasmim.jpg\",\"contentUrl\":\"https:\\\/\\\/divertarte.com\\\/wp-content\\\/uploads\\\/2018\\\/06\\\/essencia-jasmim.jpg\",\"width\":299,\"height\":301},{\"@type\":\"BreadcrumbList\",\"@id\":\"https:\\\/\\\/divertarte.com\\\/index.php\\\/produto\\\/essencia-jasmim\\\/#breadcrumb\",\"itemListElement\":[{\"@type\":\"ListItem\",\"position\":1,\"name\":\"In\u00edcio\",\"item\":\"https:\\\/\\\/divertarte.com\\\/\"},{\"@type\":\"ListItem\",\"position\":2,\"name\":\"Loja\",\"item\":\"https:\\\/\\\/divertarte.com\\\/index.php\\\/divertarte-produtos\\\/\"},{\"@type\":\"ListItem\",\"position\":3,\"name\":\"Essencia Jasmim\"}]},{\"@type\":\"WebSite\",\"@id\":\"https:\\\/\\\/divertarte.com\\\/#website\",\"url\":\"https:\\\/\\\/divertarte.com\\\/\",\"name\":\"Divertarte\",\"description\":\"\",\"publisher\":{\"@id\":\"https:\\\/\\\/divertarte.com\\\/#organization\"},\"potentialAction\":[{\"@type\":\"SearchAction\",\"target\":{\"@type\":\"EntryPoint\",\"urlTemplate\":\"https:\\\/\\\/divertarte.com\\\/?s={search_term_string}\"},\"query-input\":{\"@type\":\"PropertyValueSpecification\",\"valueRequired\":true,\"valueName\":\"search_term_string\"}}],\"inLanguage\":\"pt-PT\"},{\"@type\":\"Organization\",\"@id\":\"https:\\\/\\\/divertarte.com\\\/#organization\",\"name\":\"Divertarte\",\"url\":\"https:\\\/\\\/divertarte.com\\\/\",\"logo\":{\"@type\":\"ImageObject\",\"inLanguage\":\"pt-PT\",\"@id\":\"https:\\\/\\\/divertarte.com\\\/#\\\/schema\\\/logo\\\/image\\\/\",\"url\":\"https:\\\/\\\/divertarte.com\\\/wp-content\\\/uploads\\\/2018\\\/07\\\/logo-div.jpg\",\"contentUrl\":\"https:\\\/\\\/divertarte.com\\\/wp-content\\\/uploads\\\/2018\\\/07\\\/logo-div.jpg\",\"width\":295,\"height\":123,\"caption\":\"Divertarte\"},\"image\":{\"@id\":\"https:\\\/\\\/divertarte.com\\\/#\\\/schema\\\/logo\\\/image\\\/\"}}]}<\/script>\n<!-- \/ Yoast SEO plugin. -->","yoast_head_json":{"title":"Essencia Jasmim -","description":"Essencia Jasmim. Pr\u00f3prio para perfumar gel, parafina, ceras, sabonetes, sais de banho, cosm\u00e9ticos, aromatizantes, gesso perfumado","robots":{"index":"index","follow":"follow","max-snippet":"max-snippet:-1","max-image-preview":"max-image-preview:large","max-video-preview":"max-video-preview:-1"},"canonical":"https:\/\/divertarte.com\/index.php\/produto\/essencia-jasmim\/","og_locale":"pt_PT","og_type":"article","og_title":"Essencia Jasmim -","og_description":"Essencia Jasmim. Pr\u00f3prio para perfumar gel, parafina, ceras, sabonetes, sais de banho, cosm\u00e9ticos, aromatizantes, gesso perfumado","og_url":"https:\/\/divertarte.com\/index.php\/produto\/essencia-jasmim\/","article_modified_time":"2026-01-30T11:43:28+00:00","og_image":[{"width":299,"height":301,"url":"https:\/\/divertarte.com\/wp-content\/uploads\/2018\/06\/essencia-jasmim.jpg","type":"image\/jpeg"}],"twitter_card":"summary_large_image","twitter_misc":{"Tempo estimado de leitura":"1 minuto"},"schema":{"@context":"https:\/\/schema.org","@graph":[{"@type":"WebPage","@id":"https:\/\/divertarte.com\/index.php\/produto\/essencia-jasmim\/","url":"https:\/\/divertarte.com\/index.php\/produto\/essencia-jasmim\/","name":"Essencia Jasmim -","isPartOf":{"@id":"https:\/\/divertarte.com\/#website"},"primaryImageOfPage":{"@id":"https:\/\/divertarte.com\/index.php\/produto\/essencia-jasmim\/#primaryimage"},"image":{"@id":"https:\/\/divertarte.com\/index.php\/produto\/essencia-jasmim\/#primaryimage"},"thumbnailUrl":"https:\/\/divertarte.com\/wp-content\/uploads\/2018\/06\/essencia-jasmim.jpg","datePublished":"2018-06-07T13:11:07+00:00","dateModified":"2026-01-30T11:43:28+00:00","description":"Essencia Jasmim. Pr\u00f3prio para perfumar gel, parafina, ceras, sabonetes, sais de banho, cosm\u00e9ticos, aromatizantes, gesso perfumado","breadcrumb":{"@id":"https:\/\/divertarte.com\/index.php\/produto\/essencia-jasmim\/#breadcrumb"},"inLanguage":"pt-PT","potentialAction":[{"@type":"ReadAction","target":["https:\/\/divertarte.com\/index.php\/produto\/essencia-jasmim\/"]}]},{"@type":"ImageObject","inLanguage":"pt-PT","@id":"https:\/\/divertarte.com\/index.php\/produto\/essencia-jasmim\/#primaryimage","url":"https:\/\/divertarte.com\/wp-content\/uploads\/2018\/06\/essencia-jasmim.jpg","contentUrl":"https:\/\/divertarte.com\/wp-content\/uploads\/2018\/06\/essencia-jasmim.jpg","width":299,"height":301},{"@type":"BreadcrumbList","@id":"https:\/\/divertarte.com\/index.php\/produto\/essencia-jasmim\/#breadcrumb","itemListElement":[{"@type":"ListItem","position":1,"name":"In\u00edcio","item":"https:\/\/divertarte.com\/"},{"@type":"ListItem","position":2,"name":"Loja","item":"https:\/\/divertarte.com\/index.php\/divertarte-produtos\/"},{"@type":"ListItem","position":3,"name":"Essencia Jasmim"}]},{"@type":"WebSite","@id":"https:\/\/divertarte.com\/#website","url":"https:\/\/divertarte.com\/","name":"Divertarte","description":"","publisher":{"@id":"https:\/\/divertarte.com\/#organization"},"potentialAction":[{"@type":"SearchAction","target":{"@type":"EntryPoint","urlTemplate":"https:\/\/divertarte.com\/?s={search_term_string}"},"query-input":{"@type":"PropertyValueSpecification","valueRequired":true,"valueName":"search_term_string"}}],"inLanguage":"pt-PT"},{"@type":"Organization","@id":"https:\/\/divertarte.com\/#organization","name":"Divertarte","url":"https:\/\/divertarte.com\/","logo":{"@type":"ImageObject","inLanguage":"pt-PT","@id":"https:\/\/divertarte.com\/#\/schema\/logo\/image\/","url":"https:\/\/divertarte.com\/wp-content\/uploads\/2018\/07\/logo-div.jpg","contentUrl":"https:\/\/divertarte.com\/wp-content\/uploads\/2018\/07\/logo-div.jpg","width":295,"height":123,"caption":"Divertarte"},"image":{"@id":"https:\/\/divertarte.com\/#\/schema\/logo\/image\/"}}]}},"_links":{"self":[{"href":"https:\/\/divertarte.com\/index.php\/wp-json\/wp\/v2\/product\/4163","targetHints":{"allow":["GET"]}}],"collection":[{"href":"https:\/\/divertarte.com\/index.php\/wp-json\/wp\/v2\/product"}],"about":[{"href":"https:\/\/divertarte.com\/index.php\/wp-json\/wp\/v2\/types\/product"}],"replies":[{"embeddable":true,"href":"https:\/\/divertarte.com\/index.php\/wp-json\/wp\/v2\/comments?post=4163"}],"wp:featuredmedia":[{"embeddable":true,"href":"https:\/\/divertarte.com\/index.php\/wp-json\/wp\/v2\/media\/17115"}],"wp:attachment":[{"href":"https:\/\/divertarte.com\/index.php\/wp-json\/wp\/v2\/media?parent=4163"}],"wp:term":[{"taxonomy":"product_brand","embeddable":true,"href":"https:\/\/divertarte.com\/index.php\/wp-json\/wp\/v2\/product_brand?post=4163"},{"taxonomy":"product_cat","embeddable":true,"href":"https:\/\/divertarte.com\/index.php\/wp-json\/wp\/v2\/product_cat?post=4163"},{"taxonomy":"product_tag","embeddable":true,"href":"https:\/\/divertarte.com\/index.php\/wp-json\/wp\/v2\/product_tag?post=4163"}],"curies":[{"name":"wp","href":"https:\/\/api.w.org\/{rel}","templated":true}]}}