{"id":4154,"date":"2018-06-07T14:14:39","date_gmt":"2018-06-07T13:14:39","guid":{"rendered":"https:\/\/divertarte.com\/index.php\/produto\/ursinho-rosa-com-pintas-brancas-ambientador\/"},"modified":"2025-11-06T13:47:29","modified_gmt":"2025-11-06T13:47:29","slug":"ursinho-rosa-com-pintas-brancas-ambientador","status":"publish","type":"product","link":"https:\/\/divertarte.com\/index.php\/produto\/ursinho-rosa-com-pintas-brancas-ambientador\/","title":{"rendered":"Ursinho Rosa com pintas brancas &#8211; Ambientador"},"content":{"rendered":"<p>Ursinho castanho com pintas brancas &#8211; Ambientador<\/p>\n<p>Saquinho com aroma a lim\u00e3o, ambientador para gavetas e arm\u00e1rios<br \/>\nUrsinho com saquinho rosa com pintas brancas e cord\u00f5es para pendurar.<br \/>\n7&#215;10 cm<\/p>\n<p>31div56896<\/p>\n<p>Bear Rose with white spots<\/p>\n<p>Bag with lemon scent, air freshener for drawers and cabinets<br \/>\nBear with Rose bag with white spots and cords for hanging.<br \/>\n7&#215;10 cm<\/p>\n<p>Oso tela de la raya azul<\/p>\n<p>Bolsa con olor a lim\u00f3n, ambientador de aire para cajones y armarios<br \/>\nOso con el bolso de color Rosa con manchas blancas y hebras colgantes.<br \/>\n7&#215;10 cm<\/p>\n","protected":false},"excerpt":{"rendered":"<p>Ursinho castanho com pintas brancas &#8211; Ambientador<\/p>\n<p>Saquinho com aroma a lim\u00e3o, ambientador para gavetas e arm\u00e1rios<br \/>\nUrsinho com saquinho rosa com pintas brancas e cord\u00f5es para pendurar.<br \/>\n7&#215;10 cm<\/p>\n<p>31div56896<\/p>\n<p>Bear Rose with white spots<\/p>\n<p>Bag with lemon scent, air freshener for drawers and cabinets<br \/>\nBear with Rose bag with white spots and cords for hanging.<br \/>\n7&#215;10 cm<\/p>\n<p>Oso tela de la raya azul<\/p>\n<p>Bolsa con olor a lim\u00f3n, ambientador de aire para cajones y armarios<br \/>\nOso con el bolso de color Rosa con manchas blancas y hebras colgantes.<br \/>\n7&#215;10 cm<\/p>\n","protected":false},"featured_media":7718,"comment_status":"closed","ping_status":"open","template":"","meta":{"_exactmetrics_skip_tracking":false,"_exactmetrics_sitenote_active":false,"_exactmetrics_sitenote_note":"","_exactmetrics_sitenote_category":0},"product_brand":[],"product_cat":[15],"product_tag":[],"class_list":{"0":"post-4154","1":"product","2":"type-product","3":"status-publish","4":"has-post-thumbnail","6":"product_cat-ver-todos-os-produtos","8":"first","9":"instock","10":"taxable","11":"shipping-taxable","12":"purchasable","13":"product-type-simple"},"yoast_head":"<!-- This site is optimized with the Yoast SEO plugin v27.4 - https:\/\/yoast.com\/product\/yoast-seo-wordpress\/ -->\n<title>Ursinho Rosa com pintas brancas - Ambientador -<\/title>\n<meta name=\"robots\" content=\"index, follow, max-snippet:-1, max-image-preview:large, max-video-preview:-1\" \/>\n<link rel=\"canonical\" href=\"https:\/\/divertarte.com\/index.php\/produto\/ursinho-rosa-com-pintas-brancas-ambientador\/\" \/>\n<meta property=\"og:locale\" content=\"pt_PT\" \/>\n<meta property=\"og:type\" content=\"article\" \/>\n<meta property=\"og:title\" content=\"Ursinho Rosa com pintas brancas - Ambientador -\" \/>\n<meta property=\"og:description\" content=\"Ursinho castanho com pintas brancas - Ambientador Saquinho com aroma a lim\u00e3o, ambientador para gavetas e arm\u00e1rios Ursinho com saquinho rosa com pintas brancas e cord\u00f5es para pendurar. 7x10 cm 31div56896 Bear Rose with white spots Bag with lemon scent, air freshener for drawers and cabinets Bear with Rose bag with white spots and cords for hanging. 7x10 cm Oso tela de la raya azul Bolsa con olor a lim\u00f3n, ambientador de aire para cajones y armarios Oso con el bolso de color Rosa con manchas blancas y hebras colgantes. 7x10 cm\" \/>\n<meta property=\"og:url\" content=\"https:\/\/divertarte.com\/index.php\/produto\/ursinho-rosa-com-pintas-brancas-ambientador\/\" \/>\n<meta property=\"article:modified_time\" content=\"2025-11-06T13:47:29+00:00\" \/>\n<meta property=\"og:image\" content=\"https:\/\/divertarte.com\/wp-content\/uploads\/2018\/05\/Ambientador_ursinho_rosa_pintas.jpg\" \/>\n\t<meta property=\"og:image:width\" content=\"556\" \/>\n\t<meta property=\"og:image:height\" content=\"558\" \/>\n\t<meta property=\"og:image:type\" content=\"image\/jpeg\" \/>\n<meta name=\"twitter:card\" content=\"summary_large_image\" \/>\n<script type=\"application\/ld+json\" class=\"yoast-schema-graph\">{\"@context\":\"https:\\\/\\\/schema.org\",\"@graph\":[{\"@type\":\"WebPage\",\"@id\":\"https:\\\/\\\/divertarte.com\\\/index.php\\\/produto\\\/ursinho-rosa-com-pintas-brancas-ambientador\\\/\",\"url\":\"https:\\\/\\\/divertarte.com\\\/index.php\\\/produto\\\/ursinho-rosa-com-pintas-brancas-ambientador\\\/\",\"name\":\"Ursinho Rosa com pintas brancas - Ambientador -\",\"isPartOf\":{\"@id\":\"https:\\\/\\\/divertarte.com\\\/#website\"},\"primaryImageOfPage\":{\"@id\":\"https:\\\/\\\/divertarte.com\\\/index.php\\\/produto\\\/ursinho-rosa-com-pintas-brancas-ambientador\\\/#primaryimage\"},\"image\":{\"@id\":\"https:\\\/\\\/divertarte.com\\\/index.php\\\/produto\\\/ursinho-rosa-com-pintas-brancas-ambientador\\\/#primaryimage\"},\"thumbnailUrl\":\"https:\\\/\\\/divertarte.com\\\/wp-content\\\/uploads\\\/2018\\\/05\\\/Ambientador_ursinho_rosa_pintas.jpg\",\"datePublished\":\"2018-06-07T13:14:39+00:00\",\"dateModified\":\"2025-11-06T13:47:29+00:00\",\"breadcrumb\":{\"@id\":\"https:\\\/\\\/divertarte.com\\\/index.php\\\/produto\\\/ursinho-rosa-com-pintas-brancas-ambientador\\\/#breadcrumb\"},\"inLanguage\":\"pt-PT\",\"potentialAction\":[{\"@type\":\"ReadAction\",\"target\":[\"https:\\\/\\\/divertarte.com\\\/index.php\\\/produto\\\/ursinho-rosa-com-pintas-brancas-ambientador\\\/\"]}]},{\"@type\":\"ImageObject\",\"inLanguage\":\"pt-PT\",\"@id\":\"https:\\\/\\\/divertarte.com\\\/index.php\\\/produto\\\/ursinho-rosa-com-pintas-brancas-ambientador\\\/#primaryimage\",\"url\":\"https:\\\/\\\/divertarte.com\\\/wp-content\\\/uploads\\\/2018\\\/05\\\/Ambientador_ursinho_rosa_pintas.jpg\",\"contentUrl\":\"https:\\\/\\\/divertarte.com\\\/wp-content\\\/uploads\\\/2018\\\/05\\\/Ambientador_ursinho_rosa_pintas.jpg\",\"width\":556,\"height\":558},{\"@type\":\"BreadcrumbList\",\"@id\":\"https:\\\/\\\/divertarte.com\\\/index.php\\\/produto\\\/ursinho-rosa-com-pintas-brancas-ambientador\\\/#breadcrumb\",\"itemListElement\":[{\"@type\":\"ListItem\",\"position\":1,\"name\":\"In\u00edcio\",\"item\":\"https:\\\/\\\/divertarte.com\\\/\"},{\"@type\":\"ListItem\",\"position\":2,\"name\":\"Loja\",\"item\":\"https:\\\/\\\/divertarte.com\\\/index.php\\\/divertarte-produtos\\\/\"},{\"@type\":\"ListItem\",\"position\":3,\"name\":\"Ursinho Rosa com pintas brancas &#8211; Ambientador\"}]},{\"@type\":\"WebSite\",\"@id\":\"https:\\\/\\\/divertarte.com\\\/#website\",\"url\":\"https:\\\/\\\/divertarte.com\\\/\",\"name\":\"Divertarte\",\"description\":\"\",\"publisher\":{\"@id\":\"https:\\\/\\\/divertarte.com\\\/#organization\"},\"potentialAction\":[{\"@type\":\"SearchAction\",\"target\":{\"@type\":\"EntryPoint\",\"urlTemplate\":\"https:\\\/\\\/divertarte.com\\\/?s={search_term_string}\"},\"query-input\":{\"@type\":\"PropertyValueSpecification\",\"valueRequired\":true,\"valueName\":\"search_term_string\"}}],\"inLanguage\":\"pt-PT\"},{\"@type\":\"Organization\",\"@id\":\"https:\\\/\\\/divertarte.com\\\/#organization\",\"name\":\"Divertarte\",\"url\":\"https:\\\/\\\/divertarte.com\\\/\",\"logo\":{\"@type\":\"ImageObject\",\"inLanguage\":\"pt-PT\",\"@id\":\"https:\\\/\\\/divertarte.com\\\/#\\\/schema\\\/logo\\\/image\\\/\",\"url\":\"https:\\\/\\\/divertarte.com\\\/wp-content\\\/uploads\\\/2018\\\/07\\\/logo-div.jpg\",\"contentUrl\":\"https:\\\/\\\/divertarte.com\\\/wp-content\\\/uploads\\\/2018\\\/07\\\/logo-div.jpg\",\"width\":295,\"height\":123,\"caption\":\"Divertarte\"},\"image\":{\"@id\":\"https:\\\/\\\/divertarte.com\\\/#\\\/schema\\\/logo\\\/image\\\/\"}}]}<\/script>\n<!-- \/ Yoast SEO plugin. -->","yoast_head_json":{"title":"Ursinho Rosa com pintas brancas - Ambientador -","robots":{"index":"index","follow":"follow","max-snippet":"max-snippet:-1","max-image-preview":"max-image-preview:large","max-video-preview":"max-video-preview:-1"},"canonical":"https:\/\/divertarte.com\/index.php\/produto\/ursinho-rosa-com-pintas-brancas-ambientador\/","og_locale":"pt_PT","og_type":"article","og_title":"Ursinho Rosa com pintas brancas - Ambientador -","og_description":"Ursinho castanho com pintas brancas - Ambientador Saquinho com aroma a lim\u00e3o, ambientador para gavetas e arm\u00e1rios Ursinho com saquinho rosa com pintas brancas e cord\u00f5es para pendurar. 7x10 cm 31div56896 Bear Rose with white spots Bag with lemon scent, air freshener for drawers and cabinets Bear with Rose bag with white spots and cords for hanging. 7x10 cm Oso tela de la raya azul Bolsa con olor a lim\u00f3n, ambientador de aire para cajones y armarios Oso con el bolso de color Rosa con manchas blancas y hebras colgantes. 7x10 cm","og_url":"https:\/\/divertarte.com\/index.php\/produto\/ursinho-rosa-com-pintas-brancas-ambientador\/","article_modified_time":"2025-11-06T13:47:29+00:00","og_image":[{"width":556,"height":558,"url":"https:\/\/divertarte.com\/wp-content\/uploads\/2018\/05\/Ambientador_ursinho_rosa_pintas.jpg","type":"image\/jpeg"}],"twitter_card":"summary_large_image","schema":{"@context":"https:\/\/schema.org","@graph":[{"@type":"WebPage","@id":"https:\/\/divertarte.com\/index.php\/produto\/ursinho-rosa-com-pintas-brancas-ambientador\/","url":"https:\/\/divertarte.com\/index.php\/produto\/ursinho-rosa-com-pintas-brancas-ambientador\/","name":"Ursinho Rosa com pintas brancas - Ambientador -","isPartOf":{"@id":"https:\/\/divertarte.com\/#website"},"primaryImageOfPage":{"@id":"https:\/\/divertarte.com\/index.php\/produto\/ursinho-rosa-com-pintas-brancas-ambientador\/#primaryimage"},"image":{"@id":"https:\/\/divertarte.com\/index.php\/produto\/ursinho-rosa-com-pintas-brancas-ambientador\/#primaryimage"},"thumbnailUrl":"https:\/\/divertarte.com\/wp-content\/uploads\/2018\/05\/Ambientador_ursinho_rosa_pintas.jpg","datePublished":"2018-06-07T13:14:39+00:00","dateModified":"2025-11-06T13:47:29+00:00","breadcrumb":{"@id":"https:\/\/divertarte.com\/index.php\/produto\/ursinho-rosa-com-pintas-brancas-ambientador\/#breadcrumb"},"inLanguage":"pt-PT","potentialAction":[{"@type":"ReadAction","target":["https:\/\/divertarte.com\/index.php\/produto\/ursinho-rosa-com-pintas-brancas-ambientador\/"]}]},{"@type":"ImageObject","inLanguage":"pt-PT","@id":"https:\/\/divertarte.com\/index.php\/produto\/ursinho-rosa-com-pintas-brancas-ambientador\/#primaryimage","url":"https:\/\/divertarte.com\/wp-content\/uploads\/2018\/05\/Ambientador_ursinho_rosa_pintas.jpg","contentUrl":"https:\/\/divertarte.com\/wp-content\/uploads\/2018\/05\/Ambientador_ursinho_rosa_pintas.jpg","width":556,"height":558},{"@type":"BreadcrumbList","@id":"https:\/\/divertarte.com\/index.php\/produto\/ursinho-rosa-com-pintas-brancas-ambientador\/#breadcrumb","itemListElement":[{"@type":"ListItem","position":1,"name":"In\u00edcio","item":"https:\/\/divertarte.com\/"},{"@type":"ListItem","position":2,"name":"Loja","item":"https:\/\/divertarte.com\/index.php\/divertarte-produtos\/"},{"@type":"ListItem","position":3,"name":"Ursinho Rosa com pintas brancas &#8211; Ambientador"}]},{"@type":"WebSite","@id":"https:\/\/divertarte.com\/#website","url":"https:\/\/divertarte.com\/","name":"Divertarte","description":"","publisher":{"@id":"https:\/\/divertarte.com\/#organization"},"potentialAction":[{"@type":"SearchAction","target":{"@type":"EntryPoint","urlTemplate":"https:\/\/divertarte.com\/?s={search_term_string}"},"query-input":{"@type":"PropertyValueSpecification","valueRequired":true,"valueName":"search_term_string"}}],"inLanguage":"pt-PT"},{"@type":"Organization","@id":"https:\/\/divertarte.com\/#organization","name":"Divertarte","url":"https:\/\/divertarte.com\/","logo":{"@type":"ImageObject","inLanguage":"pt-PT","@id":"https:\/\/divertarte.com\/#\/schema\/logo\/image\/","url":"https:\/\/divertarte.com\/wp-content\/uploads\/2018\/07\/logo-div.jpg","contentUrl":"https:\/\/divertarte.com\/wp-content\/uploads\/2018\/07\/logo-div.jpg","width":295,"height":123,"caption":"Divertarte"},"image":{"@id":"https:\/\/divertarte.com\/#\/schema\/logo\/image\/"}}]}},"_links":{"self":[{"href":"https:\/\/divertarte.com\/index.php\/wp-json\/wp\/v2\/product\/4154","targetHints":{"allow":["GET"]}}],"collection":[{"href":"https:\/\/divertarte.com\/index.php\/wp-json\/wp\/v2\/product"}],"about":[{"href":"https:\/\/divertarte.com\/index.php\/wp-json\/wp\/v2\/types\/product"}],"replies":[{"embeddable":true,"href":"https:\/\/divertarte.com\/index.php\/wp-json\/wp\/v2\/comments?post=4154"}],"wp:featuredmedia":[{"embeddable":true,"href":"https:\/\/divertarte.com\/index.php\/wp-json\/wp\/v2\/media\/7718"}],"wp:attachment":[{"href":"https:\/\/divertarte.com\/index.php\/wp-json\/wp\/v2\/media?parent=4154"}],"wp:term":[{"taxonomy":"product_brand","embeddable":true,"href":"https:\/\/divertarte.com\/index.php\/wp-json\/wp\/v2\/product_brand?post=4154"},{"taxonomy":"product_cat","embeddable":true,"href":"https:\/\/divertarte.com\/index.php\/wp-json\/wp\/v2\/product_cat?post=4154"},{"taxonomy":"product_tag","embeddable":true,"href":"https:\/\/divertarte.com\/index.php\/wp-json\/wp\/v2\/product_tag?post=4154"}],"curies":[{"name":"wp","href":"https:\/\/api.w.org\/{rel}","templated":true}]}}