{"id":4123,"date":"2018-05-08T17:05:18","date_gmt":"2018-05-08T16:05:18","guid":{"rendered":"https:\/\/divertarte.com\/index.php\/produto\/sabonetes-em-barra\/"},"modified":"2025-11-06T14:11:06","modified_gmt":"2025-11-06T14:11:06","slug":"sabonetes-em-barra","status":"publish","type":"product","link":"https:\/\/divertarte.com\/index.php\/produto\/sabonetes-em-barra\/","title":{"rendered":"Curso Receitas de Sabonetes em Barra &#8211; Oferta"},"content":{"rendered":"<p>Curso oferta Receitas de Sabonetes em Barra &#8211; Oferta <strong>se as tuas compras ultrapassarem 30 euros, sem portes<\/strong>.<\/p>\n<p>Enviamos o Curso por email ap\u00f3s o pagamento da encomenda. Pede J\u00e1 !<\/p>\n","protected":false},"excerpt":{"rendered":"<p>Curso de Velas em Parafina II &#8211; Oferta <em><span style=\"color: #0000ff;\"><strong>se as tuas compras ultrapassarem 30 euros, sem portes<\/strong>.<\/span><\/em><\/p>\n<p>Aprende a nova t\u00e9cnica de fazer Barras de Sabonete :<\/p>\n<p>BARRA COM ESPIRAIS, BARRA CORA\u00c7\u00c3O DE CHOCOLATE PRETO E BRANCO, BARRA MARINHO, BARRA ALFAZEMA, BARRA MA\u00c7\u00c3 MESCLADA, BARRA VARIA\u00c7\u00c3O AZUL, BARRA FATIAS DE LARANJA<\/p>\n<p>Enviamos o Curso por email ap\u00f3s o pagamento da encomenda. Pede J\u00e1 !<\/p>\n<p>&nbsp;<\/p>\n<p>&nbsp;<\/p>\n<p>&nbsp;<\/p>\n","protected":false},"featured_media":13440,"comment_status":"open","ping_status":"closed","template":"","meta":{"_exactmetrics_skip_tracking":false,"_exactmetrics_sitenote_active":false,"_exactmetrics_sitenote_note":"","_exactmetrics_sitenote_category":0},"product_brand":[],"product_cat":[288,15],"product_tag":[],"class_list":{"0":"post-4123","1":"product","2":"type-product","3":"status-publish","4":"has-post-thumbnail","6":"product_cat-cursos-oferta","7":"product_cat-ver-todos-os-produtos","9":"first","10":"instock","11":"taxable","12":"shipping-taxable","13":"purchasable","14":"product-type-simple"},"yoast_head":"<!-- This site is optimized with the Yoast SEO plugin v27.4 - https:\/\/yoast.com\/product\/yoast-seo-wordpress\/ -->\n<title>Curso Receitas de Sabonetes em Barra - Oferta -<\/title>\n<meta name=\"description\" content=\"BARRA COM ESPIRAIS, BARRA CORA\u00c7\u00c3O DE CHOCOLATE PRETO E BRANCO, BARRA MARINHO, BARRA ALFAZEMA, BARRA MA\u00c7\u00c3 MESCLADA, BARRA VARIA\u00c7\u00c3O AZUL, BARRA FATIAS DE LARANJA\" \/>\n<meta name=\"robots\" content=\"index, follow, max-snippet:-1, max-image-preview:large, max-video-preview:-1\" \/>\n<link rel=\"canonical\" href=\"https:\/\/divertarte.com\/index.php\/produto\/sabonetes-em-barra\/\" \/>\n<meta property=\"og:locale\" content=\"pt_PT\" \/>\n<meta property=\"og:type\" content=\"article\" \/>\n<meta property=\"og:title\" content=\"Curso Receitas de Sabonetes em Barra - Oferta -\" \/>\n<meta property=\"og:description\" content=\"BARRA COM ESPIRAIS, BARRA CORA\u00c7\u00c3O DE CHOCOLATE PRETO E BRANCO, BARRA MARINHO, BARRA ALFAZEMA, BARRA MA\u00c7\u00c3 MESCLADA, BARRA VARIA\u00c7\u00c3O AZUL, BARRA FATIAS DE LARANJA\" \/>\n<meta property=\"og:url\" content=\"https:\/\/divertarte.com\/index.php\/produto\/sabonetes-em-barra\/\" \/>\n<meta property=\"article:modified_time\" content=\"2025-11-06T14:11:06+00:00\" \/>\n<meta property=\"og:image\" content=\"https:\/\/divertarte.com\/wp-content\/uploads\/2018\/06\/CURSO-SABONETES-em-BARRA.jpg\" \/>\n\t<meta property=\"og:image:width\" content=\"300\" \/>\n\t<meta property=\"og:image:height\" content=\"300\" \/>\n\t<meta property=\"og:image:type\" content=\"image\/jpeg\" \/>\n<meta name=\"twitter:card\" content=\"summary_large_image\" \/>\n<script type=\"application\/ld+json\" class=\"yoast-schema-graph\">{\"@context\":\"https:\\\/\\\/schema.org\",\"@graph\":[{\"@type\":\"WebPage\",\"@id\":\"https:\\\/\\\/divertarte.com\\\/index.php\\\/produto\\\/sabonetes-em-barra\\\/\",\"url\":\"https:\\\/\\\/divertarte.com\\\/index.php\\\/produto\\\/sabonetes-em-barra\\\/\",\"name\":\"Curso Receitas de Sabonetes em Barra - Oferta -\",\"isPartOf\":{\"@id\":\"https:\\\/\\\/divertarte.com\\\/#website\"},\"primaryImageOfPage\":{\"@id\":\"https:\\\/\\\/divertarte.com\\\/index.php\\\/produto\\\/sabonetes-em-barra\\\/#primaryimage\"},\"image\":{\"@id\":\"https:\\\/\\\/divertarte.com\\\/index.php\\\/produto\\\/sabonetes-em-barra\\\/#primaryimage\"},\"thumbnailUrl\":\"https:\\\/\\\/divertarte.com\\\/wp-content\\\/uploads\\\/2018\\\/06\\\/CURSO-SABONETES-em-BARRA.jpg\",\"datePublished\":\"2018-05-08T16:05:18+00:00\",\"dateModified\":\"2025-11-06T14:11:06+00:00\",\"description\":\"BARRA COM ESPIRAIS, BARRA CORA\u00c7\u00c3O DE CHOCOLATE PRETO E BRANCO, BARRA MARINHO, BARRA ALFAZEMA, BARRA MA\u00c7\u00c3 MESCLADA, BARRA VARIA\u00c7\u00c3O AZUL, BARRA FATIAS DE LARANJA\",\"breadcrumb\":{\"@id\":\"https:\\\/\\\/divertarte.com\\\/index.php\\\/produto\\\/sabonetes-em-barra\\\/#breadcrumb\"},\"inLanguage\":\"pt-PT\",\"potentialAction\":[{\"@type\":\"ReadAction\",\"target\":[\"https:\\\/\\\/divertarte.com\\\/index.php\\\/produto\\\/sabonetes-em-barra\\\/\"]}]},{\"@type\":\"ImageObject\",\"inLanguage\":\"pt-PT\",\"@id\":\"https:\\\/\\\/divertarte.com\\\/index.php\\\/produto\\\/sabonetes-em-barra\\\/#primaryimage\",\"url\":\"https:\\\/\\\/divertarte.com\\\/wp-content\\\/uploads\\\/2018\\\/06\\\/CURSO-SABONETES-em-BARRA.jpg\",\"contentUrl\":\"https:\\\/\\\/divertarte.com\\\/wp-content\\\/uploads\\\/2018\\\/06\\\/CURSO-SABONETES-em-BARRA.jpg\",\"width\":300,\"height\":300},{\"@type\":\"BreadcrumbList\",\"@id\":\"https:\\\/\\\/divertarte.com\\\/index.php\\\/produto\\\/sabonetes-em-barra\\\/#breadcrumb\",\"itemListElement\":[{\"@type\":\"ListItem\",\"position\":1,\"name\":\"In\u00edcio\",\"item\":\"https:\\\/\\\/divertarte.com\\\/\"},{\"@type\":\"ListItem\",\"position\":2,\"name\":\"Loja\",\"item\":\"https:\\\/\\\/divertarte.com\\\/index.php\\\/divertarte-produtos\\\/\"},{\"@type\":\"ListItem\",\"position\":3,\"name\":\"Curso Receitas de Sabonetes em Barra &#8211; Oferta\"}]},{\"@type\":\"WebSite\",\"@id\":\"https:\\\/\\\/divertarte.com\\\/#website\",\"url\":\"https:\\\/\\\/divertarte.com\\\/\",\"name\":\"Divertarte\",\"description\":\"\",\"publisher\":{\"@id\":\"https:\\\/\\\/divertarte.com\\\/#organization\"},\"potentialAction\":[{\"@type\":\"SearchAction\",\"target\":{\"@type\":\"EntryPoint\",\"urlTemplate\":\"https:\\\/\\\/divertarte.com\\\/?s={search_term_string}\"},\"query-input\":{\"@type\":\"PropertyValueSpecification\",\"valueRequired\":true,\"valueName\":\"search_term_string\"}}],\"inLanguage\":\"pt-PT\"},{\"@type\":\"Organization\",\"@id\":\"https:\\\/\\\/divertarte.com\\\/#organization\",\"name\":\"Divertarte\",\"url\":\"https:\\\/\\\/divertarte.com\\\/\",\"logo\":{\"@type\":\"ImageObject\",\"inLanguage\":\"pt-PT\",\"@id\":\"https:\\\/\\\/divertarte.com\\\/#\\\/schema\\\/logo\\\/image\\\/\",\"url\":\"https:\\\/\\\/divertarte.com\\\/wp-content\\\/uploads\\\/2018\\\/07\\\/logo-div.jpg\",\"contentUrl\":\"https:\\\/\\\/divertarte.com\\\/wp-content\\\/uploads\\\/2018\\\/07\\\/logo-div.jpg\",\"width\":295,\"height\":123,\"caption\":\"Divertarte\"},\"image\":{\"@id\":\"https:\\\/\\\/divertarte.com\\\/#\\\/schema\\\/logo\\\/image\\\/\"}}]}<\/script>\n<!-- \/ Yoast SEO plugin. -->","yoast_head_json":{"title":"Curso Receitas de Sabonetes em Barra - Oferta -","description":"BARRA COM ESPIRAIS, BARRA CORA\u00c7\u00c3O DE CHOCOLATE PRETO E BRANCO, BARRA MARINHO, BARRA ALFAZEMA, BARRA MA\u00c7\u00c3 MESCLADA, BARRA VARIA\u00c7\u00c3O AZUL, BARRA FATIAS DE LARANJA","robots":{"index":"index","follow":"follow","max-snippet":"max-snippet:-1","max-image-preview":"max-image-preview:large","max-video-preview":"max-video-preview:-1"},"canonical":"https:\/\/divertarte.com\/index.php\/produto\/sabonetes-em-barra\/","og_locale":"pt_PT","og_type":"article","og_title":"Curso Receitas de Sabonetes em Barra - Oferta -","og_description":"BARRA COM ESPIRAIS, BARRA CORA\u00c7\u00c3O DE CHOCOLATE PRETO E BRANCO, BARRA MARINHO, BARRA ALFAZEMA, BARRA MA\u00c7\u00c3 MESCLADA, BARRA VARIA\u00c7\u00c3O AZUL, BARRA FATIAS DE LARANJA","og_url":"https:\/\/divertarte.com\/index.php\/produto\/sabonetes-em-barra\/","article_modified_time":"2025-11-06T14:11:06+00:00","og_image":[{"width":300,"height":300,"url":"https:\/\/divertarte.com\/wp-content\/uploads\/2018\/06\/CURSO-SABONETES-em-BARRA.jpg","type":"image\/jpeg"}],"twitter_card":"summary_large_image","schema":{"@context":"https:\/\/schema.org","@graph":[{"@type":"WebPage","@id":"https:\/\/divertarte.com\/index.php\/produto\/sabonetes-em-barra\/","url":"https:\/\/divertarte.com\/index.php\/produto\/sabonetes-em-barra\/","name":"Curso Receitas de Sabonetes em Barra - Oferta -","isPartOf":{"@id":"https:\/\/divertarte.com\/#website"},"primaryImageOfPage":{"@id":"https:\/\/divertarte.com\/index.php\/produto\/sabonetes-em-barra\/#primaryimage"},"image":{"@id":"https:\/\/divertarte.com\/index.php\/produto\/sabonetes-em-barra\/#primaryimage"},"thumbnailUrl":"https:\/\/divertarte.com\/wp-content\/uploads\/2018\/06\/CURSO-SABONETES-em-BARRA.jpg","datePublished":"2018-05-08T16:05:18+00:00","dateModified":"2025-11-06T14:11:06+00:00","description":"BARRA COM ESPIRAIS, BARRA CORA\u00c7\u00c3O DE CHOCOLATE PRETO E BRANCO, BARRA MARINHO, BARRA ALFAZEMA, BARRA MA\u00c7\u00c3 MESCLADA, BARRA VARIA\u00c7\u00c3O AZUL, BARRA FATIAS DE LARANJA","breadcrumb":{"@id":"https:\/\/divertarte.com\/index.php\/produto\/sabonetes-em-barra\/#breadcrumb"},"inLanguage":"pt-PT","potentialAction":[{"@type":"ReadAction","target":["https:\/\/divertarte.com\/index.php\/produto\/sabonetes-em-barra\/"]}]},{"@type":"ImageObject","inLanguage":"pt-PT","@id":"https:\/\/divertarte.com\/index.php\/produto\/sabonetes-em-barra\/#primaryimage","url":"https:\/\/divertarte.com\/wp-content\/uploads\/2018\/06\/CURSO-SABONETES-em-BARRA.jpg","contentUrl":"https:\/\/divertarte.com\/wp-content\/uploads\/2018\/06\/CURSO-SABONETES-em-BARRA.jpg","width":300,"height":300},{"@type":"BreadcrumbList","@id":"https:\/\/divertarte.com\/index.php\/produto\/sabonetes-em-barra\/#breadcrumb","itemListElement":[{"@type":"ListItem","position":1,"name":"In\u00edcio","item":"https:\/\/divertarte.com\/"},{"@type":"ListItem","position":2,"name":"Loja","item":"https:\/\/divertarte.com\/index.php\/divertarte-produtos\/"},{"@type":"ListItem","position":3,"name":"Curso Receitas de Sabonetes em Barra &#8211; Oferta"}]},{"@type":"WebSite","@id":"https:\/\/divertarte.com\/#website","url":"https:\/\/divertarte.com\/","name":"Divertarte","description":"","publisher":{"@id":"https:\/\/divertarte.com\/#organization"},"potentialAction":[{"@type":"SearchAction","target":{"@type":"EntryPoint","urlTemplate":"https:\/\/divertarte.com\/?s={search_term_string}"},"query-input":{"@type":"PropertyValueSpecification","valueRequired":true,"valueName":"search_term_string"}}],"inLanguage":"pt-PT"},{"@type":"Organization","@id":"https:\/\/divertarte.com\/#organization","name":"Divertarte","url":"https:\/\/divertarte.com\/","logo":{"@type":"ImageObject","inLanguage":"pt-PT","@id":"https:\/\/divertarte.com\/#\/schema\/logo\/image\/","url":"https:\/\/divertarte.com\/wp-content\/uploads\/2018\/07\/logo-div.jpg","contentUrl":"https:\/\/divertarte.com\/wp-content\/uploads\/2018\/07\/logo-div.jpg","width":295,"height":123,"caption":"Divertarte"},"image":{"@id":"https:\/\/divertarte.com\/#\/schema\/logo\/image\/"}}]}},"_links":{"self":[{"href":"https:\/\/divertarte.com\/index.php\/wp-json\/wp\/v2\/product\/4123","targetHints":{"allow":["GET"]}}],"collection":[{"href":"https:\/\/divertarte.com\/index.php\/wp-json\/wp\/v2\/product"}],"about":[{"href":"https:\/\/divertarte.com\/index.php\/wp-json\/wp\/v2\/types\/product"}],"replies":[{"embeddable":true,"href":"https:\/\/divertarte.com\/index.php\/wp-json\/wp\/v2\/comments?post=4123"}],"wp:featuredmedia":[{"embeddable":true,"href":"https:\/\/divertarte.com\/index.php\/wp-json\/wp\/v2\/media\/13440"}],"wp:attachment":[{"href":"https:\/\/divertarte.com\/index.php\/wp-json\/wp\/v2\/media?parent=4123"}],"wp:term":[{"taxonomy":"product_brand","embeddable":true,"href":"https:\/\/divertarte.com\/index.php\/wp-json\/wp\/v2\/product_brand?post=4123"},{"taxonomy":"product_cat","embeddable":true,"href":"https:\/\/divertarte.com\/index.php\/wp-json\/wp\/v2\/product_cat?post=4123"},{"taxonomy":"product_tag","embeddable":true,"href":"https:\/\/divertarte.com\/index.php\/wp-json\/wp\/v2\/product_tag?post=4123"}],"curies":[{"name":"wp","href":"https:\/\/api.w.org\/{rel}","templated":true}]}}