{"id":4100,"date":"2018-06-07T14:14:39","date_gmt":"2018-06-07T13:14:39","guid":{"rendered":"https:\/\/divertarte.com\/index.php\/produto\/base-sabao-azeite\/"},"modified":"2025-11-06T13:47:28","modified_gmt":"2025-11-06T13:47:28","slug":"base-sabao-azeite","status":"publish","type":"product","link":"https:\/\/divertarte.com\/index.php\/produto\/base-sabao-azeite\/","title":{"rendered":"Base Sab\u00e3o Azeite"},"content":{"rendered":"<p>Base Liquida de Sab\u00e3o de Azeite de Oliva 250 ml<\/p>\n<p>O azeite suaviza e nutre a pele, ajuda a reter a sua humidade e elasticidade, pois aproveita as propriedades hidratantes naturais do azeite. <\/p>\n<p>Enriquecida com Azeite de Oliva. <br \/> <br \/>\nDeixa a sua pele t\u00e3o flex\u00edvel e macia que se sente, dia ap\u00f3s dia<br \/>\nServe como base para fazer sab\u00e3o liquido. N\u00e3o usar na glicerina s\u00f3lida<\/p>\n","protected":false},"excerpt":{"rendered":"<p>Base Liquida de Sab\u00e3o de Azeite de Oliva 250 ml<\/p>\n<p>O azeite suaviza e nutre a pele, ajuda a reter a sua humidade e elasticidade, pois aproveita as propriedades hidratantes naturais do azeite. <\/p>\n<p>Enriquecida com Azeite de Oliva. <br \/> <br \/>\nDeixa a sua pele t\u00e3o flex\u00edvel e macia que se sente, dia ap\u00f3s dia<br \/>\nServe como base para fazer sab\u00e3o liquido. N\u00e3o usar na glicerina s\u00f3lida<\/p>\n","protected":false},"featured_media":7675,"comment_status":"closed","ping_status":"open","template":"","meta":{"_exactmetrics_skip_tracking":false,"_exactmetrics_sitenote_active":false,"_exactmetrics_sitenote_note":"","_exactmetrics_sitenote_category":0},"product_brand":[],"product_cat":[15],"product_tag":[],"class_list":{"0":"post-4100","1":"product","2":"type-product","3":"status-publish","4":"has-post-thumbnail","6":"product_cat-ver-todos-os-produtos","8":"first","9":"instock","10":"taxable","11":"shipping-taxable","12":"purchasable","13":"product-type-simple"},"yoast_head":"<!-- This site is optimized with the Yoast SEO plugin v27.4 - https:\/\/yoast.com\/product\/yoast-seo-wordpress\/ -->\n<title>Base Sab\u00e3o Azeite -<\/title>\n<meta name=\"robots\" content=\"index, follow, max-snippet:-1, max-image-preview:large, max-video-preview:-1\" \/>\n<link rel=\"canonical\" href=\"https:\/\/divertarte.com\/index.php\/produto\/base-sabao-azeite\/\" \/>\n<meta property=\"og:locale\" content=\"pt_PT\" \/>\n<meta property=\"og:type\" content=\"article\" \/>\n<meta property=\"og:title\" content=\"Base Sab\u00e3o Azeite -\" \/>\n<meta property=\"og:description\" content=\"Base Liquida de Sab\u00e3o de Azeite de Oliva 250 ml O azeite suaviza e nutre a pele, ajuda a reter a sua humidade e elasticidade, pois aproveita as propriedades hidratantes naturais do azeite.  Enriquecida com Azeite de Oliva.  Deixa a sua pele t\u00e3o flex\u00edvel e macia que se sente, dia ap\u00f3s dia Serve como base para fazer sab\u00e3o liquido. N\u00e3o usar na glicerina s\u00f3lida\" \/>\n<meta property=\"og:url\" content=\"https:\/\/divertarte.com\/index.php\/produto\/base-sabao-azeite\/\" \/>\n<meta property=\"article:modified_time\" content=\"2025-11-06T13:47:28+00:00\" \/>\n<meta property=\"og:image\" content=\"https:\/\/divertarte.com\/wp-content\/uploads\/2018\/05\/base_liquida_sabao_azeite.jpg\" \/>\n\t<meta property=\"og:image:width\" content=\"546\" \/>\n\t<meta property=\"og:image:height\" content=\"558\" \/>\n\t<meta property=\"og:image:type\" content=\"image\/jpeg\" \/>\n<meta name=\"twitter:card\" content=\"summary_large_image\" \/>\n<script type=\"application\/ld+json\" class=\"yoast-schema-graph\">{\"@context\":\"https:\\\/\\\/schema.org\",\"@graph\":[{\"@type\":\"WebPage\",\"@id\":\"https:\\\/\\\/divertarte.com\\\/index.php\\\/produto\\\/base-sabao-azeite\\\/\",\"url\":\"https:\\\/\\\/divertarte.com\\\/index.php\\\/produto\\\/base-sabao-azeite\\\/\",\"name\":\"Base Sab\u00e3o Azeite -\",\"isPartOf\":{\"@id\":\"https:\\\/\\\/divertarte.com\\\/#website\"},\"primaryImageOfPage\":{\"@id\":\"https:\\\/\\\/divertarte.com\\\/index.php\\\/produto\\\/base-sabao-azeite\\\/#primaryimage\"},\"image\":{\"@id\":\"https:\\\/\\\/divertarte.com\\\/index.php\\\/produto\\\/base-sabao-azeite\\\/#primaryimage\"},\"thumbnailUrl\":\"https:\\\/\\\/divertarte.com\\\/wp-content\\\/uploads\\\/2018\\\/05\\\/base_liquida_sabao_azeite.jpg\",\"datePublished\":\"2018-06-07T13:14:39+00:00\",\"dateModified\":\"2025-11-06T13:47:28+00:00\",\"breadcrumb\":{\"@id\":\"https:\\\/\\\/divertarte.com\\\/index.php\\\/produto\\\/base-sabao-azeite\\\/#breadcrumb\"},\"inLanguage\":\"pt-PT\",\"potentialAction\":[{\"@type\":\"ReadAction\",\"target\":[\"https:\\\/\\\/divertarte.com\\\/index.php\\\/produto\\\/base-sabao-azeite\\\/\"]}]},{\"@type\":\"ImageObject\",\"inLanguage\":\"pt-PT\",\"@id\":\"https:\\\/\\\/divertarte.com\\\/index.php\\\/produto\\\/base-sabao-azeite\\\/#primaryimage\",\"url\":\"https:\\\/\\\/divertarte.com\\\/wp-content\\\/uploads\\\/2018\\\/05\\\/base_liquida_sabao_azeite.jpg\",\"contentUrl\":\"https:\\\/\\\/divertarte.com\\\/wp-content\\\/uploads\\\/2018\\\/05\\\/base_liquida_sabao_azeite.jpg\",\"width\":546,\"height\":558},{\"@type\":\"BreadcrumbList\",\"@id\":\"https:\\\/\\\/divertarte.com\\\/index.php\\\/produto\\\/base-sabao-azeite\\\/#breadcrumb\",\"itemListElement\":[{\"@type\":\"ListItem\",\"position\":1,\"name\":\"In\u00edcio\",\"item\":\"https:\\\/\\\/divertarte.com\\\/\"},{\"@type\":\"ListItem\",\"position\":2,\"name\":\"Loja\",\"item\":\"https:\\\/\\\/divertarte.com\\\/index.php\\\/divertarte-produtos\\\/\"},{\"@type\":\"ListItem\",\"position\":3,\"name\":\"Base Sab\u00e3o Azeite\"}]},{\"@type\":\"WebSite\",\"@id\":\"https:\\\/\\\/divertarte.com\\\/#website\",\"url\":\"https:\\\/\\\/divertarte.com\\\/\",\"name\":\"Divertarte\",\"description\":\"\",\"publisher\":{\"@id\":\"https:\\\/\\\/divertarte.com\\\/#organization\"},\"potentialAction\":[{\"@type\":\"SearchAction\",\"target\":{\"@type\":\"EntryPoint\",\"urlTemplate\":\"https:\\\/\\\/divertarte.com\\\/?s={search_term_string}\"},\"query-input\":{\"@type\":\"PropertyValueSpecification\",\"valueRequired\":true,\"valueName\":\"search_term_string\"}}],\"inLanguage\":\"pt-PT\"},{\"@type\":\"Organization\",\"@id\":\"https:\\\/\\\/divertarte.com\\\/#organization\",\"name\":\"Divertarte\",\"url\":\"https:\\\/\\\/divertarte.com\\\/\",\"logo\":{\"@type\":\"ImageObject\",\"inLanguage\":\"pt-PT\",\"@id\":\"https:\\\/\\\/divertarte.com\\\/#\\\/schema\\\/logo\\\/image\\\/\",\"url\":\"https:\\\/\\\/divertarte.com\\\/wp-content\\\/uploads\\\/2018\\\/07\\\/logo-div.jpg\",\"contentUrl\":\"https:\\\/\\\/divertarte.com\\\/wp-content\\\/uploads\\\/2018\\\/07\\\/logo-div.jpg\",\"width\":295,\"height\":123,\"caption\":\"Divertarte\"},\"image\":{\"@id\":\"https:\\\/\\\/divertarte.com\\\/#\\\/schema\\\/logo\\\/image\\\/\"}}]}<\/script>\n<!-- \/ Yoast SEO plugin. -->","yoast_head_json":{"title":"Base Sab\u00e3o Azeite -","robots":{"index":"index","follow":"follow","max-snippet":"max-snippet:-1","max-image-preview":"max-image-preview:large","max-video-preview":"max-video-preview:-1"},"canonical":"https:\/\/divertarte.com\/index.php\/produto\/base-sabao-azeite\/","og_locale":"pt_PT","og_type":"article","og_title":"Base Sab\u00e3o Azeite -","og_description":"Base Liquida de Sab\u00e3o de Azeite de Oliva 250 ml O azeite suaviza e nutre a pele, ajuda a reter a sua humidade e elasticidade, pois aproveita as propriedades hidratantes naturais do azeite.  Enriquecida com Azeite de Oliva.  Deixa a sua pele t\u00e3o flex\u00edvel e macia que se sente, dia ap\u00f3s dia Serve como base para fazer sab\u00e3o liquido. N\u00e3o usar na glicerina s\u00f3lida","og_url":"https:\/\/divertarte.com\/index.php\/produto\/base-sabao-azeite\/","article_modified_time":"2025-11-06T13:47:28+00:00","og_image":[{"width":546,"height":558,"url":"https:\/\/divertarte.com\/wp-content\/uploads\/2018\/05\/base_liquida_sabao_azeite.jpg","type":"image\/jpeg"}],"twitter_card":"summary_large_image","schema":{"@context":"https:\/\/schema.org","@graph":[{"@type":"WebPage","@id":"https:\/\/divertarte.com\/index.php\/produto\/base-sabao-azeite\/","url":"https:\/\/divertarte.com\/index.php\/produto\/base-sabao-azeite\/","name":"Base Sab\u00e3o Azeite -","isPartOf":{"@id":"https:\/\/divertarte.com\/#website"},"primaryImageOfPage":{"@id":"https:\/\/divertarte.com\/index.php\/produto\/base-sabao-azeite\/#primaryimage"},"image":{"@id":"https:\/\/divertarte.com\/index.php\/produto\/base-sabao-azeite\/#primaryimage"},"thumbnailUrl":"https:\/\/divertarte.com\/wp-content\/uploads\/2018\/05\/base_liquida_sabao_azeite.jpg","datePublished":"2018-06-07T13:14:39+00:00","dateModified":"2025-11-06T13:47:28+00:00","breadcrumb":{"@id":"https:\/\/divertarte.com\/index.php\/produto\/base-sabao-azeite\/#breadcrumb"},"inLanguage":"pt-PT","potentialAction":[{"@type":"ReadAction","target":["https:\/\/divertarte.com\/index.php\/produto\/base-sabao-azeite\/"]}]},{"@type":"ImageObject","inLanguage":"pt-PT","@id":"https:\/\/divertarte.com\/index.php\/produto\/base-sabao-azeite\/#primaryimage","url":"https:\/\/divertarte.com\/wp-content\/uploads\/2018\/05\/base_liquida_sabao_azeite.jpg","contentUrl":"https:\/\/divertarte.com\/wp-content\/uploads\/2018\/05\/base_liquida_sabao_azeite.jpg","width":546,"height":558},{"@type":"BreadcrumbList","@id":"https:\/\/divertarte.com\/index.php\/produto\/base-sabao-azeite\/#breadcrumb","itemListElement":[{"@type":"ListItem","position":1,"name":"In\u00edcio","item":"https:\/\/divertarte.com\/"},{"@type":"ListItem","position":2,"name":"Loja","item":"https:\/\/divertarte.com\/index.php\/divertarte-produtos\/"},{"@type":"ListItem","position":3,"name":"Base Sab\u00e3o Azeite"}]},{"@type":"WebSite","@id":"https:\/\/divertarte.com\/#website","url":"https:\/\/divertarte.com\/","name":"Divertarte","description":"","publisher":{"@id":"https:\/\/divertarte.com\/#organization"},"potentialAction":[{"@type":"SearchAction","target":{"@type":"EntryPoint","urlTemplate":"https:\/\/divertarte.com\/?s={search_term_string}"},"query-input":{"@type":"PropertyValueSpecification","valueRequired":true,"valueName":"search_term_string"}}],"inLanguage":"pt-PT"},{"@type":"Organization","@id":"https:\/\/divertarte.com\/#organization","name":"Divertarte","url":"https:\/\/divertarte.com\/","logo":{"@type":"ImageObject","inLanguage":"pt-PT","@id":"https:\/\/divertarte.com\/#\/schema\/logo\/image\/","url":"https:\/\/divertarte.com\/wp-content\/uploads\/2018\/07\/logo-div.jpg","contentUrl":"https:\/\/divertarte.com\/wp-content\/uploads\/2018\/07\/logo-div.jpg","width":295,"height":123,"caption":"Divertarte"},"image":{"@id":"https:\/\/divertarte.com\/#\/schema\/logo\/image\/"}}]}},"_links":{"self":[{"href":"https:\/\/divertarte.com\/index.php\/wp-json\/wp\/v2\/product\/4100","targetHints":{"allow":["GET"]}}],"collection":[{"href":"https:\/\/divertarte.com\/index.php\/wp-json\/wp\/v2\/product"}],"about":[{"href":"https:\/\/divertarte.com\/index.php\/wp-json\/wp\/v2\/types\/product"}],"replies":[{"embeddable":true,"href":"https:\/\/divertarte.com\/index.php\/wp-json\/wp\/v2\/comments?post=4100"}],"wp:featuredmedia":[{"embeddable":true,"href":"https:\/\/divertarte.com\/index.php\/wp-json\/wp\/v2\/media\/7675"}],"wp:attachment":[{"href":"https:\/\/divertarte.com\/index.php\/wp-json\/wp\/v2\/media?parent=4100"}],"wp:term":[{"taxonomy":"product_brand","embeddable":true,"href":"https:\/\/divertarte.com\/index.php\/wp-json\/wp\/v2\/product_brand?post=4100"},{"taxonomy":"product_cat","embeddable":true,"href":"https:\/\/divertarte.com\/index.php\/wp-json\/wp\/v2\/product_cat?post=4100"},{"taxonomy":"product_tag","embeddable":true,"href":"https:\/\/divertarte.com\/index.php\/wp-json\/wp\/v2\/product_tag?post=4100"}],"curies":[{"name":"wp","href":"https:\/\/api.w.org\/{rel}","templated":true}]}}