{"id":4085,"date":"2018-06-07T14:16:21","date_gmt":"2018-06-07T13:16:21","guid":{"rendered":"https:\/\/divertarte.com\/index.php\/produto\/aditivo-de-espuma-limao\/"},"modified":"2025-11-06T13:39:05","modified_gmt":"2025-11-06T13:39:05","slug":"aditivo-de-espuma-limao","status":"publish","type":"product","link":"https:\/\/divertarte.com\/index.php\/produto\/aditivo-de-espuma-limao\/","title":{"rendered":"Aditivo de Espuma Lim\u00e3o"},"content":{"rendered":"<p>Aditivo de Espuma Lim\u00e3o-FRASCO 250 ML<br \/>\nAdicione \u00c3\u00a0 base l\u00edquida e obtenha uma espuma de banho suave, hidratante e relaxante com aroma a lim\u00e3o.<\/p>\n<p>Nova formula mais concentrado mais rendimento<br \/>\n250 ml de aditivo para 500 ml de base liquida<\/p>\n","protected":false},"excerpt":{"rendered":"<p>Aditivo de Espuma Lim\u00e3o-FRASCO 250 ML<br \/>\nAdicione \u00e0\u00a0 base l\u00edquida e obtenha uma espuma de banho suave, hidratante e relaxante com aroma a lim\u00e3o.<\/p>\n<p>Nova formula mais concentrado mais rendimento<br \/>\n250 ml de aditivo para 500 ml de base liquida<\/p>\n","protected":false},"featured_media":7660,"comment_status":"closed","ping_status":"closed","template":"","meta":{"_exactmetrics_skip_tracking":false,"_exactmetrics_sitenote_active":false,"_exactmetrics_sitenote_note":"","_exactmetrics_sitenote_category":0},"product_brand":[],"product_cat":[285,381,15],"product_tag":[],"class_list":{"0":"post-4085","1":"product","2":"type-product","3":"status-publish","4":"has-post-thumbnail","6":"product_cat-aditivos-espuma-sabonete-liquido","7":"product_cat-materiais-para-sabonetes","8":"product_cat-ver-todos-os-produtos","10":"first","11":"instock","12":"taxable","13":"shipping-taxable","14":"purchasable","15":"product-type-simple"},"yoast_head":"<!-- This site is optimized with the Yoast SEO plugin v27.4 - https:\/\/yoast.com\/product\/yoast-seo-wordpress\/ -->\n<title>Aditivo de Espuma Lim\u00e3o -<\/title>\n<meta name=\"description\" content=\"Aditivo de Espuma Lim\u00e3o-FRASCO 250 MLAdicione \u00e0\u00a0 base l\u00edquida e obtenha uma espuma de banho suave, hidratante e relaxante com aroma a lim\u00e3o.\" \/>\n<meta name=\"robots\" content=\"index, follow, max-snippet:-1, max-image-preview:large, max-video-preview:-1\" \/>\n<link rel=\"canonical\" href=\"https:\/\/divertarte.com\/index.php\/produto\/aditivo-de-espuma-limao\/\" \/>\n<meta property=\"og:locale\" content=\"pt_PT\" \/>\n<meta property=\"og:type\" content=\"article\" \/>\n<meta property=\"og:title\" content=\"Aditivo de Espuma Lim\u00e3o -\" \/>\n<meta property=\"og:description\" content=\"Aditivo de Espuma Lim\u00e3o-FRASCO 250 MLAdicione \u00e0\u00a0 base l\u00edquida e obtenha uma espuma de banho suave, hidratante e relaxante com aroma a lim\u00e3o.\" \/>\n<meta property=\"og:url\" content=\"https:\/\/divertarte.com\/index.php\/produto\/aditivo-de-espuma-limao\/\" \/>\n<meta property=\"article:modified_time\" content=\"2025-11-06T13:39:05+00:00\" \/>\n<meta property=\"og:image\" content=\"https:\/\/divertarte.com\/wp-content\/uploads\/2018\/05\/aditivo_espuma_limao.jpg\" \/>\n\t<meta property=\"og:image:width\" content=\"558\" \/>\n\t<meta property=\"og:image:height\" content=\"551\" \/>\n\t<meta property=\"og:image:type\" content=\"image\/jpeg\" \/>\n<meta name=\"twitter:card\" content=\"summary_large_image\" \/>\n<script type=\"application\/ld+json\" class=\"yoast-schema-graph\">{\"@context\":\"https:\\\/\\\/schema.org\",\"@graph\":[{\"@type\":\"WebPage\",\"@id\":\"https:\\\/\\\/divertarte.com\\\/index.php\\\/produto\\\/aditivo-de-espuma-limao\\\/\",\"url\":\"https:\\\/\\\/divertarte.com\\\/index.php\\\/produto\\\/aditivo-de-espuma-limao\\\/\",\"name\":\"Aditivo de Espuma Lim\u00e3o -\",\"isPartOf\":{\"@id\":\"https:\\\/\\\/divertarte.com\\\/#website\"},\"primaryImageOfPage\":{\"@id\":\"https:\\\/\\\/divertarte.com\\\/index.php\\\/produto\\\/aditivo-de-espuma-limao\\\/#primaryimage\"},\"image\":{\"@id\":\"https:\\\/\\\/divertarte.com\\\/index.php\\\/produto\\\/aditivo-de-espuma-limao\\\/#primaryimage\"},\"thumbnailUrl\":\"https:\\\/\\\/divertarte.com\\\/wp-content\\\/uploads\\\/2018\\\/05\\\/aditivo_espuma_limao.jpg\",\"datePublished\":\"2018-06-07T13:16:21+00:00\",\"dateModified\":\"2025-11-06T13:39:05+00:00\",\"description\":\"Aditivo de Espuma Lim\u00e3o-FRASCO 250 MLAdicione \u00e0\u00a0 base l\u00edquida e obtenha uma espuma de banho suave, hidratante e relaxante com aroma a lim\u00e3o.\",\"breadcrumb\":{\"@id\":\"https:\\\/\\\/divertarte.com\\\/index.php\\\/produto\\\/aditivo-de-espuma-limao\\\/#breadcrumb\"},\"inLanguage\":\"pt-PT\",\"potentialAction\":[{\"@type\":\"ReadAction\",\"target\":[\"https:\\\/\\\/divertarte.com\\\/index.php\\\/produto\\\/aditivo-de-espuma-limao\\\/\"]}]},{\"@type\":\"ImageObject\",\"inLanguage\":\"pt-PT\",\"@id\":\"https:\\\/\\\/divertarte.com\\\/index.php\\\/produto\\\/aditivo-de-espuma-limao\\\/#primaryimage\",\"url\":\"https:\\\/\\\/divertarte.com\\\/wp-content\\\/uploads\\\/2018\\\/05\\\/aditivo_espuma_limao.jpg\",\"contentUrl\":\"https:\\\/\\\/divertarte.com\\\/wp-content\\\/uploads\\\/2018\\\/05\\\/aditivo_espuma_limao.jpg\",\"width\":558,\"height\":551},{\"@type\":\"BreadcrumbList\",\"@id\":\"https:\\\/\\\/divertarte.com\\\/index.php\\\/produto\\\/aditivo-de-espuma-limao\\\/#breadcrumb\",\"itemListElement\":[{\"@type\":\"ListItem\",\"position\":1,\"name\":\"In\u00edcio\",\"item\":\"https:\\\/\\\/divertarte.com\\\/\"},{\"@type\":\"ListItem\",\"position\":2,\"name\":\"Loja\",\"item\":\"https:\\\/\\\/divertarte.com\\\/index.php\\\/divertarte-produtos\\\/\"},{\"@type\":\"ListItem\",\"position\":3,\"name\":\"Aditivo de Espuma Lim\u00e3o\"}]},{\"@type\":\"WebSite\",\"@id\":\"https:\\\/\\\/divertarte.com\\\/#website\",\"url\":\"https:\\\/\\\/divertarte.com\\\/\",\"name\":\"Divertarte\",\"description\":\"\",\"publisher\":{\"@id\":\"https:\\\/\\\/divertarte.com\\\/#organization\"},\"potentialAction\":[{\"@type\":\"SearchAction\",\"target\":{\"@type\":\"EntryPoint\",\"urlTemplate\":\"https:\\\/\\\/divertarte.com\\\/?s={search_term_string}\"},\"query-input\":{\"@type\":\"PropertyValueSpecification\",\"valueRequired\":true,\"valueName\":\"search_term_string\"}}],\"inLanguage\":\"pt-PT\"},{\"@type\":\"Organization\",\"@id\":\"https:\\\/\\\/divertarte.com\\\/#organization\",\"name\":\"Divertarte\",\"url\":\"https:\\\/\\\/divertarte.com\\\/\",\"logo\":{\"@type\":\"ImageObject\",\"inLanguage\":\"pt-PT\",\"@id\":\"https:\\\/\\\/divertarte.com\\\/#\\\/schema\\\/logo\\\/image\\\/\",\"url\":\"https:\\\/\\\/divertarte.com\\\/wp-content\\\/uploads\\\/2018\\\/07\\\/logo-div.jpg\",\"contentUrl\":\"https:\\\/\\\/divertarte.com\\\/wp-content\\\/uploads\\\/2018\\\/07\\\/logo-div.jpg\",\"width\":295,\"height\":123,\"caption\":\"Divertarte\"},\"image\":{\"@id\":\"https:\\\/\\\/divertarte.com\\\/#\\\/schema\\\/logo\\\/image\\\/\"}}]}<\/script>\n<!-- \/ Yoast SEO plugin. -->","yoast_head_json":{"title":"Aditivo de Espuma Lim\u00e3o -","description":"Aditivo de Espuma Lim\u00e3o-FRASCO 250 MLAdicione \u00e0\u00a0 base l\u00edquida e obtenha uma espuma de banho suave, hidratante e relaxante com aroma a lim\u00e3o.","robots":{"index":"index","follow":"follow","max-snippet":"max-snippet:-1","max-image-preview":"max-image-preview:large","max-video-preview":"max-video-preview:-1"},"canonical":"https:\/\/divertarte.com\/index.php\/produto\/aditivo-de-espuma-limao\/","og_locale":"pt_PT","og_type":"article","og_title":"Aditivo de Espuma Lim\u00e3o -","og_description":"Aditivo de Espuma Lim\u00e3o-FRASCO 250 MLAdicione \u00e0\u00a0 base l\u00edquida e obtenha uma espuma de banho suave, hidratante e relaxante com aroma a lim\u00e3o.","og_url":"https:\/\/divertarte.com\/index.php\/produto\/aditivo-de-espuma-limao\/","article_modified_time":"2025-11-06T13:39:05+00:00","og_image":[{"width":558,"height":551,"url":"https:\/\/divertarte.com\/wp-content\/uploads\/2018\/05\/aditivo_espuma_limao.jpg","type":"image\/jpeg"}],"twitter_card":"summary_large_image","schema":{"@context":"https:\/\/schema.org","@graph":[{"@type":"WebPage","@id":"https:\/\/divertarte.com\/index.php\/produto\/aditivo-de-espuma-limao\/","url":"https:\/\/divertarte.com\/index.php\/produto\/aditivo-de-espuma-limao\/","name":"Aditivo de Espuma Lim\u00e3o -","isPartOf":{"@id":"https:\/\/divertarte.com\/#website"},"primaryImageOfPage":{"@id":"https:\/\/divertarte.com\/index.php\/produto\/aditivo-de-espuma-limao\/#primaryimage"},"image":{"@id":"https:\/\/divertarte.com\/index.php\/produto\/aditivo-de-espuma-limao\/#primaryimage"},"thumbnailUrl":"https:\/\/divertarte.com\/wp-content\/uploads\/2018\/05\/aditivo_espuma_limao.jpg","datePublished":"2018-06-07T13:16:21+00:00","dateModified":"2025-11-06T13:39:05+00:00","description":"Aditivo de Espuma Lim\u00e3o-FRASCO 250 MLAdicione \u00e0\u00a0 base l\u00edquida e obtenha uma espuma de banho suave, hidratante e relaxante com aroma a lim\u00e3o.","breadcrumb":{"@id":"https:\/\/divertarte.com\/index.php\/produto\/aditivo-de-espuma-limao\/#breadcrumb"},"inLanguage":"pt-PT","potentialAction":[{"@type":"ReadAction","target":["https:\/\/divertarte.com\/index.php\/produto\/aditivo-de-espuma-limao\/"]}]},{"@type":"ImageObject","inLanguage":"pt-PT","@id":"https:\/\/divertarte.com\/index.php\/produto\/aditivo-de-espuma-limao\/#primaryimage","url":"https:\/\/divertarte.com\/wp-content\/uploads\/2018\/05\/aditivo_espuma_limao.jpg","contentUrl":"https:\/\/divertarte.com\/wp-content\/uploads\/2018\/05\/aditivo_espuma_limao.jpg","width":558,"height":551},{"@type":"BreadcrumbList","@id":"https:\/\/divertarte.com\/index.php\/produto\/aditivo-de-espuma-limao\/#breadcrumb","itemListElement":[{"@type":"ListItem","position":1,"name":"In\u00edcio","item":"https:\/\/divertarte.com\/"},{"@type":"ListItem","position":2,"name":"Loja","item":"https:\/\/divertarte.com\/index.php\/divertarte-produtos\/"},{"@type":"ListItem","position":3,"name":"Aditivo de Espuma Lim\u00e3o"}]},{"@type":"WebSite","@id":"https:\/\/divertarte.com\/#website","url":"https:\/\/divertarte.com\/","name":"Divertarte","description":"","publisher":{"@id":"https:\/\/divertarte.com\/#organization"},"potentialAction":[{"@type":"SearchAction","target":{"@type":"EntryPoint","urlTemplate":"https:\/\/divertarte.com\/?s={search_term_string}"},"query-input":{"@type":"PropertyValueSpecification","valueRequired":true,"valueName":"search_term_string"}}],"inLanguage":"pt-PT"},{"@type":"Organization","@id":"https:\/\/divertarte.com\/#organization","name":"Divertarte","url":"https:\/\/divertarte.com\/","logo":{"@type":"ImageObject","inLanguage":"pt-PT","@id":"https:\/\/divertarte.com\/#\/schema\/logo\/image\/","url":"https:\/\/divertarte.com\/wp-content\/uploads\/2018\/07\/logo-div.jpg","contentUrl":"https:\/\/divertarte.com\/wp-content\/uploads\/2018\/07\/logo-div.jpg","width":295,"height":123,"caption":"Divertarte"},"image":{"@id":"https:\/\/divertarte.com\/#\/schema\/logo\/image\/"}}]}},"_links":{"self":[{"href":"https:\/\/divertarte.com\/index.php\/wp-json\/wp\/v2\/product\/4085","targetHints":{"allow":["GET"]}}],"collection":[{"href":"https:\/\/divertarte.com\/index.php\/wp-json\/wp\/v2\/product"}],"about":[{"href":"https:\/\/divertarte.com\/index.php\/wp-json\/wp\/v2\/types\/product"}],"replies":[{"embeddable":true,"href":"https:\/\/divertarte.com\/index.php\/wp-json\/wp\/v2\/comments?post=4085"}],"wp:featuredmedia":[{"embeddable":true,"href":"https:\/\/divertarte.com\/index.php\/wp-json\/wp\/v2\/media\/7660"}],"wp:attachment":[{"href":"https:\/\/divertarte.com\/index.php\/wp-json\/wp\/v2\/media?parent=4085"}],"wp:term":[{"taxonomy":"product_brand","embeddable":true,"href":"https:\/\/divertarte.com\/index.php\/wp-json\/wp\/v2\/product_brand?post=4085"},{"taxonomy":"product_cat","embeddable":true,"href":"https:\/\/divertarte.com\/index.php\/wp-json\/wp\/v2\/product_cat?post=4085"},{"taxonomy":"product_tag","embeddable":true,"href":"https:\/\/divertarte.com\/index.php\/wp-json\/wp\/v2\/product_tag?post=4085"}],"curies":[{"name":"wp","href":"https:\/\/api.w.org\/{rel}","templated":true}]}}