{"id":4082,"date":"2018-06-07T14:01:40","date_gmt":"2018-06-07T13:01:40","guid":{"rendered":"https:\/\/divertarte.com\/index.php\/produto\/glicerina-liquida-5lt\/"},"modified":"2025-11-06T14:10:19","modified_gmt":"2025-11-06T14:10:19","slug":"glicerina-liquida-5lt","status":"publish","type":"product","link":"https:\/\/divertarte.com\/index.php\/produto\/glicerina-liquida-5lt\/","title":{"rendered":"Glicerina Liquida 5LT"},"content":{"rendered":"<div class=\"woocommerce-tabs wc-tabs-wrapper\">\n<div id=\"tab-description\" class=\"woocommerce-Tabs-panel woocommerce-Tabs-panel--description panel entry-content wc-tab\" role=\"tabpanel\" aria-labelledby=\"tab-title-description\">\n<p>Embalagem 5 litro<br \/>\nGlicerina farmac\u00eautica<\/p>\n<p>A glicerina \u00e9 um elemento, sem cor e nem sabor, est\u00e1 presente na formula\u00e7\u00e3o de diversos produtos cosm\u00e9ticos e de beleza, como champos, condicionadores, sabonetes al\u00e9m de diversos artigos de maquiagem. Tudo isso, gra\u00e7as as suas propriedades emolientes e hidratantes.<\/p>\n<p>Uma das caracter\u00edsticas mais not\u00e1veis da glicerina \u00e9 sua capacidade hidratante,\u00a0conseguindo atrair a \u00e1gua e fazendo com que a pele a retenha com mais facilidade. C\u00fatis hidratada por muito mais tempo. Por conta disso, tenho uma dica para casos de peles secas, com descama\u00e7\u00e3o, e \u00e1speras: colocar umas gotinhas de glicerina l\u00edquida no seu creme hidratante de uso frequente para potenciar a sua a\u00e7\u00e3o.<\/p>\n<p>A glicerina tamb\u00e9m auxilia na hidrata\u00e7\u00e3o dos cabelos, mantendo a \u00e1gua no interior dos fios. Como resultado, as madeixas ficam mais fortes e macias. Um das formas de usar este componente nos cabelos \u00e9 atrav\u00e9s de\u00a0 champo, condicionador, m\u00e1scaras, entre outros enriquecidos ou misturados com glicerina.<\/p>\n<p>Outra maneira \u00e9 misturar a glicerina l\u00edquida \u00e9 utilizar uma colher de sopa para cada cinco colheres de \u00e1gua, al\u00e9m da mistura com um \u00f3leo essencial. A glicerina vegetal tem maior poder de limpeza se comparada a animal. Mas ambas contam com alto poder de hidrata\u00e7\u00e3o. \u00a0No caso dos cabelos, o uso pode ser feito em dias alternados.<\/p>\n<p>A glicerina \u00e9 eficaz na redu\u00e7\u00e3o de dermatites, acelerando a regenera\u00e7\u00e3o dos tecidos danificados. Tudo isso gra\u00e7as \u00e0 sua a\u00e7\u00e3o antibacteriana. A glicerina \u00e9 tamb\u00e9m muito usada na preven\u00e7\u00e3o do envelhecimento mantendo a pele sempre hidratada, protegendo contra a a\u00e7\u00e3o do tempo e de agentes agressores externos e prevenindo a forma\u00e7\u00e3o de pequenas rugas<\/p>\n<p>Apesar dos benef\u00edcios, n\u00e3o \u00e9 indicado o uso da glicerina directamente na pele<\/p>\n<\/div>\n<\/div>\n<p>&nbsp;<\/p>\n","protected":false},"excerpt":{"rendered":"<p>Glicerina farmac\u00eautica L\u00edquida<\/p>\n<p>Ideal para juntar \u00e0 base de Glicerina para o fabrico dos sabonetes<\/p>\n<p>Embalagem 5 litros<\/p>\n","protected":false},"featured_media":7656,"comment_status":"closed","ping_status":"closed","template":"","meta":{"_exactmetrics_skip_tracking":false,"_exactmetrics_sitenote_active":false,"_exactmetrics_sitenote_note":"","_exactmetrics_sitenote_category":0},"product_brand":[],"product_cat":[385,58,15],"product_tag":[],"class_list":{"0":"post-4082","1":"product","2":"type-product","3":"status-publish","4":"has-post-thumbnail","6":"product_cat-bases-de-glicerina","7":"product_cat-glicerina-para-sabonetes","8":"product_cat-ver-todos-os-produtos","10":"first","11":"instock","12":"taxable","13":"shipping-taxable","14":"purchasable","15":"product-type-simple"},"yoast_head":"<!-- This site is optimized with the Yoast SEO plugin v27.4 - https:\/\/yoast.com\/product\/yoast-seo-wordpress\/ -->\n<title>Glicerina Liquida 5LT -<\/title>\n<meta name=\"description\" content=\"Glicerina farmac\u00eautica L\u00edquidaIdeal para juntar \u00e0 base de Glicerina para o fabrico dos sabonetesEmbalagem 5 litros\" \/>\n<meta name=\"robots\" content=\"index, follow, max-snippet:-1, max-image-preview:large, max-video-preview:-1\" \/>\n<link rel=\"canonical\" href=\"https:\/\/divertarte.com\/index.php\/produto\/glicerina-liquida-5lt\/\" \/>\n<meta property=\"og:locale\" content=\"pt_PT\" \/>\n<meta property=\"og:type\" content=\"article\" \/>\n<meta property=\"og:title\" content=\"Glicerina Liquida 5LT -\" \/>\n<meta property=\"og:description\" content=\"Glicerina farmac\u00eautica L\u00edquidaIdeal para juntar \u00e0 base de Glicerina para o fabrico dos sabonetesEmbalagem 5 litros\" \/>\n<meta property=\"og:url\" content=\"https:\/\/divertarte.com\/index.php\/produto\/glicerina-liquida-5lt\/\" \/>\n<meta property=\"article:modified_time\" content=\"2025-11-06T14:10:19+00:00\" \/>\n<meta property=\"og:image\" content=\"https:\/\/divertarte.com\/wp-content\/uploads\/2018\/05\/glicerina_liquida.jpg\" \/>\n\t<meta property=\"og:image:width\" content=\"558\" \/>\n\t<meta property=\"og:image:height\" content=\"558\" \/>\n\t<meta property=\"og:image:type\" content=\"image\/jpeg\" \/>\n<meta name=\"twitter:card\" content=\"summary_large_image\" \/>\n<meta name=\"twitter:label1\" content=\"Tempo estimado de leitura\" \/>\n\t<meta name=\"twitter:data1\" content=\"2 minutos\" \/>\n<script type=\"application\/ld+json\" class=\"yoast-schema-graph\">{\"@context\":\"https:\\\/\\\/schema.org\",\"@graph\":[{\"@type\":\"WebPage\",\"@id\":\"https:\\\/\\\/divertarte.com\\\/index.php\\\/produto\\\/glicerina-liquida-5lt\\\/\",\"url\":\"https:\\\/\\\/divertarte.com\\\/index.php\\\/produto\\\/glicerina-liquida-5lt\\\/\",\"name\":\"Glicerina Liquida 5LT -\",\"isPartOf\":{\"@id\":\"https:\\\/\\\/divertarte.com\\\/#website\"},\"primaryImageOfPage\":{\"@id\":\"https:\\\/\\\/divertarte.com\\\/index.php\\\/produto\\\/glicerina-liquida-5lt\\\/#primaryimage\"},\"image\":{\"@id\":\"https:\\\/\\\/divertarte.com\\\/index.php\\\/produto\\\/glicerina-liquida-5lt\\\/#primaryimage\"},\"thumbnailUrl\":\"https:\\\/\\\/divertarte.com\\\/wp-content\\\/uploads\\\/2018\\\/05\\\/glicerina_liquida.jpg\",\"datePublished\":\"2018-06-07T13:01:40+00:00\",\"dateModified\":\"2025-11-06T14:10:19+00:00\",\"description\":\"Glicerina farmac\u00eautica L\u00edquidaIdeal para juntar \u00e0 base de Glicerina para o fabrico dos sabonetesEmbalagem 5 litros\",\"breadcrumb\":{\"@id\":\"https:\\\/\\\/divertarte.com\\\/index.php\\\/produto\\\/glicerina-liquida-5lt\\\/#breadcrumb\"},\"inLanguage\":\"pt-PT\",\"potentialAction\":[{\"@type\":\"ReadAction\",\"target\":[\"https:\\\/\\\/divertarte.com\\\/index.php\\\/produto\\\/glicerina-liquida-5lt\\\/\"]}]},{\"@type\":\"ImageObject\",\"inLanguage\":\"pt-PT\",\"@id\":\"https:\\\/\\\/divertarte.com\\\/index.php\\\/produto\\\/glicerina-liquida-5lt\\\/#primaryimage\",\"url\":\"https:\\\/\\\/divertarte.com\\\/wp-content\\\/uploads\\\/2018\\\/05\\\/glicerina_liquida.jpg\",\"contentUrl\":\"https:\\\/\\\/divertarte.com\\\/wp-content\\\/uploads\\\/2018\\\/05\\\/glicerina_liquida.jpg\",\"width\":558,\"height\":558},{\"@type\":\"BreadcrumbList\",\"@id\":\"https:\\\/\\\/divertarte.com\\\/index.php\\\/produto\\\/glicerina-liquida-5lt\\\/#breadcrumb\",\"itemListElement\":[{\"@type\":\"ListItem\",\"position\":1,\"name\":\"In\u00edcio\",\"item\":\"https:\\\/\\\/divertarte.com\\\/\"},{\"@type\":\"ListItem\",\"position\":2,\"name\":\"Loja\",\"item\":\"https:\\\/\\\/divertarte.com\\\/index.php\\\/divertarte-produtos\\\/\"},{\"@type\":\"ListItem\",\"position\":3,\"name\":\"Glicerina Liquida 5LT\"}]},{\"@type\":\"WebSite\",\"@id\":\"https:\\\/\\\/divertarte.com\\\/#website\",\"url\":\"https:\\\/\\\/divertarte.com\\\/\",\"name\":\"Divertarte\",\"description\":\"\",\"publisher\":{\"@id\":\"https:\\\/\\\/divertarte.com\\\/#organization\"},\"potentialAction\":[{\"@type\":\"SearchAction\",\"target\":{\"@type\":\"EntryPoint\",\"urlTemplate\":\"https:\\\/\\\/divertarte.com\\\/?s={search_term_string}\"},\"query-input\":{\"@type\":\"PropertyValueSpecification\",\"valueRequired\":true,\"valueName\":\"search_term_string\"}}],\"inLanguage\":\"pt-PT\"},{\"@type\":\"Organization\",\"@id\":\"https:\\\/\\\/divertarte.com\\\/#organization\",\"name\":\"Divertarte\",\"url\":\"https:\\\/\\\/divertarte.com\\\/\",\"logo\":{\"@type\":\"ImageObject\",\"inLanguage\":\"pt-PT\",\"@id\":\"https:\\\/\\\/divertarte.com\\\/#\\\/schema\\\/logo\\\/image\\\/\",\"url\":\"https:\\\/\\\/divertarte.com\\\/wp-content\\\/uploads\\\/2018\\\/07\\\/logo-div.jpg\",\"contentUrl\":\"https:\\\/\\\/divertarte.com\\\/wp-content\\\/uploads\\\/2018\\\/07\\\/logo-div.jpg\",\"width\":295,\"height\":123,\"caption\":\"Divertarte\"},\"image\":{\"@id\":\"https:\\\/\\\/divertarte.com\\\/#\\\/schema\\\/logo\\\/image\\\/\"}}]}<\/script>\n<!-- \/ Yoast SEO plugin. -->","yoast_head_json":{"title":"Glicerina Liquida 5LT -","description":"Glicerina farmac\u00eautica L\u00edquidaIdeal para juntar \u00e0 base de Glicerina para o fabrico dos sabonetesEmbalagem 5 litros","robots":{"index":"index","follow":"follow","max-snippet":"max-snippet:-1","max-image-preview":"max-image-preview:large","max-video-preview":"max-video-preview:-1"},"canonical":"https:\/\/divertarte.com\/index.php\/produto\/glicerina-liquida-5lt\/","og_locale":"pt_PT","og_type":"article","og_title":"Glicerina Liquida 5LT -","og_description":"Glicerina farmac\u00eautica L\u00edquidaIdeal para juntar \u00e0 base de Glicerina para o fabrico dos sabonetesEmbalagem 5 litros","og_url":"https:\/\/divertarte.com\/index.php\/produto\/glicerina-liquida-5lt\/","article_modified_time":"2025-11-06T14:10:19+00:00","og_image":[{"width":558,"height":558,"url":"https:\/\/divertarte.com\/wp-content\/uploads\/2018\/05\/glicerina_liquida.jpg","type":"image\/jpeg"}],"twitter_card":"summary_large_image","twitter_misc":{"Tempo estimado de leitura":"2 minutos"},"schema":{"@context":"https:\/\/schema.org","@graph":[{"@type":"WebPage","@id":"https:\/\/divertarte.com\/index.php\/produto\/glicerina-liquida-5lt\/","url":"https:\/\/divertarte.com\/index.php\/produto\/glicerina-liquida-5lt\/","name":"Glicerina Liquida 5LT -","isPartOf":{"@id":"https:\/\/divertarte.com\/#website"},"primaryImageOfPage":{"@id":"https:\/\/divertarte.com\/index.php\/produto\/glicerina-liquida-5lt\/#primaryimage"},"image":{"@id":"https:\/\/divertarte.com\/index.php\/produto\/glicerina-liquida-5lt\/#primaryimage"},"thumbnailUrl":"https:\/\/divertarte.com\/wp-content\/uploads\/2018\/05\/glicerina_liquida.jpg","datePublished":"2018-06-07T13:01:40+00:00","dateModified":"2025-11-06T14:10:19+00:00","description":"Glicerina farmac\u00eautica L\u00edquidaIdeal para juntar \u00e0 base de Glicerina para o fabrico dos sabonetesEmbalagem 5 litros","breadcrumb":{"@id":"https:\/\/divertarte.com\/index.php\/produto\/glicerina-liquida-5lt\/#breadcrumb"},"inLanguage":"pt-PT","potentialAction":[{"@type":"ReadAction","target":["https:\/\/divertarte.com\/index.php\/produto\/glicerina-liquida-5lt\/"]}]},{"@type":"ImageObject","inLanguage":"pt-PT","@id":"https:\/\/divertarte.com\/index.php\/produto\/glicerina-liquida-5lt\/#primaryimage","url":"https:\/\/divertarte.com\/wp-content\/uploads\/2018\/05\/glicerina_liquida.jpg","contentUrl":"https:\/\/divertarte.com\/wp-content\/uploads\/2018\/05\/glicerina_liquida.jpg","width":558,"height":558},{"@type":"BreadcrumbList","@id":"https:\/\/divertarte.com\/index.php\/produto\/glicerina-liquida-5lt\/#breadcrumb","itemListElement":[{"@type":"ListItem","position":1,"name":"In\u00edcio","item":"https:\/\/divertarte.com\/"},{"@type":"ListItem","position":2,"name":"Loja","item":"https:\/\/divertarte.com\/index.php\/divertarte-produtos\/"},{"@type":"ListItem","position":3,"name":"Glicerina Liquida 5LT"}]},{"@type":"WebSite","@id":"https:\/\/divertarte.com\/#website","url":"https:\/\/divertarte.com\/","name":"Divertarte","description":"","publisher":{"@id":"https:\/\/divertarte.com\/#organization"},"potentialAction":[{"@type":"SearchAction","target":{"@type":"EntryPoint","urlTemplate":"https:\/\/divertarte.com\/?s={search_term_string}"},"query-input":{"@type":"PropertyValueSpecification","valueRequired":true,"valueName":"search_term_string"}}],"inLanguage":"pt-PT"},{"@type":"Organization","@id":"https:\/\/divertarte.com\/#organization","name":"Divertarte","url":"https:\/\/divertarte.com\/","logo":{"@type":"ImageObject","inLanguage":"pt-PT","@id":"https:\/\/divertarte.com\/#\/schema\/logo\/image\/","url":"https:\/\/divertarte.com\/wp-content\/uploads\/2018\/07\/logo-div.jpg","contentUrl":"https:\/\/divertarte.com\/wp-content\/uploads\/2018\/07\/logo-div.jpg","width":295,"height":123,"caption":"Divertarte"},"image":{"@id":"https:\/\/divertarte.com\/#\/schema\/logo\/image\/"}}]}},"_links":{"self":[{"href":"https:\/\/divertarte.com\/index.php\/wp-json\/wp\/v2\/product\/4082","targetHints":{"allow":["GET"]}}],"collection":[{"href":"https:\/\/divertarte.com\/index.php\/wp-json\/wp\/v2\/product"}],"about":[{"href":"https:\/\/divertarte.com\/index.php\/wp-json\/wp\/v2\/types\/product"}],"replies":[{"embeddable":true,"href":"https:\/\/divertarte.com\/index.php\/wp-json\/wp\/v2\/comments?post=4082"}],"wp:featuredmedia":[{"embeddable":true,"href":"https:\/\/divertarte.com\/index.php\/wp-json\/wp\/v2\/media\/7656"}],"wp:attachment":[{"href":"https:\/\/divertarte.com\/index.php\/wp-json\/wp\/v2\/media?parent=4082"}],"wp:term":[{"taxonomy":"product_brand","embeddable":true,"href":"https:\/\/divertarte.com\/index.php\/wp-json\/wp\/v2\/product_brand?post=4082"},{"taxonomy":"product_cat","embeddable":true,"href":"https:\/\/divertarte.com\/index.php\/wp-json\/wp\/v2\/product_cat?post=4082"},{"taxonomy":"product_tag","embeddable":true,"href":"https:\/\/divertarte.com\/index.php\/wp-json\/wp\/v2\/product_tag?post=4082"}],"curies":[{"name":"wp","href":"https:\/\/api.w.org\/{rel}","templated":true}]}}