{"id":4028,"date":"2018-06-07T14:05:13","date_gmt":"2018-06-07T13:05:13","guid":{"rendered":"https:\/\/divertarte.com\/index.php\/produto\/molde-sabonete-noivos-decorado\/"},"modified":"2025-11-06T14:00:32","modified_gmt":"2025-11-06T14:00:32","slug":"molde-sabonete-noivos-decorado","status":"publish","type":"product","link":"https:\/\/divertarte.com\/index.php\/produto\/molde-sabonete-noivos-decorado\/","title":{"rendered":"Molde Silicone Sabonete Noivos (decorado)"},"content":{"rendered":"<p>Molde Silicone Sabonete Noivos (decorado) &#8211; Medida da pe\u00e7a 7,5&#215;5,5&#215;2,5 cmACONSELHADO PARA : sabonetes, resinas, massas de modelar, gessos etc. N\u00e3o aconselhado em produtos aliment\u00edcios. FABRICO PR\u00d3PRIO FEITO POR ENCOMENDA<\/p>\n<p>&nbsp;<\/p>\n","protected":false},"excerpt":{"rendered":"<p>Molde Silicone Sabonete Noivos (decorado) &#8211; Medida da pe\u00e7a 7,5&#215;5,5&#215;2,5 cmACONSELHADO PARA : sabonetes, resinas, massas de modelar, gessos etc. N\u00e3o aconselhado em produtos aliment\u00edcios. FABRICO PR\u00d3PRIO FEITO POR ENCOMENDA<\/p>\n<p>&nbsp;<\/p>\n","protected":false},"featured_media":7605,"comment_status":"closed","ping_status":"closed","template":"","meta":{"_exactmetrics_skip_tracking":false,"_exactmetrics_sitenote_active":false,"_exactmetrics_sitenote_note":"","_exactmetrics_sitenote_category":0},"product_brand":[],"product_cat":[54,294,157,15],"product_tag":[],"class_list":{"0":"post-4028","1":"product","2":"type-product","3":"status-publish","4":"has-post-thumbnail","6":"product_cat-moldes-de-silicone-em-portugal","7":"product_cat-moldes-noivos","8":"product_cat-moldes-para-sabonetes","9":"product_cat-ver-todos-os-produtos","11":"first","12":"instock","13":"taxable","14":"shipping-taxable","15":"purchasable","16":"product-type-simple"},"yoast_head":"<!-- This site is optimized with the Yoast SEO plugin v27.4 - https:\/\/yoast.com\/product\/yoast-seo-wordpress\/ -->\n<title>Molde Silicone Sabonete Noivos (decorado) -<\/title>\n<meta name=\"description\" content=\"Molde Silicone Sabonete Noivos (decorado) - Medida da pe\u00e7a 7,5x5,5x2,5 cm sabonetes, resinas, massas de modelar, gessos etc.\" \/>\n<meta name=\"robots\" content=\"index, follow, max-snippet:-1, max-image-preview:large, max-video-preview:-1\" \/>\n<link rel=\"canonical\" href=\"https:\/\/divertarte.com\/index.php\/produto\/molde-sabonete-noivos-decorado\/\" \/>\n<meta property=\"og:locale\" content=\"pt_PT\" \/>\n<meta property=\"og:type\" content=\"article\" \/>\n<meta property=\"og:title\" content=\"Molde Silicone Sabonete Noivos (decorado) -\" \/>\n<meta property=\"og:description\" content=\"Molde Silicone Sabonete Noivos (decorado) - Medida da pe\u00e7a 7,5x5,5x2,5 cm sabonetes, resinas, massas de modelar, gessos etc.\" \/>\n<meta property=\"og:url\" content=\"https:\/\/divertarte.com\/index.php\/produto\/molde-sabonete-noivos-decorado\/\" \/>\n<meta property=\"article:modified_time\" content=\"2025-11-06T14:00:32+00:00\" \/>\n<meta property=\"og:image\" content=\"https:\/\/divertarte.com\/wp-content\/uploads\/2018\/05\/molde_sabonete_noivos.jpg\" \/>\n\t<meta property=\"og:image:width\" content=\"558\" \/>\n\t<meta property=\"og:image:height\" content=\"558\" \/>\n\t<meta property=\"og:image:type\" content=\"image\/jpeg\" \/>\n<meta name=\"twitter:card\" content=\"summary_large_image\" \/>\n<script type=\"application\/ld+json\" class=\"yoast-schema-graph\">{\"@context\":\"https:\\\/\\\/schema.org\",\"@graph\":[{\"@type\":\"WebPage\",\"@id\":\"https:\\\/\\\/divertarte.com\\\/index.php\\\/produto\\\/molde-sabonete-noivos-decorado\\\/\",\"url\":\"https:\\\/\\\/divertarte.com\\\/index.php\\\/produto\\\/molde-sabonete-noivos-decorado\\\/\",\"name\":\"Molde Silicone Sabonete Noivos (decorado) -\",\"isPartOf\":{\"@id\":\"https:\\\/\\\/divertarte.com\\\/#website\"},\"primaryImageOfPage\":{\"@id\":\"https:\\\/\\\/divertarte.com\\\/index.php\\\/produto\\\/molde-sabonete-noivos-decorado\\\/#primaryimage\"},\"image\":{\"@id\":\"https:\\\/\\\/divertarte.com\\\/index.php\\\/produto\\\/molde-sabonete-noivos-decorado\\\/#primaryimage\"},\"thumbnailUrl\":\"https:\\\/\\\/divertarte.com\\\/wp-content\\\/uploads\\\/2018\\\/05\\\/molde_sabonete_noivos.jpg\",\"datePublished\":\"2018-06-07T13:05:13+00:00\",\"dateModified\":\"2025-11-06T14:00:32+00:00\",\"description\":\"Molde Silicone Sabonete Noivos (decorado) - Medida da pe\u00e7a 7,5x5,5x2,5 cm sabonetes, resinas, massas de modelar, gessos etc.\",\"breadcrumb\":{\"@id\":\"https:\\\/\\\/divertarte.com\\\/index.php\\\/produto\\\/molde-sabonete-noivos-decorado\\\/#breadcrumb\"},\"inLanguage\":\"pt-PT\",\"potentialAction\":[{\"@type\":\"ReadAction\",\"target\":[\"https:\\\/\\\/divertarte.com\\\/index.php\\\/produto\\\/molde-sabonete-noivos-decorado\\\/\"]}]},{\"@type\":\"ImageObject\",\"inLanguage\":\"pt-PT\",\"@id\":\"https:\\\/\\\/divertarte.com\\\/index.php\\\/produto\\\/molde-sabonete-noivos-decorado\\\/#primaryimage\",\"url\":\"https:\\\/\\\/divertarte.com\\\/wp-content\\\/uploads\\\/2018\\\/05\\\/molde_sabonete_noivos.jpg\",\"contentUrl\":\"https:\\\/\\\/divertarte.com\\\/wp-content\\\/uploads\\\/2018\\\/05\\\/molde_sabonete_noivos.jpg\",\"width\":558,\"height\":558},{\"@type\":\"BreadcrumbList\",\"@id\":\"https:\\\/\\\/divertarte.com\\\/index.php\\\/produto\\\/molde-sabonete-noivos-decorado\\\/#breadcrumb\",\"itemListElement\":[{\"@type\":\"ListItem\",\"position\":1,\"name\":\"In\u00edcio\",\"item\":\"https:\\\/\\\/divertarte.com\\\/\"},{\"@type\":\"ListItem\",\"position\":2,\"name\":\"Loja\",\"item\":\"https:\\\/\\\/divertarte.com\\\/index.php\\\/divertarte-produtos\\\/\"},{\"@type\":\"ListItem\",\"position\":3,\"name\":\"Molde Silicone Sabonete Noivos (decorado)\"}]},{\"@type\":\"WebSite\",\"@id\":\"https:\\\/\\\/divertarte.com\\\/#website\",\"url\":\"https:\\\/\\\/divertarte.com\\\/\",\"name\":\"Divertarte\",\"description\":\"\",\"publisher\":{\"@id\":\"https:\\\/\\\/divertarte.com\\\/#organization\"},\"potentialAction\":[{\"@type\":\"SearchAction\",\"target\":{\"@type\":\"EntryPoint\",\"urlTemplate\":\"https:\\\/\\\/divertarte.com\\\/?s={search_term_string}\"},\"query-input\":{\"@type\":\"PropertyValueSpecification\",\"valueRequired\":true,\"valueName\":\"search_term_string\"}}],\"inLanguage\":\"pt-PT\"},{\"@type\":\"Organization\",\"@id\":\"https:\\\/\\\/divertarte.com\\\/#organization\",\"name\":\"Divertarte\",\"url\":\"https:\\\/\\\/divertarte.com\\\/\",\"logo\":{\"@type\":\"ImageObject\",\"inLanguage\":\"pt-PT\",\"@id\":\"https:\\\/\\\/divertarte.com\\\/#\\\/schema\\\/logo\\\/image\\\/\",\"url\":\"https:\\\/\\\/divertarte.com\\\/wp-content\\\/uploads\\\/2018\\\/07\\\/logo-div.jpg\",\"contentUrl\":\"https:\\\/\\\/divertarte.com\\\/wp-content\\\/uploads\\\/2018\\\/07\\\/logo-div.jpg\",\"width\":295,\"height\":123,\"caption\":\"Divertarte\"},\"image\":{\"@id\":\"https:\\\/\\\/divertarte.com\\\/#\\\/schema\\\/logo\\\/image\\\/\"}}]}<\/script>\n<!-- \/ Yoast SEO plugin. -->","yoast_head_json":{"title":"Molde Silicone Sabonete Noivos (decorado) -","description":"Molde Silicone Sabonete Noivos (decorado) - Medida da pe\u00e7a 7,5x5,5x2,5 cm sabonetes, resinas, massas de modelar, gessos etc.","robots":{"index":"index","follow":"follow","max-snippet":"max-snippet:-1","max-image-preview":"max-image-preview:large","max-video-preview":"max-video-preview:-1"},"canonical":"https:\/\/divertarte.com\/index.php\/produto\/molde-sabonete-noivos-decorado\/","og_locale":"pt_PT","og_type":"article","og_title":"Molde Silicone Sabonete Noivos (decorado) -","og_description":"Molde Silicone Sabonete Noivos (decorado) - Medida da pe\u00e7a 7,5x5,5x2,5 cm sabonetes, resinas, massas de modelar, gessos etc.","og_url":"https:\/\/divertarte.com\/index.php\/produto\/molde-sabonete-noivos-decorado\/","article_modified_time":"2025-11-06T14:00:32+00:00","og_image":[{"width":558,"height":558,"url":"https:\/\/divertarte.com\/wp-content\/uploads\/2018\/05\/molde_sabonete_noivos.jpg","type":"image\/jpeg"}],"twitter_card":"summary_large_image","schema":{"@context":"https:\/\/schema.org","@graph":[{"@type":"WebPage","@id":"https:\/\/divertarte.com\/index.php\/produto\/molde-sabonete-noivos-decorado\/","url":"https:\/\/divertarte.com\/index.php\/produto\/molde-sabonete-noivos-decorado\/","name":"Molde Silicone Sabonete Noivos (decorado) -","isPartOf":{"@id":"https:\/\/divertarte.com\/#website"},"primaryImageOfPage":{"@id":"https:\/\/divertarte.com\/index.php\/produto\/molde-sabonete-noivos-decorado\/#primaryimage"},"image":{"@id":"https:\/\/divertarte.com\/index.php\/produto\/molde-sabonete-noivos-decorado\/#primaryimage"},"thumbnailUrl":"https:\/\/divertarte.com\/wp-content\/uploads\/2018\/05\/molde_sabonete_noivos.jpg","datePublished":"2018-06-07T13:05:13+00:00","dateModified":"2025-11-06T14:00:32+00:00","description":"Molde Silicone Sabonete Noivos (decorado) - Medida da pe\u00e7a 7,5x5,5x2,5 cm sabonetes, resinas, massas de modelar, gessos etc.","breadcrumb":{"@id":"https:\/\/divertarte.com\/index.php\/produto\/molde-sabonete-noivos-decorado\/#breadcrumb"},"inLanguage":"pt-PT","potentialAction":[{"@type":"ReadAction","target":["https:\/\/divertarte.com\/index.php\/produto\/molde-sabonete-noivos-decorado\/"]}]},{"@type":"ImageObject","inLanguage":"pt-PT","@id":"https:\/\/divertarte.com\/index.php\/produto\/molde-sabonete-noivos-decorado\/#primaryimage","url":"https:\/\/divertarte.com\/wp-content\/uploads\/2018\/05\/molde_sabonete_noivos.jpg","contentUrl":"https:\/\/divertarte.com\/wp-content\/uploads\/2018\/05\/molde_sabonete_noivos.jpg","width":558,"height":558},{"@type":"BreadcrumbList","@id":"https:\/\/divertarte.com\/index.php\/produto\/molde-sabonete-noivos-decorado\/#breadcrumb","itemListElement":[{"@type":"ListItem","position":1,"name":"In\u00edcio","item":"https:\/\/divertarte.com\/"},{"@type":"ListItem","position":2,"name":"Loja","item":"https:\/\/divertarte.com\/index.php\/divertarte-produtos\/"},{"@type":"ListItem","position":3,"name":"Molde Silicone Sabonete Noivos (decorado)"}]},{"@type":"WebSite","@id":"https:\/\/divertarte.com\/#website","url":"https:\/\/divertarte.com\/","name":"Divertarte","description":"","publisher":{"@id":"https:\/\/divertarte.com\/#organization"},"potentialAction":[{"@type":"SearchAction","target":{"@type":"EntryPoint","urlTemplate":"https:\/\/divertarte.com\/?s={search_term_string}"},"query-input":{"@type":"PropertyValueSpecification","valueRequired":true,"valueName":"search_term_string"}}],"inLanguage":"pt-PT"},{"@type":"Organization","@id":"https:\/\/divertarte.com\/#organization","name":"Divertarte","url":"https:\/\/divertarte.com\/","logo":{"@type":"ImageObject","inLanguage":"pt-PT","@id":"https:\/\/divertarte.com\/#\/schema\/logo\/image\/","url":"https:\/\/divertarte.com\/wp-content\/uploads\/2018\/07\/logo-div.jpg","contentUrl":"https:\/\/divertarte.com\/wp-content\/uploads\/2018\/07\/logo-div.jpg","width":295,"height":123,"caption":"Divertarte"},"image":{"@id":"https:\/\/divertarte.com\/#\/schema\/logo\/image\/"}}]}},"_links":{"self":[{"href":"https:\/\/divertarte.com\/index.php\/wp-json\/wp\/v2\/product\/4028","targetHints":{"allow":["GET"]}}],"collection":[{"href":"https:\/\/divertarte.com\/index.php\/wp-json\/wp\/v2\/product"}],"about":[{"href":"https:\/\/divertarte.com\/index.php\/wp-json\/wp\/v2\/types\/product"}],"replies":[{"embeddable":true,"href":"https:\/\/divertarte.com\/index.php\/wp-json\/wp\/v2\/comments?post=4028"}],"wp:featuredmedia":[{"embeddable":true,"href":"https:\/\/divertarte.com\/index.php\/wp-json\/wp\/v2\/media\/7605"}],"wp:attachment":[{"href":"https:\/\/divertarte.com\/index.php\/wp-json\/wp\/v2\/media?parent=4028"}],"wp:term":[{"taxonomy":"product_brand","embeddable":true,"href":"https:\/\/divertarte.com\/index.php\/wp-json\/wp\/v2\/product_brand?post=4028"},{"taxonomy":"product_cat","embeddable":true,"href":"https:\/\/divertarte.com\/index.php\/wp-json\/wp\/v2\/product_cat?post=4028"},{"taxonomy":"product_tag","embeddable":true,"href":"https:\/\/divertarte.com\/index.php\/wp-json\/wp\/v2\/product_tag?post=4028"}],"curies":[{"name":"wp","href":"https:\/\/api.w.org\/{rel}","templated":true}]}}