{"id":4007,"date":"2018-06-07T14:08:55","date_gmt":"2018-06-07T13:08:55","guid":{"rendered":"https:\/\/divertarte.com\/index.php\/produto\/folha-media-2\/"},"modified":"2025-11-06T13:54:01","modified_gmt":"2025-11-06T13:54:01","slug":"folha-media-2","status":"publish","type":"product","link":"https:\/\/divertarte.com\/index.php\/produto\/folha-media-2\/","title":{"rendered":"FOLHA MEDIA 2"},"content":{"rendered":"<p>MOLDE DE SILICONE FOLHA <BR><\/p>\n<p>Medida da pe\u00e7a 10 x 5 x 0,5 CM <\/p>\n<p><BR>Molde para biscuits, sabonetes, resinas, vela em parafina ou gel, massas de modelar, ceras depilat\u00f3rias etc. N\u00e3o aconselhado em produtos aliment\u00edcios. As medidas das pe\u00e7as feitas nos moldes s\u00e3o em cent\u00edmetros e considera-se: largura x comprimento x espessura<\/p>\n","protected":false},"excerpt":{"rendered":"<p>MOLDE DE SILICONE FOLHA <BR><\/p>\n<p>Medida da pe\u00e7a 10 x 5 x 0,5 CM <\/p>\n<p><BR>Molde para biscuits, sabonetes, resinas, vela em parafina ou gel, massas de modelar, ceras depilat\u00f3rias etc. N\u00e3o aconselhado em produtos aliment\u00edcios. As medidas das pe\u00e7as feitas nos moldes s\u00e3o em cent\u00edmetros e considera-se: largura x comprimento x espessura<\/p>\n","protected":false},"featured_media":7584,"comment_status":"closed","ping_status":"open","template":"","meta":{"_exactmetrics_skip_tracking":false,"_exactmetrics_sitenote_active":false,"_exactmetrics_sitenote_note":"","_exactmetrics_sitenote_category":0},"product_brand":[],"product_cat":[15],"product_tag":[],"class_list":{"0":"post-4007","1":"product","2":"type-product","3":"status-publish","4":"has-post-thumbnail","6":"product_cat-ver-todos-os-produtos","8":"first","9":"instock","10":"taxable","11":"shipping-taxable","12":"purchasable","13":"product-type-simple"},"yoast_head":"<!-- This site is optimized with the Yoast SEO plugin v27.4 - https:\/\/yoast.com\/product\/yoast-seo-wordpress\/ -->\n<title>FOLHA MEDIA 2 -<\/title>\n<meta name=\"robots\" content=\"index, follow, max-snippet:-1, max-image-preview:large, max-video-preview:-1\" \/>\n<link rel=\"canonical\" href=\"https:\/\/divertarte.com\/index.php\/produto\/folha-media-2\/\" \/>\n<meta property=\"og:locale\" content=\"pt_PT\" \/>\n<meta property=\"og:type\" content=\"article\" \/>\n<meta property=\"og:title\" content=\"FOLHA MEDIA 2 -\" \/>\n<meta property=\"og:description\" content=\"MOLDE DE SILICONE FOLHA  Medida da pe\u00e7a 10 x 5 x 0,5 CM  Molde para biscuits, sabonetes, resinas, vela em parafina ou gel, massas de modelar, ceras depilat\u00f3rias etc. N\u00e3o aconselhado em produtos aliment\u00edcios. As medidas das pe\u00e7as feitas nos moldes s\u00e3o em cent\u00edmetros e considera-se: largura x comprimento x espessura\" \/>\n<meta property=\"og:url\" content=\"https:\/\/divertarte.com\/index.php\/produto\/folha-media-2\/\" \/>\n<meta property=\"article:modified_time\" content=\"2025-11-06T13:54:01+00:00\" \/>\n<meta property=\"og:image\" content=\"https:\/\/divertarte.com\/wp-content\/uploads\/2018\/05\/folha_media_2.jpg\" \/>\n\t<meta property=\"og:image:width\" content=\"418\" \/>\n\t<meta property=\"og:image:height\" content=\"558\" \/>\n\t<meta property=\"og:image:type\" content=\"image\/jpeg\" \/>\n<meta name=\"twitter:card\" content=\"summary_large_image\" \/>\n<script type=\"application\/ld+json\" class=\"yoast-schema-graph\">{\"@context\":\"https:\\\/\\\/schema.org\",\"@graph\":[{\"@type\":\"WebPage\",\"@id\":\"https:\\\/\\\/divertarte.com\\\/index.php\\\/produto\\\/folha-media-2\\\/\",\"url\":\"https:\\\/\\\/divertarte.com\\\/index.php\\\/produto\\\/folha-media-2\\\/\",\"name\":\"FOLHA MEDIA 2 -\",\"isPartOf\":{\"@id\":\"https:\\\/\\\/divertarte.com\\\/#website\"},\"primaryImageOfPage\":{\"@id\":\"https:\\\/\\\/divertarte.com\\\/index.php\\\/produto\\\/folha-media-2\\\/#primaryimage\"},\"image\":{\"@id\":\"https:\\\/\\\/divertarte.com\\\/index.php\\\/produto\\\/folha-media-2\\\/#primaryimage\"},\"thumbnailUrl\":\"https:\\\/\\\/divertarte.com\\\/wp-content\\\/uploads\\\/2018\\\/05\\\/folha_media_2.jpg\",\"datePublished\":\"2018-06-07T13:08:55+00:00\",\"dateModified\":\"2025-11-06T13:54:01+00:00\",\"breadcrumb\":{\"@id\":\"https:\\\/\\\/divertarte.com\\\/index.php\\\/produto\\\/folha-media-2\\\/#breadcrumb\"},\"inLanguage\":\"pt-PT\",\"potentialAction\":[{\"@type\":\"ReadAction\",\"target\":[\"https:\\\/\\\/divertarte.com\\\/index.php\\\/produto\\\/folha-media-2\\\/\"]}]},{\"@type\":\"ImageObject\",\"inLanguage\":\"pt-PT\",\"@id\":\"https:\\\/\\\/divertarte.com\\\/index.php\\\/produto\\\/folha-media-2\\\/#primaryimage\",\"url\":\"https:\\\/\\\/divertarte.com\\\/wp-content\\\/uploads\\\/2018\\\/05\\\/folha_media_2.jpg\",\"contentUrl\":\"https:\\\/\\\/divertarte.com\\\/wp-content\\\/uploads\\\/2018\\\/05\\\/folha_media_2.jpg\",\"width\":418,\"height\":558},{\"@type\":\"BreadcrumbList\",\"@id\":\"https:\\\/\\\/divertarte.com\\\/index.php\\\/produto\\\/folha-media-2\\\/#breadcrumb\",\"itemListElement\":[{\"@type\":\"ListItem\",\"position\":1,\"name\":\"In\u00edcio\",\"item\":\"https:\\\/\\\/divertarte.com\\\/\"},{\"@type\":\"ListItem\",\"position\":2,\"name\":\"Loja\",\"item\":\"https:\\\/\\\/divertarte.com\\\/index.php\\\/divertarte-produtos\\\/\"},{\"@type\":\"ListItem\",\"position\":3,\"name\":\"FOLHA MEDIA 2\"}]},{\"@type\":\"WebSite\",\"@id\":\"https:\\\/\\\/divertarte.com\\\/#website\",\"url\":\"https:\\\/\\\/divertarte.com\\\/\",\"name\":\"Divertarte\",\"description\":\"\",\"publisher\":{\"@id\":\"https:\\\/\\\/divertarte.com\\\/#organization\"},\"potentialAction\":[{\"@type\":\"SearchAction\",\"target\":{\"@type\":\"EntryPoint\",\"urlTemplate\":\"https:\\\/\\\/divertarte.com\\\/?s={search_term_string}\"},\"query-input\":{\"@type\":\"PropertyValueSpecification\",\"valueRequired\":true,\"valueName\":\"search_term_string\"}}],\"inLanguage\":\"pt-PT\"},{\"@type\":\"Organization\",\"@id\":\"https:\\\/\\\/divertarte.com\\\/#organization\",\"name\":\"Divertarte\",\"url\":\"https:\\\/\\\/divertarte.com\\\/\",\"logo\":{\"@type\":\"ImageObject\",\"inLanguage\":\"pt-PT\",\"@id\":\"https:\\\/\\\/divertarte.com\\\/#\\\/schema\\\/logo\\\/image\\\/\",\"url\":\"https:\\\/\\\/divertarte.com\\\/wp-content\\\/uploads\\\/2018\\\/07\\\/logo-div.jpg\",\"contentUrl\":\"https:\\\/\\\/divertarte.com\\\/wp-content\\\/uploads\\\/2018\\\/07\\\/logo-div.jpg\",\"width\":295,\"height\":123,\"caption\":\"Divertarte\"},\"image\":{\"@id\":\"https:\\\/\\\/divertarte.com\\\/#\\\/schema\\\/logo\\\/image\\\/\"}}]}<\/script>\n<!-- \/ Yoast SEO plugin. -->","yoast_head_json":{"title":"FOLHA MEDIA 2 -","robots":{"index":"index","follow":"follow","max-snippet":"max-snippet:-1","max-image-preview":"max-image-preview:large","max-video-preview":"max-video-preview:-1"},"canonical":"https:\/\/divertarte.com\/index.php\/produto\/folha-media-2\/","og_locale":"pt_PT","og_type":"article","og_title":"FOLHA MEDIA 2 -","og_description":"MOLDE DE SILICONE FOLHA  Medida da pe\u00e7a 10 x 5 x 0,5 CM  Molde para biscuits, sabonetes, resinas, vela em parafina ou gel, massas de modelar, ceras depilat\u00f3rias etc. N\u00e3o aconselhado em produtos aliment\u00edcios. As medidas das pe\u00e7as feitas nos moldes s\u00e3o em cent\u00edmetros e considera-se: largura x comprimento x espessura","og_url":"https:\/\/divertarte.com\/index.php\/produto\/folha-media-2\/","article_modified_time":"2025-11-06T13:54:01+00:00","og_image":[{"width":418,"height":558,"url":"https:\/\/divertarte.com\/wp-content\/uploads\/2018\/05\/folha_media_2.jpg","type":"image\/jpeg"}],"twitter_card":"summary_large_image","schema":{"@context":"https:\/\/schema.org","@graph":[{"@type":"WebPage","@id":"https:\/\/divertarte.com\/index.php\/produto\/folha-media-2\/","url":"https:\/\/divertarte.com\/index.php\/produto\/folha-media-2\/","name":"FOLHA MEDIA 2 -","isPartOf":{"@id":"https:\/\/divertarte.com\/#website"},"primaryImageOfPage":{"@id":"https:\/\/divertarte.com\/index.php\/produto\/folha-media-2\/#primaryimage"},"image":{"@id":"https:\/\/divertarte.com\/index.php\/produto\/folha-media-2\/#primaryimage"},"thumbnailUrl":"https:\/\/divertarte.com\/wp-content\/uploads\/2018\/05\/folha_media_2.jpg","datePublished":"2018-06-07T13:08:55+00:00","dateModified":"2025-11-06T13:54:01+00:00","breadcrumb":{"@id":"https:\/\/divertarte.com\/index.php\/produto\/folha-media-2\/#breadcrumb"},"inLanguage":"pt-PT","potentialAction":[{"@type":"ReadAction","target":["https:\/\/divertarte.com\/index.php\/produto\/folha-media-2\/"]}]},{"@type":"ImageObject","inLanguage":"pt-PT","@id":"https:\/\/divertarte.com\/index.php\/produto\/folha-media-2\/#primaryimage","url":"https:\/\/divertarte.com\/wp-content\/uploads\/2018\/05\/folha_media_2.jpg","contentUrl":"https:\/\/divertarte.com\/wp-content\/uploads\/2018\/05\/folha_media_2.jpg","width":418,"height":558},{"@type":"BreadcrumbList","@id":"https:\/\/divertarte.com\/index.php\/produto\/folha-media-2\/#breadcrumb","itemListElement":[{"@type":"ListItem","position":1,"name":"In\u00edcio","item":"https:\/\/divertarte.com\/"},{"@type":"ListItem","position":2,"name":"Loja","item":"https:\/\/divertarte.com\/index.php\/divertarte-produtos\/"},{"@type":"ListItem","position":3,"name":"FOLHA MEDIA 2"}]},{"@type":"WebSite","@id":"https:\/\/divertarte.com\/#website","url":"https:\/\/divertarte.com\/","name":"Divertarte","description":"","publisher":{"@id":"https:\/\/divertarte.com\/#organization"},"potentialAction":[{"@type":"SearchAction","target":{"@type":"EntryPoint","urlTemplate":"https:\/\/divertarte.com\/?s={search_term_string}"},"query-input":{"@type":"PropertyValueSpecification","valueRequired":true,"valueName":"search_term_string"}}],"inLanguage":"pt-PT"},{"@type":"Organization","@id":"https:\/\/divertarte.com\/#organization","name":"Divertarte","url":"https:\/\/divertarte.com\/","logo":{"@type":"ImageObject","inLanguage":"pt-PT","@id":"https:\/\/divertarte.com\/#\/schema\/logo\/image\/","url":"https:\/\/divertarte.com\/wp-content\/uploads\/2018\/07\/logo-div.jpg","contentUrl":"https:\/\/divertarte.com\/wp-content\/uploads\/2018\/07\/logo-div.jpg","width":295,"height":123,"caption":"Divertarte"},"image":{"@id":"https:\/\/divertarte.com\/#\/schema\/logo\/image\/"}}]}},"_links":{"self":[{"href":"https:\/\/divertarte.com\/index.php\/wp-json\/wp\/v2\/product\/4007","targetHints":{"allow":["GET"]}}],"collection":[{"href":"https:\/\/divertarte.com\/index.php\/wp-json\/wp\/v2\/product"}],"about":[{"href":"https:\/\/divertarte.com\/index.php\/wp-json\/wp\/v2\/types\/product"}],"replies":[{"embeddable":true,"href":"https:\/\/divertarte.com\/index.php\/wp-json\/wp\/v2\/comments?post=4007"}],"wp:featuredmedia":[{"embeddable":true,"href":"https:\/\/divertarte.com\/index.php\/wp-json\/wp\/v2\/media\/7584"}],"wp:attachment":[{"href":"https:\/\/divertarte.com\/index.php\/wp-json\/wp\/v2\/media?parent=4007"}],"wp:term":[{"taxonomy":"product_brand","embeddable":true,"href":"https:\/\/divertarte.com\/index.php\/wp-json\/wp\/v2\/product_brand?post=4007"},{"taxonomy":"product_cat","embeddable":true,"href":"https:\/\/divertarte.com\/index.php\/wp-json\/wp\/v2\/product_cat?post=4007"},{"taxonomy":"product_tag","embeddable":true,"href":"https:\/\/divertarte.com\/index.php\/wp-json\/wp\/v2\/product_tag?post=4007"}],"curies":[{"name":"wp","href":"https:\/\/api.w.org\/{rel}","templated":true}]}}