{"id":4002,"date":"2018-06-07T14:07:11","date_gmt":"2018-06-07T13:07:11","guid":{"rendered":"https:\/\/divertarte.com\/index.php\/produto\/saqueta-10x15-100\/"},"modified":"2025-11-06T13:59:13","modified_gmt":"2025-11-06T13:59:13","slug":"saqueta-10x15-100","status":"publish","type":"product","link":"https:\/\/divertarte.com\/index.php\/produto\/saqueta-10x15-100\/","title":{"rendered":"SAQUETA 10X15 &#8211; 100"},"content":{"rendered":"<p>Saquinhos de Pl\u00e1stico (Polietileno). PAC DE 100 UNIDADES 10&#215;15 cm.<br \/>\nFecho de press\u00e3o incorporado. 3 linhas vermelhas. Furo de suspens\u00e3o de 6 mm \u00c3\u0098.<br \/>\n<br \/>Apropriado para embalar pequenas pe\u00e7as soltas de bijutaria, biscuit, bijuteria, biscuit, pedras, p\u00e9rolas, conchas, aplica\u00e7\u00f5es, doces, rebu\u00e7ados, bombons, bricolage, pre\u00e7os, parafusos, imans, artigos escolares, clips, pinos, l\u00e1pis cera. Saquinhos de pl\u00e1stico com fecho de press\u00e3o. Sacos e embalagens. <br \/> Consulte-nos<\/p>\n","protected":false},"excerpt":{"rendered":"<p>Saquinhos de Pl\u00e1stico (Polietileno). PAC DE 100 UNIDADES 10&#215;15 cm.<br \/>\nFecho de press\u00e3o incorporado. 3 linhas vermelhas. Furo de suspens\u00e3o de 6 mm \u00c3\u0098.<br \/>\n<br \/>Apropriado para embalar pequenas pe\u00e7as soltas de bijutaria, biscuit, bijuteria, biscuit, pedras, p\u00e9rolas, conchas, aplica\u00e7\u00f5es, doces, rebu\u00e7ados, bombons, bricolage, pre\u00e7os, parafusos, imans, artigos escolares, clips, pinos, l\u00e1pis cera. Saquinhos de pl\u00e1stico com fecho de press\u00e3o. Sacos e embalagens. <br \/> Consulte-nos<\/p>\n","protected":false},"featured_media":7054,"comment_status":"closed","ping_status":"open","template":"","meta":{"_exactmetrics_skip_tracking":false,"_exactmetrics_sitenote_active":false,"_exactmetrics_sitenote_note":"","_exactmetrics_sitenote_category":0},"product_brand":[],"product_cat":[15],"product_tag":[],"class_list":{"0":"post-4002","1":"product","2":"type-product","3":"status-publish","4":"has-post-thumbnail","6":"product_cat-ver-todos-os-produtos","8":"first","9":"instock","10":"taxable","11":"shipping-taxable","12":"purchasable","13":"product-type-simple"},"yoast_head":"<!-- This site is optimized with the Yoast SEO plugin v27.4 - https:\/\/yoast.com\/product\/yoast-seo-wordpress\/ -->\n<title>SAQUETA 10X15 - 100 -<\/title>\n<meta name=\"robots\" content=\"index, follow, max-snippet:-1, max-image-preview:large, max-video-preview:-1\" \/>\n<link rel=\"canonical\" href=\"https:\/\/divertarte.com\/index.php\/produto\/saqueta-10x15-100\/\" \/>\n<meta property=\"og:locale\" content=\"pt_PT\" \/>\n<meta property=\"og:type\" content=\"article\" \/>\n<meta property=\"og:title\" content=\"SAQUETA 10X15 - 100 -\" \/>\n<meta property=\"og:description\" content=\"Saquinhos de Pl\u00e1stico (Polietileno). PAC DE 100 UNIDADES 10x15 cm. Fecho de press\u00e3o incorporado. 3 linhas vermelhas. Furo de suspens\u00e3o de 6 mm \u00c3\u0098. Apropriado para embalar pequenas pe\u00e7as soltas de bijutaria, biscuit, bijuteria, biscuit, pedras, p\u00e9rolas, conchas, aplica\u00e7\u00f5es, doces, rebu\u00e7ados, bombons, bricolage, pre\u00e7os, parafusos, imans, artigos escolares, clips, pinos, l\u00e1pis cera. Saquinhos de pl\u00e1stico com fecho de press\u00e3o. Sacos e embalagens. Consulte-nos\" \/>\n<meta property=\"og:url\" content=\"https:\/\/divertarte.com\/index.php\/produto\/saqueta-10x15-100\/\" \/>\n<meta property=\"article:modified_time\" content=\"2025-11-06T13:59:13+00:00\" \/>\n<meta property=\"og:image\" content=\"https:\/\/divertarte.com\/wp-content\/uploads\/2018\/05\/saq_minig_10x15.jpg\" \/>\n\t<meta property=\"og:image:width\" content=\"553\" \/>\n\t<meta property=\"og:image:height\" content=\"558\" \/>\n\t<meta property=\"og:image:type\" content=\"image\/jpeg\" \/>\n<meta name=\"twitter:card\" content=\"summary_large_image\" \/>\n<script type=\"application\/ld+json\" class=\"yoast-schema-graph\">{\"@context\":\"https:\\\/\\\/schema.org\",\"@graph\":[{\"@type\":\"WebPage\",\"@id\":\"https:\\\/\\\/divertarte.com\\\/index.php\\\/produto\\\/saqueta-10x15-100\\\/\",\"url\":\"https:\\\/\\\/divertarte.com\\\/index.php\\\/produto\\\/saqueta-10x15-100\\\/\",\"name\":\"SAQUETA 10X15 - 100 -\",\"isPartOf\":{\"@id\":\"https:\\\/\\\/divertarte.com\\\/#website\"},\"primaryImageOfPage\":{\"@id\":\"https:\\\/\\\/divertarte.com\\\/index.php\\\/produto\\\/saqueta-10x15-100\\\/#primaryimage\"},\"image\":{\"@id\":\"https:\\\/\\\/divertarte.com\\\/index.php\\\/produto\\\/saqueta-10x15-100\\\/#primaryimage\"},\"thumbnailUrl\":\"https:\\\/\\\/divertarte.com\\\/wp-content\\\/uploads\\\/2018\\\/05\\\/saq_minig_10x15.jpg\",\"datePublished\":\"2018-06-07T13:07:11+00:00\",\"dateModified\":\"2025-11-06T13:59:13+00:00\",\"breadcrumb\":{\"@id\":\"https:\\\/\\\/divertarte.com\\\/index.php\\\/produto\\\/saqueta-10x15-100\\\/#breadcrumb\"},\"inLanguage\":\"pt-PT\",\"potentialAction\":[{\"@type\":\"ReadAction\",\"target\":[\"https:\\\/\\\/divertarte.com\\\/index.php\\\/produto\\\/saqueta-10x15-100\\\/\"]}]},{\"@type\":\"ImageObject\",\"inLanguage\":\"pt-PT\",\"@id\":\"https:\\\/\\\/divertarte.com\\\/index.php\\\/produto\\\/saqueta-10x15-100\\\/#primaryimage\",\"url\":\"https:\\\/\\\/divertarte.com\\\/wp-content\\\/uploads\\\/2018\\\/05\\\/saq_minig_10x15.jpg\",\"contentUrl\":\"https:\\\/\\\/divertarte.com\\\/wp-content\\\/uploads\\\/2018\\\/05\\\/saq_minig_10x15.jpg\",\"width\":553,\"height\":558},{\"@type\":\"BreadcrumbList\",\"@id\":\"https:\\\/\\\/divertarte.com\\\/index.php\\\/produto\\\/saqueta-10x15-100\\\/#breadcrumb\",\"itemListElement\":[{\"@type\":\"ListItem\",\"position\":1,\"name\":\"In\u00edcio\",\"item\":\"https:\\\/\\\/divertarte.com\\\/\"},{\"@type\":\"ListItem\",\"position\":2,\"name\":\"Loja\",\"item\":\"https:\\\/\\\/divertarte.com\\\/index.php\\\/divertarte-produtos\\\/\"},{\"@type\":\"ListItem\",\"position\":3,\"name\":\"SAQUETA 10X15 &#8211; 100\"}]},{\"@type\":\"WebSite\",\"@id\":\"https:\\\/\\\/divertarte.com\\\/#website\",\"url\":\"https:\\\/\\\/divertarte.com\\\/\",\"name\":\"Divertarte\",\"description\":\"\",\"publisher\":{\"@id\":\"https:\\\/\\\/divertarte.com\\\/#organization\"},\"potentialAction\":[{\"@type\":\"SearchAction\",\"target\":{\"@type\":\"EntryPoint\",\"urlTemplate\":\"https:\\\/\\\/divertarte.com\\\/?s={search_term_string}\"},\"query-input\":{\"@type\":\"PropertyValueSpecification\",\"valueRequired\":true,\"valueName\":\"search_term_string\"}}],\"inLanguage\":\"pt-PT\"},{\"@type\":\"Organization\",\"@id\":\"https:\\\/\\\/divertarte.com\\\/#organization\",\"name\":\"Divertarte\",\"url\":\"https:\\\/\\\/divertarte.com\\\/\",\"logo\":{\"@type\":\"ImageObject\",\"inLanguage\":\"pt-PT\",\"@id\":\"https:\\\/\\\/divertarte.com\\\/#\\\/schema\\\/logo\\\/image\\\/\",\"url\":\"https:\\\/\\\/divertarte.com\\\/wp-content\\\/uploads\\\/2018\\\/07\\\/logo-div.jpg\",\"contentUrl\":\"https:\\\/\\\/divertarte.com\\\/wp-content\\\/uploads\\\/2018\\\/07\\\/logo-div.jpg\",\"width\":295,\"height\":123,\"caption\":\"Divertarte\"},\"image\":{\"@id\":\"https:\\\/\\\/divertarte.com\\\/#\\\/schema\\\/logo\\\/image\\\/\"}}]}<\/script>\n<!-- \/ Yoast SEO plugin. -->","yoast_head_json":{"title":"SAQUETA 10X15 - 100 -","robots":{"index":"index","follow":"follow","max-snippet":"max-snippet:-1","max-image-preview":"max-image-preview:large","max-video-preview":"max-video-preview:-1"},"canonical":"https:\/\/divertarte.com\/index.php\/produto\/saqueta-10x15-100\/","og_locale":"pt_PT","og_type":"article","og_title":"SAQUETA 10X15 - 100 -","og_description":"Saquinhos de Pl\u00e1stico (Polietileno). PAC DE 100 UNIDADES 10x15 cm. Fecho de press\u00e3o incorporado. 3 linhas vermelhas. Furo de suspens\u00e3o de 6 mm \u00c3\u0098. Apropriado para embalar pequenas pe\u00e7as soltas de bijutaria, biscuit, bijuteria, biscuit, pedras, p\u00e9rolas, conchas, aplica\u00e7\u00f5es, doces, rebu\u00e7ados, bombons, bricolage, pre\u00e7os, parafusos, imans, artigos escolares, clips, pinos, l\u00e1pis cera. Saquinhos de pl\u00e1stico com fecho de press\u00e3o. Sacos e embalagens. Consulte-nos","og_url":"https:\/\/divertarte.com\/index.php\/produto\/saqueta-10x15-100\/","article_modified_time":"2025-11-06T13:59:13+00:00","og_image":[{"width":553,"height":558,"url":"https:\/\/divertarte.com\/wp-content\/uploads\/2018\/05\/saq_minig_10x15.jpg","type":"image\/jpeg"}],"twitter_card":"summary_large_image","schema":{"@context":"https:\/\/schema.org","@graph":[{"@type":"WebPage","@id":"https:\/\/divertarte.com\/index.php\/produto\/saqueta-10x15-100\/","url":"https:\/\/divertarte.com\/index.php\/produto\/saqueta-10x15-100\/","name":"SAQUETA 10X15 - 100 -","isPartOf":{"@id":"https:\/\/divertarte.com\/#website"},"primaryImageOfPage":{"@id":"https:\/\/divertarte.com\/index.php\/produto\/saqueta-10x15-100\/#primaryimage"},"image":{"@id":"https:\/\/divertarte.com\/index.php\/produto\/saqueta-10x15-100\/#primaryimage"},"thumbnailUrl":"https:\/\/divertarte.com\/wp-content\/uploads\/2018\/05\/saq_minig_10x15.jpg","datePublished":"2018-06-07T13:07:11+00:00","dateModified":"2025-11-06T13:59:13+00:00","breadcrumb":{"@id":"https:\/\/divertarte.com\/index.php\/produto\/saqueta-10x15-100\/#breadcrumb"},"inLanguage":"pt-PT","potentialAction":[{"@type":"ReadAction","target":["https:\/\/divertarte.com\/index.php\/produto\/saqueta-10x15-100\/"]}]},{"@type":"ImageObject","inLanguage":"pt-PT","@id":"https:\/\/divertarte.com\/index.php\/produto\/saqueta-10x15-100\/#primaryimage","url":"https:\/\/divertarte.com\/wp-content\/uploads\/2018\/05\/saq_minig_10x15.jpg","contentUrl":"https:\/\/divertarte.com\/wp-content\/uploads\/2018\/05\/saq_minig_10x15.jpg","width":553,"height":558},{"@type":"BreadcrumbList","@id":"https:\/\/divertarte.com\/index.php\/produto\/saqueta-10x15-100\/#breadcrumb","itemListElement":[{"@type":"ListItem","position":1,"name":"In\u00edcio","item":"https:\/\/divertarte.com\/"},{"@type":"ListItem","position":2,"name":"Loja","item":"https:\/\/divertarte.com\/index.php\/divertarte-produtos\/"},{"@type":"ListItem","position":3,"name":"SAQUETA 10X15 &#8211; 100"}]},{"@type":"WebSite","@id":"https:\/\/divertarte.com\/#website","url":"https:\/\/divertarte.com\/","name":"Divertarte","description":"","publisher":{"@id":"https:\/\/divertarte.com\/#organization"},"potentialAction":[{"@type":"SearchAction","target":{"@type":"EntryPoint","urlTemplate":"https:\/\/divertarte.com\/?s={search_term_string}"},"query-input":{"@type":"PropertyValueSpecification","valueRequired":true,"valueName":"search_term_string"}}],"inLanguage":"pt-PT"},{"@type":"Organization","@id":"https:\/\/divertarte.com\/#organization","name":"Divertarte","url":"https:\/\/divertarte.com\/","logo":{"@type":"ImageObject","inLanguage":"pt-PT","@id":"https:\/\/divertarte.com\/#\/schema\/logo\/image\/","url":"https:\/\/divertarte.com\/wp-content\/uploads\/2018\/07\/logo-div.jpg","contentUrl":"https:\/\/divertarte.com\/wp-content\/uploads\/2018\/07\/logo-div.jpg","width":295,"height":123,"caption":"Divertarte"},"image":{"@id":"https:\/\/divertarte.com\/#\/schema\/logo\/image\/"}}]}},"_links":{"self":[{"href":"https:\/\/divertarte.com\/index.php\/wp-json\/wp\/v2\/product\/4002","targetHints":{"allow":["GET"]}}],"collection":[{"href":"https:\/\/divertarte.com\/index.php\/wp-json\/wp\/v2\/product"}],"about":[{"href":"https:\/\/divertarte.com\/index.php\/wp-json\/wp\/v2\/types\/product"}],"replies":[{"embeddable":true,"href":"https:\/\/divertarte.com\/index.php\/wp-json\/wp\/v2\/comments?post=4002"}],"wp:featuredmedia":[{"embeddable":true,"href":"https:\/\/divertarte.com\/index.php\/wp-json\/wp\/v2\/media\/7054"}],"wp:attachment":[{"href":"https:\/\/divertarte.com\/index.php\/wp-json\/wp\/v2\/media?parent=4002"}],"wp:term":[{"taxonomy":"product_brand","embeddable":true,"href":"https:\/\/divertarte.com\/index.php\/wp-json\/wp\/v2\/product_brand?post=4002"},{"taxonomy":"product_cat","embeddable":true,"href":"https:\/\/divertarte.com\/index.php\/wp-json\/wp\/v2\/product_cat?post=4002"},{"taxonomy":"product_tag","embeddable":true,"href":"https:\/\/divertarte.com\/index.php\/wp-json\/wp\/v2\/product_tag?post=4002"}],"curies":[{"name":"wp","href":"https:\/\/api.w.org\/{rel}","templated":true}]}}