{"id":3984,"date":"2018-06-07T14:10:46","date_gmt":"2018-06-07T13:10:46","guid":{"rendered":"https:\/\/divertarte.com\/index.php\/produto\/pigmento-amarelo\/"},"modified":"2025-11-06T13:51:07","modified_gmt":"2025-11-06T13:51:07","slug":"pigmento-amarelo","status":"publish","type":"product","link":"https:\/\/divertarte.com\/index.php\/produto\/pigmento-amarelo\/","title":{"rendered":"PIGMENTO AMARELO"},"content":{"rendered":"<p>PIGMENTO AMARELO<br \/>\nESPECIAL PARA SABONETES ARTESAIS<br \/>\nFA\u00c7A BONITOS ENFEITES NOS SEUS SABONETES COM ALGUMAS GOTAS DESTE PIGMENTO.<\/p>\n<p>Pigmentos puros: Obtidos de forma insol\u00favel .<br \/>\nS\u00e3o transparentes ou semitransparentes, possuem alto poder de tingimento, al\u00e9m de uma gama variada de cores.<br \/>\nH\u00e1 ainda o fator impacto ambiental, que no caso dos pigmentos org\u00e2nicos \u00e9 m\u00ednimo, pois possuem baixa toxidade e em alguns casos s\u00e3o at\u00e9 mesmo isentos de toxidade.<\/p>\n","protected":false},"excerpt":{"rendered":"<p>EMBALAGEM 20 ML<br \/>\nPIGMENTO AMARELO<br \/>\nESPECIAL PARA SABONETES ARTESAIS<br \/>\nFA\u00c7A BONITOS ENFEITES NOS SEUS SABONETES COM ALGUMAS GOTAS DESTE PIGMENTO.<\/p>\n<p>Pigmentos puros: Obtidos de forma insol\u00favel .<br \/>\nS\u00e3o transparentes ou semitransparentes, possuem alto poder de tingimento, al\u00e9m de uma gama variada de cores.<br \/>\nH\u00e1 ainda o fator impacto ambiental, que no caso dos pigmentos org\u00e2nicos \u00e9 m\u00ednimo, pois possuem baixa toxidade e em alguns casos s\u00e3o at\u00e9 mesmo isentos de toxidade.<\/p>\n","protected":false},"featured_media":21159,"comment_status":"closed","ping_status":"closed","template":"","meta":{"_exactmetrics_skip_tracking":false,"_exactmetrics_sitenote_active":false,"_exactmetrics_sitenote_note":"","_exactmetrics_sitenote_category":0},"product_brand":[],"product_cat":[125,494],"product_tag":[],"class_list":{"0":"post-3984","1":"product","2":"type-product","3":"status-publish","4":"has-post-thumbnail","6":"product_cat-corantes-para-sabonetes","7":"product_cat-pigmentos-20-ml","9":"first","10":"instock","11":"taxable","12":"shipping-taxable","13":"purchasable","14":"product-type-simple"},"yoast_head":"<!-- This site is optimized with the Yoast SEO plugin v27.4 - https:\/\/yoast.com\/product\/yoast-seo-wordpress\/ -->\n<title>PIGMENTO AMARELO -<\/title>\n<meta name=\"description\" content=\"S\u00e3o transparentes ou semitransparentes, possuem alto poder de tingimento, al\u00e9m de uma gama variada de cores..\" \/>\n<meta name=\"robots\" content=\"index, follow, max-snippet:-1, max-image-preview:large, max-video-preview:-1\" \/>\n<link rel=\"canonical\" href=\"https:\/\/divertarte.com\/index.php\/produto\/pigmento-amarelo\/\" \/>\n<meta property=\"og:locale\" content=\"pt_PT\" \/>\n<meta property=\"og:type\" content=\"article\" \/>\n<meta property=\"og:title\" content=\"PIGMENTO AMARELO -\" \/>\n<meta property=\"og:description\" content=\"S\u00e3o transparentes ou semitransparentes, possuem alto poder de tingimento, al\u00e9m de uma gama variada de cores..\" \/>\n<meta property=\"og:url\" content=\"https:\/\/divertarte.com\/index.php\/produto\/pigmento-amarelo\/\" \/>\n<meta property=\"article:modified_time\" content=\"2025-11-06T13:51:07+00:00\" \/>\n<meta property=\"og:image\" content=\"https:\/\/divertarte.com\/wp-content\/uploads\/2018\/06\/pigmento-amarelo.jpg\" \/>\n\t<meta property=\"og:image:width\" content=\"302\" \/>\n\t<meta property=\"og:image:height\" content=\"300\" \/>\n\t<meta property=\"og:image:type\" content=\"image\/jpeg\" \/>\n<meta name=\"twitter:card\" content=\"summary_large_image\" \/>\n<script type=\"application\/ld+json\" class=\"yoast-schema-graph\">{\"@context\":\"https:\\\/\\\/schema.org\",\"@graph\":[{\"@type\":\"WebPage\",\"@id\":\"https:\\\/\\\/divertarte.com\\\/index.php\\\/produto\\\/pigmento-amarelo\\\/\",\"url\":\"https:\\\/\\\/divertarte.com\\\/index.php\\\/produto\\\/pigmento-amarelo\\\/\",\"name\":\"PIGMENTO AMARELO -\",\"isPartOf\":{\"@id\":\"https:\\\/\\\/divertarte.com\\\/#website\"},\"primaryImageOfPage\":{\"@id\":\"https:\\\/\\\/divertarte.com\\\/index.php\\\/produto\\\/pigmento-amarelo\\\/#primaryimage\"},\"image\":{\"@id\":\"https:\\\/\\\/divertarte.com\\\/index.php\\\/produto\\\/pigmento-amarelo\\\/#primaryimage\"},\"thumbnailUrl\":\"https:\\\/\\\/divertarte.com\\\/wp-content\\\/uploads\\\/2018\\\/06\\\/pigmento-amarelo.jpg\",\"datePublished\":\"2018-06-07T13:10:46+00:00\",\"dateModified\":\"2025-11-06T13:51:07+00:00\",\"description\":\"S\u00e3o transparentes ou semitransparentes, possuem alto poder de tingimento, al\u00e9m de uma gama variada de cores..\",\"breadcrumb\":{\"@id\":\"https:\\\/\\\/divertarte.com\\\/index.php\\\/produto\\\/pigmento-amarelo\\\/#breadcrumb\"},\"inLanguage\":\"pt-PT\",\"potentialAction\":[{\"@type\":\"ReadAction\",\"target\":[\"https:\\\/\\\/divertarte.com\\\/index.php\\\/produto\\\/pigmento-amarelo\\\/\"]}]},{\"@type\":\"ImageObject\",\"inLanguage\":\"pt-PT\",\"@id\":\"https:\\\/\\\/divertarte.com\\\/index.php\\\/produto\\\/pigmento-amarelo\\\/#primaryimage\",\"url\":\"https:\\\/\\\/divertarte.com\\\/wp-content\\\/uploads\\\/2018\\\/06\\\/pigmento-amarelo.jpg\",\"contentUrl\":\"https:\\\/\\\/divertarte.com\\\/wp-content\\\/uploads\\\/2018\\\/06\\\/pigmento-amarelo.jpg\",\"width\":302,\"height\":300},{\"@type\":\"BreadcrumbList\",\"@id\":\"https:\\\/\\\/divertarte.com\\\/index.php\\\/produto\\\/pigmento-amarelo\\\/#breadcrumb\",\"itemListElement\":[{\"@type\":\"ListItem\",\"position\":1,\"name\":\"In\u00edcio\",\"item\":\"https:\\\/\\\/divertarte.com\\\/\"},{\"@type\":\"ListItem\",\"position\":2,\"name\":\"Loja\",\"item\":\"https:\\\/\\\/divertarte.com\\\/index.php\\\/divertarte-produtos\\\/\"},{\"@type\":\"ListItem\",\"position\":3,\"name\":\"PIGMENTO AMARELO\"}]},{\"@type\":\"WebSite\",\"@id\":\"https:\\\/\\\/divertarte.com\\\/#website\",\"url\":\"https:\\\/\\\/divertarte.com\\\/\",\"name\":\"Divertarte\",\"description\":\"\",\"publisher\":{\"@id\":\"https:\\\/\\\/divertarte.com\\\/#organization\"},\"potentialAction\":[{\"@type\":\"SearchAction\",\"target\":{\"@type\":\"EntryPoint\",\"urlTemplate\":\"https:\\\/\\\/divertarte.com\\\/?s={search_term_string}\"},\"query-input\":{\"@type\":\"PropertyValueSpecification\",\"valueRequired\":true,\"valueName\":\"search_term_string\"}}],\"inLanguage\":\"pt-PT\"},{\"@type\":\"Organization\",\"@id\":\"https:\\\/\\\/divertarte.com\\\/#organization\",\"name\":\"Divertarte\",\"url\":\"https:\\\/\\\/divertarte.com\\\/\",\"logo\":{\"@type\":\"ImageObject\",\"inLanguage\":\"pt-PT\",\"@id\":\"https:\\\/\\\/divertarte.com\\\/#\\\/schema\\\/logo\\\/image\\\/\",\"url\":\"https:\\\/\\\/divertarte.com\\\/wp-content\\\/uploads\\\/2018\\\/07\\\/logo-div.jpg\",\"contentUrl\":\"https:\\\/\\\/divertarte.com\\\/wp-content\\\/uploads\\\/2018\\\/07\\\/logo-div.jpg\",\"width\":295,\"height\":123,\"caption\":\"Divertarte\"},\"image\":{\"@id\":\"https:\\\/\\\/divertarte.com\\\/#\\\/schema\\\/logo\\\/image\\\/\"}}]}<\/script>\n<!-- \/ Yoast SEO plugin. -->","yoast_head_json":{"title":"PIGMENTO AMARELO -","description":"S\u00e3o transparentes ou semitransparentes, possuem alto poder de tingimento, al\u00e9m de uma gama variada de cores..","robots":{"index":"index","follow":"follow","max-snippet":"max-snippet:-1","max-image-preview":"max-image-preview:large","max-video-preview":"max-video-preview:-1"},"canonical":"https:\/\/divertarte.com\/index.php\/produto\/pigmento-amarelo\/","og_locale":"pt_PT","og_type":"article","og_title":"PIGMENTO AMARELO -","og_description":"S\u00e3o transparentes ou semitransparentes, possuem alto poder de tingimento, al\u00e9m de uma gama variada de cores..","og_url":"https:\/\/divertarte.com\/index.php\/produto\/pigmento-amarelo\/","article_modified_time":"2025-11-06T13:51:07+00:00","og_image":[{"width":302,"height":300,"url":"https:\/\/divertarte.com\/wp-content\/uploads\/2018\/06\/pigmento-amarelo.jpg","type":"image\/jpeg"}],"twitter_card":"summary_large_image","schema":{"@context":"https:\/\/schema.org","@graph":[{"@type":"WebPage","@id":"https:\/\/divertarte.com\/index.php\/produto\/pigmento-amarelo\/","url":"https:\/\/divertarte.com\/index.php\/produto\/pigmento-amarelo\/","name":"PIGMENTO AMARELO -","isPartOf":{"@id":"https:\/\/divertarte.com\/#website"},"primaryImageOfPage":{"@id":"https:\/\/divertarte.com\/index.php\/produto\/pigmento-amarelo\/#primaryimage"},"image":{"@id":"https:\/\/divertarte.com\/index.php\/produto\/pigmento-amarelo\/#primaryimage"},"thumbnailUrl":"https:\/\/divertarte.com\/wp-content\/uploads\/2018\/06\/pigmento-amarelo.jpg","datePublished":"2018-06-07T13:10:46+00:00","dateModified":"2025-11-06T13:51:07+00:00","description":"S\u00e3o transparentes ou semitransparentes, possuem alto poder de tingimento, al\u00e9m de uma gama variada de cores..","breadcrumb":{"@id":"https:\/\/divertarte.com\/index.php\/produto\/pigmento-amarelo\/#breadcrumb"},"inLanguage":"pt-PT","potentialAction":[{"@type":"ReadAction","target":["https:\/\/divertarte.com\/index.php\/produto\/pigmento-amarelo\/"]}]},{"@type":"ImageObject","inLanguage":"pt-PT","@id":"https:\/\/divertarte.com\/index.php\/produto\/pigmento-amarelo\/#primaryimage","url":"https:\/\/divertarte.com\/wp-content\/uploads\/2018\/06\/pigmento-amarelo.jpg","contentUrl":"https:\/\/divertarte.com\/wp-content\/uploads\/2018\/06\/pigmento-amarelo.jpg","width":302,"height":300},{"@type":"BreadcrumbList","@id":"https:\/\/divertarte.com\/index.php\/produto\/pigmento-amarelo\/#breadcrumb","itemListElement":[{"@type":"ListItem","position":1,"name":"In\u00edcio","item":"https:\/\/divertarte.com\/"},{"@type":"ListItem","position":2,"name":"Loja","item":"https:\/\/divertarte.com\/index.php\/divertarte-produtos\/"},{"@type":"ListItem","position":3,"name":"PIGMENTO AMARELO"}]},{"@type":"WebSite","@id":"https:\/\/divertarte.com\/#website","url":"https:\/\/divertarte.com\/","name":"Divertarte","description":"","publisher":{"@id":"https:\/\/divertarte.com\/#organization"},"potentialAction":[{"@type":"SearchAction","target":{"@type":"EntryPoint","urlTemplate":"https:\/\/divertarte.com\/?s={search_term_string}"},"query-input":{"@type":"PropertyValueSpecification","valueRequired":true,"valueName":"search_term_string"}}],"inLanguage":"pt-PT"},{"@type":"Organization","@id":"https:\/\/divertarte.com\/#organization","name":"Divertarte","url":"https:\/\/divertarte.com\/","logo":{"@type":"ImageObject","inLanguage":"pt-PT","@id":"https:\/\/divertarte.com\/#\/schema\/logo\/image\/","url":"https:\/\/divertarte.com\/wp-content\/uploads\/2018\/07\/logo-div.jpg","contentUrl":"https:\/\/divertarte.com\/wp-content\/uploads\/2018\/07\/logo-div.jpg","width":295,"height":123,"caption":"Divertarte"},"image":{"@id":"https:\/\/divertarte.com\/#\/schema\/logo\/image\/"}}]}},"_links":{"self":[{"href":"https:\/\/divertarte.com\/index.php\/wp-json\/wp\/v2\/product\/3984","targetHints":{"allow":["GET"]}}],"collection":[{"href":"https:\/\/divertarte.com\/index.php\/wp-json\/wp\/v2\/product"}],"about":[{"href":"https:\/\/divertarte.com\/index.php\/wp-json\/wp\/v2\/types\/product"}],"replies":[{"embeddable":true,"href":"https:\/\/divertarte.com\/index.php\/wp-json\/wp\/v2\/comments?post=3984"}],"wp:featuredmedia":[{"embeddable":true,"href":"https:\/\/divertarte.com\/index.php\/wp-json\/wp\/v2\/media\/21159"}],"wp:attachment":[{"href":"https:\/\/divertarte.com\/index.php\/wp-json\/wp\/v2\/media?parent=3984"}],"wp:term":[{"taxonomy":"product_brand","embeddable":true,"href":"https:\/\/divertarte.com\/index.php\/wp-json\/wp\/v2\/product_brand?post=3984"},{"taxonomy":"product_cat","embeddable":true,"href":"https:\/\/divertarte.com\/index.php\/wp-json\/wp\/v2\/product_cat?post=3984"},{"taxonomy":"product_tag","embeddable":true,"href":"https:\/\/divertarte.com\/index.php\/wp-json\/wp\/v2\/product_tag?post=3984"}],"curies":[{"name":"wp","href":"https:\/\/api.w.org\/{rel}","templated":true}]}}