{"id":3947,"date":"2018-06-07T14:07:33","date_gmt":"2018-06-07T13:07:33","guid":{"rendered":"https:\/\/divertarte.com\/index.php\/produto\/cera-de-soja-250-g\/"},"modified":"2026-04-21T09:53:03","modified_gmt":"2026-04-21T08:53:03","slug":"cera-de-soja-2","status":"publish","type":"product","link":"https:\/\/divertarte.com\/index.php\/produto\/cera-de-soja-2\/","title":{"rendered":"Cera de Soja Natural"},"content":{"rendered":"<p>Cera de Soja\u00a0 Natural &#8211; Parafina de Soja<\/p>\n<p>Cera 100% natural de soja para fabrico de velas e cosm\u00e9ticos. Feita a partir de \u00f3leo de soja (100%) por um processo chamado de hidrogena\u00e7\u00e3o. Alem disso a vela de cera de soja \u00e9 de origem vegetal e n\u00e3o produz subst\u00e2ncias cancer\u00edgenas em queimados.<\/p>\n<p>Utiliza-se tamb\u00e9m em velas de massagem, pois o \u00f3leo resultante da\u00a0 sua queima pode ser utilizado imediatamente, a sua temperatura \u00e9 de apenas alguns graus acima da temperatura corporal.<br \/>\nPortanto as velas de soja devem ser colocadas em recipientes: copos, tea-ligts, latinhas.<\/p>\n<p>Em lentilha, com uma cor branca a amarelo p\u00e1lido e aroma quase impercept\u00edvel.<\/p>\n<p>Al\u00e9m disso \u00e9 normalmente usada em em velas decorativas ou de massagem. \u00c9 um excelente difusor de aromas, podendo ser combinada com fragr\u00e2ncias ou \u00f3leos essenciais. Contudo a cera de soja tem um ponto de fus\u00e3o mais baixo do que a parafina<\/p>\n<p>As velas de soja feitas com \u00f3leos essenciais s\u00e3o um excelente meio para difundir esses \u00f3leos para a atmosfera de uma forma mais &#8220;limpa&#8221; (a cera de soja n\u00e3o produz fuligem), a fim de n\u00e3o causarem polui\u00e7\u00e3o<\/p>\n<p>A apresenta\u00e7\u00e3o em lentilha facilita sobretudo na sua dosagem e manipula\u00e7\u00e3o. Al\u00e9m disso pode adicionar diferentes ceras, incluindo cera de abelha, parafina, cera de palma, estearina.<\/p>\n","protected":false},"excerpt":{"rendered":"<p>Cera Soja natural<\/p>\n<p>Cera 100% natural de soja para fabrico de velas e cosm\u00e9ticos. A cera de soja \u00e9 de origem vegetal<\/p>\n<p>Utiliza-se em velas de massagem, porque o \u00f3leo resultante da\u00a0 sua queima pode ser utilizado imediatamente.\u00a0 A temperatura \u00e9 de apenas alguns graus acima da temperatura corporal.<\/p>\n<p>Em lentilha, com uma cor branca a amarelo p\u00e1lido e aroma quase impercept\u00edvel.<\/p>\n<p>Embalagem 850g<\/p>\n","protected":false},"featured_media":20151,"comment_status":"closed","ping_status":"closed","template":"","meta":{"_exactmetrics_skip_tracking":false,"_exactmetrics_sitenote_active":false,"_exactmetrics_sitenote_note":"","_exactmetrics_sitenote_category":0},"product_brand":[],"product_cat":[1642,269],"product_tag":[1145,1657],"class_list":{"0":"post-3947","1":"product","2":"type-product","3":"status-publish","4":"has-post-thumbnail","6":"product_cat-cera-de-soja","7":"product_cat-parafina-para-velas-e-ceras","8":"product_tag-cera-de-soja","9":"product_tag-cera-soja-natural","11":"first","12":"instock","13":"taxable","14":"shipping-taxable","15":"purchasable","16":"product-type-simple"},"yoast_head":"<!-- This site is optimized with the Yoast SEO plugin v27.4 - https:\/\/yoast.com\/product\/yoast-seo-wordpress\/ -->\n<title>Cera de Soja Natural -<\/title>\n<meta name=\"description\" content=\"Cera de Soja Natural.\u00a0Cera 100% natural de soja para fabrico de velas e cosmeticos. A cera de soja \u00e9 de origem vegetal.pode utilizar em velas de massagem,\" \/>\n<meta name=\"robots\" content=\"index, follow, max-snippet:-1, max-image-preview:large, max-video-preview:-1\" \/>\n<link rel=\"canonical\" href=\"https:\/\/divertarte.com\/index.php\/produto\/cera-de-soja-2\/\" \/>\n<meta property=\"og:locale\" content=\"pt_PT\" \/>\n<meta property=\"og:type\" content=\"article\" \/>\n<meta property=\"og:title\" content=\"Cera de Soja Natural -\" \/>\n<meta property=\"og:description\" content=\"Cera de Soja Natural.\u00a0Cera 100% natural de soja para fabrico de velas e cosmeticos. A cera de soja \u00e9 de origem vegetal.pode utilizar em velas de massagem,\" \/>\n<meta property=\"og:url\" content=\"https:\/\/divertarte.com\/index.php\/produto\/cera-de-soja-2\/\" \/>\n<meta property=\"article:modified_time\" content=\"2026-04-21T08:53:03+00:00\" \/>\n<meta property=\"og:image\" content=\"https:\/\/divertarte.com\/wp-content\/uploads\/2018\/06\/cera-de-soja-granulado.jpg\" \/>\n\t<meta property=\"og:image:width\" content=\"300\" \/>\n\t<meta property=\"og:image:height\" content=\"301\" \/>\n\t<meta property=\"og:image:type\" content=\"image\/jpeg\" \/>\n<meta name=\"twitter:card\" content=\"summary_large_image\" \/>\n<meta name=\"twitter:label1\" content=\"Tempo estimado de leitura\" \/>\n\t<meta name=\"twitter:data1\" content=\"2 minutos\" \/>\n<script type=\"application\/ld+json\" class=\"yoast-schema-graph\">{\"@context\":\"https:\\\/\\\/schema.org\",\"@graph\":[{\"@type\":\"WebPage\",\"@id\":\"https:\\\/\\\/divertarte.com\\\/index.php\\\/produto\\\/cera-de-soja-2\\\/\",\"url\":\"https:\\\/\\\/divertarte.com\\\/index.php\\\/produto\\\/cera-de-soja-2\\\/\",\"name\":\"Cera de Soja Natural -\",\"isPartOf\":{\"@id\":\"https:\\\/\\\/divertarte.com\\\/#website\"},\"primaryImageOfPage\":{\"@id\":\"https:\\\/\\\/divertarte.com\\\/index.php\\\/produto\\\/cera-de-soja-2\\\/#primaryimage\"},\"image\":{\"@id\":\"https:\\\/\\\/divertarte.com\\\/index.php\\\/produto\\\/cera-de-soja-2\\\/#primaryimage\"},\"thumbnailUrl\":\"https:\\\/\\\/divertarte.com\\\/wp-content\\\/uploads\\\/2018\\\/06\\\/cera-de-soja-granulado.jpg\",\"datePublished\":\"2018-06-07T13:07:33+00:00\",\"dateModified\":\"2026-04-21T08:53:03+00:00\",\"description\":\"Cera de Soja Natural.\u00a0Cera 100% natural de soja para fabrico de velas e cosmeticos. A cera de soja \u00e9 de origem vegetal.pode utilizar em velas de massagem,\",\"breadcrumb\":{\"@id\":\"https:\\\/\\\/divertarte.com\\\/index.php\\\/produto\\\/cera-de-soja-2\\\/#breadcrumb\"},\"inLanguage\":\"pt-PT\",\"potentialAction\":[{\"@type\":\"ReadAction\",\"target\":[\"https:\\\/\\\/divertarte.com\\\/index.php\\\/produto\\\/cera-de-soja-2\\\/\"]}]},{\"@type\":\"ImageObject\",\"inLanguage\":\"pt-PT\",\"@id\":\"https:\\\/\\\/divertarte.com\\\/index.php\\\/produto\\\/cera-de-soja-2\\\/#primaryimage\",\"url\":\"https:\\\/\\\/divertarte.com\\\/wp-content\\\/uploads\\\/2018\\\/06\\\/cera-de-soja-granulado.jpg\",\"contentUrl\":\"https:\\\/\\\/divertarte.com\\\/wp-content\\\/uploads\\\/2018\\\/06\\\/cera-de-soja-granulado.jpg\",\"width\":300,\"height\":301},{\"@type\":\"BreadcrumbList\",\"@id\":\"https:\\\/\\\/divertarte.com\\\/index.php\\\/produto\\\/cera-de-soja-2\\\/#breadcrumb\",\"itemListElement\":[{\"@type\":\"ListItem\",\"position\":1,\"name\":\"In\u00edcio\",\"item\":\"https:\\\/\\\/divertarte.com\\\/\"},{\"@type\":\"ListItem\",\"position\":2,\"name\":\"Loja\",\"item\":\"https:\\\/\\\/divertarte.com\\\/index.php\\\/divertarte-produtos\\\/\"},{\"@type\":\"ListItem\",\"position\":3,\"name\":\"Cera de Soja Natural\"}]},{\"@type\":\"WebSite\",\"@id\":\"https:\\\/\\\/divertarte.com\\\/#website\",\"url\":\"https:\\\/\\\/divertarte.com\\\/\",\"name\":\"Divertarte\",\"description\":\"\",\"publisher\":{\"@id\":\"https:\\\/\\\/divertarte.com\\\/#organization\"},\"potentialAction\":[{\"@type\":\"SearchAction\",\"target\":{\"@type\":\"EntryPoint\",\"urlTemplate\":\"https:\\\/\\\/divertarte.com\\\/?s={search_term_string}\"},\"query-input\":{\"@type\":\"PropertyValueSpecification\",\"valueRequired\":true,\"valueName\":\"search_term_string\"}}],\"inLanguage\":\"pt-PT\"},{\"@type\":\"Organization\",\"@id\":\"https:\\\/\\\/divertarte.com\\\/#organization\",\"name\":\"Divertarte\",\"url\":\"https:\\\/\\\/divertarte.com\\\/\",\"logo\":{\"@type\":\"ImageObject\",\"inLanguage\":\"pt-PT\",\"@id\":\"https:\\\/\\\/divertarte.com\\\/#\\\/schema\\\/logo\\\/image\\\/\",\"url\":\"https:\\\/\\\/divertarte.com\\\/wp-content\\\/uploads\\\/2018\\\/07\\\/logo-div.jpg\",\"contentUrl\":\"https:\\\/\\\/divertarte.com\\\/wp-content\\\/uploads\\\/2018\\\/07\\\/logo-div.jpg\",\"width\":295,\"height\":123,\"caption\":\"Divertarte\"},\"image\":{\"@id\":\"https:\\\/\\\/divertarte.com\\\/#\\\/schema\\\/logo\\\/image\\\/\"}}]}<\/script>\n<!-- \/ Yoast SEO plugin. -->","yoast_head_json":{"title":"Cera de Soja Natural -","description":"Cera de Soja Natural.\u00a0Cera 100% natural de soja para fabrico de velas e cosmeticos. A cera de soja \u00e9 de origem vegetal.pode utilizar em velas de massagem,","robots":{"index":"index","follow":"follow","max-snippet":"max-snippet:-1","max-image-preview":"max-image-preview:large","max-video-preview":"max-video-preview:-1"},"canonical":"https:\/\/divertarte.com\/index.php\/produto\/cera-de-soja-2\/","og_locale":"pt_PT","og_type":"article","og_title":"Cera de Soja Natural -","og_description":"Cera de Soja Natural.\u00a0Cera 100% natural de soja para fabrico de velas e cosmeticos. A cera de soja \u00e9 de origem vegetal.pode utilizar em velas de massagem,","og_url":"https:\/\/divertarte.com\/index.php\/produto\/cera-de-soja-2\/","article_modified_time":"2026-04-21T08:53:03+00:00","og_image":[{"width":300,"height":301,"url":"https:\/\/divertarte.com\/wp-content\/uploads\/2018\/06\/cera-de-soja-granulado.jpg","type":"image\/jpeg"}],"twitter_card":"summary_large_image","twitter_misc":{"Tempo estimado de leitura":"2 minutos"},"schema":{"@context":"https:\/\/schema.org","@graph":[{"@type":"WebPage","@id":"https:\/\/divertarte.com\/index.php\/produto\/cera-de-soja-2\/","url":"https:\/\/divertarte.com\/index.php\/produto\/cera-de-soja-2\/","name":"Cera de Soja Natural -","isPartOf":{"@id":"https:\/\/divertarte.com\/#website"},"primaryImageOfPage":{"@id":"https:\/\/divertarte.com\/index.php\/produto\/cera-de-soja-2\/#primaryimage"},"image":{"@id":"https:\/\/divertarte.com\/index.php\/produto\/cera-de-soja-2\/#primaryimage"},"thumbnailUrl":"https:\/\/divertarte.com\/wp-content\/uploads\/2018\/06\/cera-de-soja-granulado.jpg","datePublished":"2018-06-07T13:07:33+00:00","dateModified":"2026-04-21T08:53:03+00:00","description":"Cera de Soja Natural.\u00a0Cera 100% natural de soja para fabrico de velas e cosmeticos. A cera de soja \u00e9 de origem vegetal.pode utilizar em velas de massagem,","breadcrumb":{"@id":"https:\/\/divertarte.com\/index.php\/produto\/cera-de-soja-2\/#breadcrumb"},"inLanguage":"pt-PT","potentialAction":[{"@type":"ReadAction","target":["https:\/\/divertarte.com\/index.php\/produto\/cera-de-soja-2\/"]}]},{"@type":"ImageObject","inLanguage":"pt-PT","@id":"https:\/\/divertarte.com\/index.php\/produto\/cera-de-soja-2\/#primaryimage","url":"https:\/\/divertarte.com\/wp-content\/uploads\/2018\/06\/cera-de-soja-granulado.jpg","contentUrl":"https:\/\/divertarte.com\/wp-content\/uploads\/2018\/06\/cera-de-soja-granulado.jpg","width":300,"height":301},{"@type":"BreadcrumbList","@id":"https:\/\/divertarte.com\/index.php\/produto\/cera-de-soja-2\/#breadcrumb","itemListElement":[{"@type":"ListItem","position":1,"name":"In\u00edcio","item":"https:\/\/divertarte.com\/"},{"@type":"ListItem","position":2,"name":"Loja","item":"https:\/\/divertarte.com\/index.php\/divertarte-produtos\/"},{"@type":"ListItem","position":3,"name":"Cera de Soja Natural"}]},{"@type":"WebSite","@id":"https:\/\/divertarte.com\/#website","url":"https:\/\/divertarte.com\/","name":"Divertarte","description":"","publisher":{"@id":"https:\/\/divertarte.com\/#organization"},"potentialAction":[{"@type":"SearchAction","target":{"@type":"EntryPoint","urlTemplate":"https:\/\/divertarte.com\/?s={search_term_string}"},"query-input":{"@type":"PropertyValueSpecification","valueRequired":true,"valueName":"search_term_string"}}],"inLanguage":"pt-PT"},{"@type":"Organization","@id":"https:\/\/divertarte.com\/#organization","name":"Divertarte","url":"https:\/\/divertarte.com\/","logo":{"@type":"ImageObject","inLanguage":"pt-PT","@id":"https:\/\/divertarte.com\/#\/schema\/logo\/image\/","url":"https:\/\/divertarte.com\/wp-content\/uploads\/2018\/07\/logo-div.jpg","contentUrl":"https:\/\/divertarte.com\/wp-content\/uploads\/2018\/07\/logo-div.jpg","width":295,"height":123,"caption":"Divertarte"},"image":{"@id":"https:\/\/divertarte.com\/#\/schema\/logo\/image\/"}}]}},"_links":{"self":[{"href":"https:\/\/divertarte.com\/index.php\/wp-json\/wp\/v2\/product\/3947","targetHints":{"allow":["GET"]}}],"collection":[{"href":"https:\/\/divertarte.com\/index.php\/wp-json\/wp\/v2\/product"}],"about":[{"href":"https:\/\/divertarte.com\/index.php\/wp-json\/wp\/v2\/types\/product"}],"replies":[{"embeddable":true,"href":"https:\/\/divertarte.com\/index.php\/wp-json\/wp\/v2\/comments?post=3947"}],"wp:featuredmedia":[{"embeddable":true,"href":"https:\/\/divertarte.com\/index.php\/wp-json\/wp\/v2\/media\/20151"}],"wp:attachment":[{"href":"https:\/\/divertarte.com\/index.php\/wp-json\/wp\/v2\/media?parent=3947"}],"wp:term":[{"taxonomy":"product_brand","embeddable":true,"href":"https:\/\/divertarte.com\/index.php\/wp-json\/wp\/v2\/product_brand?post=3947"},{"taxonomy":"product_cat","embeddable":true,"href":"https:\/\/divertarte.com\/index.php\/wp-json\/wp\/v2\/product_cat?post=3947"},{"taxonomy":"product_tag","embeddable":true,"href":"https:\/\/divertarte.com\/index.php\/wp-json\/wp\/v2\/product_tag?post=3947"}],"curies":[{"name":"wp","href":"https:\/\/api.w.org\/{rel}","templated":true}]}}