{"id":3894,"date":"2018-06-07T14:06:49","date_gmt":"2018-06-07T13:06:49","guid":{"rendered":"https:\/\/divertarte.com\/index.php\/produto\/alcatrao-vegetal-250-ml\/"},"modified":"2025-11-06T13:59:30","modified_gmt":"2025-11-06T13:59:30","slug":"alcatrao-vegetal-250-ml","status":"publish","type":"product","link":"https:\/\/divertarte.com\/index.php\/produto\/alcatrao-vegetal-250-ml\/","title":{"rendered":"ALCATR\u00c3O VEGETAL 250 GR"},"content":{"rendered":"<p>ALCATR\u00c3O DE PINHO &#8211; 250 gr<\/p>\n<p>Dosear 5% em sab\u00f5es artesanais.<br \/>\nAuxilia no tratamento de carb\u00fanculos e doen\u00e7as de pele, tais como psor\u00edase, eczema, pele irritada seca, caspa e ros\u00e1cea. Grande desinfetante para a pele<br \/>\nPode adicionar um pouco de oleo de coco e oleo de grainha de uva.<\/p>\n<p>O Alcatr\u00e3o Vegetal pode ser aplicado em v\u00e1rias finalidades, entre elas: uso veterin\u00e1rio, farmac\u00eautico, ind\u00fastria qu\u00edmica, fabrica\u00e7\u00e3o de espumas de poliuretano. Entre seus efeitos podemos citar: anti-s\u00e9ptico, antiparasit\u00e1ria, anti-seborr\u00e9ico, germicida, antipruginoso, queratopl\u00e1stico, protetor e repelente de insetos. Concebido para tornar o banho de lama mais atraente e assegurar o tratamento dos parasitas externos dos javalis e para atrair javalis e\/ou cerv\u00eddeos. Prote\u00e7\u00e3o cascos cavalos<\/p>\n","protected":false},"excerpt":{"rendered":"<ol>\n<li>ALCATR\u00c3O DE PINHO &#8211; 250 gr<\/li>\n<\/ol>\n<p>Dosear 5% em sab\u00f5es artesanais.<br \/>\nAuxilia no tratamento de carb\u00fanculos e doen\u00e7as de pele, tais como psor\u00edase, eczema, pele irritada seca, caspa e ros\u00e1cea. Grande desinfetante para a pele<br \/>\nPode adicionar um pouco de oleo de coco e oleo de grainha de uva.<\/p>\n<p>O Alcatr\u00e3o Vegetal pode ser aplicado em v\u00e1rias finalidades, entre elas: uso veterin\u00e1rio, farmac\u00eautico, ind\u00fastria qu\u00edmica, fabrica\u00e7\u00e3o de espumas de poliuretano. Entre seus efeitos podemos citar: anti-s\u00e9ptico, antiparasit\u00e1ria, anti-seborr\u00e9ico, germicida, antipruginoso, queratopl\u00e1stico, protetor e repelente de insetos. Prote\u00e7\u00e3o cascos cavalos<\/p>\n","protected":false},"featured_media":18301,"comment_status":"closed","ping_status":"closed","template":"","meta":{"_exactmetrics_skip_tracking":false,"_exactmetrics_sitenote_active":false,"_exactmetrics_sitenote_note":"","_exactmetrics_sitenote_category":0},"product_brand":[],"product_cat":[810,381,15],"product_tag":[721],"class_list":{"0":"post-3894","1":"product","2":"type-product","3":"status-publish","4":"has-post-thumbnail","6":"product_cat-aditivos-varios","7":"product_cat-materiais-para-sabonetes","8":"product_cat-ver-todos-os-produtos","9":"product_tag-alcatrao-vegetal","11":"first","12":"instock","13":"taxable","14":"shipping-taxable","15":"purchasable","16":"product-type-simple"},"yoast_head":"<!-- This site is optimized with the Yoast SEO plugin v27.5 - https:\/\/yoast.com\/product\/yoast-seo-wordpress\/ -->\n<title>ALCATR\u00c3O VEGETAL 250 GR -<\/title>\n<meta name=\"description\" content=\"anti-s\u00e9ptico, antiparasit\u00e1ria, anti-seborr\u00e9ico, germicida, antipruginoso, queratopl\u00e1stico, protetor e repelente de insetos. Prote\u00e7\u00e3o cascos cavalos\" \/>\n<meta name=\"robots\" content=\"index, follow, max-snippet:-1, max-image-preview:large, max-video-preview:-1\" \/>\n<link rel=\"canonical\" href=\"https:\/\/divertarte.com\/index.php\/produto\/alcatrao-vegetal-250-ml\/\" \/>\n<meta property=\"og:locale\" content=\"pt_PT\" \/>\n<meta property=\"og:type\" content=\"article\" \/>\n<meta property=\"og:title\" content=\"ALCATR\u00c3O VEGETAL 250 GR -\" \/>\n<meta property=\"og:description\" content=\"anti-s\u00e9ptico, antiparasit\u00e1ria, anti-seborr\u00e9ico, germicida, antipruginoso, queratopl\u00e1stico, protetor e repelente de insetos. Prote\u00e7\u00e3o cascos cavalos\" \/>\n<meta property=\"og:url\" content=\"https:\/\/divertarte.com\/index.php\/produto\/alcatrao-vegetal-250-ml\/\" \/>\n<meta property=\"article:modified_time\" content=\"2025-11-06T13:59:30+00:00\" \/>\n<meta property=\"og:image\" content=\"https:\/\/divertarte.com\/wp-content\/uploads\/2023\/02\/alcatrao-vegetal.jpg\" \/>\n\t<meta property=\"og:image:width\" content=\"301\" \/>\n\t<meta property=\"og:image:height\" content=\"300\" \/>\n\t<meta property=\"og:image:type\" content=\"image\/jpeg\" \/>\n<meta name=\"twitter:card\" content=\"summary_large_image\" \/>\n<meta name=\"twitter:label1\" content=\"Tempo estimado de leitura\" \/>\n\t<meta name=\"twitter:data1\" content=\"1 minuto\" \/>\n<script type=\"application\/ld+json\" class=\"yoast-schema-graph\">{\"@context\":\"https:\\\/\\\/schema.org\",\"@graph\":[{\"@type\":\"WebPage\",\"@id\":\"https:\\\/\\\/divertarte.com\\\/index.php\\\/produto\\\/alcatrao-vegetal-250-ml\\\/\",\"url\":\"https:\\\/\\\/divertarte.com\\\/index.php\\\/produto\\\/alcatrao-vegetal-250-ml\\\/\",\"name\":\"ALCATR\u00c3O VEGETAL 250 GR -\",\"isPartOf\":{\"@id\":\"https:\\\/\\\/divertarte.com\\\/#website\"},\"primaryImageOfPage\":{\"@id\":\"https:\\\/\\\/divertarte.com\\\/index.php\\\/produto\\\/alcatrao-vegetal-250-ml\\\/#primaryimage\"},\"image\":{\"@id\":\"https:\\\/\\\/divertarte.com\\\/index.php\\\/produto\\\/alcatrao-vegetal-250-ml\\\/#primaryimage\"},\"thumbnailUrl\":\"https:\\\/\\\/divertarte.com\\\/wp-content\\\/uploads\\\/2023\\\/02\\\/alcatrao-vegetal.jpg\",\"datePublished\":\"2018-06-07T13:06:49+00:00\",\"dateModified\":\"2025-11-06T13:59:30+00:00\",\"description\":\"anti-s\u00e9ptico, antiparasit\u00e1ria, anti-seborr\u00e9ico, germicida, antipruginoso, queratopl\u00e1stico, protetor e repelente de insetos. Prote\u00e7\u00e3o cascos cavalos\",\"breadcrumb\":{\"@id\":\"https:\\\/\\\/divertarte.com\\\/index.php\\\/produto\\\/alcatrao-vegetal-250-ml\\\/#breadcrumb\"},\"inLanguage\":\"pt-PT\",\"potentialAction\":[{\"@type\":\"ReadAction\",\"target\":[\"https:\\\/\\\/divertarte.com\\\/index.php\\\/produto\\\/alcatrao-vegetal-250-ml\\\/\"]}]},{\"@type\":\"ImageObject\",\"inLanguage\":\"pt-PT\",\"@id\":\"https:\\\/\\\/divertarte.com\\\/index.php\\\/produto\\\/alcatrao-vegetal-250-ml\\\/#primaryimage\",\"url\":\"https:\\\/\\\/divertarte.com\\\/wp-content\\\/uploads\\\/2023\\\/02\\\/alcatrao-vegetal.jpg\",\"contentUrl\":\"https:\\\/\\\/divertarte.com\\\/wp-content\\\/uploads\\\/2023\\\/02\\\/alcatrao-vegetal.jpg\",\"width\":301,\"height\":300},{\"@type\":\"BreadcrumbList\",\"@id\":\"https:\\\/\\\/divertarte.com\\\/index.php\\\/produto\\\/alcatrao-vegetal-250-ml\\\/#breadcrumb\",\"itemListElement\":[{\"@type\":\"ListItem\",\"position\":1,\"name\":\"In\u00edcio\",\"item\":\"https:\\\/\\\/divertarte.com\\\/\"},{\"@type\":\"ListItem\",\"position\":2,\"name\":\"Loja\",\"item\":\"https:\\\/\\\/divertarte.com\\\/index.php\\\/divertarte-produtos\\\/\"},{\"@type\":\"ListItem\",\"position\":3,\"name\":\"ALCATR\u00c3O VEGETAL 250 GR\"}]},{\"@type\":\"WebSite\",\"@id\":\"https:\\\/\\\/divertarte.com\\\/#website\",\"url\":\"https:\\\/\\\/divertarte.com\\\/\",\"name\":\"Divertarte\",\"description\":\"\",\"publisher\":{\"@id\":\"https:\\\/\\\/divertarte.com\\\/#organization\"},\"potentialAction\":[{\"@type\":\"SearchAction\",\"target\":{\"@type\":\"EntryPoint\",\"urlTemplate\":\"https:\\\/\\\/divertarte.com\\\/?s={search_term_string}\"},\"query-input\":{\"@type\":\"PropertyValueSpecification\",\"valueRequired\":true,\"valueName\":\"search_term_string\"}}],\"inLanguage\":\"pt-PT\"},{\"@type\":\"Organization\",\"@id\":\"https:\\\/\\\/divertarte.com\\\/#organization\",\"name\":\"Divertarte\",\"url\":\"https:\\\/\\\/divertarte.com\\\/\",\"logo\":{\"@type\":\"ImageObject\",\"inLanguage\":\"pt-PT\",\"@id\":\"https:\\\/\\\/divertarte.com\\\/#\\\/schema\\\/logo\\\/image\\\/\",\"url\":\"https:\\\/\\\/divertarte.com\\\/wp-content\\\/uploads\\\/2018\\\/07\\\/logo-div.jpg\",\"contentUrl\":\"https:\\\/\\\/divertarte.com\\\/wp-content\\\/uploads\\\/2018\\\/07\\\/logo-div.jpg\",\"width\":295,\"height\":123,\"caption\":\"Divertarte\"},\"image\":{\"@id\":\"https:\\\/\\\/divertarte.com\\\/#\\\/schema\\\/logo\\\/image\\\/\"}}]}<\/script>\n<!-- \/ Yoast SEO plugin. -->","yoast_head_json":{"title":"ALCATR\u00c3O VEGETAL 250 GR -","description":"anti-s\u00e9ptico, antiparasit\u00e1ria, anti-seborr\u00e9ico, germicida, antipruginoso, queratopl\u00e1stico, protetor e repelente de insetos. Prote\u00e7\u00e3o cascos cavalos","robots":{"index":"index","follow":"follow","max-snippet":"max-snippet:-1","max-image-preview":"max-image-preview:large","max-video-preview":"max-video-preview:-1"},"canonical":"https:\/\/divertarte.com\/index.php\/produto\/alcatrao-vegetal-250-ml\/","og_locale":"pt_PT","og_type":"article","og_title":"ALCATR\u00c3O VEGETAL 250 GR -","og_description":"anti-s\u00e9ptico, antiparasit\u00e1ria, anti-seborr\u00e9ico, germicida, antipruginoso, queratopl\u00e1stico, protetor e repelente de insetos. Prote\u00e7\u00e3o cascos cavalos","og_url":"https:\/\/divertarte.com\/index.php\/produto\/alcatrao-vegetal-250-ml\/","article_modified_time":"2025-11-06T13:59:30+00:00","og_image":[{"width":301,"height":300,"url":"https:\/\/divertarte.com\/wp-content\/uploads\/2023\/02\/alcatrao-vegetal.jpg","type":"image\/jpeg"}],"twitter_card":"summary_large_image","twitter_misc":{"Tempo estimado de leitura":"1 minuto"},"schema":{"@context":"https:\/\/schema.org","@graph":[{"@type":"WebPage","@id":"https:\/\/divertarte.com\/index.php\/produto\/alcatrao-vegetal-250-ml\/","url":"https:\/\/divertarte.com\/index.php\/produto\/alcatrao-vegetal-250-ml\/","name":"ALCATR\u00c3O VEGETAL 250 GR -","isPartOf":{"@id":"https:\/\/divertarte.com\/#website"},"primaryImageOfPage":{"@id":"https:\/\/divertarte.com\/index.php\/produto\/alcatrao-vegetal-250-ml\/#primaryimage"},"image":{"@id":"https:\/\/divertarte.com\/index.php\/produto\/alcatrao-vegetal-250-ml\/#primaryimage"},"thumbnailUrl":"https:\/\/divertarte.com\/wp-content\/uploads\/2023\/02\/alcatrao-vegetal.jpg","datePublished":"2018-06-07T13:06:49+00:00","dateModified":"2025-11-06T13:59:30+00:00","description":"anti-s\u00e9ptico, antiparasit\u00e1ria, anti-seborr\u00e9ico, germicida, antipruginoso, queratopl\u00e1stico, protetor e repelente de insetos. Prote\u00e7\u00e3o cascos cavalos","breadcrumb":{"@id":"https:\/\/divertarte.com\/index.php\/produto\/alcatrao-vegetal-250-ml\/#breadcrumb"},"inLanguage":"pt-PT","potentialAction":[{"@type":"ReadAction","target":["https:\/\/divertarte.com\/index.php\/produto\/alcatrao-vegetal-250-ml\/"]}]},{"@type":"ImageObject","inLanguage":"pt-PT","@id":"https:\/\/divertarte.com\/index.php\/produto\/alcatrao-vegetal-250-ml\/#primaryimage","url":"https:\/\/divertarte.com\/wp-content\/uploads\/2023\/02\/alcatrao-vegetal.jpg","contentUrl":"https:\/\/divertarte.com\/wp-content\/uploads\/2023\/02\/alcatrao-vegetal.jpg","width":301,"height":300},{"@type":"BreadcrumbList","@id":"https:\/\/divertarte.com\/index.php\/produto\/alcatrao-vegetal-250-ml\/#breadcrumb","itemListElement":[{"@type":"ListItem","position":1,"name":"In\u00edcio","item":"https:\/\/divertarte.com\/"},{"@type":"ListItem","position":2,"name":"Loja","item":"https:\/\/divertarte.com\/index.php\/divertarte-produtos\/"},{"@type":"ListItem","position":3,"name":"ALCATR\u00c3O VEGETAL 250 GR"}]},{"@type":"WebSite","@id":"https:\/\/divertarte.com\/#website","url":"https:\/\/divertarte.com\/","name":"Divertarte","description":"","publisher":{"@id":"https:\/\/divertarte.com\/#organization"},"potentialAction":[{"@type":"SearchAction","target":{"@type":"EntryPoint","urlTemplate":"https:\/\/divertarte.com\/?s={search_term_string}"},"query-input":{"@type":"PropertyValueSpecification","valueRequired":true,"valueName":"search_term_string"}}],"inLanguage":"pt-PT"},{"@type":"Organization","@id":"https:\/\/divertarte.com\/#organization","name":"Divertarte","url":"https:\/\/divertarte.com\/","logo":{"@type":"ImageObject","inLanguage":"pt-PT","@id":"https:\/\/divertarte.com\/#\/schema\/logo\/image\/","url":"https:\/\/divertarte.com\/wp-content\/uploads\/2018\/07\/logo-div.jpg","contentUrl":"https:\/\/divertarte.com\/wp-content\/uploads\/2018\/07\/logo-div.jpg","width":295,"height":123,"caption":"Divertarte"},"image":{"@id":"https:\/\/divertarte.com\/#\/schema\/logo\/image\/"}}]}},"_links":{"self":[{"href":"https:\/\/divertarte.com\/index.php\/wp-json\/wp\/v2\/product\/3894","targetHints":{"allow":["GET"]}}],"collection":[{"href":"https:\/\/divertarte.com\/index.php\/wp-json\/wp\/v2\/product"}],"about":[{"href":"https:\/\/divertarte.com\/index.php\/wp-json\/wp\/v2\/types\/product"}],"replies":[{"embeddable":true,"href":"https:\/\/divertarte.com\/index.php\/wp-json\/wp\/v2\/comments?post=3894"}],"wp:featuredmedia":[{"embeddable":true,"href":"https:\/\/divertarte.com\/index.php\/wp-json\/wp\/v2\/media\/18301"}],"wp:attachment":[{"href":"https:\/\/divertarte.com\/index.php\/wp-json\/wp\/v2\/media?parent=3894"}],"wp:term":[{"taxonomy":"product_brand","embeddable":true,"href":"https:\/\/divertarte.com\/index.php\/wp-json\/wp\/v2\/product_brand?post=3894"},{"taxonomy":"product_cat","embeddable":true,"href":"https:\/\/divertarte.com\/index.php\/wp-json\/wp\/v2\/product_cat?post=3894"},{"taxonomy":"product_tag","embeddable":true,"href":"https:\/\/divertarte.com\/index.php\/wp-json\/wp\/v2\/product_tag?post=3894"}],"curies":[{"name":"wp","href":"https:\/\/api.w.org\/{rel}","templated":true}]}}