{"id":3878,"date":"2018-06-07T14:07:33","date_gmt":"2018-06-07T13:07:33","guid":{"rendered":"https:\/\/divertarte.com\/index.php\/produto\/kit-3-parafina-estearina-ceramicro\/"},"modified":"2025-11-06T13:55:01","modified_gmt":"2025-11-06T13:55:01","slug":"kit-3","status":"publish","type":"product","link":"https:\/\/divertarte.com\/index.php\/produto\/kit-3\/","title":{"rendered":"Cera mistura para vela acetinada opaca &#8211; 1kg &#8211; Kit3"},"content":{"rendered":"<p>Cera mistura para vela acetinada opaca &#8211; 1kg &#8211; Kit3<\/p>\n<p>Esta mistura confere \u00e0\u00a0 vela melhor poder de desmoldagem al\u00e9m de um aspecto leitosos e menos transpar\u00eancia, tornando a queima mais lenta.<\/p>\n<p>Especial para velas de maior dura\u00e7\u00e3o. Velas sete dias<br \/>\nMateriais para velas<\/p>\n<p>Torne a o seu trabalho mais facilitado com este KIT que j\u00e1 tem as doses certas para as suas velas<\/p>\n<p>Basta s\u00f3 derreter e juntar o corante e a essencia<\/p>\n<p>Materiais para velas<\/p>\n<p>&nbsp;<\/p>\n","protected":false},"excerpt":{"rendered":"<p>Cera mistura para vela acetinada opaca &#8211; 1kg &#8211; Kit3<\/p>\n<p>Esta mistura confere \u00e0\u00a0 vela melhor poder de desmoldagem al\u00e9m de um aspecto leitosos e menos transpar\u00eancia, tornando a queima mais lenta.<\/p>\n<p>Especial para velas de maior dura\u00e7\u00e3o. Velas sete dias<br \/>\nMateriais para velas<\/p>\n","protected":false},"featured_media":20891,"comment_status":"closed","ping_status":"closed","template":"","meta":{"_exactmetrics_skip_tracking":false,"_exactmetrics_sitenote_active":false,"_exactmetrics_sitenote_note":"","_exactmetrics_sitenote_category":0},"product_brand":[],"product_cat":[269,25,129],"product_tag":[1223,811,812,493],"class_list":{"0":"post-3878","1":"product","2":"type-product","3":"status-publish","4":"has-post-thumbnail","6":"product_cat-parafina-para-velas-e-ceras","7":"product_cat-ceras","8":"product_cat-materiais-para-velas","9":"product_tag-cera-mistura-para-vela-acetinada-opaca","10":"product_tag-fazer-velas-em-parafina","11":"product_tag-kit3","12":"product_tag-velas","14":"first","15":"instock","16":"taxable","17":"shipping-taxable","18":"purchasable","19":"product-type-simple"},"yoast_head":"<!-- This site is optimized with the Yoast SEO plugin v27.4 - https:\/\/yoast.com\/product\/yoast-seo-wordpress\/ -->\n<title>Cera mistura para vela acetinada opaca - 1kg - Kit3 -<\/title>\n<meta name=\"description\" content=\"Cera mistura para vela acetinada opaca-1kg - Kit3, confere \u00e0 vela um aspecto acetinado, tornando a queima mais lenta.Mistura especial para velas de maior dura\u00e7\u00e3o.Velas sete dias\" \/>\n<meta name=\"robots\" content=\"index, follow, max-snippet:-1, max-image-preview:large, max-video-preview:-1\" \/>\n<link rel=\"canonical\" href=\"https:\/\/divertarte.com\/index.php\/produto\/kit-3\/\" \/>\n<meta property=\"og:locale\" content=\"pt_PT\" \/>\n<meta property=\"og:type\" content=\"article\" \/>\n<meta property=\"og:title\" content=\"Cera mistura para vela acetinada opaca - 1kg - Kit3 -\" \/>\n<meta property=\"og:description\" content=\"Cera mistura para vela acetinada opaca-1kg - Kit3, confere \u00e0 vela um aspecto acetinado, tornando a queima mais lenta.Mistura especial para velas de maior dura\u00e7\u00e3o.Velas sete dias\" \/>\n<meta property=\"og:url\" content=\"https:\/\/divertarte.com\/index.php\/produto\/kit-3\/\" \/>\n<meta property=\"article:modified_time\" content=\"2025-11-06T13:55:01+00:00\" \/>\n<meta property=\"og:image\" content=\"https:\/\/divertarte.com\/wp-content\/uploads\/2018\/06\/Cera-mistura-para-vela-acetinada-opaca-\u2013-1kg-kit3-1.jpg\" \/>\n\t<meta property=\"og:image:width\" content=\"320\" \/>\n\t<meta property=\"og:image:height\" content=\"264\" \/>\n\t<meta property=\"og:image:type\" content=\"image\/jpeg\" \/>\n<meta name=\"twitter:card\" content=\"summary_large_image\" \/>\n<script type=\"application\/ld+json\" class=\"yoast-schema-graph\">{\"@context\":\"https:\\\/\\\/schema.org\",\"@graph\":[{\"@type\":\"WebPage\",\"@id\":\"https:\\\/\\\/divertarte.com\\\/index.php\\\/produto\\\/kit-3\\\/\",\"url\":\"https:\\\/\\\/divertarte.com\\\/index.php\\\/produto\\\/kit-3\\\/\",\"name\":\"Cera mistura para vela acetinada opaca - 1kg - Kit3 -\",\"isPartOf\":{\"@id\":\"https:\\\/\\\/divertarte.com\\\/#website\"},\"primaryImageOfPage\":{\"@id\":\"https:\\\/\\\/divertarte.com\\\/index.php\\\/produto\\\/kit-3\\\/#primaryimage\"},\"image\":{\"@id\":\"https:\\\/\\\/divertarte.com\\\/index.php\\\/produto\\\/kit-3\\\/#primaryimage\"},\"thumbnailUrl\":\"https:\\\/\\\/divertarte.com\\\/wp-content\\\/uploads\\\/2018\\\/06\\\/Cera-mistura-para-vela-acetinada-opaca-\u2013-1kg-kit3-1.jpg\",\"datePublished\":\"2018-06-07T13:07:33+00:00\",\"dateModified\":\"2025-11-06T13:55:01+00:00\",\"description\":\"Cera mistura para vela acetinada opaca-1kg - Kit3, confere \u00e0 vela um aspecto acetinado, tornando a queima mais lenta.Mistura especial para velas de maior dura\u00e7\u00e3o.Velas sete dias\",\"breadcrumb\":{\"@id\":\"https:\\\/\\\/divertarte.com\\\/index.php\\\/produto\\\/kit-3\\\/#breadcrumb\"},\"inLanguage\":\"pt-PT\",\"potentialAction\":[{\"@type\":\"ReadAction\",\"target\":[\"https:\\\/\\\/divertarte.com\\\/index.php\\\/produto\\\/kit-3\\\/\"]}]},{\"@type\":\"ImageObject\",\"inLanguage\":\"pt-PT\",\"@id\":\"https:\\\/\\\/divertarte.com\\\/index.php\\\/produto\\\/kit-3\\\/#primaryimage\",\"url\":\"https:\\\/\\\/divertarte.com\\\/wp-content\\\/uploads\\\/2018\\\/06\\\/Cera-mistura-para-vela-acetinada-opaca-\u2013-1kg-kit3-1.jpg\",\"contentUrl\":\"https:\\\/\\\/divertarte.com\\\/wp-content\\\/uploads\\\/2018\\\/06\\\/Cera-mistura-para-vela-acetinada-opaca-\u2013-1kg-kit3-1.jpg\",\"width\":320,\"height\":264},{\"@type\":\"BreadcrumbList\",\"@id\":\"https:\\\/\\\/divertarte.com\\\/index.php\\\/produto\\\/kit-3\\\/#breadcrumb\",\"itemListElement\":[{\"@type\":\"ListItem\",\"position\":1,\"name\":\"In\u00edcio\",\"item\":\"https:\\\/\\\/divertarte.com\\\/\"},{\"@type\":\"ListItem\",\"position\":2,\"name\":\"Loja\",\"item\":\"https:\\\/\\\/divertarte.com\\\/index.php\\\/divertarte-produtos\\\/\"},{\"@type\":\"ListItem\",\"position\":3,\"name\":\"Cera mistura para vela acetinada opaca &#8211; 1kg &#8211; Kit3\"}]},{\"@type\":\"WebSite\",\"@id\":\"https:\\\/\\\/divertarte.com\\\/#website\",\"url\":\"https:\\\/\\\/divertarte.com\\\/\",\"name\":\"Divertarte\",\"description\":\"\",\"publisher\":{\"@id\":\"https:\\\/\\\/divertarte.com\\\/#organization\"},\"potentialAction\":[{\"@type\":\"SearchAction\",\"target\":{\"@type\":\"EntryPoint\",\"urlTemplate\":\"https:\\\/\\\/divertarte.com\\\/?s={search_term_string}\"},\"query-input\":{\"@type\":\"PropertyValueSpecification\",\"valueRequired\":true,\"valueName\":\"search_term_string\"}}],\"inLanguage\":\"pt-PT\"},{\"@type\":\"Organization\",\"@id\":\"https:\\\/\\\/divertarte.com\\\/#organization\",\"name\":\"Divertarte\",\"url\":\"https:\\\/\\\/divertarte.com\\\/\",\"logo\":{\"@type\":\"ImageObject\",\"inLanguage\":\"pt-PT\",\"@id\":\"https:\\\/\\\/divertarte.com\\\/#\\\/schema\\\/logo\\\/image\\\/\",\"url\":\"https:\\\/\\\/divertarte.com\\\/wp-content\\\/uploads\\\/2018\\\/07\\\/logo-div.jpg\",\"contentUrl\":\"https:\\\/\\\/divertarte.com\\\/wp-content\\\/uploads\\\/2018\\\/07\\\/logo-div.jpg\",\"width\":295,\"height\":123,\"caption\":\"Divertarte\"},\"image\":{\"@id\":\"https:\\\/\\\/divertarte.com\\\/#\\\/schema\\\/logo\\\/image\\\/\"}}]}<\/script>\n<!-- \/ Yoast SEO plugin. -->","yoast_head_json":{"title":"Cera mistura para vela acetinada opaca - 1kg - Kit3 -","description":"Cera mistura para vela acetinada opaca-1kg - Kit3, confere \u00e0 vela um aspecto acetinado, tornando a queima mais lenta.Mistura especial para velas de maior dura\u00e7\u00e3o.Velas sete dias","robots":{"index":"index","follow":"follow","max-snippet":"max-snippet:-1","max-image-preview":"max-image-preview:large","max-video-preview":"max-video-preview:-1"},"canonical":"https:\/\/divertarte.com\/index.php\/produto\/kit-3\/","og_locale":"pt_PT","og_type":"article","og_title":"Cera mistura para vela acetinada opaca - 1kg - Kit3 -","og_description":"Cera mistura para vela acetinada opaca-1kg - Kit3, confere \u00e0 vela um aspecto acetinado, tornando a queima mais lenta.Mistura especial para velas de maior dura\u00e7\u00e3o.Velas sete dias","og_url":"https:\/\/divertarte.com\/index.php\/produto\/kit-3\/","article_modified_time":"2025-11-06T13:55:01+00:00","og_image":[{"width":320,"height":264,"url":"https:\/\/divertarte.com\/wp-content\/uploads\/2018\/06\/Cera-mistura-para-vela-acetinada-opaca-\u2013-1kg-kit3-1.jpg","type":"image\/jpeg"}],"twitter_card":"summary_large_image","schema":{"@context":"https:\/\/schema.org","@graph":[{"@type":"WebPage","@id":"https:\/\/divertarte.com\/index.php\/produto\/kit-3\/","url":"https:\/\/divertarte.com\/index.php\/produto\/kit-3\/","name":"Cera mistura para vela acetinada opaca - 1kg - Kit3 -","isPartOf":{"@id":"https:\/\/divertarte.com\/#website"},"primaryImageOfPage":{"@id":"https:\/\/divertarte.com\/index.php\/produto\/kit-3\/#primaryimage"},"image":{"@id":"https:\/\/divertarte.com\/index.php\/produto\/kit-3\/#primaryimage"},"thumbnailUrl":"https:\/\/divertarte.com\/wp-content\/uploads\/2018\/06\/Cera-mistura-para-vela-acetinada-opaca-\u2013-1kg-kit3-1.jpg","datePublished":"2018-06-07T13:07:33+00:00","dateModified":"2025-11-06T13:55:01+00:00","description":"Cera mistura para vela acetinada opaca-1kg - Kit3, confere \u00e0 vela um aspecto acetinado, tornando a queima mais lenta.Mistura especial para velas de maior dura\u00e7\u00e3o.Velas sete dias","breadcrumb":{"@id":"https:\/\/divertarte.com\/index.php\/produto\/kit-3\/#breadcrumb"},"inLanguage":"pt-PT","potentialAction":[{"@type":"ReadAction","target":["https:\/\/divertarte.com\/index.php\/produto\/kit-3\/"]}]},{"@type":"ImageObject","inLanguage":"pt-PT","@id":"https:\/\/divertarte.com\/index.php\/produto\/kit-3\/#primaryimage","url":"https:\/\/divertarte.com\/wp-content\/uploads\/2018\/06\/Cera-mistura-para-vela-acetinada-opaca-\u2013-1kg-kit3-1.jpg","contentUrl":"https:\/\/divertarte.com\/wp-content\/uploads\/2018\/06\/Cera-mistura-para-vela-acetinada-opaca-\u2013-1kg-kit3-1.jpg","width":320,"height":264},{"@type":"BreadcrumbList","@id":"https:\/\/divertarte.com\/index.php\/produto\/kit-3\/#breadcrumb","itemListElement":[{"@type":"ListItem","position":1,"name":"In\u00edcio","item":"https:\/\/divertarte.com\/"},{"@type":"ListItem","position":2,"name":"Loja","item":"https:\/\/divertarte.com\/index.php\/divertarte-produtos\/"},{"@type":"ListItem","position":3,"name":"Cera mistura para vela acetinada opaca &#8211; 1kg &#8211; Kit3"}]},{"@type":"WebSite","@id":"https:\/\/divertarte.com\/#website","url":"https:\/\/divertarte.com\/","name":"Divertarte","description":"","publisher":{"@id":"https:\/\/divertarte.com\/#organization"},"potentialAction":[{"@type":"SearchAction","target":{"@type":"EntryPoint","urlTemplate":"https:\/\/divertarte.com\/?s={search_term_string}"},"query-input":{"@type":"PropertyValueSpecification","valueRequired":true,"valueName":"search_term_string"}}],"inLanguage":"pt-PT"},{"@type":"Organization","@id":"https:\/\/divertarte.com\/#organization","name":"Divertarte","url":"https:\/\/divertarte.com\/","logo":{"@type":"ImageObject","inLanguage":"pt-PT","@id":"https:\/\/divertarte.com\/#\/schema\/logo\/image\/","url":"https:\/\/divertarte.com\/wp-content\/uploads\/2018\/07\/logo-div.jpg","contentUrl":"https:\/\/divertarte.com\/wp-content\/uploads\/2018\/07\/logo-div.jpg","width":295,"height":123,"caption":"Divertarte"},"image":{"@id":"https:\/\/divertarte.com\/#\/schema\/logo\/image\/"}}]}},"_links":{"self":[{"href":"https:\/\/divertarte.com\/index.php\/wp-json\/wp\/v2\/product\/3878","targetHints":{"allow":["GET"]}}],"collection":[{"href":"https:\/\/divertarte.com\/index.php\/wp-json\/wp\/v2\/product"}],"about":[{"href":"https:\/\/divertarte.com\/index.php\/wp-json\/wp\/v2\/types\/product"}],"replies":[{"embeddable":true,"href":"https:\/\/divertarte.com\/index.php\/wp-json\/wp\/v2\/comments?post=3878"}],"wp:featuredmedia":[{"embeddable":true,"href":"https:\/\/divertarte.com\/index.php\/wp-json\/wp\/v2\/media\/20891"}],"wp:attachment":[{"href":"https:\/\/divertarte.com\/index.php\/wp-json\/wp\/v2\/media?parent=3878"}],"wp:term":[{"taxonomy":"product_brand","embeddable":true,"href":"https:\/\/divertarte.com\/index.php\/wp-json\/wp\/v2\/product_brand?post=3878"},{"taxonomy":"product_cat","embeddable":true,"href":"https:\/\/divertarte.com\/index.php\/wp-json\/wp\/v2\/product_cat?post=3878"},{"taxonomy":"product_tag","embeddable":true,"href":"https:\/\/divertarte.com\/index.php\/wp-json\/wp\/v2\/product_tag?post=3878"}],"curies":[{"name":"wp","href":"https:\/\/api.w.org\/{rel}","templated":true}]}}