{"id":3874,"date":"2018-05-08T17:04:03","date_gmt":"2018-05-08T16:04:03","guid":{"rendered":"https:\/\/divertarte.com\/index.php\/produto\/frasco-125ml-c23-tmx\/"},"modified":"2025-11-06T14:15:14","modified_gmt":"2025-11-06T14:15:14","slug":"frasco-125ml-c23-tmx","status":"publish","type":"product","link":"https:\/\/divertarte.com\/index.php\/produto\/frasco-125ml-c23-tmx\/","title":{"rendered":"FRASCO 138ML C23 TMX"},"content":{"rendered":"<p>FRASCO 138 ML TMD TAMPA XADREZ.<\/p>\n<p>FRASCOS PARA COMPOTAS, DOCES, MEL, PICKLES. PARA AL\u00c9M DISSO OFERTAS E BRINDES DE CASAMENTO E BAPTIZADO.<\/p>\n<p>FRASCO MULTIUSOS TRANSPARENTE BOCA LARGA, Ref C23, Capacidade: 138 ml Frasco: Di\u00e2metro 7cm x 5,5 cm, Tampa met\u00e1lica dourada &#8211; Peso do frasco 125 gr<\/p>\n<p><strong>Esteriliza\u00e7\u00e3o caseira de frascos de doce<\/strong>.<\/p>\n<p>Antes de come\u00e7ar o doce,<br \/>\nLave bem os frascos com \u00e1gua corrente e detergente.<br \/>\nColoque os frasco dentro de um tacho ou panela e encha tudo de \u00e1gua at\u00e9 que atinja cerca de 2\/3 do bordo do frasco. Junte as tampas a fim de ferver junto.<br \/>\nAntes de mais nada ponha o tacho ao lume e deixe ferver em lume brando cerca de 30 minutos. Ao fim desse tempo desligue o lume e mantenha os frascos mornos.<br \/>\nEntretanto verta o doce quente nos frascos mornos e encha-os at\u00e9 acima e t\u00e1pe-os. Vire-os com a tampa para baixo de imediato de modo a criarem vacuo, at\u00e9 arrefecerem completamente.<br \/>\nPortanto, se preferir coloque os frascos j\u00e1 fechados dentro de um tacho, cubra com \u00e1gua e deixa ferver cerca de 10 minutos. Desligue o lume e deixe os frascos dentro da \u00e1gua at\u00e9 ficarem completamente frios.<br \/>\nGuarde-os num lugar escuro e seco<\/p>\n","protected":false},"excerpt":{"rendered":"<p>FRASCO 138 ML TMD TAMPA XADREZ.<\/p>\n<p>FRASCOS PARA COMPOTAS, DOCES, MEL, PICKLES. PARA AL\u00c9M DISSO OFERTAS E BRINDES DE CASAMENTO E BAPTIZADO.<\/p>\n<p>FRASCO MULTIUSOS TRANSPARENTE BOCA LARGA, Ref C23, Capacidade: 138 ml Frasco: Di\u00e2metro 7cm x 5,5 cm, Tampa met\u00e1lica dourada &#8211; Peso do frasco 125 gr<\/p>\n","protected":false},"featured_media":7470,"comment_status":"open","ping_status":"closed","template":"","meta":{"_exactmetrics_skip_tracking":false,"_exactmetrics_sitenote_active":false,"_exactmetrics_sitenote_note":"","_exactmetrics_sitenote_category":0},"product_brand":[],"product_cat":[27,113],"product_tag":[],"class_list":{"0":"post-3874","1":"product","2":"type-product","3":"status-publish","4":"has-post-thumbnail","6":"product_cat-frascos-de-vidro","7":"product_cat-frascos-para-doce-e-compota","9":"first","10":"instock","11":"taxable","12":"shipping-taxable","13":"purchasable","14":"product-type-simple"},"yoast_head":"<!-- This site is optimized with the Yoast SEO plugin v27.4 - https:\/\/yoast.com\/product\/yoast-seo-wordpress\/ -->\n<title>FRASCO 138ML C23 TMX -<\/title>\n<meta name=\"description\" content=\"FRASCO 138 ML TMD TAMPA XADREZ. FRASCOS PARA COMPOTAS, DOCES, MEL, PICKLES. PARA AL\u00c9M DISSO OFERTAS E BRINDES DE CASAMENTO E BAPTIZADO.\" \/>\n<meta name=\"robots\" content=\"index, follow, max-snippet:-1, max-image-preview:large, max-video-preview:-1\" \/>\n<link rel=\"canonical\" href=\"https:\/\/divertarte.com\/index.php\/produto\/frasco-125ml-c23-tmx\/\" \/>\n<meta property=\"og:locale\" content=\"pt_PT\" \/>\n<meta property=\"og:type\" content=\"article\" \/>\n<meta property=\"og:title\" content=\"FRASCO 138ML C23 TMX -\" \/>\n<meta property=\"og:description\" content=\"FRASCO 138 ML TMD TAMPA XADREZ. FRASCOS PARA COMPOTAS, DOCES, MEL, PICKLES. PARA AL\u00c9M DISSO OFERTAS E BRINDES DE CASAMENTO E BAPTIZADO.\" \/>\n<meta property=\"og:url\" content=\"https:\/\/divertarte.com\/index.php\/produto\/frasco-125ml-c23-tmx\/\" \/>\n<meta property=\"article:modified_time\" content=\"2025-11-06T14:15:14+00:00\" \/>\n<meta property=\"og:image\" content=\"https:\/\/divertarte.com\/wp-content\/uploads\/2018\/05\/frasco_c23_xadez.jpg\" \/>\n\t<meta property=\"og:image:width\" content=\"558\" \/>\n\t<meta property=\"og:image:height\" content=\"556\" \/>\n\t<meta property=\"og:image:type\" content=\"image\/jpeg\" \/>\n<meta name=\"twitter:card\" content=\"summary_large_image\" \/>\n<meta name=\"twitter:label1\" content=\"Tempo estimado de leitura\" \/>\n\t<meta name=\"twitter:data1\" content=\"1 minuto\" \/>\n<script type=\"application\/ld+json\" class=\"yoast-schema-graph\">{\"@context\":\"https:\\\/\\\/schema.org\",\"@graph\":[{\"@type\":\"WebPage\",\"@id\":\"https:\\\/\\\/divertarte.com\\\/index.php\\\/produto\\\/frasco-125ml-c23-tmx\\\/\",\"url\":\"https:\\\/\\\/divertarte.com\\\/index.php\\\/produto\\\/frasco-125ml-c23-tmx\\\/\",\"name\":\"FRASCO 138ML C23 TMX -\",\"isPartOf\":{\"@id\":\"https:\\\/\\\/divertarte.com\\\/#website\"},\"primaryImageOfPage\":{\"@id\":\"https:\\\/\\\/divertarte.com\\\/index.php\\\/produto\\\/frasco-125ml-c23-tmx\\\/#primaryimage\"},\"image\":{\"@id\":\"https:\\\/\\\/divertarte.com\\\/index.php\\\/produto\\\/frasco-125ml-c23-tmx\\\/#primaryimage\"},\"thumbnailUrl\":\"https:\\\/\\\/divertarte.com\\\/wp-content\\\/uploads\\\/2018\\\/05\\\/frasco_c23_xadez.jpg\",\"datePublished\":\"2018-05-08T16:04:03+00:00\",\"dateModified\":\"2025-11-06T14:15:14+00:00\",\"description\":\"FRASCO 138 ML TMD TAMPA XADREZ. FRASCOS PARA COMPOTAS, DOCES, MEL, PICKLES. PARA AL\u00c9M DISSO OFERTAS E BRINDES DE CASAMENTO E BAPTIZADO.\",\"breadcrumb\":{\"@id\":\"https:\\\/\\\/divertarte.com\\\/index.php\\\/produto\\\/frasco-125ml-c23-tmx\\\/#breadcrumb\"},\"inLanguage\":\"pt-PT\",\"potentialAction\":[{\"@type\":\"ReadAction\",\"target\":[\"https:\\\/\\\/divertarte.com\\\/index.php\\\/produto\\\/frasco-125ml-c23-tmx\\\/\"]}]},{\"@type\":\"ImageObject\",\"inLanguage\":\"pt-PT\",\"@id\":\"https:\\\/\\\/divertarte.com\\\/index.php\\\/produto\\\/frasco-125ml-c23-tmx\\\/#primaryimage\",\"url\":\"https:\\\/\\\/divertarte.com\\\/wp-content\\\/uploads\\\/2018\\\/05\\\/frasco_c23_xadez.jpg\",\"contentUrl\":\"https:\\\/\\\/divertarte.com\\\/wp-content\\\/uploads\\\/2018\\\/05\\\/frasco_c23_xadez.jpg\",\"width\":558,\"height\":556},{\"@type\":\"BreadcrumbList\",\"@id\":\"https:\\\/\\\/divertarte.com\\\/index.php\\\/produto\\\/frasco-125ml-c23-tmx\\\/#breadcrumb\",\"itemListElement\":[{\"@type\":\"ListItem\",\"position\":1,\"name\":\"In\u00edcio\",\"item\":\"https:\\\/\\\/divertarte.com\\\/\"},{\"@type\":\"ListItem\",\"position\":2,\"name\":\"Loja\",\"item\":\"https:\\\/\\\/divertarte.com\\\/index.php\\\/divertarte-produtos\\\/\"},{\"@type\":\"ListItem\",\"position\":3,\"name\":\"FRASCO 138ML C23 TMX\"}]},{\"@type\":\"WebSite\",\"@id\":\"https:\\\/\\\/divertarte.com\\\/#website\",\"url\":\"https:\\\/\\\/divertarte.com\\\/\",\"name\":\"Divertarte\",\"description\":\"\",\"publisher\":{\"@id\":\"https:\\\/\\\/divertarte.com\\\/#organization\"},\"potentialAction\":[{\"@type\":\"SearchAction\",\"target\":{\"@type\":\"EntryPoint\",\"urlTemplate\":\"https:\\\/\\\/divertarte.com\\\/?s={search_term_string}\"},\"query-input\":{\"@type\":\"PropertyValueSpecification\",\"valueRequired\":true,\"valueName\":\"search_term_string\"}}],\"inLanguage\":\"pt-PT\"},{\"@type\":\"Organization\",\"@id\":\"https:\\\/\\\/divertarte.com\\\/#organization\",\"name\":\"Divertarte\",\"url\":\"https:\\\/\\\/divertarte.com\\\/\",\"logo\":{\"@type\":\"ImageObject\",\"inLanguage\":\"pt-PT\",\"@id\":\"https:\\\/\\\/divertarte.com\\\/#\\\/schema\\\/logo\\\/image\\\/\",\"url\":\"https:\\\/\\\/divertarte.com\\\/wp-content\\\/uploads\\\/2018\\\/07\\\/logo-div.jpg\",\"contentUrl\":\"https:\\\/\\\/divertarte.com\\\/wp-content\\\/uploads\\\/2018\\\/07\\\/logo-div.jpg\",\"width\":295,\"height\":123,\"caption\":\"Divertarte\"},\"image\":{\"@id\":\"https:\\\/\\\/divertarte.com\\\/#\\\/schema\\\/logo\\\/image\\\/\"}}]}<\/script>\n<!-- \/ Yoast SEO plugin. -->","yoast_head_json":{"title":"FRASCO 138ML C23 TMX -","description":"FRASCO 138 ML TMD TAMPA XADREZ. FRASCOS PARA COMPOTAS, DOCES, MEL, PICKLES. PARA AL\u00c9M DISSO OFERTAS E BRINDES DE CASAMENTO E BAPTIZADO.","robots":{"index":"index","follow":"follow","max-snippet":"max-snippet:-1","max-image-preview":"max-image-preview:large","max-video-preview":"max-video-preview:-1"},"canonical":"https:\/\/divertarte.com\/index.php\/produto\/frasco-125ml-c23-tmx\/","og_locale":"pt_PT","og_type":"article","og_title":"FRASCO 138ML C23 TMX -","og_description":"FRASCO 138 ML TMD TAMPA XADREZ. FRASCOS PARA COMPOTAS, DOCES, MEL, PICKLES. PARA AL\u00c9M DISSO OFERTAS E BRINDES DE CASAMENTO E BAPTIZADO.","og_url":"https:\/\/divertarte.com\/index.php\/produto\/frasco-125ml-c23-tmx\/","article_modified_time":"2025-11-06T14:15:14+00:00","og_image":[{"width":558,"height":556,"url":"https:\/\/divertarte.com\/wp-content\/uploads\/2018\/05\/frasco_c23_xadez.jpg","type":"image\/jpeg"}],"twitter_card":"summary_large_image","twitter_misc":{"Tempo estimado de leitura":"1 minuto"},"schema":{"@context":"https:\/\/schema.org","@graph":[{"@type":"WebPage","@id":"https:\/\/divertarte.com\/index.php\/produto\/frasco-125ml-c23-tmx\/","url":"https:\/\/divertarte.com\/index.php\/produto\/frasco-125ml-c23-tmx\/","name":"FRASCO 138ML C23 TMX -","isPartOf":{"@id":"https:\/\/divertarte.com\/#website"},"primaryImageOfPage":{"@id":"https:\/\/divertarte.com\/index.php\/produto\/frasco-125ml-c23-tmx\/#primaryimage"},"image":{"@id":"https:\/\/divertarte.com\/index.php\/produto\/frasco-125ml-c23-tmx\/#primaryimage"},"thumbnailUrl":"https:\/\/divertarte.com\/wp-content\/uploads\/2018\/05\/frasco_c23_xadez.jpg","datePublished":"2018-05-08T16:04:03+00:00","dateModified":"2025-11-06T14:15:14+00:00","description":"FRASCO 138 ML TMD TAMPA XADREZ. FRASCOS PARA COMPOTAS, DOCES, MEL, PICKLES. PARA AL\u00c9M DISSO OFERTAS E BRINDES DE CASAMENTO E BAPTIZADO.","breadcrumb":{"@id":"https:\/\/divertarte.com\/index.php\/produto\/frasco-125ml-c23-tmx\/#breadcrumb"},"inLanguage":"pt-PT","potentialAction":[{"@type":"ReadAction","target":["https:\/\/divertarte.com\/index.php\/produto\/frasco-125ml-c23-tmx\/"]}]},{"@type":"ImageObject","inLanguage":"pt-PT","@id":"https:\/\/divertarte.com\/index.php\/produto\/frasco-125ml-c23-tmx\/#primaryimage","url":"https:\/\/divertarte.com\/wp-content\/uploads\/2018\/05\/frasco_c23_xadez.jpg","contentUrl":"https:\/\/divertarte.com\/wp-content\/uploads\/2018\/05\/frasco_c23_xadez.jpg","width":558,"height":556},{"@type":"BreadcrumbList","@id":"https:\/\/divertarte.com\/index.php\/produto\/frasco-125ml-c23-tmx\/#breadcrumb","itemListElement":[{"@type":"ListItem","position":1,"name":"In\u00edcio","item":"https:\/\/divertarte.com\/"},{"@type":"ListItem","position":2,"name":"Loja","item":"https:\/\/divertarte.com\/index.php\/divertarte-produtos\/"},{"@type":"ListItem","position":3,"name":"FRASCO 138ML C23 TMX"}]},{"@type":"WebSite","@id":"https:\/\/divertarte.com\/#website","url":"https:\/\/divertarte.com\/","name":"Divertarte","description":"","publisher":{"@id":"https:\/\/divertarte.com\/#organization"},"potentialAction":[{"@type":"SearchAction","target":{"@type":"EntryPoint","urlTemplate":"https:\/\/divertarte.com\/?s={search_term_string}"},"query-input":{"@type":"PropertyValueSpecification","valueRequired":true,"valueName":"search_term_string"}}],"inLanguage":"pt-PT"},{"@type":"Organization","@id":"https:\/\/divertarte.com\/#organization","name":"Divertarte","url":"https:\/\/divertarte.com\/","logo":{"@type":"ImageObject","inLanguage":"pt-PT","@id":"https:\/\/divertarte.com\/#\/schema\/logo\/image\/","url":"https:\/\/divertarte.com\/wp-content\/uploads\/2018\/07\/logo-div.jpg","contentUrl":"https:\/\/divertarte.com\/wp-content\/uploads\/2018\/07\/logo-div.jpg","width":295,"height":123,"caption":"Divertarte"},"image":{"@id":"https:\/\/divertarte.com\/#\/schema\/logo\/image\/"}}]}},"_links":{"self":[{"href":"https:\/\/divertarte.com\/index.php\/wp-json\/wp\/v2\/product\/3874","targetHints":{"allow":["GET"]}}],"collection":[{"href":"https:\/\/divertarte.com\/index.php\/wp-json\/wp\/v2\/product"}],"about":[{"href":"https:\/\/divertarte.com\/index.php\/wp-json\/wp\/v2\/types\/product"}],"replies":[{"embeddable":true,"href":"https:\/\/divertarte.com\/index.php\/wp-json\/wp\/v2\/comments?post=3874"}],"wp:featuredmedia":[{"embeddable":true,"href":"https:\/\/divertarte.com\/index.php\/wp-json\/wp\/v2\/media\/7470"}],"wp:attachment":[{"href":"https:\/\/divertarte.com\/index.php\/wp-json\/wp\/v2\/media?parent=3874"}],"wp:term":[{"taxonomy":"product_brand","embeddable":true,"href":"https:\/\/divertarte.com\/index.php\/wp-json\/wp\/v2\/product_brand?post=3874"},{"taxonomy":"product_cat","embeddable":true,"href":"https:\/\/divertarte.com\/index.php\/wp-json\/wp\/v2\/product_cat?post=3874"},{"taxonomy":"product_tag","embeddable":true,"href":"https:\/\/divertarte.com\/index.php\/wp-json\/wp\/v2\/product_tag?post=3874"}],"curies":[{"name":"wp","href":"https:\/\/api.w.org\/{rel}","templated":true}]}}