{"id":3816,"date":"2018-06-07T14:08:26","date_gmt":"2018-06-07T13:08:26","guid":{"rendered":"https:\/\/divertarte.com\/index.php\/produto\/sabonete-tira-cheiros-eco\/"},"modified":"2025-11-06T13:54:17","modified_gmt":"2025-11-06T13:54:17","slug":"sabonete-tira-cheiros-eco","status":"publish","type":"product","link":"https:\/\/divertarte.com\/index.php\/produto\/sabonete-tira-cheiros-eco\/","title":{"rendered":"SABONETE TIRA CHEIROS ECO"},"content":{"rendered":"<p>Sab\u00e3o em a\u00e7o inoxid\u00e1vel, com este sab\u00e3o e um pouco de \u00e1gua \u00e9 poss\u00edvel eliminar os cheiros desagrad\u00e1veis que ficam nas m\u00e3os quando manipular elementos como cebola, alho, ou limpeza de peixe, carne, gasolina e que s\u00e3o dif\u00edceis de remover.<\/p>\n<p>Basta us\u00e1-lo como um sabonete normal. Deixe correr a \u00e1gua sobre ele enquanto o passa nas suas m\u00e3os. \u00c9 realmente eficaz, e surpreendente. O grande mist\u00e9rio deste produto \u00e9 n\u00e3o h\u00e1 nada melhor do que as propriedades do a\u00e7o inoxid\u00e1vel para remover o enxofre ingredientes emissores, como alho, cebola ou peixe.<\/p>\n","protected":false},"excerpt":{"rendered":"<p>Sab\u00e3o em a\u00e7o inoxid\u00e1vel, com este sab\u00e3o e um pouco de \u00e1gua \u00e9 poss\u00edvel eliminar os cheiros desagrad\u00e1veis que ficam nas m\u00e3os quando manipular elementos como cebola, alho, ou limpeza de peixe, carne, gasolina e que s\u00e3o dif\u00edceis de remover.<\/p>\n<p>Basta us\u00e1-lo como um sabonete normal. Deixe correr a \u00e1gua sobre ele enquanto o passa nas suas m\u00e3os. \u00c9 realmente eficaz, e surpreendente. O grande mist\u00e9rio deste produto \u00e9 n\u00e3o h\u00e1 nada melhor do que as propriedades do a\u00e7o inoxid\u00e1vel para remover o enxofre ingredientes emissores, como alho, cebola ou peixe.<\/p>\n","protected":false},"featured_media":7416,"comment_status":"closed","ping_status":"open","template":"","meta":{"_exactmetrics_skip_tracking":false,"_exactmetrics_sitenote_active":false,"_exactmetrics_sitenote_note":"","_exactmetrics_sitenote_category":0},"product_brand":[],"product_cat":[15],"product_tag":[],"class_list":{"0":"post-3816","1":"product","2":"type-product","3":"status-publish","4":"has-post-thumbnail","6":"product_cat-ver-todos-os-produtos","8":"first","9":"instock","10":"taxable","11":"shipping-taxable","12":"purchasable","13":"product-type-simple"},"yoast_head":"<!-- This site is optimized with the Yoast SEO plugin v27.4 - https:\/\/yoast.com\/product\/yoast-seo-wordpress\/ -->\n<title>SABONETE TIRA CHEIROS ECO -<\/title>\n<meta name=\"robots\" content=\"index, follow, max-snippet:-1, max-image-preview:large, max-video-preview:-1\" \/>\n<link rel=\"canonical\" href=\"https:\/\/divertarte.com\/index.php\/produto\/sabonete-tira-cheiros-eco\/\" \/>\n<meta property=\"og:locale\" content=\"pt_PT\" \/>\n<meta property=\"og:type\" content=\"article\" \/>\n<meta property=\"og:title\" content=\"SABONETE TIRA CHEIROS ECO -\" \/>\n<meta property=\"og:description\" content=\"Sab\u00e3o em a\u00e7o inoxid\u00e1vel, com este sab\u00e3o e um pouco de \u00e1gua \u00e9 poss\u00edvel eliminar os cheiros desagrad\u00e1veis que ficam nas m\u00e3os quando manipular elementos como cebola, alho, ou limpeza de peixe, carne, gasolina e que s\u00e3o dif\u00edceis de remover. Basta us\u00e1-lo como um sabonete normal. Deixe correr a \u00e1gua sobre ele enquanto o passa nas suas m\u00e3os. \u00c9 realmente eficaz, e surpreendente. O grande mist\u00e9rio deste produto \u00e9 n\u00e3o h\u00e1 nada melhor do que as propriedades do a\u00e7o inoxid\u00e1vel para remover o enxofre ingredientes emissores, como alho, cebola ou peixe.\" \/>\n<meta property=\"og:url\" content=\"https:\/\/divertarte.com\/index.php\/produto\/sabonete-tira-cheiros-eco\/\" \/>\n<meta property=\"article:modified_time\" content=\"2025-11-06T13:54:17+00:00\" \/>\n<meta property=\"og:image\" content=\"https:\/\/divertarte.com\/wp-content\/uploads\/2018\/05\/Sab_mag.jpg\" \/>\n\t<meta property=\"og:image:width\" content=\"558\" \/>\n\t<meta property=\"og:image:height\" content=\"549\" \/>\n\t<meta property=\"og:image:type\" content=\"image\/jpeg\" \/>\n<meta name=\"twitter:card\" content=\"summary_large_image\" \/>\n<meta name=\"twitter:label1\" content=\"Tempo estimado de leitura\" \/>\n\t<meta name=\"twitter:data1\" content=\"1 minuto\" \/>\n<script type=\"application\/ld+json\" class=\"yoast-schema-graph\">{\"@context\":\"https:\\\/\\\/schema.org\",\"@graph\":[{\"@type\":\"WebPage\",\"@id\":\"https:\\\/\\\/divertarte.com\\\/index.php\\\/produto\\\/sabonete-tira-cheiros-eco\\\/\",\"url\":\"https:\\\/\\\/divertarte.com\\\/index.php\\\/produto\\\/sabonete-tira-cheiros-eco\\\/\",\"name\":\"SABONETE TIRA CHEIROS ECO -\",\"isPartOf\":{\"@id\":\"https:\\\/\\\/divertarte.com\\\/#website\"},\"primaryImageOfPage\":{\"@id\":\"https:\\\/\\\/divertarte.com\\\/index.php\\\/produto\\\/sabonete-tira-cheiros-eco\\\/#primaryimage\"},\"image\":{\"@id\":\"https:\\\/\\\/divertarte.com\\\/index.php\\\/produto\\\/sabonete-tira-cheiros-eco\\\/#primaryimage\"},\"thumbnailUrl\":\"https:\\\/\\\/divertarte.com\\\/wp-content\\\/uploads\\\/2018\\\/05\\\/Sab_mag.jpg\",\"datePublished\":\"2018-06-07T13:08:26+00:00\",\"dateModified\":\"2025-11-06T13:54:17+00:00\",\"breadcrumb\":{\"@id\":\"https:\\\/\\\/divertarte.com\\\/index.php\\\/produto\\\/sabonete-tira-cheiros-eco\\\/#breadcrumb\"},\"inLanguage\":\"pt-PT\",\"potentialAction\":[{\"@type\":\"ReadAction\",\"target\":[\"https:\\\/\\\/divertarte.com\\\/index.php\\\/produto\\\/sabonete-tira-cheiros-eco\\\/\"]}]},{\"@type\":\"ImageObject\",\"inLanguage\":\"pt-PT\",\"@id\":\"https:\\\/\\\/divertarte.com\\\/index.php\\\/produto\\\/sabonete-tira-cheiros-eco\\\/#primaryimage\",\"url\":\"https:\\\/\\\/divertarte.com\\\/wp-content\\\/uploads\\\/2018\\\/05\\\/Sab_mag.jpg\",\"contentUrl\":\"https:\\\/\\\/divertarte.com\\\/wp-content\\\/uploads\\\/2018\\\/05\\\/Sab_mag.jpg\",\"width\":558,\"height\":549},{\"@type\":\"BreadcrumbList\",\"@id\":\"https:\\\/\\\/divertarte.com\\\/index.php\\\/produto\\\/sabonete-tira-cheiros-eco\\\/#breadcrumb\",\"itemListElement\":[{\"@type\":\"ListItem\",\"position\":1,\"name\":\"In\u00edcio\",\"item\":\"https:\\\/\\\/divertarte.com\\\/\"},{\"@type\":\"ListItem\",\"position\":2,\"name\":\"Loja\",\"item\":\"https:\\\/\\\/divertarte.com\\\/index.php\\\/divertarte-produtos\\\/\"},{\"@type\":\"ListItem\",\"position\":3,\"name\":\"SABONETE TIRA CHEIROS ECO\"}]},{\"@type\":\"WebSite\",\"@id\":\"https:\\\/\\\/divertarte.com\\\/#website\",\"url\":\"https:\\\/\\\/divertarte.com\\\/\",\"name\":\"Divertarte\",\"description\":\"\",\"publisher\":{\"@id\":\"https:\\\/\\\/divertarte.com\\\/#organization\"},\"potentialAction\":[{\"@type\":\"SearchAction\",\"target\":{\"@type\":\"EntryPoint\",\"urlTemplate\":\"https:\\\/\\\/divertarte.com\\\/?s={search_term_string}\"},\"query-input\":{\"@type\":\"PropertyValueSpecification\",\"valueRequired\":true,\"valueName\":\"search_term_string\"}}],\"inLanguage\":\"pt-PT\"},{\"@type\":\"Organization\",\"@id\":\"https:\\\/\\\/divertarte.com\\\/#organization\",\"name\":\"Divertarte\",\"url\":\"https:\\\/\\\/divertarte.com\\\/\",\"logo\":{\"@type\":\"ImageObject\",\"inLanguage\":\"pt-PT\",\"@id\":\"https:\\\/\\\/divertarte.com\\\/#\\\/schema\\\/logo\\\/image\\\/\",\"url\":\"https:\\\/\\\/divertarte.com\\\/wp-content\\\/uploads\\\/2018\\\/07\\\/logo-div.jpg\",\"contentUrl\":\"https:\\\/\\\/divertarte.com\\\/wp-content\\\/uploads\\\/2018\\\/07\\\/logo-div.jpg\",\"width\":295,\"height\":123,\"caption\":\"Divertarte\"},\"image\":{\"@id\":\"https:\\\/\\\/divertarte.com\\\/#\\\/schema\\\/logo\\\/image\\\/\"}}]}<\/script>\n<!-- \/ Yoast SEO plugin. -->","yoast_head_json":{"title":"SABONETE TIRA CHEIROS ECO -","robots":{"index":"index","follow":"follow","max-snippet":"max-snippet:-1","max-image-preview":"max-image-preview:large","max-video-preview":"max-video-preview:-1"},"canonical":"https:\/\/divertarte.com\/index.php\/produto\/sabonete-tira-cheiros-eco\/","og_locale":"pt_PT","og_type":"article","og_title":"SABONETE TIRA CHEIROS ECO -","og_description":"Sab\u00e3o em a\u00e7o inoxid\u00e1vel, com este sab\u00e3o e um pouco de \u00e1gua \u00e9 poss\u00edvel eliminar os cheiros desagrad\u00e1veis que ficam nas m\u00e3os quando manipular elementos como cebola, alho, ou limpeza de peixe, carne, gasolina e que s\u00e3o dif\u00edceis de remover. Basta us\u00e1-lo como um sabonete normal. Deixe correr a \u00e1gua sobre ele enquanto o passa nas suas m\u00e3os. \u00c9 realmente eficaz, e surpreendente. O grande mist\u00e9rio deste produto \u00e9 n\u00e3o h\u00e1 nada melhor do que as propriedades do a\u00e7o inoxid\u00e1vel para remover o enxofre ingredientes emissores, como alho, cebola ou peixe.","og_url":"https:\/\/divertarte.com\/index.php\/produto\/sabonete-tira-cheiros-eco\/","article_modified_time":"2025-11-06T13:54:17+00:00","og_image":[{"width":558,"height":549,"url":"https:\/\/divertarte.com\/wp-content\/uploads\/2018\/05\/Sab_mag.jpg","type":"image\/jpeg"}],"twitter_card":"summary_large_image","twitter_misc":{"Tempo estimado de leitura":"1 minuto"},"schema":{"@context":"https:\/\/schema.org","@graph":[{"@type":"WebPage","@id":"https:\/\/divertarte.com\/index.php\/produto\/sabonete-tira-cheiros-eco\/","url":"https:\/\/divertarte.com\/index.php\/produto\/sabonete-tira-cheiros-eco\/","name":"SABONETE TIRA CHEIROS ECO -","isPartOf":{"@id":"https:\/\/divertarte.com\/#website"},"primaryImageOfPage":{"@id":"https:\/\/divertarte.com\/index.php\/produto\/sabonete-tira-cheiros-eco\/#primaryimage"},"image":{"@id":"https:\/\/divertarte.com\/index.php\/produto\/sabonete-tira-cheiros-eco\/#primaryimage"},"thumbnailUrl":"https:\/\/divertarte.com\/wp-content\/uploads\/2018\/05\/Sab_mag.jpg","datePublished":"2018-06-07T13:08:26+00:00","dateModified":"2025-11-06T13:54:17+00:00","breadcrumb":{"@id":"https:\/\/divertarte.com\/index.php\/produto\/sabonete-tira-cheiros-eco\/#breadcrumb"},"inLanguage":"pt-PT","potentialAction":[{"@type":"ReadAction","target":["https:\/\/divertarte.com\/index.php\/produto\/sabonete-tira-cheiros-eco\/"]}]},{"@type":"ImageObject","inLanguage":"pt-PT","@id":"https:\/\/divertarte.com\/index.php\/produto\/sabonete-tira-cheiros-eco\/#primaryimage","url":"https:\/\/divertarte.com\/wp-content\/uploads\/2018\/05\/Sab_mag.jpg","contentUrl":"https:\/\/divertarte.com\/wp-content\/uploads\/2018\/05\/Sab_mag.jpg","width":558,"height":549},{"@type":"BreadcrumbList","@id":"https:\/\/divertarte.com\/index.php\/produto\/sabonete-tira-cheiros-eco\/#breadcrumb","itemListElement":[{"@type":"ListItem","position":1,"name":"In\u00edcio","item":"https:\/\/divertarte.com\/"},{"@type":"ListItem","position":2,"name":"Loja","item":"https:\/\/divertarte.com\/index.php\/divertarte-produtos\/"},{"@type":"ListItem","position":3,"name":"SABONETE TIRA CHEIROS ECO"}]},{"@type":"WebSite","@id":"https:\/\/divertarte.com\/#website","url":"https:\/\/divertarte.com\/","name":"Divertarte","description":"","publisher":{"@id":"https:\/\/divertarte.com\/#organization"},"potentialAction":[{"@type":"SearchAction","target":{"@type":"EntryPoint","urlTemplate":"https:\/\/divertarte.com\/?s={search_term_string}"},"query-input":{"@type":"PropertyValueSpecification","valueRequired":true,"valueName":"search_term_string"}}],"inLanguage":"pt-PT"},{"@type":"Organization","@id":"https:\/\/divertarte.com\/#organization","name":"Divertarte","url":"https:\/\/divertarte.com\/","logo":{"@type":"ImageObject","inLanguage":"pt-PT","@id":"https:\/\/divertarte.com\/#\/schema\/logo\/image\/","url":"https:\/\/divertarte.com\/wp-content\/uploads\/2018\/07\/logo-div.jpg","contentUrl":"https:\/\/divertarte.com\/wp-content\/uploads\/2018\/07\/logo-div.jpg","width":295,"height":123,"caption":"Divertarte"},"image":{"@id":"https:\/\/divertarte.com\/#\/schema\/logo\/image\/"}}]}},"_links":{"self":[{"href":"https:\/\/divertarte.com\/index.php\/wp-json\/wp\/v2\/product\/3816","targetHints":{"allow":["GET"]}}],"collection":[{"href":"https:\/\/divertarte.com\/index.php\/wp-json\/wp\/v2\/product"}],"about":[{"href":"https:\/\/divertarte.com\/index.php\/wp-json\/wp\/v2\/types\/product"}],"replies":[{"embeddable":true,"href":"https:\/\/divertarte.com\/index.php\/wp-json\/wp\/v2\/comments?post=3816"}],"wp:featuredmedia":[{"embeddable":true,"href":"https:\/\/divertarte.com\/index.php\/wp-json\/wp\/v2\/media\/7416"}],"wp:attachment":[{"href":"https:\/\/divertarte.com\/index.php\/wp-json\/wp\/v2\/media?parent=3816"}],"wp:term":[{"taxonomy":"product_brand","embeddable":true,"href":"https:\/\/divertarte.com\/index.php\/wp-json\/wp\/v2\/product_brand?post=3816"},{"taxonomy":"product_cat","embeddable":true,"href":"https:\/\/divertarte.com\/index.php\/wp-json\/wp\/v2\/product_cat?post=3816"},{"taxonomy":"product_tag","embeddable":true,"href":"https:\/\/divertarte.com\/index.php\/wp-json\/wp\/v2\/product_tag?post=3816"}],"curies":[{"name":"wp","href":"https:\/\/api.w.org\/{rel}","templated":true}]}}