{"id":3769,"date":"2018-06-07T14:09:02","date_gmt":"2018-06-07T13:09:02","guid":{"rendered":"https:\/\/divertarte.com\/index.php\/produto\/trevo-4-folhas\/"},"modified":"2025-11-06T13:53:58","modified_gmt":"2025-11-06T13:53:58","slug":"trevo-4-folhas","status":"publish","type":"product","link":"https:\/\/divertarte.com\/index.php\/produto\/trevo-4-folhas\/","title":{"rendered":"TREVO 5 FOLHAS"},"content":{"rendered":"<p>CONJUNTO DE 3 CORTADORES TREVO DE 5 FOLHAS &#8211; CORTADORES COM EJETOR &#8211; EJECTOR PARA MASSAS &#8211; Produzido em material de alta qualidade, estes ejetores s\u00e3o pr\u00f3prios para o uso na culin\u00e1ria e confeitaria. Perfeito para produzir belas decora\u00e7\u00f5es com v\u00e1rios tipos de massa. Excelente tamb\u00e9m para trabalhos em artesanato com biscuit<\/p>\n","protected":false},"excerpt":{"rendered":"<p>CONJUNTO DE 3 CORTADORES TREVO DE 5 FOLHAS &#8211; CORTADORES COM EJETOR &#8211; EJECTOR PARA MASSAS &#8211; Produzido em material de alta qualidade, estes ejetores s\u00e3o pr\u00f3prios para o uso na culin\u00e1ria e confeitaria. Perfeito para produzir belas decora\u00e7\u00f5es com v\u00e1rios tipos de massa. Excelente tamb\u00e9m para trabalhos em artesanato com biscuit<\/p>\n","protected":false},"featured_media":7375,"comment_status":"closed","ping_status":"closed","template":"","meta":{"_exactmetrics_skip_tracking":false,"_exactmetrics_sitenote_active":false,"_exactmetrics_sitenote_note":"","_exactmetrics_sitenote_category":0},"product_brand":[],"product_cat":[15],"product_tag":[],"class_list":{"0":"post-3769","1":"product","2":"type-product","3":"status-publish","4":"has-post-thumbnail","6":"product_cat-ver-todos-os-produtos","8":"first","9":"instock","10":"taxable","11":"shipping-taxable","12":"purchasable","13":"product-type-simple"},"yoast_head":"<!-- This site is optimized with the Yoast SEO plugin v27.4 - https:\/\/yoast.com\/product\/yoast-seo-wordpress\/ -->\n<title>TREVO 5 FOLHAS -<\/title>\n<meta name=\"description\" content=\"CONJUNTO DE 3 CORTADORES TREVO DE 5 FOLHAS- CORTADORES COM EJETOR - EJECTOR PARA MASSAS\" \/>\n<meta name=\"robots\" content=\"index, follow, max-snippet:-1, max-image-preview:large, max-video-preview:-1\" \/>\n<link rel=\"canonical\" href=\"https:\/\/divertarte.com\/index.php\/produto\/trevo-4-folhas\/\" \/>\n<meta property=\"og:locale\" content=\"pt_PT\" \/>\n<meta property=\"og:type\" content=\"article\" \/>\n<meta property=\"og:title\" content=\"TREVO 5 FOLHAS -\" \/>\n<meta property=\"og:description\" content=\"CONJUNTO DE 3 CORTADORES TREVO DE 5 FOLHAS- CORTADORES COM EJETOR - EJECTOR PARA MASSAS\" \/>\n<meta property=\"og:url\" content=\"https:\/\/divertarte.com\/index.php\/produto\/trevo-4-folhas\/\" \/>\n<meta property=\"article:modified_time\" content=\"2025-11-06T13:53:58+00:00\" \/>\n<meta property=\"og:image\" content=\"https:\/\/divertarte.com\/wp-content\/uploads\/2018\/05\/cortadores_trevo_4_folhas.jpg\" \/>\n\t<meta property=\"og:image:width\" content=\"558\" \/>\n\t<meta property=\"og:image:height\" content=\"553\" \/>\n\t<meta property=\"og:image:type\" content=\"image\/jpeg\" \/>\n<meta name=\"twitter:card\" content=\"summary_large_image\" \/>\n<meta name=\"twitter:label1\" content=\"Tempo estimado de leitura\" \/>\n\t<meta name=\"twitter:data1\" content=\"1 minuto\" \/>\n<script type=\"application\/ld+json\" class=\"yoast-schema-graph\">{\"@context\":\"https:\\\/\\\/schema.org\",\"@graph\":[{\"@type\":\"WebPage\",\"@id\":\"https:\\\/\\\/divertarte.com\\\/index.php\\\/produto\\\/trevo-4-folhas\\\/\",\"url\":\"https:\\\/\\\/divertarte.com\\\/index.php\\\/produto\\\/trevo-4-folhas\\\/\",\"name\":\"TREVO 5 FOLHAS -\",\"isPartOf\":{\"@id\":\"https:\\\/\\\/divertarte.com\\\/#website\"},\"primaryImageOfPage\":{\"@id\":\"https:\\\/\\\/divertarte.com\\\/index.php\\\/produto\\\/trevo-4-folhas\\\/#primaryimage\"},\"image\":{\"@id\":\"https:\\\/\\\/divertarte.com\\\/index.php\\\/produto\\\/trevo-4-folhas\\\/#primaryimage\"},\"thumbnailUrl\":\"https:\\\/\\\/divertarte.com\\\/wp-content\\\/uploads\\\/2018\\\/05\\\/cortadores_trevo_4_folhas.jpg\",\"datePublished\":\"2018-06-07T13:09:02+00:00\",\"dateModified\":\"2025-11-06T13:53:58+00:00\",\"description\":\"CONJUNTO DE 3 CORTADORES TREVO DE 5 FOLHAS- CORTADORES COM EJETOR - EJECTOR PARA MASSAS\",\"breadcrumb\":{\"@id\":\"https:\\\/\\\/divertarte.com\\\/index.php\\\/produto\\\/trevo-4-folhas\\\/#breadcrumb\"},\"inLanguage\":\"pt-PT\",\"potentialAction\":[{\"@type\":\"ReadAction\",\"target\":[\"https:\\\/\\\/divertarte.com\\\/index.php\\\/produto\\\/trevo-4-folhas\\\/\"]}]},{\"@type\":\"ImageObject\",\"inLanguage\":\"pt-PT\",\"@id\":\"https:\\\/\\\/divertarte.com\\\/index.php\\\/produto\\\/trevo-4-folhas\\\/#primaryimage\",\"url\":\"https:\\\/\\\/divertarte.com\\\/wp-content\\\/uploads\\\/2018\\\/05\\\/cortadores_trevo_4_folhas.jpg\",\"contentUrl\":\"https:\\\/\\\/divertarte.com\\\/wp-content\\\/uploads\\\/2018\\\/05\\\/cortadores_trevo_4_folhas.jpg\",\"width\":558,\"height\":553},{\"@type\":\"BreadcrumbList\",\"@id\":\"https:\\\/\\\/divertarte.com\\\/index.php\\\/produto\\\/trevo-4-folhas\\\/#breadcrumb\",\"itemListElement\":[{\"@type\":\"ListItem\",\"position\":1,\"name\":\"In\u00edcio\",\"item\":\"https:\\\/\\\/divertarte.com\\\/\"},{\"@type\":\"ListItem\",\"position\":2,\"name\":\"Loja\",\"item\":\"https:\\\/\\\/divertarte.com\\\/index.php\\\/divertarte-produtos\\\/\"},{\"@type\":\"ListItem\",\"position\":3,\"name\":\"TREVO 5 FOLHAS\"}]},{\"@type\":\"WebSite\",\"@id\":\"https:\\\/\\\/divertarte.com\\\/#website\",\"url\":\"https:\\\/\\\/divertarte.com\\\/\",\"name\":\"Divertarte\",\"description\":\"\",\"publisher\":{\"@id\":\"https:\\\/\\\/divertarte.com\\\/#organization\"},\"potentialAction\":[{\"@type\":\"SearchAction\",\"target\":{\"@type\":\"EntryPoint\",\"urlTemplate\":\"https:\\\/\\\/divertarte.com\\\/?s={search_term_string}\"},\"query-input\":{\"@type\":\"PropertyValueSpecification\",\"valueRequired\":true,\"valueName\":\"search_term_string\"}}],\"inLanguage\":\"pt-PT\"},{\"@type\":\"Organization\",\"@id\":\"https:\\\/\\\/divertarte.com\\\/#organization\",\"name\":\"Divertarte\",\"url\":\"https:\\\/\\\/divertarte.com\\\/\",\"logo\":{\"@type\":\"ImageObject\",\"inLanguage\":\"pt-PT\",\"@id\":\"https:\\\/\\\/divertarte.com\\\/#\\\/schema\\\/logo\\\/image\\\/\",\"url\":\"https:\\\/\\\/divertarte.com\\\/wp-content\\\/uploads\\\/2018\\\/07\\\/logo-div.jpg\",\"contentUrl\":\"https:\\\/\\\/divertarte.com\\\/wp-content\\\/uploads\\\/2018\\\/07\\\/logo-div.jpg\",\"width\":295,\"height\":123,\"caption\":\"Divertarte\"},\"image\":{\"@id\":\"https:\\\/\\\/divertarte.com\\\/#\\\/schema\\\/logo\\\/image\\\/\"}}]}<\/script>\n<!-- \/ Yoast SEO plugin. -->","yoast_head_json":{"title":"TREVO 5 FOLHAS -","description":"CONJUNTO DE 3 CORTADORES TREVO DE 5 FOLHAS- CORTADORES COM EJETOR - EJECTOR PARA MASSAS","robots":{"index":"index","follow":"follow","max-snippet":"max-snippet:-1","max-image-preview":"max-image-preview:large","max-video-preview":"max-video-preview:-1"},"canonical":"https:\/\/divertarte.com\/index.php\/produto\/trevo-4-folhas\/","og_locale":"pt_PT","og_type":"article","og_title":"TREVO 5 FOLHAS -","og_description":"CONJUNTO DE 3 CORTADORES TREVO DE 5 FOLHAS- CORTADORES COM EJETOR - EJECTOR PARA MASSAS","og_url":"https:\/\/divertarte.com\/index.php\/produto\/trevo-4-folhas\/","article_modified_time":"2025-11-06T13:53:58+00:00","og_image":[{"width":558,"height":553,"url":"https:\/\/divertarte.com\/wp-content\/uploads\/2018\/05\/cortadores_trevo_4_folhas.jpg","type":"image\/jpeg"}],"twitter_card":"summary_large_image","twitter_misc":{"Tempo estimado de leitura":"1 minuto"},"schema":{"@context":"https:\/\/schema.org","@graph":[{"@type":"WebPage","@id":"https:\/\/divertarte.com\/index.php\/produto\/trevo-4-folhas\/","url":"https:\/\/divertarte.com\/index.php\/produto\/trevo-4-folhas\/","name":"TREVO 5 FOLHAS -","isPartOf":{"@id":"https:\/\/divertarte.com\/#website"},"primaryImageOfPage":{"@id":"https:\/\/divertarte.com\/index.php\/produto\/trevo-4-folhas\/#primaryimage"},"image":{"@id":"https:\/\/divertarte.com\/index.php\/produto\/trevo-4-folhas\/#primaryimage"},"thumbnailUrl":"https:\/\/divertarte.com\/wp-content\/uploads\/2018\/05\/cortadores_trevo_4_folhas.jpg","datePublished":"2018-06-07T13:09:02+00:00","dateModified":"2025-11-06T13:53:58+00:00","description":"CONJUNTO DE 3 CORTADORES TREVO DE 5 FOLHAS- CORTADORES COM EJETOR - EJECTOR PARA MASSAS","breadcrumb":{"@id":"https:\/\/divertarte.com\/index.php\/produto\/trevo-4-folhas\/#breadcrumb"},"inLanguage":"pt-PT","potentialAction":[{"@type":"ReadAction","target":["https:\/\/divertarte.com\/index.php\/produto\/trevo-4-folhas\/"]}]},{"@type":"ImageObject","inLanguage":"pt-PT","@id":"https:\/\/divertarte.com\/index.php\/produto\/trevo-4-folhas\/#primaryimage","url":"https:\/\/divertarte.com\/wp-content\/uploads\/2018\/05\/cortadores_trevo_4_folhas.jpg","contentUrl":"https:\/\/divertarte.com\/wp-content\/uploads\/2018\/05\/cortadores_trevo_4_folhas.jpg","width":558,"height":553},{"@type":"BreadcrumbList","@id":"https:\/\/divertarte.com\/index.php\/produto\/trevo-4-folhas\/#breadcrumb","itemListElement":[{"@type":"ListItem","position":1,"name":"In\u00edcio","item":"https:\/\/divertarte.com\/"},{"@type":"ListItem","position":2,"name":"Loja","item":"https:\/\/divertarte.com\/index.php\/divertarte-produtos\/"},{"@type":"ListItem","position":3,"name":"TREVO 5 FOLHAS"}]},{"@type":"WebSite","@id":"https:\/\/divertarte.com\/#website","url":"https:\/\/divertarte.com\/","name":"Divertarte","description":"","publisher":{"@id":"https:\/\/divertarte.com\/#organization"},"potentialAction":[{"@type":"SearchAction","target":{"@type":"EntryPoint","urlTemplate":"https:\/\/divertarte.com\/?s={search_term_string}"},"query-input":{"@type":"PropertyValueSpecification","valueRequired":true,"valueName":"search_term_string"}}],"inLanguage":"pt-PT"},{"@type":"Organization","@id":"https:\/\/divertarte.com\/#organization","name":"Divertarte","url":"https:\/\/divertarte.com\/","logo":{"@type":"ImageObject","inLanguage":"pt-PT","@id":"https:\/\/divertarte.com\/#\/schema\/logo\/image\/","url":"https:\/\/divertarte.com\/wp-content\/uploads\/2018\/07\/logo-div.jpg","contentUrl":"https:\/\/divertarte.com\/wp-content\/uploads\/2018\/07\/logo-div.jpg","width":295,"height":123,"caption":"Divertarte"},"image":{"@id":"https:\/\/divertarte.com\/#\/schema\/logo\/image\/"}}]}},"_links":{"self":[{"href":"https:\/\/divertarte.com\/index.php\/wp-json\/wp\/v2\/product\/3769","targetHints":{"allow":["GET"]}}],"collection":[{"href":"https:\/\/divertarte.com\/index.php\/wp-json\/wp\/v2\/product"}],"about":[{"href":"https:\/\/divertarte.com\/index.php\/wp-json\/wp\/v2\/types\/product"}],"replies":[{"embeddable":true,"href":"https:\/\/divertarte.com\/index.php\/wp-json\/wp\/v2\/comments?post=3769"}],"wp:featuredmedia":[{"embeddable":true,"href":"https:\/\/divertarte.com\/index.php\/wp-json\/wp\/v2\/media\/7375"}],"wp:attachment":[{"href":"https:\/\/divertarte.com\/index.php\/wp-json\/wp\/v2\/media?parent=3769"}],"wp:term":[{"taxonomy":"product_brand","embeddable":true,"href":"https:\/\/divertarte.com\/index.php\/wp-json\/wp\/v2\/product_brand?post=3769"},{"taxonomy":"product_cat","embeddable":true,"href":"https:\/\/divertarte.com\/index.php\/wp-json\/wp\/v2\/product_cat?post=3769"},{"taxonomy":"product_tag","embeddable":true,"href":"https:\/\/divertarte.com\/index.php\/wp-json\/wp\/v2\/product_tag?post=3769"}],"curies":[{"name":"wp","href":"https:\/\/api.w.org\/{rel}","templated":true}]}}